{"id":36985,"date":"2026-03-31T18:54:40","date_gmt":"2026-03-31T16:54:40","guid":{"rendered":"https:\/\/yoestudiosalud.es\/producto\/lampe-stylo-ri-pen-riester\/"},"modified":"2026-03-31T18:54:40","modified_gmt":"2026-03-31T16:54:40","slug":"lampe-stylo-ri-pen-riester","status":"publish","type":"product","link":"https:\/\/yoestudiosalud.es\/fr\/produit\/lampe-stylo-ri-pen-riester\/","title":{"rendered":"LAMPE STYLO RI-PEN RIESTER"},"content":{"rendered":"<p data-start=\"30\" data-end=\"580\">La lampe stylo Riester Ri-Pen est un instrument m\u00e9dical largement utilis\u00e9 dans le domaine de la sant\u00e9 pour sa praticit\u00e9 et sa pr\u00e9cision. Il s\u2019agit d\u2019une lampe de diagnostic sp\u00e9cialement con\u00e7ue pour l\u2019examen des r\u00e9flexes pupillaires, l\u2019observation de la cavit\u00e9 buccale et d\u2019autres examens de base n\u00e9cessitant une source de lumi\u00e8re claire et focalis\u00e9e. Sa taille compacte et son design ergonomique permettent aux professionnels de sant\u00e9 de la transporter facilement dans la poche de leur blouse, ce qui en fait un outil essentiel au quotidien clinique.<\/p>\n<p data-start=\"582\" data-end=\"1042\">L\u2019une des principales caract\u00e9ristiques du Ri-Pen est son \u00e9clairage de haute qualit\u00e9, qui fournit une lumi\u00e8re blanche et uniforme. Cela est essentiel pour garantir une \u00e9valuation correcte du patient, car un \u00e9clairage insuffisant pourrait rendre difficile la d\u00e9tection d\u2019anomalies. De plus, son syst\u00e8me d\u2019allumage est g\u00e9n\u00e9ralement simple et rapide, ce qui facilite son utilisation en situation d\u2019urgence ou lors de consultations avec un grand nombre de patients.<\/p>\n<p data-start=\"1044\" data-end=\"1487\">Un autre aspect remarquable est sa durabilit\u00e9. Fabriqu\u00e9e avec des mat\u00e9riaux r\u00e9sistants, la lampe stylo Riester Ri-Pen est con\u00e7ue pour supporter une utilisation continue sans perdre en efficacit\u00e9. Cela en fait un investissement fiable pour les h\u00f4pitaux, les cliniques et les cabinets m\u00e9dicaux. De plus, son entretien est minimal, ce qui ajoute une valeur suppl\u00e9mentaire pour les professionnels recherchant des instruments pratiques et durables.<\/p>\n<p data-start=\"1489\" data-end=\"1511\"><strong data-start=\"1489\" data-end=\"1511\">Caract\u00e9ristiques :<\/strong><\/p>\n<ul data-start=\"1513\" data-end=\"1993\" data-is-last-node=\"\" data-is-only-node=\"\">\n<li data-section-id=\"rnxpwd\" data-start=\"1513\" data-end=\"1569\">\u00c9clairage LED 3V (5 500 Kelvin \/ 24 000 Lux maximum)<\/li>\n<li data-section-id=\"mywtfb\" data-start=\"1570\" data-end=\"1615\">Bo\u00eetier en aluminium avec clip m\u00e9tallique<\/li>\n<li data-section-id=\"fwta9b\" data-start=\"1616\" data-end=\"1633\">D\u00e9sinfectable<\/li>\n<li data-section-id=\"1dhhpzh\" data-start=\"1634\" data-end=\"1707\">Interrupteur m\u00e9tallique avec clip de fixation pour la blouse m\u00e9dicale<\/li>\n<li data-section-id=\"1ly0bhr\" data-start=\"1708\" data-end=\"1784\">Fonction marche\/arr\u00eat activ\u00e9e par simple contact avec le clip m\u00e9tallique<\/li>\n<li data-section-id=\"1eqvnrh\" data-start=\"1785\" data-end=\"1867\">Champ lumineux d\u2019environ 40 mm de diam\u00e8tre \u00e0 une distance allant jusqu\u2019\u00e0 15 cm<\/li>\n<li data-section-id=\"hfp5ix\" data-start=\"1868\" data-end=\"1917\">Fonctionne avec 2 piles AAA alcalines \/ 1,5 V<\/li>\n<li data-section-id=\"bb5a5w\" data-start=\"1918\" data-end=\"1936\">Couleur argent<\/li>\n<li data-section-id=\"n8509\" data-start=\"1937\" data-end=\"1975\">\u00c9conomique et d\u2019excellente qualit\u00e9<\/li>\n<li data-section-id=\"1fw55lh\" data-start=\"1976\" data-end=\"1993\" data-is-last-node=\"\">Mod\u00e8le 5074-526<\/li>\n<\/ul>\n","protected":false},"excerpt":{"rendered":"<p>La lampe stylo Riester Ri-Pen est une lampe de diagnostic avec \u00e9clairage LED, d\u00e9sinfectable, dot\u00e9e d\u2019un champ lumineux am\u00e9lior\u00e9 gr\u00e2ce \u00e0 un \u00e9clairage central. Elle est pratique et d\u2019une aide extraordinaire pour r\u00e9aliser des diagnostics m\u00e9dicaux pr\u00e9cis. Couleur argent.<\/p>\n","protected":false},"featured_media":37000,"template":"","meta":[],"product_brand":[],"product_cat":[723,718,719,721],"product_tag":[],"class_list":{"0":"post-36985","1":"product","2":"type-product","3":"status-publish","4":"has-post-thumbnail","6":"product_cat-equipmentm-fr","7":"product_cat-medicine-fr","8":"product_cat-veterinaire-fr","9":"product_cat-diagnosticv-fr","11":"first","12":"instock","13":"taxable","14":"shipping-taxable","15":"purchasable","16":"product-type-simple"},"yoast_head":"<!-- This site is optimized with the Yoast SEO Premium plugin v27.0 (Yoast SEO v27.4) - https:\/\/yoast.com\/product\/yoast-seo-premium-wordpress\/ -->\n<title>LAMPE STYLO RI-PEN RIESTER - yoestudiosalud.es<\/title>\n<meta name=\"description\" content=\"Riester linterna Ri-pen es una l\u00e1mpara para diagn\u00f3stico con iluminaci\u00f3n Led . Excelente calidad y resistencia . C\u00f3mprala online en Yoestudiosalud.es\" \/>\n<meta name=\"robots\" content=\"index, follow, max-snippet:-1, max-image-preview:large, max-video-preview:-1\" \/>\n<link rel=\"canonical\" href=\"https:\/\/yoestudiosalud.es\/producto\/riester-linterna-ri-pen\/\" \/>\n<meta property=\"og:locale\" content=\"fr_FR\" \/>\n<meta property=\"og:type\" content=\"article\" \/>\n<meta property=\"og:title\" content=\"LAMPE STYLO RI-PEN RIESTER\" \/>\n<meta property=\"og:description\" content=\"Riester linterna Ri-pen es una l\u00e1mpara para diagn\u00f3stico con iluminaci\u00f3n Led . Excelente calidad y resistencia . C\u00f3mprala online en Yoestudiosalud.es\" \/>\n<meta property=\"og:url\" content=\"https:\/\/yoestudiosalud.es\/producto\/riester-linterna-ri-pen\/\" \/>\n<meta property=\"og:site_name\" content=\"yoestudiosalud.es\" \/>\n<meta name=\"twitter:card\" content=\"summary_large_image\" \/>\n<meta name=\"twitter:label1\" content=\"Dur\u00e9e de lecture estim\u00e9e\" \/>\n\t<meta name=\"twitter:data1\" content=\"2 minutes\" \/>\n<script type=\"application\/ld+json\" class=\"yoast-schema-graph\">{\"@context\":\"https:\\\/\\\/schema.org\",\"@graph\":[{\"@type\":\"WebPage\",\"@id\":\"https:\\\/\\\/yoestudiosalud.es\\\/producto\\\/riester-linterna-ri-pen\\\/\",\"url\":\"https:\\\/\\\/yoestudiosalud.es\\\/producto\\\/riester-linterna-ri-pen\\\/\",\"name\":\"LAMPE STYLO RI-PEN RIESTER - yoestudiosalud.es\",\"isPartOf\":{\"@id\":\"https:\\\/\\\/yoestudiosalud.es\\\/en\\\/#website\"},\"primaryImageOfPage\":{\"@id\":\"https:\\\/\\\/yoestudiosalud.es\\\/producto\\\/riester-linterna-ri-pen\\\/#primaryimage\"},\"image\":{\"@id\":\"https:\\\/\\\/yoestudiosalud.es\\\/producto\\\/riester-linterna-ri-pen\\\/#primaryimage\"},\"thumbnailUrl\":\"https:\\\/\\\/yoestudiosalud.es\\\/wp-content\\\/uploads\\\/2026\\\/03\\\/062238.webp\",\"datePublished\":\"2026-03-31T16:54:40+00:00\",\"description\":\"Riester linterna Ri-pen es una l\u00e1mpara para diagn\u00f3stico con iluminaci\u00f3n Led . Excelente calidad y resistencia . C\u00f3mprala online en Yoestudiosalud.es\",\"breadcrumb\":{\"@id\":\"https:\\\/\\\/yoestudiosalud.es\\\/producto\\\/riester-linterna-ri-pen\\\/#breadcrumb\"},\"inLanguage\":\"fr-FR\",\"potentialAction\":[{\"@type\":\"ReadAction\",\"target\":[\"https:\\\/\\\/yoestudiosalud.es\\\/producto\\\/riester-linterna-ri-pen\\\/\"]}]},{\"@type\":\"ImageObject\",\"inLanguage\":\"fr-FR\",\"@id\":\"https:\\\/\\\/yoestudiosalud.es\\\/producto\\\/riester-linterna-ri-pen\\\/#primaryimage\",\"url\":\"https:\\\/\\\/yoestudiosalud.es\\\/wp-content\\\/uploads\\\/2026\\\/03\\\/062238.webp\",\"contentUrl\":\"https:\\\/\\\/yoestudiosalud.es\\\/wp-content\\\/uploads\\\/2026\\\/03\\\/062238.webp\",\"width\":650,\"height\":650},{\"@type\":\"BreadcrumbList\",\"@id\":\"https:\\\/\\\/yoestudiosalud.es\\\/producto\\\/riester-linterna-ri-pen\\\/#breadcrumb\",\"itemListElement\":[{\"@type\":\"ListItem\",\"position\":1,\"name\":\"Portada\",\"item\":\"https:\\\/\\\/yoestudiosalud.es\\\/fr\\\/\"},{\"@type\":\"ListItem\",\"position\":2,\"name\":\"Boutique\",\"item\":\"https:\\\/\\\/yoestudiosalud.es\\\/fr\\\/boutique\\\/\"},{\"@type\":\"ListItem\",\"position\":3,\"name\":\"LAMPE STYLO RI-PEN RIESTER\"}]},{\"@type\":\"WebSite\",\"@id\":\"https:\\\/\\\/yoestudiosalud.es\\\/en\\\/#website\",\"url\":\"https:\\\/\\\/yoestudiosalud.es\\\/en\\\/\",\"name\":\"yoestudiosalud.es\",\"description\":\"Material para estudiantes del sector salud\",\"publisher\":{\"@id\":\"https:\\\/\\\/yoestudiosalud.es\\\/en\\\/#organization\"},\"potentialAction\":[{\"@type\":\"SearchAction\",\"target\":{\"@type\":\"EntryPoint\",\"urlTemplate\":\"https:\\\/\\\/yoestudiosalud.es\\\/en\\\/?s={search_term_string}\"},\"query-input\":{\"@type\":\"PropertyValueSpecification\",\"valueRequired\":true,\"valueName\":\"search_term_string\"}}],\"inLanguage\":\"fr-FR\"},{\"@type\":\"Organization\",\"@id\":\"https:\\\/\\\/yoestudiosalud.es\\\/en\\\/#organization\",\"name\":\"yoestudiosalud.es\",\"url\":\"https:\\\/\\\/yoestudiosalud.es\\\/en\\\/\",\"logo\":{\"@type\":\"ImageObject\",\"inLanguage\":\"fr-FR\",\"@id\":\"https:\\\/\\\/yoestudiosalud.es\\\/en\\\/#\\\/schema\\\/logo\\\/image\\\/\",\"url\":\"https:\\\/\\\/yoestudiosalud.es\\\/wp-content\\\/uploads\\\/2020\\\/04\\\/logonew-e1698080827687.png\",\"contentUrl\":\"https:\\\/\\\/yoestudiosalud.es\\\/wp-content\\\/uploads\\\/2020\\\/04\\\/logonew-e1698080827687.png\",\"width\":421,\"height\":393,\"caption\":\"yoestudiosalud.es\"},\"image\":{\"@id\":\"https:\\\/\\\/yoestudiosalud.es\\\/en\\\/#\\\/schema\\\/logo\\\/image\\\/\"}}]}<\/script>\n<!-- \/ Yoast SEO Premium plugin. -->","yoast_head_json":{"title":"LAMPE STYLO RI-PEN RIESTER - yoestudiosalud.es","description":"Riester linterna Ri-pen es una l\u00e1mpara para diagn\u00f3stico con iluminaci\u00f3n Led . Excelente calidad y resistencia . C\u00f3mprala online en Yoestudiosalud.es","robots":{"index":"index","follow":"follow","max-snippet":"max-snippet:-1","max-image-preview":"max-image-preview:large","max-video-preview":"max-video-preview:-1"},"canonical":"https:\/\/yoestudiosalud.es\/producto\/riester-linterna-ri-pen\/","og_locale":"fr_FR","og_type":"article","og_title":"LAMPE STYLO RI-PEN RIESTER","og_description":"Riester linterna Ri-pen es una l\u00e1mpara para diagn\u00f3stico con iluminaci\u00f3n Led . Excelente calidad y resistencia . C\u00f3mprala online en Yoestudiosalud.es","og_url":"https:\/\/yoestudiosalud.es\/producto\/riester-linterna-ri-pen\/","og_site_name":"yoestudiosalud.es","twitter_card":"summary_large_image","twitter_misc":{"Dur\u00e9e de lecture estim\u00e9e":"2 minutes"},"schema":{"@context":"https:\/\/schema.org","@graph":[{"@type":"WebPage","@id":"https:\/\/yoestudiosalud.es\/producto\/riester-linterna-ri-pen\/","url":"https:\/\/yoestudiosalud.es\/producto\/riester-linterna-ri-pen\/","name":"LAMPE STYLO RI-PEN RIESTER - yoestudiosalud.es","isPartOf":{"@id":"https:\/\/yoestudiosalud.es\/en\/#website"},"primaryImageOfPage":{"@id":"https:\/\/yoestudiosalud.es\/producto\/riester-linterna-ri-pen\/#primaryimage"},"image":{"@id":"https:\/\/yoestudiosalud.es\/producto\/riester-linterna-ri-pen\/#primaryimage"},"thumbnailUrl":"https:\/\/yoestudiosalud.es\/wp-content\/uploads\/2026\/03\/062238.webp","datePublished":"2026-03-31T16:54:40+00:00","description":"Riester linterna Ri-pen es una l\u00e1mpara para diagn\u00f3stico con iluminaci\u00f3n Led . Excelente calidad y resistencia . C\u00f3mprala online en Yoestudiosalud.es","breadcrumb":{"@id":"https:\/\/yoestudiosalud.es\/producto\/riester-linterna-ri-pen\/#breadcrumb"},"inLanguage":"fr-FR","potentialAction":[{"@type":"ReadAction","target":["https:\/\/yoestudiosalud.es\/producto\/riester-linterna-ri-pen\/"]}]},{"@type":"ImageObject","inLanguage":"fr-FR","@id":"https:\/\/yoestudiosalud.es\/producto\/riester-linterna-ri-pen\/#primaryimage","url":"https:\/\/yoestudiosalud.es\/wp-content\/uploads\/2026\/03\/062238.webp","contentUrl":"https:\/\/yoestudiosalud.es\/wp-content\/uploads\/2026\/03\/062238.webp","width":650,"height":650},{"@type":"BreadcrumbList","@id":"https:\/\/yoestudiosalud.es\/producto\/riester-linterna-ri-pen\/#breadcrumb","itemListElement":[{"@type":"ListItem","position":1,"name":"Portada","item":"https:\/\/yoestudiosalud.es\/fr\/"},{"@type":"ListItem","position":2,"name":"Boutique","item":"https:\/\/yoestudiosalud.es\/fr\/boutique\/"},{"@type":"ListItem","position":3,"name":"LAMPE STYLO RI-PEN RIESTER"}]},{"@type":"WebSite","@id":"https:\/\/yoestudiosalud.es\/en\/#website","url":"https:\/\/yoestudiosalud.es\/en\/","name":"yoestudiosalud.es","description":"Material para estudiantes del sector salud","publisher":{"@id":"https:\/\/yoestudiosalud.es\/en\/#organization"},"potentialAction":[{"@type":"SearchAction","target":{"@type":"EntryPoint","urlTemplate":"https:\/\/yoestudiosalud.es\/en\/?s={search_term_string}"},"query-input":{"@type":"PropertyValueSpecification","valueRequired":true,"valueName":"search_term_string"}}],"inLanguage":"fr-FR"},{"@type":"Organization","@id":"https:\/\/yoestudiosalud.es\/en\/#organization","name":"yoestudiosalud.es","url":"https:\/\/yoestudiosalud.es\/en\/","logo":{"@type":"ImageObject","inLanguage":"fr-FR","@id":"https:\/\/yoestudiosalud.es\/en\/#\/schema\/logo\/image\/","url":"https:\/\/yoestudiosalud.es\/wp-content\/uploads\/2020\/04\/logonew-e1698080827687.png","contentUrl":"https:\/\/yoestudiosalud.es\/wp-content\/uploads\/2020\/04\/logonew-e1698080827687.png","width":421,"height":393,"caption":"yoestudiosalud.es"},"image":{"@id":"https:\/\/yoestudiosalud.es\/en\/#\/schema\/logo\/image\/"}}]}},"_links":{"self":[{"href":"https:\/\/yoestudiosalud.es\/fr\/wp-json\/wp\/v2\/product\/36985","targetHints":{"allow":["GET"]}}],"collection":[{"href":"https:\/\/yoestudiosalud.es\/fr\/wp-json\/wp\/v2\/product"}],"about":[{"href":"https:\/\/yoestudiosalud.es\/fr\/wp-json\/wp\/v2\/types\/product"}],"wp:featuredmedia":[{"embeddable":true,"href":"https:\/\/yoestudiosalud.es\/fr\/wp-json\/wp\/v2\/media\/37000"}],"wp:attachment":[{"href":"https:\/\/yoestudiosalud.es\/fr\/wp-json\/wp\/v2\/media?parent=36985"}],"wp:term":[{"taxonomy":"product_brand","embeddable":true,"href":"https:\/\/yoestudiosalud.es\/fr\/wp-json\/wp\/v2\/product_brand?post=36985"},{"taxonomy":"product_cat","embeddable":true,"href":"https:\/\/yoestudiosalud.es\/fr\/wp-json\/wp\/v2\/product_cat?post=36985"},{"taxonomy":"product_tag","embeddable":true,"href":"https:\/\/yoestudiosalud.es\/fr\/wp-json\/wp\/v2\/product_tag?post=36985"}],"curies":[{"name":"wp","href":"https:\/\/api.w.org\/{rel}","templated":true}]}}