{"id":36870,"date":"2026-03-03T12:27:00","date_gmt":"2026-03-03T11:27:00","guid":{"rendered":"https:\/\/yoestudiosalud.es\/producto\/bioart-fourchette-et-arc-facial-standard\/"},"modified":"2026-03-03T14:28:08","modified_gmt":"2026-03-03T13:28:08","slug":"bioart-fourchette-et-arc-facial-standard","status":"publish","type":"product","link":"https:\/\/yoestudiosalud.es\/fr\/produit\/bioart-fourchette-et-arc-facial-standard\/","title":{"rendered":"Bioart \u2013 Fourchette et arc facial standard"},"content":{"rendered":"<p data-start=\"0\" data-end=\"460\">L\u2019arc facial standard est un instrument qui enregistre la position spatiale du maxillaire sup\u00e9rieur par rapport \u00e0 l\u2019axe de rotation de la mandibule et aux points anatomiques de r\u00e9f\u00e9rence du cr\u00e2ne. Sa fonction principale est de transf\u00e9rer ces informations vers l\u2019articulateur, o\u00f9 seront mont\u00e9s les mod\u00e8les d\u2019\u00e9tude. De cette mani\u00e8re, la marge d\u2019erreur lors de la r\u00e9alisation de proth\u00e8ses, de restaurations ou de traitements de r\u00e9habilitation orale est r\u00e9duite.<\/p>\n<p data-start=\"462\" data-end=\"862\">La fourchette Bioart pour arc facial standard est la partie qui s\u2019adapte \u00e0 l\u2019arcade sup\u00e9rieure du patient. Elle est g\u00e9n\u00e9ralement recouverte d\u2019un mat\u00e9riau d\u2019enregistrement, comme de la cire ou du silicone, afin de capter avec pr\u00e9cision la relation du maxillaire. Une fois correctement positionn\u00e9e en bouche, elle est fix\u00e9e \u00e0 l\u2019arc facial, assurant la stabilit\u00e9 pendant la proc\u00e9dure d\u2019enregistrement.<\/p>\n<p data-start=\"864\" data-end=\"1331\">L\u2019utilisation ad\u00e9quate de l\u2019arc facial standard, avec toutes ses pi\u00e8ces comme la fourchette Bioart pour arc facial standard, offre de nombreux avantages cliniques. Elle permet de reproduire des mouvements mandibulaires plus proches de la r\u00e9alit\u00e9 du patient, am\u00e9liore l\u2019occlusion finale des proth\u00e8ses et r\u00e9duit les ajustements ult\u00e9rieurs. De plus, elle contribue \u00e0 l\u2019harmonie fonctionnelle du syst\u00e8me stomatognathique, favorisant le confort et la sant\u00e9 \u00e0 long terme.<\/p>\n<p data-start=\"1333\" data-end=\"1622\">En conclusion, dans l\u2019approche de l\u2019articulateur Bioart, la fourchette et l\u2019arc facial standard constituent des outils essentiels pour garantir pr\u00e9cision, fonctionnalit\u00e9 et qualit\u00e9 dans les traitements odontologiques, en int\u00e9grant science et technique au service du bien-\u00eatre du patient.<\/p>\n<p data-start=\"1624\" data-end=\"1717\">La fourchette faciale est \u00e9galement connue sous le nom de tenon ou tenedor de l\u2019arc facial.<\/p>\n<p data-start=\"1719\" data-end=\"1780\" data-is-last-node=\"\" data-is-only-node=\"\">R\u00e9f\u00e9rence Bioart fourchette arc facial standard : 010102-517.<\/p>\n","protected":false},"excerpt":{"rendered":"<div class=\"flex flex-col text-sm pb-25\">\n<article class=\"text-token-text-primary w-full focus:outline-none [--shadow-height:45px] has-data-writing-block:pointer-events-none has-data-writing-block:-mt-(--shadow-height) has-data-writing-block:pt-(--shadow-height) [&amp;:has([data-writing-block])&gt;*]:pointer-events-auto scroll-mt-[calc(var(--header-height)+min(200px,max(70px,20svh)))]\" dir=\"auto\" tabindex=\"-1\" data-turn-id=\"request-WEB:4de8b35f-b641-4fc1-865d-4f5c4d705e4f-5\" data-testid=\"conversation-turn-12\" data-scroll-anchor=\"true\" data-turn=\"assistant\">\n<div class=\"text-base my-auto mx-auto pb-10 [--thread-content-margin:--spacing(4)] @w-sm\/main:[--thread-content-margin:--spacing(6)] @w-lg\/main:[--thread-content-margin:--spacing(16)] px-(--thread-content-margin)\">\n<div class=\"[--thread-content-max-width:40rem] @w-lg\/main:[--thread-content-max-width:48rem] mx-auto max-w-(--thread-content-max-width) flex-1 group\/turn-messages focus-visible:outline-hidden relative flex w-full min-w-0 flex-col agent-turn\" tabindex=\"-1\">\n<div class=\"flex max-w-full flex-col grow\">\n<div class=\"min-h-8 text-message relative flex w-full flex-col items-end gap-2 text-start break-words whitespace-normal [.text-message+&amp;]:mt-1\" dir=\"auto\" data-message-author-role=\"assistant\" data-message-id=\"a1958282-034e-4949-91e0-bc0567f18015\" data-message-model-slug=\"gpt-5-2\">\n<div class=\"flex w-full flex-col gap-1 empty:hidden first:pt-[1px]\">\n<div class=\"markdown prose dark:prose-invert w-full wrap-break-word light markdown-new-styling\">\n<p data-start=\"0\" data-end=\"402\" data-is-last-node=\"\" data-is-only-node=\"\">La fourchette Bioart pour arc facial standard est la partie qui s\u2019adapte \u00e0 l\u2019arcade sup\u00e9rieure du patient. Elle est g\u00e9n\u00e9ralement recouverte d\u2019un mat\u00e9riau d\u2019enregistrement, comme de la cire ou du silicone, ce qui permet de capter avec pr\u00e9cision la relation du maxillaire. Une fois correctement plac\u00e9e en bouche, elle est fix\u00e9e \u00e0 l\u2019arc facial, assurant la stabilit\u00e9 pendant la proc\u00e9dure d\u2019enregistrement.<\/p>\n<\/div>\n<\/div>\n<\/div>\n<\/div>\n<div class=\"z-0 flex min-h-[46px] justify-start\"><\/div>\n<div class=\"mt-3 w-full empty:hidden\">\n<div class=\"text-center\"><\/div>\n<\/div>\n<\/div>\n<\/div>\n<\/article>\n<\/div>\n<div class=\"pointer-events-none h-px w-px absolute bottom-0\" aria-hidden=\"true\" data-edge=\"true\"><\/div>\n","protected":false},"featured_media":36877,"template":"","meta":[],"product_brand":[],"product_cat":[717],"product_tag":[],"class_list":{"0":"post-36870","1":"product","2":"type-product","3":"status-publish","4":"has-post-thumbnail","6":"product_cat-articulateurs-fr","8":"first","9":"instock","10":"taxable","11":"shipping-taxable","12":"purchasable","13":"product-type-simple"},"yoast_head":"<!-- This site is optimized with the Yoast SEO Premium plugin v27.0 (Yoast SEO v27.2) - https:\/\/yoast.com\/product\/yoast-seo-premium-wordpress\/ -->\n<title>Bioart \u2013 Fourchette et arc facial standard - yoestudiosalud.es<\/title>\n<meta name=\"description\" content=\"La fourchette Bioart pour arc facial standard est la partie qui s\u2019adapte \u00e0 l\u2019arcade sup\u00e9rieure du patient pour la prise d\u2019enregistrement.\" \/>\n<meta name=\"robots\" content=\"index, follow, max-snippet:-1, max-image-preview:large, max-video-preview:-1\" \/>\n<link rel=\"canonical\" href=\"https:\/\/yoestudiosalud.es\/fr\/produit\/bioart-fourchette-et-arc-facial-standard\/\" \/>\n<meta property=\"og:locale\" content=\"fr_FR\" \/>\n<meta property=\"og:type\" content=\"article\" \/>\n<meta property=\"og:title\" content=\"Bioart \u2013 Fourchette et arc facial standard\" \/>\n<meta property=\"og:description\" content=\"La fourchette Bioart pour arc facial standard est la partie qui s\u2019adapte \u00e0 l\u2019arcade sup\u00e9rieure du patient pour la prise d\u2019enregistrement.\" \/>\n<meta property=\"og:url\" content=\"https:\/\/yoestudiosalud.es\/fr\/produit\/bioart-fourchette-et-arc-facial-standard\/\" \/>\n<meta property=\"og:site_name\" content=\"yoestudiosalud.es\" \/>\n<meta property=\"article:modified_time\" content=\"2026-03-03T13:28:08+00:00\" \/>\n<meta property=\"og:image\" content=\"https:\/\/yoestudiosalud.es\/wp-content\/uploads\/2026\/03\/062228.webp\" \/>\n\t<meta property=\"og:image:width\" content=\"650\" \/>\n\t<meta property=\"og:image:height\" content=\"650\" \/>\n\t<meta property=\"og:image:type\" content=\"image\/webp\" \/>\n<meta name=\"twitter:card\" content=\"summary_large_image\" \/>\n<meta name=\"twitter:label1\" content=\"Dur\u00e9e de lecture estim\u00e9e\" \/>\n\t<meta name=\"twitter:data1\" content=\"2 minutes\" \/>\n<script type=\"application\/ld+json\" class=\"yoast-schema-graph\">{\"@context\":\"https:\/\/schema.org\",\"@graph\":[{\"@type\":\"WebPage\",\"@id\":\"https:\/\/yoestudiosalud.es\/fr\/produit\/bioart-fourchette-et-arc-facial-standard\/\",\"url\":\"https:\/\/yoestudiosalud.es\/fr\/produit\/bioart-fourchette-et-arc-facial-standard\/\",\"name\":\"Bioart \u2013 Fourchette et arc facial standard - yoestudiosalud.es\",\"isPartOf\":{\"@id\":\"https:\/\/yoestudiosalud.es\/en\/#website\"},\"primaryImageOfPage\":{\"@id\":\"https:\/\/yoestudiosalud.es\/fr\/produit\/bioart-fourchette-et-arc-facial-standard\/#primaryimage\"},\"image\":{\"@id\":\"https:\/\/yoestudiosalud.es\/fr\/produit\/bioart-fourchette-et-arc-facial-standard\/#primaryimage\"},\"thumbnailUrl\":\"https:\/\/yoestudiosalud.es\/wp-content\/uploads\/2026\/03\/062228.webp\",\"datePublished\":\"2026-03-03T11:27:00+00:00\",\"dateModified\":\"2026-03-03T13:28:08+00:00\",\"description\":\"La fourchette Bioart pour arc facial standard est la partie qui s\u2019adapte \u00e0 l\u2019arcade sup\u00e9rieure du patient pour la prise d\u2019enregistrement.\",\"breadcrumb\":{\"@id\":\"https:\/\/yoestudiosalud.es\/fr\/produit\/bioart-fourchette-et-arc-facial-standard\/#breadcrumb\"},\"inLanguage\":\"fr-FR\",\"potentialAction\":[{\"@type\":\"ReadAction\",\"target\":[\"https:\/\/yoestudiosalud.es\/fr\/produit\/bioart-fourchette-et-arc-facial-standard\/\"]}]},{\"@type\":\"ImageObject\",\"inLanguage\":\"fr-FR\",\"@id\":\"https:\/\/yoestudiosalud.es\/fr\/produit\/bioart-fourchette-et-arc-facial-standard\/#primaryimage\",\"url\":\"https:\/\/yoestudiosalud.es\/wp-content\/uploads\/2026\/03\/062228.webp\",\"contentUrl\":\"https:\/\/yoestudiosalud.es\/wp-content\/uploads\/2026\/03\/062228.webp\",\"width\":650,\"height\":650,\"caption\":\"BIOART HORQUILLA ARCO FACIAL STANDAR\"},{\"@type\":\"BreadcrumbList\",\"@id\":\"https:\/\/yoestudiosalud.es\/fr\/produit\/bioart-fourchette-et-arc-facial-standard\/#breadcrumb\",\"itemListElement\":[{\"@type\":\"ListItem\",\"position\":1,\"name\":\"Portada\",\"item\":\"https:\/\/yoestudiosalud.es\/fr\/\"},{\"@type\":\"ListItem\",\"position\":2,\"name\":\"Boutique\",\"item\":\"https:\/\/yoestudiosalud.es\/fr\/boutique\/\"},{\"@type\":\"ListItem\",\"position\":3,\"name\":\"Bioart \u2013 Fourchette et arc facial standard\"}]},{\"@type\":\"WebSite\",\"@id\":\"https:\/\/yoestudiosalud.es\/en\/#website\",\"url\":\"https:\/\/yoestudiosalud.es\/en\/\",\"name\":\"yoestudiosalud.es\",\"description\":\"Material para estudiantes del sector salud\",\"publisher\":{\"@id\":\"https:\/\/yoestudiosalud.es\/en\/#organization\"},\"potentialAction\":[{\"@type\":\"SearchAction\",\"target\":{\"@type\":\"EntryPoint\",\"urlTemplate\":\"https:\/\/yoestudiosalud.es\/en\/?s={search_term_string}\"},\"query-input\":{\"@type\":\"PropertyValueSpecification\",\"valueRequired\":true,\"valueName\":\"search_term_string\"}}],\"inLanguage\":\"fr-FR\"},{\"@type\":\"Organization\",\"@id\":\"https:\/\/yoestudiosalud.es\/en\/#organization\",\"name\":\"yoestudiosalud.es\",\"url\":\"https:\/\/yoestudiosalud.es\/en\/\",\"logo\":{\"@type\":\"ImageObject\",\"inLanguage\":\"fr-FR\",\"@id\":\"https:\/\/yoestudiosalud.es\/en\/#\/schema\/logo\/image\/\",\"url\":\"https:\/\/yoestudiosalud.es\/wp-content\/uploads\/2020\/04\/logonew-e1698080827687.png\",\"contentUrl\":\"https:\/\/yoestudiosalud.es\/wp-content\/uploads\/2020\/04\/logonew-e1698080827687.png\",\"width\":421,\"height\":393,\"caption\":\"yoestudiosalud.es\"},\"image\":{\"@id\":\"https:\/\/yoestudiosalud.es\/en\/#\/schema\/logo\/image\/\"}}]}<\/script>\n<!-- \/ Yoast SEO Premium plugin. -->","yoast_head_json":{"title":"Bioart \u2013 Fourchette et arc facial standard - yoestudiosalud.es","description":"La fourchette Bioart pour arc facial standard est la partie qui s\u2019adapte \u00e0 l\u2019arcade sup\u00e9rieure du patient pour la prise d\u2019enregistrement.","robots":{"index":"index","follow":"follow","max-snippet":"max-snippet:-1","max-image-preview":"max-image-preview:large","max-video-preview":"max-video-preview:-1"},"canonical":"https:\/\/yoestudiosalud.es\/fr\/produit\/bioart-fourchette-et-arc-facial-standard\/","og_locale":"fr_FR","og_type":"article","og_title":"Bioart \u2013 Fourchette et arc facial standard","og_description":"La fourchette Bioart pour arc facial standard est la partie qui s\u2019adapte \u00e0 l\u2019arcade sup\u00e9rieure du patient pour la prise d\u2019enregistrement.","og_url":"https:\/\/yoestudiosalud.es\/fr\/produit\/bioart-fourchette-et-arc-facial-standard\/","og_site_name":"yoestudiosalud.es","article_modified_time":"2026-03-03T13:28:08+00:00","og_image":[{"width":650,"height":650,"url":"https:\/\/yoestudiosalud.es\/wp-content\/uploads\/2026\/03\/062228.webp","type":"image\/webp"}],"twitter_card":"summary_large_image","twitter_misc":{"Dur\u00e9e de lecture estim\u00e9e":"2 minutes"},"schema":{"@context":"https:\/\/schema.org","@graph":[{"@type":"WebPage","@id":"https:\/\/yoestudiosalud.es\/fr\/produit\/bioart-fourchette-et-arc-facial-standard\/","url":"https:\/\/yoestudiosalud.es\/fr\/produit\/bioart-fourchette-et-arc-facial-standard\/","name":"Bioart \u2013 Fourchette et arc facial standard - yoestudiosalud.es","isPartOf":{"@id":"https:\/\/yoestudiosalud.es\/en\/#website"},"primaryImageOfPage":{"@id":"https:\/\/yoestudiosalud.es\/fr\/produit\/bioart-fourchette-et-arc-facial-standard\/#primaryimage"},"image":{"@id":"https:\/\/yoestudiosalud.es\/fr\/produit\/bioart-fourchette-et-arc-facial-standard\/#primaryimage"},"thumbnailUrl":"https:\/\/yoestudiosalud.es\/wp-content\/uploads\/2026\/03\/062228.webp","datePublished":"2026-03-03T11:27:00+00:00","dateModified":"2026-03-03T13:28:08+00:00","description":"La fourchette Bioart pour arc facial standard est la partie qui s\u2019adapte \u00e0 l\u2019arcade sup\u00e9rieure du patient pour la prise d\u2019enregistrement.","breadcrumb":{"@id":"https:\/\/yoestudiosalud.es\/fr\/produit\/bioart-fourchette-et-arc-facial-standard\/#breadcrumb"},"inLanguage":"fr-FR","potentialAction":[{"@type":"ReadAction","target":["https:\/\/yoestudiosalud.es\/fr\/produit\/bioart-fourchette-et-arc-facial-standard\/"]}]},{"@type":"ImageObject","inLanguage":"fr-FR","@id":"https:\/\/yoestudiosalud.es\/fr\/produit\/bioart-fourchette-et-arc-facial-standard\/#primaryimage","url":"https:\/\/yoestudiosalud.es\/wp-content\/uploads\/2026\/03\/062228.webp","contentUrl":"https:\/\/yoestudiosalud.es\/wp-content\/uploads\/2026\/03\/062228.webp","width":650,"height":650,"caption":"BIOART HORQUILLA ARCO FACIAL STANDAR"},{"@type":"BreadcrumbList","@id":"https:\/\/yoestudiosalud.es\/fr\/produit\/bioart-fourchette-et-arc-facial-standard\/#breadcrumb","itemListElement":[{"@type":"ListItem","position":1,"name":"Portada","item":"https:\/\/yoestudiosalud.es\/fr\/"},{"@type":"ListItem","position":2,"name":"Boutique","item":"https:\/\/yoestudiosalud.es\/fr\/boutique\/"},{"@type":"ListItem","position":3,"name":"Bioart \u2013 Fourchette et arc facial standard"}]},{"@type":"WebSite","@id":"https:\/\/yoestudiosalud.es\/en\/#website","url":"https:\/\/yoestudiosalud.es\/en\/","name":"yoestudiosalud.es","description":"Material para estudiantes del sector salud","publisher":{"@id":"https:\/\/yoestudiosalud.es\/en\/#organization"},"potentialAction":[{"@type":"SearchAction","target":{"@type":"EntryPoint","urlTemplate":"https:\/\/yoestudiosalud.es\/en\/?s={search_term_string}"},"query-input":{"@type":"PropertyValueSpecification","valueRequired":true,"valueName":"search_term_string"}}],"inLanguage":"fr-FR"},{"@type":"Organization","@id":"https:\/\/yoestudiosalud.es\/en\/#organization","name":"yoestudiosalud.es","url":"https:\/\/yoestudiosalud.es\/en\/","logo":{"@type":"ImageObject","inLanguage":"fr-FR","@id":"https:\/\/yoestudiosalud.es\/en\/#\/schema\/logo\/image\/","url":"https:\/\/yoestudiosalud.es\/wp-content\/uploads\/2020\/04\/logonew-e1698080827687.png","contentUrl":"https:\/\/yoestudiosalud.es\/wp-content\/uploads\/2020\/04\/logonew-e1698080827687.png","width":421,"height":393,"caption":"yoestudiosalud.es"},"image":{"@id":"https:\/\/yoestudiosalud.es\/en\/#\/schema\/logo\/image\/"}}]}},"_links":{"self":[{"href":"https:\/\/yoestudiosalud.es\/fr\/wp-json\/wp\/v2\/product\/36870","targetHints":{"allow":["GET"]}}],"collection":[{"href":"https:\/\/yoestudiosalud.es\/fr\/wp-json\/wp\/v2\/product"}],"about":[{"href":"https:\/\/yoestudiosalud.es\/fr\/wp-json\/wp\/v2\/types\/product"}],"wp:featuredmedia":[{"embeddable":true,"href":"https:\/\/yoestudiosalud.es\/fr\/wp-json\/wp\/v2\/media\/36877"}],"wp:attachment":[{"href":"https:\/\/yoestudiosalud.es\/fr\/wp-json\/wp\/v2\/media?parent=36870"}],"wp:term":[{"taxonomy":"product_brand","embeddable":true,"href":"https:\/\/yoestudiosalud.es\/fr\/wp-json\/wp\/v2\/product_brand?post=36870"},{"taxonomy":"product_cat","embeddable":true,"href":"https:\/\/yoestudiosalud.es\/fr\/wp-json\/wp\/v2\/product_cat?post=36870"},{"taxonomy":"product_tag","embeddable":true,"href":"https:\/\/yoestudiosalud.es\/fr\/wp-json\/wp\/v2\/product_tag?post=36870"}],"curies":[{"name":"wp","href":"https:\/\/api.w.org\/{rel}","templated":true}]}}