{"id":36531,"date":"2026-02-03T18:20:19","date_gmt":"2026-02-03T17:20:19","guid":{"rendered":"https:\/\/yoestudiosalud.es\/?post_type=product&#038;p=36531"},"modified":"2026-02-03T18:58:42","modified_gmt":"2026-02-03T17:58:42","slug":"fraise-ronde-komet-pour-piece-a-main-h141-104-031-copia","status":"publish","type":"product","link":"https:\/\/yoestudiosalud.es\/fr\/produit\/fraise-ronde-komet-pour-piece-a-main-h141-104-031-copia\/","title":{"rendered":"FRAISE RONDE POUR PM H141.104.027"},"content":{"rendered":"<p>Fraise ronde pour pi\u00e8ce \u00e0 main droite, r\u00e9f\u00e9rence H141.104.027. Utilis\u00e9e en chirurgie maxillo-faciale pour la coupe de l\u2019os.<\/p>\n","protected":false},"excerpt":{"rendered":"<p>Fraise ronde\u00a0 pour pi\u00e8ce \u00e0 main droite, r\u00e9f\u00e9rence H141.104.027. Utilis\u00e9e en chirurgie maxillo-faciale pour la coupe de l\u2019os.<\/p>\n","protected":false},"featured_media":36527,"template":"","meta":[],"product_brand":[],"product_cat":[715],"product_tag":[],"class_list":{"0":"post-36531","1":"product","2":"type-product","3":"status-publish","4":"has-post-thumbnail","6":"product_cat-fraises-fr","7":"pa_formacion-odontologia-fr","9":"first","10":"instock","11":"sale","12":"taxable","13":"shipping-taxable","14":"purchasable","15":"product-type-simple"},"yoast_head":"<!-- This site is optimized with the Yoast SEO Premium plugin v27.0 (Yoast SEO v27.2) - https:\/\/yoast.com\/product\/yoast-seo-premium-wordpress\/ -->\n<title>FRAISE RONDE POUR PM H141.104.027 | Yoestudiosalud.es<\/title>\n<meta name=\"description\" content=\"Fraise ronde\u00a0 pour pi\u00e8ce \u00e0 main droite, r\u00e9f\u00e9rence H141.104.027. Utilis\u00e9e en chirurgie maxillo-faciale pour la coupe de l\u2019os.\" \/>\n<meta name=\"robots\" content=\"index, follow, max-snippet:-1, max-image-preview:large, max-video-preview:-1\" \/>\n<link rel=\"canonical\" href=\"https:\/\/yoestudiosalud.es\/produit\/fresa-redonda-pm-h141-104-027\/\" \/>\n<meta property=\"og:locale\" content=\"fr_FR\" \/>\n<meta property=\"og:type\" content=\"article\" \/>\n<meta property=\"og:title\" content=\"FRAISE RONDE POUR PM H141.104.027\" \/>\n<meta property=\"og:description\" content=\"Fraise ronde\u00a0 pour pi\u00e8ce \u00e0 main droite, r\u00e9f\u00e9rence H141.104.027. Utilis\u00e9e en chirurgie maxillo-faciale pour la coupe de l\u2019os.\" \/>\n<meta property=\"og:url\" content=\"https:\/\/yoestudiosalud.es\/produit\/fresa-redonda-pm-h141-104-027\/\" \/>\n<meta property=\"og:site_name\" content=\"yoestudiosalud.es\" \/>\n<meta property=\"article:modified_time\" content=\"2026-02-03T17:58:42+00:00\" \/>\n<meta property=\"og:image\" content=\"https:\/\/yoestudiosalud.es\/wp-content\/uploads\/2023\/06\/004031.webp\" \/>\n\t<meta property=\"og:image:width\" content=\"650\" \/>\n\t<meta property=\"og:image:height\" content=\"650\" \/>\n\t<meta property=\"og:image:type\" content=\"image\/webp\" \/>\n<meta name=\"twitter:card\" content=\"summary_large_image\" \/>\n<meta name=\"twitter:label1\" content=\"Dur\u00e9e de lecture estim\u00e9e\" \/>\n\t<meta name=\"twitter:data1\" content=\"1 minute\" \/>\n<script type=\"application\/ld+json\" class=\"yoast-schema-graph\">{\"@context\":\"https:\/\/schema.org\",\"@graph\":[{\"@type\":\"WebPage\",\"@id\":\"https:\/\/yoestudiosalud.es\/produit\/fresa-redonda-pm-h141-104-027\/\",\"url\":\"https:\/\/yoestudiosalud.es\/produit\/fresa-redonda-pm-h141-104-027\/\",\"name\":\"FRAISE RONDE POUR PM H141.104.027 | Yoestudiosalud.es\",\"isPartOf\":{\"@id\":\"https:\/\/yoestudiosalud.es\/en\/#website\"},\"primaryImageOfPage\":{\"@id\":\"https:\/\/yoestudiosalud.es\/produit\/fresa-redonda-pm-h141-104-027\/#primaryimage\"},\"image\":{\"@id\":\"https:\/\/yoestudiosalud.es\/produit\/fresa-redonda-pm-h141-104-027\/#primaryimage\"},\"thumbnailUrl\":\"https:\/\/yoestudiosalud.es\/wp-content\/uploads\/2023\/06\/004031.webp\",\"datePublished\":\"2026-02-03T17:20:19+00:00\",\"dateModified\":\"2026-02-03T17:58:42+00:00\",\"description\":\"Fraise ronde\u00a0 pour pi\u00e8ce \u00e0 main droite, r\u00e9f\u00e9rence H141.104.027. Utilis\u00e9e en chirurgie maxillo-faciale pour la coupe de l\u2019os.\",\"breadcrumb\":{\"@id\":\"https:\/\/yoestudiosalud.es\/produit\/fresa-redonda-pm-h141-104-027\/#breadcrumb\"},\"inLanguage\":\"fr-FR\",\"potentialAction\":[{\"@type\":\"ReadAction\",\"target\":[\"https:\/\/yoestudiosalud.es\/produit\/fresa-redonda-pm-h141-104-027\/\"]}]},{\"@type\":\"ImageObject\",\"inLanguage\":\"fr-FR\",\"@id\":\"https:\/\/yoestudiosalud.es\/produit\/fresa-redonda-pm-h141-104-027\/#primaryimage\",\"url\":\"https:\/\/yoestudiosalud.es\/wp-content\/uploads\/2023\/06\/004031.webp\",\"contentUrl\":\"https:\/\/yoestudiosalud.es\/wp-content\/uploads\/2023\/06\/004031.webp\",\"width\":650,\"height\":650,\"caption\":\"FRAISE RONE H141\"},{\"@type\":\"BreadcrumbList\",\"@id\":\"https:\/\/yoestudiosalud.es\/produit\/fresa-redonda-pm-h141-104-027\/#breadcrumb\",\"itemListElement\":[{\"@type\":\"ListItem\",\"position\":1,\"name\":\"Portada\",\"item\":\"https:\/\/yoestudiosalud.es\/fr\/\"},{\"@type\":\"ListItem\",\"position\":2,\"name\":\"Boutique\",\"item\":\"https:\/\/yoestudiosalud.es\/fr\/boutique\/\"},{\"@type\":\"ListItem\",\"position\":3,\"name\":\"FRAISE RONDE POUR PM H141.104.027\"}]},{\"@type\":\"WebSite\",\"@id\":\"https:\/\/yoestudiosalud.es\/en\/#website\",\"url\":\"https:\/\/yoestudiosalud.es\/en\/\",\"name\":\"yoestudiosalud.es\",\"description\":\"Material para estudiantes del sector salud\",\"publisher\":{\"@id\":\"https:\/\/yoestudiosalud.es\/en\/#organization\"},\"potentialAction\":[{\"@type\":\"SearchAction\",\"target\":{\"@type\":\"EntryPoint\",\"urlTemplate\":\"https:\/\/yoestudiosalud.es\/en\/?s={search_term_string}\"},\"query-input\":{\"@type\":\"PropertyValueSpecification\",\"valueRequired\":true,\"valueName\":\"search_term_string\"}}],\"inLanguage\":\"fr-FR\"},{\"@type\":\"Organization\",\"@id\":\"https:\/\/yoestudiosalud.es\/en\/#organization\",\"name\":\"yoestudiosalud.es\",\"url\":\"https:\/\/yoestudiosalud.es\/en\/\",\"logo\":{\"@type\":\"ImageObject\",\"inLanguage\":\"fr-FR\",\"@id\":\"https:\/\/yoestudiosalud.es\/en\/#\/schema\/logo\/image\/\",\"url\":\"https:\/\/yoestudiosalud.es\/wp-content\/uploads\/2020\/04\/logonew-e1698080827687.png\",\"contentUrl\":\"https:\/\/yoestudiosalud.es\/wp-content\/uploads\/2020\/04\/logonew-e1698080827687.png\",\"width\":421,\"height\":393,\"caption\":\"yoestudiosalud.es\"},\"image\":{\"@id\":\"https:\/\/yoestudiosalud.es\/en\/#\/schema\/logo\/image\/\"}}]}<\/script>\n<!-- \/ Yoast SEO Premium plugin. -->","yoast_head_json":{"title":"FRAISE RONDE POUR PM H141.104.027 | Yoestudiosalud.es","description":"Fraise ronde\u00a0 pour pi\u00e8ce \u00e0 main droite, r\u00e9f\u00e9rence H141.104.027. Utilis\u00e9e en chirurgie maxillo-faciale pour la coupe de l\u2019os.","robots":{"index":"index","follow":"follow","max-snippet":"max-snippet:-1","max-image-preview":"max-image-preview:large","max-video-preview":"max-video-preview:-1"},"canonical":"https:\/\/yoestudiosalud.es\/produit\/fresa-redonda-pm-h141-104-027\/","og_locale":"fr_FR","og_type":"article","og_title":"FRAISE RONDE POUR PM H141.104.027","og_description":"Fraise ronde\u00a0 pour pi\u00e8ce \u00e0 main droite, r\u00e9f\u00e9rence H141.104.027. Utilis\u00e9e en chirurgie maxillo-faciale pour la coupe de l\u2019os.","og_url":"https:\/\/yoestudiosalud.es\/produit\/fresa-redonda-pm-h141-104-027\/","og_site_name":"yoestudiosalud.es","article_modified_time":"2026-02-03T17:58:42+00:00","og_image":[{"width":650,"height":650,"url":"https:\/\/yoestudiosalud.es\/wp-content\/uploads\/2023\/06\/004031.webp","type":"image\/webp"}],"twitter_card":"summary_large_image","twitter_misc":{"Dur\u00e9e de lecture estim\u00e9e":"1 minute"},"schema":{"@context":"https:\/\/schema.org","@graph":[{"@type":"WebPage","@id":"https:\/\/yoestudiosalud.es\/produit\/fresa-redonda-pm-h141-104-027\/","url":"https:\/\/yoestudiosalud.es\/produit\/fresa-redonda-pm-h141-104-027\/","name":"FRAISE RONDE POUR PM H141.104.027 | Yoestudiosalud.es","isPartOf":{"@id":"https:\/\/yoestudiosalud.es\/en\/#website"},"primaryImageOfPage":{"@id":"https:\/\/yoestudiosalud.es\/produit\/fresa-redonda-pm-h141-104-027\/#primaryimage"},"image":{"@id":"https:\/\/yoestudiosalud.es\/produit\/fresa-redonda-pm-h141-104-027\/#primaryimage"},"thumbnailUrl":"https:\/\/yoestudiosalud.es\/wp-content\/uploads\/2023\/06\/004031.webp","datePublished":"2026-02-03T17:20:19+00:00","dateModified":"2026-02-03T17:58:42+00:00","description":"Fraise ronde\u00a0 pour pi\u00e8ce \u00e0 main droite, r\u00e9f\u00e9rence H141.104.027. Utilis\u00e9e en chirurgie maxillo-faciale pour la coupe de l\u2019os.","breadcrumb":{"@id":"https:\/\/yoestudiosalud.es\/produit\/fresa-redonda-pm-h141-104-027\/#breadcrumb"},"inLanguage":"fr-FR","potentialAction":[{"@type":"ReadAction","target":["https:\/\/yoestudiosalud.es\/produit\/fresa-redonda-pm-h141-104-027\/"]}]},{"@type":"ImageObject","inLanguage":"fr-FR","@id":"https:\/\/yoestudiosalud.es\/produit\/fresa-redonda-pm-h141-104-027\/#primaryimage","url":"https:\/\/yoestudiosalud.es\/wp-content\/uploads\/2023\/06\/004031.webp","contentUrl":"https:\/\/yoestudiosalud.es\/wp-content\/uploads\/2023\/06\/004031.webp","width":650,"height":650,"caption":"FRAISE RONE H141"},{"@type":"BreadcrumbList","@id":"https:\/\/yoestudiosalud.es\/produit\/fresa-redonda-pm-h141-104-027\/#breadcrumb","itemListElement":[{"@type":"ListItem","position":1,"name":"Portada","item":"https:\/\/yoestudiosalud.es\/fr\/"},{"@type":"ListItem","position":2,"name":"Boutique","item":"https:\/\/yoestudiosalud.es\/fr\/boutique\/"},{"@type":"ListItem","position":3,"name":"FRAISE RONDE POUR PM H141.104.027"}]},{"@type":"WebSite","@id":"https:\/\/yoestudiosalud.es\/en\/#website","url":"https:\/\/yoestudiosalud.es\/en\/","name":"yoestudiosalud.es","description":"Material para estudiantes del sector salud","publisher":{"@id":"https:\/\/yoestudiosalud.es\/en\/#organization"},"potentialAction":[{"@type":"SearchAction","target":{"@type":"EntryPoint","urlTemplate":"https:\/\/yoestudiosalud.es\/en\/?s={search_term_string}"},"query-input":{"@type":"PropertyValueSpecification","valueRequired":true,"valueName":"search_term_string"}}],"inLanguage":"fr-FR"},{"@type":"Organization","@id":"https:\/\/yoestudiosalud.es\/en\/#organization","name":"yoestudiosalud.es","url":"https:\/\/yoestudiosalud.es\/en\/","logo":{"@type":"ImageObject","inLanguage":"fr-FR","@id":"https:\/\/yoestudiosalud.es\/en\/#\/schema\/logo\/image\/","url":"https:\/\/yoestudiosalud.es\/wp-content\/uploads\/2020\/04\/logonew-e1698080827687.png","contentUrl":"https:\/\/yoestudiosalud.es\/wp-content\/uploads\/2020\/04\/logonew-e1698080827687.png","width":421,"height":393,"caption":"yoestudiosalud.es"},"image":{"@id":"https:\/\/yoestudiosalud.es\/en\/#\/schema\/logo\/image\/"}}]}},"_links":{"self":[{"href":"https:\/\/yoestudiosalud.es\/fr\/wp-json\/wp\/v2\/product\/36531","targetHints":{"allow":["GET"]}}],"collection":[{"href":"https:\/\/yoestudiosalud.es\/fr\/wp-json\/wp\/v2\/product"}],"about":[{"href":"https:\/\/yoestudiosalud.es\/fr\/wp-json\/wp\/v2\/types\/product"}],"wp:featuredmedia":[{"embeddable":true,"href":"https:\/\/yoestudiosalud.es\/fr\/wp-json\/wp\/v2\/media\/36527"}],"wp:attachment":[{"href":"https:\/\/yoestudiosalud.es\/fr\/wp-json\/wp\/v2\/media?parent=36531"}],"wp:term":[{"taxonomy":"product_brand","embeddable":true,"href":"https:\/\/yoestudiosalud.es\/fr\/wp-json\/wp\/v2\/product_brand?post=36531"},{"taxonomy":"product_cat","embeddable":true,"href":"https:\/\/yoestudiosalud.es\/fr\/wp-json\/wp\/v2\/product_cat?post=36531"},{"taxonomy":"product_tag","embeddable":true,"href":"https:\/\/yoestudiosalud.es\/fr\/wp-json\/wp\/v2\/product_tag?post=36531"}],"curies":[{"name":"wp","href":"https:\/\/api.w.org\/{rel}","templated":true}]}}