{"id":36246,"date":"2026-01-25T08:33:23","date_gmt":"2026-01-25T07:33:23","guid":{"rendered":"https:\/\/yoestudiosalud.es\/producto\/curettes-columbia-universal-medesy\/"},"modified":"2026-01-31T20:25:26","modified_gmt":"2026-01-31T19:25:26","slug":"curettes-columbia-universal-medesy","status":"publish","type":"product","link":"https:\/\/yoestudiosalud.es\/fr\/produit\/curettes-columbia-universal-medesy\/","title":{"rendered":"CURETTES COLUMBIA UNIVERSAL 4R\/4L MEDESY"},"content":{"rendered":"<p>La curette Columbia Universal Medesy 4R\/4L est un instrument parodontal de qualit\u00e9 professionnelle sp\u00e9cialement con\u00e7u pour \u00e9liminer le tartre supragingival et sous-gingival. Son design ergonomique facilite l&#8217;acc\u00e8s aux zones difficiles d&#8217;acc\u00e8s de la bouche. Fabriqu\u00e9e par Medesy, une marque italienne reconnue pour l&#8217;excellence de ses instruments dentaires, la curette Columbia Universal allie durabilit\u00e9, pr\u00e9cision et confort pour le clinicien et le patient.<\/p>\n<p>Marque : Medesy (Italie)<\/p>\n<p>Utilisation : D\u00e9bridement parodontal, \u00e9limination du tartre et des tissus enflamm\u00e9s.<\/p>\n<p>Mat\u00e9riau : Acier inoxydable de haute qualit\u00e9 pour une longue dur\u00e9e de vie.<\/p>\n<p>Ergonomie : Manche anatomique pour un meilleur contr\u00f4le et un plus grand confort du professionnel.<\/p>\n<p>Finition de pr\u00e9cision : Aff\u00fbtage parfait pour une action efficace et d\u00e9licate.<\/p>\n<p>Tailles disponibles<\/p>\n<p>Disponibles dans les num\u00e9ros suivants pour couvrir toutes les zones de l&#8217;arcade dentaire :<\/p>\n<p>4R\/4L<\/p>\n<p>13\/14<\/p>\n<p>Avantages<\/p>\n<p>\u2714 Acc\u00e8s pr\u00e9cis aux poches parodontales<br \/>\n\u2714 Id\u00e9al pour les nettoyages en profondeur et l&#8217;entretien parodontal<br \/>\n\u2714 R\u00e9duit l&#8217;effort clinique gr\u00e2ce \u00e0 sa conception \u00e9quilibr\u00e9e<br \/>\n\u2714 Surface sp\u00e9cialement aff\u00fbt\u00e9e pour une plus grande efficacit\u00e9<\/p>\n","protected":false},"excerpt":{"rendered":"<p>La curette Columbia Universal Medesy 4R\/4L est un instrument parodontal de qualit\u00e9 professionnelle sp\u00e9cialement con\u00e7u pour l&#8217;\u00e9limination du tartre supragingival et sous-gingival.<\/p>\n","protected":false},"featured_media":36242,"template":"","meta":[],"product_brand":[],"product_cat":[712],"product_tag":[928],"class_list":{"0":"post-36246","1":"product","2":"type-product","3":"status-publish","4":"has-post-thumbnail","6":"product_cat-periodontie-fr","7":"product_tag-ceuelche4","9":"first","10":"instock","11":"sale","12":"taxable","13":"shipping-taxable","14":"purchasable","15":"product-type-simple"},"yoast_head":"<!-- This site is optimized with the Yoast SEO Premium plugin v27.0 (Yoast SEO v27.2) - https:\/\/yoast.com\/product\/yoast-seo-premium-wordpress\/ -->\n<title>CURETTES COLUMBIA UNIVERSAL 4R\/4L MEDESY - yoestudiosalud.es<\/title>\n<meta name=\"description\" content=\"La curette universelle Columbia Medesy 4R\/4L est un instrument parodontal de qualit\u00e9 professionnelle con\u00e7u sp\u00e9cialement pour l&#039;\u00e9limination du tartre.\" \/>\n<meta name=\"robots\" content=\"index, follow, max-snippet:-1, max-image-preview:large, max-video-preview:-1\" \/>\n<link rel=\"canonical\" href=\"https:\/\/yoestudiosalud.es\/fr\/produit\/curettes-columbia-universal-medesy\/\" \/>\n<meta property=\"og:locale\" content=\"fr_FR\" \/>\n<meta property=\"og:type\" content=\"article\" \/>\n<meta property=\"og:title\" content=\"CURETTES COLUMBIA UNIVERSAL 4R\/4L MEDESY\" \/>\n<meta property=\"og:description\" content=\"La curette universelle Columbia Medesy 4R\/4L est un instrument parodontal de qualit\u00e9 professionnelle con\u00e7u sp\u00e9cialement pour l&#039;\u00e9limination du tartre.\" \/>\n<meta property=\"og:url\" content=\"https:\/\/yoestudiosalud.es\/fr\/produit\/curettes-columbia-universal-medesy\/\" \/>\n<meta property=\"og:site_name\" content=\"yoestudiosalud.es\" \/>\n<meta property=\"article:modified_time\" content=\"2026-01-31T19:25:26+00:00\" \/>\n<meta property=\"og:image\" content=\"https:\/\/yoestudiosalud.es\/wp-content\/uploads\/2026\/01\/062193-1.webp\" \/>\n\t<meta property=\"og:image:width\" content=\"650\" \/>\n\t<meta property=\"og:image:height\" content=\"650\" \/>\n\t<meta property=\"og:image:type\" content=\"image\/webp\" \/>\n<meta name=\"twitter:card\" content=\"summary_large_image\" \/>\n<meta name=\"twitter:label1\" content=\"Dur\u00e9e de lecture estim\u00e9e\" \/>\n\t<meta name=\"twitter:data1\" content=\"1 minute\" \/>\n<script type=\"application\/ld+json\" class=\"yoast-schema-graph\">{\"@context\":\"https:\/\/schema.org\",\"@graph\":[{\"@type\":\"WebPage\",\"@id\":\"https:\/\/yoestudiosalud.es\/fr\/produit\/curettes-columbia-universal-medesy\/\",\"url\":\"https:\/\/yoestudiosalud.es\/fr\/produit\/curettes-columbia-universal-medesy\/\",\"name\":\"CURETTES COLUMBIA UNIVERSAL 4R\/4L MEDESY - yoestudiosalud.es\",\"isPartOf\":{\"@id\":\"https:\/\/yoestudiosalud.es\/en\/#website\"},\"primaryImageOfPage\":{\"@id\":\"https:\/\/yoestudiosalud.es\/fr\/produit\/curettes-columbia-universal-medesy\/#primaryimage\"},\"image\":{\"@id\":\"https:\/\/yoestudiosalud.es\/fr\/produit\/curettes-columbia-universal-medesy\/#primaryimage\"},\"thumbnailUrl\":\"https:\/\/yoestudiosalud.es\/wp-content\/uploads\/2026\/01\/062193-1.webp\",\"datePublished\":\"2026-01-25T07:33:23+00:00\",\"dateModified\":\"2026-01-31T19:25:26+00:00\",\"description\":\"La curette universelle Columbia Medesy 4R\/4L est un instrument parodontal de qualit\u00e9 professionnelle con\u00e7u sp\u00e9cialement pour l'\u00e9limination du tartre.\",\"breadcrumb\":{\"@id\":\"https:\/\/yoestudiosalud.es\/fr\/produit\/curettes-columbia-universal-medesy\/#breadcrumb\"},\"inLanguage\":\"fr-FR\",\"potentialAction\":[{\"@type\":\"ReadAction\",\"target\":[\"https:\/\/yoestudiosalud.es\/fr\/produit\/curettes-columbia-universal-medesy\/\"]}]},{\"@type\":\"ImageObject\",\"inLanguage\":\"fr-FR\",\"@id\":\"https:\/\/yoestudiosalud.es\/fr\/produit\/curettes-columbia-universal-medesy\/#primaryimage\",\"url\":\"https:\/\/yoestudiosalud.es\/wp-content\/uploads\/2026\/01\/062193-1.webp\",\"contentUrl\":\"https:\/\/yoestudiosalud.es\/wp-content\/uploads\/2026\/01\/062193-1.webp\",\"width\":650,\"height\":650,\"caption\":\"CURETTES COLUMBIA UNIVERSAL 4R\/4L MEDESY\"},{\"@type\":\"BreadcrumbList\",\"@id\":\"https:\/\/yoestudiosalud.es\/fr\/produit\/curettes-columbia-universal-medesy\/#breadcrumb\",\"itemListElement\":[{\"@type\":\"ListItem\",\"position\":1,\"name\":\"Portada\",\"item\":\"https:\/\/yoestudiosalud.es\/fr\/\"},{\"@type\":\"ListItem\",\"position\":2,\"name\":\"Boutique\",\"item\":\"https:\/\/yoestudiosalud.es\/fr\/boutique\/\"},{\"@type\":\"ListItem\",\"position\":3,\"name\":\"CURETTES COLUMBIA UNIVERSAL 4R\/4L MEDESY\"}]},{\"@type\":\"WebSite\",\"@id\":\"https:\/\/yoestudiosalud.es\/en\/#website\",\"url\":\"https:\/\/yoestudiosalud.es\/en\/\",\"name\":\"yoestudiosalud.es\",\"description\":\"Material para estudiantes del sector salud\",\"publisher\":{\"@id\":\"https:\/\/yoestudiosalud.es\/en\/#organization\"},\"potentialAction\":[{\"@type\":\"SearchAction\",\"target\":{\"@type\":\"EntryPoint\",\"urlTemplate\":\"https:\/\/yoestudiosalud.es\/en\/?s={search_term_string}\"},\"query-input\":{\"@type\":\"PropertyValueSpecification\",\"valueRequired\":true,\"valueName\":\"search_term_string\"}}],\"inLanguage\":\"fr-FR\"},{\"@type\":\"Organization\",\"@id\":\"https:\/\/yoestudiosalud.es\/en\/#organization\",\"name\":\"yoestudiosalud.es\",\"url\":\"https:\/\/yoestudiosalud.es\/en\/\",\"logo\":{\"@type\":\"ImageObject\",\"inLanguage\":\"fr-FR\",\"@id\":\"https:\/\/yoestudiosalud.es\/en\/#\/schema\/logo\/image\/\",\"url\":\"https:\/\/yoestudiosalud.es\/wp-content\/uploads\/2020\/04\/logonew-e1698080827687.png\",\"contentUrl\":\"https:\/\/yoestudiosalud.es\/wp-content\/uploads\/2020\/04\/logonew-e1698080827687.png\",\"width\":421,\"height\":393,\"caption\":\"yoestudiosalud.es\"},\"image\":{\"@id\":\"https:\/\/yoestudiosalud.es\/en\/#\/schema\/logo\/image\/\"}}]}<\/script>\n<!-- \/ Yoast SEO Premium plugin. -->","yoast_head_json":{"title":"CURETTES COLUMBIA UNIVERSAL 4R\/4L MEDESY - yoestudiosalud.es","description":"La curette universelle Columbia Medesy 4R\/4L est un instrument parodontal de qualit\u00e9 professionnelle con\u00e7u sp\u00e9cialement pour l'\u00e9limination du tartre.","robots":{"index":"index","follow":"follow","max-snippet":"max-snippet:-1","max-image-preview":"max-image-preview:large","max-video-preview":"max-video-preview:-1"},"canonical":"https:\/\/yoestudiosalud.es\/fr\/produit\/curettes-columbia-universal-medesy\/","og_locale":"fr_FR","og_type":"article","og_title":"CURETTES COLUMBIA UNIVERSAL 4R\/4L MEDESY","og_description":"La curette universelle Columbia Medesy 4R\/4L est un instrument parodontal de qualit\u00e9 professionnelle con\u00e7u sp\u00e9cialement pour l'\u00e9limination du tartre.","og_url":"https:\/\/yoestudiosalud.es\/fr\/produit\/curettes-columbia-universal-medesy\/","og_site_name":"yoestudiosalud.es","article_modified_time":"2026-01-31T19:25:26+00:00","og_image":[{"width":650,"height":650,"url":"https:\/\/yoestudiosalud.es\/wp-content\/uploads\/2026\/01\/062193-1.webp","type":"image\/webp"}],"twitter_card":"summary_large_image","twitter_misc":{"Dur\u00e9e de lecture estim\u00e9e":"1 minute"},"schema":{"@context":"https:\/\/schema.org","@graph":[{"@type":"WebPage","@id":"https:\/\/yoestudiosalud.es\/fr\/produit\/curettes-columbia-universal-medesy\/","url":"https:\/\/yoestudiosalud.es\/fr\/produit\/curettes-columbia-universal-medesy\/","name":"CURETTES COLUMBIA UNIVERSAL 4R\/4L MEDESY - yoestudiosalud.es","isPartOf":{"@id":"https:\/\/yoestudiosalud.es\/en\/#website"},"primaryImageOfPage":{"@id":"https:\/\/yoestudiosalud.es\/fr\/produit\/curettes-columbia-universal-medesy\/#primaryimage"},"image":{"@id":"https:\/\/yoestudiosalud.es\/fr\/produit\/curettes-columbia-universal-medesy\/#primaryimage"},"thumbnailUrl":"https:\/\/yoestudiosalud.es\/wp-content\/uploads\/2026\/01\/062193-1.webp","datePublished":"2026-01-25T07:33:23+00:00","dateModified":"2026-01-31T19:25:26+00:00","description":"La curette universelle Columbia Medesy 4R\/4L est un instrument parodontal de qualit\u00e9 professionnelle con\u00e7u sp\u00e9cialement pour l'\u00e9limination du tartre.","breadcrumb":{"@id":"https:\/\/yoestudiosalud.es\/fr\/produit\/curettes-columbia-universal-medesy\/#breadcrumb"},"inLanguage":"fr-FR","potentialAction":[{"@type":"ReadAction","target":["https:\/\/yoestudiosalud.es\/fr\/produit\/curettes-columbia-universal-medesy\/"]}]},{"@type":"ImageObject","inLanguage":"fr-FR","@id":"https:\/\/yoestudiosalud.es\/fr\/produit\/curettes-columbia-universal-medesy\/#primaryimage","url":"https:\/\/yoestudiosalud.es\/wp-content\/uploads\/2026\/01\/062193-1.webp","contentUrl":"https:\/\/yoestudiosalud.es\/wp-content\/uploads\/2026\/01\/062193-1.webp","width":650,"height":650,"caption":"CURETTES COLUMBIA UNIVERSAL 4R\/4L MEDESY"},{"@type":"BreadcrumbList","@id":"https:\/\/yoestudiosalud.es\/fr\/produit\/curettes-columbia-universal-medesy\/#breadcrumb","itemListElement":[{"@type":"ListItem","position":1,"name":"Portada","item":"https:\/\/yoestudiosalud.es\/fr\/"},{"@type":"ListItem","position":2,"name":"Boutique","item":"https:\/\/yoestudiosalud.es\/fr\/boutique\/"},{"@type":"ListItem","position":3,"name":"CURETTES COLUMBIA UNIVERSAL 4R\/4L MEDESY"}]},{"@type":"WebSite","@id":"https:\/\/yoestudiosalud.es\/en\/#website","url":"https:\/\/yoestudiosalud.es\/en\/","name":"yoestudiosalud.es","description":"Material para estudiantes del sector salud","publisher":{"@id":"https:\/\/yoestudiosalud.es\/en\/#organization"},"potentialAction":[{"@type":"SearchAction","target":{"@type":"EntryPoint","urlTemplate":"https:\/\/yoestudiosalud.es\/en\/?s={search_term_string}"},"query-input":{"@type":"PropertyValueSpecification","valueRequired":true,"valueName":"search_term_string"}}],"inLanguage":"fr-FR"},{"@type":"Organization","@id":"https:\/\/yoestudiosalud.es\/en\/#organization","name":"yoestudiosalud.es","url":"https:\/\/yoestudiosalud.es\/en\/","logo":{"@type":"ImageObject","inLanguage":"fr-FR","@id":"https:\/\/yoestudiosalud.es\/en\/#\/schema\/logo\/image\/","url":"https:\/\/yoestudiosalud.es\/wp-content\/uploads\/2020\/04\/logonew-e1698080827687.png","contentUrl":"https:\/\/yoestudiosalud.es\/wp-content\/uploads\/2020\/04\/logonew-e1698080827687.png","width":421,"height":393,"caption":"yoestudiosalud.es"},"image":{"@id":"https:\/\/yoestudiosalud.es\/en\/#\/schema\/logo\/image\/"}}]}},"_links":{"self":[{"href":"https:\/\/yoestudiosalud.es\/fr\/wp-json\/wp\/v2\/product\/36246","targetHints":{"allow":["GET"]}}],"collection":[{"href":"https:\/\/yoestudiosalud.es\/fr\/wp-json\/wp\/v2\/product"}],"about":[{"href":"https:\/\/yoestudiosalud.es\/fr\/wp-json\/wp\/v2\/types\/product"}],"wp:featuredmedia":[{"embeddable":true,"href":"https:\/\/yoestudiosalud.es\/fr\/wp-json\/wp\/v2\/media\/36242"}],"wp:attachment":[{"href":"https:\/\/yoestudiosalud.es\/fr\/wp-json\/wp\/v2\/media?parent=36246"}],"wp:term":[{"taxonomy":"product_brand","embeddable":true,"href":"https:\/\/yoestudiosalud.es\/fr\/wp-json\/wp\/v2\/product_brand?post=36246"},{"taxonomy":"product_cat","embeddable":true,"href":"https:\/\/yoestudiosalud.es\/fr\/wp-json\/wp\/v2\/product_cat?post=36246"},{"taxonomy":"product_tag","embeddable":true,"href":"https:\/\/yoestudiosalud.es\/fr\/wp-json\/wp\/v2\/product_tag?post=36246"}],"curies":[{"name":"wp","href":"https:\/\/api.w.org\/{rel}","templated":true}]}}