{"id":34891,"date":"2025-11-06T18:03:36","date_gmt":"2025-11-06T17:03:36","guid":{"rendered":"https:\/\/yoestudiosalud.es\/producto\/lampe-de-polymerisation-led-h\/"},"modified":"2025-11-06T18:03:36","modified_gmt":"2025-11-06T17:03:36","slug":"lampe-de-polymerisation-led-h","status":"publish","type":"product","link":"https:\/\/yoestudiosalud.es\/fr\/produit\/lampe-de-polymerisation-led-h\/","title":{"rendered":"LAMPE DE POLYM\u00c9RISATION LED.H"},"content":{"rendered":"<div class=\"dad65929\">\n<div class=\"_4f9bf79 d7dc56a8 _43c05b5\">\n<div class=\"ds-message _63c77b1\">\n<div class=\"ds-markdown\">\n<p class=\"ds-markdown-paragraph\"><strong>La lampe de polym\u00e9risation LED.H<\/strong>\u00a0est un dispositif avanc\u00e9 con\u00e7u pour optimiser le processus de polym\u00e9risation des mat\u00e9riaux photosensibles en dentisterie. Gr\u00e2ce \u00e0 sa technologie LED de derni\u00e8re g\u00e9n\u00e9ration, cet outil offre une \u00e9mission lumineuse intense et stable dans la plage de longueur d&#8217;onde de 440 \u00e0 480 nm, id\u00e9ale pour activer les photoamorceurs dans les r\u00e9sines composites, les adh\u00e9sifs et les ciments utilis\u00e9s dans les traitements de restauration.<\/p>\n<p class=\"ds-markdown-paragraph\"><strong>La LED.H<\/strong>\u00a0se distingue par sa polyvalence, \u00e9tant compatible avec une large gamme de mat\u00e9riaux photosensibles utilis\u00e9s en dentisterie g\u00e9n\u00e9rale, esth\u00e9tique et en orthodontie. Sa capacit\u00e9 \u00e0 r\u00e9aliser des polym\u00e9risations homog\u00e8nes et sans porosit\u00e9 garantit des r\u00e9sultats cliniques sup\u00e9rieurs, am\u00e9liorant la durabilit\u00e9 et l&#8217;esth\u00e9tique des restaurations.<\/p>\n<p class=\"ds-markdown-paragraph\"><strong>De plus, elle dispose de 3 modes de fonctionnement &#8211; normal, progressif et intermittent &#8211; et d&#8217;une batterie haute capacit\u00e9 avec une autonomie permettant 200 cycles de polym\u00e9risation continus.<\/strong><\/p>\n<p class=\"ds-markdown-paragraph\"><strong>Caract\u00e9ristiques :<\/strong><\/p>\n<ul>\n<li>\n<p class=\"ds-markdown-paragraph\">Les lampes de polym\u00e9risation DTE Led H int\u00e8grent un guide lumineux, qui facilite le traitement des dents post\u00e9rieures.<\/p>\n<\/li>\n<li>\n<p class=\"ds-markdown-paragraph\">Elle permet la polym\u00e9risation de tout mat\u00e9riau.<\/p>\n<\/li>\n<li>\n<p class=\"ds-markdown-paragraph\">Tension et fr\u00e9quence : 110V-220V 50Hz\/60Hz.<\/p>\n<\/li>\n<li>\n<p class=\"ds-markdown-paragraph\">Minuterie num\u00e9rique avec affichage en secondes.<\/p>\n<\/li>\n<li>\n<p class=\"ds-markdown-paragraph\">Longueur d&#8217;onde : 480-490 nm.<\/p>\n<\/li>\n<li>\n<p class=\"ds-markdown-paragraph\">Poids net : 178 g. Tr\u00e8s l\u00e9g\u00e8re et facile \u00e0 manipuler.<\/p>\n<\/li>\n<li>\n<p class=\"ds-markdown-paragraph\">Puissance lumineuse : 1 000 mW\/cm\u00b2 &#8211; 1 200 mW\/cm\u00b2.<\/p>\n<\/li>\n<li>\n<p class=\"ds-markdown-paragraph\">Il est possible de l&#8217;utiliser plus de 500 fois de mani\u00e8re continue en mode 10 s (temps de travail).<\/p>\n<\/li>\n<li>\n<p class=\"ds-markdown-paragraph\">Couleurs : Rouge, noir, vert.<\/p>\n<\/li>\n<li>\n<p class=\"ds-markdown-paragraph\">Marque : Woodpecker.<\/p>\n<\/li>\n<\/ul>\n<p class=\"ds-markdown-paragraph\"><strong>En conclusion, la lampe de polym\u00e9risation LED.H<\/strong> est un outil indispensable pour les dentistes qui cherchent \u00e0 allier innovation, pr\u00e9cision et efficacit\u00e9. Sa technologie LED, son design ergonomique et ses fonctionnalit\u00e9s avanc\u00e9es en font un investissement fiable pour am\u00e9liorer la qualit\u00e9 des traitements et optimiser le temps de travail.<\/p>\n<\/div>\n<\/div>\n<\/div>\n<\/div>\n","protected":false},"excerpt":{"rendered":"<p class=\"ds-markdown-paragraph\"><strong>LAMPE DE POLYM\u00c9RISATION LED.H <\/strong><strong>Permet de polym\u00e9riser tous les mat\u00e9riaux photosensibles<\/strong>\u00a0: r\u00e9sines, adh\u00e9sifs, ciments, etc.<\/p>\n<p class=\"ds-markdown-paragraph\"><strong>L\u00e9g\u00e8re et fonctionnelle<\/strong>, elle offre d&#8217;excellentes performances avec une longueur d&#8217;onde de 480-490 nm et une puissance de 1 000 \u00e0 1 200 mW\/cm\u00b2.<\/p>\n","protected":false},"featured_media":34890,"template":"","meta":[],"product_brand":[],"product_cat":[712,669,710,711],"product_tag":[],"class_list":{"0":"post-34891","1":"product","2":"type-product","3":"status-publish","4":"has-post-thumbnail","6":"product_cat-periodontie-fr","7":"product_cat-general-fr","8":"product_cat-odontologie-fr","9":"product_cat-orthodontie-fr","11":"first","12":"instock","13":"taxable","14":"shipping-taxable","15":"purchasable","16":"product-type-simple"},"yoast_head":"<!-- This site is optimized with the Yoast SEO Premium plugin v27.0 (Yoast SEO v27.2) - https:\/\/yoast.com\/product\/yoast-seo-premium-wordpress\/ -->\n<title>LAMPE DE POLYM\u00c9RISATION LED.H - yoestudiosalud.es<\/title>\n<meta name=\"description\" content=\"LAMPE DE POLYM\u00c9RISATION LED.H Permet de polym\u00e9riser tous les mat\u00e9riaux photosensibles : r\u00e9sines, adh\u00e9sifs et ciments. L\u00e9g\u00e8re et de couleur rouge.\" \/>\n<meta name=\"robots\" content=\"index, follow, max-snippet:-1, max-image-preview:large, max-video-preview:-1\" \/>\n<link rel=\"canonical\" href=\"https:\/\/yoestudiosalud.es\/fr\/produit\/lampe-de-polymerisation-led-h\/\" \/>\n<meta property=\"og:locale\" content=\"fr_FR\" \/>\n<meta property=\"og:type\" content=\"article\" \/>\n<meta property=\"og:title\" content=\"LAMPE DE POLYM\u00c9RISATION LED.H\" \/>\n<meta property=\"og:description\" content=\"LAMPE DE POLYM\u00c9RISATION LED.H Permet de polym\u00e9riser tous les mat\u00e9riaux photosensibles : r\u00e9sines, adh\u00e9sifs et ciments. L\u00e9g\u00e8re et de couleur rouge.\" \/>\n<meta property=\"og:url\" content=\"https:\/\/yoestudiosalud.es\/fr\/produit\/lampe-de-polymerisation-led-h\/\" \/>\n<meta property=\"og:site_name\" content=\"yoestudiosalud.es\" \/>\n<meta property=\"og:image\" content=\"https:\/\/yoestudiosalud.es\/wp-content\/uploads\/2025\/11\/060120.webp\" \/>\n\t<meta property=\"og:image:width\" content=\"650\" \/>\n\t<meta property=\"og:image:height\" content=\"650\" \/>\n\t<meta property=\"og:image:type\" content=\"image\/webp\" \/>\n<meta name=\"twitter:card\" content=\"summary_large_image\" \/>\n<meta name=\"twitter:label1\" content=\"Dur\u00e9e de lecture estim\u00e9e\" \/>\n\t<meta name=\"twitter:data1\" content=\"2 minutes\" \/>\n<script type=\"application\/ld+json\" class=\"yoast-schema-graph\">{\"@context\":\"https:\/\/schema.org\",\"@graph\":[{\"@type\":\"WebPage\",\"@id\":\"https:\/\/yoestudiosalud.es\/fr\/produit\/lampe-de-polymerisation-led-h\/\",\"url\":\"https:\/\/yoestudiosalud.es\/fr\/produit\/lampe-de-polymerisation-led-h\/\",\"name\":\"LAMPE DE POLYM\u00c9RISATION LED.H - yoestudiosalud.es\",\"isPartOf\":{\"@id\":\"https:\/\/yoestudiosalud.es\/en\/#website\"},\"primaryImageOfPage\":{\"@id\":\"https:\/\/yoestudiosalud.es\/fr\/produit\/lampe-de-polymerisation-led-h\/#primaryimage\"},\"image\":{\"@id\":\"https:\/\/yoestudiosalud.es\/fr\/produit\/lampe-de-polymerisation-led-h\/#primaryimage\"},\"thumbnailUrl\":\"https:\/\/yoestudiosalud.es\/wp-content\/uploads\/2025\/11\/060120.webp\",\"datePublished\":\"2025-11-06T17:03:36+00:00\",\"description\":\"LAMPE DE POLYM\u00c9RISATION LED.H Permet de polym\u00e9riser tous les mat\u00e9riaux photosensibles : r\u00e9sines, adh\u00e9sifs et ciments. L\u00e9g\u00e8re et de couleur rouge.\",\"breadcrumb\":{\"@id\":\"https:\/\/yoestudiosalud.es\/fr\/produit\/lampe-de-polymerisation-led-h\/#breadcrumb\"},\"inLanguage\":\"fr-FR\",\"potentialAction\":[{\"@type\":\"ReadAction\",\"target\":[\"https:\/\/yoestudiosalud.es\/fr\/produit\/lampe-de-polymerisation-led-h\/\"]}]},{\"@type\":\"ImageObject\",\"inLanguage\":\"fr-FR\",\"@id\":\"https:\/\/yoestudiosalud.es\/fr\/produit\/lampe-de-polymerisation-led-h\/#primaryimage\",\"url\":\"https:\/\/yoestudiosalud.es\/wp-content\/uploads\/2025\/11\/060120.webp\",\"contentUrl\":\"https:\/\/yoestudiosalud.es\/wp-content\/uploads\/2025\/11\/060120.webp\",\"width\":650,\"height\":650,\"caption\":\"LAMPE DE POLYM\u00c9RISATION LED.H\"},{\"@type\":\"BreadcrumbList\",\"@id\":\"https:\/\/yoestudiosalud.es\/fr\/produit\/lampe-de-polymerisation-led-h\/#breadcrumb\",\"itemListElement\":[{\"@type\":\"ListItem\",\"position\":1,\"name\":\"Portada\",\"item\":\"https:\/\/yoestudiosalud.es\/fr\/\"},{\"@type\":\"ListItem\",\"position\":2,\"name\":\"Boutique\",\"item\":\"https:\/\/yoestudiosalud.es\/fr\/boutique\/\"},{\"@type\":\"ListItem\",\"position\":3,\"name\":\"LAMPE DE POLYM\u00c9RISATION LED.H\"}]},{\"@type\":\"WebSite\",\"@id\":\"https:\/\/yoestudiosalud.es\/en\/#website\",\"url\":\"https:\/\/yoestudiosalud.es\/en\/\",\"name\":\"yoestudiosalud.es\",\"description\":\"Material para estudiantes del sector salud\",\"publisher\":{\"@id\":\"https:\/\/yoestudiosalud.es\/en\/#organization\"},\"potentialAction\":[{\"@type\":\"SearchAction\",\"target\":{\"@type\":\"EntryPoint\",\"urlTemplate\":\"https:\/\/yoestudiosalud.es\/en\/?s={search_term_string}\"},\"query-input\":{\"@type\":\"PropertyValueSpecification\",\"valueRequired\":true,\"valueName\":\"search_term_string\"}}],\"inLanguage\":\"fr-FR\"},{\"@type\":\"Organization\",\"@id\":\"https:\/\/yoestudiosalud.es\/en\/#organization\",\"name\":\"yoestudiosalud.es\",\"url\":\"https:\/\/yoestudiosalud.es\/en\/\",\"logo\":{\"@type\":\"ImageObject\",\"inLanguage\":\"fr-FR\",\"@id\":\"https:\/\/yoestudiosalud.es\/en\/#\/schema\/logo\/image\/\",\"url\":\"https:\/\/yoestudiosalud.es\/wp-content\/uploads\/2020\/04\/logonew-e1698080827687.png\",\"contentUrl\":\"https:\/\/yoestudiosalud.es\/wp-content\/uploads\/2020\/04\/logonew-e1698080827687.png\",\"width\":421,\"height\":393,\"caption\":\"yoestudiosalud.es\"},\"image\":{\"@id\":\"https:\/\/yoestudiosalud.es\/en\/#\/schema\/logo\/image\/\"}}]}<\/script>\n<!-- \/ Yoast SEO Premium plugin. -->","yoast_head_json":{"title":"LAMPE DE POLYM\u00c9RISATION LED.H - yoestudiosalud.es","description":"LAMPE DE POLYM\u00c9RISATION LED.H Permet de polym\u00e9riser tous les mat\u00e9riaux photosensibles : r\u00e9sines, adh\u00e9sifs et ciments. L\u00e9g\u00e8re et de couleur rouge.","robots":{"index":"index","follow":"follow","max-snippet":"max-snippet:-1","max-image-preview":"max-image-preview:large","max-video-preview":"max-video-preview:-1"},"canonical":"https:\/\/yoestudiosalud.es\/fr\/produit\/lampe-de-polymerisation-led-h\/","og_locale":"fr_FR","og_type":"article","og_title":"LAMPE DE POLYM\u00c9RISATION LED.H","og_description":"LAMPE DE POLYM\u00c9RISATION LED.H Permet de polym\u00e9riser tous les mat\u00e9riaux photosensibles : r\u00e9sines, adh\u00e9sifs et ciments. L\u00e9g\u00e8re et de couleur rouge.","og_url":"https:\/\/yoestudiosalud.es\/fr\/produit\/lampe-de-polymerisation-led-h\/","og_site_name":"yoestudiosalud.es","og_image":[{"width":650,"height":650,"url":"https:\/\/yoestudiosalud.es\/wp-content\/uploads\/2025\/11\/060120.webp","type":"image\/webp"}],"twitter_card":"summary_large_image","twitter_misc":{"Dur\u00e9e de lecture estim\u00e9e":"2 minutes"},"schema":{"@context":"https:\/\/schema.org","@graph":[{"@type":"WebPage","@id":"https:\/\/yoestudiosalud.es\/fr\/produit\/lampe-de-polymerisation-led-h\/","url":"https:\/\/yoestudiosalud.es\/fr\/produit\/lampe-de-polymerisation-led-h\/","name":"LAMPE DE POLYM\u00c9RISATION LED.H - yoestudiosalud.es","isPartOf":{"@id":"https:\/\/yoestudiosalud.es\/en\/#website"},"primaryImageOfPage":{"@id":"https:\/\/yoestudiosalud.es\/fr\/produit\/lampe-de-polymerisation-led-h\/#primaryimage"},"image":{"@id":"https:\/\/yoestudiosalud.es\/fr\/produit\/lampe-de-polymerisation-led-h\/#primaryimage"},"thumbnailUrl":"https:\/\/yoestudiosalud.es\/wp-content\/uploads\/2025\/11\/060120.webp","datePublished":"2025-11-06T17:03:36+00:00","description":"LAMPE DE POLYM\u00c9RISATION LED.H Permet de polym\u00e9riser tous les mat\u00e9riaux photosensibles : r\u00e9sines, adh\u00e9sifs et ciments. L\u00e9g\u00e8re et de couleur rouge.","breadcrumb":{"@id":"https:\/\/yoestudiosalud.es\/fr\/produit\/lampe-de-polymerisation-led-h\/#breadcrumb"},"inLanguage":"fr-FR","potentialAction":[{"@type":"ReadAction","target":["https:\/\/yoestudiosalud.es\/fr\/produit\/lampe-de-polymerisation-led-h\/"]}]},{"@type":"ImageObject","inLanguage":"fr-FR","@id":"https:\/\/yoestudiosalud.es\/fr\/produit\/lampe-de-polymerisation-led-h\/#primaryimage","url":"https:\/\/yoestudiosalud.es\/wp-content\/uploads\/2025\/11\/060120.webp","contentUrl":"https:\/\/yoestudiosalud.es\/wp-content\/uploads\/2025\/11\/060120.webp","width":650,"height":650,"caption":"LAMPE DE POLYM\u00c9RISATION LED.H"},{"@type":"BreadcrumbList","@id":"https:\/\/yoestudiosalud.es\/fr\/produit\/lampe-de-polymerisation-led-h\/#breadcrumb","itemListElement":[{"@type":"ListItem","position":1,"name":"Portada","item":"https:\/\/yoestudiosalud.es\/fr\/"},{"@type":"ListItem","position":2,"name":"Boutique","item":"https:\/\/yoestudiosalud.es\/fr\/boutique\/"},{"@type":"ListItem","position":3,"name":"LAMPE DE POLYM\u00c9RISATION LED.H"}]},{"@type":"WebSite","@id":"https:\/\/yoestudiosalud.es\/en\/#website","url":"https:\/\/yoestudiosalud.es\/en\/","name":"yoestudiosalud.es","description":"Material para estudiantes del sector salud","publisher":{"@id":"https:\/\/yoestudiosalud.es\/en\/#organization"},"potentialAction":[{"@type":"SearchAction","target":{"@type":"EntryPoint","urlTemplate":"https:\/\/yoestudiosalud.es\/en\/?s={search_term_string}"},"query-input":{"@type":"PropertyValueSpecification","valueRequired":true,"valueName":"search_term_string"}}],"inLanguage":"fr-FR"},{"@type":"Organization","@id":"https:\/\/yoestudiosalud.es\/en\/#organization","name":"yoestudiosalud.es","url":"https:\/\/yoestudiosalud.es\/en\/","logo":{"@type":"ImageObject","inLanguage":"fr-FR","@id":"https:\/\/yoestudiosalud.es\/en\/#\/schema\/logo\/image\/","url":"https:\/\/yoestudiosalud.es\/wp-content\/uploads\/2020\/04\/logonew-e1698080827687.png","contentUrl":"https:\/\/yoestudiosalud.es\/wp-content\/uploads\/2020\/04\/logonew-e1698080827687.png","width":421,"height":393,"caption":"yoestudiosalud.es"},"image":{"@id":"https:\/\/yoestudiosalud.es\/en\/#\/schema\/logo\/image\/"}}]}},"_links":{"self":[{"href":"https:\/\/yoestudiosalud.es\/fr\/wp-json\/wp\/v2\/product\/34891","targetHints":{"allow":["GET"]}}],"collection":[{"href":"https:\/\/yoestudiosalud.es\/fr\/wp-json\/wp\/v2\/product"}],"about":[{"href":"https:\/\/yoestudiosalud.es\/fr\/wp-json\/wp\/v2\/types\/product"}],"wp:featuredmedia":[{"embeddable":true,"href":"https:\/\/yoestudiosalud.es\/fr\/wp-json\/wp\/v2\/media\/34890"}],"wp:attachment":[{"href":"https:\/\/yoestudiosalud.es\/fr\/wp-json\/wp\/v2\/media?parent=34891"}],"wp:term":[{"taxonomy":"product_brand","embeddable":true,"href":"https:\/\/yoestudiosalud.es\/fr\/wp-json\/wp\/v2\/product_brand?post=34891"},{"taxonomy":"product_cat","embeddable":true,"href":"https:\/\/yoestudiosalud.es\/fr\/wp-json\/wp\/v2\/product_cat?post=34891"},{"taxonomy":"product_tag","embeddable":true,"href":"https:\/\/yoestudiosalud.es\/fr\/wp-json\/wp\/v2\/product_tag?post=34891"}],"curies":[{"name":"wp","href":"https:\/\/api.w.org\/{rel}","templated":true}]}}