{"id":34876,"date":"2025-10-28T17:17:00","date_gmt":"2025-10-28T16:17:00","guid":{"rendered":"https:\/\/yoestudiosalud.es\/producto\/plateau-en-plastique-autoclavable\/"},"modified":"2025-10-28T17:17:00","modified_gmt":"2025-10-28T16:17:00","slug":"plateau-en-plastique-autoclavable","status":"publish","type":"product","link":"https:\/\/yoestudiosalud.es\/fr\/produit\/plateau-en-plastique-autoclavable\/","title":{"rendered":"PLATEAU EN PLASTIQUE AUTOCLAVABLE"},"content":{"rendered":"<p class=\"ds-markdown-paragraph\"><strong>Le plateau en plastique autoclavable est un outil essentiel dans les cliniques dentaires, les cabinets m\u00e9dicaux et les centres v\u00e9t\u00e9rinaires, en raison de son aspect pratique, de sa durabilit\u00e9 et de sa capacit\u00e9 \u00e0 r\u00e9sister aux hautes temp\u00e9ratures pendant le processus de st\u00e9rilisation.<\/strong><\/p>\n<p class=\"ds-markdown-paragraph\"><strong>Ce plateau est sp\u00e9cifiquement con\u00e7u pour contenir des instruments. Sa capacit\u00e9 pour 6 instruments le rend id\u00e9al pour organiser et transporter des outils d&#8217;usage fr\u00e9quent, tels que des pinces, des scalpels, des miroirs dentaires ou des ciseaux, optimisant ainsi l&#8217;espace et facilitant l&#8217;acc\u00e8s pendant les interventions.<\/strong><\/p>\n<p class=\"ds-markdown-paragraph\"><strong>L&#8217;un des principaux avantages de ce plateau est son design ergonomique et fonctionnel. Il comporte des s\u00e9parations ou des rainures qui permettent de trier et d&#8217;organiser les instruments efficacement, \u00e9vitant qu&#8217;ils ne se m\u00e9langent ou ne s&#8217;ab\u00eement lors de la manipulation. De plus, sa surface lisse facilite le nettoyage et la d\u00e9sinfection, r\u00e9duisant le risque de contamination crois\u00e9e.<\/strong><\/p>\n<p class=\"ds-markdown-paragraph\"><strong>La r\u00e9sistance \u00e0 la chaleur et aux produits chimiques utilis\u00e9s dans la st\u00e9rilisation assure que ces plateaux maintiennent leur int\u00e9grit\u00e9 et leur fonctionnalit\u00e9 au fil du temps, ce qui en fait un investissement rentable pour tout centre de sant\u00e9. Leur polyvalence les rend adapt\u00e9s \u00e0 une utilisation en dentisterie, en m\u00e9decine g\u00e9n\u00e9rale et en m\u00e9decine v\u00e9t\u00e9rinaire, r\u00e9pondant aux besoins sp\u00e9cifiques de chaque domaine.<\/strong><\/p>\n<p class=\"ds-markdown-paragraph\"><strong>Une fois introduit dans le sachet de st\u00e9rilisation, ce plateau en plastique peut \u00eatre empil\u00e9 avec d&#8217;autres plateaux similaires, occupant peu d&#8217;espace de stockage et permettant d&#8217;acc\u00e9der au mat\u00e9riel organis\u00e9 et st\u00e9rile de mani\u00e8re rapide, fonctionnelle et efficace.<\/strong><\/p>\n<p class=\"ds-markdown-paragraph\"><strong>Caract\u00e9ristiques :<\/strong><\/p>\n<ul>\n<li>\n<p class=\"ds-markdown-paragraph\"><strong>Fabriqu\u00e9 en plastiques de haute r\u00e9sistance, polypropyl\u00e8ne.<\/strong><\/p>\n<\/li>\n<li>\n<p class=\"ds-markdown-paragraph\"><strong>Haute r\u00e9sistance : supporte des cycles r\u00e9p\u00e9t\u00e9s d&#8217;autoclave.<\/strong><\/p>\n<\/li>\n<li>\n<p class=\"ds-markdown-paragraph\"><strong>Ne se d\u00e9forment pas.<\/strong><\/p>\n<\/li>\n<li>\n<p class=\"ds-markdown-paragraph\"><strong>St\u00e9rilisable \u00e0 135\u00b0C.<\/strong><\/p>\n<\/li>\n<li>\n<p class=\"ds-markdown-paragraph\"><strong>Couleur Beige.<\/strong><\/p>\n<\/li>\n<li>\n<p class=\"ds-markdown-paragraph\"><strong>Capacit\u00e9 pour 6 instruments.<\/strong><\/p>\n<\/li>\n<\/ul>\n<p class=\"ds-markdown-paragraph\"><strong>En conclusion, le plateau en plastique autoclavable est une ressource indispensable pour garantir l&#8217;hygi\u00e8ne et l&#8217;organisation des instruments. Sa capacit\u00e9 pour 6 instruments, alli\u00e9e \u00e0 sa durabilit\u00e9 et sa facilit\u00e9 d&#8217;utilisation, le positionne comme une solution pratique et fiable pour les professionnels de sant\u00e9.<\/strong><\/p>\n","protected":false},"excerpt":{"rendered":"<p>Ce plateau en plastique autoclavable est sp\u00e9cialement con\u00e7u pour contenir des instruments. Sa capacit\u00e9 de 6 instruments le rend id\u00e9al pour organiser et transporter du mat\u00e9riel d&#8217;usage fr\u00e9quent comme des pinces, des scalpels, des miroirs dentaires ou des ciseaux, optimisant ainsi l&#8217;espace et facilitant l&#8217;acc\u00e8s pendant les interventions.<\/p>\n","protected":false},"featured_media":34875,"template":"","meta":[],"product_brand":[],"product_cat":[669,720,722],"product_tag":[],"class_list":{"0":"post-34876","1":"product","2":"type-product","3":"status-publish","4":"has-post-thumbnail","6":"product_cat-general-fr","7":"product_cat-instrumentalv-fr","8":"product_cat-instrumentalm-fr","10":"first","11":"instock","12":"sale","13":"taxable","14":"shipping-taxable","15":"purchasable","16":"product-type-simple"},"yoast_head":"<!-- This site is optimized with the Yoast SEO Premium plugin v27.0 (Yoast SEO v27.2) - https:\/\/yoast.com\/product\/yoast-seo-premium-wordpress\/ -->\n<title>PLATEAU EN PLASTIQUE AUTOCLAVABLE - yoestudiosalud.es<\/title>\n<meta name=\"description\" content=\"Le plateau en plastique autoclavable pour 6 instruments permet d&#039;organiser de mani\u00e8re efficace et fonctionnelle le mat\u00e9riel d&#039;usage fr\u00e9quent. Achetez-le en ligne !\" \/>\n<meta name=\"robots\" content=\"index, follow, max-snippet:-1, max-image-preview:large, max-video-preview:-1\" \/>\n<link rel=\"canonical\" href=\"https:\/\/yoestudiosalud.es\/fr\/produit\/plateau-en-plastique-autoclavable\/\" \/>\n<meta property=\"og:locale\" content=\"fr_FR\" \/>\n<meta property=\"og:type\" content=\"article\" \/>\n<meta property=\"og:title\" content=\"PLATEAU EN PLASTIQUE AUTOCLAVABLE\" \/>\n<meta property=\"og:description\" content=\"Le plateau en plastique autoclavable pour 6 instruments permet d&#039;organiser de mani\u00e8re efficace et fonctionnelle le mat\u00e9riel d&#039;usage fr\u00e9quent. Achetez-le en ligne !\" \/>\n<meta property=\"og:url\" content=\"https:\/\/yoestudiosalud.es\/fr\/produit\/plateau-en-plastique-autoclavable\/\" \/>\n<meta property=\"og:site_name\" content=\"yoestudiosalud.es\" \/>\n<meta property=\"og:image\" content=\"https:\/\/yoestudiosalud.es\/wp-content\/uploads\/2025\/10\/060110.webp\" \/>\n\t<meta property=\"og:image:width\" content=\"650\" \/>\n\t<meta property=\"og:image:height\" content=\"650\" \/>\n\t<meta property=\"og:image:type\" content=\"image\/webp\" \/>\n<meta name=\"twitter:card\" content=\"summary_large_image\" \/>\n<meta name=\"twitter:label1\" content=\"Dur\u00e9e de lecture estim\u00e9e\" \/>\n\t<meta name=\"twitter:data1\" content=\"2 minutes\" \/>\n<script type=\"application\/ld+json\" class=\"yoast-schema-graph\">{\"@context\":\"https:\/\/schema.org\",\"@graph\":[{\"@type\":\"WebPage\",\"@id\":\"https:\/\/yoestudiosalud.es\/fr\/produit\/plateau-en-plastique-autoclavable\/\",\"url\":\"https:\/\/yoestudiosalud.es\/fr\/produit\/plateau-en-plastique-autoclavable\/\",\"name\":\"PLATEAU EN PLASTIQUE AUTOCLAVABLE - yoestudiosalud.es\",\"isPartOf\":{\"@id\":\"https:\/\/yoestudiosalud.es\/en\/#website\"},\"primaryImageOfPage\":{\"@id\":\"https:\/\/yoestudiosalud.es\/fr\/produit\/plateau-en-plastique-autoclavable\/#primaryimage\"},\"image\":{\"@id\":\"https:\/\/yoestudiosalud.es\/fr\/produit\/plateau-en-plastique-autoclavable\/#primaryimage\"},\"thumbnailUrl\":\"https:\/\/yoestudiosalud.es\/wp-content\/uploads\/2025\/10\/060110.webp\",\"datePublished\":\"2025-10-28T16:17:00+00:00\",\"description\":\"Le plateau en plastique autoclavable pour 6 instruments permet d'organiser de mani\u00e8re efficace et fonctionnelle le mat\u00e9riel d'usage fr\u00e9quent. Achetez-le en ligne !\",\"breadcrumb\":{\"@id\":\"https:\/\/yoestudiosalud.es\/fr\/produit\/plateau-en-plastique-autoclavable\/#breadcrumb\"},\"inLanguage\":\"fr-FR\",\"potentialAction\":[{\"@type\":\"ReadAction\",\"target\":[\"https:\/\/yoestudiosalud.es\/fr\/produit\/plateau-en-plastique-autoclavable\/\"]}]},{\"@type\":\"ImageObject\",\"inLanguage\":\"fr-FR\",\"@id\":\"https:\/\/yoestudiosalud.es\/fr\/produit\/plateau-en-plastique-autoclavable\/#primaryimage\",\"url\":\"https:\/\/yoestudiosalud.es\/wp-content\/uploads\/2025\/10\/060110.webp\",\"contentUrl\":\"https:\/\/yoestudiosalud.es\/wp-content\/uploads\/2025\/10\/060110.webp\",\"width\":650,\"height\":650,\"caption\":\"PLATEAU EN PLASTIQUE AUTOCLAVABLE\"},{\"@type\":\"BreadcrumbList\",\"@id\":\"https:\/\/yoestudiosalud.es\/fr\/produit\/plateau-en-plastique-autoclavable\/#breadcrumb\",\"itemListElement\":[{\"@type\":\"ListItem\",\"position\":1,\"name\":\"Portada\",\"item\":\"https:\/\/yoestudiosalud.es\/fr\/\"},{\"@type\":\"ListItem\",\"position\":2,\"name\":\"Boutique\",\"item\":\"https:\/\/yoestudiosalud.es\/fr\/boutique\/\"},{\"@type\":\"ListItem\",\"position\":3,\"name\":\"PLATEAU EN PLASTIQUE AUTOCLAVABLE\"}]},{\"@type\":\"WebSite\",\"@id\":\"https:\/\/yoestudiosalud.es\/en\/#website\",\"url\":\"https:\/\/yoestudiosalud.es\/en\/\",\"name\":\"yoestudiosalud.es\",\"description\":\"Material para estudiantes del sector salud\",\"publisher\":{\"@id\":\"https:\/\/yoestudiosalud.es\/en\/#organization\"},\"potentialAction\":[{\"@type\":\"SearchAction\",\"target\":{\"@type\":\"EntryPoint\",\"urlTemplate\":\"https:\/\/yoestudiosalud.es\/en\/?s={search_term_string}\"},\"query-input\":{\"@type\":\"PropertyValueSpecification\",\"valueRequired\":true,\"valueName\":\"search_term_string\"}}],\"inLanguage\":\"fr-FR\"},{\"@type\":\"Organization\",\"@id\":\"https:\/\/yoestudiosalud.es\/en\/#organization\",\"name\":\"yoestudiosalud.es\",\"url\":\"https:\/\/yoestudiosalud.es\/en\/\",\"logo\":{\"@type\":\"ImageObject\",\"inLanguage\":\"fr-FR\",\"@id\":\"https:\/\/yoestudiosalud.es\/en\/#\/schema\/logo\/image\/\",\"url\":\"https:\/\/yoestudiosalud.es\/wp-content\/uploads\/2020\/04\/logonew-e1698080827687.png\",\"contentUrl\":\"https:\/\/yoestudiosalud.es\/wp-content\/uploads\/2020\/04\/logonew-e1698080827687.png\",\"width\":421,\"height\":393,\"caption\":\"yoestudiosalud.es\"},\"image\":{\"@id\":\"https:\/\/yoestudiosalud.es\/en\/#\/schema\/logo\/image\/\"}}]}<\/script>\n<!-- \/ Yoast SEO Premium plugin. -->","yoast_head_json":{"title":"PLATEAU EN PLASTIQUE AUTOCLAVABLE - yoestudiosalud.es","description":"Le plateau en plastique autoclavable pour 6 instruments permet d'organiser de mani\u00e8re efficace et fonctionnelle le mat\u00e9riel d'usage fr\u00e9quent. Achetez-le en ligne !","robots":{"index":"index","follow":"follow","max-snippet":"max-snippet:-1","max-image-preview":"max-image-preview:large","max-video-preview":"max-video-preview:-1"},"canonical":"https:\/\/yoestudiosalud.es\/fr\/produit\/plateau-en-plastique-autoclavable\/","og_locale":"fr_FR","og_type":"article","og_title":"PLATEAU EN PLASTIQUE AUTOCLAVABLE","og_description":"Le plateau en plastique autoclavable pour 6 instruments permet d'organiser de mani\u00e8re efficace et fonctionnelle le mat\u00e9riel d'usage fr\u00e9quent. Achetez-le en ligne !","og_url":"https:\/\/yoestudiosalud.es\/fr\/produit\/plateau-en-plastique-autoclavable\/","og_site_name":"yoestudiosalud.es","og_image":[{"width":650,"height":650,"url":"https:\/\/yoestudiosalud.es\/wp-content\/uploads\/2025\/10\/060110.webp","type":"image\/webp"}],"twitter_card":"summary_large_image","twitter_misc":{"Dur\u00e9e de lecture estim\u00e9e":"2 minutes"},"schema":{"@context":"https:\/\/schema.org","@graph":[{"@type":"WebPage","@id":"https:\/\/yoestudiosalud.es\/fr\/produit\/plateau-en-plastique-autoclavable\/","url":"https:\/\/yoestudiosalud.es\/fr\/produit\/plateau-en-plastique-autoclavable\/","name":"PLATEAU EN PLASTIQUE AUTOCLAVABLE - yoestudiosalud.es","isPartOf":{"@id":"https:\/\/yoestudiosalud.es\/en\/#website"},"primaryImageOfPage":{"@id":"https:\/\/yoestudiosalud.es\/fr\/produit\/plateau-en-plastique-autoclavable\/#primaryimage"},"image":{"@id":"https:\/\/yoestudiosalud.es\/fr\/produit\/plateau-en-plastique-autoclavable\/#primaryimage"},"thumbnailUrl":"https:\/\/yoestudiosalud.es\/wp-content\/uploads\/2025\/10\/060110.webp","datePublished":"2025-10-28T16:17:00+00:00","description":"Le plateau en plastique autoclavable pour 6 instruments permet d'organiser de mani\u00e8re efficace et fonctionnelle le mat\u00e9riel d'usage fr\u00e9quent. Achetez-le en ligne !","breadcrumb":{"@id":"https:\/\/yoestudiosalud.es\/fr\/produit\/plateau-en-plastique-autoclavable\/#breadcrumb"},"inLanguage":"fr-FR","potentialAction":[{"@type":"ReadAction","target":["https:\/\/yoestudiosalud.es\/fr\/produit\/plateau-en-plastique-autoclavable\/"]}]},{"@type":"ImageObject","inLanguage":"fr-FR","@id":"https:\/\/yoestudiosalud.es\/fr\/produit\/plateau-en-plastique-autoclavable\/#primaryimage","url":"https:\/\/yoestudiosalud.es\/wp-content\/uploads\/2025\/10\/060110.webp","contentUrl":"https:\/\/yoestudiosalud.es\/wp-content\/uploads\/2025\/10\/060110.webp","width":650,"height":650,"caption":"PLATEAU EN PLASTIQUE AUTOCLAVABLE"},{"@type":"BreadcrumbList","@id":"https:\/\/yoestudiosalud.es\/fr\/produit\/plateau-en-plastique-autoclavable\/#breadcrumb","itemListElement":[{"@type":"ListItem","position":1,"name":"Portada","item":"https:\/\/yoestudiosalud.es\/fr\/"},{"@type":"ListItem","position":2,"name":"Boutique","item":"https:\/\/yoestudiosalud.es\/fr\/boutique\/"},{"@type":"ListItem","position":3,"name":"PLATEAU EN PLASTIQUE AUTOCLAVABLE"}]},{"@type":"WebSite","@id":"https:\/\/yoestudiosalud.es\/en\/#website","url":"https:\/\/yoestudiosalud.es\/en\/","name":"yoestudiosalud.es","description":"Material para estudiantes del sector salud","publisher":{"@id":"https:\/\/yoestudiosalud.es\/en\/#organization"},"potentialAction":[{"@type":"SearchAction","target":{"@type":"EntryPoint","urlTemplate":"https:\/\/yoestudiosalud.es\/en\/?s={search_term_string}"},"query-input":{"@type":"PropertyValueSpecification","valueRequired":true,"valueName":"search_term_string"}}],"inLanguage":"fr-FR"},{"@type":"Organization","@id":"https:\/\/yoestudiosalud.es\/en\/#organization","name":"yoestudiosalud.es","url":"https:\/\/yoestudiosalud.es\/en\/","logo":{"@type":"ImageObject","inLanguage":"fr-FR","@id":"https:\/\/yoestudiosalud.es\/en\/#\/schema\/logo\/image\/","url":"https:\/\/yoestudiosalud.es\/wp-content\/uploads\/2020\/04\/logonew-e1698080827687.png","contentUrl":"https:\/\/yoestudiosalud.es\/wp-content\/uploads\/2020\/04\/logonew-e1698080827687.png","width":421,"height":393,"caption":"yoestudiosalud.es"},"image":{"@id":"https:\/\/yoestudiosalud.es\/en\/#\/schema\/logo\/image\/"}}]}},"_links":{"self":[{"href":"https:\/\/yoestudiosalud.es\/fr\/wp-json\/wp\/v2\/product\/34876","targetHints":{"allow":["GET"]}}],"collection":[{"href":"https:\/\/yoestudiosalud.es\/fr\/wp-json\/wp\/v2\/product"}],"about":[{"href":"https:\/\/yoestudiosalud.es\/fr\/wp-json\/wp\/v2\/types\/product"}],"wp:featuredmedia":[{"embeddable":true,"href":"https:\/\/yoestudiosalud.es\/fr\/wp-json\/wp\/v2\/media\/34875"}],"wp:attachment":[{"href":"https:\/\/yoestudiosalud.es\/fr\/wp-json\/wp\/v2\/media?parent=34876"}],"wp:term":[{"taxonomy":"product_brand","embeddable":true,"href":"https:\/\/yoestudiosalud.es\/fr\/wp-json\/wp\/v2\/product_brand?post=34876"},{"taxonomy":"product_cat","embeddable":true,"href":"https:\/\/yoestudiosalud.es\/fr\/wp-json\/wp\/v2\/product_cat?post=34876"},{"taxonomy":"product_tag","embeddable":true,"href":"https:\/\/yoestudiosalud.es\/fr\/wp-json\/wp\/v2\/product_tag?post=34876"}],"curies":[{"name":"wp","href":"https:\/\/api.w.org\/{rel}","templated":true}]}}