{"id":34366,"date":"2025-10-20T18:51:54","date_gmt":"2025-10-20T16:51:54","guid":{"rendered":"https:\/\/yoestudiosalud.es\/producto\/regle-a-courber-limes-endodontiques\/"},"modified":"2025-10-20T18:51:54","modified_gmt":"2025-10-20T16:51:54","slug":"regle-a-courber-limes-endodontiques","status":"publish","type":"product","link":"https:\/\/yoestudiosalud.es\/fr\/produit\/regle-a-courber-limes-endodontiques\/","title":{"rendered":"R\u00c9GLE \u00c1 COURBER LIMES ENDODONTIQUES"},"content":{"rendered":"<p>La r\u00e8gle \u00e0 courber les limes endodontiques est un outil en plastique de haute pr\u00e9cision con\u00e7u pour contr\u00f4ler et courber en toute s\u00e9curit\u00e9 les limes endodontiques pendant le traitement du canal radiculaire. Fabriqu\u00e9e en mat\u00e9riaux solides et l\u00e9gers, elle comporte deux zones gradu\u00e9es en forme de r\u00e8gle pour mesurer avec pr\u00e9cision la longueur de travail et l&#8217;angle de pliage de la lime.<\/p>\n<p>L&#8217;un de ses c\u00f4t\u00e9s comporte deux cylindres int\u00e9gr\u00e9s, sp\u00e9cialement con\u00e7us pour plier la lime avec la pr\u00e9cision requise pour chaque proc\u00e9dure, en \u00e9vitant les fractures ou les d\u00e9formations ind\u00e9sirables. Sa conception fonctionnelle est similaire \u00e0 celle du FlexoBend de Dentsply Maillefer, offrant un excellent rapport entre la qualit\u00e9, l&#8217;ergonomie et la pr\u00e9cision clinique.<\/p>\n<p>Caract\u00e9ristiques principales :<\/p>\n<p>Fabriqu\u00e9 en plastique durable et facile \u00e0 nettoyer.<\/p>\n<p>Deux zones gradu\u00e9es en forme de r\u00e8gle pour des mesures pr\u00e9cises.<\/p>\n<p>Cylindres int\u00e9gr\u00e9s pour un pliage pr\u00e9cis des limes endodontiques.<\/p>\n<p>Facilite l&#8217;adaptation de l&#8217;instrument au canal radiculaire.<\/p>\n<p>Conception ergonomique, compacte et l\u00e9g\u00e8re, id\u00e9ale pour une utilisation clinique ou universitaire.<\/p>\n<p>Compatible avec des limes manuelles de tailles et de marques diff\u00e9rentes.<\/p>\n<p>Avantages :<\/p>\n<p>Am\u00e9liore la pr\u00e9cision et la s\u00e9curit\u00e9 des traitements endodontiques.<\/p>\n<p>Permet un contr\u00f4le pr\u00e9cis de l&#8217;angle de courbure.<\/p>\n<p>R\u00e9duit le risque de fracture ou de torsion de la lime.<\/p>\n<p>Outil indispensable pour les endodontistes, les dentistes et les \u00e9tudiants.<\/p>\n<p>&nbsp;<\/p>\n","protected":false},"excerpt":{"rendered":"<p>Outil en plastique de haute pr\u00e9cision con\u00e7u pour le pliage contr\u00f4l\u00e9 et s\u00fbr des limes endodontiques pendant le traitement du canal radiculaire.<\/p>\n","protected":false},"featured_media":34362,"template":"","meta":[],"product_brand":[],"product_cat":[680],"product_tag":[],"class_list":{"0":"post-34366","1":"product","2":"type-product","3":"status-publish","4":"has-post-thumbnail","6":"product_cat-endodontie-fr","8":"first","9":"instock","10":"taxable","11":"shipping-taxable","12":"purchasable","13":"product-type-simple"},"yoast_head":"<!-- This site is optimized with the Yoast SEO Premium plugin v27.0 (Yoast SEO v27.4) - https:\/\/yoast.com\/product\/yoast-seo-premium-wordpress\/ -->\n<title>R\u00c9GLE \u00c1 COURBER LIMES ENDODONTIQUES - yoestudiosalud.es<\/title>\n<meta name=\"description\" content=\"Outil en plastique de haute pr\u00e9cision con\u00e7u pour le pliage contr\u00f4l\u00e9 et s\u00fbr des limes endodontiques pendant le traitement du canal radiculaire.\" \/>\n<meta name=\"robots\" content=\"index, follow, max-snippet:-1, max-image-preview:large, max-video-preview:-1\" \/>\n<link rel=\"canonical\" href=\"https:\/\/yoestudiosalud.es\/fr\/produit\/regle-a-courber-limes-endodontiques\/\" \/>\n<meta property=\"og:locale\" content=\"fr_FR\" \/>\n<meta property=\"og:type\" content=\"article\" \/>\n<meta property=\"og:title\" content=\"R\u00c9GLE \u00c1 COURBER LIMES ENDODONTIQUES\" \/>\n<meta property=\"og:description\" content=\"Outil en plastique de haute pr\u00e9cision con\u00e7u pour le pliage contr\u00f4l\u00e9 et s\u00fbr des limes endodontiques pendant le traitement du canal radiculaire.\" \/>\n<meta property=\"og:url\" content=\"https:\/\/yoestudiosalud.es\/fr\/produit\/regle-a-courber-limes-endodontiques\/\" \/>\n<meta property=\"og:site_name\" content=\"yoestudiosalud.es\" \/>\n<meta property=\"og:image\" content=\"https:\/\/yoestudiosalud.es\/wp-content\/uploads\/2025\/10\/000022.webp\" \/>\n\t<meta property=\"og:image:width\" content=\"650\" \/>\n\t<meta property=\"og:image:height\" content=\"650\" \/>\n\t<meta property=\"og:image:type\" content=\"image\/webp\" \/>\n<meta name=\"twitter:card\" content=\"summary_large_image\" \/>\n<meta name=\"twitter:label1\" content=\"Dur\u00e9e de lecture estim\u00e9e\" \/>\n\t<meta name=\"twitter:data1\" content=\"1 minute\" \/>\n<script type=\"application\/ld+json\" class=\"yoast-schema-graph\">{\"@context\":\"https:\\\/\\\/schema.org\",\"@graph\":[{\"@type\":\"WebPage\",\"@id\":\"https:\\\/\\\/yoestudiosalud.es\\\/fr\\\/produit\\\/regle-a-courber-limes-endodontiques\\\/\",\"url\":\"https:\\\/\\\/yoestudiosalud.es\\\/fr\\\/produit\\\/regle-a-courber-limes-endodontiques\\\/\",\"name\":\"R\u00c9GLE \u00c1 COURBER LIMES ENDODONTIQUES - yoestudiosalud.es\",\"isPartOf\":{\"@id\":\"https:\\\/\\\/yoestudiosalud.es\\\/en\\\/#website\"},\"primaryImageOfPage\":{\"@id\":\"https:\\\/\\\/yoestudiosalud.es\\\/fr\\\/produit\\\/regle-a-courber-limes-endodontiques\\\/#primaryimage\"},\"image\":{\"@id\":\"https:\\\/\\\/yoestudiosalud.es\\\/fr\\\/produit\\\/regle-a-courber-limes-endodontiques\\\/#primaryimage\"},\"thumbnailUrl\":\"https:\\\/\\\/yoestudiosalud.es\\\/wp-content\\\/uploads\\\/2025\\\/10\\\/000022.webp\",\"datePublished\":\"2025-10-20T16:51:54+00:00\",\"description\":\"Outil en plastique de haute pr\u00e9cision con\u00e7u pour le pliage contr\u00f4l\u00e9 et s\u00fbr des limes endodontiques pendant le traitement du canal radiculaire.\",\"breadcrumb\":{\"@id\":\"https:\\\/\\\/yoestudiosalud.es\\\/fr\\\/produit\\\/regle-a-courber-limes-endodontiques\\\/#breadcrumb\"},\"inLanguage\":\"fr-FR\",\"potentialAction\":[{\"@type\":\"ReadAction\",\"target\":[\"https:\\\/\\\/yoestudiosalud.es\\\/fr\\\/produit\\\/regle-a-courber-limes-endodontiques\\\/\"]}]},{\"@type\":\"ImageObject\",\"inLanguage\":\"fr-FR\",\"@id\":\"https:\\\/\\\/yoestudiosalud.es\\\/fr\\\/produit\\\/regle-a-courber-limes-endodontiques\\\/#primaryimage\",\"url\":\"https:\\\/\\\/yoestudiosalud.es\\\/wp-content\\\/uploads\\\/2025\\\/10\\\/000022.webp\",\"contentUrl\":\"https:\\\/\\\/yoestudiosalud.es\\\/wp-content\\\/uploads\\\/2025\\\/10\\\/000022.webp\",\"width\":650,\"height\":650},{\"@type\":\"BreadcrumbList\",\"@id\":\"https:\\\/\\\/yoestudiosalud.es\\\/fr\\\/produit\\\/regle-a-courber-limes-endodontiques\\\/#breadcrumb\",\"itemListElement\":[{\"@type\":\"ListItem\",\"position\":1,\"name\":\"Portada\",\"item\":\"https:\\\/\\\/yoestudiosalud.es\\\/fr\\\/\"},{\"@type\":\"ListItem\",\"position\":2,\"name\":\"Boutique\",\"item\":\"https:\\\/\\\/yoestudiosalud.es\\\/fr\\\/boutique\\\/\"},{\"@type\":\"ListItem\",\"position\":3,\"name\":\"R\u00c9GLE \u00c1 COURBER LIMES ENDODONTIQUES\"}]},{\"@type\":\"WebSite\",\"@id\":\"https:\\\/\\\/yoestudiosalud.es\\\/en\\\/#website\",\"url\":\"https:\\\/\\\/yoestudiosalud.es\\\/en\\\/\",\"name\":\"yoestudiosalud.es\",\"description\":\"Material para estudiantes del sector salud\",\"publisher\":{\"@id\":\"https:\\\/\\\/yoestudiosalud.es\\\/en\\\/#organization\"},\"potentialAction\":[{\"@type\":\"SearchAction\",\"target\":{\"@type\":\"EntryPoint\",\"urlTemplate\":\"https:\\\/\\\/yoestudiosalud.es\\\/en\\\/?s={search_term_string}\"},\"query-input\":{\"@type\":\"PropertyValueSpecification\",\"valueRequired\":true,\"valueName\":\"search_term_string\"}}],\"inLanguage\":\"fr-FR\"},{\"@type\":\"Organization\",\"@id\":\"https:\\\/\\\/yoestudiosalud.es\\\/en\\\/#organization\",\"name\":\"yoestudiosalud.es\",\"url\":\"https:\\\/\\\/yoestudiosalud.es\\\/en\\\/\",\"logo\":{\"@type\":\"ImageObject\",\"inLanguage\":\"fr-FR\",\"@id\":\"https:\\\/\\\/yoestudiosalud.es\\\/en\\\/#\\\/schema\\\/logo\\\/image\\\/\",\"url\":\"https:\\\/\\\/yoestudiosalud.es\\\/wp-content\\\/uploads\\\/2020\\\/04\\\/logonew-e1698080827687.png\",\"contentUrl\":\"https:\\\/\\\/yoestudiosalud.es\\\/wp-content\\\/uploads\\\/2020\\\/04\\\/logonew-e1698080827687.png\",\"width\":421,\"height\":393,\"caption\":\"yoestudiosalud.es\"},\"image\":{\"@id\":\"https:\\\/\\\/yoestudiosalud.es\\\/en\\\/#\\\/schema\\\/logo\\\/image\\\/\"}}]}<\/script>\n<!-- \/ Yoast SEO Premium plugin. -->","yoast_head_json":{"title":"R\u00c9GLE \u00c1 COURBER LIMES ENDODONTIQUES - yoestudiosalud.es","description":"Outil en plastique de haute pr\u00e9cision con\u00e7u pour le pliage contr\u00f4l\u00e9 et s\u00fbr des limes endodontiques pendant le traitement du canal radiculaire.","robots":{"index":"index","follow":"follow","max-snippet":"max-snippet:-1","max-image-preview":"max-image-preview:large","max-video-preview":"max-video-preview:-1"},"canonical":"https:\/\/yoestudiosalud.es\/fr\/produit\/regle-a-courber-limes-endodontiques\/","og_locale":"fr_FR","og_type":"article","og_title":"R\u00c9GLE \u00c1 COURBER LIMES ENDODONTIQUES","og_description":"Outil en plastique de haute pr\u00e9cision con\u00e7u pour le pliage contr\u00f4l\u00e9 et s\u00fbr des limes endodontiques pendant le traitement du canal radiculaire.","og_url":"https:\/\/yoestudiosalud.es\/fr\/produit\/regle-a-courber-limes-endodontiques\/","og_site_name":"yoestudiosalud.es","og_image":[{"width":650,"height":650,"url":"https:\/\/yoestudiosalud.es\/wp-content\/uploads\/2025\/10\/000022.webp","type":"image\/webp"}],"twitter_card":"summary_large_image","twitter_misc":{"Dur\u00e9e de lecture estim\u00e9e":"1 minute"},"schema":{"@context":"https:\/\/schema.org","@graph":[{"@type":"WebPage","@id":"https:\/\/yoestudiosalud.es\/fr\/produit\/regle-a-courber-limes-endodontiques\/","url":"https:\/\/yoestudiosalud.es\/fr\/produit\/regle-a-courber-limes-endodontiques\/","name":"R\u00c9GLE \u00c1 COURBER LIMES ENDODONTIQUES - yoestudiosalud.es","isPartOf":{"@id":"https:\/\/yoestudiosalud.es\/en\/#website"},"primaryImageOfPage":{"@id":"https:\/\/yoestudiosalud.es\/fr\/produit\/regle-a-courber-limes-endodontiques\/#primaryimage"},"image":{"@id":"https:\/\/yoestudiosalud.es\/fr\/produit\/regle-a-courber-limes-endodontiques\/#primaryimage"},"thumbnailUrl":"https:\/\/yoestudiosalud.es\/wp-content\/uploads\/2025\/10\/000022.webp","datePublished":"2025-10-20T16:51:54+00:00","description":"Outil en plastique de haute pr\u00e9cision con\u00e7u pour le pliage contr\u00f4l\u00e9 et s\u00fbr des limes endodontiques pendant le traitement du canal radiculaire.","breadcrumb":{"@id":"https:\/\/yoestudiosalud.es\/fr\/produit\/regle-a-courber-limes-endodontiques\/#breadcrumb"},"inLanguage":"fr-FR","potentialAction":[{"@type":"ReadAction","target":["https:\/\/yoestudiosalud.es\/fr\/produit\/regle-a-courber-limes-endodontiques\/"]}]},{"@type":"ImageObject","inLanguage":"fr-FR","@id":"https:\/\/yoestudiosalud.es\/fr\/produit\/regle-a-courber-limes-endodontiques\/#primaryimage","url":"https:\/\/yoestudiosalud.es\/wp-content\/uploads\/2025\/10\/000022.webp","contentUrl":"https:\/\/yoestudiosalud.es\/wp-content\/uploads\/2025\/10\/000022.webp","width":650,"height":650},{"@type":"BreadcrumbList","@id":"https:\/\/yoestudiosalud.es\/fr\/produit\/regle-a-courber-limes-endodontiques\/#breadcrumb","itemListElement":[{"@type":"ListItem","position":1,"name":"Portada","item":"https:\/\/yoestudiosalud.es\/fr\/"},{"@type":"ListItem","position":2,"name":"Boutique","item":"https:\/\/yoestudiosalud.es\/fr\/boutique\/"},{"@type":"ListItem","position":3,"name":"R\u00c9GLE \u00c1 COURBER LIMES ENDODONTIQUES"}]},{"@type":"WebSite","@id":"https:\/\/yoestudiosalud.es\/en\/#website","url":"https:\/\/yoestudiosalud.es\/en\/","name":"yoestudiosalud.es","description":"Material para estudiantes del sector salud","publisher":{"@id":"https:\/\/yoestudiosalud.es\/en\/#organization"},"potentialAction":[{"@type":"SearchAction","target":{"@type":"EntryPoint","urlTemplate":"https:\/\/yoestudiosalud.es\/en\/?s={search_term_string}"},"query-input":{"@type":"PropertyValueSpecification","valueRequired":true,"valueName":"search_term_string"}}],"inLanguage":"fr-FR"},{"@type":"Organization","@id":"https:\/\/yoestudiosalud.es\/en\/#organization","name":"yoestudiosalud.es","url":"https:\/\/yoestudiosalud.es\/en\/","logo":{"@type":"ImageObject","inLanguage":"fr-FR","@id":"https:\/\/yoestudiosalud.es\/en\/#\/schema\/logo\/image\/","url":"https:\/\/yoestudiosalud.es\/wp-content\/uploads\/2020\/04\/logonew-e1698080827687.png","contentUrl":"https:\/\/yoestudiosalud.es\/wp-content\/uploads\/2020\/04\/logonew-e1698080827687.png","width":421,"height":393,"caption":"yoestudiosalud.es"},"image":{"@id":"https:\/\/yoestudiosalud.es\/en\/#\/schema\/logo\/image\/"}}]}},"_links":{"self":[{"href":"https:\/\/yoestudiosalud.es\/fr\/wp-json\/wp\/v2\/product\/34366","targetHints":{"allow":["GET"]}}],"collection":[{"href":"https:\/\/yoestudiosalud.es\/fr\/wp-json\/wp\/v2\/product"}],"about":[{"href":"https:\/\/yoestudiosalud.es\/fr\/wp-json\/wp\/v2\/types\/product"}],"wp:featuredmedia":[{"embeddable":true,"href":"https:\/\/yoestudiosalud.es\/fr\/wp-json\/wp\/v2\/media\/34362"}],"wp:attachment":[{"href":"https:\/\/yoestudiosalud.es\/fr\/wp-json\/wp\/v2\/media?parent=34366"}],"wp:term":[{"taxonomy":"product_brand","embeddable":true,"href":"https:\/\/yoestudiosalud.es\/fr\/wp-json\/wp\/v2\/product_brand?post=34366"},{"taxonomy":"product_cat","embeddable":true,"href":"https:\/\/yoestudiosalud.es\/fr\/wp-json\/wp\/v2\/product_cat?post=34366"},{"taxonomy":"product_tag","embeddable":true,"href":"https:\/\/yoestudiosalud.es\/fr\/wp-json\/wp\/v2\/product_tag?post=34366"}],"curies":[{"name":"wp","href":"https:\/\/api.w.org\/{rel}","templated":true}]}}