{"id":34198,"date":"2025-09-16T10:16:43","date_gmt":"2025-09-16T08:16:43","guid":{"rendered":"https:\/\/yoestudiosalud.es\/producto\/kit-de-forets-de-protesis-ceu-san-pablo\/"},"modified":"2025-09-16T10:16:43","modified_gmt":"2025-09-16T08:16:43","slug":"kit-de-forets-de-protesis-ceu-san-pablo","status":"publish","type":"product","link":"https:\/\/yoestudiosalud.es\/fr\/produit\/kit-de-forets-de-protesis-ceu-san-pablo\/","title":{"rendered":"KIT DE FORETS DE PR\u00d3TESIS CEU SAN PABLO"},"content":{"rendered":"<p>Le nouveau kit de proth\u00e8ses dentaires Horico pour CEU San Pablo University vous fournit tous les forets dentaires dont vous avez besoin pour votre cours.<\/p>\n<p>Le kit comprend les forets suivants :<\/p>\n<ul>\n<li>FG 141G 012<\/li>\n<li>FG 141G 014<\/li>\n<li>FG 141G 016<\/li>\n<li>FG 140G 012<\/li>\n<li>FG 140G 014<\/li>\n<li>FG 198G 012<\/li>\n<li>FG 198G 016<\/li>\n<li>FG 250G 014<\/li>\n<li>FG 250C 014<\/li>\n<li>FG 141C 014<\/li>\n<li>FG 111G 014<\/li>\n<li>FG 111C 014<\/li>\n<li>FG 257 023<\/li>\n<li>FG 834 021<\/li>\n<li>FG 544 016<\/li>\n<\/ul>\n<p>Fabriqu\u00e9 par la marque allemande Horico exclusivement pour les \u00e9tudiants de l&#8217;Universit\u00e9 Ceu San Pablo, suivant les exigences de la facult\u00e9 de proth\u00e8se.<\/p>\n<p>Les r\u00e9servations sont ouvertes (disponibilit\u00e9 de l&#8217;envoi pr\u00e9vue pour le 26\/09\/2025).<\/p>\n","protected":false},"excerpt":{"rendered":"<p>Le nouveau kit de proth\u00e8ses dentaires Horico pour CEU San  [&#8230;]<\/p>\n","protected":false},"featured_media":34116,"template":"","meta":[],"product_brand":[],"product_cat":[667,715],"product_tag":[907],"class_list":{"0":"post-34198","1":"product","2":"type-product","3":"status-publish","4":"has-post-thumbnail","6":"product_cat-uncategorized-fr","7":"product_cat-fraises-fr","8":"product_tag-ceusp4-fr","10":"first","11":"instock","12":"taxable","13":"shipping-taxable","14":"purchasable","15":"product-type-simple"},"yoast_head":"<!-- This site is optimized with the Yoast SEO Premium plugin v27.0 (Yoast SEO v27.2) - https:\/\/yoast.com\/product\/yoast-seo-premium-wordpress\/ -->\n<title>KIT DE FORETS DE PR\u00d3TESIS CEU SAN PABLO - yoestudiosalud.es<\/title>\n<meta name=\"description\" content=\"Le nouveau kit de proth\u00e8ses dentaires Horico pour l&#039;Universit\u00e9 CEU San Pablo vous fournit tous les forets dentaires dont vous avez besoin pour votre cours.\u00a0\" \/>\n<meta name=\"robots\" content=\"index, follow, max-snippet:-1, max-image-preview:large, max-video-preview:-1\" \/>\n<link rel=\"canonical\" href=\"https:\/\/yoestudiosalud.es\/produit\/kit-de-protesis-ceu-san-pablo\/\" \/>\n<meta property=\"og:locale\" content=\"fr_FR\" \/>\n<meta property=\"og:type\" content=\"article\" \/>\n<meta property=\"og:title\" content=\"KIT DE FORETS DE PR\u00d3TESIS CEU SAN PABLO\" \/>\n<meta property=\"og:description\" content=\"Le nouveau kit de proth\u00e8ses dentaires Horico pour l&#039;Universit\u00e9 CEU San Pablo vous fournit tous les forets dentaires dont vous avez besoin pour votre cours.\u00a0\" \/>\n<meta property=\"og:url\" content=\"https:\/\/yoestudiosalud.es\/produit\/kit-de-protesis-ceu-san-pablo\/\" \/>\n<meta property=\"og:site_name\" content=\"yoestudiosalud.es\" \/>\n<meta property=\"og:image\" content=\"https:\/\/yoestudiosalud.es\/wp-content\/uploads\/2025\/09\/KITCEU.webp\" \/>\n\t<meta property=\"og:image:width\" content=\"650\" \/>\n\t<meta property=\"og:image:height\" content=\"650\" \/>\n\t<meta property=\"og:image:type\" content=\"image\/webp\" \/>\n<meta name=\"twitter:card\" content=\"summary_large_image\" \/>\n<script type=\"application\/ld+json\" class=\"yoast-schema-graph\">{\"@context\":\"https:\/\/schema.org\",\"@graph\":[{\"@type\":\"WebPage\",\"@id\":\"https:\/\/yoestudiosalud.es\/produit\/kit-de-protesis-ceu-san-pablo\/\",\"url\":\"https:\/\/yoestudiosalud.es\/produit\/kit-de-protesis-ceu-san-pablo\/\",\"name\":\"KIT DE FORETS DE PR\u00d3TESIS CEU SAN PABLO - yoestudiosalud.es\",\"isPartOf\":{\"@id\":\"https:\/\/yoestudiosalud.es\/en\/#website\"},\"primaryImageOfPage\":{\"@id\":\"https:\/\/yoestudiosalud.es\/produit\/kit-de-protesis-ceu-san-pablo\/#primaryimage\"},\"image\":{\"@id\":\"https:\/\/yoestudiosalud.es\/produit\/kit-de-protesis-ceu-san-pablo\/#primaryimage\"},\"thumbnailUrl\":\"https:\/\/yoestudiosalud.es\/wp-content\/uploads\/2025\/09\/KITCEU.webp\",\"datePublished\":\"2025-09-16T08:16:43+00:00\",\"description\":\"Le nouveau kit de proth\u00e8ses dentaires Horico pour l'Universit\u00e9 CEU San Pablo vous fournit tous les forets dentaires dont vous avez besoin pour votre cours.\u00a0\",\"breadcrumb\":{\"@id\":\"https:\/\/yoestudiosalud.es\/produit\/kit-de-protesis-ceu-san-pablo\/#breadcrumb\"},\"inLanguage\":\"fr-FR\",\"potentialAction\":[{\"@type\":\"ReadAction\",\"target\":[\"https:\/\/yoestudiosalud.es\/produit\/kit-de-protesis-ceu-san-pablo\/\"]}]},{\"@type\":\"ImageObject\",\"inLanguage\":\"fr-FR\",\"@id\":\"https:\/\/yoestudiosalud.es\/produit\/kit-de-protesis-ceu-san-pablo\/#primaryimage\",\"url\":\"https:\/\/yoestudiosalud.es\/wp-content\/uploads\/2025\/09\/KITCEU.webp\",\"contentUrl\":\"https:\/\/yoestudiosalud.es\/wp-content\/uploads\/2025\/09\/KITCEU.webp\",\"width\":650,\"height\":650},{\"@type\":\"BreadcrumbList\",\"@id\":\"https:\/\/yoestudiosalud.es\/produit\/kit-de-protesis-ceu-san-pablo\/#breadcrumb\",\"itemListElement\":[{\"@type\":\"ListItem\",\"position\":1,\"name\":\"Portada\",\"item\":\"https:\/\/yoestudiosalud.es\/fr\/\"},{\"@type\":\"ListItem\",\"position\":2,\"name\":\"Boutique\",\"item\":\"https:\/\/yoestudiosalud.es\/fr\/boutique\/\"},{\"@type\":\"ListItem\",\"position\":3,\"name\":\"KIT DE FORETS DE PR\u00d3TESIS CEU SAN PABLO\"}]},{\"@type\":\"WebSite\",\"@id\":\"https:\/\/yoestudiosalud.es\/en\/#website\",\"url\":\"https:\/\/yoestudiosalud.es\/en\/\",\"name\":\"yoestudiosalud.es\",\"description\":\"Material para estudiantes del sector salud\",\"publisher\":{\"@id\":\"https:\/\/yoestudiosalud.es\/en\/#organization\"},\"potentialAction\":[{\"@type\":\"SearchAction\",\"target\":{\"@type\":\"EntryPoint\",\"urlTemplate\":\"https:\/\/yoestudiosalud.es\/en\/?s={search_term_string}\"},\"query-input\":{\"@type\":\"PropertyValueSpecification\",\"valueRequired\":true,\"valueName\":\"search_term_string\"}}],\"inLanguage\":\"fr-FR\"},{\"@type\":\"Organization\",\"@id\":\"https:\/\/yoestudiosalud.es\/en\/#organization\",\"name\":\"yoestudiosalud.es\",\"url\":\"https:\/\/yoestudiosalud.es\/en\/\",\"logo\":{\"@type\":\"ImageObject\",\"inLanguage\":\"fr-FR\",\"@id\":\"https:\/\/yoestudiosalud.es\/en\/#\/schema\/logo\/image\/\",\"url\":\"https:\/\/yoestudiosalud.es\/wp-content\/uploads\/2020\/04\/logonew-e1698080827687.png\",\"contentUrl\":\"https:\/\/yoestudiosalud.es\/wp-content\/uploads\/2020\/04\/logonew-e1698080827687.png\",\"width\":421,\"height\":393,\"caption\":\"yoestudiosalud.es\"},\"image\":{\"@id\":\"https:\/\/yoestudiosalud.es\/en\/#\/schema\/logo\/image\/\"}}]}<\/script>\n<!-- \/ Yoast SEO Premium plugin. -->","yoast_head_json":{"title":"KIT DE FORETS DE PR\u00d3TESIS CEU SAN PABLO - yoestudiosalud.es","description":"Le nouveau kit de proth\u00e8ses dentaires Horico pour l'Universit\u00e9 CEU San Pablo vous fournit tous les forets dentaires dont vous avez besoin pour votre cours.\u00a0","robots":{"index":"index","follow":"follow","max-snippet":"max-snippet:-1","max-image-preview":"max-image-preview:large","max-video-preview":"max-video-preview:-1"},"canonical":"https:\/\/yoestudiosalud.es\/produit\/kit-de-protesis-ceu-san-pablo\/","og_locale":"fr_FR","og_type":"article","og_title":"KIT DE FORETS DE PR\u00d3TESIS CEU SAN PABLO","og_description":"Le nouveau kit de proth\u00e8ses dentaires Horico pour l'Universit\u00e9 CEU San Pablo vous fournit tous les forets dentaires dont vous avez besoin pour votre cours.\u00a0","og_url":"https:\/\/yoestudiosalud.es\/produit\/kit-de-protesis-ceu-san-pablo\/","og_site_name":"yoestudiosalud.es","og_image":[{"width":650,"height":650,"url":"https:\/\/yoestudiosalud.es\/wp-content\/uploads\/2025\/09\/KITCEU.webp","type":"image\/webp"}],"twitter_card":"summary_large_image","schema":{"@context":"https:\/\/schema.org","@graph":[{"@type":"WebPage","@id":"https:\/\/yoestudiosalud.es\/produit\/kit-de-protesis-ceu-san-pablo\/","url":"https:\/\/yoestudiosalud.es\/produit\/kit-de-protesis-ceu-san-pablo\/","name":"KIT DE FORETS DE PR\u00d3TESIS CEU SAN PABLO - yoestudiosalud.es","isPartOf":{"@id":"https:\/\/yoestudiosalud.es\/en\/#website"},"primaryImageOfPage":{"@id":"https:\/\/yoestudiosalud.es\/produit\/kit-de-protesis-ceu-san-pablo\/#primaryimage"},"image":{"@id":"https:\/\/yoestudiosalud.es\/produit\/kit-de-protesis-ceu-san-pablo\/#primaryimage"},"thumbnailUrl":"https:\/\/yoestudiosalud.es\/wp-content\/uploads\/2025\/09\/KITCEU.webp","datePublished":"2025-09-16T08:16:43+00:00","description":"Le nouveau kit de proth\u00e8ses dentaires Horico pour l'Universit\u00e9 CEU San Pablo vous fournit tous les forets dentaires dont vous avez besoin pour votre cours.\u00a0","breadcrumb":{"@id":"https:\/\/yoestudiosalud.es\/produit\/kit-de-protesis-ceu-san-pablo\/#breadcrumb"},"inLanguage":"fr-FR","potentialAction":[{"@type":"ReadAction","target":["https:\/\/yoestudiosalud.es\/produit\/kit-de-protesis-ceu-san-pablo\/"]}]},{"@type":"ImageObject","inLanguage":"fr-FR","@id":"https:\/\/yoestudiosalud.es\/produit\/kit-de-protesis-ceu-san-pablo\/#primaryimage","url":"https:\/\/yoestudiosalud.es\/wp-content\/uploads\/2025\/09\/KITCEU.webp","contentUrl":"https:\/\/yoestudiosalud.es\/wp-content\/uploads\/2025\/09\/KITCEU.webp","width":650,"height":650},{"@type":"BreadcrumbList","@id":"https:\/\/yoestudiosalud.es\/produit\/kit-de-protesis-ceu-san-pablo\/#breadcrumb","itemListElement":[{"@type":"ListItem","position":1,"name":"Portada","item":"https:\/\/yoestudiosalud.es\/fr\/"},{"@type":"ListItem","position":2,"name":"Boutique","item":"https:\/\/yoestudiosalud.es\/fr\/boutique\/"},{"@type":"ListItem","position":3,"name":"KIT DE FORETS DE PR\u00d3TESIS CEU SAN PABLO"}]},{"@type":"WebSite","@id":"https:\/\/yoestudiosalud.es\/en\/#website","url":"https:\/\/yoestudiosalud.es\/en\/","name":"yoestudiosalud.es","description":"Material para estudiantes del sector salud","publisher":{"@id":"https:\/\/yoestudiosalud.es\/en\/#organization"},"potentialAction":[{"@type":"SearchAction","target":{"@type":"EntryPoint","urlTemplate":"https:\/\/yoestudiosalud.es\/en\/?s={search_term_string}"},"query-input":{"@type":"PropertyValueSpecification","valueRequired":true,"valueName":"search_term_string"}}],"inLanguage":"fr-FR"},{"@type":"Organization","@id":"https:\/\/yoestudiosalud.es\/en\/#organization","name":"yoestudiosalud.es","url":"https:\/\/yoestudiosalud.es\/en\/","logo":{"@type":"ImageObject","inLanguage":"fr-FR","@id":"https:\/\/yoestudiosalud.es\/en\/#\/schema\/logo\/image\/","url":"https:\/\/yoestudiosalud.es\/wp-content\/uploads\/2020\/04\/logonew-e1698080827687.png","contentUrl":"https:\/\/yoestudiosalud.es\/wp-content\/uploads\/2020\/04\/logonew-e1698080827687.png","width":421,"height":393,"caption":"yoestudiosalud.es"},"image":{"@id":"https:\/\/yoestudiosalud.es\/en\/#\/schema\/logo\/image\/"}}]}},"_links":{"self":[{"href":"https:\/\/yoestudiosalud.es\/fr\/wp-json\/wp\/v2\/product\/34198","targetHints":{"allow":["GET"]}}],"collection":[{"href":"https:\/\/yoestudiosalud.es\/fr\/wp-json\/wp\/v2\/product"}],"about":[{"href":"https:\/\/yoestudiosalud.es\/fr\/wp-json\/wp\/v2\/types\/product"}],"wp:featuredmedia":[{"embeddable":true,"href":"https:\/\/yoestudiosalud.es\/fr\/wp-json\/wp\/v2\/media\/34116"}],"wp:attachment":[{"href":"https:\/\/yoestudiosalud.es\/fr\/wp-json\/wp\/v2\/media?parent=34198"}],"wp:term":[{"taxonomy":"product_brand","embeddable":true,"href":"https:\/\/yoestudiosalud.es\/fr\/wp-json\/wp\/v2\/product_brand?post=34198"},{"taxonomy":"product_cat","embeddable":true,"href":"https:\/\/yoestudiosalud.es\/fr\/wp-json\/wp\/v2\/product_cat?post=34198"},{"taxonomy":"product_tag","embeddable":true,"href":"https:\/\/yoestudiosalud.es\/fr\/wp-json\/wp\/v2\/product_tag?post=34198"}],"curies":[{"name":"wp","href":"https:\/\/api.w.org\/{rel}","templated":true}]}}