{"id":33727,"date":"2025-07-10T11:52:23","date_gmt":"2025-07-10T09:52:23","guid":{"rendered":"https:\/\/yoestudiosalud.es\/producto\/anneau-metriciel-universel\/"},"modified":"2025-07-10T11:52:23","modified_gmt":"2025-07-10T09:52:23","slug":"anneau-metriciel-universel","status":"publish","type":"product","link":"https:\/\/yoestudiosalud.es\/fr\/produit\/anneau-metriciel-universel\/","title":{"rendered":"ANNEAU METRICIEL UNIVERSEL"},"content":{"rendered":"<p>L&#8217;anneau matriciel universel est un mat\u00e9riau largement utilis\u00e9 dans le domaine de la dentisterie en raison de son efficacit\u00e9 et de sa polyvalence. Cet anneau est con\u00e7u pour assurer une s\u00e9paration ad\u00e9quate et coh\u00e9rente des dents pendant les proc\u00e9dures de restauration dentaire.<\/p>\n<p>Parfaitement compatible avec le syst\u00e8me Palodent, l&#8217;anneau universel de matrice est facile \u00e0 utiliser et s&#8217;adapte \u00e0 un large \u00e9ventail de situations cliniques. Il est fabriqu\u00e9 \u00e0 partir de mat\u00e9riaux de haute qualit\u00e9, enti\u00e8rement en nickel-titane, ce qui lui conf\u00e8re une r\u00e9sistance sup\u00e9rieure \u00e0 celle des anneaux traditionnels en acier, garantissant ainsi sa durabilit\u00e9 et sa r\u00e9sistance. Il poss\u00e8de \u00e9galement une force de s\u00e9paration optimale pour s&#8217;adapter \u00e0 la dent et une extr\u00e9mit\u00e9 en fibre de verre en forme de V pour maintenir la cale. Les anneaux et les coins peuvent \u00eatre superpos\u00e9s et conviennent parfaitement aux restaurations de classe II compliqu\u00e9es, comme celles qui pr\u00e9sentent une cuspide manquante.<\/p>\n<p>Sa conception innovante et ergonomique permet un ajustement pr\u00e9cis et s\u00fbr autour de la dent, facilitant l&#8217;acc\u00e8s \u00e0 la zone \u00e0 traiter.<\/p>\n<p>L&#8217;une des caract\u00e9ristiques les plus remarquables de cet anneau est sa capacit\u00e9 \u00e0 cr\u00e9er une pression constante et uniforme autour de la dent. Cela permet d&#8217;obtenir un ajustement parfait du mat\u00e9riau de restauration, d&#8217;\u00e9viter les fuites et d&#8217;optimiser les r\u00e9sultats esth\u00e9tiques et fonctionnels. En outre, l&#8217;anneau universel minimise la contamination bact\u00e9rienne et le risque de sensibilit\u00e9 postop\u00e9ratoire en assurant une \u00e9tanch\u00e9it\u00e9 efficace.<\/p>\n<p>Un autre avantage important de l&#8217;anneau universel est sa facilit\u00e9 de nettoyage et de st\u00e9rilisation. Gr\u00e2ce \u00e0 sa conception amovible, il peut \u00eatre d\u00e9mont\u00e9 et nettoy\u00e9 en profondeur, ce qui garantit une hygi\u00e8ne maximale dans le cabinet dentaire. De plus, sa conception compacte et l\u00e9g\u00e8re le rend facile \u00e0 stocker et \u00e0 transporter.<\/p>\n<p>En conclusion, l&#8217;anneau universel est un mat\u00e9riau indispensable en dentisterie restauratrice. Sa conception ergonomique, sa durabilit\u00e9 et sa capacit\u00e9 \u00e0 fournir un jeu pr\u00e9cis et uniforme font de cet anneau un outil fiable pour les professionnels dentaires. En assurant un ajustement pr\u00e9cis du mat\u00e9riau de restauration et en minimisant les risques associ\u00e9s, l&#8217;anneau universel contribue \u00e0 des r\u00e9sultats r\u00e9ussis et satisfaisants dans les proc\u00e9dures dentaires de restauration.<\/p>\n<p>Livr\u00e9 en bo\u00eete de 1 unit\u00e9.<\/p>\n","protected":false},"excerpt":{"rendered":"<p>L&#8217;anneau matriciel universel est un mat\u00e9riau largement utilis\u00e9 dans le domaine de la dentisterie en raison de son efficacit\u00e9 et de sa polyvalence. Cet anneau est con\u00e7u pour assurer une s\u00e9paration ad\u00e9quate et coh\u00e9rente des dents pendant les proc\u00e9dures de restauration dentaire.<\/p>\n","protected":false},"featured_media":33724,"template":"","meta":[],"product_brand":[],"product_cat":[710],"product_tag":[688,763],"class_list":{"0":"post-33727","1":"product","2":"type-product","3":"status-publish","4":"has-post-thumbnail","6":"product_cat-odontologie-fr","7":"product_tag-ceu3","8":"product_tag-uev3","10":"first","11":"instock","12":"taxable","13":"shipping-taxable","14":"purchasable","15":"product-type-simple"},"yoast_head":"<!-- This site is optimized with the Yoast SEO Premium plugin v27.0 (Yoast SEO v27.2) - https:\/\/yoast.com\/product\/yoast-seo-premium-wordpress\/ -->\n<title>ANNEAU METRICIEL UNIVERSEL - yoestudiosalud.es<\/title>\n<meta name=\"description\" content=\"L&#039;anneau matriciel universel est un mat\u00e9riau largement utilis\u00e9 dans le domaine de la dentisterie en raison de son efficacit\u00e9 et de sa polyvalence.\" \/>\n<meta name=\"robots\" content=\"index, follow, max-snippet:-1, max-image-preview:large, max-video-preview:-1\" \/>\n<link rel=\"canonical\" href=\"https:\/\/yoestudiosalud.es\/produit\/anillo-universal-para-matrices\/\" \/>\n<meta property=\"og:locale\" content=\"fr_FR\" \/>\n<meta property=\"og:type\" content=\"article\" \/>\n<meta property=\"og:title\" content=\"ANNEAU METRICIEL UNIVERSEL\" \/>\n<meta property=\"og:description\" content=\"L&#039;anneau matriciel universel est un mat\u00e9riau largement utilis\u00e9 dans le domaine de la dentisterie en raison de son efficacit\u00e9 et de sa polyvalence.\" \/>\n<meta property=\"og:url\" content=\"https:\/\/yoestudiosalud.es\/produit\/anillo-universal-para-matrices\/\" \/>\n<meta property=\"og:site_name\" content=\"yoestudiosalud.es\" \/>\n<meta property=\"og:image\" content=\"https:\/\/yoestudiosalud.es\/wp-content\/uploads\/2025\/07\/004023.webp\" \/>\n\t<meta property=\"og:image:width\" content=\"650\" \/>\n\t<meta property=\"og:image:height\" content=\"650\" \/>\n\t<meta property=\"og:image:type\" content=\"image\/webp\" \/>\n<meta name=\"twitter:card\" content=\"summary_large_image\" \/>\n<meta name=\"twitter:label1\" content=\"Dur\u00e9e de lecture estim\u00e9e\" \/>\n\t<meta name=\"twitter:data1\" content=\"2 minutes\" \/>\n<script type=\"application\/ld+json\" class=\"yoast-schema-graph\">{\"@context\":\"https:\/\/schema.org\",\"@graph\":[{\"@type\":\"WebPage\",\"@id\":\"https:\/\/yoestudiosalud.es\/produit\/anillo-universal-para-matrices\/\",\"url\":\"https:\/\/yoestudiosalud.es\/produit\/anillo-universal-para-matrices\/\",\"name\":\"ANNEAU METRICIEL UNIVERSEL - yoestudiosalud.es\",\"isPartOf\":{\"@id\":\"https:\/\/yoestudiosalud.es\/en\/#website\"},\"primaryImageOfPage\":{\"@id\":\"https:\/\/yoestudiosalud.es\/produit\/anillo-universal-para-matrices\/#primaryimage\"},\"image\":{\"@id\":\"https:\/\/yoestudiosalud.es\/produit\/anillo-universal-para-matrices\/#primaryimage\"},\"thumbnailUrl\":\"https:\/\/yoestudiosalud.es\/wp-content\/uploads\/2025\/07\/004023.webp\",\"datePublished\":\"2025-07-10T09:52:23+00:00\",\"description\":\"L'anneau matriciel universel est un mat\u00e9riau largement utilis\u00e9 dans le domaine de la dentisterie en raison de son efficacit\u00e9 et de sa polyvalence.\",\"breadcrumb\":{\"@id\":\"https:\/\/yoestudiosalud.es\/produit\/anillo-universal-para-matrices\/#breadcrumb\"},\"inLanguage\":\"fr-FR\",\"potentialAction\":[{\"@type\":\"ReadAction\",\"target\":[\"https:\/\/yoestudiosalud.es\/produit\/anillo-universal-para-matrices\/\"]}]},{\"@type\":\"ImageObject\",\"inLanguage\":\"fr-FR\",\"@id\":\"https:\/\/yoestudiosalud.es\/produit\/anillo-universal-para-matrices\/#primaryimage\",\"url\":\"https:\/\/yoestudiosalud.es\/wp-content\/uploads\/2025\/07\/004023.webp\",\"contentUrl\":\"https:\/\/yoestudiosalud.es\/wp-content\/uploads\/2025\/07\/004023.webp\",\"width\":650,\"height\":650},{\"@type\":\"BreadcrumbList\",\"@id\":\"https:\/\/yoestudiosalud.es\/produit\/anillo-universal-para-matrices\/#breadcrumb\",\"itemListElement\":[{\"@type\":\"ListItem\",\"position\":1,\"name\":\"Portada\",\"item\":\"https:\/\/yoestudiosalud.es\/fr\/\"},{\"@type\":\"ListItem\",\"position\":2,\"name\":\"Boutique\",\"item\":\"https:\/\/yoestudiosalud.es\/fr\/boutique\/\"},{\"@type\":\"ListItem\",\"position\":3,\"name\":\"ANNEAU METRICIEL UNIVERSEL\"}]},{\"@type\":\"WebSite\",\"@id\":\"https:\/\/yoestudiosalud.es\/en\/#website\",\"url\":\"https:\/\/yoestudiosalud.es\/en\/\",\"name\":\"yoestudiosalud.es\",\"description\":\"Material para estudiantes del sector salud\",\"publisher\":{\"@id\":\"https:\/\/yoestudiosalud.es\/en\/#organization\"},\"potentialAction\":[{\"@type\":\"SearchAction\",\"target\":{\"@type\":\"EntryPoint\",\"urlTemplate\":\"https:\/\/yoestudiosalud.es\/en\/?s={search_term_string}\"},\"query-input\":{\"@type\":\"PropertyValueSpecification\",\"valueRequired\":true,\"valueName\":\"search_term_string\"}}],\"inLanguage\":\"fr-FR\"},{\"@type\":\"Organization\",\"@id\":\"https:\/\/yoestudiosalud.es\/en\/#organization\",\"name\":\"yoestudiosalud.es\",\"url\":\"https:\/\/yoestudiosalud.es\/en\/\",\"logo\":{\"@type\":\"ImageObject\",\"inLanguage\":\"fr-FR\",\"@id\":\"https:\/\/yoestudiosalud.es\/en\/#\/schema\/logo\/image\/\",\"url\":\"https:\/\/yoestudiosalud.es\/wp-content\/uploads\/2020\/04\/logonew-e1698080827687.png\",\"contentUrl\":\"https:\/\/yoestudiosalud.es\/wp-content\/uploads\/2020\/04\/logonew-e1698080827687.png\",\"width\":421,\"height\":393,\"caption\":\"yoestudiosalud.es\"},\"image\":{\"@id\":\"https:\/\/yoestudiosalud.es\/en\/#\/schema\/logo\/image\/\"}}]}<\/script>\n<!-- \/ Yoast SEO Premium plugin. -->","yoast_head_json":{"title":"ANNEAU METRICIEL UNIVERSEL - yoestudiosalud.es","description":"L'anneau matriciel universel est un mat\u00e9riau largement utilis\u00e9 dans le domaine de la dentisterie en raison de son efficacit\u00e9 et de sa polyvalence.","robots":{"index":"index","follow":"follow","max-snippet":"max-snippet:-1","max-image-preview":"max-image-preview:large","max-video-preview":"max-video-preview:-1"},"canonical":"https:\/\/yoestudiosalud.es\/produit\/anillo-universal-para-matrices\/","og_locale":"fr_FR","og_type":"article","og_title":"ANNEAU METRICIEL UNIVERSEL","og_description":"L'anneau matriciel universel est un mat\u00e9riau largement utilis\u00e9 dans le domaine de la dentisterie en raison de son efficacit\u00e9 et de sa polyvalence.","og_url":"https:\/\/yoestudiosalud.es\/produit\/anillo-universal-para-matrices\/","og_site_name":"yoestudiosalud.es","og_image":[{"width":650,"height":650,"url":"https:\/\/yoestudiosalud.es\/wp-content\/uploads\/2025\/07\/004023.webp","type":"image\/webp"}],"twitter_card":"summary_large_image","twitter_misc":{"Dur\u00e9e de lecture estim\u00e9e":"2 minutes"},"schema":{"@context":"https:\/\/schema.org","@graph":[{"@type":"WebPage","@id":"https:\/\/yoestudiosalud.es\/produit\/anillo-universal-para-matrices\/","url":"https:\/\/yoestudiosalud.es\/produit\/anillo-universal-para-matrices\/","name":"ANNEAU METRICIEL UNIVERSEL - yoestudiosalud.es","isPartOf":{"@id":"https:\/\/yoestudiosalud.es\/en\/#website"},"primaryImageOfPage":{"@id":"https:\/\/yoestudiosalud.es\/produit\/anillo-universal-para-matrices\/#primaryimage"},"image":{"@id":"https:\/\/yoestudiosalud.es\/produit\/anillo-universal-para-matrices\/#primaryimage"},"thumbnailUrl":"https:\/\/yoestudiosalud.es\/wp-content\/uploads\/2025\/07\/004023.webp","datePublished":"2025-07-10T09:52:23+00:00","description":"L'anneau matriciel universel est un mat\u00e9riau largement utilis\u00e9 dans le domaine de la dentisterie en raison de son efficacit\u00e9 et de sa polyvalence.","breadcrumb":{"@id":"https:\/\/yoestudiosalud.es\/produit\/anillo-universal-para-matrices\/#breadcrumb"},"inLanguage":"fr-FR","potentialAction":[{"@type":"ReadAction","target":["https:\/\/yoestudiosalud.es\/produit\/anillo-universal-para-matrices\/"]}]},{"@type":"ImageObject","inLanguage":"fr-FR","@id":"https:\/\/yoestudiosalud.es\/produit\/anillo-universal-para-matrices\/#primaryimage","url":"https:\/\/yoestudiosalud.es\/wp-content\/uploads\/2025\/07\/004023.webp","contentUrl":"https:\/\/yoestudiosalud.es\/wp-content\/uploads\/2025\/07\/004023.webp","width":650,"height":650},{"@type":"BreadcrumbList","@id":"https:\/\/yoestudiosalud.es\/produit\/anillo-universal-para-matrices\/#breadcrumb","itemListElement":[{"@type":"ListItem","position":1,"name":"Portada","item":"https:\/\/yoestudiosalud.es\/fr\/"},{"@type":"ListItem","position":2,"name":"Boutique","item":"https:\/\/yoestudiosalud.es\/fr\/boutique\/"},{"@type":"ListItem","position":3,"name":"ANNEAU METRICIEL UNIVERSEL"}]},{"@type":"WebSite","@id":"https:\/\/yoestudiosalud.es\/en\/#website","url":"https:\/\/yoestudiosalud.es\/en\/","name":"yoestudiosalud.es","description":"Material para estudiantes del sector salud","publisher":{"@id":"https:\/\/yoestudiosalud.es\/en\/#organization"},"potentialAction":[{"@type":"SearchAction","target":{"@type":"EntryPoint","urlTemplate":"https:\/\/yoestudiosalud.es\/en\/?s={search_term_string}"},"query-input":{"@type":"PropertyValueSpecification","valueRequired":true,"valueName":"search_term_string"}}],"inLanguage":"fr-FR"},{"@type":"Organization","@id":"https:\/\/yoestudiosalud.es\/en\/#organization","name":"yoestudiosalud.es","url":"https:\/\/yoestudiosalud.es\/en\/","logo":{"@type":"ImageObject","inLanguage":"fr-FR","@id":"https:\/\/yoestudiosalud.es\/en\/#\/schema\/logo\/image\/","url":"https:\/\/yoestudiosalud.es\/wp-content\/uploads\/2020\/04\/logonew-e1698080827687.png","contentUrl":"https:\/\/yoestudiosalud.es\/wp-content\/uploads\/2020\/04\/logonew-e1698080827687.png","width":421,"height":393,"caption":"yoestudiosalud.es"},"image":{"@id":"https:\/\/yoestudiosalud.es\/en\/#\/schema\/logo\/image\/"}}]}},"_links":{"self":[{"href":"https:\/\/yoestudiosalud.es\/fr\/wp-json\/wp\/v2\/product\/33727","targetHints":{"allow":["GET"]}}],"collection":[{"href":"https:\/\/yoestudiosalud.es\/fr\/wp-json\/wp\/v2\/product"}],"about":[{"href":"https:\/\/yoestudiosalud.es\/fr\/wp-json\/wp\/v2\/types\/product"}],"wp:featuredmedia":[{"embeddable":true,"href":"https:\/\/yoestudiosalud.es\/fr\/wp-json\/wp\/v2\/media\/33724"}],"wp:attachment":[{"href":"https:\/\/yoestudiosalud.es\/fr\/wp-json\/wp\/v2\/media?parent=33727"}],"wp:term":[{"taxonomy":"product_brand","embeddable":true,"href":"https:\/\/yoestudiosalud.es\/fr\/wp-json\/wp\/v2\/product_brand?post=33727"},{"taxonomy":"product_cat","embeddable":true,"href":"https:\/\/yoestudiosalud.es\/fr\/wp-json\/wp\/v2\/product_cat?post=33727"},{"taxonomy":"product_tag","embeddable":true,"href":"https:\/\/yoestudiosalud.es\/fr\/wp-json\/wp\/v2\/product_tag?post=33727"}],"curies":[{"name":"wp","href":"https:\/\/api.w.org\/{rel}","templated":true}]}}