{"id":33345,"date":"2018-07-12T17:20:14","date_gmt":"2018-07-12T17:20:14","guid":{"rendered":"https:\/\/yoestudiosalud.es\/producto\/curetas-graceyhu-friedy\/"},"modified":"2025-06-26T17:28:51","modified_gmt":"2025-06-26T15:28:51","slug":"curetas-graceyhu-friedy","status":"publish","type":"product","link":"https:\/\/yoestudiosalud.es\/fr\/produit\/curetas-graceyhu-friedy\/","title":{"rendered":"CURETTES GRACEY<br>HU-FRIEDY"},"content":{"rendered":"<p>Curettes Hu-Friedy Gracey pour le d\u00e9tartrage et le surfa\u00e7age radiculaire des dents, de haute qualit\u00e9 et dot\u00e9es d&#8217;un tranchant de haute pr\u00e9cision pour une coupe parfaite.<\/p>\n<p>Dans les ann\u00e9es 1940, les curettes Gracey ont \u00e9t\u00e9 con\u00e7ues par le Dr Clayton Gracey, d&#8217;o\u00f9 leur nom. Avec la conception innovante de ces curettes, le Dr Gracey visait \u00e0.. :<\/p>\n<ul>\n<li>Conception sp\u00e9cifique pour des zones sp\u00e9cifiques de l&#8217;arcade dentaire.<\/li>\n<li>Tranchant sp\u00e9cifique disponible sur chaque lame.<\/li>\n<li>Coupe angulaire pour faciliter l&#8217;acc\u00e8s et la visibilit\u00e9.<\/li>\n<li>Courbure dans les deux plans.-<\/li>\n<li>Conception tr\u00e8s adaptable \u00e0 la surface de la racine.<\/li>\n<\/ul>\n<p>Les diff\u00e9rentes curettes Gracey se distinguent par leur polyvalence. Cependant, il existe 18 types de curettes et chaque type est sp\u00e9cifique \u00e0 une zone dentaire particuli\u00e8re. Chaque curette Gracey a un angle de pointe et une longueur de tige diff\u00e9rents.<\/p>\n<p>Cela permet d&#8217;obtenir les angles optimaux requis pour chaque intervention lors des man\u0153uvres de curetage et de d\u00e9tartrage. Les nomenclatures suivantes peuvent \u00eatre trouv\u00e9es sur les curettes Gracey :<\/p>\n<ul>\n<li>1 \/ 2 , 3 -\/4 Pour les dents ant\u00e9rieures.<\/li>\n<li>5 \/6 Pour les dents ant\u00e9rieures et les pr\u00e9molaires.<\/li>\n<li>7 \/8 , 9 \/10 Pour les faces vestubulaires et linguales des pr\u00e9molaires et des molaires.<\/li>\n<li>11\/12 Pour les faces m\u00e9siales des pr\u00e9molaires et des molaires.<\/li>\n<li>13 \/14 Pour les faces distales des pr\u00e9molaires et des molaires.<\/li>\n<li>15 \/16 M\u00eame courbure que la curette 13\/14, mais la lame est con\u00e7ue pour atteindre les surfaces m\u00e9siales post\u00e9rieures.<\/li>\n<li>17\/18 Avec des angles accentu\u00e9s pour am\u00e9liorer l&#8217;acc\u00e8s aux surfaces distales post\u00e9rieures.\u00a0 Lame plus petite et l\u00e9g\u00e8rement plus longue.<\/li>\n<\/ul>\n<p>Fabriqu\u00e9e par la grande marque d&#8217;instruments dentaires Hu-Friedy, il s&#8217;agit d&#8217;un mat\u00e9riel de qualit\u00e9 professionnelle recommand\u00e9 aux \u00e9tudiants \u00e0 la recherche d&#8217;une curette haut de gamme.<\/p>\n","protected":false},"excerpt":{"rendered":"<p>Curettes Hu-Friedy Gracey pour le d\u00e9tartrage et le surfa\u00e7age des dents, de haute qualit\u00e9 et dot\u00e9es d&#8217;un tranchant de haute pr\u00e9cision pour une coupe parfaite.<\/p>\n","protected":false},"featured_media":33347,"template":"","meta":[],"product_brand":[],"product_cat":[712],"product_tag":[],"class_list":{"0":"post-33345","1":"product","2":"type-product","3":"status-publish","4":"has-post-thumbnail","6":"product_cat-periodontie-fr","7":"pa_formacion-odontologia-fr","9":"first","10":"instock","11":"sale","12":"taxable","13":"shipping-taxable","14":"purchasable","15":"product-type-variable"},"yoast_head":"<!-- This site is optimized with the Yoast SEO Premium plugin v27.0 (Yoast SEO v27.2) - https:\/\/yoast.com\/product\/yoast-seo-premium-wordpress\/ -->\n<title>CURETTES GRACEYHU-FRIEDY - yoestudiosalud.es<\/title>\n<meta name=\"description\" content=\"Curettes Hu-Friedy Gracey pour le d\u00e9tartrage et le surfa\u00e7age radiculaire des dents avec un tranchant de haute pr\u00e9cision pour une coupe parfaite.\" \/>\n<meta name=\"robots\" content=\"index, follow, max-snippet:-1, max-image-preview:large, max-video-preview:-1\" \/>\n<link rel=\"canonical\" href=\"https:\/\/yoestudiosalud.es\/produit\/curetas-gracey-hu-friedy\/\" \/>\n<meta property=\"og:locale\" content=\"fr_FR\" \/>\n<meta property=\"og:type\" content=\"article\" \/>\n<meta property=\"og:title\" content=\"CURETTES GRACEYHU-FRIEDY\" \/>\n<meta property=\"og:description\" content=\"Curettes Hu-Friedy Gracey pour le d\u00e9tartrage et le surfa\u00e7age radiculaire des dents avec un tranchant de haute pr\u00e9cision pour une coupe parfaite.\" \/>\n<meta property=\"og:url\" content=\"https:\/\/yoestudiosalud.es\/produit\/curetas-gracey-hu-friedy\/\" \/>\n<meta property=\"og:site_name\" content=\"yoestudiosalud.es\" \/>\n<meta property=\"article:modified_time\" content=\"2025-06-26T15:28:51+00:00\" \/>\n<meta property=\"og:image\" content=\"https:\/\/yoestudiosalud.es\/wp-content\/uploads\/2018\/07\/000703B.jpg\" \/>\n\t<meta property=\"og:image:width\" content=\"650\" \/>\n\t<meta property=\"og:image:height\" content=\"650\" \/>\n\t<meta property=\"og:image:type\" content=\"image\/jpeg\" \/>\n<meta name=\"twitter:card\" content=\"summary_large_image\" \/>\n<meta name=\"twitter:label1\" content=\"Dur\u00e9e de lecture estim\u00e9e\" \/>\n\t<meta name=\"twitter:data1\" content=\"1 minute\" \/>\n<script type=\"application\/ld+json\" class=\"yoast-schema-graph\">{\"@context\":\"https:\/\/schema.org\",\"@graph\":[{\"@type\":\"WebPage\",\"@id\":\"https:\/\/yoestudiosalud.es\/produit\/curetas-gracey-hu-friedy\/\",\"url\":\"https:\/\/yoestudiosalud.es\/produit\/curetas-gracey-hu-friedy\/\",\"name\":\"CURETTES GRACEY HU-FRIEDY - yoestudiosalud.es\",\"isPartOf\":{\"@id\":\"https:\/\/yoestudiosalud.es\/en\/#website\"},\"primaryImageOfPage\":{\"@id\":\"https:\/\/yoestudiosalud.es\/produit\/curetas-gracey-hu-friedy\/#primaryimage\"},\"image\":{\"@id\":\"https:\/\/yoestudiosalud.es\/produit\/curetas-gracey-hu-friedy\/#primaryimage\"},\"thumbnailUrl\":\"https:\/\/yoestudiosalud.es\/wp-content\/uploads\/2018\/07\/000703B.jpg\",\"datePublished\":\"2018-07-12T17:20:14+00:00\",\"dateModified\":\"2025-06-26T15:28:51+00:00\",\"description\":\"Curettes Hu-Friedy Gracey pour le d\u00e9tartrage et le surfa\u00e7age radiculaire des dents avec un tranchant de haute pr\u00e9cision pour une coupe parfaite.\",\"breadcrumb\":{\"@id\":\"https:\/\/yoestudiosalud.es\/produit\/curetas-gracey-hu-friedy\/#breadcrumb\"},\"inLanguage\":\"fr-FR\",\"potentialAction\":[{\"@type\":\"ReadAction\",\"target\":[\"https:\/\/yoestudiosalud.es\/produit\/curetas-gracey-hu-friedy\/\"]}]},{\"@type\":\"ImageObject\",\"inLanguage\":\"fr-FR\",\"@id\":\"https:\/\/yoestudiosalud.es\/produit\/curetas-gracey-hu-friedy\/#primaryimage\",\"url\":\"https:\/\/yoestudiosalud.es\/wp-content\/uploads\/2018\/07\/000703B.jpg\",\"contentUrl\":\"https:\/\/yoestudiosalud.es\/wp-content\/uploads\/2018\/07\/000703B.jpg\",\"width\":650,\"height\":650,\"caption\":\"CURETAS GRACEY HU-FRIEDY\"},{\"@type\":\"BreadcrumbList\",\"@id\":\"https:\/\/yoestudiosalud.es\/produit\/curetas-gracey-hu-friedy\/#breadcrumb\",\"itemListElement\":[{\"@type\":\"ListItem\",\"position\":1,\"name\":\"Portada\",\"item\":\"https:\/\/yoestudiosalud.es\/fr\/\"},{\"@type\":\"ListItem\",\"position\":2,\"name\":\"Boutique\",\"item\":\"https:\/\/yoestudiosalud.es\/fr\/boutique\/\"},{\"@type\":\"ListItem\",\"position\":3,\"name\":\"CURETTES GRACEYHU-FRIEDY\"}]},{\"@type\":\"WebSite\",\"@id\":\"https:\/\/yoestudiosalud.es\/en\/#website\",\"url\":\"https:\/\/yoestudiosalud.es\/en\/\",\"name\":\"yoestudiosalud.es\",\"description\":\"Material para estudiantes del sector salud\",\"publisher\":{\"@id\":\"https:\/\/yoestudiosalud.es\/en\/#organization\"},\"potentialAction\":[{\"@type\":\"SearchAction\",\"target\":{\"@type\":\"EntryPoint\",\"urlTemplate\":\"https:\/\/yoestudiosalud.es\/en\/?s={search_term_string}\"},\"query-input\":{\"@type\":\"PropertyValueSpecification\",\"valueRequired\":true,\"valueName\":\"search_term_string\"}}],\"inLanguage\":\"fr-FR\"},{\"@type\":\"Organization\",\"@id\":\"https:\/\/yoestudiosalud.es\/en\/#organization\",\"name\":\"yoestudiosalud.es\",\"url\":\"https:\/\/yoestudiosalud.es\/en\/\",\"logo\":{\"@type\":\"ImageObject\",\"inLanguage\":\"fr-FR\",\"@id\":\"https:\/\/yoestudiosalud.es\/en\/#\/schema\/logo\/image\/\",\"url\":\"https:\/\/yoestudiosalud.es\/wp-content\/uploads\/2020\/04\/logonew-e1698080827687.png\",\"contentUrl\":\"https:\/\/yoestudiosalud.es\/wp-content\/uploads\/2020\/04\/logonew-e1698080827687.png\",\"width\":421,\"height\":393,\"caption\":\"yoestudiosalud.es\"},\"image\":{\"@id\":\"https:\/\/yoestudiosalud.es\/en\/#\/schema\/logo\/image\/\"}}]}<\/script>\n<!-- \/ Yoast SEO Premium plugin. -->","yoast_head_json":{"title":"CURETTES GRACEYHU-FRIEDY - yoestudiosalud.es","description":"Curettes Hu-Friedy Gracey pour le d\u00e9tartrage et le surfa\u00e7age radiculaire des dents avec un tranchant de haute pr\u00e9cision pour une coupe parfaite.","robots":{"index":"index","follow":"follow","max-snippet":"max-snippet:-1","max-image-preview":"max-image-preview:large","max-video-preview":"max-video-preview:-1"},"canonical":"https:\/\/yoestudiosalud.es\/produit\/curetas-gracey-hu-friedy\/","og_locale":"fr_FR","og_type":"article","og_title":"CURETTES GRACEYHU-FRIEDY","og_description":"Curettes Hu-Friedy Gracey pour le d\u00e9tartrage et le surfa\u00e7age radiculaire des dents avec un tranchant de haute pr\u00e9cision pour une coupe parfaite.","og_url":"https:\/\/yoestudiosalud.es\/produit\/curetas-gracey-hu-friedy\/","og_site_name":"yoestudiosalud.es","article_modified_time":"2025-06-26T15:28:51+00:00","og_image":[{"width":650,"height":650,"url":"https:\/\/yoestudiosalud.es\/wp-content\/uploads\/2018\/07\/000703B.jpg","type":"image\/jpeg"}],"twitter_card":"summary_large_image","twitter_misc":{"Dur\u00e9e de lecture estim\u00e9e":"1 minute"},"schema":{"@context":"https:\/\/schema.org","@graph":[{"@type":"WebPage","@id":"https:\/\/yoestudiosalud.es\/produit\/curetas-gracey-hu-friedy\/","url":"https:\/\/yoestudiosalud.es\/produit\/curetas-gracey-hu-friedy\/","name":"CURETTES GRACEY HU-FRIEDY - yoestudiosalud.es","isPartOf":{"@id":"https:\/\/yoestudiosalud.es\/en\/#website"},"primaryImageOfPage":{"@id":"https:\/\/yoestudiosalud.es\/produit\/curetas-gracey-hu-friedy\/#primaryimage"},"image":{"@id":"https:\/\/yoestudiosalud.es\/produit\/curetas-gracey-hu-friedy\/#primaryimage"},"thumbnailUrl":"https:\/\/yoestudiosalud.es\/wp-content\/uploads\/2018\/07\/000703B.jpg","datePublished":"2018-07-12T17:20:14+00:00","dateModified":"2025-06-26T15:28:51+00:00","description":"Curettes Hu-Friedy Gracey pour le d\u00e9tartrage et le surfa\u00e7age radiculaire des dents avec un tranchant de haute pr\u00e9cision pour une coupe parfaite.","breadcrumb":{"@id":"https:\/\/yoestudiosalud.es\/produit\/curetas-gracey-hu-friedy\/#breadcrumb"},"inLanguage":"fr-FR","potentialAction":[{"@type":"ReadAction","target":["https:\/\/yoestudiosalud.es\/produit\/curetas-gracey-hu-friedy\/"]}]},{"@type":"ImageObject","inLanguage":"fr-FR","@id":"https:\/\/yoestudiosalud.es\/produit\/curetas-gracey-hu-friedy\/#primaryimage","url":"https:\/\/yoestudiosalud.es\/wp-content\/uploads\/2018\/07\/000703B.jpg","contentUrl":"https:\/\/yoestudiosalud.es\/wp-content\/uploads\/2018\/07\/000703B.jpg","width":650,"height":650,"caption":"CURETAS GRACEY HU-FRIEDY"},{"@type":"BreadcrumbList","@id":"https:\/\/yoestudiosalud.es\/produit\/curetas-gracey-hu-friedy\/#breadcrumb","itemListElement":[{"@type":"ListItem","position":1,"name":"Portada","item":"https:\/\/yoestudiosalud.es\/fr\/"},{"@type":"ListItem","position":2,"name":"Boutique","item":"https:\/\/yoestudiosalud.es\/fr\/boutique\/"},{"@type":"ListItem","position":3,"name":"CURETTES GRACEYHU-FRIEDY"}]},{"@type":"WebSite","@id":"https:\/\/yoestudiosalud.es\/en\/#website","url":"https:\/\/yoestudiosalud.es\/en\/","name":"yoestudiosalud.es","description":"Material para estudiantes del sector salud","publisher":{"@id":"https:\/\/yoestudiosalud.es\/en\/#organization"},"potentialAction":[{"@type":"SearchAction","target":{"@type":"EntryPoint","urlTemplate":"https:\/\/yoestudiosalud.es\/en\/?s={search_term_string}"},"query-input":{"@type":"PropertyValueSpecification","valueRequired":true,"valueName":"search_term_string"}}],"inLanguage":"fr-FR"},{"@type":"Organization","@id":"https:\/\/yoestudiosalud.es\/en\/#organization","name":"yoestudiosalud.es","url":"https:\/\/yoestudiosalud.es\/en\/","logo":{"@type":"ImageObject","inLanguage":"fr-FR","@id":"https:\/\/yoestudiosalud.es\/en\/#\/schema\/logo\/image\/","url":"https:\/\/yoestudiosalud.es\/wp-content\/uploads\/2020\/04\/logonew-e1698080827687.png","contentUrl":"https:\/\/yoestudiosalud.es\/wp-content\/uploads\/2020\/04\/logonew-e1698080827687.png","width":421,"height":393,"caption":"yoestudiosalud.es"},"image":{"@id":"https:\/\/yoestudiosalud.es\/en\/#\/schema\/logo\/image\/"}}]}},"_links":{"self":[{"href":"https:\/\/yoestudiosalud.es\/fr\/wp-json\/wp\/v2\/product\/33345","targetHints":{"allow":["GET"]}}],"collection":[{"href":"https:\/\/yoestudiosalud.es\/fr\/wp-json\/wp\/v2\/product"}],"about":[{"href":"https:\/\/yoestudiosalud.es\/fr\/wp-json\/wp\/v2\/types\/product"}],"wp:featuredmedia":[{"embeddable":true,"href":"https:\/\/yoestudiosalud.es\/fr\/wp-json\/wp\/v2\/media\/33347"}],"wp:attachment":[{"href":"https:\/\/yoestudiosalud.es\/fr\/wp-json\/wp\/v2\/media?parent=33345"}],"wp:term":[{"taxonomy":"product_brand","embeddable":true,"href":"https:\/\/yoestudiosalud.es\/fr\/wp-json\/wp\/v2\/product_brand?post=33345"},{"taxonomy":"product_cat","embeddable":true,"href":"https:\/\/yoestudiosalud.es\/fr\/wp-json\/wp\/v2\/product_cat?post=33345"},{"taxonomy":"product_tag","embeddable":true,"href":"https:\/\/yoestudiosalud.es\/fr\/wp-json\/wp\/v2\/product_tag?post=33345"}],"curies":[{"name":"wp","href":"https:\/\/api.w.org\/{rel}","templated":true}]}}