{"id":33307,"date":"2019-06-18T15:51:07","date_gmt":"2019-06-18T15:51:07","guid":{"rendered":"https:\/\/yoestudiosalud.es\/producto\/lentulos-25mm-surtidos\/"},"modified":"2025-06-25T23:05:38","modified_gmt":"2025-06-25T21:05:38","slug":"lentulos-25mm-surtidos","status":"publish","type":"product","link":"https:\/\/yoestudiosalud.es\/fr\/produit\/lentulos-25mm-surtidos\/","title":{"rendered":"LENTULOS 25MM SURTIDOS"},"content":{"rendered":"<p>Los lentulos 25mm surtidos constan de una espiral lentular y es un instrumento dental que se utiliza para distribuir correctamente el sellador del conducto radicular y el cemento de manera uniforme en todo el sistema del conducto radicular.<\/p>\n<p>Los lentulos constituyen instrumentos rotatorios que se utilizan en odontolog\u00eda para la aplicaci\u00f3n de materiales de restauraci\u00f3n en los conductos radiculares de los dientes. Est\u00e1n hechos de acero inoxidable y presentan una forma cil\u00edndrica y alargada con una punta espiral que permite una distribuci\u00f3n homog\u00e9nea de los materiales en el interior del conducto radicular.<\/p>\n<p>Los estudiantes de odontolog\u00eda deben aprender a utilizar los lentulos correctamente para obtener resultados \u00f3ptimos en la restauraci\u00f3n de los dientes. Tiene vital importancia seleccionar el lentulo adecuado de acuerdo con el tama\u00f1o del conducto radicular y\u00a0 tipo de material de restauraci\u00f3n a aplicar.<\/p>\n<p>El procedimiento para utilizar los lentulos implica la preparaci\u00f3n del conducto radicular mediante el uso de limas y la irrigaci\u00f3n con soluciones desinfectantes. Luego, se carga el material de restauraci\u00f3n en la punta del lentulo y se inserta en el conducto radicular, donde se gira suavemente para distribuir el material uniformemente.<\/p>\n<p>Los lentulos tienen especial \u00fatilidad en la aplicaci\u00f3n de materiales de restauraci\u00f3n l\u00edquidos o semis\u00f3lidos, como selladores de conductos o cementos endod\u00f3nticos. Adem\u00e1s, pueden utilizarse en la aplicaci\u00f3n de medicamentos para el tratamiento de infecciones o inflamaciones en el conducto radicular.<\/p>\n<p>Es importante destacar que el uso de los lentulos debe realizarse con precauci\u00f3n para evitar da\u00f1ar el tejido pulpar del diente. Los estudiantes de odontolog\u00eda deben recibir una formaci\u00f3n adecuada sobre la selecci\u00f3n y uso de los lentulos, as\u00ed como sobre la t\u00e9cnica correcta para su aplicaci\u00f3n en los conductos radiculares.<\/p>\n<p>En resumen, los lentulos son herramientas valiosas en la restauraci\u00f3n de los dientes mediante la aplicaci\u00f3n de materiales en los conductos radiculares. Los estudiantes de odontolog\u00eda deben aprender su correcto uso y aplicaci\u00f3n para obtener resultados \u00f3ptimos en la restauraci\u00f3n de los dientes.<\/p>\n","protected":false},"excerpt":{"rendered":"<p>Lentulos para distribuir correctamente el sellador del conducto radicular. Empaque de 4 unidades surtidas<\/p>\n","protected":false},"featured_media":33308,"template":"","meta":[],"product_brand":[],"product_cat":[716],"product_tag":[732,928],"class_list":{"0":"post-33307","1":"product","2":"type-product","3":"status-publish","4":"has-post-thumbnail","6":"product_cat-consommables-fr","7":"product_tag-ucv4","8":"product_tag-ceuelche4","9":"pa_formacion-odontologia-fr","11":"first","12":"instock","13":"taxable","14":"shipping-taxable","15":"purchasable","16":"product-type-simple"},"yoast_head":"<!-- This site is optimized with the Yoast SEO Premium plugin v27.0 (Yoast SEO v27.2) - https:\/\/yoast.com\/product\/yoast-seo-premium-wordpress\/ -->\n<title>LENTULOS 25MM SURTIDOS - yoestudiosalud.es dep\u00f3sito dental<\/title>\n<meta name=\"description\" content=\"Los lentulos de 25mm surtidos se utilizan para distribuir correctamente el sellador del conducto radicular. Compra online en la tienda\" \/>\n<meta name=\"robots\" content=\"index, follow, max-snippet:-1, max-image-preview:large, max-video-preview:-1\" \/>\n<link rel=\"canonical\" href=\"https:\/\/yoestudiosalud.es\/fr\/produit\/lentulos-25mm-surtidos\/\" \/>\n<meta property=\"og:locale\" content=\"fr_FR\" \/>\n<meta property=\"og:type\" content=\"article\" \/>\n<meta property=\"og:title\" content=\"LENTULOS 25MM SURTIDOS\" \/>\n<meta property=\"og:description\" content=\"Los lentulos de 25mm surtidos se utilizan para distribuir correctamente el sellador del conducto radicular. Compra online en la tienda\" \/>\n<meta property=\"og:url\" content=\"https:\/\/yoestudiosalud.es\/fr\/produit\/lentulos-25mm-surtidos\/\" \/>\n<meta property=\"og:site_name\" content=\"yoestudiosalud.es\" \/>\n<meta property=\"article:modified_time\" content=\"2025-06-25T21:05:38+00:00\" \/>\n<meta property=\"og:image\" content=\"https:\/\/yoestudiosalud.es\/wp-content\/uploads\/2019\/06\/003903B.jpg\" \/>\n\t<meta property=\"og:image:width\" content=\"650\" \/>\n\t<meta property=\"og:image:height\" content=\"650\" \/>\n\t<meta property=\"og:image:type\" content=\"image\/jpeg\" \/>\n<meta name=\"twitter:card\" content=\"summary_large_image\" \/>\n<meta name=\"twitter:label1\" content=\"Dur\u00e9e de lecture estim\u00e9e\" \/>\n\t<meta name=\"twitter:data1\" content=\"2 minutes\" \/>\n<script type=\"application\/ld+json\" class=\"yoast-schema-graph\">{\"@context\":\"https:\/\/schema.org\",\"@graph\":[{\"@type\":\"WebPage\",\"@id\":\"https:\/\/yoestudiosalud.es\/fr\/produit\/lentulos-25mm-surtidos\/\",\"url\":\"https:\/\/yoestudiosalud.es\/fr\/produit\/lentulos-25mm-surtidos\/\",\"name\":\"LENTULOS 25MM SURTIDOS - yoestudiosalud.es dep\u00f3sito dental\",\"isPartOf\":{\"@id\":\"https:\/\/yoestudiosalud.es\/en\/#website\"},\"primaryImageOfPage\":{\"@id\":\"https:\/\/yoestudiosalud.es\/fr\/produit\/lentulos-25mm-surtidos\/#primaryimage\"},\"image\":{\"@id\":\"https:\/\/yoestudiosalud.es\/fr\/produit\/lentulos-25mm-surtidos\/#primaryimage\"},\"thumbnailUrl\":\"https:\/\/yoestudiosalud.es\/wp-content\/uploads\/2019\/06\/003903B.jpg\",\"datePublished\":\"2019-06-18T15:51:07+00:00\",\"dateModified\":\"2025-06-25T21:05:38+00:00\",\"description\":\"Los lentulos de 25mm surtidos se utilizan para distribuir correctamente el sellador del conducto radicular. Compra online en la tienda\",\"breadcrumb\":{\"@id\":\"https:\/\/yoestudiosalud.es\/fr\/produit\/lentulos-25mm-surtidos\/#breadcrumb\"},\"inLanguage\":\"fr-FR\",\"potentialAction\":[{\"@type\":\"ReadAction\",\"target\":[\"https:\/\/yoestudiosalud.es\/fr\/produit\/lentulos-25mm-surtidos\/\"]}]},{\"@type\":\"ImageObject\",\"inLanguage\":\"fr-FR\",\"@id\":\"https:\/\/yoestudiosalud.es\/fr\/produit\/lentulos-25mm-surtidos\/#primaryimage\",\"url\":\"https:\/\/yoestudiosalud.es\/wp-content\/uploads\/2019\/06\/003903B.jpg\",\"contentUrl\":\"https:\/\/yoestudiosalud.es\/wp-content\/uploads\/2019\/06\/003903B.jpg\",\"width\":650,\"height\":650,\"caption\":\"LENTULOS 25MM SURTIDOS\"},{\"@type\":\"BreadcrumbList\",\"@id\":\"https:\/\/yoestudiosalud.es\/fr\/produit\/lentulos-25mm-surtidos\/#breadcrumb\",\"itemListElement\":[{\"@type\":\"ListItem\",\"position\":1,\"name\":\"Portada\",\"item\":\"https:\/\/yoestudiosalud.es\/fr\/\"},{\"@type\":\"ListItem\",\"position\":2,\"name\":\"Boutique\",\"item\":\"https:\/\/yoestudiosalud.es\/fr\/boutique\/\"},{\"@type\":\"ListItem\",\"position\":3,\"name\":\"LENTULOS 25MM SURTIDOS\"}]},{\"@type\":\"WebSite\",\"@id\":\"https:\/\/yoestudiosalud.es\/en\/#website\",\"url\":\"https:\/\/yoestudiosalud.es\/en\/\",\"name\":\"yoestudiosalud.es\",\"description\":\"Material para estudiantes del sector salud\",\"publisher\":{\"@id\":\"https:\/\/yoestudiosalud.es\/en\/#organization\"},\"potentialAction\":[{\"@type\":\"SearchAction\",\"target\":{\"@type\":\"EntryPoint\",\"urlTemplate\":\"https:\/\/yoestudiosalud.es\/en\/?s={search_term_string}\"},\"query-input\":{\"@type\":\"PropertyValueSpecification\",\"valueRequired\":true,\"valueName\":\"search_term_string\"}}],\"inLanguage\":\"fr-FR\"},{\"@type\":\"Organization\",\"@id\":\"https:\/\/yoestudiosalud.es\/en\/#organization\",\"name\":\"yoestudiosalud.es\",\"url\":\"https:\/\/yoestudiosalud.es\/en\/\",\"logo\":{\"@type\":\"ImageObject\",\"inLanguage\":\"fr-FR\",\"@id\":\"https:\/\/yoestudiosalud.es\/en\/#\/schema\/logo\/image\/\",\"url\":\"https:\/\/yoestudiosalud.es\/wp-content\/uploads\/2020\/04\/logonew-e1698080827687.png\",\"contentUrl\":\"https:\/\/yoestudiosalud.es\/wp-content\/uploads\/2020\/04\/logonew-e1698080827687.png\",\"width\":421,\"height\":393,\"caption\":\"yoestudiosalud.es\"},\"image\":{\"@id\":\"https:\/\/yoestudiosalud.es\/en\/#\/schema\/logo\/image\/\"}}]}<\/script>\n<!-- \/ Yoast SEO Premium plugin. -->","yoast_head_json":{"title":"LENTULOS 25MM SURTIDOS - yoestudiosalud.es dep\u00f3sito dental","description":"Los lentulos de 25mm surtidos se utilizan para distribuir correctamente el sellador del conducto radicular. Compra online en la tienda","robots":{"index":"index","follow":"follow","max-snippet":"max-snippet:-1","max-image-preview":"max-image-preview:large","max-video-preview":"max-video-preview:-1"},"canonical":"https:\/\/yoestudiosalud.es\/fr\/produit\/lentulos-25mm-surtidos\/","og_locale":"fr_FR","og_type":"article","og_title":"LENTULOS 25MM SURTIDOS","og_description":"Los lentulos de 25mm surtidos se utilizan para distribuir correctamente el sellador del conducto radicular. Compra online en la tienda","og_url":"https:\/\/yoestudiosalud.es\/fr\/produit\/lentulos-25mm-surtidos\/","og_site_name":"yoestudiosalud.es","article_modified_time":"2025-06-25T21:05:38+00:00","og_image":[{"width":650,"height":650,"url":"https:\/\/yoestudiosalud.es\/wp-content\/uploads\/2019\/06\/003903B.jpg","type":"image\/jpeg"}],"twitter_card":"summary_large_image","twitter_misc":{"Dur\u00e9e de lecture estim\u00e9e":"2 minutes"},"schema":{"@context":"https:\/\/schema.org","@graph":[{"@type":"WebPage","@id":"https:\/\/yoestudiosalud.es\/fr\/produit\/lentulos-25mm-surtidos\/","url":"https:\/\/yoestudiosalud.es\/fr\/produit\/lentulos-25mm-surtidos\/","name":"LENTULOS 25MM SURTIDOS - yoestudiosalud.es dep\u00f3sito dental","isPartOf":{"@id":"https:\/\/yoestudiosalud.es\/en\/#website"},"primaryImageOfPage":{"@id":"https:\/\/yoestudiosalud.es\/fr\/produit\/lentulos-25mm-surtidos\/#primaryimage"},"image":{"@id":"https:\/\/yoestudiosalud.es\/fr\/produit\/lentulos-25mm-surtidos\/#primaryimage"},"thumbnailUrl":"https:\/\/yoestudiosalud.es\/wp-content\/uploads\/2019\/06\/003903B.jpg","datePublished":"2019-06-18T15:51:07+00:00","dateModified":"2025-06-25T21:05:38+00:00","description":"Los lentulos de 25mm surtidos se utilizan para distribuir correctamente el sellador del conducto radicular. Compra online en la tienda","breadcrumb":{"@id":"https:\/\/yoestudiosalud.es\/fr\/produit\/lentulos-25mm-surtidos\/#breadcrumb"},"inLanguage":"fr-FR","potentialAction":[{"@type":"ReadAction","target":["https:\/\/yoestudiosalud.es\/fr\/produit\/lentulos-25mm-surtidos\/"]}]},{"@type":"ImageObject","inLanguage":"fr-FR","@id":"https:\/\/yoestudiosalud.es\/fr\/produit\/lentulos-25mm-surtidos\/#primaryimage","url":"https:\/\/yoestudiosalud.es\/wp-content\/uploads\/2019\/06\/003903B.jpg","contentUrl":"https:\/\/yoestudiosalud.es\/wp-content\/uploads\/2019\/06\/003903B.jpg","width":650,"height":650,"caption":"LENTULOS 25MM SURTIDOS"},{"@type":"BreadcrumbList","@id":"https:\/\/yoestudiosalud.es\/fr\/produit\/lentulos-25mm-surtidos\/#breadcrumb","itemListElement":[{"@type":"ListItem","position":1,"name":"Portada","item":"https:\/\/yoestudiosalud.es\/fr\/"},{"@type":"ListItem","position":2,"name":"Boutique","item":"https:\/\/yoestudiosalud.es\/fr\/boutique\/"},{"@type":"ListItem","position":3,"name":"LENTULOS 25MM SURTIDOS"}]},{"@type":"WebSite","@id":"https:\/\/yoestudiosalud.es\/en\/#website","url":"https:\/\/yoestudiosalud.es\/en\/","name":"yoestudiosalud.es","description":"Material para estudiantes del sector salud","publisher":{"@id":"https:\/\/yoestudiosalud.es\/en\/#organization"},"potentialAction":[{"@type":"SearchAction","target":{"@type":"EntryPoint","urlTemplate":"https:\/\/yoestudiosalud.es\/en\/?s={search_term_string}"},"query-input":{"@type":"PropertyValueSpecification","valueRequired":true,"valueName":"search_term_string"}}],"inLanguage":"fr-FR"},{"@type":"Organization","@id":"https:\/\/yoestudiosalud.es\/en\/#organization","name":"yoestudiosalud.es","url":"https:\/\/yoestudiosalud.es\/en\/","logo":{"@type":"ImageObject","inLanguage":"fr-FR","@id":"https:\/\/yoestudiosalud.es\/en\/#\/schema\/logo\/image\/","url":"https:\/\/yoestudiosalud.es\/wp-content\/uploads\/2020\/04\/logonew-e1698080827687.png","contentUrl":"https:\/\/yoestudiosalud.es\/wp-content\/uploads\/2020\/04\/logonew-e1698080827687.png","width":421,"height":393,"caption":"yoestudiosalud.es"},"image":{"@id":"https:\/\/yoestudiosalud.es\/en\/#\/schema\/logo\/image\/"}}]}},"_links":{"self":[{"href":"https:\/\/yoestudiosalud.es\/fr\/wp-json\/wp\/v2\/product\/33307","targetHints":{"allow":["GET"]}}],"collection":[{"href":"https:\/\/yoestudiosalud.es\/fr\/wp-json\/wp\/v2\/product"}],"about":[{"href":"https:\/\/yoestudiosalud.es\/fr\/wp-json\/wp\/v2\/types\/product"}],"wp:featuredmedia":[{"embeddable":true,"href":"https:\/\/yoestudiosalud.es\/fr\/wp-json\/wp\/v2\/media\/33308"}],"wp:attachment":[{"href":"https:\/\/yoestudiosalud.es\/fr\/wp-json\/wp\/v2\/media?parent=33307"}],"wp:term":[{"taxonomy":"product_brand","embeddable":true,"href":"https:\/\/yoestudiosalud.es\/fr\/wp-json\/wp\/v2\/product_brand?post=33307"},{"taxonomy":"product_cat","embeddable":true,"href":"https:\/\/yoestudiosalud.es\/fr\/wp-json\/wp\/v2\/product_cat?post=33307"},{"taxonomy":"product_tag","embeddable":true,"href":"https:\/\/yoestudiosalud.es\/fr\/wp-json\/wp\/v2\/product_tag?post=33307"}],"curies":[{"name":"wp","href":"https:\/\/api.w.org\/{rel}","templated":true}]}}