{"id":33305,"date":"2020-07-19T15:45:41","date_gmt":"2020-07-19T15:45:41","guid":{"rendered":"https:\/\/yoestudiosalud.es\/producto\/espejo-front-surface-5\/"},"modified":"2025-07-01T18:25:34","modified_gmt":"2025-07-01T16:25:34","slug":"espejo-front-surface-5","status":"publish","type":"product","link":"https:\/\/yoestudiosalud.es\/fr\/produit\/espejo-front-surface-5\/","title":{"rendered":"MIROIR FRONT SURFACE #5"},"content":{"rendered":"<p>Miroir dentaire intrabuccal surface avant #5. Miroir plat de 24 mm de diam\u00e8tre convenant \u00e0 la d\u00e9sinfection en autoclave et \u00e0 la d\u00e9sinfection manuelle. Le verre rhodi\u00e9 emp\u00eache la formation d&#8217;une double image et r\u00e9duit la formation de bu\u00e9e.<\/p>\n<div class=\"woocommerce-tabs wc-tabs-wrapper\">\n<div id=\"tab-description\" class=\"woocommerce-Tabs-panel woocommerce-Tabs-panel--description panel entry-content wc-tab\" role=\"tabpanel\" aria-labelledby=\"tab-title-description\">\n<p>&nbsp;<\/p>\n<\/div>\n<\/div>\n<div class=\"wpex-social-share position-horizontal style-minimal\" data-source=\"https%3A%2F%2Fyoestudiosalud.es%2F\" data-url=\"https%3A%2F%2Fyoestudiosalud.es%2Fproducto%2Ftaza-para-escayola\" data-title=\"TAZA PARA ESCAYOLA\" data-image=\"https%3A%2F%2Fyoestudiosalud.es%2Fwp-content%2Fuploads%2F2018%2F07%2F002407B.jpg\" data-summary=\"Taza%20azul%20para%20batir%20escayola%20Contenedor%20flexible%20de%20alta%20calidad%20%2C%20su%20limitada%20porosidad%20la%20hace%20antiadherente%20a%20la%20escayola%20permitiendo%20una%20limpieza%20sencilla%20y%20completa.%20Se%20recomienda%20la%20compra\" data-email-subject=\"I wanted you to see this link\" data-email-body=\"I wanted you to see this link https%3A%2F%2Fyoestudiosalud.es%2Fproducto%2Ftaza-para-escayola\" data-specs=\"menubar=no,toolbar=no,resizable=yes,scrollbars=yes,height=600,width=600\">\n<div class=\"theme-heading social-share-title\"><\/div>\n<\/div>\n","protected":false},"excerpt":{"rendered":"<p>Miroir dentaire intrabuccal avec surface frontale #5 control. Le verre rhodi\u00e9 emp\u00eache la double image et r\u00e9duit la formation de bu\u00e9e.<\/p>\n","protected":false},"featured_media":33306,"template":"","meta":[],"product_brand":[],"product_cat":[669],"product_tag":[683,703,762],"class_list":{"0":"post-33305","1":"product","2":"type-product","3":"status-publish","4":"has-post-thumbnail","6":"product_cat-general-fr","7":"product_tag-uev1","8":"product_tag-uemc_prd-fr","9":"product_tag-ucam4-fr","10":"product_shipping_class-correos-fr","11":"pa_formacion-odontologia-fr","12":"pa_universidades-universidad-europea-miguel-de-cervantes-fr","14":"first","15":"instock","16":"taxable","17":"shipping-taxable","18":"purchasable","19":"product-type-simple"},"yoast_head":"<!-- This site is optimized with the Yoast SEO Premium plugin v27.0 (Yoast SEO v27.2) - https:\/\/yoast.com\/product\/yoast-seo-premium-wordpress\/ -->\n<title>MIROIR FRONT SURFACE #5 | yoestudiosalud.es<\/title>\n<meta name=\"description\" content=\"Surface frontale du miroir dentaire intraoral #5. Miroir plat de 24 mm de diam\u00e8tre convenant \u00e0 la d\u00e9sinfection en autoclave et \u00e0 la d\u00e9sinfection manuelle.\" \/>\n<meta name=\"robots\" content=\"index, follow, max-snippet:-1, max-image-preview:large, max-video-preview:-1\" \/>\n<link rel=\"canonical\" href=\"https:\/\/yoestudiosalud.es\/produit\/espejo-front-surface-5\/\" \/>\n<meta property=\"og:locale\" content=\"fr_FR\" \/>\n<meta property=\"og:type\" content=\"article\" \/>\n<meta property=\"og:title\" content=\"MIROIR FRONT SURFACE #5\" \/>\n<meta property=\"og:description\" content=\"Surface frontale du miroir dentaire intraoral #5. Miroir plat de 24 mm de diam\u00e8tre convenant \u00e0 la d\u00e9sinfection en autoclave et \u00e0 la d\u00e9sinfection manuelle.\" \/>\n<meta property=\"og:url\" content=\"https:\/\/yoestudiosalud.es\/produit\/espejo-front-surface-5\/\" \/>\n<meta property=\"og:site_name\" content=\"yoestudiosalud.es\" \/>\n<meta property=\"article:modified_time\" content=\"2025-07-01T16:25:34+00:00\" \/>\n<meta property=\"og:image\" content=\"https:\/\/yoestudiosalud.es\/wp-content\/uploads\/2019\/02\/003120.jpg\" \/>\n\t<meta property=\"og:image:width\" content=\"650\" \/>\n\t<meta property=\"og:image:height\" content=\"650\" \/>\n\t<meta property=\"og:image:type\" content=\"image\/jpeg\" \/>\n<meta name=\"twitter:card\" content=\"summary_large_image\" \/>\n<script type=\"application\/ld+json\" class=\"yoast-schema-graph\">{\"@context\":\"https:\/\/schema.org\",\"@graph\":[{\"@type\":\"WebPage\",\"@id\":\"https:\/\/yoestudiosalud.es\/produit\/espejo-front-surface-5\/\",\"url\":\"https:\/\/yoestudiosalud.es\/produit\/espejo-front-surface-5\/\",\"name\":\"MIROIR FRONT SURFACE #5 | yoestudiosalud.es\",\"isPartOf\":{\"@id\":\"https:\/\/yoestudiosalud.es\/en\/#website\"},\"primaryImageOfPage\":{\"@id\":\"https:\/\/yoestudiosalud.es\/produit\/espejo-front-surface-5\/#primaryimage\"},\"image\":{\"@id\":\"https:\/\/yoestudiosalud.es\/produit\/espejo-front-surface-5\/#primaryimage\"},\"thumbnailUrl\":\"https:\/\/yoestudiosalud.es\/wp-content\/uploads\/2019\/02\/003120.jpg\",\"datePublished\":\"2020-07-19T15:45:41+00:00\",\"dateModified\":\"2025-07-01T16:25:34+00:00\",\"description\":\"Surface frontale du miroir dentaire intraoral #5. Miroir plat de 24 mm de diam\u00e8tre convenant \u00e0 la d\u00e9sinfection en autoclave et \u00e0 la d\u00e9sinfection manuelle.\",\"breadcrumb\":{\"@id\":\"https:\/\/yoestudiosalud.es\/produit\/espejo-front-surface-5\/#breadcrumb\"},\"inLanguage\":\"fr-FR\",\"potentialAction\":[{\"@type\":\"ReadAction\",\"target\":[\"https:\/\/yoestudiosalud.es\/produit\/espejo-front-surface-5\/\"]}]},{\"@type\":\"ImageObject\",\"inLanguage\":\"fr-FR\",\"@id\":\"https:\/\/yoestudiosalud.es\/produit\/espejo-front-surface-5\/#primaryimage\",\"url\":\"https:\/\/yoestudiosalud.es\/wp-content\/uploads\/2019\/02\/003120.jpg\",\"contentUrl\":\"https:\/\/yoestudiosalud.es\/wp-content\/uploads\/2019\/02\/003120.jpg\",\"width\":650,\"height\":650,\"caption\":\"MIROIR FRONT SURFACE #5\"},{\"@type\":\"BreadcrumbList\",\"@id\":\"https:\/\/yoestudiosalud.es\/produit\/espejo-front-surface-5\/#breadcrumb\",\"itemListElement\":[{\"@type\":\"ListItem\",\"position\":1,\"name\":\"Portada\",\"item\":\"https:\/\/yoestudiosalud.es\/fr\/\"},{\"@type\":\"ListItem\",\"position\":2,\"name\":\"Boutique\",\"item\":\"https:\/\/yoestudiosalud.es\/fr\/boutique\/\"},{\"@type\":\"ListItem\",\"position\":3,\"name\":\"MIROIR FRONT SURFACE #5\"}]},{\"@type\":\"WebSite\",\"@id\":\"https:\/\/yoestudiosalud.es\/en\/#website\",\"url\":\"https:\/\/yoestudiosalud.es\/en\/\",\"name\":\"yoestudiosalud.es\",\"description\":\"Material para estudiantes del sector salud\",\"publisher\":{\"@id\":\"https:\/\/yoestudiosalud.es\/en\/#organization\"},\"potentialAction\":[{\"@type\":\"SearchAction\",\"target\":{\"@type\":\"EntryPoint\",\"urlTemplate\":\"https:\/\/yoestudiosalud.es\/en\/?s={search_term_string}\"},\"query-input\":{\"@type\":\"PropertyValueSpecification\",\"valueRequired\":true,\"valueName\":\"search_term_string\"}}],\"inLanguage\":\"fr-FR\"},{\"@type\":\"Organization\",\"@id\":\"https:\/\/yoestudiosalud.es\/en\/#organization\",\"name\":\"yoestudiosalud.es\",\"url\":\"https:\/\/yoestudiosalud.es\/en\/\",\"logo\":{\"@type\":\"ImageObject\",\"inLanguage\":\"fr-FR\",\"@id\":\"https:\/\/yoestudiosalud.es\/en\/#\/schema\/logo\/image\/\",\"url\":\"https:\/\/yoestudiosalud.es\/wp-content\/uploads\/2020\/04\/logonew-e1698080827687.png\",\"contentUrl\":\"https:\/\/yoestudiosalud.es\/wp-content\/uploads\/2020\/04\/logonew-e1698080827687.png\",\"width\":421,\"height\":393,\"caption\":\"yoestudiosalud.es\"},\"image\":{\"@id\":\"https:\/\/yoestudiosalud.es\/en\/#\/schema\/logo\/image\/\"}}]}<\/script>\n<!-- \/ Yoast SEO Premium plugin. -->","yoast_head_json":{"title":"MIROIR FRONT SURFACE #5 | yoestudiosalud.es","description":"Surface frontale du miroir dentaire intraoral #5. Miroir plat de 24 mm de diam\u00e8tre convenant \u00e0 la d\u00e9sinfection en autoclave et \u00e0 la d\u00e9sinfection manuelle.","robots":{"index":"index","follow":"follow","max-snippet":"max-snippet:-1","max-image-preview":"max-image-preview:large","max-video-preview":"max-video-preview:-1"},"canonical":"https:\/\/yoestudiosalud.es\/produit\/espejo-front-surface-5\/","og_locale":"fr_FR","og_type":"article","og_title":"MIROIR FRONT SURFACE #5","og_description":"Surface frontale du miroir dentaire intraoral #5. Miroir plat de 24 mm de diam\u00e8tre convenant \u00e0 la d\u00e9sinfection en autoclave et \u00e0 la d\u00e9sinfection manuelle.","og_url":"https:\/\/yoestudiosalud.es\/produit\/espejo-front-surface-5\/","og_site_name":"yoestudiosalud.es","article_modified_time":"2025-07-01T16:25:34+00:00","og_image":[{"width":650,"height":650,"url":"https:\/\/yoestudiosalud.es\/wp-content\/uploads\/2019\/02\/003120.jpg","type":"image\/jpeg"}],"twitter_card":"summary_large_image","schema":{"@context":"https:\/\/schema.org","@graph":[{"@type":"WebPage","@id":"https:\/\/yoestudiosalud.es\/produit\/espejo-front-surface-5\/","url":"https:\/\/yoestudiosalud.es\/produit\/espejo-front-surface-5\/","name":"MIROIR FRONT SURFACE #5 | yoestudiosalud.es","isPartOf":{"@id":"https:\/\/yoestudiosalud.es\/en\/#website"},"primaryImageOfPage":{"@id":"https:\/\/yoestudiosalud.es\/produit\/espejo-front-surface-5\/#primaryimage"},"image":{"@id":"https:\/\/yoestudiosalud.es\/produit\/espejo-front-surface-5\/#primaryimage"},"thumbnailUrl":"https:\/\/yoestudiosalud.es\/wp-content\/uploads\/2019\/02\/003120.jpg","datePublished":"2020-07-19T15:45:41+00:00","dateModified":"2025-07-01T16:25:34+00:00","description":"Surface frontale du miroir dentaire intraoral #5. Miroir plat de 24 mm de diam\u00e8tre convenant \u00e0 la d\u00e9sinfection en autoclave et \u00e0 la d\u00e9sinfection manuelle.","breadcrumb":{"@id":"https:\/\/yoestudiosalud.es\/produit\/espejo-front-surface-5\/#breadcrumb"},"inLanguage":"fr-FR","potentialAction":[{"@type":"ReadAction","target":["https:\/\/yoestudiosalud.es\/produit\/espejo-front-surface-5\/"]}]},{"@type":"ImageObject","inLanguage":"fr-FR","@id":"https:\/\/yoestudiosalud.es\/produit\/espejo-front-surface-5\/#primaryimage","url":"https:\/\/yoestudiosalud.es\/wp-content\/uploads\/2019\/02\/003120.jpg","contentUrl":"https:\/\/yoestudiosalud.es\/wp-content\/uploads\/2019\/02\/003120.jpg","width":650,"height":650,"caption":"MIROIR FRONT SURFACE #5"},{"@type":"BreadcrumbList","@id":"https:\/\/yoestudiosalud.es\/produit\/espejo-front-surface-5\/#breadcrumb","itemListElement":[{"@type":"ListItem","position":1,"name":"Portada","item":"https:\/\/yoestudiosalud.es\/fr\/"},{"@type":"ListItem","position":2,"name":"Boutique","item":"https:\/\/yoestudiosalud.es\/fr\/boutique\/"},{"@type":"ListItem","position":3,"name":"MIROIR FRONT SURFACE #5"}]},{"@type":"WebSite","@id":"https:\/\/yoestudiosalud.es\/en\/#website","url":"https:\/\/yoestudiosalud.es\/en\/","name":"yoestudiosalud.es","description":"Material para estudiantes del sector salud","publisher":{"@id":"https:\/\/yoestudiosalud.es\/en\/#organization"},"potentialAction":[{"@type":"SearchAction","target":{"@type":"EntryPoint","urlTemplate":"https:\/\/yoestudiosalud.es\/en\/?s={search_term_string}"},"query-input":{"@type":"PropertyValueSpecification","valueRequired":true,"valueName":"search_term_string"}}],"inLanguage":"fr-FR"},{"@type":"Organization","@id":"https:\/\/yoestudiosalud.es\/en\/#organization","name":"yoestudiosalud.es","url":"https:\/\/yoestudiosalud.es\/en\/","logo":{"@type":"ImageObject","inLanguage":"fr-FR","@id":"https:\/\/yoestudiosalud.es\/en\/#\/schema\/logo\/image\/","url":"https:\/\/yoestudiosalud.es\/wp-content\/uploads\/2020\/04\/logonew-e1698080827687.png","contentUrl":"https:\/\/yoestudiosalud.es\/wp-content\/uploads\/2020\/04\/logonew-e1698080827687.png","width":421,"height":393,"caption":"yoestudiosalud.es"},"image":{"@id":"https:\/\/yoestudiosalud.es\/en\/#\/schema\/logo\/image\/"}}]}},"_links":{"self":[{"href":"https:\/\/yoestudiosalud.es\/fr\/wp-json\/wp\/v2\/product\/33305","targetHints":{"allow":["GET"]}}],"collection":[{"href":"https:\/\/yoestudiosalud.es\/fr\/wp-json\/wp\/v2\/product"}],"about":[{"href":"https:\/\/yoestudiosalud.es\/fr\/wp-json\/wp\/v2\/types\/product"}],"wp:featuredmedia":[{"embeddable":true,"href":"https:\/\/yoestudiosalud.es\/fr\/wp-json\/wp\/v2\/media\/33306"}],"wp:attachment":[{"href":"https:\/\/yoestudiosalud.es\/fr\/wp-json\/wp\/v2\/media?parent=33305"}],"wp:term":[{"taxonomy":"product_brand","embeddable":true,"href":"https:\/\/yoestudiosalud.es\/fr\/wp-json\/wp\/v2\/product_brand?post=33305"},{"taxonomy":"product_cat","embeddable":true,"href":"https:\/\/yoestudiosalud.es\/fr\/wp-json\/wp\/v2\/product_cat?post=33305"},{"taxonomy":"product_tag","embeddable":true,"href":"https:\/\/yoestudiosalud.es\/fr\/wp-json\/wp\/v2\/product_tag?post=33305"}],"curies":[{"name":"wp","href":"https:\/\/api.w.org\/{rel}","templated":true}]}}