{"id":33294,"date":"2020-07-20T10:03:10","date_gmt":"2020-07-20T10:03:10","guid":{"rendered":"https:\/\/yoestudiosalud.es\/producto\/articulador-stratos-300\/"},"modified":"2025-07-02T00:00:31","modified_gmt":"2025-07-01T22:00:31","slug":"articulador-stratos-300","status":"publish","type":"product","link":"https:\/\/yoestudiosalud.es\/fr\/produit\/articulador-stratos-300\/","title":{"rendered":"ARTICULADEUR STRATOS 300"},"content":{"rendered":"<p>L&#8217;articulateur Ivoclar stratos 300 permet d&#8217;ajuster directement tous les angles importants du bloc condylien, sans qu&#8217;il soit n\u00e9cessaire d&#8217;\u00e9changer des \u00e9l\u00e9ments.\u00a0 Stratos 300 est id\u00e9al pour les restaurations proth\u00e9tiques complexes et exigeantes pour lesquelles les donn\u00e9es individuelles du patient sont disponibles. Sa conception ergonomique avec des colonnes offre plus d&#8217;espace pour une manipulation rationnelle et un acc\u00e8s optimal \u00e0 la zone de travail.<\/p>\n","protected":false},"excerpt":{"rendered":"<p>L&#8217;articulateur Ivoclar stratos 300 permet d&#8217;ajuster directement tous les angles importants du bloc condylien, sans qu&#8217;il soit n\u00e9cessaire d&#8217;\u00e9changer des \u00e9l\u00e9ments.\u00a0 Stratos 300 est id\u00e9al pour les restaurations proth\u00e9tiques complexes et exigeantes pour lesquelles les donn\u00e9es individuelles du patient sont disponibles. Sa conception ergonomique avec des colonnes offre plus d&#8217;espace pour une manipulation rationnelle et un acc\u00e8s optimal \u00e0 la zone de travail.<\/p>\n","protected":false},"featured_media":36915,"template":"","meta":[],"product_brand":[],"product_cat":[717],"product_tag":[884],"class_list":{"0":"post-33294","1":"product","2":"type-product","3":"status-publish","4":"has-post-thumbnail","6":"product_cat-articulateurs-fr","7":"product_tag-ceua","8":"pa_formacion-odontologia-fr","10":"first","11":"instock","12":"taxable","13":"shipping-taxable","14":"purchasable","15":"product-type-simple"},"yoast_head":"<!-- This site is optimized with the Yoast SEO Premium plugin v27.0 (Yoast SEO v27.4) - https:\/\/yoast.com\/product\/yoast-seo-premium-wordpress\/ -->\n<title>ARTICULADEUR STRATOS 300 IVOCLAR - yoestudiosalud.es<\/title>\n<meta name=\"description\" content=\"L&#039;articulateur Ivoclar stratos 300 permet d&#039;ajuster directement tous les angles importants du bloc condylien,\" \/>\n<meta name=\"robots\" content=\"index, follow, max-snippet:-1, max-image-preview:large, max-video-preview:-1\" \/>\n<link rel=\"canonical\" href=\"https:\/\/yoestudiosalud.es\/produit\/articulador-stratos-300\/\" \/>\n<meta property=\"og:locale\" content=\"fr_FR\" \/>\n<meta property=\"og:type\" content=\"article\" \/>\n<meta property=\"og:title\" content=\"ARTICULADEUR STRATOS 300\" \/>\n<meta property=\"og:description\" content=\"L&#039;articulateur Ivoclar stratos 300 permet d&#039;ajuster directement tous les angles importants du bloc condylien,\" \/>\n<meta property=\"og:url\" content=\"https:\/\/yoestudiosalud.es\/produit\/articulador-stratos-300\/\" \/>\n<meta property=\"og:site_name\" content=\"yoestudiosalud.es\" \/>\n<meta property=\"article:modified_time\" content=\"2025-07-01T22:00:31+00:00\" \/>\n<meta property=\"og:image\" content=\"https:\/\/yoestudiosalud.es\/wp-content\/uploads\/2020\/07\/002310.jpg\" \/>\n\t<meta property=\"og:image:width\" content=\"650\" \/>\n\t<meta property=\"og:image:height\" content=\"650\" \/>\n\t<meta property=\"og:image:type\" content=\"image\/jpeg\" \/>\n<meta name=\"twitter:card\" content=\"summary_large_image\" \/>\n<script type=\"application\/ld+json\" class=\"yoast-schema-graph\">{\"@context\":\"https:\\\/\\\/schema.org\",\"@graph\":[{\"@type\":\"WebPage\",\"@id\":\"https:\\\/\\\/yoestudiosalud.es\\\/produit\\\/articulador-stratos-300\\\/\",\"url\":\"https:\\\/\\\/yoestudiosalud.es\\\/produit\\\/articulador-stratos-300\\\/\",\"name\":\"ARTICULADEUR STRATOS 300 IVOCLAR - yoestudiosalud.es\",\"isPartOf\":{\"@id\":\"https:\\\/\\\/yoestudiosalud.es\\\/en\\\/#website\"},\"primaryImageOfPage\":{\"@id\":\"https:\\\/\\\/yoestudiosalud.es\\\/produit\\\/articulador-stratos-300\\\/#primaryimage\"},\"image\":{\"@id\":\"https:\\\/\\\/yoestudiosalud.es\\\/produit\\\/articulador-stratos-300\\\/#primaryimage\"},\"thumbnailUrl\":\"https:\\\/\\\/yoestudiosalud.es\\\/wp-content\\\/uploads\\\/2020\\\/07\\\/002310.webp\",\"datePublished\":\"2020-07-20T10:03:10+00:00\",\"dateModified\":\"2025-07-01T22:00:31+00:00\",\"description\":\"L'articulateur Ivoclar stratos 300 permet d'ajuster directement tous les angles importants du bloc condylien,\",\"breadcrumb\":{\"@id\":\"https:\\\/\\\/yoestudiosalud.es\\\/produit\\\/articulador-stratos-300\\\/#breadcrumb\"},\"inLanguage\":\"fr-FR\",\"potentialAction\":[{\"@type\":\"ReadAction\",\"target\":[\"https:\\\/\\\/yoestudiosalud.es\\\/produit\\\/articulador-stratos-300\\\/\"]}]},{\"@type\":\"ImageObject\",\"inLanguage\":\"fr-FR\",\"@id\":\"https:\\\/\\\/yoestudiosalud.es\\\/produit\\\/articulador-stratos-300\\\/#primaryimage\",\"url\":\"https:\\\/\\\/yoestudiosalud.es\\\/wp-content\\\/uploads\\\/2020\\\/07\\\/002310.webp\",\"contentUrl\":\"https:\\\/\\\/yoestudiosalud.es\\\/wp-content\\\/uploads\\\/2020\\\/07\\\/002310.webp\",\"width\":650,\"height\":650,\"caption\":\"ARTICULADOR STRATOS 300\"},{\"@type\":\"BreadcrumbList\",\"@id\":\"https:\\\/\\\/yoestudiosalud.es\\\/produit\\\/articulador-stratos-300\\\/#breadcrumb\",\"itemListElement\":[{\"@type\":\"ListItem\",\"position\":1,\"name\":\"Portada\",\"item\":\"https:\\\/\\\/yoestudiosalud.es\\\/fr\\\/\"},{\"@type\":\"ListItem\",\"position\":2,\"name\":\"Boutique\",\"item\":\"https:\\\/\\\/yoestudiosalud.es\\\/fr\\\/boutique\\\/\"},{\"@type\":\"ListItem\",\"position\":3,\"name\":\"ARTICULADEUR STRATOS 300\"}]},{\"@type\":\"WebSite\",\"@id\":\"https:\\\/\\\/yoestudiosalud.es\\\/en\\\/#website\",\"url\":\"https:\\\/\\\/yoestudiosalud.es\\\/en\\\/\",\"name\":\"yoestudiosalud.es\",\"description\":\"Material para estudiantes del sector salud\",\"publisher\":{\"@id\":\"https:\\\/\\\/yoestudiosalud.es\\\/en\\\/#organization\"},\"potentialAction\":[{\"@type\":\"SearchAction\",\"target\":{\"@type\":\"EntryPoint\",\"urlTemplate\":\"https:\\\/\\\/yoestudiosalud.es\\\/en\\\/?s={search_term_string}\"},\"query-input\":{\"@type\":\"PropertyValueSpecification\",\"valueRequired\":true,\"valueName\":\"search_term_string\"}}],\"inLanguage\":\"fr-FR\"},{\"@type\":\"Organization\",\"@id\":\"https:\\\/\\\/yoestudiosalud.es\\\/en\\\/#organization\",\"name\":\"yoestudiosalud.es\",\"url\":\"https:\\\/\\\/yoestudiosalud.es\\\/en\\\/\",\"logo\":{\"@type\":\"ImageObject\",\"inLanguage\":\"fr-FR\",\"@id\":\"https:\\\/\\\/yoestudiosalud.es\\\/en\\\/#\\\/schema\\\/logo\\\/image\\\/\",\"url\":\"https:\\\/\\\/yoestudiosalud.es\\\/wp-content\\\/uploads\\\/2020\\\/04\\\/logonew-e1698080827687.png\",\"contentUrl\":\"https:\\\/\\\/yoestudiosalud.es\\\/wp-content\\\/uploads\\\/2020\\\/04\\\/logonew-e1698080827687.png\",\"width\":421,\"height\":393,\"caption\":\"yoestudiosalud.es\"},\"image\":{\"@id\":\"https:\\\/\\\/yoestudiosalud.es\\\/en\\\/#\\\/schema\\\/logo\\\/image\\\/\"}}]}<\/script>\n<!-- \/ Yoast SEO Premium plugin. -->","yoast_head_json":{"title":"ARTICULADEUR STRATOS 300 IVOCLAR - yoestudiosalud.es","description":"L'articulateur Ivoclar stratos 300 permet d'ajuster directement tous les angles importants du bloc condylien,","robots":{"index":"index","follow":"follow","max-snippet":"max-snippet:-1","max-image-preview":"max-image-preview:large","max-video-preview":"max-video-preview:-1"},"canonical":"https:\/\/yoestudiosalud.es\/produit\/articulador-stratos-300\/","og_locale":"fr_FR","og_type":"article","og_title":"ARTICULADEUR STRATOS 300","og_description":"L'articulateur Ivoclar stratos 300 permet d'ajuster directement tous les angles importants du bloc condylien,","og_url":"https:\/\/yoestudiosalud.es\/produit\/articulador-stratos-300\/","og_site_name":"yoestudiosalud.es","article_modified_time":"2025-07-01T22:00:31+00:00","og_image":[{"width":650,"height":650,"url":"https:\/\/yoestudiosalud.es\/wp-content\/uploads\/2020\/07\/002310.jpg","type":"image\/jpeg"}],"twitter_card":"summary_large_image","schema":{"@context":"https:\/\/schema.org","@graph":[{"@type":"WebPage","@id":"https:\/\/yoestudiosalud.es\/produit\/articulador-stratos-300\/","url":"https:\/\/yoestudiosalud.es\/produit\/articulador-stratos-300\/","name":"ARTICULADEUR STRATOS 300 IVOCLAR - yoestudiosalud.es","isPartOf":{"@id":"https:\/\/yoestudiosalud.es\/en\/#website"},"primaryImageOfPage":{"@id":"https:\/\/yoestudiosalud.es\/produit\/articulador-stratos-300\/#primaryimage"},"image":{"@id":"https:\/\/yoestudiosalud.es\/produit\/articulador-stratos-300\/#primaryimage"},"thumbnailUrl":"https:\/\/yoestudiosalud.es\/wp-content\/uploads\/2020\/07\/002310.webp","datePublished":"2020-07-20T10:03:10+00:00","dateModified":"2025-07-01T22:00:31+00:00","description":"L'articulateur Ivoclar stratos 300 permet d'ajuster directement tous les angles importants du bloc condylien,","breadcrumb":{"@id":"https:\/\/yoestudiosalud.es\/produit\/articulador-stratos-300\/#breadcrumb"},"inLanguage":"fr-FR","potentialAction":[{"@type":"ReadAction","target":["https:\/\/yoestudiosalud.es\/produit\/articulador-stratos-300\/"]}]},{"@type":"ImageObject","inLanguage":"fr-FR","@id":"https:\/\/yoestudiosalud.es\/produit\/articulador-stratos-300\/#primaryimage","url":"https:\/\/yoestudiosalud.es\/wp-content\/uploads\/2020\/07\/002310.webp","contentUrl":"https:\/\/yoestudiosalud.es\/wp-content\/uploads\/2020\/07\/002310.webp","width":650,"height":650,"caption":"ARTICULADOR STRATOS 300"},{"@type":"BreadcrumbList","@id":"https:\/\/yoestudiosalud.es\/produit\/articulador-stratos-300\/#breadcrumb","itemListElement":[{"@type":"ListItem","position":1,"name":"Portada","item":"https:\/\/yoestudiosalud.es\/fr\/"},{"@type":"ListItem","position":2,"name":"Boutique","item":"https:\/\/yoestudiosalud.es\/fr\/boutique\/"},{"@type":"ListItem","position":3,"name":"ARTICULADEUR STRATOS 300"}]},{"@type":"WebSite","@id":"https:\/\/yoestudiosalud.es\/en\/#website","url":"https:\/\/yoestudiosalud.es\/en\/","name":"yoestudiosalud.es","description":"Material para estudiantes del sector salud","publisher":{"@id":"https:\/\/yoestudiosalud.es\/en\/#organization"},"potentialAction":[{"@type":"SearchAction","target":{"@type":"EntryPoint","urlTemplate":"https:\/\/yoestudiosalud.es\/en\/?s={search_term_string}"},"query-input":{"@type":"PropertyValueSpecification","valueRequired":true,"valueName":"search_term_string"}}],"inLanguage":"fr-FR"},{"@type":"Organization","@id":"https:\/\/yoestudiosalud.es\/en\/#organization","name":"yoestudiosalud.es","url":"https:\/\/yoestudiosalud.es\/en\/","logo":{"@type":"ImageObject","inLanguage":"fr-FR","@id":"https:\/\/yoestudiosalud.es\/en\/#\/schema\/logo\/image\/","url":"https:\/\/yoestudiosalud.es\/wp-content\/uploads\/2020\/04\/logonew-e1698080827687.png","contentUrl":"https:\/\/yoestudiosalud.es\/wp-content\/uploads\/2020\/04\/logonew-e1698080827687.png","width":421,"height":393,"caption":"yoestudiosalud.es"},"image":{"@id":"https:\/\/yoestudiosalud.es\/en\/#\/schema\/logo\/image\/"}}]}},"_links":{"self":[{"href":"https:\/\/yoestudiosalud.es\/fr\/wp-json\/wp\/v2\/product\/33294","targetHints":{"allow":["GET"]}}],"collection":[{"href":"https:\/\/yoestudiosalud.es\/fr\/wp-json\/wp\/v2\/product"}],"about":[{"href":"https:\/\/yoestudiosalud.es\/fr\/wp-json\/wp\/v2\/types\/product"}],"wp:featuredmedia":[{"embeddable":true,"href":"https:\/\/yoestudiosalud.es\/fr\/wp-json\/wp\/v2\/media\/36915"}],"wp:attachment":[{"href":"https:\/\/yoestudiosalud.es\/fr\/wp-json\/wp\/v2\/media?parent=33294"}],"wp:term":[{"taxonomy":"product_brand","embeddable":true,"href":"https:\/\/yoestudiosalud.es\/fr\/wp-json\/wp\/v2\/product_brand?post=33294"},{"taxonomy":"product_cat","embeddable":true,"href":"https:\/\/yoestudiosalud.es\/fr\/wp-json\/wp\/v2\/product_cat?post=33294"},{"taxonomy":"product_tag","embeddable":true,"href":"https:\/\/yoestudiosalud.es\/fr\/wp-json\/wp\/v2\/product_tag?post=33294"}],"curies":[{"name":"wp","href":"https:\/\/api.w.org\/{rel}","templated":true}]}}