{"id":33228,"date":"2021-02-02T18:49:46","date_gmt":"2021-02-02T18:49:46","guid":{"rendered":"https:\/\/yoestudiosalud.es\/producto\/set-de-dientes-para-tipodonto-ana4\/"},"modified":"2025-07-02T07:49:25","modified_gmt":"2025-07-02T05:49:25","slug":"set-de-dientes-para-tipodonto-ana4","status":"publish","type":"product","link":"https:\/\/yoestudiosalud.es\/fr\/produit\/set-de-dientes-para-tipodonto-ana4\/","title":{"rendered":"ENSEMBLE DE DENTS POUR TYPODONTES ANA4"},"content":{"rendered":"<p>Jeu de dents pour le typodonte Ana4.\u00a0 28 dents rempla\u00e7ables et vissables, dont 24 vis. Rapport d&#8217;intercuspidation stable. Fabriqu\u00e9 en plastique thermodurcissable dur.<\/p>\n<p>Compatible avec le TIPODONTO ANA 4 , \u00e0 Yoestudiosalud.es, en tant que r\u00e9f\u00e9rentiel dentaire de l&#8217;\u00e9tudiant, nous recommandons ce produit et d&#8217;autres qui am\u00e9lioreront votre apprentissage dans le secteur.<\/p>\n","protected":false},"excerpt":{"rendered":"<p>Jeu de dents pour le typodonte Ana4.\u00a0 28 dents rempla\u00e7ables et vissables, dont 24 vis. Rapport d&#8217;intercuspidation stable. Fabriqu\u00e9 en plastique thermodurcissable dur.<\/p>\n","protected":false},"featured_media":33229,"template":"","meta":[],"product_brand":[],"product_cat":[714],"product_tag":[673,755],"class_list":{"0":"post-33228","1":"product","2":"type-product","3":"status-publish","4":"has-post-thumbnail","6":"product_cat-modeles-fr","7":"product_tag-uv3","8":"product_tag-ucam3-fr","9":"pa_formacion-odontologia-fr","11":"first","12":"instock","13":"sale","14":"taxable","15":"shipping-taxable","16":"purchasable","17":"product-type-simple"},"yoast_head":"<!-- This site is optimized with the Yoast SEO Premium plugin v27.0 (Yoast SEO v27.4) - https:\/\/yoast.com\/product\/yoast-seo-premium-wordpress\/ -->\n<title>ENSEMBLE DE DENTS POUR TYPODONTES ANA4 - yoestudiosalud.es<\/title>\n<meta name=\"description\" content=\"Jeu de dents pour le typodonte Ana4.\u00a0 28 dents rempla\u00e7ables et vissables, dont 24 vis. Rapport d&#039;intercuspidation stable. Fabriqu\u00e9 en plastique thermodurcissable dur.\" \/>\n<meta name=\"robots\" content=\"index, follow, max-snippet:-1, max-image-preview:large, max-video-preview:-1\" \/>\n<link rel=\"canonical\" href=\"https:\/\/yoestudiosalud.es\/produit\/set-de-dientes-para-tipodonto-ana-4\/\" \/>\n<meta property=\"og:locale\" content=\"fr_FR\" \/>\n<meta property=\"og:type\" content=\"article\" \/>\n<meta property=\"og:title\" content=\"ENSEMBLE DE DENTS POUR TYPODONTES ANA4\" \/>\n<meta property=\"og:description\" content=\"Jeu de dents pour le typodonte Ana4.\u00a0 28 dents rempla\u00e7ables et vissables, dont 24 vis. Rapport d&#039;intercuspidation stable. Fabriqu\u00e9 en plastique thermodurcissable dur.\" \/>\n<meta property=\"og:url\" content=\"https:\/\/yoestudiosalud.es\/produit\/set-de-dientes-para-tipodonto-ana-4\/\" \/>\n<meta property=\"og:site_name\" content=\"yoestudiosalud.es\" \/>\n<meta property=\"article:modified_time\" content=\"2025-07-02T05:49:25+00:00\" \/>\n<meta property=\"og:image\" content=\"https:\/\/yoestudiosalud.es\/wp-content\/uploads\/2021\/02\/000816.jpg\" \/>\n\t<meta property=\"og:image:width\" content=\"650\" \/>\n\t<meta property=\"og:image:height\" content=\"650\" \/>\n\t<meta property=\"og:image:type\" content=\"image\/jpeg\" \/>\n<meta name=\"twitter:card\" content=\"summary_large_image\" \/>\n<script type=\"application\/ld+json\" class=\"yoast-schema-graph\">{\"@context\":\"https:\\\/\\\/schema.org\",\"@graph\":[{\"@type\":\"WebPage\",\"@id\":\"https:\\\/\\\/yoestudiosalud.es\\\/produit\\\/set-de-dientes-para-tipodonto-ana-4\\\/\",\"url\":\"https:\\\/\\\/yoestudiosalud.es\\\/produit\\\/set-de-dientes-para-tipodonto-ana-4\\\/\",\"name\":\"ENSEMBLE DE DENTS POUR TYPODONTES ANA4 - yoestudiosalud.es\",\"isPartOf\":{\"@id\":\"https:\\\/\\\/yoestudiosalud.es\\\/en\\\/#website\"},\"primaryImageOfPage\":{\"@id\":\"https:\\\/\\\/yoestudiosalud.es\\\/produit\\\/set-de-dientes-para-tipodonto-ana-4\\\/#primaryimage\"},\"image\":{\"@id\":\"https:\\\/\\\/yoestudiosalud.es\\\/produit\\\/set-de-dientes-para-tipodonto-ana-4\\\/#primaryimage\"},\"thumbnailUrl\":\"https:\\\/\\\/yoestudiosalud.es\\\/wp-content\\\/uploads\\\/2021\\\/02\\\/000816.jpg\",\"datePublished\":\"2021-02-02T18:49:46+00:00\",\"dateModified\":\"2025-07-02T05:49:25+00:00\",\"description\":\"Jeu de dents pour le typodonte Ana4.\u00a0 28 dents rempla\u00e7ables et vissables, dont 24 vis. Rapport d'intercuspidation stable. Fabriqu\u00e9 en plastique thermodurcissable dur.\",\"breadcrumb\":{\"@id\":\"https:\\\/\\\/yoestudiosalud.es\\\/produit\\\/set-de-dientes-para-tipodonto-ana-4\\\/#breadcrumb\"},\"inLanguage\":\"fr-FR\",\"potentialAction\":[{\"@type\":\"ReadAction\",\"target\":[\"https:\\\/\\\/yoestudiosalud.es\\\/produit\\\/set-de-dientes-para-tipodonto-ana-4\\\/\"]}]},{\"@type\":\"ImageObject\",\"inLanguage\":\"fr-FR\",\"@id\":\"https:\\\/\\\/yoestudiosalud.es\\\/produit\\\/set-de-dientes-para-tipodonto-ana-4\\\/#primaryimage\",\"url\":\"https:\\\/\\\/yoestudiosalud.es\\\/wp-content\\\/uploads\\\/2021\\\/02\\\/000816.jpg\",\"contentUrl\":\"https:\\\/\\\/yoestudiosalud.es\\\/wp-content\\\/uploads\\\/2021\\\/02\\\/000816.jpg\",\"width\":650,\"height\":650,\"caption\":\"ENSEMBLE DE DENTS POUR TYPODONTES ANA4\"},{\"@type\":\"BreadcrumbList\",\"@id\":\"https:\\\/\\\/yoestudiosalud.es\\\/produit\\\/set-de-dientes-para-tipodonto-ana-4\\\/#breadcrumb\",\"itemListElement\":[{\"@type\":\"ListItem\",\"position\":1,\"name\":\"Portada\",\"item\":\"https:\\\/\\\/yoestudiosalud.es\\\/fr\\\/\"},{\"@type\":\"ListItem\",\"position\":2,\"name\":\"Boutique\",\"item\":\"https:\\\/\\\/yoestudiosalud.es\\\/fr\\\/boutique\\\/\"},{\"@type\":\"ListItem\",\"position\":3,\"name\":\"ENSEMBLE DE DENTS POUR TYPODONTES ANA4\"}]},{\"@type\":\"WebSite\",\"@id\":\"https:\\\/\\\/yoestudiosalud.es\\\/en\\\/#website\",\"url\":\"https:\\\/\\\/yoestudiosalud.es\\\/en\\\/\",\"name\":\"yoestudiosalud.es\",\"description\":\"Material para estudiantes del sector salud\",\"publisher\":{\"@id\":\"https:\\\/\\\/yoestudiosalud.es\\\/en\\\/#organization\"},\"potentialAction\":[{\"@type\":\"SearchAction\",\"target\":{\"@type\":\"EntryPoint\",\"urlTemplate\":\"https:\\\/\\\/yoestudiosalud.es\\\/en\\\/?s={search_term_string}\"},\"query-input\":{\"@type\":\"PropertyValueSpecification\",\"valueRequired\":true,\"valueName\":\"search_term_string\"}}],\"inLanguage\":\"fr-FR\"},{\"@type\":\"Organization\",\"@id\":\"https:\\\/\\\/yoestudiosalud.es\\\/en\\\/#organization\",\"name\":\"yoestudiosalud.es\",\"url\":\"https:\\\/\\\/yoestudiosalud.es\\\/en\\\/\",\"logo\":{\"@type\":\"ImageObject\",\"inLanguage\":\"fr-FR\",\"@id\":\"https:\\\/\\\/yoestudiosalud.es\\\/en\\\/#\\\/schema\\\/logo\\\/image\\\/\",\"url\":\"https:\\\/\\\/yoestudiosalud.es\\\/wp-content\\\/uploads\\\/2020\\\/04\\\/logonew-e1698080827687.png\",\"contentUrl\":\"https:\\\/\\\/yoestudiosalud.es\\\/wp-content\\\/uploads\\\/2020\\\/04\\\/logonew-e1698080827687.png\",\"width\":421,\"height\":393,\"caption\":\"yoestudiosalud.es\"},\"image\":{\"@id\":\"https:\\\/\\\/yoestudiosalud.es\\\/en\\\/#\\\/schema\\\/logo\\\/image\\\/\"}}]}<\/script>\n<!-- \/ Yoast SEO Premium plugin. -->","yoast_head_json":{"title":"ENSEMBLE DE DENTS POUR TYPODONTES ANA4 - yoestudiosalud.es","description":"Jeu de dents pour le typodonte Ana4.\u00a0 28 dents rempla\u00e7ables et vissables, dont 24 vis. Rapport d'intercuspidation stable. Fabriqu\u00e9 en plastique thermodurcissable dur.","robots":{"index":"index","follow":"follow","max-snippet":"max-snippet:-1","max-image-preview":"max-image-preview:large","max-video-preview":"max-video-preview:-1"},"canonical":"https:\/\/yoestudiosalud.es\/produit\/set-de-dientes-para-tipodonto-ana-4\/","og_locale":"fr_FR","og_type":"article","og_title":"ENSEMBLE DE DENTS POUR TYPODONTES ANA4","og_description":"Jeu de dents pour le typodonte Ana4.\u00a0 28 dents rempla\u00e7ables et vissables, dont 24 vis. Rapport d'intercuspidation stable. Fabriqu\u00e9 en plastique thermodurcissable dur.","og_url":"https:\/\/yoestudiosalud.es\/produit\/set-de-dientes-para-tipodonto-ana-4\/","og_site_name":"yoestudiosalud.es","article_modified_time":"2025-07-02T05:49:25+00:00","og_image":[{"width":650,"height":650,"url":"https:\/\/yoestudiosalud.es\/wp-content\/uploads\/2021\/02\/000816.jpg","type":"image\/jpeg"}],"twitter_card":"summary_large_image","schema":{"@context":"https:\/\/schema.org","@graph":[{"@type":"WebPage","@id":"https:\/\/yoestudiosalud.es\/produit\/set-de-dientes-para-tipodonto-ana-4\/","url":"https:\/\/yoestudiosalud.es\/produit\/set-de-dientes-para-tipodonto-ana-4\/","name":"ENSEMBLE DE DENTS POUR TYPODONTES ANA4 - yoestudiosalud.es","isPartOf":{"@id":"https:\/\/yoestudiosalud.es\/en\/#website"},"primaryImageOfPage":{"@id":"https:\/\/yoestudiosalud.es\/produit\/set-de-dientes-para-tipodonto-ana-4\/#primaryimage"},"image":{"@id":"https:\/\/yoestudiosalud.es\/produit\/set-de-dientes-para-tipodonto-ana-4\/#primaryimage"},"thumbnailUrl":"https:\/\/yoestudiosalud.es\/wp-content\/uploads\/2021\/02\/000816.jpg","datePublished":"2021-02-02T18:49:46+00:00","dateModified":"2025-07-02T05:49:25+00:00","description":"Jeu de dents pour le typodonte Ana4.\u00a0 28 dents rempla\u00e7ables et vissables, dont 24 vis. Rapport d'intercuspidation stable. Fabriqu\u00e9 en plastique thermodurcissable dur.","breadcrumb":{"@id":"https:\/\/yoestudiosalud.es\/produit\/set-de-dientes-para-tipodonto-ana-4\/#breadcrumb"},"inLanguage":"fr-FR","potentialAction":[{"@type":"ReadAction","target":["https:\/\/yoestudiosalud.es\/produit\/set-de-dientes-para-tipodonto-ana-4\/"]}]},{"@type":"ImageObject","inLanguage":"fr-FR","@id":"https:\/\/yoestudiosalud.es\/produit\/set-de-dientes-para-tipodonto-ana-4\/#primaryimage","url":"https:\/\/yoestudiosalud.es\/wp-content\/uploads\/2021\/02\/000816.jpg","contentUrl":"https:\/\/yoestudiosalud.es\/wp-content\/uploads\/2021\/02\/000816.jpg","width":650,"height":650,"caption":"ENSEMBLE DE DENTS POUR TYPODONTES ANA4"},{"@type":"BreadcrumbList","@id":"https:\/\/yoestudiosalud.es\/produit\/set-de-dientes-para-tipodonto-ana-4\/#breadcrumb","itemListElement":[{"@type":"ListItem","position":1,"name":"Portada","item":"https:\/\/yoestudiosalud.es\/fr\/"},{"@type":"ListItem","position":2,"name":"Boutique","item":"https:\/\/yoestudiosalud.es\/fr\/boutique\/"},{"@type":"ListItem","position":3,"name":"ENSEMBLE DE DENTS POUR TYPODONTES ANA4"}]},{"@type":"WebSite","@id":"https:\/\/yoestudiosalud.es\/en\/#website","url":"https:\/\/yoestudiosalud.es\/en\/","name":"yoestudiosalud.es","description":"Material para estudiantes del sector salud","publisher":{"@id":"https:\/\/yoestudiosalud.es\/en\/#organization"},"potentialAction":[{"@type":"SearchAction","target":{"@type":"EntryPoint","urlTemplate":"https:\/\/yoestudiosalud.es\/en\/?s={search_term_string}"},"query-input":{"@type":"PropertyValueSpecification","valueRequired":true,"valueName":"search_term_string"}}],"inLanguage":"fr-FR"},{"@type":"Organization","@id":"https:\/\/yoestudiosalud.es\/en\/#organization","name":"yoestudiosalud.es","url":"https:\/\/yoestudiosalud.es\/en\/","logo":{"@type":"ImageObject","inLanguage":"fr-FR","@id":"https:\/\/yoestudiosalud.es\/en\/#\/schema\/logo\/image\/","url":"https:\/\/yoestudiosalud.es\/wp-content\/uploads\/2020\/04\/logonew-e1698080827687.png","contentUrl":"https:\/\/yoestudiosalud.es\/wp-content\/uploads\/2020\/04\/logonew-e1698080827687.png","width":421,"height":393,"caption":"yoestudiosalud.es"},"image":{"@id":"https:\/\/yoestudiosalud.es\/en\/#\/schema\/logo\/image\/"}}]}},"_links":{"self":[{"href":"https:\/\/yoestudiosalud.es\/fr\/wp-json\/wp\/v2\/product\/33228","targetHints":{"allow":["GET"]}}],"collection":[{"href":"https:\/\/yoestudiosalud.es\/fr\/wp-json\/wp\/v2\/product"}],"about":[{"href":"https:\/\/yoestudiosalud.es\/fr\/wp-json\/wp\/v2\/types\/product"}],"wp:featuredmedia":[{"embeddable":true,"href":"https:\/\/yoestudiosalud.es\/fr\/wp-json\/wp\/v2\/media\/33229"}],"wp:attachment":[{"href":"https:\/\/yoestudiosalud.es\/fr\/wp-json\/wp\/v2\/media?parent=33228"}],"wp:term":[{"taxonomy":"product_brand","embeddable":true,"href":"https:\/\/yoestudiosalud.es\/fr\/wp-json\/wp\/v2\/product_brand?post=33228"},{"taxonomy":"product_cat","embeddable":true,"href":"https:\/\/yoestudiosalud.es\/fr\/wp-json\/wp\/v2\/product_cat?post=33228"},{"taxonomy":"product_tag","embeddable":true,"href":"https:\/\/yoestudiosalud.es\/fr\/wp-json\/wp\/v2\/product_tag?post=33228"}],"curies":[{"name":"wp","href":"https:\/\/api.w.org\/{rel}","templated":true}]}}