{"id":33222,"date":"2021-03-12T11:41:08","date_gmt":"2021-03-12T11:41:08","guid":{"rendered":"https:\/\/yoestudiosalud.es\/producto\/pinza-porta-clamps-ivory\/"},"modified":"2025-07-02T07:55:38","modified_gmt":"2025-07-02T05:55:38","slug":"pinza-porta-clamps-ivory","status":"publish","type":"product","link":"https:\/\/yoestudiosalud.es\/fr\/produit\/pinza-porta-clamps-ivory\/","title":{"rendered":"IVORY TYPE CLAMP HOLDER"},"content":{"rendered":"<p>L&#8217;Ivory type Clamp Holder est un instrument con\u00e7u pour maintenir les colliers de barrage en caoutchouc. Il peut \u00eatre utilis\u00e9 en isolation.<\/p>\n<p>Il est produit par Master Surgical.<\/p>\n","protected":false},"excerpt":{"rendered":"<p>L&#8217;Ivory type Clamp Holder est un instrument con\u00e7u pour maintenir les colliers de barrage en caoutchouc. Il peut \u00eatre utilis\u00e9 en isolation.<\/p>\n<p>&nbsp;<\/p>\n","protected":false},"featured_media":33223,"template":"","meta":[],"product_brand":[],"product_cat":[671,680,681],"product_tag":[673,676],"class_list":{"0":"post-33222","1":"product","2":"type-product","3":"status-publish","4":"has-post-thumbnail","6":"product_cat-instrumental-fr","7":"product_cat-endodontie-fr","8":"product_cat-chirurgie-fr","9":"product_tag-uv3","10":"product_tag-ucam2-fr","11":"pa_formacion-odontologia-fr","13":"first","14":"instock","15":"sale","16":"taxable","17":"shipping-taxable","18":"purchasable","19":"product-type-simple"},"yoast_head":"<!-- This site is optimized with the Yoast SEO Premium plugin v27.0 (Yoast SEO v27.2) - https:\/\/yoast.com\/product\/yoast-seo-premium-wordpress\/ -->\n<title>IVORY TYPE CLAMP HOLDER - yoestudiosalud.es dep\u00f3sito dental<\/title>\n<meta name=\"description\" content=\"L&#039;Ivory type Clamp Holder est un instrument con\u00e7u pour maintenir les colliers de barrage en caoutchouc. Il peut \u00eatre utilis\u00e9 en isolation.\" \/>\n<meta name=\"robots\" content=\"index, follow, max-snippet:-1, max-image-preview:large, max-video-preview:-1\" \/>\n<link rel=\"canonical\" href=\"https:\/\/yoestudiosalud.es\/fr\/produit\/pinza-porta-clamps-ivory\/\" \/>\n<meta property=\"og:locale\" content=\"fr_FR\" \/>\n<meta property=\"og:type\" content=\"article\" \/>\n<meta property=\"og:title\" content=\"IVORY TYPE CLAMP HOLDER\" \/>\n<meta property=\"og:description\" content=\"L&#039;Ivory type Clamp Holder est un instrument con\u00e7u pour maintenir les colliers de barrage en caoutchouc. Il peut \u00eatre utilis\u00e9 en isolation.\" \/>\n<meta property=\"og:url\" content=\"https:\/\/yoestudiosalud.es\/fr\/produit\/pinza-porta-clamps-ivory\/\" \/>\n<meta property=\"og:site_name\" content=\"yoestudiosalud.es\" \/>\n<meta property=\"article:modified_time\" content=\"2025-07-02T05:55:38+00:00\" \/>\n<meta property=\"og:image\" content=\"https:\/\/yoestudiosalud.es\/wp-content\/uploads\/2021\/03\/V003643.png\" \/>\n\t<meta property=\"og:image:width\" content=\"650\" \/>\n\t<meta property=\"og:image:height\" content=\"650\" \/>\n\t<meta property=\"og:image:type\" content=\"image\/png\" \/>\n<meta name=\"twitter:card\" content=\"summary_large_image\" \/>\n<script type=\"application\/ld+json\" class=\"yoast-schema-graph\">{\"@context\":\"https:\/\/schema.org\",\"@graph\":[{\"@type\":\"WebPage\",\"@id\":\"https:\/\/yoestudiosalud.es\/fr\/produit\/pinza-porta-clamps-ivory\/\",\"url\":\"https:\/\/yoestudiosalud.es\/fr\/produit\/pinza-porta-clamps-ivory\/\",\"name\":\"IVORY TYPE CLAMP HOLDER - yoestudiosalud.es dep\u00f3sito dental\",\"isPartOf\":{\"@id\":\"https:\/\/yoestudiosalud.es\/en\/#website\"},\"primaryImageOfPage\":{\"@id\":\"https:\/\/yoestudiosalud.es\/fr\/produit\/pinza-porta-clamps-ivory\/#primaryimage\"},\"image\":{\"@id\":\"https:\/\/yoestudiosalud.es\/fr\/produit\/pinza-porta-clamps-ivory\/#primaryimage\"},\"thumbnailUrl\":\"https:\/\/yoestudiosalud.es\/wp-content\/uploads\/2021\/03\/V003643.png\",\"datePublished\":\"2021-03-12T11:41:08+00:00\",\"dateModified\":\"2025-07-02T05:55:38+00:00\",\"description\":\"L'Ivory type Clamp Holder est un instrument con\u00e7u pour maintenir les colliers de barrage en caoutchouc. Il peut \u00eatre utilis\u00e9 en isolation.\",\"breadcrumb\":{\"@id\":\"https:\/\/yoestudiosalud.es\/fr\/produit\/pinza-porta-clamps-ivory\/#breadcrumb\"},\"inLanguage\":\"fr-FR\",\"potentialAction\":[{\"@type\":\"ReadAction\",\"target\":[\"https:\/\/yoestudiosalud.es\/fr\/produit\/pinza-porta-clamps-ivory\/\"]}]},{\"@type\":\"ImageObject\",\"inLanguage\":\"fr-FR\",\"@id\":\"https:\/\/yoestudiosalud.es\/fr\/produit\/pinza-porta-clamps-ivory\/#primaryimage\",\"url\":\"https:\/\/yoestudiosalud.es\/wp-content\/uploads\/2021\/03\/V003643.png\",\"contentUrl\":\"https:\/\/yoestudiosalud.es\/wp-content\/uploads\/2021\/03\/V003643.png\",\"width\":650,\"height\":650,\"caption\":\"IVORY TYPE CLAMP HOLDER\"},{\"@type\":\"BreadcrumbList\",\"@id\":\"https:\/\/yoestudiosalud.es\/fr\/produit\/pinza-porta-clamps-ivory\/#breadcrumb\",\"itemListElement\":[{\"@type\":\"ListItem\",\"position\":1,\"name\":\"Portada\",\"item\":\"https:\/\/yoestudiosalud.es\/fr\/\"},{\"@type\":\"ListItem\",\"position\":2,\"name\":\"Boutique\",\"item\":\"https:\/\/yoestudiosalud.es\/fr\/boutique\/\"},{\"@type\":\"ListItem\",\"position\":3,\"name\":\"IVORY TYPE CLAMP HOLDER\"}]},{\"@type\":\"WebSite\",\"@id\":\"https:\/\/yoestudiosalud.es\/en\/#website\",\"url\":\"https:\/\/yoestudiosalud.es\/en\/\",\"name\":\"yoestudiosalud.es\",\"description\":\"Material para estudiantes del sector salud\",\"publisher\":{\"@id\":\"https:\/\/yoestudiosalud.es\/en\/#organization\"},\"potentialAction\":[{\"@type\":\"SearchAction\",\"target\":{\"@type\":\"EntryPoint\",\"urlTemplate\":\"https:\/\/yoestudiosalud.es\/en\/?s={search_term_string}\"},\"query-input\":{\"@type\":\"PropertyValueSpecification\",\"valueRequired\":true,\"valueName\":\"search_term_string\"}}],\"inLanguage\":\"fr-FR\"},{\"@type\":\"Organization\",\"@id\":\"https:\/\/yoestudiosalud.es\/en\/#organization\",\"name\":\"yoestudiosalud.es\",\"url\":\"https:\/\/yoestudiosalud.es\/en\/\",\"logo\":{\"@type\":\"ImageObject\",\"inLanguage\":\"fr-FR\",\"@id\":\"https:\/\/yoestudiosalud.es\/en\/#\/schema\/logo\/image\/\",\"url\":\"https:\/\/yoestudiosalud.es\/wp-content\/uploads\/2020\/04\/logonew-e1698080827687.png\",\"contentUrl\":\"https:\/\/yoestudiosalud.es\/wp-content\/uploads\/2020\/04\/logonew-e1698080827687.png\",\"width\":421,\"height\":393,\"caption\":\"yoestudiosalud.es\"},\"image\":{\"@id\":\"https:\/\/yoestudiosalud.es\/en\/#\/schema\/logo\/image\/\"}}]}<\/script>\n<!-- \/ Yoast SEO Premium plugin. -->","yoast_head_json":{"title":"IVORY TYPE CLAMP HOLDER - yoestudiosalud.es dep\u00f3sito dental","description":"L'Ivory type Clamp Holder est un instrument con\u00e7u pour maintenir les colliers de barrage en caoutchouc. Il peut \u00eatre utilis\u00e9 en isolation.","robots":{"index":"index","follow":"follow","max-snippet":"max-snippet:-1","max-image-preview":"max-image-preview:large","max-video-preview":"max-video-preview:-1"},"canonical":"https:\/\/yoestudiosalud.es\/fr\/produit\/pinza-porta-clamps-ivory\/","og_locale":"fr_FR","og_type":"article","og_title":"IVORY TYPE CLAMP HOLDER","og_description":"L'Ivory type Clamp Holder est un instrument con\u00e7u pour maintenir les colliers de barrage en caoutchouc. Il peut \u00eatre utilis\u00e9 en isolation.","og_url":"https:\/\/yoestudiosalud.es\/fr\/produit\/pinza-porta-clamps-ivory\/","og_site_name":"yoestudiosalud.es","article_modified_time":"2025-07-02T05:55:38+00:00","og_image":[{"width":650,"height":650,"url":"https:\/\/yoestudiosalud.es\/wp-content\/uploads\/2021\/03\/V003643.png","type":"image\/png"}],"twitter_card":"summary_large_image","schema":{"@context":"https:\/\/schema.org","@graph":[{"@type":"WebPage","@id":"https:\/\/yoestudiosalud.es\/fr\/produit\/pinza-porta-clamps-ivory\/","url":"https:\/\/yoestudiosalud.es\/fr\/produit\/pinza-porta-clamps-ivory\/","name":"IVORY TYPE CLAMP HOLDER - yoestudiosalud.es dep\u00f3sito dental","isPartOf":{"@id":"https:\/\/yoestudiosalud.es\/en\/#website"},"primaryImageOfPage":{"@id":"https:\/\/yoestudiosalud.es\/fr\/produit\/pinza-porta-clamps-ivory\/#primaryimage"},"image":{"@id":"https:\/\/yoestudiosalud.es\/fr\/produit\/pinza-porta-clamps-ivory\/#primaryimage"},"thumbnailUrl":"https:\/\/yoestudiosalud.es\/wp-content\/uploads\/2021\/03\/V003643.png","datePublished":"2021-03-12T11:41:08+00:00","dateModified":"2025-07-02T05:55:38+00:00","description":"L'Ivory type Clamp Holder est un instrument con\u00e7u pour maintenir les colliers de barrage en caoutchouc. Il peut \u00eatre utilis\u00e9 en isolation.","breadcrumb":{"@id":"https:\/\/yoestudiosalud.es\/fr\/produit\/pinza-porta-clamps-ivory\/#breadcrumb"},"inLanguage":"fr-FR","potentialAction":[{"@type":"ReadAction","target":["https:\/\/yoestudiosalud.es\/fr\/produit\/pinza-porta-clamps-ivory\/"]}]},{"@type":"ImageObject","inLanguage":"fr-FR","@id":"https:\/\/yoestudiosalud.es\/fr\/produit\/pinza-porta-clamps-ivory\/#primaryimage","url":"https:\/\/yoestudiosalud.es\/wp-content\/uploads\/2021\/03\/V003643.png","contentUrl":"https:\/\/yoestudiosalud.es\/wp-content\/uploads\/2021\/03\/V003643.png","width":650,"height":650,"caption":"IVORY TYPE CLAMP HOLDER"},{"@type":"BreadcrumbList","@id":"https:\/\/yoestudiosalud.es\/fr\/produit\/pinza-porta-clamps-ivory\/#breadcrumb","itemListElement":[{"@type":"ListItem","position":1,"name":"Portada","item":"https:\/\/yoestudiosalud.es\/fr\/"},{"@type":"ListItem","position":2,"name":"Boutique","item":"https:\/\/yoestudiosalud.es\/fr\/boutique\/"},{"@type":"ListItem","position":3,"name":"IVORY TYPE CLAMP HOLDER"}]},{"@type":"WebSite","@id":"https:\/\/yoestudiosalud.es\/en\/#website","url":"https:\/\/yoestudiosalud.es\/en\/","name":"yoestudiosalud.es","description":"Material para estudiantes del sector salud","publisher":{"@id":"https:\/\/yoestudiosalud.es\/en\/#organization"},"potentialAction":[{"@type":"SearchAction","target":{"@type":"EntryPoint","urlTemplate":"https:\/\/yoestudiosalud.es\/en\/?s={search_term_string}"},"query-input":{"@type":"PropertyValueSpecification","valueRequired":true,"valueName":"search_term_string"}}],"inLanguage":"fr-FR"},{"@type":"Organization","@id":"https:\/\/yoestudiosalud.es\/en\/#organization","name":"yoestudiosalud.es","url":"https:\/\/yoestudiosalud.es\/en\/","logo":{"@type":"ImageObject","inLanguage":"fr-FR","@id":"https:\/\/yoestudiosalud.es\/en\/#\/schema\/logo\/image\/","url":"https:\/\/yoestudiosalud.es\/wp-content\/uploads\/2020\/04\/logonew-e1698080827687.png","contentUrl":"https:\/\/yoestudiosalud.es\/wp-content\/uploads\/2020\/04\/logonew-e1698080827687.png","width":421,"height":393,"caption":"yoestudiosalud.es"},"image":{"@id":"https:\/\/yoestudiosalud.es\/en\/#\/schema\/logo\/image\/"}}]}},"_links":{"self":[{"href":"https:\/\/yoestudiosalud.es\/fr\/wp-json\/wp\/v2\/product\/33222","targetHints":{"allow":["GET"]}}],"collection":[{"href":"https:\/\/yoestudiosalud.es\/fr\/wp-json\/wp\/v2\/product"}],"about":[{"href":"https:\/\/yoestudiosalud.es\/fr\/wp-json\/wp\/v2\/types\/product"}],"wp:featuredmedia":[{"embeddable":true,"href":"https:\/\/yoestudiosalud.es\/fr\/wp-json\/wp\/v2\/media\/33223"}],"wp:attachment":[{"href":"https:\/\/yoestudiosalud.es\/fr\/wp-json\/wp\/v2\/media?parent=33222"}],"wp:term":[{"taxonomy":"product_brand","embeddable":true,"href":"https:\/\/yoestudiosalud.es\/fr\/wp-json\/wp\/v2\/product_brand?post=33222"},{"taxonomy":"product_cat","embeddable":true,"href":"https:\/\/yoestudiosalud.es\/fr\/wp-json\/wp\/v2\/product_cat?post=33222"},{"taxonomy":"product_tag","embeddable":true,"href":"https:\/\/yoestudiosalud.es\/fr\/wp-json\/wp\/v2\/product_tag?post=33222"}],"curies":[{"name":"wp","href":"https:\/\/api.w.org\/{rel}","templated":true}]}}