{"id":33200,"date":"2021-04-19T17:44:23","date_gmt":"2021-04-19T17:44:23","guid":{"rendered":"https:\/\/yoestudiosalud.es\/producto\/posicionador-de-radiografias-kwik-bite\/"},"modified":"2025-07-02T08:44:53","modified_gmt":"2025-07-02T06:44:53","slug":"posicionador-de-radiografias-kwik-bite","status":"publish","type":"product","link":"https:\/\/yoestudiosalud.es\/fr\/produit\/posicionador-de-radiografias-kwik-bite\/","title":{"rendered":"POSITIONNEUR DE RADIOGRAPHIE KWIK BITE"},"content":{"rendered":"<p>Le positionneur de rayons X KWIK BITE est adapt\u00e9 \u00e0 tous les formats de films (tubes cylindriques et coniques) et peut \u00eatre utilis\u00e9 pour les patients adultes et p\u00e9diatriques. Facile \u00e0 utiliser, il peut \u00eatre st\u00e9rilis\u00e9 jusqu&#8217;\u00e0 145 \u00b0C. Gr\u00e2ce \u00e0 une projection l\u00e9g\u00e8rement excentr\u00e9e, il permet d&#8217;obtenir un bon plan des zones proximales. Indicateur extra-oral. Dispositif de centrage. Plaque occlusale. Pince \u00e0 film.<\/p>\n","protected":false},"excerpt":{"rendered":"<p>Le positionneur de rayons X KWIK BITE est adapt\u00e9 \u00e0 tous les formats de films (tubes cylindriques et coniques) et peut \u00eatre utilis\u00e9 pour les patients adultes et p\u00e9diatriques.<\/p>\n","protected":false},"featured_media":33201,"template":"","meta":[],"product_brand":[],"product_cat":[691],"product_tag":[673],"class_list":{"0":"post-33200","1":"product","2":"type-product","3":"status-publish","4":"has-post-thumbnail","6":"product_cat-radiologie-fr","7":"product_tag-uv3","8":"pa_formacion-odontologia-fr","10":"first","11":"instock","12":"sale","13":"taxable","14":"shipping-taxable","15":"purchasable","16":"product-type-simple"},"yoast_head":"<!-- This site is optimized with the Yoast SEO Premium plugin v27.0 (Yoast SEO v27.2) - https:\/\/yoast.com\/product\/yoast-seo-premium-wordpress\/ -->\n<title>POSITIONNEUR DE RADIOGRAPHIE KWIK BITE - yoestudiosalud.es<\/title>\n<meta name=\"description\" content=\"Le positionneur de rayons X KWIK BITE est adapt\u00e9 \u00e0 tous les formats de films (tubes cylindriques et coniques) et peut \u00eatre utilis\u00e9 pour les patients adultes et p\u00e9diatriques.\" \/>\n<meta name=\"robots\" content=\"index, follow, max-snippet:-1, max-image-preview:large, max-video-preview:-1\" \/>\n<link rel=\"canonical\" href=\"https:\/\/yoestudiosalud.es\/produit\/posicionador-de-radiografias-kwik-bite\/\" \/>\n<meta property=\"og:locale\" content=\"fr_FR\" \/>\n<meta property=\"og:type\" content=\"article\" \/>\n<meta property=\"og:title\" content=\"POSITIONNEUR DE RADIOGRAPHIE KWIK BITE\" \/>\n<meta property=\"og:description\" content=\"Le positionneur de rayons X KWIK BITE est adapt\u00e9 \u00e0 tous les formats de films (tubes cylindriques et coniques) et peut \u00eatre utilis\u00e9 pour les patients adultes et p\u00e9diatriques.\" \/>\n<meta property=\"og:url\" content=\"https:\/\/yoestudiosalud.es\/produit\/posicionador-de-radiografias-kwik-bite\/\" \/>\n<meta property=\"og:site_name\" content=\"yoestudiosalud.es\" \/>\n<meta property=\"article:modified_time\" content=\"2025-07-02T06:44:53+00:00\" \/>\n<meta property=\"og:image\" content=\"https:\/\/yoestudiosalud.es\/wp-content\/uploads\/2021\/04\/000921.jpg\" \/>\n\t<meta property=\"og:image:width\" content=\"650\" \/>\n\t<meta property=\"og:image:height\" content=\"650\" \/>\n\t<meta property=\"og:image:type\" content=\"image\/jpeg\" \/>\n<meta name=\"twitter:card\" content=\"summary_large_image\" \/>\n<script type=\"application\/ld+json\" class=\"yoast-schema-graph\">{\"@context\":\"https:\/\/schema.org\",\"@graph\":[{\"@type\":\"WebPage\",\"@id\":\"https:\/\/yoestudiosalud.es\/produit\/posicionador-de-radiografias-kwik-bite\/\",\"url\":\"https:\/\/yoestudiosalud.es\/produit\/posicionador-de-radiografias-kwik-bite\/\",\"name\":\"POSITIONNEUR DE RADIOGRAPHIE KWIK BITE - yoestudiosalud.es\",\"isPartOf\":{\"@id\":\"https:\/\/yoestudiosalud.es\/en\/#website\"},\"primaryImageOfPage\":{\"@id\":\"https:\/\/yoestudiosalud.es\/produit\/posicionador-de-radiografias-kwik-bite\/#primaryimage\"},\"image\":{\"@id\":\"https:\/\/yoestudiosalud.es\/produit\/posicionador-de-radiografias-kwik-bite\/#primaryimage\"},\"thumbnailUrl\":\"https:\/\/yoestudiosalud.es\/wp-content\/uploads\/2021\/04\/000921.jpg\",\"datePublished\":\"2021-04-19T17:44:23+00:00\",\"dateModified\":\"2025-07-02T06:44:53+00:00\",\"description\":\"Le positionneur de rayons X KWIK BITE est adapt\u00e9 \u00e0 tous les formats de films (tubes cylindriques et coniques) et peut \u00eatre utilis\u00e9 pour les patients adultes et p\u00e9diatriques.\",\"breadcrumb\":{\"@id\":\"https:\/\/yoestudiosalud.es\/produit\/posicionador-de-radiografias-kwik-bite\/#breadcrumb\"},\"inLanguage\":\"fr-FR\",\"potentialAction\":[{\"@type\":\"ReadAction\",\"target\":[\"https:\/\/yoestudiosalud.es\/produit\/posicionador-de-radiografias-kwik-bite\/\"]}]},{\"@type\":\"ImageObject\",\"inLanguage\":\"fr-FR\",\"@id\":\"https:\/\/yoestudiosalud.es\/produit\/posicionador-de-radiografias-kwik-bite\/#primaryimage\",\"url\":\"https:\/\/yoestudiosalud.es\/wp-content\/uploads\/2021\/04\/000921.jpg\",\"contentUrl\":\"https:\/\/yoestudiosalud.es\/wp-content\/uploads\/2021\/04\/000921.jpg\",\"width\":650,\"height\":650,\"caption\":\"kwik bite\"},{\"@type\":\"BreadcrumbList\",\"@id\":\"https:\/\/yoestudiosalud.es\/produit\/posicionador-de-radiografias-kwik-bite\/#breadcrumb\",\"itemListElement\":[{\"@type\":\"ListItem\",\"position\":1,\"name\":\"Portada\",\"item\":\"https:\/\/yoestudiosalud.es\/fr\/\"},{\"@type\":\"ListItem\",\"position\":2,\"name\":\"Boutique\",\"item\":\"https:\/\/yoestudiosalud.es\/fr\/boutique\/\"},{\"@type\":\"ListItem\",\"position\":3,\"name\":\"POSITIONNEUR DE RADIOGRAPHIE KWIK BITE\"}]},{\"@type\":\"WebSite\",\"@id\":\"https:\/\/yoestudiosalud.es\/en\/#website\",\"url\":\"https:\/\/yoestudiosalud.es\/en\/\",\"name\":\"yoestudiosalud.es\",\"description\":\"Material para estudiantes del sector salud\",\"publisher\":{\"@id\":\"https:\/\/yoestudiosalud.es\/en\/#organization\"},\"potentialAction\":[{\"@type\":\"SearchAction\",\"target\":{\"@type\":\"EntryPoint\",\"urlTemplate\":\"https:\/\/yoestudiosalud.es\/en\/?s={search_term_string}\"},\"query-input\":{\"@type\":\"PropertyValueSpecification\",\"valueRequired\":true,\"valueName\":\"search_term_string\"}}],\"inLanguage\":\"fr-FR\"},{\"@type\":\"Organization\",\"@id\":\"https:\/\/yoestudiosalud.es\/en\/#organization\",\"name\":\"yoestudiosalud.es\",\"url\":\"https:\/\/yoestudiosalud.es\/en\/\",\"logo\":{\"@type\":\"ImageObject\",\"inLanguage\":\"fr-FR\",\"@id\":\"https:\/\/yoestudiosalud.es\/en\/#\/schema\/logo\/image\/\",\"url\":\"https:\/\/yoestudiosalud.es\/wp-content\/uploads\/2020\/04\/logonew-e1698080827687.png\",\"contentUrl\":\"https:\/\/yoestudiosalud.es\/wp-content\/uploads\/2020\/04\/logonew-e1698080827687.png\",\"width\":421,\"height\":393,\"caption\":\"yoestudiosalud.es\"},\"image\":{\"@id\":\"https:\/\/yoestudiosalud.es\/en\/#\/schema\/logo\/image\/\"}}]}<\/script>\n<!-- \/ Yoast SEO Premium plugin. -->","yoast_head_json":{"title":"POSITIONNEUR DE RADIOGRAPHIE KWIK BITE - yoestudiosalud.es","description":"Le positionneur de rayons X KWIK BITE est adapt\u00e9 \u00e0 tous les formats de films (tubes cylindriques et coniques) et peut \u00eatre utilis\u00e9 pour les patients adultes et p\u00e9diatriques.","robots":{"index":"index","follow":"follow","max-snippet":"max-snippet:-1","max-image-preview":"max-image-preview:large","max-video-preview":"max-video-preview:-1"},"canonical":"https:\/\/yoestudiosalud.es\/produit\/posicionador-de-radiografias-kwik-bite\/","og_locale":"fr_FR","og_type":"article","og_title":"POSITIONNEUR DE RADIOGRAPHIE KWIK BITE","og_description":"Le positionneur de rayons X KWIK BITE est adapt\u00e9 \u00e0 tous les formats de films (tubes cylindriques et coniques) et peut \u00eatre utilis\u00e9 pour les patients adultes et p\u00e9diatriques.","og_url":"https:\/\/yoestudiosalud.es\/produit\/posicionador-de-radiografias-kwik-bite\/","og_site_name":"yoestudiosalud.es","article_modified_time":"2025-07-02T06:44:53+00:00","og_image":[{"width":650,"height":650,"url":"https:\/\/yoestudiosalud.es\/wp-content\/uploads\/2021\/04\/000921.jpg","type":"image\/jpeg"}],"twitter_card":"summary_large_image","schema":{"@context":"https:\/\/schema.org","@graph":[{"@type":"WebPage","@id":"https:\/\/yoestudiosalud.es\/produit\/posicionador-de-radiografias-kwik-bite\/","url":"https:\/\/yoestudiosalud.es\/produit\/posicionador-de-radiografias-kwik-bite\/","name":"POSITIONNEUR DE RADIOGRAPHIE KWIK BITE - yoestudiosalud.es","isPartOf":{"@id":"https:\/\/yoestudiosalud.es\/en\/#website"},"primaryImageOfPage":{"@id":"https:\/\/yoestudiosalud.es\/produit\/posicionador-de-radiografias-kwik-bite\/#primaryimage"},"image":{"@id":"https:\/\/yoestudiosalud.es\/produit\/posicionador-de-radiografias-kwik-bite\/#primaryimage"},"thumbnailUrl":"https:\/\/yoestudiosalud.es\/wp-content\/uploads\/2021\/04\/000921.jpg","datePublished":"2021-04-19T17:44:23+00:00","dateModified":"2025-07-02T06:44:53+00:00","description":"Le positionneur de rayons X KWIK BITE est adapt\u00e9 \u00e0 tous les formats de films (tubes cylindriques et coniques) et peut \u00eatre utilis\u00e9 pour les patients adultes et p\u00e9diatriques.","breadcrumb":{"@id":"https:\/\/yoestudiosalud.es\/produit\/posicionador-de-radiografias-kwik-bite\/#breadcrumb"},"inLanguage":"fr-FR","potentialAction":[{"@type":"ReadAction","target":["https:\/\/yoestudiosalud.es\/produit\/posicionador-de-radiografias-kwik-bite\/"]}]},{"@type":"ImageObject","inLanguage":"fr-FR","@id":"https:\/\/yoestudiosalud.es\/produit\/posicionador-de-radiografias-kwik-bite\/#primaryimage","url":"https:\/\/yoestudiosalud.es\/wp-content\/uploads\/2021\/04\/000921.jpg","contentUrl":"https:\/\/yoestudiosalud.es\/wp-content\/uploads\/2021\/04\/000921.jpg","width":650,"height":650,"caption":"kwik bite"},{"@type":"BreadcrumbList","@id":"https:\/\/yoestudiosalud.es\/produit\/posicionador-de-radiografias-kwik-bite\/#breadcrumb","itemListElement":[{"@type":"ListItem","position":1,"name":"Portada","item":"https:\/\/yoestudiosalud.es\/fr\/"},{"@type":"ListItem","position":2,"name":"Boutique","item":"https:\/\/yoestudiosalud.es\/fr\/boutique\/"},{"@type":"ListItem","position":3,"name":"POSITIONNEUR DE RADIOGRAPHIE KWIK BITE"}]},{"@type":"WebSite","@id":"https:\/\/yoestudiosalud.es\/en\/#website","url":"https:\/\/yoestudiosalud.es\/en\/","name":"yoestudiosalud.es","description":"Material para estudiantes del sector salud","publisher":{"@id":"https:\/\/yoestudiosalud.es\/en\/#organization"},"potentialAction":[{"@type":"SearchAction","target":{"@type":"EntryPoint","urlTemplate":"https:\/\/yoestudiosalud.es\/en\/?s={search_term_string}"},"query-input":{"@type":"PropertyValueSpecification","valueRequired":true,"valueName":"search_term_string"}}],"inLanguage":"fr-FR"},{"@type":"Organization","@id":"https:\/\/yoestudiosalud.es\/en\/#organization","name":"yoestudiosalud.es","url":"https:\/\/yoestudiosalud.es\/en\/","logo":{"@type":"ImageObject","inLanguage":"fr-FR","@id":"https:\/\/yoestudiosalud.es\/en\/#\/schema\/logo\/image\/","url":"https:\/\/yoestudiosalud.es\/wp-content\/uploads\/2020\/04\/logonew-e1698080827687.png","contentUrl":"https:\/\/yoestudiosalud.es\/wp-content\/uploads\/2020\/04\/logonew-e1698080827687.png","width":421,"height":393,"caption":"yoestudiosalud.es"},"image":{"@id":"https:\/\/yoestudiosalud.es\/en\/#\/schema\/logo\/image\/"}}]}},"_links":{"self":[{"href":"https:\/\/yoestudiosalud.es\/fr\/wp-json\/wp\/v2\/product\/33200","targetHints":{"allow":["GET"]}}],"collection":[{"href":"https:\/\/yoestudiosalud.es\/fr\/wp-json\/wp\/v2\/product"}],"about":[{"href":"https:\/\/yoestudiosalud.es\/fr\/wp-json\/wp\/v2\/types\/product"}],"wp:featuredmedia":[{"embeddable":true,"href":"https:\/\/yoestudiosalud.es\/fr\/wp-json\/wp\/v2\/media\/33201"}],"wp:attachment":[{"href":"https:\/\/yoestudiosalud.es\/fr\/wp-json\/wp\/v2\/media?parent=33200"}],"wp:term":[{"taxonomy":"product_brand","embeddable":true,"href":"https:\/\/yoestudiosalud.es\/fr\/wp-json\/wp\/v2\/product_brand?post=33200"},{"taxonomy":"product_cat","embeddable":true,"href":"https:\/\/yoestudiosalud.es\/fr\/wp-json\/wp\/v2\/product_cat?post=33200"},{"taxonomy":"product_tag","embeddable":true,"href":"https:\/\/yoestudiosalud.es\/fr\/wp-json\/wp\/v2\/product_tag?post=33200"}],"curies":[{"name":"wp","href":"https:\/\/api.w.org\/{rel}","templated":true}]}}