{"id":33198,"date":"2021-04-20T08:27:38","date_gmt":"2021-04-20T08:27:38","guid":{"rendered":"https:\/\/yoestudiosalud.es\/producto\/tiras-interproximales-para-pulido-de-composite-4mm\/"},"modified":"2025-07-02T08:47:51","modified_gmt":"2025-07-02T06:47:51","slug":"tiras-interproximales-para-pulido-de-composite-4mm","status":"publish","type":"product","link":"https:\/\/yoestudiosalud.es\/fr\/produit\/tiras-interproximales-para-pulido-de-composite-4mm\/","title":{"rendered":"BANDES DE POLISSAGE INTERPROXIMALES EN COMPOSITE 4 MM"},"content":{"rendered":"<p>Bandes de polissage interproximales pour le polissage unilat\u00e9ral d&#8217;un composite \u00e0 base de corindon, li\u00e9 galvaniquement \u00e0 l&#8217;acier inoxydable. Peuvent \u00eatre coup\u00e9es \u00e0 la longueur souhait\u00e9e avant utilisation.<\/p>\n<p>Longueur 120 mm. Disponibles en sachets de 12 unit\u00e9s, autoclavables et st\u00e9rilisables.<\/p>\n","protected":false},"excerpt":{"rendered":"<p>Bandes de polissage interproximales pour le polissage unilat\u00e9ral d&#8217;un composite \u00e0 base de corindon, li\u00e9 galvaniquement \u00e0 l&#8217;acier inoxydable.<\/p>\n","protected":false},"featured_media":33199,"template":"","meta":[],"product_brand":[],"product_cat":[716],"product_tag":[673],"class_list":{"0":"post-33198","1":"product","2":"type-product","3":"status-publish","4":"has-post-thumbnail","6":"product_cat-consommables-fr","7":"product_tag-uv3","8":"pa_formacion-odontologia-fr","10":"first","11":"instock","12":"taxable","13":"shipping-taxable","14":"purchasable","15":"product-type-simple"},"yoast_head":"<!-- This site is optimized with the Yoast SEO Premium plugin v27.0 (Yoast SEO v27.2) - https:\/\/yoast.com\/product\/yoast-seo-premium-wordpress\/ -->\n<title>BANDES DE POLISSAGE INTERPROXIMALES - yoestudiosalud.es<\/title>\n<meta name=\"description\" content=\"Bandes de polissage interproximales pour le polissage unilat\u00e9ral d&#039;un composite \u00e0 base de corindon\" \/>\n<meta name=\"robots\" content=\"index, follow, max-snippet:-1, max-image-preview:large, max-video-preview:-1\" \/>\n<link rel=\"canonical\" href=\"https:\/\/yoestudiosalud.es\/produit\/tiras-interproximales-para-pulido-de-composite-4-mm\/\" \/>\n<meta property=\"og:locale\" content=\"fr_FR\" \/>\n<meta property=\"og:type\" content=\"article\" \/>\n<meta property=\"og:title\" content=\"BANDES DE POLISSAGE INTERPROXIMALES EN COMPOSITE 4 MM\" \/>\n<meta property=\"og:description\" content=\"Bandes de polissage interproximales pour le polissage unilat\u00e9ral d&#039;un composite \u00e0 base de corindon\" \/>\n<meta property=\"og:url\" content=\"https:\/\/yoestudiosalud.es\/produit\/tiras-interproximales-para-pulido-de-composite-4-mm\/\" \/>\n<meta property=\"og:site_name\" content=\"yoestudiosalud.es\" \/>\n<meta property=\"article:modified_time\" content=\"2025-07-02T06:47:51+00:00\" \/>\n<meta property=\"og:image\" content=\"https:\/\/yoestudiosalud.es\/wp-content\/uploads\/2021\/04\/003541.jpg\" \/>\n\t<meta property=\"og:image:width\" content=\"650\" \/>\n\t<meta property=\"og:image:height\" content=\"650\" \/>\n\t<meta property=\"og:image:type\" content=\"image\/jpeg\" \/>\n<meta name=\"twitter:card\" content=\"summary_large_image\" \/>\n<script type=\"application\/ld+json\" class=\"yoast-schema-graph\">{\"@context\":\"https:\/\/schema.org\",\"@graph\":[{\"@type\":\"WebPage\",\"@id\":\"https:\/\/yoestudiosalud.es\/produit\/tiras-interproximales-para-pulido-de-composite-4-mm\/\",\"url\":\"https:\/\/yoestudiosalud.es\/produit\/tiras-interproximales-para-pulido-de-composite-4-mm\/\",\"name\":\"BANDES DE POLISSAGE INTERPROXIMALES - yoestudiosalud.es\",\"isPartOf\":{\"@id\":\"https:\/\/yoestudiosalud.es\/en\/#website\"},\"primaryImageOfPage\":{\"@id\":\"https:\/\/yoestudiosalud.es\/produit\/tiras-interproximales-para-pulido-de-composite-4-mm\/#primaryimage\"},\"image\":{\"@id\":\"https:\/\/yoestudiosalud.es\/produit\/tiras-interproximales-para-pulido-de-composite-4-mm\/#primaryimage\"},\"thumbnailUrl\":\"https:\/\/yoestudiosalud.es\/wp-content\/uploads\/2021\/04\/003541.jpg\",\"datePublished\":\"2021-04-20T08:27:38+00:00\",\"dateModified\":\"2025-07-02T06:47:51+00:00\",\"description\":\"Bandes de polissage interproximales pour le polissage unilat\u00e9ral d'un composite \u00e0 base de corindon\",\"breadcrumb\":{\"@id\":\"https:\/\/yoestudiosalud.es\/produit\/tiras-interproximales-para-pulido-de-composite-4-mm\/#breadcrumb\"},\"inLanguage\":\"fr-FR\",\"potentialAction\":[{\"@type\":\"ReadAction\",\"target\":[\"https:\/\/yoestudiosalud.es\/produit\/tiras-interproximales-para-pulido-de-composite-4-mm\/\"]}]},{\"@type\":\"ImageObject\",\"inLanguage\":\"fr-FR\",\"@id\":\"https:\/\/yoestudiosalud.es\/produit\/tiras-interproximales-para-pulido-de-composite-4-mm\/#primaryimage\",\"url\":\"https:\/\/yoestudiosalud.es\/wp-content\/uploads\/2021\/04\/003541.jpg\",\"contentUrl\":\"https:\/\/yoestudiosalud.es\/wp-content\/uploads\/2021\/04\/003541.jpg\",\"width\":650,\"height\":650,\"caption\":\"BANDES DE POLISSAGE INTERPROXIMALES EN COMPOSITE 4 MM\"},{\"@type\":\"BreadcrumbList\",\"@id\":\"https:\/\/yoestudiosalud.es\/produit\/tiras-interproximales-para-pulido-de-composite-4-mm\/#breadcrumb\",\"itemListElement\":[{\"@type\":\"ListItem\",\"position\":1,\"name\":\"Portada\",\"item\":\"https:\/\/yoestudiosalud.es\/fr\/\"},{\"@type\":\"ListItem\",\"position\":2,\"name\":\"Boutique\",\"item\":\"https:\/\/yoestudiosalud.es\/fr\/boutique\/\"},{\"@type\":\"ListItem\",\"position\":3,\"name\":\"BANDES DE POLISSAGE INTERPROXIMALES EN COMPOSITE 4 MM\"}]},{\"@type\":\"WebSite\",\"@id\":\"https:\/\/yoestudiosalud.es\/en\/#website\",\"url\":\"https:\/\/yoestudiosalud.es\/en\/\",\"name\":\"yoestudiosalud.es\",\"description\":\"Material para estudiantes del sector salud\",\"publisher\":{\"@id\":\"https:\/\/yoestudiosalud.es\/en\/#organization\"},\"potentialAction\":[{\"@type\":\"SearchAction\",\"target\":{\"@type\":\"EntryPoint\",\"urlTemplate\":\"https:\/\/yoestudiosalud.es\/en\/?s={search_term_string}\"},\"query-input\":{\"@type\":\"PropertyValueSpecification\",\"valueRequired\":true,\"valueName\":\"search_term_string\"}}],\"inLanguage\":\"fr-FR\"},{\"@type\":\"Organization\",\"@id\":\"https:\/\/yoestudiosalud.es\/en\/#organization\",\"name\":\"yoestudiosalud.es\",\"url\":\"https:\/\/yoestudiosalud.es\/en\/\",\"logo\":{\"@type\":\"ImageObject\",\"inLanguage\":\"fr-FR\",\"@id\":\"https:\/\/yoestudiosalud.es\/en\/#\/schema\/logo\/image\/\",\"url\":\"https:\/\/yoestudiosalud.es\/wp-content\/uploads\/2020\/04\/logonew-e1698080827687.png\",\"contentUrl\":\"https:\/\/yoestudiosalud.es\/wp-content\/uploads\/2020\/04\/logonew-e1698080827687.png\",\"width\":421,\"height\":393,\"caption\":\"yoestudiosalud.es\"},\"image\":{\"@id\":\"https:\/\/yoestudiosalud.es\/en\/#\/schema\/logo\/image\/\"}}]}<\/script>\n<!-- \/ Yoast SEO Premium plugin. -->","yoast_head_json":{"title":"BANDES DE POLISSAGE INTERPROXIMALES - yoestudiosalud.es","description":"Bandes de polissage interproximales pour le polissage unilat\u00e9ral d'un composite \u00e0 base de corindon","robots":{"index":"index","follow":"follow","max-snippet":"max-snippet:-1","max-image-preview":"max-image-preview:large","max-video-preview":"max-video-preview:-1"},"canonical":"https:\/\/yoestudiosalud.es\/produit\/tiras-interproximales-para-pulido-de-composite-4-mm\/","og_locale":"fr_FR","og_type":"article","og_title":"BANDES DE POLISSAGE INTERPROXIMALES EN COMPOSITE 4 MM","og_description":"Bandes de polissage interproximales pour le polissage unilat\u00e9ral d'un composite \u00e0 base de corindon","og_url":"https:\/\/yoestudiosalud.es\/produit\/tiras-interproximales-para-pulido-de-composite-4-mm\/","og_site_name":"yoestudiosalud.es","article_modified_time":"2025-07-02T06:47:51+00:00","og_image":[{"width":650,"height":650,"url":"https:\/\/yoestudiosalud.es\/wp-content\/uploads\/2021\/04\/003541.jpg","type":"image\/jpeg"}],"twitter_card":"summary_large_image","schema":{"@context":"https:\/\/schema.org","@graph":[{"@type":"WebPage","@id":"https:\/\/yoestudiosalud.es\/produit\/tiras-interproximales-para-pulido-de-composite-4-mm\/","url":"https:\/\/yoestudiosalud.es\/produit\/tiras-interproximales-para-pulido-de-composite-4-mm\/","name":"BANDES DE POLISSAGE INTERPROXIMALES - yoestudiosalud.es","isPartOf":{"@id":"https:\/\/yoestudiosalud.es\/en\/#website"},"primaryImageOfPage":{"@id":"https:\/\/yoestudiosalud.es\/produit\/tiras-interproximales-para-pulido-de-composite-4-mm\/#primaryimage"},"image":{"@id":"https:\/\/yoestudiosalud.es\/produit\/tiras-interproximales-para-pulido-de-composite-4-mm\/#primaryimage"},"thumbnailUrl":"https:\/\/yoestudiosalud.es\/wp-content\/uploads\/2021\/04\/003541.jpg","datePublished":"2021-04-20T08:27:38+00:00","dateModified":"2025-07-02T06:47:51+00:00","description":"Bandes de polissage interproximales pour le polissage unilat\u00e9ral d'un composite \u00e0 base de corindon","breadcrumb":{"@id":"https:\/\/yoestudiosalud.es\/produit\/tiras-interproximales-para-pulido-de-composite-4-mm\/#breadcrumb"},"inLanguage":"fr-FR","potentialAction":[{"@type":"ReadAction","target":["https:\/\/yoestudiosalud.es\/produit\/tiras-interproximales-para-pulido-de-composite-4-mm\/"]}]},{"@type":"ImageObject","inLanguage":"fr-FR","@id":"https:\/\/yoestudiosalud.es\/produit\/tiras-interproximales-para-pulido-de-composite-4-mm\/#primaryimage","url":"https:\/\/yoestudiosalud.es\/wp-content\/uploads\/2021\/04\/003541.jpg","contentUrl":"https:\/\/yoestudiosalud.es\/wp-content\/uploads\/2021\/04\/003541.jpg","width":650,"height":650,"caption":"BANDES DE POLISSAGE INTERPROXIMALES EN COMPOSITE 4 MM"},{"@type":"BreadcrumbList","@id":"https:\/\/yoestudiosalud.es\/produit\/tiras-interproximales-para-pulido-de-composite-4-mm\/#breadcrumb","itemListElement":[{"@type":"ListItem","position":1,"name":"Portada","item":"https:\/\/yoestudiosalud.es\/fr\/"},{"@type":"ListItem","position":2,"name":"Boutique","item":"https:\/\/yoestudiosalud.es\/fr\/boutique\/"},{"@type":"ListItem","position":3,"name":"BANDES DE POLISSAGE INTERPROXIMALES EN COMPOSITE 4 MM"}]},{"@type":"WebSite","@id":"https:\/\/yoestudiosalud.es\/en\/#website","url":"https:\/\/yoestudiosalud.es\/en\/","name":"yoestudiosalud.es","description":"Material para estudiantes del sector salud","publisher":{"@id":"https:\/\/yoestudiosalud.es\/en\/#organization"},"potentialAction":[{"@type":"SearchAction","target":{"@type":"EntryPoint","urlTemplate":"https:\/\/yoestudiosalud.es\/en\/?s={search_term_string}"},"query-input":{"@type":"PropertyValueSpecification","valueRequired":true,"valueName":"search_term_string"}}],"inLanguage":"fr-FR"},{"@type":"Organization","@id":"https:\/\/yoestudiosalud.es\/en\/#organization","name":"yoestudiosalud.es","url":"https:\/\/yoestudiosalud.es\/en\/","logo":{"@type":"ImageObject","inLanguage":"fr-FR","@id":"https:\/\/yoestudiosalud.es\/en\/#\/schema\/logo\/image\/","url":"https:\/\/yoestudiosalud.es\/wp-content\/uploads\/2020\/04\/logonew-e1698080827687.png","contentUrl":"https:\/\/yoestudiosalud.es\/wp-content\/uploads\/2020\/04\/logonew-e1698080827687.png","width":421,"height":393,"caption":"yoestudiosalud.es"},"image":{"@id":"https:\/\/yoestudiosalud.es\/en\/#\/schema\/logo\/image\/"}}]}},"_links":{"self":[{"href":"https:\/\/yoestudiosalud.es\/fr\/wp-json\/wp\/v2\/product\/33198","targetHints":{"allow":["GET"]}}],"collection":[{"href":"https:\/\/yoestudiosalud.es\/fr\/wp-json\/wp\/v2\/product"}],"about":[{"href":"https:\/\/yoestudiosalud.es\/fr\/wp-json\/wp\/v2\/types\/product"}],"wp:featuredmedia":[{"embeddable":true,"href":"https:\/\/yoestudiosalud.es\/fr\/wp-json\/wp\/v2\/media\/33199"}],"wp:attachment":[{"href":"https:\/\/yoestudiosalud.es\/fr\/wp-json\/wp\/v2\/media?parent=33198"}],"wp:term":[{"taxonomy":"product_brand","embeddable":true,"href":"https:\/\/yoestudiosalud.es\/fr\/wp-json\/wp\/v2\/product_brand?post=33198"},{"taxonomy":"product_cat","embeddable":true,"href":"https:\/\/yoestudiosalud.es\/fr\/wp-json\/wp\/v2\/product_cat?post=33198"},{"taxonomy":"product_tag","embeddable":true,"href":"https:\/\/yoestudiosalud.es\/fr\/wp-json\/wp\/v2\/product_tag?post=33198"}],"curies":[{"name":"wp","href":"https:\/\/api.w.org\/{rel}","templated":true}]}}