{"id":33196,"date":"2021-04-20T10:57:52","date_gmt":"2021-04-20T10:57:52","guid":{"rendered":"https:\/\/yoestudiosalud.es\/producto\/pano-quirurgico-protector-esteril\/"},"modified":"2025-07-02T08:51:33","modified_gmt":"2025-07-02T06:51:33","slug":"pano-quirurgico-protector-esteril","status":"publish","type":"product","link":"https:\/\/yoestudiosalud.es\/fr\/produit\/pano-quirurgico-protector-esteril\/","title":{"rendered":"DRAP CHIRURGICAL DE PROTECTION ST\u00c9RILE"},"content":{"rendered":"<p>Le champ op\u00e9ratoire de protection st\u00e9rile est fabriqu\u00e9 en polypropyl\u00e8ne absorbant. Ces draps sont imperm\u00e9ables et tr\u00e8s r\u00e9sistants.<\/p>\n<p>Ils sont pli\u00e9s pour la technique chirurgicale et mesurent 75x90cm.<\/p>\n<p>Le LINGE DE PROTECTION CHIRURGIQUE est n\u00e9cessaire pour les universit\u00e9s suivantes :<\/p>\n<p>UV UNIVERSIT\u00c9 DE VALENCE pour la troisi\u00e8me ann\u00e9e de dentisterie.<\/p>\n","protected":false},"excerpt":{"rendered":"<p>Le champ op\u00e9ratoire de protection st\u00e9rile est fabriqu\u00e9 en polypropyl\u00e8ne absorbant. 75&#215;90 cm<\/p>\n","protected":false},"featured_media":33197,"template":"","meta":[],"product_brand":[],"product_cat":[700,701,702],"product_tag":[673],"class_list":{"0":"post-33196","1":"product","2":"type-product","3":"status-publish","4":"has-post-thumbnail","6":"product_cat-vetements-fr","7":"product_cat-vetementsm-fr","8":"product_cat-vetementsv-fr","9":"product_tag-uv3","10":"pa_formacion-veterinaria-fr","11":"pa_formacion-medicina-fr","12":"pa_formacion-odontologia-fr","14":"first","15":"instock","16":"sale","17":"taxable","18":"shipping-taxable","19":"purchasable","20":"product-type-simple"},"yoast_head":"<!-- This site is optimized with the Yoast SEO Premium plugin v27.0 (Yoast SEO v27.4) - https:\/\/yoast.com\/product\/yoast-seo-premium-wordpress\/ -->\n<title>DRAP CHIRURGICAL DE PROTECTION ST\u00c9RILE - yoestudiosalud.es<\/title>\n<meta name=\"description\" content=\"Le champ op\u00e9ratoire de protection st\u00e9rile est fabriqu\u00e9 en polypropyl\u00e8ne absorbant. 75x90 cm\u00a0\" \/>\n<meta name=\"robots\" content=\"index, follow, max-snippet:-1, max-image-preview:large, max-video-preview:-1\" \/>\n<link rel=\"canonical\" href=\"https:\/\/yoestudiosalud.es\/produit\/pano-quirurgico-protector\/\" \/>\n<meta property=\"og:locale\" content=\"fr_FR\" \/>\n<meta property=\"og:type\" content=\"article\" \/>\n<meta property=\"og:title\" content=\"DRAP CHIRURGICAL DE PROTECTION ST\u00c9RILE\" \/>\n<meta property=\"og:description\" content=\"Le champ op\u00e9ratoire de protection st\u00e9rile est fabriqu\u00e9 en polypropyl\u00e8ne absorbant. 75x90 cm\u00a0\" \/>\n<meta property=\"og:url\" content=\"https:\/\/yoestudiosalud.es\/produit\/pano-quirurgico-protector\/\" \/>\n<meta property=\"og:site_name\" content=\"yoestudiosalud.es\" \/>\n<meta property=\"article:modified_time\" content=\"2025-07-02T06:51:33+00:00\" \/>\n<meta property=\"og:image\" content=\"https:\/\/yoestudiosalud.es\/wp-content\/uploads\/2021\/04\/002268.jpg\" \/>\n\t<meta property=\"og:image:width\" content=\"650\" \/>\n\t<meta property=\"og:image:height\" content=\"650\" \/>\n\t<meta property=\"og:image:type\" content=\"image\/jpeg\" \/>\n<meta name=\"twitter:card\" content=\"summary_large_image\" \/>\n<script type=\"application\/ld+json\" class=\"yoast-schema-graph\">{\"@context\":\"https:\\\/\\\/schema.org\",\"@graph\":[{\"@type\":\"WebPage\",\"@id\":\"https:\\\/\\\/yoestudiosalud.es\\\/produit\\\/pano-quirurgico-protector\\\/\",\"url\":\"https:\\\/\\\/yoestudiosalud.es\\\/produit\\\/pano-quirurgico-protector\\\/\",\"name\":\"DRAP CHIRURGICAL DE PROTECTION ST\u00c9RILE - yoestudiosalud.es\",\"isPartOf\":{\"@id\":\"https:\\\/\\\/yoestudiosalud.es\\\/en\\\/#website\"},\"primaryImageOfPage\":{\"@id\":\"https:\\\/\\\/yoestudiosalud.es\\\/produit\\\/pano-quirurgico-protector\\\/#primaryimage\"},\"image\":{\"@id\":\"https:\\\/\\\/yoestudiosalud.es\\\/produit\\\/pano-quirurgico-protector\\\/#primaryimage\"},\"thumbnailUrl\":\"https:\\\/\\\/yoestudiosalud.es\\\/wp-content\\\/uploads\\\/2021\\\/04\\\/002268.jpg\",\"datePublished\":\"2021-04-20T10:57:52+00:00\",\"dateModified\":\"2025-07-02T06:51:33+00:00\",\"description\":\"Le champ op\u00e9ratoire de protection st\u00e9rile est fabriqu\u00e9 en polypropyl\u00e8ne absorbant. 75x90 cm\u00a0\",\"breadcrumb\":{\"@id\":\"https:\\\/\\\/yoestudiosalud.es\\\/produit\\\/pano-quirurgico-protector\\\/#breadcrumb\"},\"inLanguage\":\"fr-FR\",\"potentialAction\":[{\"@type\":\"ReadAction\",\"target\":[\"https:\\\/\\\/yoestudiosalud.es\\\/produit\\\/pano-quirurgico-protector\\\/\"]}]},{\"@type\":\"ImageObject\",\"inLanguage\":\"fr-FR\",\"@id\":\"https:\\\/\\\/yoestudiosalud.es\\\/produit\\\/pano-quirurgico-protector\\\/#primaryimage\",\"url\":\"https:\\\/\\\/yoestudiosalud.es\\\/wp-content\\\/uploads\\\/2021\\\/04\\\/002268.jpg\",\"contentUrl\":\"https:\\\/\\\/yoestudiosalud.es\\\/wp-content\\\/uploads\\\/2021\\\/04\\\/002268.jpg\",\"width\":650,\"height\":650,\"caption\":\"DRAP CHIRURGICAL DE PROTECTION ST\u00c9RILE\"},{\"@type\":\"BreadcrumbList\",\"@id\":\"https:\\\/\\\/yoestudiosalud.es\\\/produit\\\/pano-quirurgico-protector\\\/#breadcrumb\",\"itemListElement\":[{\"@type\":\"ListItem\",\"position\":1,\"name\":\"Portada\",\"item\":\"https:\\\/\\\/yoestudiosalud.es\\\/fr\\\/\"},{\"@type\":\"ListItem\",\"position\":2,\"name\":\"Boutique\",\"item\":\"https:\\\/\\\/yoestudiosalud.es\\\/fr\\\/boutique\\\/\"},{\"@type\":\"ListItem\",\"position\":3,\"name\":\"DRAP CHIRURGICAL DE PROTECTION ST\u00c9RILE\"}]},{\"@type\":\"WebSite\",\"@id\":\"https:\\\/\\\/yoestudiosalud.es\\\/en\\\/#website\",\"url\":\"https:\\\/\\\/yoestudiosalud.es\\\/en\\\/\",\"name\":\"yoestudiosalud.es\",\"description\":\"Material para estudiantes del sector salud\",\"publisher\":{\"@id\":\"https:\\\/\\\/yoestudiosalud.es\\\/en\\\/#organization\"},\"potentialAction\":[{\"@type\":\"SearchAction\",\"target\":{\"@type\":\"EntryPoint\",\"urlTemplate\":\"https:\\\/\\\/yoestudiosalud.es\\\/en\\\/?s={search_term_string}\"},\"query-input\":{\"@type\":\"PropertyValueSpecification\",\"valueRequired\":true,\"valueName\":\"search_term_string\"}}],\"inLanguage\":\"fr-FR\"},{\"@type\":\"Organization\",\"@id\":\"https:\\\/\\\/yoestudiosalud.es\\\/en\\\/#organization\",\"name\":\"yoestudiosalud.es\",\"url\":\"https:\\\/\\\/yoestudiosalud.es\\\/en\\\/\",\"logo\":{\"@type\":\"ImageObject\",\"inLanguage\":\"fr-FR\",\"@id\":\"https:\\\/\\\/yoestudiosalud.es\\\/en\\\/#\\\/schema\\\/logo\\\/image\\\/\",\"url\":\"https:\\\/\\\/yoestudiosalud.es\\\/wp-content\\\/uploads\\\/2020\\\/04\\\/logonew-e1698080827687.png\",\"contentUrl\":\"https:\\\/\\\/yoestudiosalud.es\\\/wp-content\\\/uploads\\\/2020\\\/04\\\/logonew-e1698080827687.png\",\"width\":421,\"height\":393,\"caption\":\"yoestudiosalud.es\"},\"image\":{\"@id\":\"https:\\\/\\\/yoestudiosalud.es\\\/en\\\/#\\\/schema\\\/logo\\\/image\\\/\"}}]}<\/script>\n<!-- \/ Yoast SEO Premium plugin. -->","yoast_head_json":{"title":"DRAP CHIRURGICAL DE PROTECTION ST\u00c9RILE - yoestudiosalud.es","description":"Le champ op\u00e9ratoire de protection st\u00e9rile est fabriqu\u00e9 en polypropyl\u00e8ne absorbant. 75x90 cm\u00a0","robots":{"index":"index","follow":"follow","max-snippet":"max-snippet:-1","max-image-preview":"max-image-preview:large","max-video-preview":"max-video-preview:-1"},"canonical":"https:\/\/yoestudiosalud.es\/produit\/pano-quirurgico-protector\/","og_locale":"fr_FR","og_type":"article","og_title":"DRAP CHIRURGICAL DE PROTECTION ST\u00c9RILE","og_description":"Le champ op\u00e9ratoire de protection st\u00e9rile est fabriqu\u00e9 en polypropyl\u00e8ne absorbant. 75x90 cm\u00a0","og_url":"https:\/\/yoestudiosalud.es\/produit\/pano-quirurgico-protector\/","og_site_name":"yoestudiosalud.es","article_modified_time":"2025-07-02T06:51:33+00:00","og_image":[{"width":650,"height":650,"url":"https:\/\/yoestudiosalud.es\/wp-content\/uploads\/2021\/04\/002268.jpg","type":"image\/jpeg"}],"twitter_card":"summary_large_image","schema":{"@context":"https:\/\/schema.org","@graph":[{"@type":"WebPage","@id":"https:\/\/yoestudiosalud.es\/produit\/pano-quirurgico-protector\/","url":"https:\/\/yoestudiosalud.es\/produit\/pano-quirurgico-protector\/","name":"DRAP CHIRURGICAL DE PROTECTION ST\u00c9RILE - yoestudiosalud.es","isPartOf":{"@id":"https:\/\/yoestudiosalud.es\/en\/#website"},"primaryImageOfPage":{"@id":"https:\/\/yoestudiosalud.es\/produit\/pano-quirurgico-protector\/#primaryimage"},"image":{"@id":"https:\/\/yoestudiosalud.es\/produit\/pano-quirurgico-protector\/#primaryimage"},"thumbnailUrl":"https:\/\/yoestudiosalud.es\/wp-content\/uploads\/2021\/04\/002268.jpg","datePublished":"2021-04-20T10:57:52+00:00","dateModified":"2025-07-02T06:51:33+00:00","description":"Le champ op\u00e9ratoire de protection st\u00e9rile est fabriqu\u00e9 en polypropyl\u00e8ne absorbant. 75x90 cm\u00a0","breadcrumb":{"@id":"https:\/\/yoestudiosalud.es\/produit\/pano-quirurgico-protector\/#breadcrumb"},"inLanguage":"fr-FR","potentialAction":[{"@type":"ReadAction","target":["https:\/\/yoestudiosalud.es\/produit\/pano-quirurgico-protector\/"]}]},{"@type":"ImageObject","inLanguage":"fr-FR","@id":"https:\/\/yoestudiosalud.es\/produit\/pano-quirurgico-protector\/#primaryimage","url":"https:\/\/yoestudiosalud.es\/wp-content\/uploads\/2021\/04\/002268.jpg","contentUrl":"https:\/\/yoestudiosalud.es\/wp-content\/uploads\/2021\/04\/002268.jpg","width":650,"height":650,"caption":"DRAP CHIRURGICAL DE PROTECTION ST\u00c9RILE"},{"@type":"BreadcrumbList","@id":"https:\/\/yoestudiosalud.es\/produit\/pano-quirurgico-protector\/#breadcrumb","itemListElement":[{"@type":"ListItem","position":1,"name":"Portada","item":"https:\/\/yoestudiosalud.es\/fr\/"},{"@type":"ListItem","position":2,"name":"Boutique","item":"https:\/\/yoestudiosalud.es\/fr\/boutique\/"},{"@type":"ListItem","position":3,"name":"DRAP CHIRURGICAL DE PROTECTION ST\u00c9RILE"}]},{"@type":"WebSite","@id":"https:\/\/yoestudiosalud.es\/en\/#website","url":"https:\/\/yoestudiosalud.es\/en\/","name":"yoestudiosalud.es","description":"Material para estudiantes del sector salud","publisher":{"@id":"https:\/\/yoestudiosalud.es\/en\/#organization"},"potentialAction":[{"@type":"SearchAction","target":{"@type":"EntryPoint","urlTemplate":"https:\/\/yoestudiosalud.es\/en\/?s={search_term_string}"},"query-input":{"@type":"PropertyValueSpecification","valueRequired":true,"valueName":"search_term_string"}}],"inLanguage":"fr-FR"},{"@type":"Organization","@id":"https:\/\/yoestudiosalud.es\/en\/#organization","name":"yoestudiosalud.es","url":"https:\/\/yoestudiosalud.es\/en\/","logo":{"@type":"ImageObject","inLanguage":"fr-FR","@id":"https:\/\/yoestudiosalud.es\/en\/#\/schema\/logo\/image\/","url":"https:\/\/yoestudiosalud.es\/wp-content\/uploads\/2020\/04\/logonew-e1698080827687.png","contentUrl":"https:\/\/yoestudiosalud.es\/wp-content\/uploads\/2020\/04\/logonew-e1698080827687.png","width":421,"height":393,"caption":"yoestudiosalud.es"},"image":{"@id":"https:\/\/yoestudiosalud.es\/en\/#\/schema\/logo\/image\/"}}]}},"_links":{"self":[{"href":"https:\/\/yoestudiosalud.es\/fr\/wp-json\/wp\/v2\/product\/33196","targetHints":{"allow":["GET"]}}],"collection":[{"href":"https:\/\/yoestudiosalud.es\/fr\/wp-json\/wp\/v2\/product"}],"about":[{"href":"https:\/\/yoestudiosalud.es\/fr\/wp-json\/wp\/v2\/types\/product"}],"wp:featuredmedia":[{"embeddable":true,"href":"https:\/\/yoestudiosalud.es\/fr\/wp-json\/wp\/v2\/media\/33197"}],"wp:attachment":[{"href":"https:\/\/yoestudiosalud.es\/fr\/wp-json\/wp\/v2\/media?parent=33196"}],"wp:term":[{"taxonomy":"product_brand","embeddable":true,"href":"https:\/\/yoestudiosalud.es\/fr\/wp-json\/wp\/v2\/product_brand?post=33196"},{"taxonomy":"product_cat","embeddable":true,"href":"https:\/\/yoestudiosalud.es\/fr\/wp-json\/wp\/v2\/product_cat?post=33196"},{"taxonomy":"product_tag","embeddable":true,"href":"https:\/\/yoestudiosalud.es\/fr\/wp-json\/wp\/v2\/product_tag?post=33196"}],"curies":[{"name":"wp","href":"https:\/\/api.w.org\/{rel}","templated":true}]}}