{"id":33190,"date":"2021-05-03T15:29:25","date_gmt":"2021-05-03T15:29:25","guid":{"rendered":"https:\/\/yoestudiosalud.es\/producto\/cubetas-de-plastico-para-impresion-x-12\/"},"modified":"2025-07-02T09:46:57","modified_gmt":"2025-07-02T07:46:57","slug":"cubetas-de-plastico-para-impresion-x-12","status":"publish","type":"product","link":"https:\/\/yoestudiosalud.es\/fr\/produit\/cubetas-de-plastico-para-impresion-x-12\/","title":{"rendered":"PLATEAUX D&#8217;IMPRESSION EN PLASTIQUE X 12"},"content":{"rendered":"<p>Les porte-empreintes en plastique sont fabriqu\u00e9s dans un mat\u00e9riau bleu rigide, perfor\u00e9 et con\u00e7u pour s&#8217;adapter parfaitement \u00e0 l&#8217;anatomie de la bouche.<\/p>\n<p>Les porte-empreintes sont pr\u00e9sent\u00e9s dans un sachet de 12 unit\u00e9s : 4 L (sup\u00e9rieur et inf\u00e9rieur), 4 M (sup\u00e9rieur et inf\u00e9rieur), 4 S (sup\u00e9rieur et inf\u00e9rieur).<\/p>\n<p>Produit par Dochem<\/p>\n<p>Les plateaux d&#8217;impression en plastique sont n\u00e9cessaires pour les universit\u00e9s suivantes :<\/p>\n<p>UEV UNIVERSIDAD EUROPEA VALENCIA pour la premi\u00e8re ann\u00e9e du dipl\u00f4me de dentiste.<\/p>\n","protected":false},"excerpt":{"rendered":"<p>Les porte-empreintes en plastique sont fabriqu\u00e9s dans un mat\u00e9riau bleu rigide, perfor\u00e9 et con\u00e7u pour s&#8217;adapter parfaitement \u00e0 l&#8217;anatomie de la bouche.<\/p>\n","protected":false},"featured_media":33191,"template":"","meta":[],"product_brand":[],"product_cat":[669],"product_tag":[],"class_list":{"0":"post-33190","1":"product","2":"type-product","3":"status-publish","4":"has-post-thumbnail","6":"product_cat-general-fr","7":"pa_formacion-odontologia-fr","9":"first","10":"instock","11":"taxable","12":"shipping-taxable","13":"purchasable","14":"product-type-simple"},"yoast_head":"<!-- This site is optimized with the Yoast SEO Premium plugin v27.0 (Yoast SEO v27.2) - https:\/\/yoast.com\/product\/yoast-seo-premium-wordpress\/ -->\n<title>PLATEAUX D&#039;IMPRESSION EN PLASTIQUE X 12 - yoestudiosalud.es<\/title>\n<meta name=\"description\" content=\"Les porte-empreintes en plastique sont fabriqu\u00e9s dans un mat\u00e9riau bleu rigide\" \/>\n<meta name=\"robots\" content=\"index, follow, max-snippet:-1, max-image-preview:large, max-video-preview:-1\" \/>\n<link rel=\"canonical\" href=\"https:\/\/yoestudiosalud.es\/produit\/cubetas-de-plastico-para-impresion-x-12\/\" \/>\n<meta property=\"og:locale\" content=\"fr_FR\" \/>\n<meta property=\"og:type\" content=\"article\" \/>\n<meta property=\"og:title\" content=\"PLATEAUX D&#039;IMPRESSION EN PLASTIQUE X 12\" \/>\n<meta property=\"og:description\" content=\"Les porte-empreintes en plastique sont fabriqu\u00e9s dans un mat\u00e9riau bleu rigide\" \/>\n<meta property=\"og:url\" content=\"https:\/\/yoestudiosalud.es\/produit\/cubetas-de-plastico-para-impresion-x-12\/\" \/>\n<meta property=\"og:site_name\" content=\"yoestudiosalud.es\" \/>\n<meta property=\"article:modified_time\" content=\"2025-07-02T07:46:57+00:00\" \/>\n<meta property=\"og:image\" content=\"https:\/\/yoestudiosalud.es\/wp-content\/uploads\/2021\/05\/Adobe_20210503_130104.jpg\" \/>\n\t<meta property=\"og:image:width\" content=\"650\" \/>\n\t<meta property=\"og:image:height\" content=\"650\" \/>\n\t<meta property=\"og:image:type\" content=\"image\/jpeg\" \/>\n<meta name=\"twitter:card\" content=\"summary_large_image\" \/>\n<script type=\"application\/ld+json\" class=\"yoast-schema-graph\">{\"@context\":\"https:\/\/schema.org\",\"@graph\":[{\"@type\":\"WebPage\",\"@id\":\"https:\/\/yoestudiosalud.es\/produit\/cubetas-de-plastico-para-impresion-x-12\/\",\"url\":\"https:\/\/yoestudiosalud.es\/produit\/cubetas-de-plastico-para-impresion-x-12\/\",\"name\":\"PLATEAUX D'IMPRESSION EN PLASTIQUE X 12 - yoestudiosalud.es\",\"isPartOf\":{\"@id\":\"https:\/\/yoestudiosalud.es\/en\/#website\"},\"primaryImageOfPage\":{\"@id\":\"https:\/\/yoestudiosalud.es\/produit\/cubetas-de-plastico-para-impresion-x-12\/#primaryimage\"},\"image\":{\"@id\":\"https:\/\/yoestudiosalud.es\/produit\/cubetas-de-plastico-para-impresion-x-12\/#primaryimage\"},\"thumbnailUrl\":\"https:\/\/yoestudiosalud.es\/wp-content\/uploads\/2021\/05\/Adobe_20210503_130104.jpg\",\"datePublished\":\"2021-05-03T15:29:25+00:00\",\"dateModified\":\"2025-07-02T07:46:57+00:00\",\"description\":\"Les porte-empreintes en plastique sont fabriqu\u00e9s dans un mat\u00e9riau bleu rigide\",\"breadcrumb\":{\"@id\":\"https:\/\/yoestudiosalud.es\/produit\/cubetas-de-plastico-para-impresion-x-12\/#breadcrumb\"},\"inLanguage\":\"fr-FR\",\"potentialAction\":[{\"@type\":\"ReadAction\",\"target\":[\"https:\/\/yoestudiosalud.es\/produit\/cubetas-de-plastico-para-impresion-x-12\/\"]}]},{\"@type\":\"ImageObject\",\"inLanguage\":\"fr-FR\",\"@id\":\"https:\/\/yoestudiosalud.es\/produit\/cubetas-de-plastico-para-impresion-x-12\/#primaryimage\",\"url\":\"https:\/\/yoestudiosalud.es\/wp-content\/uploads\/2021\/05\/Adobe_20210503_130104.jpg\",\"contentUrl\":\"https:\/\/yoestudiosalud.es\/wp-content\/uploads\/2021\/05\/Adobe_20210503_130104.jpg\",\"width\":650,\"height\":650,\"caption\":\"PLATEAUX D'IMPRESSION EN PLASTIQUE X 12\"},{\"@type\":\"BreadcrumbList\",\"@id\":\"https:\/\/yoestudiosalud.es\/produit\/cubetas-de-plastico-para-impresion-x-12\/#breadcrumb\",\"itemListElement\":[{\"@type\":\"ListItem\",\"position\":1,\"name\":\"Portada\",\"item\":\"https:\/\/yoestudiosalud.es\/fr\/\"},{\"@type\":\"ListItem\",\"position\":2,\"name\":\"Boutique\",\"item\":\"https:\/\/yoestudiosalud.es\/fr\/boutique\/\"},{\"@type\":\"ListItem\",\"position\":3,\"name\":\"PLATEAUX D&#8217;IMPRESSION EN PLASTIQUE X 12\"}]},{\"@type\":\"WebSite\",\"@id\":\"https:\/\/yoestudiosalud.es\/en\/#website\",\"url\":\"https:\/\/yoestudiosalud.es\/en\/\",\"name\":\"yoestudiosalud.es\",\"description\":\"Material para estudiantes del sector salud\",\"publisher\":{\"@id\":\"https:\/\/yoestudiosalud.es\/en\/#organization\"},\"potentialAction\":[{\"@type\":\"SearchAction\",\"target\":{\"@type\":\"EntryPoint\",\"urlTemplate\":\"https:\/\/yoestudiosalud.es\/en\/?s={search_term_string}\"},\"query-input\":{\"@type\":\"PropertyValueSpecification\",\"valueRequired\":true,\"valueName\":\"search_term_string\"}}],\"inLanguage\":\"fr-FR\"},{\"@type\":\"Organization\",\"@id\":\"https:\/\/yoestudiosalud.es\/en\/#organization\",\"name\":\"yoestudiosalud.es\",\"url\":\"https:\/\/yoestudiosalud.es\/en\/\",\"logo\":{\"@type\":\"ImageObject\",\"inLanguage\":\"fr-FR\",\"@id\":\"https:\/\/yoestudiosalud.es\/en\/#\/schema\/logo\/image\/\",\"url\":\"https:\/\/yoestudiosalud.es\/wp-content\/uploads\/2020\/04\/logonew-e1698080827687.png\",\"contentUrl\":\"https:\/\/yoestudiosalud.es\/wp-content\/uploads\/2020\/04\/logonew-e1698080827687.png\",\"width\":421,\"height\":393,\"caption\":\"yoestudiosalud.es\"},\"image\":{\"@id\":\"https:\/\/yoestudiosalud.es\/en\/#\/schema\/logo\/image\/\"}}]}<\/script>\n<!-- \/ Yoast SEO Premium plugin. -->","yoast_head_json":{"title":"PLATEAUX D'IMPRESSION EN PLASTIQUE X 12 - yoestudiosalud.es","description":"Les porte-empreintes en plastique sont fabriqu\u00e9s dans un mat\u00e9riau bleu rigide","robots":{"index":"index","follow":"follow","max-snippet":"max-snippet:-1","max-image-preview":"max-image-preview:large","max-video-preview":"max-video-preview:-1"},"canonical":"https:\/\/yoestudiosalud.es\/produit\/cubetas-de-plastico-para-impresion-x-12\/","og_locale":"fr_FR","og_type":"article","og_title":"PLATEAUX D'IMPRESSION EN PLASTIQUE X 12","og_description":"Les porte-empreintes en plastique sont fabriqu\u00e9s dans un mat\u00e9riau bleu rigide","og_url":"https:\/\/yoestudiosalud.es\/produit\/cubetas-de-plastico-para-impresion-x-12\/","og_site_name":"yoestudiosalud.es","article_modified_time":"2025-07-02T07:46:57+00:00","og_image":[{"width":650,"height":650,"url":"https:\/\/yoestudiosalud.es\/wp-content\/uploads\/2021\/05\/Adobe_20210503_130104.jpg","type":"image\/jpeg"}],"twitter_card":"summary_large_image","schema":{"@context":"https:\/\/schema.org","@graph":[{"@type":"WebPage","@id":"https:\/\/yoestudiosalud.es\/produit\/cubetas-de-plastico-para-impresion-x-12\/","url":"https:\/\/yoestudiosalud.es\/produit\/cubetas-de-plastico-para-impresion-x-12\/","name":"PLATEAUX D'IMPRESSION EN PLASTIQUE X 12 - yoestudiosalud.es","isPartOf":{"@id":"https:\/\/yoestudiosalud.es\/en\/#website"},"primaryImageOfPage":{"@id":"https:\/\/yoestudiosalud.es\/produit\/cubetas-de-plastico-para-impresion-x-12\/#primaryimage"},"image":{"@id":"https:\/\/yoestudiosalud.es\/produit\/cubetas-de-plastico-para-impresion-x-12\/#primaryimage"},"thumbnailUrl":"https:\/\/yoestudiosalud.es\/wp-content\/uploads\/2021\/05\/Adobe_20210503_130104.jpg","datePublished":"2021-05-03T15:29:25+00:00","dateModified":"2025-07-02T07:46:57+00:00","description":"Les porte-empreintes en plastique sont fabriqu\u00e9s dans un mat\u00e9riau bleu rigide","breadcrumb":{"@id":"https:\/\/yoestudiosalud.es\/produit\/cubetas-de-plastico-para-impresion-x-12\/#breadcrumb"},"inLanguage":"fr-FR","potentialAction":[{"@type":"ReadAction","target":["https:\/\/yoestudiosalud.es\/produit\/cubetas-de-plastico-para-impresion-x-12\/"]}]},{"@type":"ImageObject","inLanguage":"fr-FR","@id":"https:\/\/yoestudiosalud.es\/produit\/cubetas-de-plastico-para-impresion-x-12\/#primaryimage","url":"https:\/\/yoestudiosalud.es\/wp-content\/uploads\/2021\/05\/Adobe_20210503_130104.jpg","contentUrl":"https:\/\/yoestudiosalud.es\/wp-content\/uploads\/2021\/05\/Adobe_20210503_130104.jpg","width":650,"height":650,"caption":"PLATEAUX D'IMPRESSION EN PLASTIQUE X 12"},{"@type":"BreadcrumbList","@id":"https:\/\/yoestudiosalud.es\/produit\/cubetas-de-plastico-para-impresion-x-12\/#breadcrumb","itemListElement":[{"@type":"ListItem","position":1,"name":"Portada","item":"https:\/\/yoestudiosalud.es\/fr\/"},{"@type":"ListItem","position":2,"name":"Boutique","item":"https:\/\/yoestudiosalud.es\/fr\/boutique\/"},{"@type":"ListItem","position":3,"name":"PLATEAUX D&#8217;IMPRESSION EN PLASTIQUE X 12"}]},{"@type":"WebSite","@id":"https:\/\/yoestudiosalud.es\/en\/#website","url":"https:\/\/yoestudiosalud.es\/en\/","name":"yoestudiosalud.es","description":"Material para estudiantes del sector salud","publisher":{"@id":"https:\/\/yoestudiosalud.es\/en\/#organization"},"potentialAction":[{"@type":"SearchAction","target":{"@type":"EntryPoint","urlTemplate":"https:\/\/yoestudiosalud.es\/en\/?s={search_term_string}"},"query-input":{"@type":"PropertyValueSpecification","valueRequired":true,"valueName":"search_term_string"}}],"inLanguage":"fr-FR"},{"@type":"Organization","@id":"https:\/\/yoestudiosalud.es\/en\/#organization","name":"yoestudiosalud.es","url":"https:\/\/yoestudiosalud.es\/en\/","logo":{"@type":"ImageObject","inLanguage":"fr-FR","@id":"https:\/\/yoestudiosalud.es\/en\/#\/schema\/logo\/image\/","url":"https:\/\/yoestudiosalud.es\/wp-content\/uploads\/2020\/04\/logonew-e1698080827687.png","contentUrl":"https:\/\/yoestudiosalud.es\/wp-content\/uploads\/2020\/04\/logonew-e1698080827687.png","width":421,"height":393,"caption":"yoestudiosalud.es"},"image":{"@id":"https:\/\/yoestudiosalud.es\/en\/#\/schema\/logo\/image\/"}}]}},"_links":{"self":[{"href":"https:\/\/yoestudiosalud.es\/fr\/wp-json\/wp\/v2\/product\/33190","targetHints":{"allow":["GET"]}}],"collection":[{"href":"https:\/\/yoestudiosalud.es\/fr\/wp-json\/wp\/v2\/product"}],"about":[{"href":"https:\/\/yoestudiosalud.es\/fr\/wp-json\/wp\/v2\/types\/product"}],"wp:featuredmedia":[{"embeddable":true,"href":"https:\/\/yoestudiosalud.es\/fr\/wp-json\/wp\/v2\/media\/33191"}],"wp:attachment":[{"href":"https:\/\/yoestudiosalud.es\/fr\/wp-json\/wp\/v2\/media?parent=33190"}],"wp:term":[{"taxonomy":"product_brand","embeddable":true,"href":"https:\/\/yoestudiosalud.es\/fr\/wp-json\/wp\/v2\/product_brand?post=33190"},{"taxonomy":"product_cat","embeddable":true,"href":"https:\/\/yoestudiosalud.es\/fr\/wp-json\/wp\/v2\/product_cat?post=33190"},{"taxonomy":"product_tag","embeddable":true,"href":"https:\/\/yoestudiosalud.es\/fr\/wp-json\/wp\/v2\/product_tag?post=33190"}],"curies":[{"name":"wp","href":"https:\/\/api.w.org\/{rel}","templated":true}]}}