{"id":33184,"date":"2021-05-05T16:07:23","date_gmt":"2021-05-05T16:07:23","guid":{"rendered":"https:\/\/yoestudiosalud.es\/producto\/pinza-de-diseccion-con-diente\/"},"modified":"2025-07-02T09:54:42","modified_gmt":"2025-07-02T07:54:42","slug":"pinza-de-diseccion-con-diente","status":"publish","type":"product","link":"https:\/\/yoestudiosalud.es\/fr\/produit\/pinza-de-diseccion-con-diente\/","title":{"rendered":"PINCE \u00c0 DISSECTION AVEC DENT"},"content":{"rendered":"<p>La pince \u00e0 dissection avec dents est un instrument m\u00e9tallique \u00e0 deux branches utilis\u00e9 pour s\u00e9parer, approcher, confronter et saisir les tissus. Elle est g\u00e9n\u00e9ralement utilis\u00e9e pour la manipulation des tissus en chirurgie.<\/p>\n<p>La pince \u00e0 dissection avec dents est destin\u00e9e \u00e0 la manipulation des tissus durs et de la peau.\u00a0 Fabriqu\u00e9e en acier inoxydable, elle mesure 14 cm de long.<\/p>\n<p>Produite par Master Surgical, nous garantissons une haute qualit\u00e9 au meilleur prix.<\/p>\n","protected":false},"excerpt":{"rendered":"<p>La pince \u00e0 dissection avec dents est un instrument m\u00e9tallique \u00e0 deux branches<\/p>\n","protected":false},"featured_media":33185,"template":"","meta":[],"product_brand":[],"product_cat":[681],"product_tag":[],"class_list":{"0":"post-33184","1":"product","2":"type-product","3":"status-publish","4":"has-post-thumbnail","6":"product_cat-chirurgie-fr","7":"pa_formacion-veterinaria-fr","8":"pa_formacion-medicina-fr","9":"pa_formacion-odontologia-fr","11":"first","12":"instock","13":"sale","14":"taxable","15":"shipping-taxable","16":"purchasable","17":"product-type-simple"},"yoast_head":"<!-- This site is optimized with the Yoast SEO Premium plugin v27.0 (Yoast SEO v27.2) - https:\/\/yoast.com\/product\/yoast-seo-premium-wordpress\/ -->\n<title>PINCE \u00c0 DISSECTION AVEC DENT - yoestudiosalud.es<\/title>\n<meta name=\"description\" content=\"La pince \u00e0 dissection avec dents est un instrument m\u00e9tallique \u00e0 deux branches\" \/>\n<meta name=\"robots\" content=\"index, follow, max-snippet:-1, max-image-preview:large, max-video-preview:-1\" \/>\n<link rel=\"canonical\" href=\"https:\/\/yoestudiosalud.es\/produit\/pinza-de-diseccion-con-diente\/\" \/>\n<meta property=\"og:locale\" content=\"fr_FR\" \/>\n<meta property=\"og:type\" content=\"article\" \/>\n<meta property=\"og:title\" content=\"PINCE \u00c0 DISSECTION AVEC DENT\" \/>\n<meta property=\"og:description\" content=\"La pince \u00e0 dissection avec dents est un instrument m\u00e9tallique \u00e0 deux branches\" \/>\n<meta property=\"og:url\" content=\"https:\/\/yoestudiosalud.es\/produit\/pinza-de-diseccion-con-diente\/\" \/>\n<meta property=\"og:site_name\" content=\"yoestudiosalud.es\" \/>\n<meta property=\"article:modified_time\" content=\"2025-07-02T07:54:42+00:00\" \/>\n<meta property=\"og:image\" content=\"https:\/\/yoestudiosalud.es\/wp-content\/uploads\/2021\/05\/Adobe_20210507_103000.jpg\" \/>\n\t<meta property=\"og:image:width\" content=\"650\" \/>\n\t<meta property=\"og:image:height\" content=\"650\" \/>\n\t<meta property=\"og:image:type\" content=\"image\/jpeg\" \/>\n<meta name=\"twitter:card\" content=\"summary_large_image\" \/>\n<script type=\"application\/ld+json\" class=\"yoast-schema-graph\">{\"@context\":\"https:\/\/schema.org\",\"@graph\":[{\"@type\":\"WebPage\",\"@id\":\"https:\/\/yoestudiosalud.es\/produit\/pinza-de-diseccion-con-diente\/\",\"url\":\"https:\/\/yoestudiosalud.es\/produit\/pinza-de-diseccion-con-diente\/\",\"name\":\"PINCE \u00c0 DISSECTION AVEC DENT - yoestudiosalud.es\",\"isPartOf\":{\"@id\":\"https:\/\/yoestudiosalud.es\/en\/#website\"},\"primaryImageOfPage\":{\"@id\":\"https:\/\/yoestudiosalud.es\/produit\/pinza-de-diseccion-con-diente\/#primaryimage\"},\"image\":{\"@id\":\"https:\/\/yoestudiosalud.es\/produit\/pinza-de-diseccion-con-diente\/#primaryimage\"},\"thumbnailUrl\":\"https:\/\/yoestudiosalud.es\/wp-content\/uploads\/2021\/05\/Adobe_20210507_103000.jpg\",\"datePublished\":\"2021-05-05T16:07:23+00:00\",\"dateModified\":\"2025-07-02T07:54:42+00:00\",\"description\":\"La pince \u00e0 dissection avec dents est un instrument m\u00e9tallique \u00e0 deux branches\",\"breadcrumb\":{\"@id\":\"https:\/\/yoestudiosalud.es\/produit\/pinza-de-diseccion-con-diente\/#breadcrumb\"},\"inLanguage\":\"fr-FR\",\"potentialAction\":[{\"@type\":\"ReadAction\",\"target\":[\"https:\/\/yoestudiosalud.es\/produit\/pinza-de-diseccion-con-diente\/\"]}]},{\"@type\":\"ImageObject\",\"inLanguage\":\"fr-FR\",\"@id\":\"https:\/\/yoestudiosalud.es\/produit\/pinza-de-diseccion-con-diente\/#primaryimage\",\"url\":\"https:\/\/yoestudiosalud.es\/wp-content\/uploads\/2021\/05\/Adobe_20210507_103000.jpg\",\"contentUrl\":\"https:\/\/yoestudiosalud.es\/wp-content\/uploads\/2021\/05\/Adobe_20210507_103000.jpg\",\"width\":650,\"height\":650,\"caption\":\"PINCE \u00c0 DISSECTION AVEC DENT\"},{\"@type\":\"BreadcrumbList\",\"@id\":\"https:\/\/yoestudiosalud.es\/produit\/pinza-de-diseccion-con-diente\/#breadcrumb\",\"itemListElement\":[{\"@type\":\"ListItem\",\"position\":1,\"name\":\"Portada\",\"item\":\"https:\/\/yoestudiosalud.es\/fr\/\"},{\"@type\":\"ListItem\",\"position\":2,\"name\":\"Boutique\",\"item\":\"https:\/\/yoestudiosalud.es\/fr\/boutique\/\"},{\"@type\":\"ListItem\",\"position\":3,\"name\":\"PINCE \u00c0 DISSECTION AVEC DENT\"}]},{\"@type\":\"WebSite\",\"@id\":\"https:\/\/yoestudiosalud.es\/en\/#website\",\"url\":\"https:\/\/yoestudiosalud.es\/en\/\",\"name\":\"yoestudiosalud.es\",\"description\":\"Material para estudiantes del sector salud\",\"publisher\":{\"@id\":\"https:\/\/yoestudiosalud.es\/en\/#organization\"},\"potentialAction\":[{\"@type\":\"SearchAction\",\"target\":{\"@type\":\"EntryPoint\",\"urlTemplate\":\"https:\/\/yoestudiosalud.es\/en\/?s={search_term_string}\"},\"query-input\":{\"@type\":\"PropertyValueSpecification\",\"valueRequired\":true,\"valueName\":\"search_term_string\"}}],\"inLanguage\":\"fr-FR\"},{\"@type\":\"Organization\",\"@id\":\"https:\/\/yoestudiosalud.es\/en\/#organization\",\"name\":\"yoestudiosalud.es\",\"url\":\"https:\/\/yoestudiosalud.es\/en\/\",\"logo\":{\"@type\":\"ImageObject\",\"inLanguage\":\"fr-FR\",\"@id\":\"https:\/\/yoestudiosalud.es\/en\/#\/schema\/logo\/image\/\",\"url\":\"https:\/\/yoestudiosalud.es\/wp-content\/uploads\/2020\/04\/logonew-e1698080827687.png\",\"contentUrl\":\"https:\/\/yoestudiosalud.es\/wp-content\/uploads\/2020\/04\/logonew-e1698080827687.png\",\"width\":421,\"height\":393,\"caption\":\"yoestudiosalud.es\"},\"image\":{\"@id\":\"https:\/\/yoestudiosalud.es\/en\/#\/schema\/logo\/image\/\"}}]}<\/script>\n<!-- \/ Yoast SEO Premium plugin. -->","yoast_head_json":{"title":"PINCE \u00c0 DISSECTION AVEC DENT - yoestudiosalud.es","description":"La pince \u00e0 dissection avec dents est un instrument m\u00e9tallique \u00e0 deux branches","robots":{"index":"index","follow":"follow","max-snippet":"max-snippet:-1","max-image-preview":"max-image-preview:large","max-video-preview":"max-video-preview:-1"},"canonical":"https:\/\/yoestudiosalud.es\/produit\/pinza-de-diseccion-con-diente\/","og_locale":"fr_FR","og_type":"article","og_title":"PINCE \u00c0 DISSECTION AVEC DENT","og_description":"La pince \u00e0 dissection avec dents est un instrument m\u00e9tallique \u00e0 deux branches","og_url":"https:\/\/yoestudiosalud.es\/produit\/pinza-de-diseccion-con-diente\/","og_site_name":"yoestudiosalud.es","article_modified_time":"2025-07-02T07:54:42+00:00","og_image":[{"width":650,"height":650,"url":"https:\/\/yoestudiosalud.es\/wp-content\/uploads\/2021\/05\/Adobe_20210507_103000.jpg","type":"image\/jpeg"}],"twitter_card":"summary_large_image","schema":{"@context":"https:\/\/schema.org","@graph":[{"@type":"WebPage","@id":"https:\/\/yoestudiosalud.es\/produit\/pinza-de-diseccion-con-diente\/","url":"https:\/\/yoestudiosalud.es\/produit\/pinza-de-diseccion-con-diente\/","name":"PINCE \u00c0 DISSECTION AVEC DENT - yoestudiosalud.es","isPartOf":{"@id":"https:\/\/yoestudiosalud.es\/en\/#website"},"primaryImageOfPage":{"@id":"https:\/\/yoestudiosalud.es\/produit\/pinza-de-diseccion-con-diente\/#primaryimage"},"image":{"@id":"https:\/\/yoestudiosalud.es\/produit\/pinza-de-diseccion-con-diente\/#primaryimage"},"thumbnailUrl":"https:\/\/yoestudiosalud.es\/wp-content\/uploads\/2021\/05\/Adobe_20210507_103000.jpg","datePublished":"2021-05-05T16:07:23+00:00","dateModified":"2025-07-02T07:54:42+00:00","description":"La pince \u00e0 dissection avec dents est un instrument m\u00e9tallique \u00e0 deux branches","breadcrumb":{"@id":"https:\/\/yoestudiosalud.es\/produit\/pinza-de-diseccion-con-diente\/#breadcrumb"},"inLanguage":"fr-FR","potentialAction":[{"@type":"ReadAction","target":["https:\/\/yoestudiosalud.es\/produit\/pinza-de-diseccion-con-diente\/"]}]},{"@type":"ImageObject","inLanguage":"fr-FR","@id":"https:\/\/yoestudiosalud.es\/produit\/pinza-de-diseccion-con-diente\/#primaryimage","url":"https:\/\/yoestudiosalud.es\/wp-content\/uploads\/2021\/05\/Adobe_20210507_103000.jpg","contentUrl":"https:\/\/yoestudiosalud.es\/wp-content\/uploads\/2021\/05\/Adobe_20210507_103000.jpg","width":650,"height":650,"caption":"PINCE \u00c0 DISSECTION AVEC DENT"},{"@type":"BreadcrumbList","@id":"https:\/\/yoestudiosalud.es\/produit\/pinza-de-diseccion-con-diente\/#breadcrumb","itemListElement":[{"@type":"ListItem","position":1,"name":"Portada","item":"https:\/\/yoestudiosalud.es\/fr\/"},{"@type":"ListItem","position":2,"name":"Boutique","item":"https:\/\/yoestudiosalud.es\/fr\/boutique\/"},{"@type":"ListItem","position":3,"name":"PINCE \u00c0 DISSECTION AVEC DENT"}]},{"@type":"WebSite","@id":"https:\/\/yoestudiosalud.es\/en\/#website","url":"https:\/\/yoestudiosalud.es\/en\/","name":"yoestudiosalud.es","description":"Material para estudiantes del sector salud","publisher":{"@id":"https:\/\/yoestudiosalud.es\/en\/#organization"},"potentialAction":[{"@type":"SearchAction","target":{"@type":"EntryPoint","urlTemplate":"https:\/\/yoestudiosalud.es\/en\/?s={search_term_string}"},"query-input":{"@type":"PropertyValueSpecification","valueRequired":true,"valueName":"search_term_string"}}],"inLanguage":"fr-FR"},{"@type":"Organization","@id":"https:\/\/yoestudiosalud.es\/en\/#organization","name":"yoestudiosalud.es","url":"https:\/\/yoestudiosalud.es\/en\/","logo":{"@type":"ImageObject","inLanguage":"fr-FR","@id":"https:\/\/yoestudiosalud.es\/en\/#\/schema\/logo\/image\/","url":"https:\/\/yoestudiosalud.es\/wp-content\/uploads\/2020\/04\/logonew-e1698080827687.png","contentUrl":"https:\/\/yoestudiosalud.es\/wp-content\/uploads\/2020\/04\/logonew-e1698080827687.png","width":421,"height":393,"caption":"yoestudiosalud.es"},"image":{"@id":"https:\/\/yoestudiosalud.es\/en\/#\/schema\/logo\/image\/"}}]}},"_links":{"self":[{"href":"https:\/\/yoestudiosalud.es\/fr\/wp-json\/wp\/v2\/product\/33184","targetHints":{"allow":["GET"]}}],"collection":[{"href":"https:\/\/yoestudiosalud.es\/fr\/wp-json\/wp\/v2\/product"}],"about":[{"href":"https:\/\/yoestudiosalud.es\/fr\/wp-json\/wp\/v2\/types\/product"}],"wp:featuredmedia":[{"embeddable":true,"href":"https:\/\/yoestudiosalud.es\/fr\/wp-json\/wp\/v2\/media\/33185"}],"wp:attachment":[{"href":"https:\/\/yoestudiosalud.es\/fr\/wp-json\/wp\/v2\/media?parent=33184"}],"wp:term":[{"taxonomy":"product_brand","embeddable":true,"href":"https:\/\/yoestudiosalud.es\/fr\/wp-json\/wp\/v2\/product_brand?post=33184"},{"taxonomy":"product_cat","embeddable":true,"href":"https:\/\/yoestudiosalud.es\/fr\/wp-json\/wp\/v2\/product_cat?post=33184"},{"taxonomy":"product_tag","embeddable":true,"href":"https:\/\/yoestudiosalud.es\/fr\/wp-json\/wp\/v2\/product_tag?post=33184"}],"curies":[{"name":"wp","href":"https:\/\/api.w.org\/{rel}","templated":true}]}}