{"id":33173,"date":"2021-05-06T11:56:08","date_gmt":"2021-05-06T11:56:08","guid":{"rendered":"https:\/\/yoestudiosalud.es\/producto\/separador-de-langenbeck\/"},"modified":"2025-07-02T10:07:21","modified_gmt":"2025-07-02T08:07:21","slug":"separador-de-langenbeck","status":"publish","type":"product","link":"https:\/\/yoestudiosalud.es\/fr\/produit\/separador-de-langenbeck\/","title":{"rendered":"\u00c9CARTEUR DE LANGENBECK"},"content":{"rendered":"<p>L&#8217;\u00e9carteur de Langenbeck est un instrument en acier inoxydable dot\u00e9 d&#8217;une plaque aplatie, \u00e9mouss\u00e9e et perpendiculaire avec une extr\u00e9mit\u00e9 coud\u00e9e \u00e0 un angle de 90\u00b0 par rapport au c\u00f4t\u00e9 m\u00e9dial de l&#8217;instrument.<\/p>\n<p>Il est dot\u00e9 d&#8217;une poign\u00e9e perfor\u00e9e pour une fixation s\u00fbre.<\/p>\n<p>Elle est utilis\u00e9e pour rendre visibles les plans profonds du champ op\u00e9ratoire, pour r\u00e9tracter les lambeaux muco-p\u00e9riost\u00e9s d&#8217;une certaine profondeur buccale.<\/p>\n<p>Fabriqu\u00e9 par Master Surgical, nous garantissons une haute qualit\u00e9 au meilleur prix.<\/p>\n<p>Le S\u00c9PARATEUR DE LANGENBECK est requis pour les universit\u00e9s suivantes :<\/p>\n<p>UEM UNIVERSIDAD EUROPEA MADRID pour la troisi\u00e8me ann\u00e9e du dipl\u00f4me de dentiste.<br \/>\nUEV UNIVERSIDAD EUROPEA VALENCIA pour la deuxi\u00e8me ann\u00e9e d&#8217;\u00e9tudes dentaires.<\/p>\n","protected":false},"excerpt":{"rendered":"<p>L&#8217;\u00e9carteur de Langenbeck est un instrument en acier inoxydable dot\u00e9 d&#8217;une plaque aplatie<\/p>\n","protected":false},"featured_media":33174,"template":"","meta":[],"product_brand":[],"product_cat":[681],"product_tag":[690],"class_list":{"0":"post-33173","1":"product","2":"type-product","3":"status-publish","4":"has-post-thumbnail","6":"product_cat-chirurgie-fr","7":"product_tag-uem3-fr","8":"pa_formacion-veterinaria-fr","9":"pa_formacion-medicina-fr","10":"pa_formacion-odontologia-fr","12":"first","13":"instock","14":"sale","15":"taxable","16":"shipping-taxable","17":"purchasable","18":"product-type-simple"},"yoast_head":"<!-- This site is optimized with the Yoast SEO Premium plugin v27.0 (Yoast SEO v27.4) - https:\/\/yoast.com\/product\/yoast-seo-premium-wordpress\/ -->\n<title>\u00c9CARTEUR DE LANGENBECK - yoestudiosalud.es<\/title>\n<meta name=\"description\" content=\"L&#039;\u00e9carteur de Langenbeck est un instrument en acier inoxydable dot\u00e9 d&#039;une plaque aplatie\" \/>\n<meta name=\"robots\" content=\"index, follow, max-snippet:-1, max-image-preview:large, max-video-preview:-1\" \/>\n<link rel=\"canonical\" href=\"https:\/\/yoestudiosalud.es\/produit\/separador-de-langenbeck\/\" \/>\n<meta property=\"og:locale\" content=\"fr_FR\" \/>\n<meta property=\"og:type\" content=\"article\" \/>\n<meta property=\"og:title\" content=\"\u00c9CARTEUR DE LANGENBECK\" \/>\n<meta property=\"og:description\" content=\"L&#039;\u00e9carteur de Langenbeck est un instrument en acier inoxydable dot\u00e9 d&#039;une plaque aplatie\" \/>\n<meta property=\"og:url\" content=\"https:\/\/yoestudiosalud.es\/produit\/separador-de-langenbeck\/\" \/>\n<meta property=\"og:site_name\" content=\"yoestudiosalud.es\" \/>\n<meta property=\"article:modified_time\" content=\"2025-07-02T08:07:21+00:00\" \/>\n<meta property=\"og:image\" content=\"https:\/\/yoestudiosalud.es\/wp-content\/uploads\/2021\/05\/Adobe_20210507_102938.jpg\" \/>\n\t<meta property=\"og:image:width\" content=\"650\" \/>\n\t<meta property=\"og:image:height\" content=\"650\" \/>\n\t<meta property=\"og:image:type\" content=\"image\/jpeg\" \/>\n<meta name=\"twitter:card\" content=\"summary_large_image\" \/>\n<meta name=\"twitter:label1\" content=\"Dur\u00e9e de lecture estim\u00e9e\" \/>\n\t<meta name=\"twitter:data1\" content=\"1 minute\" \/>\n<script type=\"application\/ld+json\" class=\"yoast-schema-graph\">{\"@context\":\"https:\\\/\\\/schema.org\",\"@graph\":[{\"@type\":\"WebPage\",\"@id\":\"https:\\\/\\\/yoestudiosalud.es\\\/produit\\\/separador-de-langenbeck\\\/\",\"url\":\"https:\\\/\\\/yoestudiosalud.es\\\/produit\\\/separador-de-langenbeck\\\/\",\"name\":\"\u00c9CARTEUR DE LANGENBECK - yoestudiosalud.es\",\"isPartOf\":{\"@id\":\"https:\\\/\\\/yoestudiosalud.es\\\/en\\\/#website\"},\"primaryImageOfPage\":{\"@id\":\"https:\\\/\\\/yoestudiosalud.es\\\/produit\\\/separador-de-langenbeck\\\/#primaryimage\"},\"image\":{\"@id\":\"https:\\\/\\\/yoestudiosalud.es\\\/produit\\\/separador-de-langenbeck\\\/#primaryimage\"},\"thumbnailUrl\":\"https:\\\/\\\/yoestudiosalud.es\\\/wp-content\\\/uploads\\\/2021\\\/05\\\/Adobe_20210507_102938.jpg\",\"datePublished\":\"2021-05-06T11:56:08+00:00\",\"dateModified\":\"2025-07-02T08:07:21+00:00\",\"description\":\"L'\u00e9carteur de Langenbeck est un instrument en acier inoxydable dot\u00e9 d'une plaque aplatie\",\"breadcrumb\":{\"@id\":\"https:\\\/\\\/yoestudiosalud.es\\\/produit\\\/separador-de-langenbeck\\\/#breadcrumb\"},\"inLanguage\":\"fr-FR\",\"potentialAction\":[{\"@type\":\"ReadAction\",\"target\":[\"https:\\\/\\\/yoestudiosalud.es\\\/produit\\\/separador-de-langenbeck\\\/\"]}]},{\"@type\":\"ImageObject\",\"inLanguage\":\"fr-FR\",\"@id\":\"https:\\\/\\\/yoestudiosalud.es\\\/produit\\\/separador-de-langenbeck\\\/#primaryimage\",\"url\":\"https:\\\/\\\/yoestudiosalud.es\\\/wp-content\\\/uploads\\\/2021\\\/05\\\/Adobe_20210507_102938.jpg\",\"contentUrl\":\"https:\\\/\\\/yoestudiosalud.es\\\/wp-content\\\/uploads\\\/2021\\\/05\\\/Adobe_20210507_102938.jpg\",\"width\":650,\"height\":650,\"caption\":\"\u00c9CARTEUR DE LANGENBECK\"},{\"@type\":\"BreadcrumbList\",\"@id\":\"https:\\\/\\\/yoestudiosalud.es\\\/produit\\\/separador-de-langenbeck\\\/#breadcrumb\",\"itemListElement\":[{\"@type\":\"ListItem\",\"position\":1,\"name\":\"Portada\",\"item\":\"https:\\\/\\\/yoestudiosalud.es\\\/fr\\\/\"},{\"@type\":\"ListItem\",\"position\":2,\"name\":\"Boutique\",\"item\":\"https:\\\/\\\/yoestudiosalud.es\\\/fr\\\/boutique\\\/\"},{\"@type\":\"ListItem\",\"position\":3,\"name\":\"\u00c9CARTEUR DE LANGENBECK\"}]},{\"@type\":\"WebSite\",\"@id\":\"https:\\\/\\\/yoestudiosalud.es\\\/en\\\/#website\",\"url\":\"https:\\\/\\\/yoestudiosalud.es\\\/en\\\/\",\"name\":\"yoestudiosalud.es\",\"description\":\"Material para estudiantes del sector salud\",\"publisher\":{\"@id\":\"https:\\\/\\\/yoestudiosalud.es\\\/en\\\/#organization\"},\"potentialAction\":[{\"@type\":\"SearchAction\",\"target\":{\"@type\":\"EntryPoint\",\"urlTemplate\":\"https:\\\/\\\/yoestudiosalud.es\\\/en\\\/?s={search_term_string}\"},\"query-input\":{\"@type\":\"PropertyValueSpecification\",\"valueRequired\":true,\"valueName\":\"search_term_string\"}}],\"inLanguage\":\"fr-FR\"},{\"@type\":\"Organization\",\"@id\":\"https:\\\/\\\/yoestudiosalud.es\\\/en\\\/#organization\",\"name\":\"yoestudiosalud.es\",\"url\":\"https:\\\/\\\/yoestudiosalud.es\\\/en\\\/\",\"logo\":{\"@type\":\"ImageObject\",\"inLanguage\":\"fr-FR\",\"@id\":\"https:\\\/\\\/yoestudiosalud.es\\\/en\\\/#\\\/schema\\\/logo\\\/image\\\/\",\"url\":\"https:\\\/\\\/yoestudiosalud.es\\\/wp-content\\\/uploads\\\/2020\\\/04\\\/logonew-e1698080827687.png\",\"contentUrl\":\"https:\\\/\\\/yoestudiosalud.es\\\/wp-content\\\/uploads\\\/2020\\\/04\\\/logonew-e1698080827687.png\",\"width\":421,\"height\":393,\"caption\":\"yoestudiosalud.es\"},\"image\":{\"@id\":\"https:\\\/\\\/yoestudiosalud.es\\\/en\\\/#\\\/schema\\\/logo\\\/image\\\/\"}}]}<\/script>\n<!-- \/ Yoast SEO Premium plugin. -->","yoast_head_json":{"title":"\u00c9CARTEUR DE LANGENBECK - yoestudiosalud.es","description":"L'\u00e9carteur de Langenbeck est un instrument en acier inoxydable dot\u00e9 d'une plaque aplatie","robots":{"index":"index","follow":"follow","max-snippet":"max-snippet:-1","max-image-preview":"max-image-preview:large","max-video-preview":"max-video-preview:-1"},"canonical":"https:\/\/yoestudiosalud.es\/produit\/separador-de-langenbeck\/","og_locale":"fr_FR","og_type":"article","og_title":"\u00c9CARTEUR DE LANGENBECK","og_description":"L'\u00e9carteur de Langenbeck est un instrument en acier inoxydable dot\u00e9 d'une plaque aplatie","og_url":"https:\/\/yoestudiosalud.es\/produit\/separador-de-langenbeck\/","og_site_name":"yoestudiosalud.es","article_modified_time":"2025-07-02T08:07:21+00:00","og_image":[{"width":650,"height":650,"url":"https:\/\/yoestudiosalud.es\/wp-content\/uploads\/2021\/05\/Adobe_20210507_102938.jpg","type":"image\/jpeg"}],"twitter_card":"summary_large_image","twitter_misc":{"Dur\u00e9e de lecture estim\u00e9e":"1 minute"},"schema":{"@context":"https:\/\/schema.org","@graph":[{"@type":"WebPage","@id":"https:\/\/yoestudiosalud.es\/produit\/separador-de-langenbeck\/","url":"https:\/\/yoestudiosalud.es\/produit\/separador-de-langenbeck\/","name":"\u00c9CARTEUR DE LANGENBECK - yoestudiosalud.es","isPartOf":{"@id":"https:\/\/yoestudiosalud.es\/en\/#website"},"primaryImageOfPage":{"@id":"https:\/\/yoestudiosalud.es\/produit\/separador-de-langenbeck\/#primaryimage"},"image":{"@id":"https:\/\/yoestudiosalud.es\/produit\/separador-de-langenbeck\/#primaryimage"},"thumbnailUrl":"https:\/\/yoestudiosalud.es\/wp-content\/uploads\/2021\/05\/Adobe_20210507_102938.jpg","datePublished":"2021-05-06T11:56:08+00:00","dateModified":"2025-07-02T08:07:21+00:00","description":"L'\u00e9carteur de Langenbeck est un instrument en acier inoxydable dot\u00e9 d'une plaque aplatie","breadcrumb":{"@id":"https:\/\/yoestudiosalud.es\/produit\/separador-de-langenbeck\/#breadcrumb"},"inLanguage":"fr-FR","potentialAction":[{"@type":"ReadAction","target":["https:\/\/yoestudiosalud.es\/produit\/separador-de-langenbeck\/"]}]},{"@type":"ImageObject","inLanguage":"fr-FR","@id":"https:\/\/yoestudiosalud.es\/produit\/separador-de-langenbeck\/#primaryimage","url":"https:\/\/yoestudiosalud.es\/wp-content\/uploads\/2021\/05\/Adobe_20210507_102938.jpg","contentUrl":"https:\/\/yoestudiosalud.es\/wp-content\/uploads\/2021\/05\/Adobe_20210507_102938.jpg","width":650,"height":650,"caption":"\u00c9CARTEUR DE LANGENBECK"},{"@type":"BreadcrumbList","@id":"https:\/\/yoestudiosalud.es\/produit\/separador-de-langenbeck\/#breadcrumb","itemListElement":[{"@type":"ListItem","position":1,"name":"Portada","item":"https:\/\/yoestudiosalud.es\/fr\/"},{"@type":"ListItem","position":2,"name":"Boutique","item":"https:\/\/yoestudiosalud.es\/fr\/boutique\/"},{"@type":"ListItem","position":3,"name":"\u00c9CARTEUR DE LANGENBECK"}]},{"@type":"WebSite","@id":"https:\/\/yoestudiosalud.es\/en\/#website","url":"https:\/\/yoestudiosalud.es\/en\/","name":"yoestudiosalud.es","description":"Material para estudiantes del sector salud","publisher":{"@id":"https:\/\/yoestudiosalud.es\/en\/#organization"},"potentialAction":[{"@type":"SearchAction","target":{"@type":"EntryPoint","urlTemplate":"https:\/\/yoestudiosalud.es\/en\/?s={search_term_string}"},"query-input":{"@type":"PropertyValueSpecification","valueRequired":true,"valueName":"search_term_string"}}],"inLanguage":"fr-FR"},{"@type":"Organization","@id":"https:\/\/yoestudiosalud.es\/en\/#organization","name":"yoestudiosalud.es","url":"https:\/\/yoestudiosalud.es\/en\/","logo":{"@type":"ImageObject","inLanguage":"fr-FR","@id":"https:\/\/yoestudiosalud.es\/en\/#\/schema\/logo\/image\/","url":"https:\/\/yoestudiosalud.es\/wp-content\/uploads\/2020\/04\/logonew-e1698080827687.png","contentUrl":"https:\/\/yoestudiosalud.es\/wp-content\/uploads\/2020\/04\/logonew-e1698080827687.png","width":421,"height":393,"caption":"yoestudiosalud.es"},"image":{"@id":"https:\/\/yoestudiosalud.es\/en\/#\/schema\/logo\/image\/"}}]}},"_links":{"self":[{"href":"https:\/\/yoestudiosalud.es\/fr\/wp-json\/wp\/v2\/product\/33173","targetHints":{"allow":["GET"]}}],"collection":[{"href":"https:\/\/yoestudiosalud.es\/fr\/wp-json\/wp\/v2\/product"}],"about":[{"href":"https:\/\/yoestudiosalud.es\/fr\/wp-json\/wp\/v2\/types\/product"}],"wp:featuredmedia":[{"embeddable":true,"href":"https:\/\/yoestudiosalud.es\/fr\/wp-json\/wp\/v2\/media\/33174"}],"wp:attachment":[{"href":"https:\/\/yoestudiosalud.es\/fr\/wp-json\/wp\/v2\/media?parent=33173"}],"wp:term":[{"taxonomy":"product_brand","embeddable":true,"href":"https:\/\/yoestudiosalud.es\/fr\/wp-json\/wp\/v2\/product_brand?post=33173"},{"taxonomy":"product_cat","embeddable":true,"href":"https:\/\/yoestudiosalud.es\/fr\/wp-json\/wp\/v2\/product_cat?post=33173"},{"taxonomy":"product_tag","embeddable":true,"href":"https:\/\/yoestudiosalud.es\/fr\/wp-json\/wp\/v2\/product_tag?post=33173"}],"curies":[{"name":"wp","href":"https:\/\/api.w.org\/{rel}","templated":true}]}}