{"id":33159,"date":"2021-05-25T11:53:15","date_gmt":"2021-05-25T11:53:15","guid":{"rendered":"https:\/\/yoestudiosalud.es\/producto\/espaciador-digital-25mm\/"},"modified":"2025-07-02T10:39:18","modified_gmt":"2025-07-02T08:39:18","slug":"espaciador-digital-25mm","status":"publish","type":"product","link":"https:\/\/yoestudiosalud.es\/fr\/produit\/espaciador-digital-25mm\/","title":{"rendered":"SPREEDER DE 25MM"},"content":{"rendered":"<p><strong>Le Spreeder de 25mm<\/strong> Leur grande flexibilit\u00e9 permet une grande pr\u00e9cision dans les canaux courbes et leur surface lisse r\u00e9duit l&#8217;adh\u00e9rence de la gutta percha chaude.<\/p>\n<p>Les spacers sont disponibles dans les types suivants :<\/p>\n<p>Entretoise 25 mm #15<br \/>\nEntretoise 25 mm #20<br \/>\nEntretoise 25 mm #25<br \/>\nEntretoise 25 mm #30<br \/>\nEntretoise 25 mm #35<br \/>\nEntretoise 25 mm #40<\/p>\n<p>L&#8217;espaceur de 25 mm ou Spreeder est la taille moyenne la plus couramment utilis\u00e9e par les \u00e9tudiants en m\u00e9decine dentaire.<\/p>\n","protected":false},"excerpt":{"rendered":"<p>Le Spreeder de 25mm Leur grande flexibilit\u00e9 permet une grande pr\u00e9cision dans les canaux courbes<\/p>\n","protected":false},"featured_media":32995,"template":"","meta":[],"product_brand":[],"product_cat":[716],"product_tag":[],"class_list":{"0":"post-33159","1":"product","2":"type-product","3":"status-publish","4":"has-post-thumbnail","6":"product_cat-consommables-fr","7":"pa_formacion-odontologia-fr","9":"first","10":"onbackorder","11":"sale","12":"taxable","13":"shipping-taxable","14":"purchasable","15":"product-type-variable"},"yoast_head":"<!-- This site is optimized with the Yoast SEO Premium plugin v27.0 (Yoast SEO v27.2) - https:\/\/yoast.com\/product\/yoast-seo-premium-wordpress\/ -->\n<title>SPREEDER DE 25MM | yoestudiosalud.es<\/title>\n<meta name=\"description\" content=\"Le Spreeder de 25mm Leur grande flexibilit\u00e9 permet une grande pr\u00e9cision dans les canaux courbes\" \/>\n<meta name=\"robots\" content=\"index, follow, max-snippet:-1, max-image-preview:large, max-video-preview:-1\" \/>\n<link rel=\"canonical\" href=\"https:\/\/yoestudiosalud.es\/produit\/espaciador-digital-25\/\" \/>\n<meta property=\"og:locale\" content=\"fr_FR\" \/>\n<meta property=\"og:type\" content=\"article\" \/>\n<meta property=\"og:title\" content=\"SPREEDER DE 25MM\" \/>\n<meta property=\"og:description\" content=\"Le Spreeder de 25mm Leur grande flexibilit\u00e9 permet une grande pr\u00e9cision dans les canaux courbes\" \/>\n<meta property=\"og:url\" content=\"https:\/\/yoestudiosalud.es\/produit\/espaciador-digital-25\/\" \/>\n<meta property=\"og:site_name\" content=\"yoestudiosalud.es\" \/>\n<meta property=\"article:modified_time\" content=\"2025-07-02T08:39:18+00:00\" \/>\n<meta property=\"og:image\" content=\"https:\/\/yoestudiosalud.es\/wp-content\/uploads\/2021\/05\/000873.025.jpg\" \/>\n\t<meta property=\"og:image:width\" content=\"650\" \/>\n\t<meta property=\"og:image:height\" content=\"650\" \/>\n\t<meta property=\"og:image:type\" content=\"image\/jpeg\" \/>\n<meta name=\"twitter:card\" content=\"summary_large_image\" \/>\n<script type=\"application\/ld+json\" class=\"yoast-schema-graph\">{\"@context\":\"https:\/\/schema.org\",\"@graph\":[{\"@type\":\"WebPage\",\"@id\":\"https:\/\/yoestudiosalud.es\/produit\/espaciador-digital-25\/\",\"url\":\"https:\/\/yoestudiosalud.es\/produit\/espaciador-digital-25\/\",\"name\":\"SPREEDER DE 25MM | yoestudiosalud.es\",\"isPartOf\":{\"@id\":\"https:\/\/yoestudiosalud.es\/en\/#website\"},\"primaryImageOfPage\":{\"@id\":\"https:\/\/yoestudiosalud.es\/produit\/espaciador-digital-25\/#primaryimage\"},\"image\":{\"@id\":\"https:\/\/yoestudiosalud.es\/produit\/espaciador-digital-25\/#primaryimage\"},\"thumbnailUrl\":\"https:\/\/yoestudiosalud.es\/wp-content\/uploads\/2021\/05\/000873.025.jpg\",\"datePublished\":\"2021-05-25T11:53:15+00:00\",\"dateModified\":\"2025-07-02T08:39:18+00:00\",\"description\":\"Le Spreeder de 25mm Leur grande flexibilit\u00e9 permet une grande pr\u00e9cision dans les canaux courbes\",\"breadcrumb\":{\"@id\":\"https:\/\/yoestudiosalud.es\/produit\/espaciador-digital-25\/#breadcrumb\"},\"inLanguage\":\"fr-FR\",\"potentialAction\":[{\"@type\":\"ReadAction\",\"target\":[\"https:\/\/yoestudiosalud.es\/produit\/espaciador-digital-25\/\"]}]},{\"@type\":\"ImageObject\",\"inLanguage\":\"fr-FR\",\"@id\":\"https:\/\/yoestudiosalud.es\/produit\/espaciador-digital-25\/#primaryimage\",\"url\":\"https:\/\/yoestudiosalud.es\/wp-content\/uploads\/2021\/05\/000873.025.jpg\",\"contentUrl\":\"https:\/\/yoestudiosalud.es\/wp-content\/uploads\/2021\/05\/000873.025.jpg\",\"width\":650,\"height\":650,\"caption\":\"SPREEDER DE 25MM\"},{\"@type\":\"BreadcrumbList\",\"@id\":\"https:\/\/yoestudiosalud.es\/produit\/espaciador-digital-25\/#breadcrumb\",\"itemListElement\":[{\"@type\":\"ListItem\",\"position\":1,\"name\":\"Portada\",\"item\":\"https:\/\/yoestudiosalud.es\/fr\/\"},{\"@type\":\"ListItem\",\"position\":2,\"name\":\"Boutique\",\"item\":\"https:\/\/yoestudiosalud.es\/fr\/boutique\/\"},{\"@type\":\"ListItem\",\"position\":3,\"name\":\"SPREEDER DE 25MM\"}]},{\"@type\":\"WebSite\",\"@id\":\"https:\/\/yoestudiosalud.es\/en\/#website\",\"url\":\"https:\/\/yoestudiosalud.es\/en\/\",\"name\":\"yoestudiosalud.es\",\"description\":\"Material para estudiantes del sector salud\",\"publisher\":{\"@id\":\"https:\/\/yoestudiosalud.es\/en\/#organization\"},\"potentialAction\":[{\"@type\":\"SearchAction\",\"target\":{\"@type\":\"EntryPoint\",\"urlTemplate\":\"https:\/\/yoestudiosalud.es\/en\/?s={search_term_string}\"},\"query-input\":{\"@type\":\"PropertyValueSpecification\",\"valueRequired\":true,\"valueName\":\"search_term_string\"}}],\"inLanguage\":\"fr-FR\"},{\"@type\":\"Organization\",\"@id\":\"https:\/\/yoestudiosalud.es\/en\/#organization\",\"name\":\"yoestudiosalud.es\",\"url\":\"https:\/\/yoestudiosalud.es\/en\/\",\"logo\":{\"@type\":\"ImageObject\",\"inLanguage\":\"fr-FR\",\"@id\":\"https:\/\/yoestudiosalud.es\/en\/#\/schema\/logo\/image\/\",\"url\":\"https:\/\/yoestudiosalud.es\/wp-content\/uploads\/2020\/04\/logonew-e1698080827687.png\",\"contentUrl\":\"https:\/\/yoestudiosalud.es\/wp-content\/uploads\/2020\/04\/logonew-e1698080827687.png\",\"width\":421,\"height\":393,\"caption\":\"yoestudiosalud.es\"},\"image\":{\"@id\":\"https:\/\/yoestudiosalud.es\/en\/#\/schema\/logo\/image\/\"}}]}<\/script>\n<!-- \/ Yoast SEO Premium plugin. -->","yoast_head_json":{"title":"SPREEDER DE 25MM | yoestudiosalud.es","description":"Le Spreeder de 25mm Leur grande flexibilit\u00e9 permet une grande pr\u00e9cision dans les canaux courbes","robots":{"index":"index","follow":"follow","max-snippet":"max-snippet:-1","max-image-preview":"max-image-preview:large","max-video-preview":"max-video-preview:-1"},"canonical":"https:\/\/yoestudiosalud.es\/produit\/espaciador-digital-25\/","og_locale":"fr_FR","og_type":"article","og_title":"SPREEDER DE 25MM","og_description":"Le Spreeder de 25mm Leur grande flexibilit\u00e9 permet une grande pr\u00e9cision dans les canaux courbes","og_url":"https:\/\/yoestudiosalud.es\/produit\/espaciador-digital-25\/","og_site_name":"yoestudiosalud.es","article_modified_time":"2025-07-02T08:39:18+00:00","og_image":[{"width":650,"height":650,"url":"https:\/\/yoestudiosalud.es\/wp-content\/uploads\/2021\/05\/000873.025.jpg","type":"image\/jpeg"}],"twitter_card":"summary_large_image","schema":{"@context":"https:\/\/schema.org","@graph":[{"@type":"WebPage","@id":"https:\/\/yoestudiosalud.es\/produit\/espaciador-digital-25\/","url":"https:\/\/yoestudiosalud.es\/produit\/espaciador-digital-25\/","name":"SPREEDER DE 25MM | yoestudiosalud.es","isPartOf":{"@id":"https:\/\/yoestudiosalud.es\/en\/#website"},"primaryImageOfPage":{"@id":"https:\/\/yoestudiosalud.es\/produit\/espaciador-digital-25\/#primaryimage"},"image":{"@id":"https:\/\/yoestudiosalud.es\/produit\/espaciador-digital-25\/#primaryimage"},"thumbnailUrl":"https:\/\/yoestudiosalud.es\/wp-content\/uploads\/2021\/05\/000873.025.jpg","datePublished":"2021-05-25T11:53:15+00:00","dateModified":"2025-07-02T08:39:18+00:00","description":"Le Spreeder de 25mm Leur grande flexibilit\u00e9 permet une grande pr\u00e9cision dans les canaux courbes","breadcrumb":{"@id":"https:\/\/yoestudiosalud.es\/produit\/espaciador-digital-25\/#breadcrumb"},"inLanguage":"fr-FR","potentialAction":[{"@type":"ReadAction","target":["https:\/\/yoestudiosalud.es\/produit\/espaciador-digital-25\/"]}]},{"@type":"ImageObject","inLanguage":"fr-FR","@id":"https:\/\/yoestudiosalud.es\/produit\/espaciador-digital-25\/#primaryimage","url":"https:\/\/yoestudiosalud.es\/wp-content\/uploads\/2021\/05\/000873.025.jpg","contentUrl":"https:\/\/yoestudiosalud.es\/wp-content\/uploads\/2021\/05\/000873.025.jpg","width":650,"height":650,"caption":"SPREEDER DE 25MM"},{"@type":"BreadcrumbList","@id":"https:\/\/yoestudiosalud.es\/produit\/espaciador-digital-25\/#breadcrumb","itemListElement":[{"@type":"ListItem","position":1,"name":"Portada","item":"https:\/\/yoestudiosalud.es\/fr\/"},{"@type":"ListItem","position":2,"name":"Boutique","item":"https:\/\/yoestudiosalud.es\/fr\/boutique\/"},{"@type":"ListItem","position":3,"name":"SPREEDER DE 25MM"}]},{"@type":"WebSite","@id":"https:\/\/yoestudiosalud.es\/en\/#website","url":"https:\/\/yoestudiosalud.es\/en\/","name":"yoestudiosalud.es","description":"Material para estudiantes del sector salud","publisher":{"@id":"https:\/\/yoestudiosalud.es\/en\/#organization"},"potentialAction":[{"@type":"SearchAction","target":{"@type":"EntryPoint","urlTemplate":"https:\/\/yoestudiosalud.es\/en\/?s={search_term_string}"},"query-input":{"@type":"PropertyValueSpecification","valueRequired":true,"valueName":"search_term_string"}}],"inLanguage":"fr-FR"},{"@type":"Organization","@id":"https:\/\/yoestudiosalud.es\/en\/#organization","name":"yoestudiosalud.es","url":"https:\/\/yoestudiosalud.es\/en\/","logo":{"@type":"ImageObject","inLanguage":"fr-FR","@id":"https:\/\/yoestudiosalud.es\/en\/#\/schema\/logo\/image\/","url":"https:\/\/yoestudiosalud.es\/wp-content\/uploads\/2020\/04\/logonew-e1698080827687.png","contentUrl":"https:\/\/yoestudiosalud.es\/wp-content\/uploads\/2020\/04\/logonew-e1698080827687.png","width":421,"height":393,"caption":"yoestudiosalud.es"},"image":{"@id":"https:\/\/yoestudiosalud.es\/en\/#\/schema\/logo\/image\/"}}]}},"_links":{"self":[{"href":"https:\/\/yoestudiosalud.es\/fr\/wp-json\/wp\/v2\/product\/33159","targetHints":{"allow":["GET"]}}],"collection":[{"href":"https:\/\/yoestudiosalud.es\/fr\/wp-json\/wp\/v2\/product"}],"about":[{"href":"https:\/\/yoestudiosalud.es\/fr\/wp-json\/wp\/v2\/types\/product"}],"wp:featuredmedia":[{"embeddable":true,"href":"https:\/\/yoestudiosalud.es\/fr\/wp-json\/wp\/v2\/media\/32995"}],"wp:attachment":[{"href":"https:\/\/yoestudiosalud.es\/fr\/wp-json\/wp\/v2\/media?parent=33159"}],"wp:term":[{"taxonomy":"product_brand","embeddable":true,"href":"https:\/\/yoestudiosalud.es\/fr\/wp-json\/wp\/v2\/product_brand?post=33159"},{"taxonomy":"product_cat","embeddable":true,"href":"https:\/\/yoestudiosalud.es\/fr\/wp-json\/wp\/v2\/product_cat?post=33159"},{"taxonomy":"product_tag","embeddable":true,"href":"https:\/\/yoestudiosalud.es\/fr\/wp-json\/wp\/v2\/product_tag?post=33159"}],"curies":[{"name":"wp","href":"https:\/\/api.w.org\/{rel}","templated":true}]}}