{"id":33148,"date":"2021-10-18T16:11:44","date_gmt":"2021-10-18T16:11:44","guid":{"rendered":"https:\/\/yoestudiosalud.es\/producto\/turbina-t2-led-boost-sirona\/"},"modified":"2025-07-02T11:24:13","modified_gmt":"2025-07-02T09:24:13","slug":"turbina-t2-led-boost-sirona","status":"publish","type":"product","link":"https:\/\/yoestudiosalud.es\/fr\/produit\/turbina-t2-led-boost-sirona\/","title":{"rendered":"TURBINE T2 LED BOOST SIRONA"},"content":{"rendered":"<p>La turbine Sirona T2 Boost LED garantit une puissance \u00e9lev\u00e9e dans une turbine petite et silencieuse. Ses 23 watts de puissance permettent un fonctionnement pratiquement ininterrompu avec encore plus de couple, combin\u00e9 \u00e0 un niveau de bruit plus faible dans une t\u00eate plus petite. Plus de puissance, plus de couple, plus d&#8217;efficacit\u00e9. Gr\u00e2ce \u00e0 l&#8217;interface CLICK&amp;Go d\u00e9velopp\u00e9e par Sirona, les turbines Sirona peuvent \u00eatre utilis\u00e9es avec toutes les variantes d&#8217;accouplement courantes. Il est ainsi possible d&#8217;effectuer un changement en quelques secondes et sans frais suppl\u00e9mentaires.<\/p>\n","protected":false},"excerpt":{"rendered":"<p>La turbine Sirona T2 Boost LED garantit une puissance \u00e9lev\u00e9e dans une turbine petite et silencieuse.<\/p>\n","protected":false},"featured_media":32502,"template":"","meta":[],"product_brand":[],"product_cat":[713],"product_tag":[],"class_list":{"0":"post-33148","1":"product","2":"type-product","3":"status-publish","4":"has-post-thumbnail","6":"product_cat-rotatif-fr","7":"pa_formacion-odontologia-fr","9":"first","10":"instock","11":"sale","12":"taxable","13":"shipping-taxable","14":"purchasable","15":"product-type-simple"},"yoast_head":"<!-- This site is optimized with the Yoast SEO Premium plugin v27.0 (Yoast SEO v27.2) - https:\/\/yoast.com\/product\/yoast-seo-premium-wordpress\/ -->\n<title>TURBINE T2 LED BOOST SIRONA - yoestudiosalud.es dep\u00f3sito dental<\/title>\n<meta name=\"description\" content=\"La turbine Sirona T2 Boost LED garantit une puissance \u00e9lev\u00e9e dans une turbine petite et silencieuse.\" \/>\n<meta name=\"robots\" content=\"index, follow, max-snippet:-1, max-image-preview:large, max-video-preview:-1\" \/>\n<link rel=\"canonical\" href=\"https:\/\/yoestudiosalud.es\/produit\/turbina-t2-boost-sirona\/\" \/>\n<meta property=\"og:locale\" content=\"fr_FR\" \/>\n<meta property=\"og:type\" content=\"article\" \/>\n<meta property=\"og:title\" content=\"TURBINE T2 LED BOOST SIRONA\" \/>\n<meta property=\"og:description\" content=\"La turbine Sirona T2 Boost LED garantit une puissance \u00e9lev\u00e9e dans une turbine petite et silencieuse.\" \/>\n<meta property=\"og:url\" content=\"https:\/\/yoestudiosalud.es\/produit\/turbina-t2-boost-sirona\/\" \/>\n<meta property=\"og:site_name\" content=\"yoestudiosalud.es\" \/>\n<meta property=\"article:modified_time\" content=\"2025-07-02T09:24:13+00:00\" \/>\n<meta property=\"og:image\" content=\"https:\/\/yoestudiosalud.es\/wp-content\/uploads\/2021\/10\/003326.jpg\" \/>\n\t<meta property=\"og:image:width\" content=\"650\" \/>\n\t<meta property=\"og:image:height\" content=\"650\" \/>\n\t<meta property=\"og:image:type\" content=\"image\/jpeg\" \/>\n<meta name=\"twitter:card\" content=\"summary_large_image\" \/>\n<script type=\"application\/ld+json\" class=\"yoast-schema-graph\">{\"@context\":\"https:\/\/schema.org\",\"@graph\":[{\"@type\":\"WebPage\",\"@id\":\"https:\/\/yoestudiosalud.es\/produit\/turbina-t2-boost-sirona\/\",\"url\":\"https:\/\/yoestudiosalud.es\/produit\/turbina-t2-boost-sirona\/\",\"name\":\"TURBINE T2 LED BOOST SIRONA - yoestudiosalud.es dep\u00f3sito dental\",\"isPartOf\":{\"@id\":\"https:\/\/yoestudiosalud.es\/en\/#website\"},\"primaryImageOfPage\":{\"@id\":\"https:\/\/yoestudiosalud.es\/produit\/turbina-t2-boost-sirona\/#primaryimage\"},\"image\":{\"@id\":\"https:\/\/yoestudiosalud.es\/produit\/turbina-t2-boost-sirona\/#primaryimage\"},\"thumbnailUrl\":\"https:\/\/yoestudiosalud.es\/wp-content\/uploads\/2021\/10\/003326.jpg\",\"datePublished\":\"2021-10-18T16:11:44+00:00\",\"dateModified\":\"2025-07-02T09:24:13+00:00\",\"description\":\"La turbine Sirona T2 Boost LED garantit une puissance \u00e9lev\u00e9e dans une turbine petite et silencieuse.\",\"breadcrumb\":{\"@id\":\"https:\/\/yoestudiosalud.es\/produit\/turbina-t2-boost-sirona\/#breadcrumb\"},\"inLanguage\":\"fr-FR\",\"potentialAction\":[{\"@type\":\"ReadAction\",\"target\":[\"https:\/\/yoestudiosalud.es\/produit\/turbina-t2-boost-sirona\/\"]}]},{\"@type\":\"ImageObject\",\"inLanguage\":\"fr-FR\",\"@id\":\"https:\/\/yoestudiosalud.es\/produit\/turbina-t2-boost-sirona\/#primaryimage\",\"url\":\"https:\/\/yoestudiosalud.es\/wp-content\/uploads\/2021\/10\/003326.jpg\",\"contentUrl\":\"https:\/\/yoestudiosalud.es\/wp-content\/uploads\/2021\/10\/003326.jpg\",\"width\":650,\"height\":650,\"caption\":\"TURBINE T2 LED BOOST SIRONA\"},{\"@type\":\"BreadcrumbList\",\"@id\":\"https:\/\/yoestudiosalud.es\/produit\/turbina-t2-boost-sirona\/#breadcrumb\",\"itemListElement\":[{\"@type\":\"ListItem\",\"position\":1,\"name\":\"Portada\",\"item\":\"https:\/\/yoestudiosalud.es\/fr\/\"},{\"@type\":\"ListItem\",\"position\":2,\"name\":\"Boutique\",\"item\":\"https:\/\/yoestudiosalud.es\/fr\/boutique\/\"},{\"@type\":\"ListItem\",\"position\":3,\"name\":\"TURBINE T2 LED BOOST SIRONA\"}]},{\"@type\":\"WebSite\",\"@id\":\"https:\/\/yoestudiosalud.es\/en\/#website\",\"url\":\"https:\/\/yoestudiosalud.es\/en\/\",\"name\":\"yoestudiosalud.es\",\"description\":\"Material para estudiantes del sector salud\",\"publisher\":{\"@id\":\"https:\/\/yoestudiosalud.es\/en\/#organization\"},\"potentialAction\":[{\"@type\":\"SearchAction\",\"target\":{\"@type\":\"EntryPoint\",\"urlTemplate\":\"https:\/\/yoestudiosalud.es\/en\/?s={search_term_string}\"},\"query-input\":{\"@type\":\"PropertyValueSpecification\",\"valueRequired\":true,\"valueName\":\"search_term_string\"}}],\"inLanguage\":\"fr-FR\"},{\"@type\":\"Organization\",\"@id\":\"https:\/\/yoestudiosalud.es\/en\/#organization\",\"name\":\"yoestudiosalud.es\",\"url\":\"https:\/\/yoestudiosalud.es\/en\/\",\"logo\":{\"@type\":\"ImageObject\",\"inLanguage\":\"fr-FR\",\"@id\":\"https:\/\/yoestudiosalud.es\/en\/#\/schema\/logo\/image\/\",\"url\":\"https:\/\/yoestudiosalud.es\/wp-content\/uploads\/2020\/04\/logonew-e1698080827687.png\",\"contentUrl\":\"https:\/\/yoestudiosalud.es\/wp-content\/uploads\/2020\/04\/logonew-e1698080827687.png\",\"width\":421,\"height\":393,\"caption\":\"yoestudiosalud.es\"},\"image\":{\"@id\":\"https:\/\/yoestudiosalud.es\/en\/#\/schema\/logo\/image\/\"}}]}<\/script>\n<!-- \/ Yoast SEO Premium plugin. -->","yoast_head_json":{"title":"TURBINE T2 LED BOOST SIRONA - yoestudiosalud.es dep\u00f3sito dental","description":"La turbine Sirona T2 Boost LED garantit une puissance \u00e9lev\u00e9e dans une turbine petite et silencieuse.","robots":{"index":"index","follow":"follow","max-snippet":"max-snippet:-1","max-image-preview":"max-image-preview:large","max-video-preview":"max-video-preview:-1"},"canonical":"https:\/\/yoestudiosalud.es\/produit\/turbina-t2-boost-sirona\/","og_locale":"fr_FR","og_type":"article","og_title":"TURBINE T2 LED BOOST SIRONA","og_description":"La turbine Sirona T2 Boost LED garantit une puissance \u00e9lev\u00e9e dans une turbine petite et silencieuse.","og_url":"https:\/\/yoestudiosalud.es\/produit\/turbina-t2-boost-sirona\/","og_site_name":"yoestudiosalud.es","article_modified_time":"2025-07-02T09:24:13+00:00","og_image":[{"width":650,"height":650,"url":"https:\/\/yoestudiosalud.es\/wp-content\/uploads\/2021\/10\/003326.jpg","type":"image\/jpeg"}],"twitter_card":"summary_large_image","schema":{"@context":"https:\/\/schema.org","@graph":[{"@type":"WebPage","@id":"https:\/\/yoestudiosalud.es\/produit\/turbina-t2-boost-sirona\/","url":"https:\/\/yoestudiosalud.es\/produit\/turbina-t2-boost-sirona\/","name":"TURBINE T2 LED BOOST SIRONA - yoestudiosalud.es dep\u00f3sito dental","isPartOf":{"@id":"https:\/\/yoestudiosalud.es\/en\/#website"},"primaryImageOfPage":{"@id":"https:\/\/yoestudiosalud.es\/produit\/turbina-t2-boost-sirona\/#primaryimage"},"image":{"@id":"https:\/\/yoestudiosalud.es\/produit\/turbina-t2-boost-sirona\/#primaryimage"},"thumbnailUrl":"https:\/\/yoestudiosalud.es\/wp-content\/uploads\/2021\/10\/003326.jpg","datePublished":"2021-10-18T16:11:44+00:00","dateModified":"2025-07-02T09:24:13+00:00","description":"La turbine Sirona T2 Boost LED garantit une puissance \u00e9lev\u00e9e dans une turbine petite et silencieuse.","breadcrumb":{"@id":"https:\/\/yoestudiosalud.es\/produit\/turbina-t2-boost-sirona\/#breadcrumb"},"inLanguage":"fr-FR","potentialAction":[{"@type":"ReadAction","target":["https:\/\/yoestudiosalud.es\/produit\/turbina-t2-boost-sirona\/"]}]},{"@type":"ImageObject","inLanguage":"fr-FR","@id":"https:\/\/yoestudiosalud.es\/produit\/turbina-t2-boost-sirona\/#primaryimage","url":"https:\/\/yoestudiosalud.es\/wp-content\/uploads\/2021\/10\/003326.jpg","contentUrl":"https:\/\/yoestudiosalud.es\/wp-content\/uploads\/2021\/10\/003326.jpg","width":650,"height":650,"caption":"TURBINE T2 LED BOOST SIRONA"},{"@type":"BreadcrumbList","@id":"https:\/\/yoestudiosalud.es\/produit\/turbina-t2-boost-sirona\/#breadcrumb","itemListElement":[{"@type":"ListItem","position":1,"name":"Portada","item":"https:\/\/yoestudiosalud.es\/fr\/"},{"@type":"ListItem","position":2,"name":"Boutique","item":"https:\/\/yoestudiosalud.es\/fr\/boutique\/"},{"@type":"ListItem","position":3,"name":"TURBINE T2 LED BOOST SIRONA"}]},{"@type":"WebSite","@id":"https:\/\/yoestudiosalud.es\/en\/#website","url":"https:\/\/yoestudiosalud.es\/en\/","name":"yoestudiosalud.es","description":"Material para estudiantes del sector salud","publisher":{"@id":"https:\/\/yoestudiosalud.es\/en\/#organization"},"potentialAction":[{"@type":"SearchAction","target":{"@type":"EntryPoint","urlTemplate":"https:\/\/yoestudiosalud.es\/en\/?s={search_term_string}"},"query-input":{"@type":"PropertyValueSpecification","valueRequired":true,"valueName":"search_term_string"}}],"inLanguage":"fr-FR"},{"@type":"Organization","@id":"https:\/\/yoestudiosalud.es\/en\/#organization","name":"yoestudiosalud.es","url":"https:\/\/yoestudiosalud.es\/en\/","logo":{"@type":"ImageObject","inLanguage":"fr-FR","@id":"https:\/\/yoestudiosalud.es\/en\/#\/schema\/logo\/image\/","url":"https:\/\/yoestudiosalud.es\/wp-content\/uploads\/2020\/04\/logonew-e1698080827687.png","contentUrl":"https:\/\/yoestudiosalud.es\/wp-content\/uploads\/2020\/04\/logonew-e1698080827687.png","width":421,"height":393,"caption":"yoestudiosalud.es"},"image":{"@id":"https:\/\/yoestudiosalud.es\/en\/#\/schema\/logo\/image\/"}}]}},"_links":{"self":[{"href":"https:\/\/yoestudiosalud.es\/fr\/wp-json\/wp\/v2\/product\/33148","targetHints":{"allow":["GET"]}}],"collection":[{"href":"https:\/\/yoestudiosalud.es\/fr\/wp-json\/wp\/v2\/product"}],"about":[{"href":"https:\/\/yoestudiosalud.es\/fr\/wp-json\/wp\/v2\/types\/product"}],"wp:featuredmedia":[{"embeddable":true,"href":"https:\/\/yoestudiosalud.es\/fr\/wp-json\/wp\/v2\/media\/32502"}],"wp:attachment":[{"href":"https:\/\/yoestudiosalud.es\/fr\/wp-json\/wp\/v2\/media?parent=33148"}],"wp:term":[{"taxonomy":"product_brand","embeddable":true,"href":"https:\/\/yoestudiosalud.es\/fr\/wp-json\/wp\/v2\/product_brand?post=33148"},{"taxonomy":"product_cat","embeddable":true,"href":"https:\/\/yoestudiosalud.es\/fr\/wp-json\/wp\/v2\/product_cat?post=33148"},{"taxonomy":"product_tag","embeddable":true,"href":"https:\/\/yoestudiosalud.es\/fr\/wp-json\/wp\/v2\/product_tag?post=33148"}],"curies":[{"name":"wp","href":"https:\/\/api.w.org\/{rel}","templated":true}]}}