{"id":33145,"date":"2021-10-18T15:30:56","date_gmt":"2021-10-18T15:30:56","guid":{"rendered":"https:\/\/yoestudiosalud.es\/producto\/turbina-t3-racer-midwest-sirona-2\/"},"modified":"2025-07-02T11:21:17","modified_gmt":"2025-07-02T09:21:17","slug":"turbina-t3-racer-midwest-sirona-2","status":"publish","type":"product","link":"https:\/\/yoestudiosalud.es\/fr\/produit\/turbina-t3-racer-midwest-sirona-2\/","title":{"rendered":"TURBINE T3 RACER MIDWEST SIRONA"},"content":{"rendered":"<p>Turbine T3 Racer Midwest Dentsply Sirona. La stabilit\u00e9 \u00e0 long terme de ses mat\u00e9riaux conf\u00e8re aux turbines Midwest T3 \u00e0 connexion fixe une r\u00e9sistance et une robustesse \u00e0 long terme. La turbine de pulv\u00e9risation \u00e0 4 buses est particuli\u00e8rement silencieuse et le bo\u00eetier de haute qualit\u00e9 est facile \u00e0 nettoyer.<\/p>\n","protected":false},"excerpt":{"rendered":"<p>Turbine T3 Racer Midwest Dentsply Sirona. La stabilit\u00e9 \u00e0 long terme de ses mat\u00e9riaux conf\u00e8re aux turbines Midwest T3 \u00e0 connexion fixe une r\u00e9sistance et une robustesse \u00e0 long terme<\/p>\n","protected":false},"featured_media":32504,"template":"","meta":[],"product_brand":[],"product_cat":[713],"product_tag":[],"class_list":{"0":"post-33145","1":"product","2":"type-product","3":"status-publish","4":"has-post-thumbnail","6":"product_cat-rotatif-fr","7":"pa_formacion-odontologia-fr","9":"first","10":"onbackorder","11":"taxable","12":"shipping-taxable","13":"purchasable","14":"product-type-simple"},"yoast_head":"<!-- This site is optimized with the Yoast SEO Premium plugin v27.0 (Yoast SEO v27.4) - https:\/\/yoast.com\/product\/yoast-seo-premium-wordpress\/ -->\n<title>TURBINE T3 RACER MIDWEST SIRONA - yoestudiosalud.es<\/title>\n<meta name=\"description\" content=\"Turbine T3 Racer Midwest Dentsply Sirona. La stabilit\u00e9 \u00e0 long terme de ses mat\u00e9riaux conf\u00e8re aux turbines Midwest T3 \u00e0 connexion fixe une r\u00e9sistance\" \/>\n<meta name=\"robots\" content=\"index, follow, max-snippet:-1, max-image-preview:large, max-video-preview:-1\" \/>\n<link rel=\"canonical\" href=\"https:\/\/yoestudiosalud.es\/produit\/turbina-t3-racer-midwest-sirona\/\" \/>\n<meta property=\"og:locale\" content=\"fr_FR\" \/>\n<meta property=\"og:type\" content=\"article\" \/>\n<meta property=\"og:title\" content=\"TURBINE T3 RACER MIDWEST SIRONA\" \/>\n<meta property=\"og:description\" content=\"Turbine T3 Racer Midwest Dentsply Sirona. La stabilit\u00e9 \u00e0 long terme de ses mat\u00e9riaux conf\u00e8re aux turbines Midwest T3 \u00e0 connexion fixe une r\u00e9sistance\" \/>\n<meta property=\"og:url\" content=\"https:\/\/yoestudiosalud.es\/produit\/turbina-t3-racer-midwest-sirona\/\" \/>\n<meta property=\"og:site_name\" content=\"yoestudiosalud.es\" \/>\n<meta property=\"article:modified_time\" content=\"2025-07-02T09:21:17+00:00\" \/>\n<meta property=\"og:image\" content=\"https:\/\/yoestudiosalud.es\/wp-content\/uploads\/2021\/10\/001320.jpg\" \/>\n\t<meta property=\"og:image:width\" content=\"650\" \/>\n\t<meta property=\"og:image:height\" content=\"650\" \/>\n\t<meta property=\"og:image:type\" content=\"image\/jpeg\" \/>\n<meta name=\"twitter:card\" content=\"summary_large_image\" \/>\n<script type=\"application\/ld+json\" class=\"yoast-schema-graph\">{\"@context\":\"https:\\\/\\\/schema.org\",\"@graph\":[{\"@type\":\"WebPage\",\"@id\":\"https:\\\/\\\/yoestudiosalud.es\\\/produit\\\/turbina-t3-racer-midwest-sirona\\\/\",\"url\":\"https:\\\/\\\/yoestudiosalud.es\\\/produit\\\/turbina-t3-racer-midwest-sirona\\\/\",\"name\":\"TURBINE T3 RACER MIDWEST SIRONA - yoestudiosalud.es\",\"isPartOf\":{\"@id\":\"https:\\\/\\\/yoestudiosalud.es\\\/en\\\/#website\"},\"primaryImageOfPage\":{\"@id\":\"https:\\\/\\\/yoestudiosalud.es\\\/produit\\\/turbina-t3-racer-midwest-sirona\\\/#primaryimage\"},\"image\":{\"@id\":\"https:\\\/\\\/yoestudiosalud.es\\\/produit\\\/turbina-t3-racer-midwest-sirona\\\/#primaryimage\"},\"thumbnailUrl\":\"https:\\\/\\\/yoestudiosalud.es\\\/wp-content\\\/uploads\\\/2021\\\/10\\\/001320.jpg\",\"datePublished\":\"2021-10-18T15:30:56+00:00\",\"dateModified\":\"2025-07-02T09:21:17+00:00\",\"description\":\"Turbine T3 Racer Midwest Dentsply Sirona. La stabilit\u00e9 \u00e0 long terme de ses mat\u00e9riaux conf\u00e8re aux turbines Midwest T3 \u00e0 connexion fixe une r\u00e9sistance\",\"breadcrumb\":{\"@id\":\"https:\\\/\\\/yoestudiosalud.es\\\/produit\\\/turbina-t3-racer-midwest-sirona\\\/#breadcrumb\"},\"inLanguage\":\"fr-FR\",\"potentialAction\":[{\"@type\":\"ReadAction\",\"target\":[\"https:\\\/\\\/yoestudiosalud.es\\\/produit\\\/turbina-t3-racer-midwest-sirona\\\/\"]}]},{\"@type\":\"ImageObject\",\"inLanguage\":\"fr-FR\",\"@id\":\"https:\\\/\\\/yoestudiosalud.es\\\/produit\\\/turbina-t3-racer-midwest-sirona\\\/#primaryimage\",\"url\":\"https:\\\/\\\/yoestudiosalud.es\\\/wp-content\\\/uploads\\\/2021\\\/10\\\/001320.jpg\",\"contentUrl\":\"https:\\\/\\\/yoestudiosalud.es\\\/wp-content\\\/uploads\\\/2021\\\/10\\\/001320.jpg\",\"width\":650,\"height\":650,\"caption\":\"TURBINE T3 RACER MIDWEST SIRONA\"},{\"@type\":\"BreadcrumbList\",\"@id\":\"https:\\\/\\\/yoestudiosalud.es\\\/produit\\\/turbina-t3-racer-midwest-sirona\\\/#breadcrumb\",\"itemListElement\":[{\"@type\":\"ListItem\",\"position\":1,\"name\":\"Portada\",\"item\":\"https:\\\/\\\/yoestudiosalud.es\\\/fr\\\/\"},{\"@type\":\"ListItem\",\"position\":2,\"name\":\"Boutique\",\"item\":\"https:\\\/\\\/yoestudiosalud.es\\\/fr\\\/boutique\\\/\"},{\"@type\":\"ListItem\",\"position\":3,\"name\":\"TURBINE T3 RACER MIDWEST SIRONA\"}]},{\"@type\":\"WebSite\",\"@id\":\"https:\\\/\\\/yoestudiosalud.es\\\/en\\\/#website\",\"url\":\"https:\\\/\\\/yoestudiosalud.es\\\/en\\\/\",\"name\":\"yoestudiosalud.es\",\"description\":\"Material para estudiantes del sector salud\",\"publisher\":{\"@id\":\"https:\\\/\\\/yoestudiosalud.es\\\/en\\\/#organization\"},\"potentialAction\":[{\"@type\":\"SearchAction\",\"target\":{\"@type\":\"EntryPoint\",\"urlTemplate\":\"https:\\\/\\\/yoestudiosalud.es\\\/en\\\/?s={search_term_string}\"},\"query-input\":{\"@type\":\"PropertyValueSpecification\",\"valueRequired\":true,\"valueName\":\"search_term_string\"}}],\"inLanguage\":\"fr-FR\"},{\"@type\":\"Organization\",\"@id\":\"https:\\\/\\\/yoestudiosalud.es\\\/en\\\/#organization\",\"name\":\"yoestudiosalud.es\",\"url\":\"https:\\\/\\\/yoestudiosalud.es\\\/en\\\/\",\"logo\":{\"@type\":\"ImageObject\",\"inLanguage\":\"fr-FR\",\"@id\":\"https:\\\/\\\/yoestudiosalud.es\\\/en\\\/#\\\/schema\\\/logo\\\/image\\\/\",\"url\":\"https:\\\/\\\/yoestudiosalud.es\\\/wp-content\\\/uploads\\\/2020\\\/04\\\/logonew-e1698080827687.png\",\"contentUrl\":\"https:\\\/\\\/yoestudiosalud.es\\\/wp-content\\\/uploads\\\/2020\\\/04\\\/logonew-e1698080827687.png\",\"width\":421,\"height\":393,\"caption\":\"yoestudiosalud.es\"},\"image\":{\"@id\":\"https:\\\/\\\/yoestudiosalud.es\\\/en\\\/#\\\/schema\\\/logo\\\/image\\\/\"}}]}<\/script>\n<!-- \/ Yoast SEO Premium plugin. -->","yoast_head_json":{"title":"TURBINE T3 RACER MIDWEST SIRONA - yoestudiosalud.es","description":"Turbine T3 Racer Midwest Dentsply Sirona. La stabilit\u00e9 \u00e0 long terme de ses mat\u00e9riaux conf\u00e8re aux turbines Midwest T3 \u00e0 connexion fixe une r\u00e9sistance","robots":{"index":"index","follow":"follow","max-snippet":"max-snippet:-1","max-image-preview":"max-image-preview:large","max-video-preview":"max-video-preview:-1"},"canonical":"https:\/\/yoestudiosalud.es\/produit\/turbina-t3-racer-midwest-sirona\/","og_locale":"fr_FR","og_type":"article","og_title":"TURBINE T3 RACER MIDWEST SIRONA","og_description":"Turbine T3 Racer Midwest Dentsply Sirona. La stabilit\u00e9 \u00e0 long terme de ses mat\u00e9riaux conf\u00e8re aux turbines Midwest T3 \u00e0 connexion fixe une r\u00e9sistance","og_url":"https:\/\/yoestudiosalud.es\/produit\/turbina-t3-racer-midwest-sirona\/","og_site_name":"yoestudiosalud.es","article_modified_time":"2025-07-02T09:21:17+00:00","og_image":[{"width":650,"height":650,"url":"https:\/\/yoestudiosalud.es\/wp-content\/uploads\/2021\/10\/001320.jpg","type":"image\/jpeg"}],"twitter_card":"summary_large_image","schema":{"@context":"https:\/\/schema.org","@graph":[{"@type":"WebPage","@id":"https:\/\/yoestudiosalud.es\/produit\/turbina-t3-racer-midwest-sirona\/","url":"https:\/\/yoestudiosalud.es\/produit\/turbina-t3-racer-midwest-sirona\/","name":"TURBINE T3 RACER MIDWEST SIRONA - yoestudiosalud.es","isPartOf":{"@id":"https:\/\/yoestudiosalud.es\/en\/#website"},"primaryImageOfPage":{"@id":"https:\/\/yoestudiosalud.es\/produit\/turbina-t3-racer-midwest-sirona\/#primaryimage"},"image":{"@id":"https:\/\/yoestudiosalud.es\/produit\/turbina-t3-racer-midwest-sirona\/#primaryimage"},"thumbnailUrl":"https:\/\/yoestudiosalud.es\/wp-content\/uploads\/2021\/10\/001320.jpg","datePublished":"2021-10-18T15:30:56+00:00","dateModified":"2025-07-02T09:21:17+00:00","description":"Turbine T3 Racer Midwest Dentsply Sirona. La stabilit\u00e9 \u00e0 long terme de ses mat\u00e9riaux conf\u00e8re aux turbines Midwest T3 \u00e0 connexion fixe une r\u00e9sistance","breadcrumb":{"@id":"https:\/\/yoestudiosalud.es\/produit\/turbina-t3-racer-midwest-sirona\/#breadcrumb"},"inLanguage":"fr-FR","potentialAction":[{"@type":"ReadAction","target":["https:\/\/yoestudiosalud.es\/produit\/turbina-t3-racer-midwest-sirona\/"]}]},{"@type":"ImageObject","inLanguage":"fr-FR","@id":"https:\/\/yoestudiosalud.es\/produit\/turbina-t3-racer-midwest-sirona\/#primaryimage","url":"https:\/\/yoestudiosalud.es\/wp-content\/uploads\/2021\/10\/001320.jpg","contentUrl":"https:\/\/yoestudiosalud.es\/wp-content\/uploads\/2021\/10\/001320.jpg","width":650,"height":650,"caption":"TURBINE T3 RACER MIDWEST SIRONA"},{"@type":"BreadcrumbList","@id":"https:\/\/yoestudiosalud.es\/produit\/turbina-t3-racer-midwest-sirona\/#breadcrumb","itemListElement":[{"@type":"ListItem","position":1,"name":"Portada","item":"https:\/\/yoestudiosalud.es\/fr\/"},{"@type":"ListItem","position":2,"name":"Boutique","item":"https:\/\/yoestudiosalud.es\/fr\/boutique\/"},{"@type":"ListItem","position":3,"name":"TURBINE T3 RACER MIDWEST SIRONA"}]},{"@type":"WebSite","@id":"https:\/\/yoestudiosalud.es\/en\/#website","url":"https:\/\/yoestudiosalud.es\/en\/","name":"yoestudiosalud.es","description":"Material para estudiantes del sector salud","publisher":{"@id":"https:\/\/yoestudiosalud.es\/en\/#organization"},"potentialAction":[{"@type":"SearchAction","target":{"@type":"EntryPoint","urlTemplate":"https:\/\/yoestudiosalud.es\/en\/?s={search_term_string}"},"query-input":{"@type":"PropertyValueSpecification","valueRequired":true,"valueName":"search_term_string"}}],"inLanguage":"fr-FR"},{"@type":"Organization","@id":"https:\/\/yoestudiosalud.es\/en\/#organization","name":"yoestudiosalud.es","url":"https:\/\/yoestudiosalud.es\/en\/","logo":{"@type":"ImageObject","inLanguage":"fr-FR","@id":"https:\/\/yoestudiosalud.es\/en\/#\/schema\/logo\/image\/","url":"https:\/\/yoestudiosalud.es\/wp-content\/uploads\/2020\/04\/logonew-e1698080827687.png","contentUrl":"https:\/\/yoestudiosalud.es\/wp-content\/uploads\/2020\/04\/logonew-e1698080827687.png","width":421,"height":393,"caption":"yoestudiosalud.es"},"image":{"@id":"https:\/\/yoestudiosalud.es\/en\/#\/schema\/logo\/image\/"}}]}},"_links":{"self":[{"href":"https:\/\/yoestudiosalud.es\/fr\/wp-json\/wp\/v2\/product\/33145","targetHints":{"allow":["GET"]}}],"collection":[{"href":"https:\/\/yoestudiosalud.es\/fr\/wp-json\/wp\/v2\/product"}],"about":[{"href":"https:\/\/yoestudiosalud.es\/fr\/wp-json\/wp\/v2\/types\/product"}],"wp:featuredmedia":[{"embeddable":true,"href":"https:\/\/yoestudiosalud.es\/fr\/wp-json\/wp\/v2\/media\/32504"}],"wp:attachment":[{"href":"https:\/\/yoestudiosalud.es\/fr\/wp-json\/wp\/v2\/media?parent=33145"}],"wp:term":[{"taxonomy":"product_brand","embeddable":true,"href":"https:\/\/yoestudiosalud.es\/fr\/wp-json\/wp\/v2\/product_brand?post=33145"},{"taxonomy":"product_cat","embeddable":true,"href":"https:\/\/yoestudiosalud.es\/fr\/wp-json\/wp\/v2\/product_cat?post=33145"},{"taxonomy":"product_tag","embeddable":true,"href":"https:\/\/yoestudiosalud.es\/fr\/wp-json\/wp\/v2\/product_tag?post=33145"}],"curies":[{"name":"wp","href":"https:\/\/api.w.org\/{rel}","templated":true}]}}