{"id":32478,"date":"2020-08-30T11:09:57","date_gmt":"2020-08-30T11:09:57","guid":{"rendered":"https:\/\/yoestudiosalud.es\/producto\/spatule-boule-obturateur-bs2\/"},"modified":"2020-08-30T11:09:57","modified_gmt":"2020-08-30T09:09:57","slug":"spatule-boule-obturateur-bs2","status":"publish","type":"product","link":"https:\/\/yoestudiosalud.es\/fr\/produit\/spatule-boule-obturateur-bs2\/","title":{"rendered":"SPATULE BOULE-OBTURATEUR BS2"},"content":{"rendered":"<p>La spatule boule-obturateur BS2 de Master est un instrument dentaire utilis\u00e9 pour les obturations dentaires.<\/p>\n<p>Avec ses deux extr\u00e9mit\u00e9s, il permet de r\u00e9aliser plusieurs fonctions avec un seul instrument, son extr\u00e9mit\u00e9 plate en spatule et son extr\u00e9mit\u00e9 en forme de boule pour le processus d&#8217;obturation.<\/p>\n<p>Ce produit est fabriqu\u00e9 par la marque Master Surgical.<\/p>\n<p>La <strong>SPATULE BOULE-OBTURATEUR BS2<\/strong> est n\u00e9cessaire pour les universit\u00e9s suivantes :<\/p>\n<ul>\n<li><strong>UCV UNIVERSIDAD CAT\u00d3LICA VALENCIA<\/strong> pour la deuxi\u00e8me ann\u00e9e de la licence en odontologie.<\/li>\n<li><strong>UCAM UNIVERSIDAD CAT\u00d3LICA DE SAN ANTONIO DE MURCIA<\/strong> pour la deuxi\u00e8me ann\u00e9e de la licence en odontologie.<\/li>\n<\/ul>\n","protected":false},"excerpt":{"rendered":"<p>La spatule boule-obturateur BS2 de Master est un instrument dentaire utilis\u00e9 pour les obturations dentaires.<\/p>\n","protected":false},"featured_media":32479,"template":"","meta":[],"product_brand":[],"product_cat":[669],"product_tag":[679,682],"class_list":{"0":"post-32478","1":"product","2":"type-product","3":"status-publish","4":"has-post-thumbnail","6":"product_cat-general-fr","7":"product_tag-ceusp2-fr","8":"product_tag-ucv2","9":"pa_formacion-odontologia-fr","11":"first","12":"instock","13":"sale","14":"taxable","15":"shipping-taxable","16":"purchasable","17":"product-type-simple"},"yoast_head":"<!-- This site is optimized with the Yoast SEO Premium plugin v27.0 (Yoast SEO v27.4) - https:\/\/yoast.com\/product\/yoast-seo-premium-wordpress\/ -->\n<title>Esp\u00e1tula Bola-obturador BS2 para estudiantes | yoestudiosalud.es<\/title>\n<meta name=\"description\" content=\"La esp\u00e1tula Bola-obturador BS2 de Master es un instrumento odontol\u00f3gico que se utiliza para obturaciones dentales. P\u00eddelo en Nuestra Tienda Online!!!!\" \/>\n<meta name=\"robots\" content=\"index, follow, max-snippet:-1, max-image-preview:large, max-video-preview:-1\" \/>\n<link rel=\"canonical\" href=\"https:\/\/yoestudiosalud.es\/produit\/espatula-bola-obturador-bs2\/\" \/>\n<meta property=\"og:locale\" content=\"fr_FR\" \/>\n<meta property=\"og:type\" content=\"article\" \/>\n<meta property=\"og:title\" content=\"SPATULE BOULE-OBTURATEUR BS2\" \/>\n<meta property=\"og:description\" content=\"La esp\u00e1tula Bola-obturador BS2 de Master es un instrumento odontol\u00f3gico que se utiliza para obturaciones dentales. P\u00eddelo en Nuestra Tienda Online!!!!\" \/>\n<meta property=\"og:url\" content=\"https:\/\/yoestudiosalud.es\/produit\/espatula-bola-obturador-bs2\/\" \/>\n<meta property=\"og:site_name\" content=\"yoestudiosalud.es\" \/>\n<meta property=\"og:image\" content=\"https:\/\/yoestudiosalud.es\/wp-content\/uploads\/2020\/08\/003308.jpg\" \/>\n\t<meta property=\"og:image:width\" content=\"650\" \/>\n\t<meta property=\"og:image:height\" content=\"650\" \/>\n\t<meta property=\"og:image:type\" content=\"image\/jpeg\" \/>\n<meta name=\"twitter:card\" content=\"summary_large_image\" \/>\n<meta name=\"twitter:label1\" content=\"Dur\u00e9e de lecture estim\u00e9e\" \/>\n\t<meta name=\"twitter:data1\" content=\"1 minute\" \/>\n<script type=\"application\/ld+json\" class=\"yoast-schema-graph\">{\"@context\":\"https:\\\/\\\/schema.org\",\"@graph\":[{\"@type\":\"WebPage\",\"@id\":\"https:\\\/\\\/yoestudiosalud.es\\\/produit\\\/espatula-bola-obturador-bs2\\\/\",\"url\":\"https:\\\/\\\/yoestudiosalud.es\\\/produit\\\/espatula-bola-obturador-bs2\\\/\",\"name\":\"Esp\u00e1tula Bola-obturador BS2 para estudiantes | yoestudiosalud.es\",\"isPartOf\":{\"@id\":\"https:\\\/\\\/yoestudiosalud.es\\\/en\\\/#website\"},\"primaryImageOfPage\":{\"@id\":\"https:\\\/\\\/yoestudiosalud.es\\\/produit\\\/espatula-bola-obturador-bs2\\\/#primaryimage\"},\"image\":{\"@id\":\"https:\\\/\\\/yoestudiosalud.es\\\/produit\\\/espatula-bola-obturador-bs2\\\/#primaryimage\"},\"thumbnailUrl\":\"https:\\\/\\\/yoestudiosalud.es\\\/wp-content\\\/uploads\\\/2020\\\/08\\\/003308.jpg\",\"datePublished\":\"2020-08-30T11:09:57+00:00\",\"description\":\"La esp\u00e1tula Bola-obturador BS2 de Master es un instrumento odontol\u00f3gico que se utiliza para obturaciones dentales. P\u00eddelo en Nuestra Tienda Online!!!!\",\"breadcrumb\":{\"@id\":\"https:\\\/\\\/yoestudiosalud.es\\\/produit\\\/espatula-bola-obturador-bs2\\\/#breadcrumb\"},\"inLanguage\":\"fr-FR\",\"potentialAction\":[{\"@type\":\"ReadAction\",\"target\":[\"https:\\\/\\\/yoestudiosalud.es\\\/produit\\\/espatula-bola-obturador-bs2\\\/\"]}]},{\"@type\":\"ImageObject\",\"inLanguage\":\"fr-FR\",\"@id\":\"https:\\\/\\\/yoestudiosalud.es\\\/produit\\\/espatula-bola-obturador-bs2\\\/#primaryimage\",\"url\":\"https:\\\/\\\/yoestudiosalud.es\\\/wp-content\\\/uploads\\\/2020\\\/08\\\/003308.jpg\",\"contentUrl\":\"https:\\\/\\\/yoestudiosalud.es\\\/wp-content\\\/uploads\\\/2020\\\/08\\\/003308.jpg\",\"width\":650,\"height\":650},{\"@type\":\"BreadcrumbList\",\"@id\":\"https:\\\/\\\/yoestudiosalud.es\\\/produit\\\/espatula-bola-obturador-bs2\\\/#breadcrumb\",\"itemListElement\":[{\"@type\":\"ListItem\",\"position\":1,\"name\":\"Portada\",\"item\":\"https:\\\/\\\/yoestudiosalud.es\\\/fr\\\/\"},{\"@type\":\"ListItem\",\"position\":2,\"name\":\"Boutique\",\"item\":\"https:\\\/\\\/yoestudiosalud.es\\\/fr\\\/boutique\\\/\"},{\"@type\":\"ListItem\",\"position\":3,\"name\":\"SPATULE BOULE-OBTURATEUR BS2\"}]},{\"@type\":\"WebSite\",\"@id\":\"https:\\\/\\\/yoestudiosalud.es\\\/en\\\/#website\",\"url\":\"https:\\\/\\\/yoestudiosalud.es\\\/en\\\/\",\"name\":\"yoestudiosalud.es\",\"description\":\"Material para estudiantes del sector salud\",\"publisher\":{\"@id\":\"https:\\\/\\\/yoestudiosalud.es\\\/en\\\/#organization\"},\"potentialAction\":[{\"@type\":\"SearchAction\",\"target\":{\"@type\":\"EntryPoint\",\"urlTemplate\":\"https:\\\/\\\/yoestudiosalud.es\\\/en\\\/?s={search_term_string}\"},\"query-input\":{\"@type\":\"PropertyValueSpecification\",\"valueRequired\":true,\"valueName\":\"search_term_string\"}}],\"inLanguage\":\"fr-FR\"},{\"@type\":\"Organization\",\"@id\":\"https:\\\/\\\/yoestudiosalud.es\\\/en\\\/#organization\",\"name\":\"yoestudiosalud.es\",\"url\":\"https:\\\/\\\/yoestudiosalud.es\\\/en\\\/\",\"logo\":{\"@type\":\"ImageObject\",\"inLanguage\":\"fr-FR\",\"@id\":\"https:\\\/\\\/yoestudiosalud.es\\\/en\\\/#\\\/schema\\\/logo\\\/image\\\/\",\"url\":\"https:\\\/\\\/yoestudiosalud.es\\\/wp-content\\\/uploads\\\/2020\\\/04\\\/logonew-e1698080827687.png\",\"contentUrl\":\"https:\\\/\\\/yoestudiosalud.es\\\/wp-content\\\/uploads\\\/2020\\\/04\\\/logonew-e1698080827687.png\",\"width\":421,\"height\":393,\"caption\":\"yoestudiosalud.es\"},\"image\":{\"@id\":\"https:\\\/\\\/yoestudiosalud.es\\\/en\\\/#\\\/schema\\\/logo\\\/image\\\/\"}}]}<\/script>\n<!-- \/ Yoast SEO Premium plugin. -->","yoast_head_json":{"title":"Esp\u00e1tula Bola-obturador BS2 para estudiantes | yoestudiosalud.es","description":"La esp\u00e1tula Bola-obturador BS2 de Master es un instrumento odontol\u00f3gico que se utiliza para obturaciones dentales. P\u00eddelo en Nuestra Tienda Online!!!!","robots":{"index":"index","follow":"follow","max-snippet":"max-snippet:-1","max-image-preview":"max-image-preview:large","max-video-preview":"max-video-preview:-1"},"canonical":"https:\/\/yoestudiosalud.es\/produit\/espatula-bola-obturador-bs2\/","og_locale":"fr_FR","og_type":"article","og_title":"SPATULE BOULE-OBTURATEUR BS2","og_description":"La esp\u00e1tula Bola-obturador BS2 de Master es un instrumento odontol\u00f3gico que se utiliza para obturaciones dentales. P\u00eddelo en Nuestra Tienda Online!!!!","og_url":"https:\/\/yoestudiosalud.es\/produit\/espatula-bola-obturador-bs2\/","og_site_name":"yoestudiosalud.es","og_image":[{"width":650,"height":650,"url":"https:\/\/yoestudiosalud.es\/wp-content\/uploads\/2020\/08\/003308.jpg","type":"image\/jpeg"}],"twitter_card":"summary_large_image","twitter_misc":{"Dur\u00e9e de lecture estim\u00e9e":"1 minute"},"schema":{"@context":"https:\/\/schema.org","@graph":[{"@type":"WebPage","@id":"https:\/\/yoestudiosalud.es\/produit\/espatula-bola-obturador-bs2\/","url":"https:\/\/yoestudiosalud.es\/produit\/espatula-bola-obturador-bs2\/","name":"Esp\u00e1tula Bola-obturador BS2 para estudiantes | yoestudiosalud.es","isPartOf":{"@id":"https:\/\/yoestudiosalud.es\/en\/#website"},"primaryImageOfPage":{"@id":"https:\/\/yoestudiosalud.es\/produit\/espatula-bola-obturador-bs2\/#primaryimage"},"image":{"@id":"https:\/\/yoestudiosalud.es\/produit\/espatula-bola-obturador-bs2\/#primaryimage"},"thumbnailUrl":"https:\/\/yoestudiosalud.es\/wp-content\/uploads\/2020\/08\/003308.jpg","datePublished":"2020-08-30T11:09:57+00:00","description":"La esp\u00e1tula Bola-obturador BS2 de Master es un instrumento odontol\u00f3gico que se utiliza para obturaciones dentales. P\u00eddelo en Nuestra Tienda Online!!!!","breadcrumb":{"@id":"https:\/\/yoestudiosalud.es\/produit\/espatula-bola-obturador-bs2\/#breadcrumb"},"inLanguage":"fr-FR","potentialAction":[{"@type":"ReadAction","target":["https:\/\/yoestudiosalud.es\/produit\/espatula-bola-obturador-bs2\/"]}]},{"@type":"ImageObject","inLanguage":"fr-FR","@id":"https:\/\/yoestudiosalud.es\/produit\/espatula-bola-obturador-bs2\/#primaryimage","url":"https:\/\/yoestudiosalud.es\/wp-content\/uploads\/2020\/08\/003308.jpg","contentUrl":"https:\/\/yoestudiosalud.es\/wp-content\/uploads\/2020\/08\/003308.jpg","width":650,"height":650},{"@type":"BreadcrumbList","@id":"https:\/\/yoestudiosalud.es\/produit\/espatula-bola-obturador-bs2\/#breadcrumb","itemListElement":[{"@type":"ListItem","position":1,"name":"Portada","item":"https:\/\/yoestudiosalud.es\/fr\/"},{"@type":"ListItem","position":2,"name":"Boutique","item":"https:\/\/yoestudiosalud.es\/fr\/boutique\/"},{"@type":"ListItem","position":3,"name":"SPATULE BOULE-OBTURATEUR BS2"}]},{"@type":"WebSite","@id":"https:\/\/yoestudiosalud.es\/en\/#website","url":"https:\/\/yoestudiosalud.es\/en\/","name":"yoestudiosalud.es","description":"Material para estudiantes del sector salud","publisher":{"@id":"https:\/\/yoestudiosalud.es\/en\/#organization"},"potentialAction":[{"@type":"SearchAction","target":{"@type":"EntryPoint","urlTemplate":"https:\/\/yoestudiosalud.es\/en\/?s={search_term_string}"},"query-input":{"@type":"PropertyValueSpecification","valueRequired":true,"valueName":"search_term_string"}}],"inLanguage":"fr-FR"},{"@type":"Organization","@id":"https:\/\/yoestudiosalud.es\/en\/#organization","name":"yoestudiosalud.es","url":"https:\/\/yoestudiosalud.es\/en\/","logo":{"@type":"ImageObject","inLanguage":"fr-FR","@id":"https:\/\/yoestudiosalud.es\/en\/#\/schema\/logo\/image\/","url":"https:\/\/yoestudiosalud.es\/wp-content\/uploads\/2020\/04\/logonew-e1698080827687.png","contentUrl":"https:\/\/yoestudiosalud.es\/wp-content\/uploads\/2020\/04\/logonew-e1698080827687.png","width":421,"height":393,"caption":"yoestudiosalud.es"},"image":{"@id":"https:\/\/yoestudiosalud.es\/en\/#\/schema\/logo\/image\/"}}]}},"_links":{"self":[{"href":"https:\/\/yoestudiosalud.es\/fr\/wp-json\/wp\/v2\/product\/32478","targetHints":{"allow":["GET"]}}],"collection":[{"href":"https:\/\/yoestudiosalud.es\/fr\/wp-json\/wp\/v2\/product"}],"about":[{"href":"https:\/\/yoestudiosalud.es\/fr\/wp-json\/wp\/v2\/types\/product"}],"wp:featuredmedia":[{"embeddable":true,"href":"https:\/\/yoestudiosalud.es\/fr\/wp-json\/wp\/v2\/media\/32479"}],"wp:attachment":[{"href":"https:\/\/yoestudiosalud.es\/fr\/wp-json\/wp\/v2\/media?parent=32478"}],"wp:term":[{"taxonomy":"product_brand","embeddable":true,"href":"https:\/\/yoestudiosalud.es\/fr\/wp-json\/wp\/v2\/product_brand?post=32478"},{"taxonomy":"product_cat","embeddable":true,"href":"https:\/\/yoestudiosalud.es\/fr\/wp-json\/wp\/v2\/product_cat?post=32478"},{"taxonomy":"product_tag","embeddable":true,"href":"https:\/\/yoestudiosalud.es\/fr\/wp-json\/wp\/v2\/product_tag?post=32478"}],"curies":[{"name":"wp","href":"https:\/\/api.w.org\/{rel}","templated":true}]}}