{"id":32472,"date":"2020-08-26T07:53:18","date_gmt":"2020-08-26T07:53:18","guid":{"rendered":"https:\/\/yoestudiosalud.es\/producto\/sonde-oms-cp11-5b\/"},"modified":"2020-08-26T07:53:18","modified_gmt":"2020-08-26T05:53:18","slug":"sonde-oms-cp11-5b","status":"publish","type":"product","link":"https:\/\/yoestudiosalud.es\/fr\/produit\/sonde-oms-cp11-5b\/","title":{"rendered":"Sonde OMS CP11.5B"},"content":{"rendered":"<p>Sonde parodontale OMS CP11.5B pour mesurer la perte d\u2019attache dentaire. \u00c0 son extr\u00e9mit\u00e9, elle poss\u00e8de une petite boule de 0,5 mm de diam\u00e8tre, et sur la partie centrale de sa zone active, une bande noire indique une calibration \u00e0 deux longueurs : 3,5 mm au d\u00e9but et 5,5 mm \u00e0 l\u2019extr\u00e9mit\u00e9 distale.<\/p>\n","protected":false},"excerpt":{"rendered":"<p>Sonde parodontale OMS CP11.5B pour mesurer la perte d\u2019attache dentaire. \u00c0 son extr\u00e9mit\u00e9, elle poss\u00e8de une petite boule de 0,5 mm de diam\u00e8tre, et sur la partie centrale de sa zone active, une bande noire indique une calibration \u00e0 deux longueurs : 3,5 mm au d\u00e9but et 5,5 mm \u00e0 l\u2019extr\u00e9mit\u00e9 distale.<\/p>\n","protected":false},"featured_media":32473,"template":"","meta":[],"product_brand":[],"product_cat":[712],"product_tag":[689],"class_list":{"0":"post-32472","1":"product","2":"type-product","3":"status-publish","4":"has-post-thumbnail","6":"product_cat-periodontie-fr","7":"product_tag-ucv3","8":"pa_formacion-odontologia-fr","10":"first","11":"instock","12":"sale","13":"taxable","14":"shipping-taxable","15":"purchasable","16":"product-type-simple"},"yoast_head":"<!-- This site is optimized with the Yoast SEO Premium plugin v27.0 (Yoast SEO v27.2) - https:\/\/yoast.com\/product\/yoast-seo-premium-wordpress\/ -->\n<title>Sonde OMS CP11.5B - yoestudiosalud.es dep\u00f3sito dental<\/title>\n<meta name=\"description\" content=\"Sonda Periodontal OMS CP11.5B para Medir la P\u00e9rdida de Inserci\u00f3n del Diente. En su Extremo Tiene una Bolita de 0.5 mm. de Di\u00e1metro.\" \/>\n<meta name=\"robots\" content=\"index, follow, max-snippet:-1, max-image-preview:large, max-video-preview:-1\" \/>\n<link rel=\"canonical\" href=\"https:\/\/yoestudiosalud.es\/produit\/sonda-oms-cp11-5b\/\" \/>\n<meta property=\"og:locale\" content=\"fr_FR\" \/>\n<meta property=\"og:type\" content=\"article\" \/>\n<meta property=\"og:title\" content=\"Sonde OMS CP11.5B\" \/>\n<meta property=\"og:description\" content=\"Sonda Periodontal OMS CP11.5B para Medir la P\u00e9rdida de Inserci\u00f3n del Diente. En su Extremo Tiene una Bolita de 0.5 mm. de Di\u00e1metro.\" \/>\n<meta property=\"og:url\" content=\"https:\/\/yoestudiosalud.es\/produit\/sonda-oms-cp11-5b\/\" \/>\n<meta property=\"og:site_name\" content=\"yoestudiosalud.es\" \/>\n<meta property=\"og:image\" content=\"https:\/\/yoestudiosalud.es\/wp-content\/uploads\/2020\/08\/002817.jpg\" \/>\n\t<meta property=\"og:image:width\" content=\"650\" \/>\n\t<meta property=\"og:image:height\" content=\"650\" \/>\n\t<meta property=\"og:image:type\" content=\"image\/jpeg\" \/>\n<meta name=\"twitter:card\" content=\"summary_large_image\" \/>\n<script type=\"application\/ld+json\" class=\"yoast-schema-graph\">{\"@context\":\"https:\/\/schema.org\",\"@graph\":[{\"@type\":\"WebPage\",\"@id\":\"https:\/\/yoestudiosalud.es\/produit\/sonda-oms-cp11-5b\/\",\"url\":\"https:\/\/yoestudiosalud.es\/produit\/sonda-oms-cp11-5b\/\",\"name\":\"Sonde OMS CP11.5B - yoestudiosalud.es dep\u00f3sito dental\",\"isPartOf\":{\"@id\":\"https:\/\/yoestudiosalud.es\/en\/#website\"},\"primaryImageOfPage\":{\"@id\":\"https:\/\/yoestudiosalud.es\/produit\/sonda-oms-cp11-5b\/#primaryimage\"},\"image\":{\"@id\":\"https:\/\/yoestudiosalud.es\/produit\/sonda-oms-cp11-5b\/#primaryimage\"},\"thumbnailUrl\":\"https:\/\/yoestudiosalud.es\/wp-content\/uploads\/2020\/08\/002817.jpg\",\"datePublished\":\"2020-08-26T07:53:18+00:00\",\"description\":\"Sonda Periodontal OMS CP11.5B para Medir la P\u00e9rdida de Inserci\u00f3n del Diente. En su Extremo Tiene una Bolita de 0.5 mm. de Di\u00e1metro.\",\"breadcrumb\":{\"@id\":\"https:\/\/yoestudiosalud.es\/produit\/sonda-oms-cp11-5b\/#breadcrumb\"},\"inLanguage\":\"fr-FR\",\"potentialAction\":[{\"@type\":\"ReadAction\",\"target\":[\"https:\/\/yoestudiosalud.es\/produit\/sonda-oms-cp11-5b\/\"]}]},{\"@type\":\"ImageObject\",\"inLanguage\":\"fr-FR\",\"@id\":\"https:\/\/yoestudiosalud.es\/produit\/sonda-oms-cp11-5b\/#primaryimage\",\"url\":\"https:\/\/yoestudiosalud.es\/wp-content\/uploads\/2020\/08\/002817.jpg\",\"contentUrl\":\"https:\/\/yoestudiosalud.es\/wp-content\/uploads\/2020\/08\/002817.jpg\",\"width\":650,\"height\":650},{\"@type\":\"BreadcrumbList\",\"@id\":\"https:\/\/yoestudiosalud.es\/produit\/sonda-oms-cp11-5b\/#breadcrumb\",\"itemListElement\":[{\"@type\":\"ListItem\",\"position\":1,\"name\":\"Portada\",\"item\":\"https:\/\/yoestudiosalud.es\/fr\/\"},{\"@type\":\"ListItem\",\"position\":2,\"name\":\"Boutique\",\"item\":\"https:\/\/yoestudiosalud.es\/fr\/boutique\/\"},{\"@type\":\"ListItem\",\"position\":3,\"name\":\"Sonde OMS CP11.5B\"}]},{\"@type\":\"WebSite\",\"@id\":\"https:\/\/yoestudiosalud.es\/en\/#website\",\"url\":\"https:\/\/yoestudiosalud.es\/en\/\",\"name\":\"yoestudiosalud.es\",\"description\":\"Material para estudiantes del sector salud\",\"publisher\":{\"@id\":\"https:\/\/yoestudiosalud.es\/en\/#organization\"},\"potentialAction\":[{\"@type\":\"SearchAction\",\"target\":{\"@type\":\"EntryPoint\",\"urlTemplate\":\"https:\/\/yoestudiosalud.es\/en\/?s={search_term_string}\"},\"query-input\":{\"@type\":\"PropertyValueSpecification\",\"valueRequired\":true,\"valueName\":\"search_term_string\"}}],\"inLanguage\":\"fr-FR\"},{\"@type\":\"Organization\",\"@id\":\"https:\/\/yoestudiosalud.es\/en\/#organization\",\"name\":\"yoestudiosalud.es\",\"url\":\"https:\/\/yoestudiosalud.es\/en\/\",\"logo\":{\"@type\":\"ImageObject\",\"inLanguage\":\"fr-FR\",\"@id\":\"https:\/\/yoestudiosalud.es\/en\/#\/schema\/logo\/image\/\",\"url\":\"https:\/\/yoestudiosalud.es\/wp-content\/uploads\/2020\/04\/logonew-e1698080827687.png\",\"contentUrl\":\"https:\/\/yoestudiosalud.es\/wp-content\/uploads\/2020\/04\/logonew-e1698080827687.png\",\"width\":421,\"height\":393,\"caption\":\"yoestudiosalud.es\"},\"image\":{\"@id\":\"https:\/\/yoestudiosalud.es\/en\/#\/schema\/logo\/image\/\"}}]}<\/script>\n<!-- \/ Yoast SEO Premium plugin. -->","yoast_head_json":{"title":"Sonde OMS CP11.5B - yoestudiosalud.es dep\u00f3sito dental","description":"Sonda Periodontal OMS CP11.5B para Medir la P\u00e9rdida de Inserci\u00f3n del Diente. En su Extremo Tiene una Bolita de 0.5 mm. de Di\u00e1metro.","robots":{"index":"index","follow":"follow","max-snippet":"max-snippet:-1","max-image-preview":"max-image-preview:large","max-video-preview":"max-video-preview:-1"},"canonical":"https:\/\/yoestudiosalud.es\/produit\/sonda-oms-cp11-5b\/","og_locale":"fr_FR","og_type":"article","og_title":"Sonde OMS CP11.5B","og_description":"Sonda Periodontal OMS CP11.5B para Medir la P\u00e9rdida de Inserci\u00f3n del Diente. En su Extremo Tiene una Bolita de 0.5 mm. de Di\u00e1metro.","og_url":"https:\/\/yoestudiosalud.es\/produit\/sonda-oms-cp11-5b\/","og_site_name":"yoestudiosalud.es","og_image":[{"width":650,"height":650,"url":"https:\/\/yoestudiosalud.es\/wp-content\/uploads\/2020\/08\/002817.jpg","type":"image\/jpeg"}],"twitter_card":"summary_large_image","schema":{"@context":"https:\/\/schema.org","@graph":[{"@type":"WebPage","@id":"https:\/\/yoestudiosalud.es\/produit\/sonda-oms-cp11-5b\/","url":"https:\/\/yoestudiosalud.es\/produit\/sonda-oms-cp11-5b\/","name":"Sonde OMS CP11.5B - yoestudiosalud.es dep\u00f3sito dental","isPartOf":{"@id":"https:\/\/yoestudiosalud.es\/en\/#website"},"primaryImageOfPage":{"@id":"https:\/\/yoestudiosalud.es\/produit\/sonda-oms-cp11-5b\/#primaryimage"},"image":{"@id":"https:\/\/yoestudiosalud.es\/produit\/sonda-oms-cp11-5b\/#primaryimage"},"thumbnailUrl":"https:\/\/yoestudiosalud.es\/wp-content\/uploads\/2020\/08\/002817.jpg","datePublished":"2020-08-26T07:53:18+00:00","description":"Sonda Periodontal OMS CP11.5B para Medir la P\u00e9rdida de Inserci\u00f3n del Diente. En su Extremo Tiene una Bolita de 0.5 mm. de Di\u00e1metro.","breadcrumb":{"@id":"https:\/\/yoestudiosalud.es\/produit\/sonda-oms-cp11-5b\/#breadcrumb"},"inLanguage":"fr-FR","potentialAction":[{"@type":"ReadAction","target":["https:\/\/yoestudiosalud.es\/produit\/sonda-oms-cp11-5b\/"]}]},{"@type":"ImageObject","inLanguage":"fr-FR","@id":"https:\/\/yoestudiosalud.es\/produit\/sonda-oms-cp11-5b\/#primaryimage","url":"https:\/\/yoestudiosalud.es\/wp-content\/uploads\/2020\/08\/002817.jpg","contentUrl":"https:\/\/yoestudiosalud.es\/wp-content\/uploads\/2020\/08\/002817.jpg","width":650,"height":650},{"@type":"BreadcrumbList","@id":"https:\/\/yoestudiosalud.es\/produit\/sonda-oms-cp11-5b\/#breadcrumb","itemListElement":[{"@type":"ListItem","position":1,"name":"Portada","item":"https:\/\/yoestudiosalud.es\/fr\/"},{"@type":"ListItem","position":2,"name":"Boutique","item":"https:\/\/yoestudiosalud.es\/fr\/boutique\/"},{"@type":"ListItem","position":3,"name":"Sonde OMS CP11.5B"}]},{"@type":"WebSite","@id":"https:\/\/yoestudiosalud.es\/en\/#website","url":"https:\/\/yoestudiosalud.es\/en\/","name":"yoestudiosalud.es","description":"Material para estudiantes del sector salud","publisher":{"@id":"https:\/\/yoestudiosalud.es\/en\/#organization"},"potentialAction":[{"@type":"SearchAction","target":{"@type":"EntryPoint","urlTemplate":"https:\/\/yoestudiosalud.es\/en\/?s={search_term_string}"},"query-input":{"@type":"PropertyValueSpecification","valueRequired":true,"valueName":"search_term_string"}}],"inLanguage":"fr-FR"},{"@type":"Organization","@id":"https:\/\/yoestudiosalud.es\/en\/#organization","name":"yoestudiosalud.es","url":"https:\/\/yoestudiosalud.es\/en\/","logo":{"@type":"ImageObject","inLanguage":"fr-FR","@id":"https:\/\/yoestudiosalud.es\/en\/#\/schema\/logo\/image\/","url":"https:\/\/yoestudiosalud.es\/wp-content\/uploads\/2020\/04\/logonew-e1698080827687.png","contentUrl":"https:\/\/yoestudiosalud.es\/wp-content\/uploads\/2020\/04\/logonew-e1698080827687.png","width":421,"height":393,"caption":"yoestudiosalud.es"},"image":{"@id":"https:\/\/yoestudiosalud.es\/en\/#\/schema\/logo\/image\/"}}]}},"_links":{"self":[{"href":"https:\/\/yoestudiosalud.es\/fr\/wp-json\/wp\/v2\/product\/32472","targetHints":{"allow":["GET"]}}],"collection":[{"href":"https:\/\/yoestudiosalud.es\/fr\/wp-json\/wp\/v2\/product"}],"about":[{"href":"https:\/\/yoestudiosalud.es\/fr\/wp-json\/wp\/v2\/types\/product"}],"wp:featuredmedia":[{"embeddable":true,"href":"https:\/\/yoestudiosalud.es\/fr\/wp-json\/wp\/v2\/media\/32473"}],"wp:attachment":[{"href":"https:\/\/yoestudiosalud.es\/fr\/wp-json\/wp\/v2\/media?parent=32472"}],"wp:term":[{"taxonomy":"product_brand","embeddable":true,"href":"https:\/\/yoestudiosalud.es\/fr\/wp-json\/wp\/v2\/product_brand?post=32472"},{"taxonomy":"product_cat","embeddable":true,"href":"https:\/\/yoestudiosalud.es\/fr\/wp-json\/wp\/v2\/product_cat?post=32472"},{"taxonomy":"product_tag","embeddable":true,"href":"https:\/\/yoestudiosalud.es\/fr\/wp-json\/wp\/v2\/product_tag?post=32472"}],"curies":[{"name":"wp","href":"https:\/\/api.w.org\/{rel}","templated":true}]}}