{"id":32469,"date":"2020-08-25T21:51:59","date_gmt":"2020-08-25T21:51:59","guid":{"rendered":"https:\/\/yoestudiosalud.es\/producto\/coupe-marge-distal\/"},"modified":"2020-08-25T21:51:59","modified_gmt":"2020-08-25T19:51:59","slug":"coupe-marge-distal","status":"publish","type":"product","link":"https:\/\/yoestudiosalud.es\/fr\/produit\/coupe-marge-distal\/","title":{"rendered":"Coupe-marge distal"},"content":{"rendered":"<p>Le taille-marge distal est un instrument pour le nivellement ad\u00e9quat des marges de l\u2019\u00e9mail. Il pr\u00e9sente une lame courb\u00e9e avec un bord tranchant.<\/p>\n<p>Le biseau des marges de l\u2019\u00e9mail est une modification de la structure dentaire r\u00e9alis\u00e9e afin de fournir une base ad\u00e9quate pour la pose d\u2019une restauration dentaire. Le taille-marge distal est un outil sp\u00e9cifiquement con\u00e7u pour cette t\u00e2che, et sa forme et ses caract\u00e9ristiques permettent de r\u00e9aliser le biseau de mani\u00e8re pr\u00e9cise et efficace.<\/p>\n<p>Le taille-marge distal est un outil fondamental en odontologie, essentiel pour garantir un ajustement pr\u00e9cis et durable des restaurations dentaires.<\/p>\n<p>En utilisant le taille-marge distal, le dentiste peut \u00e9liminer de petites quantit\u00e9s d\u2019\u00e9mail dentaire sur la face distale de la dent. Cela est possible gr\u00e2ce \u00e0 la forme courb\u00e9e et tranchante de l\u2019instrument, qui permet un acc\u00e8s ad\u00e9quat aux marges de l\u2019\u00e9mail et une \u00e9limination s\u00e9lective du tissu n\u00e9cessaire.<\/p>\n<p>Un biseau bien r\u00e9alis\u00e9 offre une marge lisse et une transition naturelle entre la dent naturelle et la restauration, ce qui contribue \u00e0 une meilleure stabilit\u00e9 et long\u00e9vit\u00e9 de la restauration.<\/p>\n<h4>Cet instrument con\u00e7u pour la chirurgie dentaire nous permet :<\/h4>\n<ul>\n<li>De lisser le fond de la cavit\u00e9 dentaire<\/li>\n<li>De r\u00e9aliser le biseau n\u00e9cessaire aux marges de l\u2019\u00e9mail sur la face distale de la dent<\/li>\n<li>De marquer un angle axiogingival distal<\/li>\n<li>De niveler correctement les marges de l\u2019\u00e9mail<\/li>\n<\/ul>\n<p>En r\u00e9sum\u00e9, le taille-marge distal est un outil indispensable en odontologie, car il permet de r\u00e9aliser le biseau ad\u00e9quat aux marges de l\u2019\u00e9mail sur la face distale de la dent. Son utilisation offre aux dentistes la capacit\u00e9 d\u2019obtenir un ajustement pr\u00e9cis et durable des restaurations dentaires, ainsi qu\u2019une am\u00e9lioration de l\u2019esth\u00e9tique dentaire. Gr\u00e2ce \u00e0 cet outil, les professionnels de l\u2019odontologie peuvent offrir \u00e0 leurs patients des traitements de qualit\u00e9 et des r\u00e9sultats satisfaisants.<\/p>\n<p>Produit par la marque M\u00e1ster Surgical.<\/p>\n<p>Le <strong>TAILLE-MARGE DISTAL<\/strong> est n\u00e9cessaire pour les universit\u00e9s suivantes :<\/p>\n<ul>\n<li><strong>UEM UNIVERSIDAD EUROPEA DE MADRID<\/strong> pour la quatri\u00e8me ann\u00e9e d\u2019\u00e9tudes en odontologie<\/li>\n<li><strong>UV UNIVERSIDAD DE VALENCIA<\/strong> pour la troisi\u00e8me ann\u00e9e d\u2019\u00e9tudes en odontologie<\/li>\n<\/ul>\n","protected":false},"excerpt":{"rendered":"<p>Le coupe-marge distal est utile pour niveler les marges de l\u2019\u00e9mail.<\/p>\n","protected":false},"featured_media":32468,"template":"","meta":[],"product_brand":[],"product_cat":[669],"product_tag":[673,688,707],"class_list":{"0":"post-32469","1":"product","2":"type-product","3":"status-publish","4":"has-post-thumbnail","6":"product_cat-general-fr","7":"product_tag-uv3","8":"product_tag-ceu3","9":"product_tag-uem4-fr","10":"pa_formacion-odontologia-fr","12":"first","13":"instock","14":"sale","15":"taxable","16":"shipping-taxable","17":"purchasable","18":"product-type-simple"},"yoast_head":"<!-- This site is optimized with the Yoast SEO Premium plugin v27.0 (Yoast SEO v27.4) - https:\/\/yoast.com\/product\/yoast-seo-premium-wordpress\/ -->\n<title>Recortador de Margen Distal para nivelar | Yoestudiosalud.es<\/title>\n<meta name=\"description\" content=\"El recortador de margen distal es \u00fatil para nivelar los m\u00e1rgenes del esmalte. Compra online en: YoEstudioSalud.es dep\u00f3sito del estudiante\" \/>\n<meta name=\"robots\" content=\"index, follow, max-snippet:-1, max-image-preview:large, max-video-preview:-1\" \/>\n<link rel=\"canonical\" href=\"https:\/\/yoestudiosalud.es\/produit\/recortador-de-margen-distal\/\" \/>\n<meta property=\"og:locale\" content=\"fr_FR\" \/>\n<meta property=\"og:type\" content=\"article\" \/>\n<meta property=\"og:title\" content=\"Coupe-marge distal\" \/>\n<meta property=\"og:description\" content=\"El recortador de margen distal es \u00fatil para nivelar los m\u00e1rgenes del esmalte. Compra online en: YoEstudioSalud.es dep\u00f3sito del estudiante\" \/>\n<meta property=\"og:url\" content=\"https:\/\/yoestudiosalud.es\/produit\/recortador-de-margen-distal\/\" \/>\n<meta property=\"og:site_name\" content=\"yoestudiosalud.es\" \/>\n<meta property=\"og:image\" content=\"https:\/\/yoestudiosalud.es\/wp-content\/uploads\/2020\/08\/002813.jpg\" \/>\n\t<meta property=\"og:image:width\" content=\"650\" \/>\n\t<meta property=\"og:image:height\" content=\"650\" \/>\n\t<meta property=\"og:image:type\" content=\"image\/jpeg\" \/>\n<meta name=\"twitter:card\" content=\"summary_large_image\" \/>\n<meta name=\"twitter:label1\" content=\"Dur\u00e9e de lecture estim\u00e9e\" \/>\n\t<meta name=\"twitter:data1\" content=\"2 minutes\" \/>\n<script type=\"application\/ld+json\" class=\"yoast-schema-graph\">{\"@context\":\"https:\\\/\\\/schema.org\",\"@graph\":[{\"@type\":\"WebPage\",\"@id\":\"https:\\\/\\\/yoestudiosalud.es\\\/produit\\\/recortador-de-margen-distal\\\/\",\"url\":\"https:\\\/\\\/yoestudiosalud.es\\\/produit\\\/recortador-de-margen-distal\\\/\",\"name\":\"Recortador de Margen Distal para nivelar | Yoestudiosalud.es\",\"isPartOf\":{\"@id\":\"https:\\\/\\\/yoestudiosalud.es\\\/en\\\/#website\"},\"primaryImageOfPage\":{\"@id\":\"https:\\\/\\\/yoestudiosalud.es\\\/produit\\\/recortador-de-margen-distal\\\/#primaryimage\"},\"image\":{\"@id\":\"https:\\\/\\\/yoestudiosalud.es\\\/produit\\\/recortador-de-margen-distal\\\/#primaryimage\"},\"thumbnailUrl\":\"https:\\\/\\\/yoestudiosalud.es\\\/wp-content\\\/uploads\\\/2020\\\/08\\\/002813.jpg\",\"datePublished\":\"2020-08-25T21:51:59+00:00\",\"description\":\"El recortador de margen distal es \u00fatil para nivelar los m\u00e1rgenes del esmalte. Compra online en: YoEstudioSalud.es dep\u00f3sito del estudiante\",\"breadcrumb\":{\"@id\":\"https:\\\/\\\/yoestudiosalud.es\\\/produit\\\/recortador-de-margen-distal\\\/#breadcrumb\"},\"inLanguage\":\"fr-FR\",\"potentialAction\":[{\"@type\":\"ReadAction\",\"target\":[\"https:\\\/\\\/yoestudiosalud.es\\\/produit\\\/recortador-de-margen-distal\\\/\"]}]},{\"@type\":\"ImageObject\",\"inLanguage\":\"fr-FR\",\"@id\":\"https:\\\/\\\/yoestudiosalud.es\\\/produit\\\/recortador-de-margen-distal\\\/#primaryimage\",\"url\":\"https:\\\/\\\/yoestudiosalud.es\\\/wp-content\\\/uploads\\\/2020\\\/08\\\/002813.jpg\",\"contentUrl\":\"https:\\\/\\\/yoestudiosalud.es\\\/wp-content\\\/uploads\\\/2020\\\/08\\\/002813.jpg\",\"width\":650,\"height\":650},{\"@type\":\"BreadcrumbList\",\"@id\":\"https:\\\/\\\/yoestudiosalud.es\\\/produit\\\/recortador-de-margen-distal\\\/#breadcrumb\",\"itemListElement\":[{\"@type\":\"ListItem\",\"position\":1,\"name\":\"Portada\",\"item\":\"https:\\\/\\\/yoestudiosalud.es\\\/fr\\\/\"},{\"@type\":\"ListItem\",\"position\":2,\"name\":\"Boutique\",\"item\":\"https:\\\/\\\/yoestudiosalud.es\\\/fr\\\/boutique\\\/\"},{\"@type\":\"ListItem\",\"position\":3,\"name\":\"Coupe-marge distal\"}]},{\"@type\":\"WebSite\",\"@id\":\"https:\\\/\\\/yoestudiosalud.es\\\/en\\\/#website\",\"url\":\"https:\\\/\\\/yoestudiosalud.es\\\/en\\\/\",\"name\":\"yoestudiosalud.es\",\"description\":\"Material para estudiantes del sector salud\",\"publisher\":{\"@id\":\"https:\\\/\\\/yoestudiosalud.es\\\/en\\\/#organization\"},\"potentialAction\":[{\"@type\":\"SearchAction\",\"target\":{\"@type\":\"EntryPoint\",\"urlTemplate\":\"https:\\\/\\\/yoestudiosalud.es\\\/en\\\/?s={search_term_string}\"},\"query-input\":{\"@type\":\"PropertyValueSpecification\",\"valueRequired\":true,\"valueName\":\"search_term_string\"}}],\"inLanguage\":\"fr-FR\"},{\"@type\":\"Organization\",\"@id\":\"https:\\\/\\\/yoestudiosalud.es\\\/en\\\/#organization\",\"name\":\"yoestudiosalud.es\",\"url\":\"https:\\\/\\\/yoestudiosalud.es\\\/en\\\/\",\"logo\":{\"@type\":\"ImageObject\",\"inLanguage\":\"fr-FR\",\"@id\":\"https:\\\/\\\/yoestudiosalud.es\\\/en\\\/#\\\/schema\\\/logo\\\/image\\\/\",\"url\":\"https:\\\/\\\/yoestudiosalud.es\\\/wp-content\\\/uploads\\\/2020\\\/04\\\/logonew-e1698080827687.png\",\"contentUrl\":\"https:\\\/\\\/yoestudiosalud.es\\\/wp-content\\\/uploads\\\/2020\\\/04\\\/logonew-e1698080827687.png\",\"width\":421,\"height\":393,\"caption\":\"yoestudiosalud.es\"},\"image\":{\"@id\":\"https:\\\/\\\/yoestudiosalud.es\\\/en\\\/#\\\/schema\\\/logo\\\/image\\\/\"}}]}<\/script>\n<!-- \/ Yoast SEO Premium plugin. -->","yoast_head_json":{"title":"Recortador de Margen Distal para nivelar | Yoestudiosalud.es","description":"El recortador de margen distal es \u00fatil para nivelar los m\u00e1rgenes del esmalte. Compra online en: YoEstudioSalud.es dep\u00f3sito del estudiante","robots":{"index":"index","follow":"follow","max-snippet":"max-snippet:-1","max-image-preview":"max-image-preview:large","max-video-preview":"max-video-preview:-1"},"canonical":"https:\/\/yoestudiosalud.es\/produit\/recortador-de-margen-distal\/","og_locale":"fr_FR","og_type":"article","og_title":"Coupe-marge distal","og_description":"El recortador de margen distal es \u00fatil para nivelar los m\u00e1rgenes del esmalte. Compra online en: YoEstudioSalud.es dep\u00f3sito del estudiante","og_url":"https:\/\/yoestudiosalud.es\/produit\/recortador-de-margen-distal\/","og_site_name":"yoestudiosalud.es","og_image":[{"width":650,"height":650,"url":"https:\/\/yoestudiosalud.es\/wp-content\/uploads\/2020\/08\/002813.jpg","type":"image\/jpeg"}],"twitter_card":"summary_large_image","twitter_misc":{"Dur\u00e9e de lecture estim\u00e9e":"2 minutes"},"schema":{"@context":"https:\/\/schema.org","@graph":[{"@type":"WebPage","@id":"https:\/\/yoestudiosalud.es\/produit\/recortador-de-margen-distal\/","url":"https:\/\/yoestudiosalud.es\/produit\/recortador-de-margen-distal\/","name":"Recortador de Margen Distal para nivelar | Yoestudiosalud.es","isPartOf":{"@id":"https:\/\/yoestudiosalud.es\/en\/#website"},"primaryImageOfPage":{"@id":"https:\/\/yoestudiosalud.es\/produit\/recortador-de-margen-distal\/#primaryimage"},"image":{"@id":"https:\/\/yoestudiosalud.es\/produit\/recortador-de-margen-distal\/#primaryimage"},"thumbnailUrl":"https:\/\/yoestudiosalud.es\/wp-content\/uploads\/2020\/08\/002813.jpg","datePublished":"2020-08-25T21:51:59+00:00","description":"El recortador de margen distal es \u00fatil para nivelar los m\u00e1rgenes del esmalte. Compra online en: YoEstudioSalud.es dep\u00f3sito del estudiante","breadcrumb":{"@id":"https:\/\/yoestudiosalud.es\/produit\/recortador-de-margen-distal\/#breadcrumb"},"inLanguage":"fr-FR","potentialAction":[{"@type":"ReadAction","target":["https:\/\/yoestudiosalud.es\/produit\/recortador-de-margen-distal\/"]}]},{"@type":"ImageObject","inLanguage":"fr-FR","@id":"https:\/\/yoestudiosalud.es\/produit\/recortador-de-margen-distal\/#primaryimage","url":"https:\/\/yoestudiosalud.es\/wp-content\/uploads\/2020\/08\/002813.jpg","contentUrl":"https:\/\/yoestudiosalud.es\/wp-content\/uploads\/2020\/08\/002813.jpg","width":650,"height":650},{"@type":"BreadcrumbList","@id":"https:\/\/yoestudiosalud.es\/produit\/recortador-de-margen-distal\/#breadcrumb","itemListElement":[{"@type":"ListItem","position":1,"name":"Portada","item":"https:\/\/yoestudiosalud.es\/fr\/"},{"@type":"ListItem","position":2,"name":"Boutique","item":"https:\/\/yoestudiosalud.es\/fr\/boutique\/"},{"@type":"ListItem","position":3,"name":"Coupe-marge distal"}]},{"@type":"WebSite","@id":"https:\/\/yoestudiosalud.es\/en\/#website","url":"https:\/\/yoestudiosalud.es\/en\/","name":"yoestudiosalud.es","description":"Material para estudiantes del sector salud","publisher":{"@id":"https:\/\/yoestudiosalud.es\/en\/#organization"},"potentialAction":[{"@type":"SearchAction","target":{"@type":"EntryPoint","urlTemplate":"https:\/\/yoestudiosalud.es\/en\/?s={search_term_string}"},"query-input":{"@type":"PropertyValueSpecification","valueRequired":true,"valueName":"search_term_string"}}],"inLanguage":"fr-FR"},{"@type":"Organization","@id":"https:\/\/yoestudiosalud.es\/en\/#organization","name":"yoestudiosalud.es","url":"https:\/\/yoestudiosalud.es\/en\/","logo":{"@type":"ImageObject","inLanguage":"fr-FR","@id":"https:\/\/yoestudiosalud.es\/en\/#\/schema\/logo\/image\/","url":"https:\/\/yoestudiosalud.es\/wp-content\/uploads\/2020\/04\/logonew-e1698080827687.png","contentUrl":"https:\/\/yoestudiosalud.es\/wp-content\/uploads\/2020\/04\/logonew-e1698080827687.png","width":421,"height":393,"caption":"yoestudiosalud.es"},"image":{"@id":"https:\/\/yoestudiosalud.es\/en\/#\/schema\/logo\/image\/"}}]}},"_links":{"self":[{"href":"https:\/\/yoestudiosalud.es\/fr\/wp-json\/wp\/v2\/product\/32469","targetHints":{"allow":["GET"]}}],"collection":[{"href":"https:\/\/yoestudiosalud.es\/fr\/wp-json\/wp\/v2\/product"}],"about":[{"href":"https:\/\/yoestudiosalud.es\/fr\/wp-json\/wp\/v2\/types\/product"}],"wp:featuredmedia":[{"embeddable":true,"href":"https:\/\/yoestudiosalud.es\/fr\/wp-json\/wp\/v2\/media\/32468"}],"wp:attachment":[{"href":"https:\/\/yoestudiosalud.es\/fr\/wp-json\/wp\/v2\/media?parent=32469"}],"wp:term":[{"taxonomy":"product_brand","embeddable":true,"href":"https:\/\/yoestudiosalud.es\/fr\/wp-json\/wp\/v2\/product_brand?post=32469"},{"taxonomy":"product_cat","embeddable":true,"href":"https:\/\/yoestudiosalud.es\/fr\/wp-json\/wp\/v2\/product_cat?post=32469"},{"taxonomy":"product_tag","embeddable":true,"href":"https:\/\/yoestudiosalud.es\/fr\/wp-json\/wp\/v2\/product_tag?post=32469"}],"curies":[{"name":"wp","href":"https:\/\/api.w.org\/{rel}","templated":true}]}}