{"id":32451,"date":"2020-07-28T16:01:11","date_gmt":"2020-07-28T16:01:11","guid":{"rendered":"https:\/\/yoestudiosalud.es\/producto\/bruleur-a-alcool-metallique\/"},"modified":"2020-07-28T16:01:11","modified_gmt":"2020-07-28T14:01:11","slug":"bruleur-a-alcool-metallique","status":"publish","type":"product","link":"https:\/\/yoestudiosalud.es\/fr\/produit\/bruleur-a-alcool-metallique\/","title":{"rendered":"BR\u00dbLEUR \u00c0 ALCOOL M\u00c9TALLIQUE"},"content":{"rendered":"<p>Le br\u00fbleur \u00e0 alcool m\u00e9tallique est parfait pour les travaux de modelage de cire. Fabriqu\u00e9 en acier inoxydable, ce qui lui conf\u00e8re une r\u00e9sistance \u00e0 l\u2019usure.<\/p>\n<p>Produit par la marque M\u00e1ster Surgical.<\/p>\n<p>Le <strong>BR\u00dbLEUR \u00c0 ALCOOL M\u00c9TALLIQUE<\/strong> est requis pour les universit\u00e9s suivantes :<\/p>\n<ul>\n<li><strong>CEU SAN PABLO MADRID<\/strong> pour la deuxi\u00e8me ann\u00e9e du cursus d\u2019odontologie<\/li>\n<li><strong>UEM UNIVERSIDAD EUROPEA MADRID<\/strong> pour la troisi\u00e8me ann\u00e9e du cursus d\u2019odontologie.<\/li>\n<li><strong>UEV UNIVERSIDAD EUROPEA VALENCIA<\/strong> pour la premi\u00e8re ann\u00e9e du cursus d\u2019odontologie.<\/li>\n<li><strong>UV UNIVERSIDAD DE VALENCIA<\/strong> pour la deuxi\u00e8me ann\u00e9e du cursus d\u2019odontologie.<\/li>\n<\/ul>\n","protected":false},"excerpt":{"rendered":"<p>Br\u00fbleur \u00e0 alcool m\u00e9tallique en acier inoxydable. Ce br\u00fbleur est parfait pour les travaux de modelage de cire.<\/p>\n","protected":false},"featured_media":32453,"template":"","meta":[],"product_brand":[],"product_cat":[669],"product_tag":[674,678,679,684,685,689,690,761],"class_list":{"0":"post-32451","1":"product","2":"type-product","3":"status-publish","4":"has-post-thumbnail","6":"product_cat-general-fr","7":"product_tag-uv2","8":"product_tag-uemc_prt","9":"product_tag-ceusp2-fr","10":"product_tag-uemc_cns","11":"product_tag-uemc_ort","12":"product_tag-ucv3","13":"product_tag-uem3-fr","14":"product_tag-ufporto2-fr","15":"pa_formacion-odontologia-fr","17":"first","18":"instock","19":"sale","20":"taxable","21":"shipping-taxable","22":"purchasable","23":"product-type-simple"},"yoast_head":"<!-- This site is optimized with the Yoast SEO Premium plugin v27.0 (Yoast SEO v27.2) - https:\/\/yoast.com\/product\/yoast-seo-premium-wordpress\/ -->\n<title>BR\u00dbLEUR \u00c0 ALCOOL M\u00c9TALLIQUE - yoestudiosalud.es<\/title>\n<meta name=\"robots\" content=\"index, follow, max-snippet:-1, max-image-preview:large, max-video-preview:-1\" \/>\n<link rel=\"canonical\" href=\"https:\/\/yoestudiosalud.es\/produit\/mechero-de-alcohol-metalico\/\" \/>\n<meta property=\"og:locale\" content=\"fr_FR\" \/>\n<meta property=\"og:type\" content=\"article\" \/>\n<meta property=\"og:title\" content=\"BR\u00dbLEUR \u00c0 ALCOOL M\u00c9TALLIQUE\" \/>\n<meta property=\"og:description\" content=\"Br\u00fbleur \u00e0 alcool m\u00e9tallique en acier inoxydable. Ce br\u00fbleur est parfait pour les travaux de modelage de cire.\" \/>\n<meta property=\"og:url\" content=\"https:\/\/yoestudiosalud.es\/produit\/mechero-de-alcohol-metalico\/\" \/>\n<meta property=\"og:site_name\" content=\"yoestudiosalud.es\" \/>\n<meta property=\"og:image\" content=\"https:\/\/yoestudiosalud.es\/wp-content\/uploads\/2020\/07\/003428B.jpg\" \/>\n\t<meta property=\"og:image:width\" content=\"650\" \/>\n\t<meta property=\"og:image:height\" content=\"650\" \/>\n\t<meta property=\"og:image:type\" content=\"image\/jpeg\" \/>\n<meta name=\"twitter:card\" content=\"summary_large_image\" \/>\n<meta name=\"twitter:label1\" content=\"Dur\u00e9e de lecture estim\u00e9e\" \/>\n\t<meta name=\"twitter:data1\" content=\"1 minute\" \/>\n<script type=\"application\/ld+json\" class=\"yoast-schema-graph\">{\"@context\":\"https:\/\/schema.org\",\"@graph\":[{\"@type\":\"WebPage\",\"@id\":\"https:\/\/yoestudiosalud.es\/produit\/mechero-de-alcohol-metalico\/\",\"url\":\"https:\/\/yoestudiosalud.es\/produit\/mechero-de-alcohol-metalico\/\",\"name\":\"BR\u00dbLEUR \u00c0 ALCOOL M\u00c9TALLIQUE - yoestudiosalud.es\",\"isPartOf\":{\"@id\":\"https:\/\/yoestudiosalud.es\/en\/#website\"},\"primaryImageOfPage\":{\"@id\":\"https:\/\/yoestudiosalud.es\/produit\/mechero-de-alcohol-metalico\/#primaryimage\"},\"image\":{\"@id\":\"https:\/\/yoestudiosalud.es\/produit\/mechero-de-alcohol-metalico\/#primaryimage\"},\"thumbnailUrl\":\"https:\/\/yoestudiosalud.es\/wp-content\/uploads\/2020\/07\/003428B.jpg\",\"datePublished\":\"2020-07-28T16:01:11+00:00\",\"breadcrumb\":{\"@id\":\"https:\/\/yoestudiosalud.es\/produit\/mechero-de-alcohol-metalico\/#breadcrumb\"},\"inLanguage\":\"fr-FR\",\"potentialAction\":[{\"@type\":\"ReadAction\",\"target\":[\"https:\/\/yoestudiosalud.es\/produit\/mechero-de-alcohol-metalico\/\"]}]},{\"@type\":\"ImageObject\",\"inLanguage\":\"fr-FR\",\"@id\":\"https:\/\/yoestudiosalud.es\/produit\/mechero-de-alcohol-metalico\/#primaryimage\",\"url\":\"https:\/\/yoestudiosalud.es\/wp-content\/uploads\/2020\/07\/003428B.jpg\",\"contentUrl\":\"https:\/\/yoestudiosalud.es\/wp-content\/uploads\/2020\/07\/003428B.jpg\",\"width\":650,\"height\":650},{\"@type\":\"BreadcrumbList\",\"@id\":\"https:\/\/yoestudiosalud.es\/produit\/mechero-de-alcohol-metalico\/#breadcrumb\",\"itemListElement\":[{\"@type\":\"ListItem\",\"position\":1,\"name\":\"Portada\",\"item\":\"https:\/\/yoestudiosalud.es\/fr\/\"},{\"@type\":\"ListItem\",\"position\":2,\"name\":\"Boutique\",\"item\":\"https:\/\/yoestudiosalud.es\/fr\/boutique\/\"},{\"@type\":\"ListItem\",\"position\":3,\"name\":\"BR\u00dbLEUR \u00c0 ALCOOL M\u00c9TALLIQUE\"}]},{\"@type\":\"WebSite\",\"@id\":\"https:\/\/yoestudiosalud.es\/en\/#website\",\"url\":\"https:\/\/yoestudiosalud.es\/en\/\",\"name\":\"yoestudiosalud.es\",\"description\":\"Material para estudiantes del sector salud\",\"publisher\":{\"@id\":\"https:\/\/yoestudiosalud.es\/en\/#organization\"},\"potentialAction\":[{\"@type\":\"SearchAction\",\"target\":{\"@type\":\"EntryPoint\",\"urlTemplate\":\"https:\/\/yoestudiosalud.es\/en\/?s={search_term_string}\"},\"query-input\":{\"@type\":\"PropertyValueSpecification\",\"valueRequired\":true,\"valueName\":\"search_term_string\"}}],\"inLanguage\":\"fr-FR\"},{\"@type\":\"Organization\",\"@id\":\"https:\/\/yoestudiosalud.es\/en\/#organization\",\"name\":\"yoestudiosalud.es\",\"url\":\"https:\/\/yoestudiosalud.es\/en\/\",\"logo\":{\"@type\":\"ImageObject\",\"inLanguage\":\"fr-FR\",\"@id\":\"https:\/\/yoestudiosalud.es\/en\/#\/schema\/logo\/image\/\",\"url\":\"https:\/\/yoestudiosalud.es\/wp-content\/uploads\/2020\/04\/logonew-e1698080827687.png\",\"contentUrl\":\"https:\/\/yoestudiosalud.es\/wp-content\/uploads\/2020\/04\/logonew-e1698080827687.png\",\"width\":421,\"height\":393,\"caption\":\"yoestudiosalud.es\"},\"image\":{\"@id\":\"https:\/\/yoestudiosalud.es\/en\/#\/schema\/logo\/image\/\"}}]}<\/script>\n<!-- \/ Yoast SEO Premium plugin. -->","yoast_head_json":{"title":"BR\u00dbLEUR \u00c0 ALCOOL M\u00c9TALLIQUE - yoestudiosalud.es","robots":{"index":"index","follow":"follow","max-snippet":"max-snippet:-1","max-image-preview":"max-image-preview:large","max-video-preview":"max-video-preview:-1"},"canonical":"https:\/\/yoestudiosalud.es\/produit\/mechero-de-alcohol-metalico\/","og_locale":"fr_FR","og_type":"article","og_title":"BR\u00dbLEUR \u00c0 ALCOOL M\u00c9TALLIQUE","og_description":"Br\u00fbleur \u00e0 alcool m\u00e9tallique en acier inoxydable. Ce br\u00fbleur est parfait pour les travaux de modelage de cire.","og_url":"https:\/\/yoestudiosalud.es\/produit\/mechero-de-alcohol-metalico\/","og_site_name":"yoestudiosalud.es","og_image":[{"width":650,"height":650,"url":"https:\/\/yoestudiosalud.es\/wp-content\/uploads\/2020\/07\/003428B.jpg","type":"image\/jpeg"}],"twitter_card":"summary_large_image","twitter_misc":{"Dur\u00e9e de lecture estim\u00e9e":"1 minute"},"schema":{"@context":"https:\/\/schema.org","@graph":[{"@type":"WebPage","@id":"https:\/\/yoestudiosalud.es\/produit\/mechero-de-alcohol-metalico\/","url":"https:\/\/yoestudiosalud.es\/produit\/mechero-de-alcohol-metalico\/","name":"BR\u00dbLEUR \u00c0 ALCOOL M\u00c9TALLIQUE - yoestudiosalud.es","isPartOf":{"@id":"https:\/\/yoestudiosalud.es\/en\/#website"},"primaryImageOfPage":{"@id":"https:\/\/yoestudiosalud.es\/produit\/mechero-de-alcohol-metalico\/#primaryimage"},"image":{"@id":"https:\/\/yoestudiosalud.es\/produit\/mechero-de-alcohol-metalico\/#primaryimage"},"thumbnailUrl":"https:\/\/yoestudiosalud.es\/wp-content\/uploads\/2020\/07\/003428B.jpg","datePublished":"2020-07-28T16:01:11+00:00","breadcrumb":{"@id":"https:\/\/yoestudiosalud.es\/produit\/mechero-de-alcohol-metalico\/#breadcrumb"},"inLanguage":"fr-FR","potentialAction":[{"@type":"ReadAction","target":["https:\/\/yoestudiosalud.es\/produit\/mechero-de-alcohol-metalico\/"]}]},{"@type":"ImageObject","inLanguage":"fr-FR","@id":"https:\/\/yoestudiosalud.es\/produit\/mechero-de-alcohol-metalico\/#primaryimage","url":"https:\/\/yoestudiosalud.es\/wp-content\/uploads\/2020\/07\/003428B.jpg","contentUrl":"https:\/\/yoestudiosalud.es\/wp-content\/uploads\/2020\/07\/003428B.jpg","width":650,"height":650},{"@type":"BreadcrumbList","@id":"https:\/\/yoestudiosalud.es\/produit\/mechero-de-alcohol-metalico\/#breadcrumb","itemListElement":[{"@type":"ListItem","position":1,"name":"Portada","item":"https:\/\/yoestudiosalud.es\/fr\/"},{"@type":"ListItem","position":2,"name":"Boutique","item":"https:\/\/yoestudiosalud.es\/fr\/boutique\/"},{"@type":"ListItem","position":3,"name":"BR\u00dbLEUR \u00c0 ALCOOL M\u00c9TALLIQUE"}]},{"@type":"WebSite","@id":"https:\/\/yoestudiosalud.es\/en\/#website","url":"https:\/\/yoestudiosalud.es\/en\/","name":"yoestudiosalud.es","description":"Material para estudiantes del sector salud","publisher":{"@id":"https:\/\/yoestudiosalud.es\/en\/#organization"},"potentialAction":[{"@type":"SearchAction","target":{"@type":"EntryPoint","urlTemplate":"https:\/\/yoestudiosalud.es\/en\/?s={search_term_string}"},"query-input":{"@type":"PropertyValueSpecification","valueRequired":true,"valueName":"search_term_string"}}],"inLanguage":"fr-FR"},{"@type":"Organization","@id":"https:\/\/yoestudiosalud.es\/en\/#organization","name":"yoestudiosalud.es","url":"https:\/\/yoestudiosalud.es\/en\/","logo":{"@type":"ImageObject","inLanguage":"fr-FR","@id":"https:\/\/yoestudiosalud.es\/en\/#\/schema\/logo\/image\/","url":"https:\/\/yoestudiosalud.es\/wp-content\/uploads\/2020\/04\/logonew-e1698080827687.png","contentUrl":"https:\/\/yoestudiosalud.es\/wp-content\/uploads\/2020\/04\/logonew-e1698080827687.png","width":421,"height":393,"caption":"yoestudiosalud.es"},"image":{"@id":"https:\/\/yoestudiosalud.es\/en\/#\/schema\/logo\/image\/"}}]}},"_links":{"self":[{"href":"https:\/\/yoestudiosalud.es\/fr\/wp-json\/wp\/v2\/product\/32451","targetHints":{"allow":["GET"]}}],"collection":[{"href":"https:\/\/yoestudiosalud.es\/fr\/wp-json\/wp\/v2\/product"}],"about":[{"href":"https:\/\/yoestudiosalud.es\/fr\/wp-json\/wp\/v2\/types\/product"}],"wp:featuredmedia":[{"embeddable":true,"href":"https:\/\/yoestudiosalud.es\/fr\/wp-json\/wp\/v2\/media\/32453"}],"wp:attachment":[{"href":"https:\/\/yoestudiosalud.es\/fr\/wp-json\/wp\/v2\/media?parent=32451"}],"wp:term":[{"taxonomy":"product_brand","embeddable":true,"href":"https:\/\/yoestudiosalud.es\/fr\/wp-json\/wp\/v2\/product_brand?post=32451"},{"taxonomy":"product_cat","embeddable":true,"href":"https:\/\/yoestudiosalud.es\/fr\/wp-json\/wp\/v2\/product_cat?post=32451"},{"taxonomy":"product_tag","embeddable":true,"href":"https:\/\/yoestudiosalud.es\/fr\/wp-json\/wp\/v2\/product_tag?post=32451"}],"curies":[{"name":"wp","href":"https:\/\/api.w.org\/{rel}","templated":true}]}}