{"id":32449,"date":"2020-07-20T11:47:49","date_gmt":"2020-07-20T11:47:49","guid":{"rendered":"https:\/\/yoestudiosalud.es\/producto\/pinceau-a-pointe-fine\/"},"modified":"2020-07-20T11:47:49","modified_gmt":"2020-07-20T09:47:49","slug":"pinceau-a-pointe-fine","status":"publish","type":"product","link":"https:\/\/yoestudiosalud.es\/fr\/produit\/pinceau-a-pointe-fine\/","title":{"rendered":"Pinceau \u00e0 pointe fine"},"content":{"rendered":"<p>Pinceau \u00e0 pointe fine pour odontologie<\/p>\n<p>Produit par la marque LiderPapel<\/p>\n<p>Le <strong>PINCEAU \u00c0 POINTE FINE<\/strong> est n\u00e9cessaire pour les universit\u00e9s suivantes :<\/p>\n<ul>\n<li><strong>CEU CARDENAL HERRERA VALENCIA<\/strong> pour la quatri\u00e8me ann\u00e9e de la licence en odontologie<\/li>\n<li><strong>UCV UNIVERSIDAD CAT\u00d3LICA VALENCIA<\/strong> pour la troisi\u00e8me ann\u00e9e de la licence en odontologie<\/li>\n<li><strong>UEM UNIVERSIDAD EUROPEA MADRID<\/strong> pour la deuxi\u00e8me ann\u00e9e de la licence en odontologie.<\/li>\n<\/ul>\n","protected":false},"excerpt":{"rendered":"<p>Pinceau \u00e0 pointe fine pour utilisation dans les cours d&#8217;odontologie dans diff\u00e9rentes universit\u00e9s espagnoles<\/p>\n","protected":false},"featured_media":32450,"template":"","meta":[],"product_brand":[],"product_cat":[669],"product_tag":[762,928,687,689,699,757,759],"class_list":{"0":"post-32449","1":"product","2":"type-product","3":"status-publish","4":"has-post-thumbnail","6":"product_cat-general-fr","7":"product_tag-ucam4-fr","8":"product_tag-ceuelche4","9":"product_tag-uem2-fr","10":"product_tag-ucv3","11":"product_tag-ceu4","12":"product_tag-prot-fp-folguera-fr","13":"product_tag-egasmoniz1-fr","14":"pa_formacion-odontologia-fr","15":"pa_universidades-egas-moniz-fr","17":"first","18":"instock","19":"taxable","20":"shipping-taxable","21":"purchasable","22":"product-type-simple"},"yoast_head":"<!-- This site is optimized with the Yoast SEO Premium plugin v27.0 (Yoast SEO v27.2) - https:\/\/yoast.com\/product\/yoast-seo-premium-wordpress\/ -->\n<title>Pinceau \u00e0 pointe fine - yoestudiosalud.es dep\u00f3sito dental<\/title>\n<meta name=\"description\" content=\"Pincel de punta fina para uso en los cursos de odontolog\u00eda en distintas universidades espa\u00f1olas. Compralo en la tienda online\" \/>\n<meta name=\"robots\" content=\"index, follow, max-snippet:-1, max-image-preview:large, max-video-preview:-1\" \/>\n<link rel=\"canonical\" href=\"https:\/\/yoestudiosalud.es\/produit\/pincel-punta-fina\/\" \/>\n<meta property=\"og:locale\" content=\"fr_FR\" \/>\n<meta property=\"og:type\" content=\"article\" \/>\n<meta property=\"og:title\" content=\"Pinceau \u00e0 pointe fine\" \/>\n<meta property=\"og:description\" content=\"Pincel de punta fina para uso en los cursos de odontolog\u00eda en distintas universidades espa\u00f1olas. Compralo en la tienda online\" \/>\n<meta property=\"og:url\" content=\"https:\/\/yoestudiosalud.es\/produit\/pincel-punta-fina\/\" \/>\n<meta property=\"og:site_name\" content=\"yoestudiosalud.es\" \/>\n<meta property=\"og:image\" content=\"https:\/\/yoestudiosalud.es\/wp-content\/uploads\/2020\/07\/002387.jpg\" \/>\n\t<meta property=\"og:image:width\" content=\"650\" \/>\n\t<meta property=\"og:image:height\" content=\"650\" \/>\n\t<meta property=\"og:image:type\" content=\"image\/jpeg\" \/>\n<meta name=\"twitter:card\" content=\"summary_large_image\" \/>\n<script type=\"application\/ld+json\" class=\"yoast-schema-graph\">{\"@context\":\"https:\/\/schema.org\",\"@graph\":[{\"@type\":\"WebPage\",\"@id\":\"https:\/\/yoestudiosalud.es\/produit\/pincel-punta-fina\/\",\"url\":\"https:\/\/yoestudiosalud.es\/produit\/pincel-punta-fina\/\",\"name\":\"Pinceau \u00e0 pointe fine - yoestudiosalud.es dep\u00f3sito dental\",\"isPartOf\":{\"@id\":\"https:\/\/yoestudiosalud.es\/en\/#website\"},\"primaryImageOfPage\":{\"@id\":\"https:\/\/yoestudiosalud.es\/produit\/pincel-punta-fina\/#primaryimage\"},\"image\":{\"@id\":\"https:\/\/yoestudiosalud.es\/produit\/pincel-punta-fina\/#primaryimage\"},\"thumbnailUrl\":\"https:\/\/yoestudiosalud.es\/wp-content\/uploads\/2020\/07\/002387.jpg\",\"datePublished\":\"2020-07-20T11:47:49+00:00\",\"description\":\"Pincel de punta fina para uso en los cursos de odontolog\u00eda en distintas universidades espa\u00f1olas. Compralo en la tienda online\",\"breadcrumb\":{\"@id\":\"https:\/\/yoestudiosalud.es\/produit\/pincel-punta-fina\/#breadcrumb\"},\"inLanguage\":\"fr-FR\",\"potentialAction\":[{\"@type\":\"ReadAction\",\"target\":[\"https:\/\/yoestudiosalud.es\/produit\/pincel-punta-fina\/\"]}]},{\"@type\":\"ImageObject\",\"inLanguage\":\"fr-FR\",\"@id\":\"https:\/\/yoestudiosalud.es\/produit\/pincel-punta-fina\/#primaryimage\",\"url\":\"https:\/\/yoestudiosalud.es\/wp-content\/uploads\/2020\/07\/002387.jpg\",\"contentUrl\":\"https:\/\/yoestudiosalud.es\/wp-content\/uploads\/2020\/07\/002387.jpg\",\"width\":650,\"height\":650},{\"@type\":\"BreadcrumbList\",\"@id\":\"https:\/\/yoestudiosalud.es\/produit\/pincel-punta-fina\/#breadcrumb\",\"itemListElement\":[{\"@type\":\"ListItem\",\"position\":1,\"name\":\"Portada\",\"item\":\"https:\/\/yoestudiosalud.es\/fr\/\"},{\"@type\":\"ListItem\",\"position\":2,\"name\":\"Boutique\",\"item\":\"https:\/\/yoestudiosalud.es\/fr\/boutique\/\"},{\"@type\":\"ListItem\",\"position\":3,\"name\":\"Pinceau \u00e0 pointe fine\"}]},{\"@type\":\"WebSite\",\"@id\":\"https:\/\/yoestudiosalud.es\/en\/#website\",\"url\":\"https:\/\/yoestudiosalud.es\/en\/\",\"name\":\"yoestudiosalud.es\",\"description\":\"Material para estudiantes del sector salud\",\"publisher\":{\"@id\":\"https:\/\/yoestudiosalud.es\/en\/#organization\"},\"potentialAction\":[{\"@type\":\"SearchAction\",\"target\":{\"@type\":\"EntryPoint\",\"urlTemplate\":\"https:\/\/yoestudiosalud.es\/en\/?s={search_term_string}\"},\"query-input\":{\"@type\":\"PropertyValueSpecification\",\"valueRequired\":true,\"valueName\":\"search_term_string\"}}],\"inLanguage\":\"fr-FR\"},{\"@type\":\"Organization\",\"@id\":\"https:\/\/yoestudiosalud.es\/en\/#organization\",\"name\":\"yoestudiosalud.es\",\"url\":\"https:\/\/yoestudiosalud.es\/en\/\",\"logo\":{\"@type\":\"ImageObject\",\"inLanguage\":\"fr-FR\",\"@id\":\"https:\/\/yoestudiosalud.es\/en\/#\/schema\/logo\/image\/\",\"url\":\"https:\/\/yoestudiosalud.es\/wp-content\/uploads\/2020\/04\/logonew-e1698080827687.png\",\"contentUrl\":\"https:\/\/yoestudiosalud.es\/wp-content\/uploads\/2020\/04\/logonew-e1698080827687.png\",\"width\":421,\"height\":393,\"caption\":\"yoestudiosalud.es\"},\"image\":{\"@id\":\"https:\/\/yoestudiosalud.es\/en\/#\/schema\/logo\/image\/\"}}]}<\/script>\n<!-- \/ Yoast SEO Premium plugin. -->","yoast_head_json":{"title":"Pinceau \u00e0 pointe fine - yoestudiosalud.es dep\u00f3sito dental","description":"Pincel de punta fina para uso en los cursos de odontolog\u00eda en distintas universidades espa\u00f1olas. Compralo en la tienda online","robots":{"index":"index","follow":"follow","max-snippet":"max-snippet:-1","max-image-preview":"max-image-preview:large","max-video-preview":"max-video-preview:-1"},"canonical":"https:\/\/yoestudiosalud.es\/produit\/pincel-punta-fina\/","og_locale":"fr_FR","og_type":"article","og_title":"Pinceau \u00e0 pointe fine","og_description":"Pincel de punta fina para uso en los cursos de odontolog\u00eda en distintas universidades espa\u00f1olas. Compralo en la tienda online","og_url":"https:\/\/yoestudiosalud.es\/produit\/pincel-punta-fina\/","og_site_name":"yoestudiosalud.es","og_image":[{"width":650,"height":650,"url":"https:\/\/yoestudiosalud.es\/wp-content\/uploads\/2020\/07\/002387.jpg","type":"image\/jpeg"}],"twitter_card":"summary_large_image","schema":{"@context":"https:\/\/schema.org","@graph":[{"@type":"WebPage","@id":"https:\/\/yoestudiosalud.es\/produit\/pincel-punta-fina\/","url":"https:\/\/yoestudiosalud.es\/produit\/pincel-punta-fina\/","name":"Pinceau \u00e0 pointe fine - yoestudiosalud.es dep\u00f3sito dental","isPartOf":{"@id":"https:\/\/yoestudiosalud.es\/en\/#website"},"primaryImageOfPage":{"@id":"https:\/\/yoestudiosalud.es\/produit\/pincel-punta-fina\/#primaryimage"},"image":{"@id":"https:\/\/yoestudiosalud.es\/produit\/pincel-punta-fina\/#primaryimage"},"thumbnailUrl":"https:\/\/yoestudiosalud.es\/wp-content\/uploads\/2020\/07\/002387.jpg","datePublished":"2020-07-20T11:47:49+00:00","description":"Pincel de punta fina para uso en los cursos de odontolog\u00eda en distintas universidades espa\u00f1olas. Compralo en la tienda online","breadcrumb":{"@id":"https:\/\/yoestudiosalud.es\/produit\/pincel-punta-fina\/#breadcrumb"},"inLanguage":"fr-FR","potentialAction":[{"@type":"ReadAction","target":["https:\/\/yoestudiosalud.es\/produit\/pincel-punta-fina\/"]}]},{"@type":"ImageObject","inLanguage":"fr-FR","@id":"https:\/\/yoestudiosalud.es\/produit\/pincel-punta-fina\/#primaryimage","url":"https:\/\/yoestudiosalud.es\/wp-content\/uploads\/2020\/07\/002387.jpg","contentUrl":"https:\/\/yoestudiosalud.es\/wp-content\/uploads\/2020\/07\/002387.jpg","width":650,"height":650},{"@type":"BreadcrumbList","@id":"https:\/\/yoestudiosalud.es\/produit\/pincel-punta-fina\/#breadcrumb","itemListElement":[{"@type":"ListItem","position":1,"name":"Portada","item":"https:\/\/yoestudiosalud.es\/fr\/"},{"@type":"ListItem","position":2,"name":"Boutique","item":"https:\/\/yoestudiosalud.es\/fr\/boutique\/"},{"@type":"ListItem","position":3,"name":"Pinceau \u00e0 pointe fine"}]},{"@type":"WebSite","@id":"https:\/\/yoestudiosalud.es\/en\/#website","url":"https:\/\/yoestudiosalud.es\/en\/","name":"yoestudiosalud.es","description":"Material para estudiantes del sector salud","publisher":{"@id":"https:\/\/yoestudiosalud.es\/en\/#organization"},"potentialAction":[{"@type":"SearchAction","target":{"@type":"EntryPoint","urlTemplate":"https:\/\/yoestudiosalud.es\/en\/?s={search_term_string}"},"query-input":{"@type":"PropertyValueSpecification","valueRequired":true,"valueName":"search_term_string"}}],"inLanguage":"fr-FR"},{"@type":"Organization","@id":"https:\/\/yoestudiosalud.es\/en\/#organization","name":"yoestudiosalud.es","url":"https:\/\/yoestudiosalud.es\/en\/","logo":{"@type":"ImageObject","inLanguage":"fr-FR","@id":"https:\/\/yoestudiosalud.es\/en\/#\/schema\/logo\/image\/","url":"https:\/\/yoestudiosalud.es\/wp-content\/uploads\/2020\/04\/logonew-e1698080827687.png","contentUrl":"https:\/\/yoestudiosalud.es\/wp-content\/uploads\/2020\/04\/logonew-e1698080827687.png","width":421,"height":393,"caption":"yoestudiosalud.es"},"image":{"@id":"https:\/\/yoestudiosalud.es\/en\/#\/schema\/logo\/image\/"}}]}},"_links":{"self":[{"href":"https:\/\/yoestudiosalud.es\/fr\/wp-json\/wp\/v2\/product\/32449","targetHints":{"allow":["GET"]}}],"collection":[{"href":"https:\/\/yoestudiosalud.es\/fr\/wp-json\/wp\/v2\/product"}],"about":[{"href":"https:\/\/yoestudiosalud.es\/fr\/wp-json\/wp\/v2\/types\/product"}],"wp:featuredmedia":[{"embeddable":true,"href":"https:\/\/yoestudiosalud.es\/fr\/wp-json\/wp\/v2\/media\/32450"}],"wp:attachment":[{"href":"https:\/\/yoestudiosalud.es\/fr\/wp-json\/wp\/v2\/media?parent=32449"}],"wp:term":[{"taxonomy":"product_brand","embeddable":true,"href":"https:\/\/yoestudiosalud.es\/fr\/wp-json\/wp\/v2\/product_brand?post=32449"},{"taxonomy":"product_cat","embeddable":true,"href":"https:\/\/yoestudiosalud.es\/fr\/wp-json\/wp\/v2\/product_cat?post=32449"},{"taxonomy":"product_tag","embeddable":true,"href":"https:\/\/yoestudiosalud.es\/fr\/wp-json\/wp\/v2\/product_tag?post=32449"}],"curies":[{"name":"wp","href":"https:\/\/api.w.org\/{rel}","templated":true}]}}