{"id":32447,"date":"2020-07-20T10:52:29","date_gmt":"2020-07-20T10:52:29","guid":{"rendered":"https:\/\/yoestudiosalud.es\/producto\/pince-courbe-arc-facial-uts-3d\/"},"modified":"2025-07-02T00:17:35","modified_gmt":"2025-07-01T22:17:35","slug":"pince-courbe-arc-facial-uts-3d","status":"publish","type":"product","link":"https:\/\/yoestudiosalud.es\/fr\/produit\/pince-courbe-arc-facial-uts-3d\/","title":{"rendered":"GUTTAPERCHA PLUGGER A280S 2\/3"},"content":{"rendered":"<p>Le guttapercha plugger A280S 2\/3 de couleur rouge est g\u00e9n\u00e9ralement utilis\u00e9 lors des interventions d&#8217;endodontie dentaire. Sa fonction principale est de condenser manuellement la guttapercha dans le canal radiculaire de la dent.<\/p>\n<p>Le guttapercha plugger A280S 2\/3 poss\u00e8de deux extr\u00e9mit\u00e9s actives de diff\u00e9rents diam\u00e8tres avec des pointes coniques. Il est \u00e9quip\u00e9 d\u2019un manche en silicone offrant confort d\u2019utilisation. La diff\u00e9rence de taille des extr\u00e9mit\u00e9s facilite l\u2019acc\u00e8s aux zones difficiles, permettant d\u2019exercer une force suffisante pour condenser le mat\u00e9riau.<\/p>\n<p>Dans un traitement endodontique, il est essentiel que la guttapercha s\u2019adapte \u00e0 la forme et \u00e0 la courbure du canal radiculaire, ce plugger facilite cette t\u00e2che. Le r\u00e9sultat est une obturation compl\u00e8te sans espaces vides ni infiltrations pouvant entra\u00eener un processus bact\u00e9rien.<\/p>\n<p>L\u2019obturation manuelle avec le guttapercha plugger est une proc\u00e9dure courante en endodontie. Cette technique consiste \u00e0 compacter manuellement la guttapercha dans le canal radiculaire \u00e0 l\u2019aide d\u2019un plugger sp\u00e9cifique. Apr\u00e8s avoir chauff\u00e9 la guttapercha et l\u2019avoir plac\u00e9e dans le canal, le plugger est utilis\u00e9 pour la condenser et obtenir un scellement herm\u00e9tique. Cette obturation manuelle garantit une adaptation tridimensionnelle pr\u00e9cise de la guttapercha, \u00e9vitant les infiltrations et assurant la stabilit\u00e9 du traitement. C\u2019est une technique efficace et fiable pour obtenir des r\u00e9sultats optimaux en endodontie.<\/p>\n<p>Le succ\u00e8s d\u2019un traitement canalaire ou autre intervention endodontique d\u00e9pend d\u2019une obturation radiculaire optimale, suivie d\u2019un ramollissement et modelage avec les Heat Carrier.<\/p>\n<p>Nous soulignons l\u2019importance des guttapercha plugger A280S 2\/3 et 1\/3 en odontologie endodontique.<\/p>\n<p>Fabriqu\u00e9s par M\u00e1ster Surgical, tant les guttapercha plugger que les Heat Carrier.<\/p>\n<p>&nbsp;<\/p>\n<p><strong>Le GUTTAPERCHA PLUGGER TYPE A280S 2\/3 et 1\/3<\/strong> est requis pour les universit\u00e9s suivantes :<\/p>\n<ul>\n<li><strong>CEU CARDENAL HERRERA VALENCIA<\/strong> pour la deuxi\u00e8me ann\u00e9e d\u2019\u00e9tudes en odontologie<\/li>\n<\/ul>\n","protected":false},"excerpt":{"rendered":"<p>Plugger de gutta-percha type A280S taille 2\/3 avec manche rouge, utilis\u00e9 en endodontie pour condenser manuellement la gutta-percha dans le canal radiculaire de la dent, assurant une adaptation compl\u00e8te \u00e0 la forme et \u00e0 la courbure du canal et contribuant au succ\u00e8s du traitement endodontique.<\/p>\n","protected":false},"featured_media":32448,"template":"","meta":[],"product_brand":[],"product_cat":[680],"product_tag":[673,684,699,766],"class_list":{"0":"post-32447","1":"product","2":"type-product","3":"status-publish","4":"has-post-thumbnail","6":"product_cat-endodontie-fr","7":"product_tag-uv3","8":"product_tag-uemc_cns","9":"product_tag-ceu4","10":"product_tag-ufporto3-fr","11":"pa_formacion-odontologia-fr","13":"first","14":"instock","15":"taxable","16":"shipping-taxable","17":"purchasable","18":"product-type-simple"},"yoast_head":"<!-- This site is optimized with the Yoast SEO Premium plugin v27.0 (Yoast SEO v27.2) - https:\/\/yoast.com\/product\/yoast-seo-premium-wordpress\/ -->\n<title>GUTTAPERCHA PLUGGER A280S 2\/3 - yoestudiosalud.es<\/title>\n<meta name=\"description\" content=\"Le guttapercha plugger A280S 2\/3 de couleur rouge est g\u00e9n\u00e9ralement utilis\u00e9 lors des interventions d&#039;endodontie dentaire.\" \/>\n<meta name=\"robots\" content=\"index, follow, max-snippet:-1, max-image-preview:large, max-video-preview:-1\" \/>\n<link rel=\"canonical\" href=\"https:\/\/yoestudiosalud.es\/produit\/guttapercha-plugger-a280s-23-sp\/\" \/>\n<meta property=\"og:locale\" content=\"fr_FR\" \/>\n<meta property=\"og:type\" content=\"article\" \/>\n<meta property=\"og:title\" content=\"GUTTAPERCHA PLUGGER A280S 2\/3\" \/>\n<meta property=\"og:description\" content=\"Le guttapercha plugger A280S 2\/3 de couleur rouge est g\u00e9n\u00e9ralement utilis\u00e9 lors des interventions d&#039;endodontie dentaire.\" \/>\n<meta property=\"og:url\" content=\"https:\/\/yoestudiosalud.es\/produit\/guttapercha-plugger-a280s-23-sp\/\" \/>\n<meta property=\"og:site_name\" content=\"yoestudiosalud.es\" \/>\n<meta property=\"article:modified_time\" content=\"2025-07-01T22:17:35+00:00\" \/>\n<meta property=\"og:image\" content=\"https:\/\/yoestudiosalud.es\/wp-content\/uploads\/2020\/07\/000534B.jpg\" \/>\n\t<meta property=\"og:image:width\" content=\"650\" \/>\n\t<meta property=\"og:image:height\" content=\"650\" \/>\n\t<meta property=\"og:image:type\" content=\"image\/jpeg\" \/>\n<meta name=\"twitter:card\" content=\"summary_large_image\" \/>\n<meta name=\"twitter:label1\" content=\"Dur\u00e9e de lecture estim\u00e9e\" \/>\n\t<meta name=\"twitter:data1\" content=\"2 minutes\" \/>\n<script type=\"application\/ld+json\" class=\"yoast-schema-graph\">{\"@context\":\"https:\/\/schema.org\",\"@graph\":[{\"@type\":\"WebPage\",\"@id\":\"https:\/\/yoestudiosalud.es\/produit\/guttapercha-plugger-a280s-23-sp\/\",\"url\":\"https:\/\/yoestudiosalud.es\/produit\/guttapercha-plugger-a280s-23-sp\/\",\"name\":\"GUTTAPERCHA PLUGGER A280S 2\/3 - yoestudiosalud.es\",\"isPartOf\":{\"@id\":\"https:\/\/yoestudiosalud.es\/en\/#website\"},\"primaryImageOfPage\":{\"@id\":\"https:\/\/yoestudiosalud.es\/produit\/guttapercha-plugger-a280s-23-sp\/#primaryimage\"},\"image\":{\"@id\":\"https:\/\/yoestudiosalud.es\/produit\/guttapercha-plugger-a280s-23-sp\/#primaryimage\"},\"thumbnailUrl\":\"https:\/\/yoestudiosalud.es\/wp-content\/uploads\/2020\/07\/000534B.jpg\",\"datePublished\":\"2020-07-20T10:52:29+00:00\",\"dateModified\":\"2025-07-01T22:17:35+00:00\",\"description\":\"Le guttapercha plugger A280S 2\/3 de couleur rouge est g\u00e9n\u00e9ralement utilis\u00e9 lors des interventions d'endodontie dentaire.\",\"breadcrumb\":{\"@id\":\"https:\/\/yoestudiosalud.es\/produit\/guttapercha-plugger-a280s-23-sp\/#breadcrumb\"},\"inLanguage\":\"fr-FR\",\"potentialAction\":[{\"@type\":\"ReadAction\",\"target\":[\"https:\/\/yoestudiosalud.es\/produit\/guttapercha-plugger-a280s-23-sp\/\"]}]},{\"@type\":\"ImageObject\",\"inLanguage\":\"fr-FR\",\"@id\":\"https:\/\/yoestudiosalud.es\/produit\/guttapercha-plugger-a280s-23-sp\/#primaryimage\",\"url\":\"https:\/\/yoestudiosalud.es\/wp-content\/uploads\/2020\/07\/000534B.jpg\",\"contentUrl\":\"https:\/\/yoestudiosalud.es\/wp-content\/uploads\/2020\/07\/000534B.jpg\",\"width\":650,\"height\":650,\"caption\":\"GUTTAPERCHA PLUGGER A280S 2\/3\"},{\"@type\":\"BreadcrumbList\",\"@id\":\"https:\/\/yoestudiosalud.es\/produit\/guttapercha-plugger-a280s-23-sp\/#breadcrumb\",\"itemListElement\":[{\"@type\":\"ListItem\",\"position\":1,\"name\":\"Portada\",\"item\":\"https:\/\/yoestudiosalud.es\/fr\/\"},{\"@type\":\"ListItem\",\"position\":2,\"name\":\"Boutique\",\"item\":\"https:\/\/yoestudiosalud.es\/fr\/boutique\/\"},{\"@type\":\"ListItem\",\"position\":3,\"name\":\"GUTTAPERCHA PLUGGER A280S 2\/3\"}]},{\"@type\":\"WebSite\",\"@id\":\"https:\/\/yoestudiosalud.es\/en\/#website\",\"url\":\"https:\/\/yoestudiosalud.es\/en\/\",\"name\":\"yoestudiosalud.es\",\"description\":\"Material para estudiantes del sector salud\",\"publisher\":{\"@id\":\"https:\/\/yoestudiosalud.es\/en\/#organization\"},\"potentialAction\":[{\"@type\":\"SearchAction\",\"target\":{\"@type\":\"EntryPoint\",\"urlTemplate\":\"https:\/\/yoestudiosalud.es\/en\/?s={search_term_string}\"},\"query-input\":{\"@type\":\"PropertyValueSpecification\",\"valueRequired\":true,\"valueName\":\"search_term_string\"}}],\"inLanguage\":\"fr-FR\"},{\"@type\":\"Organization\",\"@id\":\"https:\/\/yoestudiosalud.es\/en\/#organization\",\"name\":\"yoestudiosalud.es\",\"url\":\"https:\/\/yoestudiosalud.es\/en\/\",\"logo\":{\"@type\":\"ImageObject\",\"inLanguage\":\"fr-FR\",\"@id\":\"https:\/\/yoestudiosalud.es\/en\/#\/schema\/logo\/image\/\",\"url\":\"https:\/\/yoestudiosalud.es\/wp-content\/uploads\/2020\/04\/logonew-e1698080827687.png\",\"contentUrl\":\"https:\/\/yoestudiosalud.es\/wp-content\/uploads\/2020\/04\/logonew-e1698080827687.png\",\"width\":421,\"height\":393,\"caption\":\"yoestudiosalud.es\"},\"image\":{\"@id\":\"https:\/\/yoestudiosalud.es\/en\/#\/schema\/logo\/image\/\"}}]}<\/script>\n<!-- \/ Yoast SEO Premium plugin. -->","yoast_head_json":{"title":"GUTTAPERCHA PLUGGER A280S 2\/3 - yoestudiosalud.es","description":"Le guttapercha plugger A280S 2\/3 de couleur rouge est g\u00e9n\u00e9ralement utilis\u00e9 lors des interventions d'endodontie dentaire.","robots":{"index":"index","follow":"follow","max-snippet":"max-snippet:-1","max-image-preview":"max-image-preview:large","max-video-preview":"max-video-preview:-1"},"canonical":"https:\/\/yoestudiosalud.es\/produit\/guttapercha-plugger-a280s-23-sp\/","og_locale":"fr_FR","og_type":"article","og_title":"GUTTAPERCHA PLUGGER A280S 2\/3","og_description":"Le guttapercha plugger A280S 2\/3 de couleur rouge est g\u00e9n\u00e9ralement utilis\u00e9 lors des interventions d'endodontie dentaire.","og_url":"https:\/\/yoestudiosalud.es\/produit\/guttapercha-plugger-a280s-23-sp\/","og_site_name":"yoestudiosalud.es","article_modified_time":"2025-07-01T22:17:35+00:00","og_image":[{"width":650,"height":650,"url":"https:\/\/yoestudiosalud.es\/wp-content\/uploads\/2020\/07\/000534B.jpg","type":"image\/jpeg"}],"twitter_card":"summary_large_image","twitter_misc":{"Dur\u00e9e de lecture estim\u00e9e":"2 minutes"},"schema":{"@context":"https:\/\/schema.org","@graph":[{"@type":"WebPage","@id":"https:\/\/yoestudiosalud.es\/produit\/guttapercha-plugger-a280s-23-sp\/","url":"https:\/\/yoestudiosalud.es\/produit\/guttapercha-plugger-a280s-23-sp\/","name":"GUTTAPERCHA PLUGGER A280S 2\/3 - yoestudiosalud.es","isPartOf":{"@id":"https:\/\/yoestudiosalud.es\/en\/#website"},"primaryImageOfPage":{"@id":"https:\/\/yoestudiosalud.es\/produit\/guttapercha-plugger-a280s-23-sp\/#primaryimage"},"image":{"@id":"https:\/\/yoestudiosalud.es\/produit\/guttapercha-plugger-a280s-23-sp\/#primaryimage"},"thumbnailUrl":"https:\/\/yoestudiosalud.es\/wp-content\/uploads\/2020\/07\/000534B.jpg","datePublished":"2020-07-20T10:52:29+00:00","dateModified":"2025-07-01T22:17:35+00:00","description":"Le guttapercha plugger A280S 2\/3 de couleur rouge est g\u00e9n\u00e9ralement utilis\u00e9 lors des interventions d'endodontie dentaire.","breadcrumb":{"@id":"https:\/\/yoestudiosalud.es\/produit\/guttapercha-plugger-a280s-23-sp\/#breadcrumb"},"inLanguage":"fr-FR","potentialAction":[{"@type":"ReadAction","target":["https:\/\/yoestudiosalud.es\/produit\/guttapercha-plugger-a280s-23-sp\/"]}]},{"@type":"ImageObject","inLanguage":"fr-FR","@id":"https:\/\/yoestudiosalud.es\/produit\/guttapercha-plugger-a280s-23-sp\/#primaryimage","url":"https:\/\/yoestudiosalud.es\/wp-content\/uploads\/2020\/07\/000534B.jpg","contentUrl":"https:\/\/yoestudiosalud.es\/wp-content\/uploads\/2020\/07\/000534B.jpg","width":650,"height":650,"caption":"GUTTAPERCHA PLUGGER A280S 2\/3"},{"@type":"BreadcrumbList","@id":"https:\/\/yoestudiosalud.es\/produit\/guttapercha-plugger-a280s-23-sp\/#breadcrumb","itemListElement":[{"@type":"ListItem","position":1,"name":"Portada","item":"https:\/\/yoestudiosalud.es\/fr\/"},{"@type":"ListItem","position":2,"name":"Boutique","item":"https:\/\/yoestudiosalud.es\/fr\/boutique\/"},{"@type":"ListItem","position":3,"name":"GUTTAPERCHA PLUGGER A280S 2\/3"}]},{"@type":"WebSite","@id":"https:\/\/yoestudiosalud.es\/en\/#website","url":"https:\/\/yoestudiosalud.es\/en\/","name":"yoestudiosalud.es","description":"Material para estudiantes del sector salud","publisher":{"@id":"https:\/\/yoestudiosalud.es\/en\/#organization"},"potentialAction":[{"@type":"SearchAction","target":{"@type":"EntryPoint","urlTemplate":"https:\/\/yoestudiosalud.es\/en\/?s={search_term_string}"},"query-input":{"@type":"PropertyValueSpecification","valueRequired":true,"valueName":"search_term_string"}}],"inLanguage":"fr-FR"},{"@type":"Organization","@id":"https:\/\/yoestudiosalud.es\/en\/#organization","name":"yoestudiosalud.es","url":"https:\/\/yoestudiosalud.es\/en\/","logo":{"@type":"ImageObject","inLanguage":"fr-FR","@id":"https:\/\/yoestudiosalud.es\/en\/#\/schema\/logo\/image\/","url":"https:\/\/yoestudiosalud.es\/wp-content\/uploads\/2020\/04\/logonew-e1698080827687.png","contentUrl":"https:\/\/yoestudiosalud.es\/wp-content\/uploads\/2020\/04\/logonew-e1698080827687.png","width":421,"height":393,"caption":"yoestudiosalud.es"},"image":{"@id":"https:\/\/yoestudiosalud.es\/en\/#\/schema\/logo\/image\/"}}]}},"_links":{"self":[{"href":"https:\/\/yoestudiosalud.es\/fr\/wp-json\/wp\/v2\/product\/32447","targetHints":{"allow":["GET"]}}],"collection":[{"href":"https:\/\/yoestudiosalud.es\/fr\/wp-json\/wp\/v2\/product"}],"about":[{"href":"https:\/\/yoestudiosalud.es\/fr\/wp-json\/wp\/v2\/types\/product"}],"wp:featuredmedia":[{"embeddable":true,"href":"https:\/\/yoestudiosalud.es\/fr\/wp-json\/wp\/v2\/media\/32448"}],"wp:attachment":[{"href":"https:\/\/yoestudiosalud.es\/fr\/wp-json\/wp\/v2\/media?parent=32447"}],"wp:term":[{"taxonomy":"product_brand","embeddable":true,"href":"https:\/\/yoestudiosalud.es\/fr\/wp-json\/wp\/v2\/product_brand?post=32447"},{"taxonomy":"product_cat","embeddable":true,"href":"https:\/\/yoestudiosalud.es\/fr\/wp-json\/wp\/v2\/product_cat?post=32447"},{"taxonomy":"product_tag","embeddable":true,"href":"https:\/\/yoestudiosalud.es\/fr\/wp-json\/wp\/v2\/product_tag?post=32447"}],"curies":[{"name":"wp","href":"https:\/\/api.w.org\/{rel}","templated":true}]}}