{"id":32389,"date":"2021-11-15T18:02:25","date_gmt":"2021-11-15T18:02:25","guid":{"rendered":"https:\/\/yoestudiosalud.es\/producto\/pince-weingart\/"},"modified":"2021-11-15T18:02:25","modified_gmt":"2021-11-15T17:02:25","slug":"pince-weingart","status":"publish","type":"product","link":"https:\/\/yoestudiosalud.es\/fr\/produit\/pince-weingart\/","title":{"rendered":"Pince Weingart"},"content":{"rendered":"<p>La pince Weingart est l\u2019instrument id\u00e9al pour retirer les brackets, sa pointe fine et arrondie offre une plus grande s\u00e9curit\u00e9. Fabriqu\u00e9e en acier inoxydable allemand. Longueur 13,5 cm.<\/p>\n","protected":false},"excerpt":{"rendered":"<p>La pince Weingart est l&#8217;instrument id\u00e9al pour retirer les brackets, sa pointe fine et arrondie permet une plus grande s\u00e9curit\u00e9. Fabriqu\u00e9e en acier inoxydable allemand. Longueur 13,5 cm.<\/p>\n","protected":false},"featured_media":32390,"template":"","meta":[],"product_brand":[],"product_cat":[711],"product_tag":[685,755],"class_list":{"0":"post-32389","1":"product","2":"type-product","3":"status-publish","4":"has-post-thumbnail","6":"product_cat-orthodontie-fr","7":"product_tag-uemc_ort","8":"product_tag-ucam3-fr","9":"pa_formacion-odontologia-fr","11":"first","12":"instock","13":"sale","14":"taxable","15":"shipping-taxable","16":"purchasable","17":"product-type-simple"},"yoast_head":"<!-- This site is optimized with the Yoast SEO Premium plugin v27.0 (Yoast SEO v27.4) - https:\/\/yoast.com\/product\/yoast-seo-premium-wordpress\/ -->\n<title>Pince Weingart - yoestudiosalud.es El dep\u00f3sito dental del estudiante<\/title>\n<meta name=\"description\" content=\"El alicate Weingart es el instrumento ideal para la retirar brackets, su punta fina y redondeada permite una mayor seguridad. Compralo online\" \/>\n<meta name=\"robots\" content=\"index, follow, max-snippet:-1, max-image-preview:large, max-video-preview:-1\" \/>\n<link rel=\"canonical\" href=\"https:\/\/yoestudiosalud.es\/produit\/alicate-weingart\/\" \/>\n<meta property=\"og:locale\" content=\"fr_FR\" \/>\n<meta property=\"og:type\" content=\"article\" \/>\n<meta property=\"og:title\" content=\"Pince Weingart\" \/>\n<meta property=\"og:description\" content=\"El alicate Weingart es el instrumento ideal para la retirar brackets, su punta fina y redondeada permite una mayor seguridad. Compralo online\" \/>\n<meta property=\"og:url\" content=\"https:\/\/yoestudiosalud.es\/produit\/alicate-weingart\/\" \/>\n<meta property=\"og:site_name\" content=\"yoestudiosalud.es\" \/>\n<meta property=\"og:image\" content=\"https:\/\/yoestudiosalud.es\/wp-content\/uploads\/2021\/11\/001608.jpg\" \/>\n\t<meta property=\"og:image:width\" content=\"650\" \/>\n\t<meta property=\"og:image:height\" content=\"650\" \/>\n\t<meta property=\"og:image:type\" content=\"image\/jpeg\" \/>\n<meta name=\"twitter:card\" content=\"summary_large_image\" \/>\n<script type=\"application\/ld+json\" class=\"yoast-schema-graph\">{\"@context\":\"https:\\\/\\\/schema.org\",\"@graph\":[{\"@type\":\"WebPage\",\"@id\":\"https:\\\/\\\/yoestudiosalud.es\\\/produit\\\/alicate-weingart\\\/\",\"url\":\"https:\\\/\\\/yoestudiosalud.es\\\/produit\\\/alicate-weingart\\\/\",\"name\":\"Pince Weingart - yoestudiosalud.es El dep\u00f3sito dental del estudiante\",\"isPartOf\":{\"@id\":\"https:\\\/\\\/yoestudiosalud.es\\\/en\\\/#website\"},\"primaryImageOfPage\":{\"@id\":\"https:\\\/\\\/yoestudiosalud.es\\\/produit\\\/alicate-weingart\\\/#primaryimage\"},\"image\":{\"@id\":\"https:\\\/\\\/yoestudiosalud.es\\\/produit\\\/alicate-weingart\\\/#primaryimage\"},\"thumbnailUrl\":\"https:\\\/\\\/yoestudiosalud.es\\\/wp-content\\\/uploads\\\/2021\\\/11\\\/001608.jpg\",\"datePublished\":\"2021-11-15T18:02:25+00:00\",\"description\":\"El alicate Weingart es el instrumento ideal para la retirar brackets, su punta fina y redondeada permite una mayor seguridad. Compralo online\",\"breadcrumb\":{\"@id\":\"https:\\\/\\\/yoestudiosalud.es\\\/produit\\\/alicate-weingart\\\/#breadcrumb\"},\"inLanguage\":\"fr-FR\",\"potentialAction\":[{\"@type\":\"ReadAction\",\"target\":[\"https:\\\/\\\/yoestudiosalud.es\\\/produit\\\/alicate-weingart\\\/\"]}]},{\"@type\":\"ImageObject\",\"inLanguage\":\"fr-FR\",\"@id\":\"https:\\\/\\\/yoestudiosalud.es\\\/produit\\\/alicate-weingart\\\/#primaryimage\",\"url\":\"https:\\\/\\\/yoestudiosalud.es\\\/wp-content\\\/uploads\\\/2021\\\/11\\\/001608.jpg\",\"contentUrl\":\"https:\\\/\\\/yoestudiosalud.es\\\/wp-content\\\/uploads\\\/2021\\\/11\\\/001608.jpg\",\"width\":650,\"height\":650,\"caption\":\"ALICATE WEINGART\"},{\"@type\":\"BreadcrumbList\",\"@id\":\"https:\\\/\\\/yoestudiosalud.es\\\/produit\\\/alicate-weingart\\\/#breadcrumb\",\"itemListElement\":[{\"@type\":\"ListItem\",\"position\":1,\"name\":\"Portada\",\"item\":\"https:\\\/\\\/yoestudiosalud.es\\\/fr\\\/\"},{\"@type\":\"ListItem\",\"position\":2,\"name\":\"Boutique\",\"item\":\"https:\\\/\\\/yoestudiosalud.es\\\/fr\\\/boutique\\\/\"},{\"@type\":\"ListItem\",\"position\":3,\"name\":\"Pince Weingart\"}]},{\"@type\":\"WebSite\",\"@id\":\"https:\\\/\\\/yoestudiosalud.es\\\/en\\\/#website\",\"url\":\"https:\\\/\\\/yoestudiosalud.es\\\/en\\\/\",\"name\":\"yoestudiosalud.es\",\"description\":\"Material para estudiantes del sector salud\",\"publisher\":{\"@id\":\"https:\\\/\\\/yoestudiosalud.es\\\/en\\\/#organization\"},\"potentialAction\":[{\"@type\":\"SearchAction\",\"target\":{\"@type\":\"EntryPoint\",\"urlTemplate\":\"https:\\\/\\\/yoestudiosalud.es\\\/en\\\/?s={search_term_string}\"},\"query-input\":{\"@type\":\"PropertyValueSpecification\",\"valueRequired\":true,\"valueName\":\"search_term_string\"}}],\"inLanguage\":\"fr-FR\"},{\"@type\":\"Organization\",\"@id\":\"https:\\\/\\\/yoestudiosalud.es\\\/en\\\/#organization\",\"name\":\"yoestudiosalud.es\",\"url\":\"https:\\\/\\\/yoestudiosalud.es\\\/en\\\/\",\"logo\":{\"@type\":\"ImageObject\",\"inLanguage\":\"fr-FR\",\"@id\":\"https:\\\/\\\/yoestudiosalud.es\\\/en\\\/#\\\/schema\\\/logo\\\/image\\\/\",\"url\":\"https:\\\/\\\/yoestudiosalud.es\\\/wp-content\\\/uploads\\\/2020\\\/04\\\/logonew-e1698080827687.png\",\"contentUrl\":\"https:\\\/\\\/yoestudiosalud.es\\\/wp-content\\\/uploads\\\/2020\\\/04\\\/logonew-e1698080827687.png\",\"width\":421,\"height\":393,\"caption\":\"yoestudiosalud.es\"},\"image\":{\"@id\":\"https:\\\/\\\/yoestudiosalud.es\\\/en\\\/#\\\/schema\\\/logo\\\/image\\\/\"}}]}<\/script>\n<!-- \/ Yoast SEO Premium plugin. -->","yoast_head_json":{"title":"Pince Weingart - yoestudiosalud.es El dep\u00f3sito dental del estudiante","description":"El alicate Weingart es el instrumento ideal para la retirar brackets, su punta fina y redondeada permite una mayor seguridad. Compralo online","robots":{"index":"index","follow":"follow","max-snippet":"max-snippet:-1","max-image-preview":"max-image-preview:large","max-video-preview":"max-video-preview:-1"},"canonical":"https:\/\/yoestudiosalud.es\/produit\/alicate-weingart\/","og_locale":"fr_FR","og_type":"article","og_title":"Pince Weingart","og_description":"El alicate Weingart es el instrumento ideal para la retirar brackets, su punta fina y redondeada permite una mayor seguridad. Compralo online","og_url":"https:\/\/yoestudiosalud.es\/produit\/alicate-weingart\/","og_site_name":"yoestudiosalud.es","og_image":[{"width":650,"height":650,"url":"https:\/\/yoestudiosalud.es\/wp-content\/uploads\/2021\/11\/001608.jpg","type":"image\/jpeg"}],"twitter_card":"summary_large_image","schema":{"@context":"https:\/\/schema.org","@graph":[{"@type":"WebPage","@id":"https:\/\/yoestudiosalud.es\/produit\/alicate-weingart\/","url":"https:\/\/yoestudiosalud.es\/produit\/alicate-weingart\/","name":"Pince Weingart - yoestudiosalud.es El dep\u00f3sito dental del estudiante","isPartOf":{"@id":"https:\/\/yoestudiosalud.es\/en\/#website"},"primaryImageOfPage":{"@id":"https:\/\/yoestudiosalud.es\/produit\/alicate-weingart\/#primaryimage"},"image":{"@id":"https:\/\/yoestudiosalud.es\/produit\/alicate-weingart\/#primaryimage"},"thumbnailUrl":"https:\/\/yoestudiosalud.es\/wp-content\/uploads\/2021\/11\/001608.jpg","datePublished":"2021-11-15T18:02:25+00:00","description":"El alicate Weingart es el instrumento ideal para la retirar brackets, su punta fina y redondeada permite una mayor seguridad. Compralo online","breadcrumb":{"@id":"https:\/\/yoestudiosalud.es\/produit\/alicate-weingart\/#breadcrumb"},"inLanguage":"fr-FR","potentialAction":[{"@type":"ReadAction","target":["https:\/\/yoestudiosalud.es\/produit\/alicate-weingart\/"]}]},{"@type":"ImageObject","inLanguage":"fr-FR","@id":"https:\/\/yoestudiosalud.es\/produit\/alicate-weingart\/#primaryimage","url":"https:\/\/yoestudiosalud.es\/wp-content\/uploads\/2021\/11\/001608.jpg","contentUrl":"https:\/\/yoestudiosalud.es\/wp-content\/uploads\/2021\/11\/001608.jpg","width":650,"height":650,"caption":"ALICATE WEINGART"},{"@type":"BreadcrumbList","@id":"https:\/\/yoestudiosalud.es\/produit\/alicate-weingart\/#breadcrumb","itemListElement":[{"@type":"ListItem","position":1,"name":"Portada","item":"https:\/\/yoestudiosalud.es\/fr\/"},{"@type":"ListItem","position":2,"name":"Boutique","item":"https:\/\/yoestudiosalud.es\/fr\/boutique\/"},{"@type":"ListItem","position":3,"name":"Pince Weingart"}]},{"@type":"WebSite","@id":"https:\/\/yoestudiosalud.es\/en\/#website","url":"https:\/\/yoestudiosalud.es\/en\/","name":"yoestudiosalud.es","description":"Material para estudiantes del sector salud","publisher":{"@id":"https:\/\/yoestudiosalud.es\/en\/#organization"},"potentialAction":[{"@type":"SearchAction","target":{"@type":"EntryPoint","urlTemplate":"https:\/\/yoestudiosalud.es\/en\/?s={search_term_string}"},"query-input":{"@type":"PropertyValueSpecification","valueRequired":true,"valueName":"search_term_string"}}],"inLanguage":"fr-FR"},{"@type":"Organization","@id":"https:\/\/yoestudiosalud.es\/en\/#organization","name":"yoestudiosalud.es","url":"https:\/\/yoestudiosalud.es\/en\/","logo":{"@type":"ImageObject","inLanguage":"fr-FR","@id":"https:\/\/yoestudiosalud.es\/en\/#\/schema\/logo\/image\/","url":"https:\/\/yoestudiosalud.es\/wp-content\/uploads\/2020\/04\/logonew-e1698080827687.png","contentUrl":"https:\/\/yoestudiosalud.es\/wp-content\/uploads\/2020\/04\/logonew-e1698080827687.png","width":421,"height":393,"caption":"yoestudiosalud.es"},"image":{"@id":"https:\/\/yoestudiosalud.es\/en\/#\/schema\/logo\/image\/"}}]}},"_links":{"self":[{"href":"https:\/\/yoestudiosalud.es\/fr\/wp-json\/wp\/v2\/product\/32389","targetHints":{"allow":["GET"]}}],"collection":[{"href":"https:\/\/yoestudiosalud.es\/fr\/wp-json\/wp\/v2\/product"}],"about":[{"href":"https:\/\/yoestudiosalud.es\/fr\/wp-json\/wp\/v2\/types\/product"}],"wp:featuredmedia":[{"embeddable":true,"href":"https:\/\/yoestudiosalud.es\/fr\/wp-json\/wp\/v2\/media\/32390"}],"wp:attachment":[{"href":"https:\/\/yoestudiosalud.es\/fr\/wp-json\/wp\/v2\/media?parent=32389"}],"wp:term":[{"taxonomy":"product_brand","embeddable":true,"href":"https:\/\/yoestudiosalud.es\/fr\/wp-json\/wp\/v2\/product_brand?post=32389"},{"taxonomy":"product_cat","embeddable":true,"href":"https:\/\/yoestudiosalud.es\/fr\/wp-json\/wp\/v2\/product_cat?post=32389"},{"taxonomy":"product_tag","embeddable":true,"href":"https:\/\/yoestudiosalud.es\/fr\/wp-json\/wp\/v2\/product_tag?post=32389"}],"curies":[{"name":"wp","href":"https:\/\/api.w.org\/{rel}","templated":true}]}}