{"id":32383,"date":"2021-11-08T15:08:35","date_gmt":"2021-11-08T15:08:35","guid":{"rendered":"https:\/\/yoestudiosalud.es\/producto\/set-varie-de-coin-en-bois\/"},"modified":"2021-11-08T15:08:35","modified_gmt":"2021-11-08T14:08:35","slug":"set-varie-de-coin-en-bois","status":"publish","type":"product","link":"https:\/\/yoestudiosalud.es\/fr\/produit\/set-varie-de-coin-en-bois\/","title":{"rendered":"SET VARI\u00c9 DE COIN EN BOIS"},"content":{"rendered":"<p>Le set vari\u00e9 de cales en bois comprend 100 unit\u00e9s de cales r\u00e9parties en six tailles diff\u00e9rentes :<\/p>\n<p>\u2022 Orange : superfine, courte.<br \/>\n\u2022 Blanc : mince, courte.<br \/>\n\u2022 Jaune : fine, longue.<br \/>\n\u2022 Bleu : moyenne, courte.<br \/>\n\u2022 Rose : moyenne, longue.<br \/>\n\u2022 Violet : \u00e9paisse, longue.<\/p>\n","protected":false},"excerpt":{"rendered":"<p>Le set vari\u00e9 de cales en bois comprend 100 unit\u00e9s de cales r\u00e9parties en six tailles diff\u00e9rentes :<\/p>\n<p>\u2022 Orange : superfine, courte.<br \/>\n\u2022 Blanc : mince, courte.<br \/>\n\u2022 Jaune : fine, longue.<br \/>\n\u2022 Bleu : moyenne, courte.<br \/>\n\u2022 Rose : moyenne, longue.<br \/>\n\u2022 Violet : \u00e9paisse, longue.<\/p>\n","protected":false},"featured_media":32384,"template":"","meta":[],"product_brand":[],"product_cat":[716],"product_tag":[684,762],"class_list":{"0":"post-32383","1":"product","2":"type-product","3":"status-publish","4":"has-post-thumbnail","6":"product_cat-consommables-fr","7":"product_tag-uemc_cns","8":"product_tag-ucam4-fr","9":"pa_formacion-odontologia-fr","11":"first","12":"instock","13":"sale","14":"taxable","15":"shipping-taxable","16":"purchasable","17":"product-type-simple"},"yoast_head":"<!-- This site is optimized with the Yoast SEO Premium plugin v27.0 (Yoast SEO v27.2) - https:\/\/yoast.com\/product\/yoast-seo-premium-wordpress\/ -->\n<title>SET VARI\u00c9 DE COIN EN BOIS - yoestudiosalud.es dep\u00f3sito dental<\/title>\n<meta name=\"description\" content=\"El set variado de cu\u00f1as de madera incluye 100 unidades de cu\u00f1as distribuidos en seis diferentes tama\u00f1os. Compralo online en la tienda.\" \/>\n<meta name=\"robots\" content=\"index, follow, max-snippet:-1, max-image-preview:large, max-video-preview:-1\" \/>\n<link rel=\"canonical\" href=\"https:\/\/yoestudiosalud.es\/produit\/set-variado-cunas-de-madera\/\" \/>\n<meta property=\"og:locale\" content=\"fr_FR\" \/>\n<meta property=\"og:type\" content=\"article\" \/>\n<meta property=\"og:title\" content=\"SET VARI\u00c9 DE COIN EN BOIS\" \/>\n<meta property=\"og:description\" content=\"El set variado de cu\u00f1as de madera incluye 100 unidades de cu\u00f1as distribuidos en seis diferentes tama\u00f1os. Compralo online en la tienda.\" \/>\n<meta property=\"og:url\" content=\"https:\/\/yoestudiosalud.es\/produit\/set-variado-cunas-de-madera\/\" \/>\n<meta property=\"og:site_name\" content=\"yoestudiosalud.es\" \/>\n<meta property=\"og:image\" content=\"https:\/\/yoestudiosalud.es\/wp-content\/uploads\/2021\/11\/003816.jpg\" \/>\n\t<meta property=\"og:image:width\" content=\"650\" \/>\n\t<meta property=\"og:image:height\" content=\"650\" \/>\n\t<meta property=\"og:image:type\" content=\"image\/jpeg\" \/>\n<meta name=\"twitter:card\" content=\"summary_large_image\" \/>\n<script type=\"application\/ld+json\" class=\"yoast-schema-graph\">{\"@context\":\"https:\/\/schema.org\",\"@graph\":[{\"@type\":\"WebPage\",\"@id\":\"https:\/\/yoestudiosalud.es\/produit\/set-variado-cunas-de-madera\/\",\"url\":\"https:\/\/yoestudiosalud.es\/produit\/set-variado-cunas-de-madera\/\",\"name\":\"SET VARI\u00c9 DE COIN EN BOIS - yoestudiosalud.es dep\u00f3sito dental\",\"isPartOf\":{\"@id\":\"https:\/\/yoestudiosalud.es\/en\/#website\"},\"primaryImageOfPage\":{\"@id\":\"https:\/\/yoestudiosalud.es\/produit\/set-variado-cunas-de-madera\/#primaryimage\"},\"image\":{\"@id\":\"https:\/\/yoestudiosalud.es\/produit\/set-variado-cunas-de-madera\/#primaryimage\"},\"thumbnailUrl\":\"https:\/\/yoestudiosalud.es\/wp-content\/uploads\/2021\/11\/003816.jpg\",\"datePublished\":\"2021-11-08T15:08:35+00:00\",\"description\":\"El set variado de cu\u00f1as de madera incluye 100 unidades de cu\u00f1as distribuidos en seis diferentes tama\u00f1os. Compralo online en la tienda.\",\"breadcrumb\":{\"@id\":\"https:\/\/yoestudiosalud.es\/produit\/set-variado-cunas-de-madera\/#breadcrumb\"},\"inLanguage\":\"fr-FR\",\"potentialAction\":[{\"@type\":\"ReadAction\",\"target\":[\"https:\/\/yoestudiosalud.es\/produit\/set-variado-cunas-de-madera\/\"]}]},{\"@type\":\"ImageObject\",\"inLanguage\":\"fr-FR\",\"@id\":\"https:\/\/yoestudiosalud.es\/produit\/set-variado-cunas-de-madera\/#primaryimage\",\"url\":\"https:\/\/yoestudiosalud.es\/wp-content\/uploads\/2021\/11\/003816.jpg\",\"contentUrl\":\"https:\/\/yoestudiosalud.es\/wp-content\/uploads\/2021\/11\/003816.jpg\",\"width\":650,\"height\":650,\"caption\":\"SET VARIADO CU\u00d1AS MADERA\"},{\"@type\":\"BreadcrumbList\",\"@id\":\"https:\/\/yoestudiosalud.es\/produit\/set-variado-cunas-de-madera\/#breadcrumb\",\"itemListElement\":[{\"@type\":\"ListItem\",\"position\":1,\"name\":\"Portada\",\"item\":\"https:\/\/yoestudiosalud.es\/fr\/\"},{\"@type\":\"ListItem\",\"position\":2,\"name\":\"Boutique\",\"item\":\"https:\/\/yoestudiosalud.es\/fr\/boutique\/\"},{\"@type\":\"ListItem\",\"position\":3,\"name\":\"SET VARI\u00c9 DE COIN EN BOIS\"}]},{\"@type\":\"WebSite\",\"@id\":\"https:\/\/yoestudiosalud.es\/en\/#website\",\"url\":\"https:\/\/yoestudiosalud.es\/en\/\",\"name\":\"yoestudiosalud.es\",\"description\":\"Material para estudiantes del sector salud\",\"publisher\":{\"@id\":\"https:\/\/yoestudiosalud.es\/en\/#organization\"},\"potentialAction\":[{\"@type\":\"SearchAction\",\"target\":{\"@type\":\"EntryPoint\",\"urlTemplate\":\"https:\/\/yoestudiosalud.es\/en\/?s={search_term_string}\"},\"query-input\":{\"@type\":\"PropertyValueSpecification\",\"valueRequired\":true,\"valueName\":\"search_term_string\"}}],\"inLanguage\":\"fr-FR\"},{\"@type\":\"Organization\",\"@id\":\"https:\/\/yoestudiosalud.es\/en\/#organization\",\"name\":\"yoestudiosalud.es\",\"url\":\"https:\/\/yoestudiosalud.es\/en\/\",\"logo\":{\"@type\":\"ImageObject\",\"inLanguage\":\"fr-FR\",\"@id\":\"https:\/\/yoestudiosalud.es\/en\/#\/schema\/logo\/image\/\",\"url\":\"https:\/\/yoestudiosalud.es\/wp-content\/uploads\/2020\/04\/logonew-e1698080827687.png\",\"contentUrl\":\"https:\/\/yoestudiosalud.es\/wp-content\/uploads\/2020\/04\/logonew-e1698080827687.png\",\"width\":421,\"height\":393,\"caption\":\"yoestudiosalud.es\"},\"image\":{\"@id\":\"https:\/\/yoestudiosalud.es\/en\/#\/schema\/logo\/image\/\"}}]}<\/script>\n<!-- \/ Yoast SEO Premium plugin. -->","yoast_head_json":{"title":"SET VARI\u00c9 DE COIN EN BOIS - yoestudiosalud.es dep\u00f3sito dental","description":"El set variado de cu\u00f1as de madera incluye 100 unidades de cu\u00f1as distribuidos en seis diferentes tama\u00f1os. Compralo online en la tienda.","robots":{"index":"index","follow":"follow","max-snippet":"max-snippet:-1","max-image-preview":"max-image-preview:large","max-video-preview":"max-video-preview:-1"},"canonical":"https:\/\/yoestudiosalud.es\/produit\/set-variado-cunas-de-madera\/","og_locale":"fr_FR","og_type":"article","og_title":"SET VARI\u00c9 DE COIN EN BOIS","og_description":"El set variado de cu\u00f1as de madera incluye 100 unidades de cu\u00f1as distribuidos en seis diferentes tama\u00f1os. Compralo online en la tienda.","og_url":"https:\/\/yoestudiosalud.es\/produit\/set-variado-cunas-de-madera\/","og_site_name":"yoestudiosalud.es","og_image":[{"width":650,"height":650,"url":"https:\/\/yoestudiosalud.es\/wp-content\/uploads\/2021\/11\/003816.jpg","type":"image\/jpeg"}],"twitter_card":"summary_large_image","schema":{"@context":"https:\/\/schema.org","@graph":[{"@type":"WebPage","@id":"https:\/\/yoestudiosalud.es\/produit\/set-variado-cunas-de-madera\/","url":"https:\/\/yoestudiosalud.es\/produit\/set-variado-cunas-de-madera\/","name":"SET VARI\u00c9 DE COIN EN BOIS - yoestudiosalud.es dep\u00f3sito dental","isPartOf":{"@id":"https:\/\/yoestudiosalud.es\/en\/#website"},"primaryImageOfPage":{"@id":"https:\/\/yoestudiosalud.es\/produit\/set-variado-cunas-de-madera\/#primaryimage"},"image":{"@id":"https:\/\/yoestudiosalud.es\/produit\/set-variado-cunas-de-madera\/#primaryimage"},"thumbnailUrl":"https:\/\/yoestudiosalud.es\/wp-content\/uploads\/2021\/11\/003816.jpg","datePublished":"2021-11-08T15:08:35+00:00","description":"El set variado de cu\u00f1as de madera incluye 100 unidades de cu\u00f1as distribuidos en seis diferentes tama\u00f1os. Compralo online en la tienda.","breadcrumb":{"@id":"https:\/\/yoestudiosalud.es\/produit\/set-variado-cunas-de-madera\/#breadcrumb"},"inLanguage":"fr-FR","potentialAction":[{"@type":"ReadAction","target":["https:\/\/yoestudiosalud.es\/produit\/set-variado-cunas-de-madera\/"]}]},{"@type":"ImageObject","inLanguage":"fr-FR","@id":"https:\/\/yoestudiosalud.es\/produit\/set-variado-cunas-de-madera\/#primaryimage","url":"https:\/\/yoestudiosalud.es\/wp-content\/uploads\/2021\/11\/003816.jpg","contentUrl":"https:\/\/yoestudiosalud.es\/wp-content\/uploads\/2021\/11\/003816.jpg","width":650,"height":650,"caption":"SET VARIADO CU\u00d1AS MADERA"},{"@type":"BreadcrumbList","@id":"https:\/\/yoestudiosalud.es\/produit\/set-variado-cunas-de-madera\/#breadcrumb","itemListElement":[{"@type":"ListItem","position":1,"name":"Portada","item":"https:\/\/yoestudiosalud.es\/fr\/"},{"@type":"ListItem","position":2,"name":"Boutique","item":"https:\/\/yoestudiosalud.es\/fr\/boutique\/"},{"@type":"ListItem","position":3,"name":"SET VARI\u00c9 DE COIN EN BOIS"}]},{"@type":"WebSite","@id":"https:\/\/yoestudiosalud.es\/en\/#website","url":"https:\/\/yoestudiosalud.es\/en\/","name":"yoestudiosalud.es","description":"Material para estudiantes del sector salud","publisher":{"@id":"https:\/\/yoestudiosalud.es\/en\/#organization"},"potentialAction":[{"@type":"SearchAction","target":{"@type":"EntryPoint","urlTemplate":"https:\/\/yoestudiosalud.es\/en\/?s={search_term_string}"},"query-input":{"@type":"PropertyValueSpecification","valueRequired":true,"valueName":"search_term_string"}}],"inLanguage":"fr-FR"},{"@type":"Organization","@id":"https:\/\/yoestudiosalud.es\/en\/#organization","name":"yoestudiosalud.es","url":"https:\/\/yoestudiosalud.es\/en\/","logo":{"@type":"ImageObject","inLanguage":"fr-FR","@id":"https:\/\/yoestudiosalud.es\/en\/#\/schema\/logo\/image\/","url":"https:\/\/yoestudiosalud.es\/wp-content\/uploads\/2020\/04\/logonew-e1698080827687.png","contentUrl":"https:\/\/yoestudiosalud.es\/wp-content\/uploads\/2020\/04\/logonew-e1698080827687.png","width":421,"height":393,"caption":"yoestudiosalud.es"},"image":{"@id":"https:\/\/yoestudiosalud.es\/en\/#\/schema\/logo\/image\/"}}]}},"_links":{"self":[{"href":"https:\/\/yoestudiosalud.es\/fr\/wp-json\/wp\/v2\/product\/32383","targetHints":{"allow":["GET"]}}],"collection":[{"href":"https:\/\/yoestudiosalud.es\/fr\/wp-json\/wp\/v2\/product"}],"about":[{"href":"https:\/\/yoestudiosalud.es\/fr\/wp-json\/wp\/v2\/types\/product"}],"wp:featuredmedia":[{"embeddable":true,"href":"https:\/\/yoestudiosalud.es\/fr\/wp-json\/wp\/v2\/media\/32384"}],"wp:attachment":[{"href":"https:\/\/yoestudiosalud.es\/fr\/wp-json\/wp\/v2\/media?parent=32383"}],"wp:term":[{"taxonomy":"product_brand","embeddable":true,"href":"https:\/\/yoestudiosalud.es\/fr\/wp-json\/wp\/v2\/product_brand?post=32383"},{"taxonomy":"product_cat","embeddable":true,"href":"https:\/\/yoestudiosalud.es\/fr\/wp-json\/wp\/v2\/product_cat?post=32383"},{"taxonomy":"product_tag","embeddable":true,"href":"https:\/\/yoestudiosalud.es\/fr\/wp-json\/wp\/v2\/product_tag?post=32383"}],"curies":[{"name":"wp","href":"https:\/\/api.w.org\/{rel}","templated":true}]}}