{"id":32372,"date":"2021-10-28T13:48:09","date_gmt":"2021-10-28T13:48:09","guid":{"rendered":"https:\/\/yoestudiosalud.es\/producto\/rouleau-de-bande-matrice\/"},"modified":"2025-07-02T11:44:34","modified_gmt":"2025-07-02T09:44:34","slug":"rollo-banda-matriz","status":"publish","type":"product","link":"https:\/\/yoestudiosalud.es\/fr\/produit\/rollo-banda-matriz\/","title":{"rendered":"BANDE DE MATRICE ENROUL\u00c9E"},"content":{"rendered":"<p>Bande de matrice dentaire enroul\u00e9e pour s&#8217;adapter \u00e0 la surface de la dent en vue de la restauration. Elle reproduit les contours anatomiques et remplace la paroi manquante pendant le processus de restauration, formant ainsi une simple cavit\u00e9 pour faciliter la restauration. Epaisseur 0.0015&#8243; (0.006 mm), largeur : 0.25&#8243; (1,00 mm), longueur 10 pieds (3,05 mt.)<\/p>\n","protected":false},"excerpt":{"rendered":"<p>Bande de matrice dentaire enroul\u00e9e pour s&#8217;adapter \u00e0 la surface de la dent en vue de la restauration.<\/p>\n","protected":false},"featured_media":32373,"template":"","meta":[],"product_brand":[],"product_cat":[669],"product_tag":[684],"class_list":{"0":"post-32372","1":"product","2":"type-product","3":"status-publish","4":"has-post-thumbnail","6":"product_cat-general-fr","7":"product_tag-uemc_cns","8":"pa_formacion-odontologia-fr","10":"first","11":"instock","12":"sale","13":"taxable","14":"shipping-taxable","15":"purchasable","16":"product-type-simple"},"yoast_head":"<!-- This site is optimized with the Yoast SEO Premium plugin v27.0 (Yoast SEO v27.2) - https:\/\/yoast.com\/product\/yoast-seo-premium-wordpress\/ -->\n<title>BANDE DE MATRICE ENROUL\u00c9E - yoestudiosalud.es el dep\u00f3sito del estudiante<\/title>\n<meta name=\"description\" content=\"Bande de matrice dentaire enroul\u00e9e pour s&#039;adapter \u00e0 la surface de la dent en vue de la restauration.\" \/>\n<meta name=\"robots\" content=\"index, follow, max-snippet:-1, max-image-preview:large, max-video-preview:-1\" \/>\n<link rel=\"canonical\" href=\"https:\/\/yoestudiosalud.es\/produit\/rollo-banda-matriz\/\" \/>\n<meta property=\"og:locale\" content=\"fr_FR\" \/>\n<meta property=\"og:type\" content=\"article\" \/>\n<meta property=\"og:title\" content=\"BANDE DE MATRICE ENROUL\u00c9E\" \/>\n<meta property=\"og:description\" content=\"Bande de matrice dentaire enroul\u00e9e pour s&#039;adapter \u00e0 la surface de la dent en vue de la restauration.\" \/>\n<meta property=\"og:url\" content=\"https:\/\/yoestudiosalud.es\/produit\/rollo-banda-matriz\/\" \/>\n<meta property=\"og:site_name\" content=\"yoestudiosalud.es\" \/>\n<meta property=\"article:modified_time\" content=\"2025-07-02T09:44:34+00:00\" \/>\n<meta property=\"og:image\" content=\"https:\/\/yoestudiosalud.es\/wp-content\/uploads\/2021\/10\/000759.jpg\" \/>\n\t<meta property=\"og:image:width\" content=\"650\" \/>\n\t<meta property=\"og:image:height\" content=\"650\" \/>\n\t<meta property=\"og:image:type\" content=\"image\/jpeg\" \/>\n<meta name=\"twitter:card\" content=\"summary_large_image\" \/>\n<script type=\"application\/ld+json\" class=\"yoast-schema-graph\">{\"@context\":\"https:\/\/schema.org\",\"@graph\":[{\"@type\":\"WebPage\",\"@id\":\"https:\/\/yoestudiosalud.es\/produit\/rollo-banda-matriz\/\",\"url\":\"https:\/\/yoestudiosalud.es\/produit\/rollo-banda-matriz\/\",\"name\":\"BANDE DE MATRICE ENROUL\u00c9E - yoestudiosalud.es el dep\u00f3sito del estudiante\",\"isPartOf\":{\"@id\":\"https:\/\/yoestudiosalud.es\/en\/#website\"},\"primaryImageOfPage\":{\"@id\":\"https:\/\/yoestudiosalud.es\/produit\/rollo-banda-matriz\/#primaryimage\"},\"image\":{\"@id\":\"https:\/\/yoestudiosalud.es\/produit\/rollo-banda-matriz\/#primaryimage\"},\"thumbnailUrl\":\"https:\/\/yoestudiosalud.es\/wp-content\/uploads\/2021\/10\/000759.jpg\",\"datePublished\":\"2021-10-28T13:48:09+00:00\",\"dateModified\":\"2025-07-02T09:44:34+00:00\",\"description\":\"Bande de matrice dentaire enroul\u00e9e pour s'adapter \u00e0 la surface de la dent en vue de la restauration.\",\"breadcrumb\":{\"@id\":\"https:\/\/yoestudiosalud.es\/produit\/rollo-banda-matriz\/#breadcrumb\"},\"inLanguage\":\"fr-FR\",\"potentialAction\":[{\"@type\":\"ReadAction\",\"target\":[\"https:\/\/yoestudiosalud.es\/produit\/rollo-banda-matriz\/\"]}]},{\"@type\":\"ImageObject\",\"inLanguage\":\"fr-FR\",\"@id\":\"https:\/\/yoestudiosalud.es\/produit\/rollo-banda-matriz\/#primaryimage\",\"url\":\"https:\/\/yoestudiosalud.es\/wp-content\/uploads\/2021\/10\/000759.jpg\",\"contentUrl\":\"https:\/\/yoestudiosalud.es\/wp-content\/uploads\/2021\/10\/000759.jpg\",\"width\":650,\"height\":650,\"caption\":\"BANDE DE MATRICE ENROUL\u00c9E\"},{\"@type\":\"BreadcrumbList\",\"@id\":\"https:\/\/yoestudiosalud.es\/produit\/rollo-banda-matriz\/#breadcrumb\",\"itemListElement\":[{\"@type\":\"ListItem\",\"position\":1,\"name\":\"Portada\",\"item\":\"https:\/\/yoestudiosalud.es\/fr\/\"},{\"@type\":\"ListItem\",\"position\":2,\"name\":\"Boutique\",\"item\":\"https:\/\/yoestudiosalud.es\/fr\/boutique\/\"},{\"@type\":\"ListItem\",\"position\":3,\"name\":\"BANDE DE MATRICE ENROUL\u00c9E\"}]},{\"@type\":\"WebSite\",\"@id\":\"https:\/\/yoestudiosalud.es\/en\/#website\",\"url\":\"https:\/\/yoestudiosalud.es\/en\/\",\"name\":\"yoestudiosalud.es\",\"description\":\"Material para estudiantes del sector salud\",\"publisher\":{\"@id\":\"https:\/\/yoestudiosalud.es\/en\/#organization\"},\"potentialAction\":[{\"@type\":\"SearchAction\",\"target\":{\"@type\":\"EntryPoint\",\"urlTemplate\":\"https:\/\/yoestudiosalud.es\/en\/?s={search_term_string}\"},\"query-input\":{\"@type\":\"PropertyValueSpecification\",\"valueRequired\":true,\"valueName\":\"search_term_string\"}}],\"inLanguage\":\"fr-FR\"},{\"@type\":\"Organization\",\"@id\":\"https:\/\/yoestudiosalud.es\/en\/#organization\",\"name\":\"yoestudiosalud.es\",\"url\":\"https:\/\/yoestudiosalud.es\/en\/\",\"logo\":{\"@type\":\"ImageObject\",\"inLanguage\":\"fr-FR\",\"@id\":\"https:\/\/yoestudiosalud.es\/en\/#\/schema\/logo\/image\/\",\"url\":\"https:\/\/yoestudiosalud.es\/wp-content\/uploads\/2020\/04\/logonew-e1698080827687.png\",\"contentUrl\":\"https:\/\/yoestudiosalud.es\/wp-content\/uploads\/2020\/04\/logonew-e1698080827687.png\",\"width\":421,\"height\":393,\"caption\":\"yoestudiosalud.es\"},\"image\":{\"@id\":\"https:\/\/yoestudiosalud.es\/en\/#\/schema\/logo\/image\/\"}}]}<\/script>\n<!-- \/ Yoast SEO Premium plugin. -->","yoast_head_json":{"title":"BANDE DE MATRICE ENROUL\u00c9E - yoestudiosalud.es el dep\u00f3sito del estudiante","description":"Bande de matrice dentaire enroul\u00e9e pour s'adapter \u00e0 la surface de la dent en vue de la restauration.","robots":{"index":"index","follow":"follow","max-snippet":"max-snippet:-1","max-image-preview":"max-image-preview:large","max-video-preview":"max-video-preview:-1"},"canonical":"https:\/\/yoestudiosalud.es\/produit\/rollo-banda-matriz\/","og_locale":"fr_FR","og_type":"article","og_title":"BANDE DE MATRICE ENROUL\u00c9E","og_description":"Bande de matrice dentaire enroul\u00e9e pour s'adapter \u00e0 la surface de la dent en vue de la restauration.","og_url":"https:\/\/yoestudiosalud.es\/produit\/rollo-banda-matriz\/","og_site_name":"yoestudiosalud.es","article_modified_time":"2025-07-02T09:44:34+00:00","og_image":[{"width":650,"height":650,"url":"https:\/\/yoestudiosalud.es\/wp-content\/uploads\/2021\/10\/000759.jpg","type":"image\/jpeg"}],"twitter_card":"summary_large_image","schema":{"@context":"https:\/\/schema.org","@graph":[{"@type":"WebPage","@id":"https:\/\/yoestudiosalud.es\/produit\/rollo-banda-matriz\/","url":"https:\/\/yoestudiosalud.es\/produit\/rollo-banda-matriz\/","name":"BANDE DE MATRICE ENROUL\u00c9E - yoestudiosalud.es el dep\u00f3sito del estudiante","isPartOf":{"@id":"https:\/\/yoestudiosalud.es\/en\/#website"},"primaryImageOfPage":{"@id":"https:\/\/yoestudiosalud.es\/produit\/rollo-banda-matriz\/#primaryimage"},"image":{"@id":"https:\/\/yoestudiosalud.es\/produit\/rollo-banda-matriz\/#primaryimage"},"thumbnailUrl":"https:\/\/yoestudiosalud.es\/wp-content\/uploads\/2021\/10\/000759.jpg","datePublished":"2021-10-28T13:48:09+00:00","dateModified":"2025-07-02T09:44:34+00:00","description":"Bande de matrice dentaire enroul\u00e9e pour s'adapter \u00e0 la surface de la dent en vue de la restauration.","breadcrumb":{"@id":"https:\/\/yoestudiosalud.es\/produit\/rollo-banda-matriz\/#breadcrumb"},"inLanguage":"fr-FR","potentialAction":[{"@type":"ReadAction","target":["https:\/\/yoestudiosalud.es\/produit\/rollo-banda-matriz\/"]}]},{"@type":"ImageObject","inLanguage":"fr-FR","@id":"https:\/\/yoestudiosalud.es\/produit\/rollo-banda-matriz\/#primaryimage","url":"https:\/\/yoestudiosalud.es\/wp-content\/uploads\/2021\/10\/000759.jpg","contentUrl":"https:\/\/yoestudiosalud.es\/wp-content\/uploads\/2021\/10\/000759.jpg","width":650,"height":650,"caption":"BANDE DE MATRICE ENROUL\u00c9E"},{"@type":"BreadcrumbList","@id":"https:\/\/yoestudiosalud.es\/produit\/rollo-banda-matriz\/#breadcrumb","itemListElement":[{"@type":"ListItem","position":1,"name":"Portada","item":"https:\/\/yoestudiosalud.es\/fr\/"},{"@type":"ListItem","position":2,"name":"Boutique","item":"https:\/\/yoestudiosalud.es\/fr\/boutique\/"},{"@type":"ListItem","position":3,"name":"BANDE DE MATRICE ENROUL\u00c9E"}]},{"@type":"WebSite","@id":"https:\/\/yoestudiosalud.es\/en\/#website","url":"https:\/\/yoestudiosalud.es\/en\/","name":"yoestudiosalud.es","description":"Material para estudiantes del sector salud","publisher":{"@id":"https:\/\/yoestudiosalud.es\/en\/#organization"},"potentialAction":[{"@type":"SearchAction","target":{"@type":"EntryPoint","urlTemplate":"https:\/\/yoestudiosalud.es\/en\/?s={search_term_string}"},"query-input":{"@type":"PropertyValueSpecification","valueRequired":true,"valueName":"search_term_string"}}],"inLanguage":"fr-FR"},{"@type":"Organization","@id":"https:\/\/yoestudiosalud.es\/en\/#organization","name":"yoestudiosalud.es","url":"https:\/\/yoestudiosalud.es\/en\/","logo":{"@type":"ImageObject","inLanguage":"fr-FR","@id":"https:\/\/yoestudiosalud.es\/en\/#\/schema\/logo\/image\/","url":"https:\/\/yoestudiosalud.es\/wp-content\/uploads\/2020\/04\/logonew-e1698080827687.png","contentUrl":"https:\/\/yoestudiosalud.es\/wp-content\/uploads\/2020\/04\/logonew-e1698080827687.png","width":421,"height":393,"caption":"yoestudiosalud.es"},"image":{"@id":"https:\/\/yoestudiosalud.es\/en\/#\/schema\/logo\/image\/"}}]}},"_links":{"self":[{"href":"https:\/\/yoestudiosalud.es\/fr\/wp-json\/wp\/v2\/product\/32372","targetHints":{"allow":["GET"]}}],"collection":[{"href":"https:\/\/yoestudiosalud.es\/fr\/wp-json\/wp\/v2\/product"}],"about":[{"href":"https:\/\/yoestudiosalud.es\/fr\/wp-json\/wp\/v2\/types\/product"}],"wp:featuredmedia":[{"embeddable":true,"href":"https:\/\/yoestudiosalud.es\/fr\/wp-json\/wp\/v2\/media\/32373"}],"wp:attachment":[{"href":"https:\/\/yoestudiosalud.es\/fr\/wp-json\/wp\/v2\/media?parent=32372"}],"wp:term":[{"taxonomy":"product_brand","embeddable":true,"href":"https:\/\/yoestudiosalud.es\/fr\/wp-json\/wp\/v2\/product_brand?post=32372"},{"taxonomy":"product_cat","embeddable":true,"href":"https:\/\/yoestudiosalud.es\/fr\/wp-json\/wp\/v2\/product_cat?post=32372"},{"taxonomy":"product_tag","embeddable":true,"href":"https:\/\/yoestudiosalud.es\/fr\/wp-json\/wp\/v2\/product_tag?post=32372"}],"curies":[{"name":"wp","href":"https:\/\/api.w.org\/{rel}","templated":true}]}}