{"id":32368,"date":"2021-10-26T15:24:36","date_gmt":"2021-10-26T15:24:36","guid":{"rendered":"https:\/\/yoestudiosalud.es\/producto\/stethoscope-littmannmaster-cardiology\/"},"modified":"2021-10-26T15:24:36","modified_gmt":"2021-10-26T13:24:36","slug":"stethoscope-littmannmaster-cardiology","status":"publish","type":"product","link":"https:\/\/yoestudiosalud.es\/fr\/produit\/stethoscope-littmannmaster-cardiology\/","title":{"rendered":"ST\u00c9THOSCOPE LITTMANN<br>MASTER CARDIOLOGY"},"content":{"rendered":"<p>Le st\u00e9thoscope Littmann Master Cardiology est un instrument de diagnostic m\u00e9canique de la plus haute qualit\u00e9 sur le march\u00e9 gr\u00e2ce \u00e0 son excellente acoustique et son \u00e9l\u00e9gance.<\/p>\n<p>La technologie de la cloche \u00e0 une seule face &#8220;Master&#8221; permet de d\u00e9tecter \u00e0 la fois les basses et les hautes fr\u00e9quences, sans avoir \u00e0 tourner la cloche.<\/p>\n<p>Pour d\u00e9tecter les basses fr\u00e9quences, il faut exercer une l\u00e9g\u00e8re pression sur la cloche, et pour d\u00e9tecter les hautes fr\u00e9quences, il suffit d\u2019appuyer plus fort.<\/p>\n<p>Avec une r\u00e9ponse acoustique \u00e9valu\u00e9e \u00e0 10 sur une \u00e9chelle de 1 \u00e0 10, il est consid\u00e9r\u00e9 comme l\u2019outil excellent pour obtenir un diagnostic pr\u00e9cis.<\/p>\n<p>Caract\u00e9ristiques du st\u00e9thoscope Littmann Master Cardiology<\/p>\n<p>\u2022 Cloche en acier inoxydable<br \/>\n\u2022 Design exclusif &#8220;deux tubes en un&#8221;<br \/>\n\u2022 Oreillettes confortables<br \/>\n\u2022 Adaptateur p\u00e9diatrique sp\u00e9cial<br \/>\n\u2022 Anneau anti-froid<br \/>\n\u2022 Olives souples 3M Littmann brevet\u00e9es<br \/>\n\u2022 Design de la cloche : cloche \u00e0 une seule face.<br \/>\n\u2022 Diam\u00e8tre de la cloche : 52 mm<br \/>\n\u2022 Longueur du st\u00e9thoscope : 69 cm.<\/p>\n<p>&nbsp;<\/p>\n<p>&nbsp;<\/p>\n","protected":false},"excerpt":{"rendered":"<p>Le st\u00e9thoscope Littmann Cardiology offre une grande sensibilit\u00e9 et une excellente performance acoustique.<\/p>\n","protected":false},"featured_media":32369,"template":"","meta":[],"product_brand":[],"product_cat":[721,723],"product_tag":[],"class_list":{"0":"post-32368","1":"product","2":"type-product","3":"status-publish","4":"has-post-thumbnail","6":"product_cat-diagnosticv-fr","7":"product_cat-equipmentm-fr","8":"pa_formacion-veterinaria-fr","9":"pa_formacion-medicina-fr","11":"first","12":"instock","13":"taxable","14":"shipping-taxable","15":"purchasable","16":"product-type-simple"},"yoast_head":"<!-- This site is optimized with the Yoast SEO Premium plugin v27.0 (Yoast SEO v27.2) - https:\/\/yoast.com\/product\/yoast-seo-premium-wordpress\/ -->\n<title>LITTMANN MASTER CARDIOLOGY - yoestudiosalud.es<\/title>\n<meta name=\"description\" content=\"Fonendoscopio Littmann Master Cardiology ofrece una alta sensibilidad y un rendimiento ac\u00fastico excelente. C\u00f3mpralo online en la tienda\" \/>\n<meta name=\"robots\" content=\"index, follow, max-snippet:-1, max-image-preview:large, max-video-preview:-1\" \/>\n<link rel=\"canonical\" href=\"https:\/\/yoestudiosalud.es\/produit\/fonendoscopio-littmann-master-cardiology\/\" \/>\n<meta property=\"og:locale\" content=\"fr_FR\" \/>\n<meta property=\"og:type\" content=\"article\" \/>\n<meta property=\"og:title\" content=\"ST\u00c9THOSCOPE LITTMANNMASTER CARDIOLOGY\" \/>\n<meta property=\"og:description\" content=\"Fonendoscopio Littmann Master Cardiology ofrece una alta sensibilidad y un rendimiento ac\u00fastico excelente. C\u00f3mpralo online en la tienda\" \/>\n<meta property=\"og:url\" content=\"https:\/\/yoestudiosalud.es\/produit\/fonendoscopio-littmann-master-cardiology\/\" \/>\n<meta property=\"og:site_name\" content=\"yoestudiosalud.es\" \/>\n<meta property=\"og:image\" content=\"https:\/\/yoestudiosalud.es\/wp-content\/uploads\/2021\/10\/003791.jpg\" \/>\n\t<meta property=\"og:image:width\" content=\"650\" \/>\n\t<meta property=\"og:image:height\" content=\"650\" \/>\n\t<meta property=\"og:image:type\" content=\"image\/jpeg\" \/>\n<meta name=\"twitter:card\" content=\"summary_large_image\" \/>\n<meta name=\"twitter:label1\" content=\"Dur\u00e9e de lecture estim\u00e9e\" \/>\n\t<meta name=\"twitter:data1\" content=\"1 minute\" \/>\n<script type=\"application\/ld+json\" class=\"yoast-schema-graph\">{\"@context\":\"https:\/\/schema.org\",\"@graph\":[{\"@type\":\"WebPage\",\"@id\":\"https:\/\/yoestudiosalud.es\/produit\/fonendoscopio-littmann-master-cardiology\/\",\"url\":\"https:\/\/yoestudiosalud.es\/produit\/fonendoscopio-littmann-master-cardiology\/\",\"name\":\"LITTMANN MASTER CARDIOLOGY - yoestudiosalud.es\",\"isPartOf\":{\"@id\":\"https:\/\/yoestudiosalud.es\/en\/#website\"},\"primaryImageOfPage\":{\"@id\":\"https:\/\/yoestudiosalud.es\/produit\/fonendoscopio-littmann-master-cardiology\/#primaryimage\"},\"image\":{\"@id\":\"https:\/\/yoestudiosalud.es\/produit\/fonendoscopio-littmann-master-cardiology\/#primaryimage\"},\"thumbnailUrl\":\"https:\/\/yoestudiosalud.es\/wp-content\/uploads\/2021\/10\/003791.jpg\",\"datePublished\":\"2021-10-26T15:24:36+00:00\",\"description\":\"Fonendoscopio Littmann Master Cardiology ofrece una alta sensibilidad y un rendimiento ac\u00fastico excelente. C\u00f3mpralo online en la tienda\",\"breadcrumb\":{\"@id\":\"https:\/\/yoestudiosalud.es\/produit\/fonendoscopio-littmann-master-cardiology\/#breadcrumb\"},\"inLanguage\":\"fr-FR\",\"potentialAction\":[{\"@type\":\"ReadAction\",\"target\":[\"https:\/\/yoestudiosalud.es\/produit\/fonendoscopio-littmann-master-cardiology\/\"]}]},{\"@type\":\"ImageObject\",\"inLanguage\":\"fr-FR\",\"@id\":\"https:\/\/yoestudiosalud.es\/produit\/fonendoscopio-littmann-master-cardiology\/#primaryimage\",\"url\":\"https:\/\/yoestudiosalud.es\/wp-content\/uploads\/2021\/10\/003791.jpg\",\"contentUrl\":\"https:\/\/yoestudiosalud.es\/wp-content\/uploads\/2021\/10\/003791.jpg\",\"width\":650,\"height\":650,\"caption\":\"FONENDOSCOPIO LITTMANN MASTER CARDIOLOGY\"},{\"@type\":\"BreadcrumbList\",\"@id\":\"https:\/\/yoestudiosalud.es\/produit\/fonendoscopio-littmann-master-cardiology\/#breadcrumb\",\"itemListElement\":[{\"@type\":\"ListItem\",\"position\":1,\"name\":\"Portada\",\"item\":\"https:\/\/yoestudiosalud.es\/fr\/\"},{\"@type\":\"ListItem\",\"position\":2,\"name\":\"Boutique\",\"item\":\"https:\/\/yoestudiosalud.es\/fr\/boutique\/\"},{\"@type\":\"ListItem\",\"position\":3,\"name\":\"ST\u00c9THOSCOPE LITTMANNMASTER CARDIOLOGY\"}]},{\"@type\":\"WebSite\",\"@id\":\"https:\/\/yoestudiosalud.es\/en\/#website\",\"url\":\"https:\/\/yoestudiosalud.es\/en\/\",\"name\":\"yoestudiosalud.es\",\"description\":\"Material para estudiantes del sector salud\",\"publisher\":{\"@id\":\"https:\/\/yoestudiosalud.es\/en\/#organization\"},\"potentialAction\":[{\"@type\":\"SearchAction\",\"target\":{\"@type\":\"EntryPoint\",\"urlTemplate\":\"https:\/\/yoestudiosalud.es\/en\/?s={search_term_string}\"},\"query-input\":{\"@type\":\"PropertyValueSpecification\",\"valueRequired\":true,\"valueName\":\"search_term_string\"}}],\"inLanguage\":\"fr-FR\"},{\"@type\":\"Organization\",\"@id\":\"https:\/\/yoestudiosalud.es\/en\/#organization\",\"name\":\"yoestudiosalud.es\",\"url\":\"https:\/\/yoestudiosalud.es\/en\/\",\"logo\":{\"@type\":\"ImageObject\",\"inLanguage\":\"fr-FR\",\"@id\":\"https:\/\/yoestudiosalud.es\/en\/#\/schema\/logo\/image\/\",\"url\":\"https:\/\/yoestudiosalud.es\/wp-content\/uploads\/2020\/04\/logonew-e1698080827687.png\",\"contentUrl\":\"https:\/\/yoestudiosalud.es\/wp-content\/uploads\/2020\/04\/logonew-e1698080827687.png\",\"width\":421,\"height\":393,\"caption\":\"yoestudiosalud.es\"},\"image\":{\"@id\":\"https:\/\/yoestudiosalud.es\/en\/#\/schema\/logo\/image\/\"}}]}<\/script>\n<!-- \/ Yoast SEO Premium plugin. -->","yoast_head_json":{"title":"LITTMANN MASTER CARDIOLOGY - yoestudiosalud.es","description":"Fonendoscopio Littmann Master Cardiology ofrece una alta sensibilidad y un rendimiento ac\u00fastico excelente. C\u00f3mpralo online en la tienda","robots":{"index":"index","follow":"follow","max-snippet":"max-snippet:-1","max-image-preview":"max-image-preview:large","max-video-preview":"max-video-preview:-1"},"canonical":"https:\/\/yoestudiosalud.es\/produit\/fonendoscopio-littmann-master-cardiology\/","og_locale":"fr_FR","og_type":"article","og_title":"ST\u00c9THOSCOPE LITTMANNMASTER CARDIOLOGY","og_description":"Fonendoscopio Littmann Master Cardiology ofrece una alta sensibilidad y un rendimiento ac\u00fastico excelente. C\u00f3mpralo online en la tienda","og_url":"https:\/\/yoestudiosalud.es\/produit\/fonendoscopio-littmann-master-cardiology\/","og_site_name":"yoestudiosalud.es","og_image":[{"width":650,"height":650,"url":"https:\/\/yoestudiosalud.es\/wp-content\/uploads\/2021\/10\/003791.jpg","type":"image\/jpeg"}],"twitter_card":"summary_large_image","twitter_misc":{"Dur\u00e9e de lecture estim\u00e9e":"1 minute"},"schema":{"@context":"https:\/\/schema.org","@graph":[{"@type":"WebPage","@id":"https:\/\/yoestudiosalud.es\/produit\/fonendoscopio-littmann-master-cardiology\/","url":"https:\/\/yoestudiosalud.es\/produit\/fonendoscopio-littmann-master-cardiology\/","name":"LITTMANN MASTER CARDIOLOGY - yoestudiosalud.es","isPartOf":{"@id":"https:\/\/yoestudiosalud.es\/en\/#website"},"primaryImageOfPage":{"@id":"https:\/\/yoestudiosalud.es\/produit\/fonendoscopio-littmann-master-cardiology\/#primaryimage"},"image":{"@id":"https:\/\/yoestudiosalud.es\/produit\/fonendoscopio-littmann-master-cardiology\/#primaryimage"},"thumbnailUrl":"https:\/\/yoestudiosalud.es\/wp-content\/uploads\/2021\/10\/003791.jpg","datePublished":"2021-10-26T15:24:36+00:00","description":"Fonendoscopio Littmann Master Cardiology ofrece una alta sensibilidad y un rendimiento ac\u00fastico excelente. C\u00f3mpralo online en la tienda","breadcrumb":{"@id":"https:\/\/yoestudiosalud.es\/produit\/fonendoscopio-littmann-master-cardiology\/#breadcrumb"},"inLanguage":"fr-FR","potentialAction":[{"@type":"ReadAction","target":["https:\/\/yoestudiosalud.es\/produit\/fonendoscopio-littmann-master-cardiology\/"]}]},{"@type":"ImageObject","inLanguage":"fr-FR","@id":"https:\/\/yoestudiosalud.es\/produit\/fonendoscopio-littmann-master-cardiology\/#primaryimage","url":"https:\/\/yoestudiosalud.es\/wp-content\/uploads\/2021\/10\/003791.jpg","contentUrl":"https:\/\/yoestudiosalud.es\/wp-content\/uploads\/2021\/10\/003791.jpg","width":650,"height":650,"caption":"FONENDOSCOPIO LITTMANN MASTER CARDIOLOGY"},{"@type":"BreadcrumbList","@id":"https:\/\/yoestudiosalud.es\/produit\/fonendoscopio-littmann-master-cardiology\/#breadcrumb","itemListElement":[{"@type":"ListItem","position":1,"name":"Portada","item":"https:\/\/yoestudiosalud.es\/fr\/"},{"@type":"ListItem","position":2,"name":"Boutique","item":"https:\/\/yoestudiosalud.es\/fr\/boutique\/"},{"@type":"ListItem","position":3,"name":"ST\u00c9THOSCOPE LITTMANNMASTER CARDIOLOGY"}]},{"@type":"WebSite","@id":"https:\/\/yoestudiosalud.es\/en\/#website","url":"https:\/\/yoestudiosalud.es\/en\/","name":"yoestudiosalud.es","description":"Material para estudiantes del sector salud","publisher":{"@id":"https:\/\/yoestudiosalud.es\/en\/#organization"},"potentialAction":[{"@type":"SearchAction","target":{"@type":"EntryPoint","urlTemplate":"https:\/\/yoestudiosalud.es\/en\/?s={search_term_string}"},"query-input":{"@type":"PropertyValueSpecification","valueRequired":true,"valueName":"search_term_string"}}],"inLanguage":"fr-FR"},{"@type":"Organization","@id":"https:\/\/yoestudiosalud.es\/en\/#organization","name":"yoestudiosalud.es","url":"https:\/\/yoestudiosalud.es\/en\/","logo":{"@type":"ImageObject","inLanguage":"fr-FR","@id":"https:\/\/yoestudiosalud.es\/en\/#\/schema\/logo\/image\/","url":"https:\/\/yoestudiosalud.es\/wp-content\/uploads\/2020\/04\/logonew-e1698080827687.png","contentUrl":"https:\/\/yoestudiosalud.es\/wp-content\/uploads\/2020\/04\/logonew-e1698080827687.png","width":421,"height":393,"caption":"yoestudiosalud.es"},"image":{"@id":"https:\/\/yoestudiosalud.es\/en\/#\/schema\/logo\/image\/"}}]}},"_links":{"self":[{"href":"https:\/\/yoestudiosalud.es\/fr\/wp-json\/wp\/v2\/product\/32368","targetHints":{"allow":["GET"]}}],"collection":[{"href":"https:\/\/yoestudiosalud.es\/fr\/wp-json\/wp\/v2\/product"}],"about":[{"href":"https:\/\/yoestudiosalud.es\/fr\/wp-json\/wp\/v2\/types\/product"}],"wp:featuredmedia":[{"embeddable":true,"href":"https:\/\/yoestudiosalud.es\/fr\/wp-json\/wp\/v2\/media\/32369"}],"wp:attachment":[{"href":"https:\/\/yoestudiosalud.es\/fr\/wp-json\/wp\/v2\/media?parent=32368"}],"wp:term":[{"taxonomy":"product_brand","embeddable":true,"href":"https:\/\/yoestudiosalud.es\/fr\/wp-json\/wp\/v2\/product_brand?post=32368"},{"taxonomy":"product_cat","embeddable":true,"href":"https:\/\/yoestudiosalud.es\/fr\/wp-json\/wp\/v2\/product_cat?post=32368"},{"taxonomy":"product_tag","embeddable":true,"href":"https:\/\/yoestudiosalud.es\/fr\/wp-json\/wp\/v2\/product_tag?post=32368"}],"curies":[{"name":"wp","href":"https:\/\/api.w.org\/{rel}","templated":true}]}}