{"id":32364,"date":"2021-10-25T13:33:15","date_gmt":"2021-10-25T13:33:15","guid":{"rendered":"https:\/\/yoestudiosalud.es\/producto\/thermometre-digital-flexible\/"},"modified":"2021-10-25T13:33:15","modified_gmt":"2021-10-25T11:33:15","slug":"thermometre-digital-flexible","status":"publish","type":"product","link":"https:\/\/yoestudiosalud.es\/fr\/produit\/thermometre-digital-flexible\/","title":{"rendered":"THERMOM\u00c8TRE DIGITAL FLEXIBLE"},"content":{"rendered":"<p>Le thermom\u00e8tre digital flexible permet de r\u00e9aliser des mesures de temp\u00e9rature pr\u00e9cises, fiables et confortables gr\u00e2ce \u00e0 sa pointe flexible et arrondie. Le thermom\u00e8tre digital flexible est adapt\u00e9 pour un usage oral, rectal et axillaire. Il \u00e9met des signaux sonores \u00e0 la fin de la lecture.<\/p>\n<p>&nbsp;<\/p>\n<p>&nbsp;<\/p>\n<p>&nbsp;<\/p>\n","protected":false},"excerpt":{"rendered":"<p>Le thermom\u00e8tre digital flexible nous permet de r\u00e9aliser des mesures de temp\u00e9rature pr\u00e9cises et confortables gr\u00e2ce \u00e0 sa pointe flexible et arrondie.<\/p>\n","protected":false},"featured_media":32365,"template":"","meta":[],"product_brand":[],"product_cat":[721,723],"product_tag":[],"class_list":{"0":"post-32364","1":"product","2":"type-product","3":"status-publish","4":"has-post-thumbnail","6":"product_cat-diagnosticv-fr","7":"product_cat-equipmentm-fr","8":"pa_formacion-veterinaria-fr","9":"pa_formacion-medicina-fr","11":"first","12":"instock","13":"sale","14":"taxable","15":"shipping-taxable","16":"purchasable","17":"product-type-simple"},"yoast_head":"<!-- This site is optimized with the Yoast SEO Premium plugin v27.0 (Yoast SEO v27.2) - https:\/\/yoast.com\/product\/yoast-seo-premium-wordpress\/ -->\n<title>THERMOM\u00c8TRE DIGITAL FLEXIBLE - yoestudiosalud.es<\/title>\n<meta name=\"description\" content=\"El term\u00f3metro digital\u00a0 flexible nos permite realizar mediciones de la temperatura precisas y c\u00f3modas gracias a su punta flexible y redondeada.\" \/>\n<meta name=\"robots\" content=\"index, follow, max-snippet:-1, max-image-preview:large, max-video-preview:-1\" \/>\n<link rel=\"canonical\" href=\"https:\/\/yoestudiosalud.es\/produit\/termometro-digital-flexible\/\" \/>\n<meta property=\"og:locale\" content=\"fr_FR\" \/>\n<meta property=\"og:type\" content=\"article\" \/>\n<meta property=\"og:title\" content=\"THERMOM\u00c8TRE DIGITAL FLEXIBLE\" \/>\n<meta property=\"og:description\" content=\"El term\u00f3metro digital\u00a0 flexible nos permite realizar mediciones de la temperatura precisas y c\u00f3modas gracias a su punta flexible y redondeada.\" \/>\n<meta property=\"og:url\" content=\"https:\/\/yoestudiosalud.es\/produit\/termometro-digital-flexible\/\" \/>\n<meta property=\"og:site_name\" content=\"yoestudiosalud.es\" \/>\n<meta property=\"og:image\" content=\"https:\/\/yoestudiosalud.es\/wp-content\/uploads\/2021\/10\/003213.jpg\" \/>\n\t<meta property=\"og:image:width\" content=\"650\" \/>\n\t<meta property=\"og:image:height\" content=\"650\" \/>\n\t<meta property=\"og:image:type\" content=\"image\/jpeg\" \/>\n<meta name=\"twitter:card\" content=\"summary_large_image\" \/>\n<script type=\"application\/ld+json\" class=\"yoast-schema-graph\">{\"@context\":\"https:\/\/schema.org\",\"@graph\":[{\"@type\":\"WebPage\",\"@id\":\"https:\/\/yoestudiosalud.es\/produit\/termometro-digital-flexible\/\",\"url\":\"https:\/\/yoestudiosalud.es\/produit\/termometro-digital-flexible\/\",\"name\":\"THERMOM\u00c8TRE DIGITAL FLEXIBLE - yoestudiosalud.es\",\"isPartOf\":{\"@id\":\"https:\/\/yoestudiosalud.es\/en\/#website\"},\"primaryImageOfPage\":{\"@id\":\"https:\/\/yoestudiosalud.es\/produit\/termometro-digital-flexible\/#primaryimage\"},\"image\":{\"@id\":\"https:\/\/yoestudiosalud.es\/produit\/termometro-digital-flexible\/#primaryimage\"},\"thumbnailUrl\":\"https:\/\/yoestudiosalud.es\/wp-content\/uploads\/2021\/10\/003213.jpg\",\"datePublished\":\"2021-10-25T13:33:15+00:00\",\"description\":\"El term\u00f3metro digital\u00a0 flexible nos permite realizar mediciones de la temperatura precisas y c\u00f3modas gracias a su punta flexible y redondeada.\",\"breadcrumb\":{\"@id\":\"https:\/\/yoestudiosalud.es\/produit\/termometro-digital-flexible\/#breadcrumb\"},\"inLanguage\":\"fr-FR\",\"potentialAction\":[{\"@type\":\"ReadAction\",\"target\":[\"https:\/\/yoestudiosalud.es\/produit\/termometro-digital-flexible\/\"]}]},{\"@type\":\"ImageObject\",\"inLanguage\":\"fr-FR\",\"@id\":\"https:\/\/yoestudiosalud.es\/produit\/termometro-digital-flexible\/#primaryimage\",\"url\":\"https:\/\/yoestudiosalud.es\/wp-content\/uploads\/2021\/10\/003213.jpg\",\"contentUrl\":\"https:\/\/yoestudiosalud.es\/wp-content\/uploads\/2021\/10\/003213.jpg\",\"width\":650,\"height\":650,\"caption\":\"TERM\u00d3METRO DIGITAL FLEXIBLE\"},{\"@type\":\"BreadcrumbList\",\"@id\":\"https:\/\/yoestudiosalud.es\/produit\/termometro-digital-flexible\/#breadcrumb\",\"itemListElement\":[{\"@type\":\"ListItem\",\"position\":1,\"name\":\"Portada\",\"item\":\"https:\/\/yoestudiosalud.es\/fr\/\"},{\"@type\":\"ListItem\",\"position\":2,\"name\":\"Boutique\",\"item\":\"https:\/\/yoestudiosalud.es\/fr\/boutique\/\"},{\"@type\":\"ListItem\",\"position\":3,\"name\":\"THERMOM\u00c8TRE DIGITAL FLEXIBLE\"}]},{\"@type\":\"WebSite\",\"@id\":\"https:\/\/yoestudiosalud.es\/en\/#website\",\"url\":\"https:\/\/yoestudiosalud.es\/en\/\",\"name\":\"yoestudiosalud.es\",\"description\":\"Material para estudiantes del sector salud\",\"publisher\":{\"@id\":\"https:\/\/yoestudiosalud.es\/en\/#organization\"},\"potentialAction\":[{\"@type\":\"SearchAction\",\"target\":{\"@type\":\"EntryPoint\",\"urlTemplate\":\"https:\/\/yoestudiosalud.es\/en\/?s={search_term_string}\"},\"query-input\":{\"@type\":\"PropertyValueSpecification\",\"valueRequired\":true,\"valueName\":\"search_term_string\"}}],\"inLanguage\":\"fr-FR\"},{\"@type\":\"Organization\",\"@id\":\"https:\/\/yoestudiosalud.es\/en\/#organization\",\"name\":\"yoestudiosalud.es\",\"url\":\"https:\/\/yoestudiosalud.es\/en\/\",\"logo\":{\"@type\":\"ImageObject\",\"inLanguage\":\"fr-FR\",\"@id\":\"https:\/\/yoestudiosalud.es\/en\/#\/schema\/logo\/image\/\",\"url\":\"https:\/\/yoestudiosalud.es\/wp-content\/uploads\/2020\/04\/logonew-e1698080827687.png\",\"contentUrl\":\"https:\/\/yoestudiosalud.es\/wp-content\/uploads\/2020\/04\/logonew-e1698080827687.png\",\"width\":421,\"height\":393,\"caption\":\"yoestudiosalud.es\"},\"image\":{\"@id\":\"https:\/\/yoestudiosalud.es\/en\/#\/schema\/logo\/image\/\"}}]}<\/script>\n<!-- \/ Yoast SEO Premium plugin. -->","yoast_head_json":{"title":"THERMOM\u00c8TRE DIGITAL FLEXIBLE - yoestudiosalud.es","description":"El term\u00f3metro digital\u00a0 flexible nos permite realizar mediciones de la temperatura precisas y c\u00f3modas gracias a su punta flexible y redondeada.","robots":{"index":"index","follow":"follow","max-snippet":"max-snippet:-1","max-image-preview":"max-image-preview:large","max-video-preview":"max-video-preview:-1"},"canonical":"https:\/\/yoestudiosalud.es\/produit\/termometro-digital-flexible\/","og_locale":"fr_FR","og_type":"article","og_title":"THERMOM\u00c8TRE DIGITAL FLEXIBLE","og_description":"El term\u00f3metro digital\u00a0 flexible nos permite realizar mediciones de la temperatura precisas y c\u00f3modas gracias a su punta flexible y redondeada.","og_url":"https:\/\/yoestudiosalud.es\/produit\/termometro-digital-flexible\/","og_site_name":"yoestudiosalud.es","og_image":[{"width":650,"height":650,"url":"https:\/\/yoestudiosalud.es\/wp-content\/uploads\/2021\/10\/003213.jpg","type":"image\/jpeg"}],"twitter_card":"summary_large_image","schema":{"@context":"https:\/\/schema.org","@graph":[{"@type":"WebPage","@id":"https:\/\/yoestudiosalud.es\/produit\/termometro-digital-flexible\/","url":"https:\/\/yoestudiosalud.es\/produit\/termometro-digital-flexible\/","name":"THERMOM\u00c8TRE DIGITAL FLEXIBLE - yoestudiosalud.es","isPartOf":{"@id":"https:\/\/yoestudiosalud.es\/en\/#website"},"primaryImageOfPage":{"@id":"https:\/\/yoestudiosalud.es\/produit\/termometro-digital-flexible\/#primaryimage"},"image":{"@id":"https:\/\/yoestudiosalud.es\/produit\/termometro-digital-flexible\/#primaryimage"},"thumbnailUrl":"https:\/\/yoestudiosalud.es\/wp-content\/uploads\/2021\/10\/003213.jpg","datePublished":"2021-10-25T13:33:15+00:00","description":"El term\u00f3metro digital\u00a0 flexible nos permite realizar mediciones de la temperatura precisas y c\u00f3modas gracias a su punta flexible y redondeada.","breadcrumb":{"@id":"https:\/\/yoestudiosalud.es\/produit\/termometro-digital-flexible\/#breadcrumb"},"inLanguage":"fr-FR","potentialAction":[{"@type":"ReadAction","target":["https:\/\/yoestudiosalud.es\/produit\/termometro-digital-flexible\/"]}]},{"@type":"ImageObject","inLanguage":"fr-FR","@id":"https:\/\/yoestudiosalud.es\/produit\/termometro-digital-flexible\/#primaryimage","url":"https:\/\/yoestudiosalud.es\/wp-content\/uploads\/2021\/10\/003213.jpg","contentUrl":"https:\/\/yoestudiosalud.es\/wp-content\/uploads\/2021\/10\/003213.jpg","width":650,"height":650,"caption":"TERM\u00d3METRO DIGITAL FLEXIBLE"},{"@type":"BreadcrumbList","@id":"https:\/\/yoestudiosalud.es\/produit\/termometro-digital-flexible\/#breadcrumb","itemListElement":[{"@type":"ListItem","position":1,"name":"Portada","item":"https:\/\/yoestudiosalud.es\/fr\/"},{"@type":"ListItem","position":2,"name":"Boutique","item":"https:\/\/yoestudiosalud.es\/fr\/boutique\/"},{"@type":"ListItem","position":3,"name":"THERMOM\u00c8TRE DIGITAL FLEXIBLE"}]},{"@type":"WebSite","@id":"https:\/\/yoestudiosalud.es\/en\/#website","url":"https:\/\/yoestudiosalud.es\/en\/","name":"yoestudiosalud.es","description":"Material para estudiantes del sector salud","publisher":{"@id":"https:\/\/yoestudiosalud.es\/en\/#organization"},"potentialAction":[{"@type":"SearchAction","target":{"@type":"EntryPoint","urlTemplate":"https:\/\/yoestudiosalud.es\/en\/?s={search_term_string}"},"query-input":{"@type":"PropertyValueSpecification","valueRequired":true,"valueName":"search_term_string"}}],"inLanguage":"fr-FR"},{"@type":"Organization","@id":"https:\/\/yoestudiosalud.es\/en\/#organization","name":"yoestudiosalud.es","url":"https:\/\/yoestudiosalud.es\/en\/","logo":{"@type":"ImageObject","inLanguage":"fr-FR","@id":"https:\/\/yoestudiosalud.es\/en\/#\/schema\/logo\/image\/","url":"https:\/\/yoestudiosalud.es\/wp-content\/uploads\/2020\/04\/logonew-e1698080827687.png","contentUrl":"https:\/\/yoestudiosalud.es\/wp-content\/uploads\/2020\/04\/logonew-e1698080827687.png","width":421,"height":393,"caption":"yoestudiosalud.es"},"image":{"@id":"https:\/\/yoestudiosalud.es\/en\/#\/schema\/logo\/image\/"}}]}},"_links":{"self":[{"href":"https:\/\/yoestudiosalud.es\/fr\/wp-json\/wp\/v2\/product\/32364","targetHints":{"allow":["GET"]}}],"collection":[{"href":"https:\/\/yoestudiosalud.es\/fr\/wp-json\/wp\/v2\/product"}],"about":[{"href":"https:\/\/yoestudiosalud.es\/fr\/wp-json\/wp\/v2\/types\/product"}],"wp:featuredmedia":[{"embeddable":true,"href":"https:\/\/yoestudiosalud.es\/fr\/wp-json\/wp\/v2\/media\/32365"}],"wp:attachment":[{"href":"https:\/\/yoestudiosalud.es\/fr\/wp-json\/wp\/v2\/media?parent=32364"}],"wp:term":[{"taxonomy":"product_brand","embeddable":true,"href":"https:\/\/yoestudiosalud.es\/fr\/wp-json\/wp\/v2\/product_brand?post=32364"},{"taxonomy":"product_cat","embeddable":true,"href":"https:\/\/yoestudiosalud.es\/fr\/wp-json\/wp\/v2\/product_cat?post=32364"},{"taxonomy":"product_tag","embeddable":true,"href":"https:\/\/yoestudiosalud.es\/fr\/wp-json\/wp\/v2\/product_tag?post=32364"}],"curies":[{"name":"wp","href":"https:\/\/api.w.org\/{rel}","templated":true}]}}