{"id":32356,"date":"2021-10-22T14:39:10","date_gmt":"2021-10-22T14:39:10","guid":{"rendered":"https:\/\/yoestudiosalud.es\/producto\/marteau-neurologique-simple-taylor\/"},"modified":"2025-07-02T11:29:58","modified_gmt":"2025-07-02T09:29:58","slug":"martillo-simple-neurologico-taylor","status":"publish","type":"product","link":"https:\/\/yoestudiosalud.es\/fr\/produit\/martillo-simple-neurologico-taylor\/","title":{"rendered":"MARTEAU NEUROLOGIQUE SIMPLE DE TAYLOR"},"content":{"rendered":"<p>Le marteau neurologique simple de Taylor est un instrument largement utilis\u00e9 dans la pratique m\u00e9dicale.\u00a0 Il permet un examen neurologique simple du patient. La t\u00eate en caoutchouc et le sommet arrondi sont parfaitement adapt\u00e9s pour obtenir des r\u00e9ponses myotatiques en localisant pr\u00e9cis\u00e9ment les tendons. Longueur : 20 cm.<\/p>\n<p>&nbsp;<\/p>\n","protected":false},"excerpt":{"rendered":"<p>Le marteau neurologique simple de Taylor est un instrument largement utilis\u00e9 dans la pratique m\u00e9dicale.\u00a0 Il permet un examen neurologique simple du patient.<\/p>\n","protected":false},"featured_media":32357,"template":"","meta":[],"product_brand":[],"product_cat":[723],"product_tag":[],"class_list":{"0":"post-32356","1":"product","2":"type-product","3":"status-publish","4":"has-post-thumbnail","6":"product_cat-equipmentm-fr","7":"pa_formacion-medicina-fr","9":"first","10":"instock","11":"sale","12":"taxable","13":"shipping-taxable","14":"purchasable","15":"product-type-simple"},"yoast_head":"<!-- This site is optimized with the Yoast SEO Premium plugin v27.0 (Yoast SEO v27.2) - https:\/\/yoast.com\/product\/yoast-seo-premium-wordpress\/ -->\n<title>MARTEAU NEUROLOGIQUE SIMPLE DE TAYLOR - yoestudiosalud.es<\/title>\n<meta name=\"description\" content=\"Le marteau neurologique simple de Taylor est un instrument largement utilis\u00e9 dans la pratique m\u00e9dicale.\u00a0 Il permet un examen neurologique simple du patient.\" \/>\n<meta name=\"robots\" content=\"index, follow, max-snippet:-1, max-image-preview:large, max-video-preview:-1\" \/>\n<link rel=\"canonical\" href=\"https:\/\/yoestudiosalud.es\/fr\/produit\/martillo-simple-neurologico-taylor\/\" \/>\n<meta property=\"og:locale\" content=\"fr_FR\" \/>\n<meta property=\"og:type\" content=\"article\" \/>\n<meta property=\"og:title\" content=\"MARTEAU NEUROLOGIQUE SIMPLE DE TAYLOR\" \/>\n<meta property=\"og:description\" content=\"Le marteau neurologique simple de Taylor est un instrument largement utilis\u00e9 dans la pratique m\u00e9dicale.\u00a0 Il permet un examen neurologique simple du patient.\" \/>\n<meta property=\"og:url\" content=\"https:\/\/yoestudiosalud.es\/fr\/produit\/martillo-simple-neurologico-taylor\/\" \/>\n<meta property=\"og:site_name\" content=\"yoestudiosalud.es\" \/>\n<meta property=\"article:modified_time\" content=\"2025-07-02T09:29:58+00:00\" \/>\n<meta property=\"og:image\" content=\"https:\/\/yoestudiosalud.es\/wp-content\/uploads\/2021\/10\/003315.jpg\" \/>\n\t<meta property=\"og:image:width\" content=\"650\" \/>\n\t<meta property=\"og:image:height\" content=\"650\" \/>\n\t<meta property=\"og:image:type\" content=\"image\/jpeg\" \/>\n<meta name=\"twitter:card\" content=\"summary_large_image\" \/>\n<script type=\"application\/ld+json\" class=\"yoast-schema-graph\">{\"@context\":\"https:\/\/schema.org\",\"@graph\":[{\"@type\":\"WebPage\",\"@id\":\"https:\/\/yoestudiosalud.es\/fr\/produit\/martillo-simple-neurologico-taylor\/\",\"url\":\"https:\/\/yoestudiosalud.es\/fr\/produit\/martillo-simple-neurologico-taylor\/\",\"name\":\"MARTEAU NEUROLOGIQUE SIMPLE DE TAYLOR - yoestudiosalud.es\",\"isPartOf\":{\"@id\":\"https:\/\/yoestudiosalud.es\/en\/#website\"},\"primaryImageOfPage\":{\"@id\":\"https:\/\/yoestudiosalud.es\/fr\/produit\/martillo-simple-neurologico-taylor\/#primaryimage\"},\"image\":{\"@id\":\"https:\/\/yoestudiosalud.es\/fr\/produit\/martillo-simple-neurologico-taylor\/#primaryimage\"},\"thumbnailUrl\":\"https:\/\/yoestudiosalud.es\/wp-content\/uploads\/2021\/10\/003315.jpg\",\"datePublished\":\"2021-10-22T14:39:10+00:00\",\"dateModified\":\"2025-07-02T09:29:58+00:00\",\"description\":\"Le marteau neurologique simple de Taylor est un instrument largement utilis\u00e9 dans la pratique m\u00e9dicale.\u00a0 Il permet un examen neurologique simple du patient.\",\"breadcrumb\":{\"@id\":\"https:\/\/yoestudiosalud.es\/fr\/produit\/martillo-simple-neurologico-taylor\/#breadcrumb\"},\"inLanguage\":\"fr-FR\",\"potentialAction\":[{\"@type\":\"ReadAction\",\"target\":[\"https:\/\/yoestudiosalud.es\/fr\/produit\/martillo-simple-neurologico-taylor\/\"]}]},{\"@type\":\"ImageObject\",\"inLanguage\":\"fr-FR\",\"@id\":\"https:\/\/yoestudiosalud.es\/fr\/produit\/martillo-simple-neurologico-taylor\/#primaryimage\",\"url\":\"https:\/\/yoestudiosalud.es\/wp-content\/uploads\/2021\/10\/003315.jpg\",\"contentUrl\":\"https:\/\/yoestudiosalud.es\/wp-content\/uploads\/2021\/10\/003315.jpg\",\"width\":650,\"height\":650,\"caption\":\"MARTEAU NEUROLOGIQUE SIMPLE DE TAYLOR\"},{\"@type\":\"BreadcrumbList\",\"@id\":\"https:\/\/yoestudiosalud.es\/fr\/produit\/martillo-simple-neurologico-taylor\/#breadcrumb\",\"itemListElement\":[{\"@type\":\"ListItem\",\"position\":1,\"name\":\"Portada\",\"item\":\"https:\/\/yoestudiosalud.es\/fr\/\"},{\"@type\":\"ListItem\",\"position\":2,\"name\":\"Boutique\",\"item\":\"https:\/\/yoestudiosalud.es\/fr\/boutique\/\"},{\"@type\":\"ListItem\",\"position\":3,\"name\":\"MARTEAU NEUROLOGIQUE SIMPLE DE TAYLOR\"}]},{\"@type\":\"WebSite\",\"@id\":\"https:\/\/yoestudiosalud.es\/en\/#website\",\"url\":\"https:\/\/yoestudiosalud.es\/en\/\",\"name\":\"yoestudiosalud.es\",\"description\":\"Material para estudiantes del sector salud\",\"publisher\":{\"@id\":\"https:\/\/yoestudiosalud.es\/en\/#organization\"},\"potentialAction\":[{\"@type\":\"SearchAction\",\"target\":{\"@type\":\"EntryPoint\",\"urlTemplate\":\"https:\/\/yoestudiosalud.es\/en\/?s={search_term_string}\"},\"query-input\":{\"@type\":\"PropertyValueSpecification\",\"valueRequired\":true,\"valueName\":\"search_term_string\"}}],\"inLanguage\":\"fr-FR\"},{\"@type\":\"Organization\",\"@id\":\"https:\/\/yoestudiosalud.es\/en\/#organization\",\"name\":\"yoestudiosalud.es\",\"url\":\"https:\/\/yoestudiosalud.es\/en\/\",\"logo\":{\"@type\":\"ImageObject\",\"inLanguage\":\"fr-FR\",\"@id\":\"https:\/\/yoestudiosalud.es\/en\/#\/schema\/logo\/image\/\",\"url\":\"https:\/\/yoestudiosalud.es\/wp-content\/uploads\/2020\/04\/logonew-e1698080827687.png\",\"contentUrl\":\"https:\/\/yoestudiosalud.es\/wp-content\/uploads\/2020\/04\/logonew-e1698080827687.png\",\"width\":421,\"height\":393,\"caption\":\"yoestudiosalud.es\"},\"image\":{\"@id\":\"https:\/\/yoestudiosalud.es\/en\/#\/schema\/logo\/image\/\"}}]}<\/script>\n<!-- \/ Yoast SEO Premium plugin. -->","yoast_head_json":{"title":"MARTEAU NEUROLOGIQUE SIMPLE DE TAYLOR - yoestudiosalud.es","description":"Le marteau neurologique simple de Taylor est un instrument largement utilis\u00e9 dans la pratique m\u00e9dicale.\u00a0 Il permet un examen neurologique simple du patient.","robots":{"index":"index","follow":"follow","max-snippet":"max-snippet:-1","max-image-preview":"max-image-preview:large","max-video-preview":"max-video-preview:-1"},"canonical":"https:\/\/yoestudiosalud.es\/fr\/produit\/martillo-simple-neurologico-taylor\/","og_locale":"fr_FR","og_type":"article","og_title":"MARTEAU NEUROLOGIQUE SIMPLE DE TAYLOR","og_description":"Le marteau neurologique simple de Taylor est un instrument largement utilis\u00e9 dans la pratique m\u00e9dicale.\u00a0 Il permet un examen neurologique simple du patient.","og_url":"https:\/\/yoestudiosalud.es\/fr\/produit\/martillo-simple-neurologico-taylor\/","og_site_name":"yoestudiosalud.es","article_modified_time":"2025-07-02T09:29:58+00:00","og_image":[{"width":650,"height":650,"url":"https:\/\/yoestudiosalud.es\/wp-content\/uploads\/2021\/10\/003315.jpg","type":"image\/jpeg"}],"twitter_card":"summary_large_image","schema":{"@context":"https:\/\/schema.org","@graph":[{"@type":"WebPage","@id":"https:\/\/yoestudiosalud.es\/fr\/produit\/martillo-simple-neurologico-taylor\/","url":"https:\/\/yoestudiosalud.es\/fr\/produit\/martillo-simple-neurologico-taylor\/","name":"MARTEAU NEUROLOGIQUE SIMPLE DE TAYLOR - yoestudiosalud.es","isPartOf":{"@id":"https:\/\/yoestudiosalud.es\/en\/#website"},"primaryImageOfPage":{"@id":"https:\/\/yoestudiosalud.es\/fr\/produit\/martillo-simple-neurologico-taylor\/#primaryimage"},"image":{"@id":"https:\/\/yoestudiosalud.es\/fr\/produit\/martillo-simple-neurologico-taylor\/#primaryimage"},"thumbnailUrl":"https:\/\/yoestudiosalud.es\/wp-content\/uploads\/2021\/10\/003315.jpg","datePublished":"2021-10-22T14:39:10+00:00","dateModified":"2025-07-02T09:29:58+00:00","description":"Le marteau neurologique simple de Taylor est un instrument largement utilis\u00e9 dans la pratique m\u00e9dicale.\u00a0 Il permet un examen neurologique simple du patient.","breadcrumb":{"@id":"https:\/\/yoestudiosalud.es\/fr\/produit\/martillo-simple-neurologico-taylor\/#breadcrumb"},"inLanguage":"fr-FR","potentialAction":[{"@type":"ReadAction","target":["https:\/\/yoestudiosalud.es\/fr\/produit\/martillo-simple-neurologico-taylor\/"]}]},{"@type":"ImageObject","inLanguage":"fr-FR","@id":"https:\/\/yoestudiosalud.es\/fr\/produit\/martillo-simple-neurologico-taylor\/#primaryimage","url":"https:\/\/yoestudiosalud.es\/wp-content\/uploads\/2021\/10\/003315.jpg","contentUrl":"https:\/\/yoestudiosalud.es\/wp-content\/uploads\/2021\/10\/003315.jpg","width":650,"height":650,"caption":"MARTEAU NEUROLOGIQUE SIMPLE DE TAYLOR"},{"@type":"BreadcrumbList","@id":"https:\/\/yoestudiosalud.es\/fr\/produit\/martillo-simple-neurologico-taylor\/#breadcrumb","itemListElement":[{"@type":"ListItem","position":1,"name":"Portada","item":"https:\/\/yoestudiosalud.es\/fr\/"},{"@type":"ListItem","position":2,"name":"Boutique","item":"https:\/\/yoestudiosalud.es\/fr\/boutique\/"},{"@type":"ListItem","position":3,"name":"MARTEAU NEUROLOGIQUE SIMPLE DE TAYLOR"}]},{"@type":"WebSite","@id":"https:\/\/yoestudiosalud.es\/en\/#website","url":"https:\/\/yoestudiosalud.es\/en\/","name":"yoestudiosalud.es","description":"Material para estudiantes del sector salud","publisher":{"@id":"https:\/\/yoestudiosalud.es\/en\/#organization"},"potentialAction":[{"@type":"SearchAction","target":{"@type":"EntryPoint","urlTemplate":"https:\/\/yoestudiosalud.es\/en\/?s={search_term_string}"},"query-input":{"@type":"PropertyValueSpecification","valueRequired":true,"valueName":"search_term_string"}}],"inLanguage":"fr-FR"},{"@type":"Organization","@id":"https:\/\/yoestudiosalud.es\/en\/#organization","name":"yoestudiosalud.es","url":"https:\/\/yoestudiosalud.es\/en\/","logo":{"@type":"ImageObject","inLanguage":"fr-FR","@id":"https:\/\/yoestudiosalud.es\/en\/#\/schema\/logo\/image\/","url":"https:\/\/yoestudiosalud.es\/wp-content\/uploads\/2020\/04\/logonew-e1698080827687.png","contentUrl":"https:\/\/yoestudiosalud.es\/wp-content\/uploads\/2020\/04\/logonew-e1698080827687.png","width":421,"height":393,"caption":"yoestudiosalud.es"},"image":{"@id":"https:\/\/yoestudiosalud.es\/en\/#\/schema\/logo\/image\/"}}]}},"_links":{"self":[{"href":"https:\/\/yoestudiosalud.es\/fr\/wp-json\/wp\/v2\/product\/32356","targetHints":{"allow":["GET"]}}],"collection":[{"href":"https:\/\/yoestudiosalud.es\/fr\/wp-json\/wp\/v2\/product"}],"about":[{"href":"https:\/\/yoestudiosalud.es\/fr\/wp-json\/wp\/v2\/types\/product"}],"wp:featuredmedia":[{"embeddable":true,"href":"https:\/\/yoestudiosalud.es\/fr\/wp-json\/wp\/v2\/media\/32357"}],"wp:attachment":[{"href":"https:\/\/yoestudiosalud.es\/fr\/wp-json\/wp\/v2\/media?parent=32356"}],"wp:term":[{"taxonomy":"product_brand","embeddable":true,"href":"https:\/\/yoestudiosalud.es\/fr\/wp-json\/wp\/v2\/product_brand?post=32356"},{"taxonomy":"product_cat","embeddable":true,"href":"https:\/\/yoestudiosalud.es\/fr\/wp-json\/wp\/v2\/product_cat?post=32356"},{"taxonomy":"product_tag","embeddable":true,"href":"https:\/\/yoestudiosalud.es\/fr\/wp-json\/wp\/v2\/product_tag?post=32356"}],"curies":[{"name":"wp","href":"https:\/\/api.w.org\/{rel}","templated":true}]}}