{"id":32354,"date":"2021-10-20T17:14:15","date_gmt":"2021-10-20T17:14:15","guid":{"rendered":"https:\/\/yoestudiosalud.es\/producto\/pince-tweed\/"},"modified":"2025-06-26T15:42:00","modified_gmt":"2025-06-26T13:42:00","slug":"alicate-tweed","status":"publish","type":"product","link":"https:\/\/yoestudiosalud.es\/fr\/produit\/alicate-tweed\/","title":{"rendered":"PINCES TWEED"},"content":{"rendered":"<p>La pince Tweed est utilis\u00e9e en orthodontie et en proth\u00e8se, elle permet de plier et de travailler le fil.\u00a0 Gr\u00e2ce \u00e0 sa partie active en forme de pointe conique fendue, elle permet un travail plus pr\u00e9cis. De plus, l&#8217;autre partie active est rainur\u00e9e pour une meilleure prise en main. Utilis\u00e9 pour r\u00e9aliser des boucles Om\u00e9ga. Longueur de l&#8217;instrument : 13 cm. Fabriqu\u00e9 en acier inoxydable allemand.<\/p>\n","protected":false},"excerpt":{"rendered":"<p>La pince Tweed est utilis\u00e9e en orthodontie et en proth\u00e8se, elle permet de plier et de travailler le fil.\u00a0 Gr\u00e2ce \u00e0 sa partie active en forme de pointe conique fendue, elle permet un travail plus pr\u00e9cis. De plus, l&#8217;autre partie active est rainur\u00e9e pour une meilleure prise en main. Utilis\u00e9 pour r\u00e9aliser des boucles Om\u00e9ga. Longueur de l&#8217;instrument : 13 cm. Fabriqu\u00e9 en acier inoxydable allemand.<\/p>\n","protected":false},"featured_media":32355,"template":"","meta":[],"product_brand":[],"product_cat":[711],"product_tag":[],"class_list":{"0":"post-32354","1":"product","2":"type-product","3":"status-publish","4":"has-post-thumbnail","6":"product_cat-orthodontie-fr","7":"pa_formacion-odontologia-fr","9":"first","10":"instock","11":"sale","12":"taxable","13":"shipping-taxable","14":"purchasable","15":"product-type-simple"},"yoast_head":"<!-- This site is optimized with the Yoast SEO Premium plugin v27.0 (Yoast SEO v27.2) - https:\/\/yoast.com\/product\/yoast-seo-premium-wordpress\/ -->\n<title>PINCES TWEED - yoestudiosalud.es el dep\u00f3sito dental del estudiante<\/title>\n<meta name=\"description\" content=\"La pince Tweed est utilis\u00e9e en orthodontie et en proth\u00e8se, elle permet de plier et de travailler le fil.\u00a0 Achetez-la en ligne dans la boutique.\" \/>\n<meta name=\"robots\" content=\"index, follow, max-snippet:-1, max-image-preview:large, max-video-preview:-1\" \/>\n<link rel=\"canonical\" href=\"https:\/\/yoestudiosalud.es\/produit\/alicate-tweed\/\" \/>\n<meta property=\"og:locale\" content=\"fr_FR\" \/>\n<meta property=\"og:type\" content=\"article\" \/>\n<meta property=\"og:title\" content=\"PINCES TWEED\" \/>\n<meta property=\"og:description\" content=\"La pince Tweed est utilis\u00e9e en orthodontie et en proth\u00e8se, elle permet de plier et de travailler le fil.\u00a0 Achetez-la en ligne dans la boutique.\" \/>\n<meta property=\"og:url\" content=\"https:\/\/yoestudiosalud.es\/produit\/alicate-tweed\/\" \/>\n<meta property=\"og:site_name\" content=\"yoestudiosalud.es\" \/>\n<meta property=\"article:modified_time\" content=\"2025-06-26T13:42:00+00:00\" \/>\n<meta property=\"og:image\" content=\"https:\/\/yoestudiosalud.es\/wp-content\/uploads\/2021\/10\/003807.jpg\" \/>\n\t<meta property=\"og:image:width\" content=\"650\" \/>\n\t<meta property=\"og:image:height\" content=\"650\" \/>\n\t<meta property=\"og:image:type\" content=\"image\/jpeg\" \/>\n<meta name=\"twitter:card\" content=\"summary_large_image\" \/>\n<script type=\"application\/ld+json\" class=\"yoast-schema-graph\">{\"@context\":\"https:\/\/schema.org\",\"@graph\":[{\"@type\":\"WebPage\",\"@id\":\"https:\/\/yoestudiosalud.es\/produit\/alicate-tweed\/\",\"url\":\"https:\/\/yoestudiosalud.es\/produit\/alicate-tweed\/\",\"name\":\"PINCES TWEED - yoestudiosalud.es el dep\u00f3sito dental del estudiante\",\"isPartOf\":{\"@id\":\"https:\/\/yoestudiosalud.es\/en\/#website\"},\"primaryImageOfPage\":{\"@id\":\"https:\/\/yoestudiosalud.es\/produit\/alicate-tweed\/#primaryimage\"},\"image\":{\"@id\":\"https:\/\/yoestudiosalud.es\/produit\/alicate-tweed\/#primaryimage\"},\"thumbnailUrl\":\"https:\/\/yoestudiosalud.es\/wp-content\/uploads\/2021\/10\/003807.jpg\",\"datePublished\":\"2021-10-20T17:14:15+00:00\",\"dateModified\":\"2025-06-26T13:42:00+00:00\",\"description\":\"La pince Tweed est utilis\u00e9e en orthodontie et en proth\u00e8se, elle permet de plier et de travailler le fil.\u00a0 Achetez-la en ligne dans la boutique.\",\"breadcrumb\":{\"@id\":\"https:\/\/yoestudiosalud.es\/produit\/alicate-tweed\/#breadcrumb\"},\"inLanguage\":\"fr-FR\",\"potentialAction\":[{\"@type\":\"ReadAction\",\"target\":[\"https:\/\/yoestudiosalud.es\/produit\/alicate-tweed\/\"]}]},{\"@type\":\"ImageObject\",\"inLanguage\":\"fr-FR\",\"@id\":\"https:\/\/yoestudiosalud.es\/produit\/alicate-tweed\/#primaryimage\",\"url\":\"https:\/\/yoestudiosalud.es\/wp-content\/uploads\/2021\/10\/003807.jpg\",\"contentUrl\":\"https:\/\/yoestudiosalud.es\/wp-content\/uploads\/2021\/10\/003807.jpg\",\"width\":650,\"height\":650,\"caption\":\"PINCE TWEED\"},{\"@type\":\"BreadcrumbList\",\"@id\":\"https:\/\/yoestudiosalud.es\/produit\/alicate-tweed\/#breadcrumb\",\"itemListElement\":[{\"@type\":\"ListItem\",\"position\":1,\"name\":\"Portada\",\"item\":\"https:\/\/yoestudiosalud.es\/fr\/\"},{\"@type\":\"ListItem\",\"position\":2,\"name\":\"Boutique\",\"item\":\"https:\/\/yoestudiosalud.es\/fr\/boutique\/\"},{\"@type\":\"ListItem\",\"position\":3,\"name\":\"PINCES TWEED\"}]},{\"@type\":\"WebSite\",\"@id\":\"https:\/\/yoestudiosalud.es\/en\/#website\",\"url\":\"https:\/\/yoestudiosalud.es\/en\/\",\"name\":\"yoestudiosalud.es\",\"description\":\"Material para estudiantes del sector salud\",\"publisher\":{\"@id\":\"https:\/\/yoestudiosalud.es\/en\/#organization\"},\"potentialAction\":[{\"@type\":\"SearchAction\",\"target\":{\"@type\":\"EntryPoint\",\"urlTemplate\":\"https:\/\/yoestudiosalud.es\/en\/?s={search_term_string}\"},\"query-input\":{\"@type\":\"PropertyValueSpecification\",\"valueRequired\":true,\"valueName\":\"search_term_string\"}}],\"inLanguage\":\"fr-FR\"},{\"@type\":\"Organization\",\"@id\":\"https:\/\/yoestudiosalud.es\/en\/#organization\",\"name\":\"yoestudiosalud.es\",\"url\":\"https:\/\/yoestudiosalud.es\/en\/\",\"logo\":{\"@type\":\"ImageObject\",\"inLanguage\":\"fr-FR\",\"@id\":\"https:\/\/yoestudiosalud.es\/en\/#\/schema\/logo\/image\/\",\"url\":\"https:\/\/yoestudiosalud.es\/wp-content\/uploads\/2020\/04\/logonew-e1698080827687.png\",\"contentUrl\":\"https:\/\/yoestudiosalud.es\/wp-content\/uploads\/2020\/04\/logonew-e1698080827687.png\",\"width\":421,\"height\":393,\"caption\":\"yoestudiosalud.es\"},\"image\":{\"@id\":\"https:\/\/yoestudiosalud.es\/en\/#\/schema\/logo\/image\/\"}}]}<\/script>\n<!-- \/ Yoast SEO Premium plugin. -->","yoast_head_json":{"title":"PINCES TWEED - yoestudiosalud.es el dep\u00f3sito dental del estudiante","description":"La pince Tweed est utilis\u00e9e en orthodontie et en proth\u00e8se, elle permet de plier et de travailler le fil.\u00a0 Achetez-la en ligne dans la boutique.","robots":{"index":"index","follow":"follow","max-snippet":"max-snippet:-1","max-image-preview":"max-image-preview:large","max-video-preview":"max-video-preview:-1"},"canonical":"https:\/\/yoestudiosalud.es\/produit\/alicate-tweed\/","og_locale":"fr_FR","og_type":"article","og_title":"PINCES TWEED","og_description":"La pince Tweed est utilis\u00e9e en orthodontie et en proth\u00e8se, elle permet de plier et de travailler le fil.\u00a0 Achetez-la en ligne dans la boutique.","og_url":"https:\/\/yoestudiosalud.es\/produit\/alicate-tweed\/","og_site_name":"yoestudiosalud.es","article_modified_time":"2025-06-26T13:42:00+00:00","og_image":[{"width":650,"height":650,"url":"https:\/\/yoestudiosalud.es\/wp-content\/uploads\/2021\/10\/003807.jpg","type":"image\/jpeg"}],"twitter_card":"summary_large_image","schema":{"@context":"https:\/\/schema.org","@graph":[{"@type":"WebPage","@id":"https:\/\/yoestudiosalud.es\/produit\/alicate-tweed\/","url":"https:\/\/yoestudiosalud.es\/produit\/alicate-tweed\/","name":"PINCES TWEED - yoestudiosalud.es el dep\u00f3sito dental del estudiante","isPartOf":{"@id":"https:\/\/yoestudiosalud.es\/en\/#website"},"primaryImageOfPage":{"@id":"https:\/\/yoestudiosalud.es\/produit\/alicate-tweed\/#primaryimage"},"image":{"@id":"https:\/\/yoestudiosalud.es\/produit\/alicate-tweed\/#primaryimage"},"thumbnailUrl":"https:\/\/yoestudiosalud.es\/wp-content\/uploads\/2021\/10\/003807.jpg","datePublished":"2021-10-20T17:14:15+00:00","dateModified":"2025-06-26T13:42:00+00:00","description":"La pince Tweed est utilis\u00e9e en orthodontie et en proth\u00e8se, elle permet de plier et de travailler le fil.\u00a0 Achetez-la en ligne dans la boutique.","breadcrumb":{"@id":"https:\/\/yoestudiosalud.es\/produit\/alicate-tweed\/#breadcrumb"},"inLanguage":"fr-FR","potentialAction":[{"@type":"ReadAction","target":["https:\/\/yoestudiosalud.es\/produit\/alicate-tweed\/"]}]},{"@type":"ImageObject","inLanguage":"fr-FR","@id":"https:\/\/yoestudiosalud.es\/produit\/alicate-tweed\/#primaryimage","url":"https:\/\/yoestudiosalud.es\/wp-content\/uploads\/2021\/10\/003807.jpg","contentUrl":"https:\/\/yoestudiosalud.es\/wp-content\/uploads\/2021\/10\/003807.jpg","width":650,"height":650,"caption":"PINCE TWEED"},{"@type":"BreadcrumbList","@id":"https:\/\/yoestudiosalud.es\/produit\/alicate-tweed\/#breadcrumb","itemListElement":[{"@type":"ListItem","position":1,"name":"Portada","item":"https:\/\/yoestudiosalud.es\/fr\/"},{"@type":"ListItem","position":2,"name":"Boutique","item":"https:\/\/yoestudiosalud.es\/fr\/boutique\/"},{"@type":"ListItem","position":3,"name":"PINCES TWEED"}]},{"@type":"WebSite","@id":"https:\/\/yoestudiosalud.es\/en\/#website","url":"https:\/\/yoestudiosalud.es\/en\/","name":"yoestudiosalud.es","description":"Material para estudiantes del sector salud","publisher":{"@id":"https:\/\/yoestudiosalud.es\/en\/#organization"},"potentialAction":[{"@type":"SearchAction","target":{"@type":"EntryPoint","urlTemplate":"https:\/\/yoestudiosalud.es\/en\/?s={search_term_string}"},"query-input":{"@type":"PropertyValueSpecification","valueRequired":true,"valueName":"search_term_string"}}],"inLanguage":"fr-FR"},{"@type":"Organization","@id":"https:\/\/yoestudiosalud.es\/en\/#organization","name":"yoestudiosalud.es","url":"https:\/\/yoestudiosalud.es\/en\/","logo":{"@type":"ImageObject","inLanguage":"fr-FR","@id":"https:\/\/yoestudiosalud.es\/en\/#\/schema\/logo\/image\/","url":"https:\/\/yoestudiosalud.es\/wp-content\/uploads\/2020\/04\/logonew-e1698080827687.png","contentUrl":"https:\/\/yoestudiosalud.es\/wp-content\/uploads\/2020\/04\/logonew-e1698080827687.png","width":421,"height":393,"caption":"yoestudiosalud.es"},"image":{"@id":"https:\/\/yoestudiosalud.es\/en\/#\/schema\/logo\/image\/"}}]}},"_links":{"self":[{"href":"https:\/\/yoestudiosalud.es\/fr\/wp-json\/wp\/v2\/product\/32354","targetHints":{"allow":["GET"]}}],"collection":[{"href":"https:\/\/yoestudiosalud.es\/fr\/wp-json\/wp\/v2\/product"}],"about":[{"href":"https:\/\/yoestudiosalud.es\/fr\/wp-json\/wp\/v2\/types\/product"}],"wp:featuredmedia":[{"embeddable":true,"href":"https:\/\/yoestudiosalud.es\/fr\/wp-json\/wp\/v2\/media\/32355"}],"wp:attachment":[{"href":"https:\/\/yoestudiosalud.es\/fr\/wp-json\/wp\/v2\/media?parent=32354"}],"wp:term":[{"taxonomy":"product_brand","embeddable":true,"href":"https:\/\/yoestudiosalud.es\/fr\/wp-json\/wp\/v2\/product_brand?post=32354"},{"taxonomy":"product_cat","embeddable":true,"href":"https:\/\/yoestudiosalud.es\/fr\/wp-json\/wp\/v2\/product_cat?post=32354"},{"taxonomy":"product_tag","embeddable":true,"href":"https:\/\/yoestudiosalud.es\/fr\/wp-json\/wp\/v2\/product_tag?post=32354"}],"curies":[{"name":"wp","href":"https:\/\/api.w.org\/{rel}","templated":true}]}}