{"id":32347,"date":"2021-11-16T14:45:28","date_gmt":"2021-11-16T14:45:28","guid":{"rendered":"https:\/\/yoestudiosalud.es\/producto\/fresa-carburo-7210\/"},"modified":"2025-07-02T11:53:34","modified_gmt":"2025-07-02T09:53:34","slug":"fresa-carburo-7210","status":"publish","type":"product","link":"https:\/\/yoestudiosalud.es\/fr\/produit\/fresa-carburo-7210\/","title":{"rendered":"FORET EN CARBURE 7210"},"content":{"rendered":"<p>Foret en carbure de tungst\u00e8ne 7210, pour pi\u00e8ce \u00e0 main, pour couper le pl\u00e2tre et la r\u00e9sine. ISO 500.104.274190.040. Coupe 10 pour la finition des alliages non pr\u00e9cieux et pour les squelettes. Pour la r\u00e9duction grossi\u00e8re de tous les mat\u00e9riaux dentaires sans d\u00e9chirer la surface.<\/p>\n","protected":false},"excerpt":{"rendered":"<p>Foret en carbure de tungst\u00e8ne 7210, pour pi\u00e8ce \u00e0 main, pour couper le pl\u00e2tre et la r\u00e9sine. ISO 500.104.274190.040.<\/p>\n","protected":false},"featured_media":32348,"template":"","meta":[],"product_brand":[],"product_cat":[715],"product_tag":[685,761],"class_list":{"0":"post-32347","1":"product","2":"type-product","3":"status-publish","4":"has-post-thumbnail","6":"product_cat-fraises-fr","7":"product_tag-uemc_ort","8":"product_tag-ufporto2-fr","9":"pa_formacion-odontologia-fr","11":"first","12":"instock","13":"sale","14":"taxable","15":"shipping-taxable","16":"purchasable","17":"product-type-simple"},"yoast_head":"<!-- This site is optimized with the Yoast SEO Premium plugin v27.0 (Yoast SEO v27.2) - https:\/\/yoast.com\/product\/yoast-seo-premium-wordpress\/ -->\n<title>FORET EN CARBURE 7210 - yoestudiosalud.es dep\u00f3sito dental<\/title>\n<meta name=\"description\" content=\"Foret en carbure de tungst\u00e8ne 7210, pour pi\u00e8ce \u00e0 main, pour couper le pl\u00e2tre et la r\u00e9sine. ISO 500.104.274190.040.\" \/>\n<meta name=\"robots\" content=\"index, follow, max-snippet:-1, max-image-preview:large, max-video-preview:-1\" \/>\n<link rel=\"canonical\" href=\"https:\/\/yoestudiosalud.es\/fr\/produit\/fresa-carburo-7210\/\" \/>\n<meta property=\"og:locale\" content=\"fr_FR\" \/>\n<meta property=\"og:type\" content=\"article\" \/>\n<meta property=\"og:title\" content=\"FORET EN CARBURE 7210\" \/>\n<meta property=\"og:description\" content=\"Foret en carbure de tungst\u00e8ne 7210, pour pi\u00e8ce \u00e0 main, pour couper le pl\u00e2tre et la r\u00e9sine. ISO 500.104.274190.040.\" \/>\n<meta property=\"og:url\" content=\"https:\/\/yoestudiosalud.es\/fr\/produit\/fresa-carburo-7210\/\" \/>\n<meta property=\"og:site_name\" content=\"yoestudiosalud.es\" \/>\n<meta property=\"article:modified_time\" content=\"2025-07-02T09:53:34+00:00\" \/>\n<meta property=\"og:image\" content=\"https:\/\/yoestudiosalud.es\/wp-content\/uploads\/2021\/11\/000280.jpg\" \/>\n\t<meta property=\"og:image:width\" content=\"650\" \/>\n\t<meta property=\"og:image:height\" content=\"650\" \/>\n\t<meta property=\"og:image:type\" content=\"image\/jpeg\" \/>\n<meta name=\"twitter:card\" content=\"summary_large_image\" \/>\n<script type=\"application\/ld+json\" class=\"yoast-schema-graph\">{\"@context\":\"https:\/\/schema.org\",\"@graph\":[{\"@type\":\"WebPage\",\"@id\":\"https:\/\/yoestudiosalud.es\/fr\/produit\/fresa-carburo-7210\/\",\"url\":\"https:\/\/yoestudiosalud.es\/fr\/produit\/fresa-carburo-7210\/\",\"name\":\"FORET EN CARBURE 7210 - yoestudiosalud.es dep\u00f3sito dental\",\"isPartOf\":{\"@id\":\"https:\/\/yoestudiosalud.es\/en\/#website\"},\"primaryImageOfPage\":{\"@id\":\"https:\/\/yoestudiosalud.es\/fr\/produit\/fresa-carburo-7210\/#primaryimage\"},\"image\":{\"@id\":\"https:\/\/yoestudiosalud.es\/fr\/produit\/fresa-carburo-7210\/#primaryimage\"},\"thumbnailUrl\":\"https:\/\/yoestudiosalud.es\/wp-content\/uploads\/2021\/11\/000280.jpg\",\"datePublished\":\"2021-11-16T14:45:28+00:00\",\"dateModified\":\"2025-07-02T09:53:34+00:00\",\"description\":\"Foret en carbure de tungst\u00e8ne 7210, pour pi\u00e8ce \u00e0 main, pour couper le pl\u00e2tre et la r\u00e9sine. ISO 500.104.274190.040.\",\"breadcrumb\":{\"@id\":\"https:\/\/yoestudiosalud.es\/fr\/produit\/fresa-carburo-7210\/#breadcrumb\"},\"inLanguage\":\"fr-FR\",\"potentialAction\":[{\"@type\":\"ReadAction\",\"target\":[\"https:\/\/yoestudiosalud.es\/fr\/produit\/fresa-carburo-7210\/\"]}]},{\"@type\":\"ImageObject\",\"inLanguage\":\"fr-FR\",\"@id\":\"https:\/\/yoestudiosalud.es\/fr\/produit\/fresa-carburo-7210\/#primaryimage\",\"url\":\"https:\/\/yoestudiosalud.es\/wp-content\/uploads\/2021\/11\/000280.jpg\",\"contentUrl\":\"https:\/\/yoestudiosalud.es\/wp-content\/uploads\/2021\/11\/000280.jpg\",\"width\":650,\"height\":650,\"caption\":\"FORET EN CARBURE 7210\"},{\"@type\":\"BreadcrumbList\",\"@id\":\"https:\/\/yoestudiosalud.es\/fr\/produit\/fresa-carburo-7210\/#breadcrumb\",\"itemListElement\":[{\"@type\":\"ListItem\",\"position\":1,\"name\":\"Portada\",\"item\":\"https:\/\/yoestudiosalud.es\/fr\/\"},{\"@type\":\"ListItem\",\"position\":2,\"name\":\"Boutique\",\"item\":\"https:\/\/yoestudiosalud.es\/fr\/boutique\/\"},{\"@type\":\"ListItem\",\"position\":3,\"name\":\"FORET EN CARBURE 7210\"}]},{\"@type\":\"WebSite\",\"@id\":\"https:\/\/yoestudiosalud.es\/en\/#website\",\"url\":\"https:\/\/yoestudiosalud.es\/en\/\",\"name\":\"yoestudiosalud.es\",\"description\":\"Material para estudiantes del sector salud\",\"publisher\":{\"@id\":\"https:\/\/yoestudiosalud.es\/en\/#organization\"},\"potentialAction\":[{\"@type\":\"SearchAction\",\"target\":{\"@type\":\"EntryPoint\",\"urlTemplate\":\"https:\/\/yoestudiosalud.es\/en\/?s={search_term_string}\"},\"query-input\":{\"@type\":\"PropertyValueSpecification\",\"valueRequired\":true,\"valueName\":\"search_term_string\"}}],\"inLanguage\":\"fr-FR\"},{\"@type\":\"Organization\",\"@id\":\"https:\/\/yoestudiosalud.es\/en\/#organization\",\"name\":\"yoestudiosalud.es\",\"url\":\"https:\/\/yoestudiosalud.es\/en\/\",\"logo\":{\"@type\":\"ImageObject\",\"inLanguage\":\"fr-FR\",\"@id\":\"https:\/\/yoestudiosalud.es\/en\/#\/schema\/logo\/image\/\",\"url\":\"https:\/\/yoestudiosalud.es\/wp-content\/uploads\/2020\/04\/logonew-e1698080827687.png\",\"contentUrl\":\"https:\/\/yoestudiosalud.es\/wp-content\/uploads\/2020\/04\/logonew-e1698080827687.png\",\"width\":421,\"height\":393,\"caption\":\"yoestudiosalud.es\"},\"image\":{\"@id\":\"https:\/\/yoestudiosalud.es\/en\/#\/schema\/logo\/image\/\"}}]}<\/script>\n<!-- \/ Yoast SEO Premium plugin. -->","yoast_head_json":{"title":"FORET EN CARBURE 7210 - yoestudiosalud.es dep\u00f3sito dental","description":"Foret en carbure de tungst\u00e8ne 7210, pour pi\u00e8ce \u00e0 main, pour couper le pl\u00e2tre et la r\u00e9sine. ISO 500.104.274190.040.","robots":{"index":"index","follow":"follow","max-snippet":"max-snippet:-1","max-image-preview":"max-image-preview:large","max-video-preview":"max-video-preview:-1"},"canonical":"https:\/\/yoestudiosalud.es\/fr\/produit\/fresa-carburo-7210\/","og_locale":"fr_FR","og_type":"article","og_title":"FORET EN CARBURE 7210","og_description":"Foret en carbure de tungst\u00e8ne 7210, pour pi\u00e8ce \u00e0 main, pour couper le pl\u00e2tre et la r\u00e9sine. ISO 500.104.274190.040.","og_url":"https:\/\/yoestudiosalud.es\/fr\/produit\/fresa-carburo-7210\/","og_site_name":"yoestudiosalud.es","article_modified_time":"2025-07-02T09:53:34+00:00","og_image":[{"width":650,"height":650,"url":"https:\/\/yoestudiosalud.es\/wp-content\/uploads\/2021\/11\/000280.jpg","type":"image\/jpeg"}],"twitter_card":"summary_large_image","schema":{"@context":"https:\/\/schema.org","@graph":[{"@type":"WebPage","@id":"https:\/\/yoestudiosalud.es\/fr\/produit\/fresa-carburo-7210\/","url":"https:\/\/yoestudiosalud.es\/fr\/produit\/fresa-carburo-7210\/","name":"FORET EN CARBURE 7210 - yoestudiosalud.es dep\u00f3sito dental","isPartOf":{"@id":"https:\/\/yoestudiosalud.es\/en\/#website"},"primaryImageOfPage":{"@id":"https:\/\/yoestudiosalud.es\/fr\/produit\/fresa-carburo-7210\/#primaryimage"},"image":{"@id":"https:\/\/yoestudiosalud.es\/fr\/produit\/fresa-carburo-7210\/#primaryimage"},"thumbnailUrl":"https:\/\/yoestudiosalud.es\/wp-content\/uploads\/2021\/11\/000280.jpg","datePublished":"2021-11-16T14:45:28+00:00","dateModified":"2025-07-02T09:53:34+00:00","description":"Foret en carbure de tungst\u00e8ne 7210, pour pi\u00e8ce \u00e0 main, pour couper le pl\u00e2tre et la r\u00e9sine. ISO 500.104.274190.040.","breadcrumb":{"@id":"https:\/\/yoestudiosalud.es\/fr\/produit\/fresa-carburo-7210\/#breadcrumb"},"inLanguage":"fr-FR","potentialAction":[{"@type":"ReadAction","target":["https:\/\/yoestudiosalud.es\/fr\/produit\/fresa-carburo-7210\/"]}]},{"@type":"ImageObject","inLanguage":"fr-FR","@id":"https:\/\/yoestudiosalud.es\/fr\/produit\/fresa-carburo-7210\/#primaryimage","url":"https:\/\/yoestudiosalud.es\/wp-content\/uploads\/2021\/11\/000280.jpg","contentUrl":"https:\/\/yoestudiosalud.es\/wp-content\/uploads\/2021\/11\/000280.jpg","width":650,"height":650,"caption":"FORET EN CARBURE 7210"},{"@type":"BreadcrumbList","@id":"https:\/\/yoestudiosalud.es\/fr\/produit\/fresa-carburo-7210\/#breadcrumb","itemListElement":[{"@type":"ListItem","position":1,"name":"Portada","item":"https:\/\/yoestudiosalud.es\/fr\/"},{"@type":"ListItem","position":2,"name":"Boutique","item":"https:\/\/yoestudiosalud.es\/fr\/boutique\/"},{"@type":"ListItem","position":3,"name":"FORET EN CARBURE 7210"}]},{"@type":"WebSite","@id":"https:\/\/yoestudiosalud.es\/en\/#website","url":"https:\/\/yoestudiosalud.es\/en\/","name":"yoestudiosalud.es","description":"Material para estudiantes del sector salud","publisher":{"@id":"https:\/\/yoestudiosalud.es\/en\/#organization"},"potentialAction":[{"@type":"SearchAction","target":{"@type":"EntryPoint","urlTemplate":"https:\/\/yoestudiosalud.es\/en\/?s={search_term_string}"},"query-input":{"@type":"PropertyValueSpecification","valueRequired":true,"valueName":"search_term_string"}}],"inLanguage":"fr-FR"},{"@type":"Organization","@id":"https:\/\/yoestudiosalud.es\/en\/#organization","name":"yoestudiosalud.es","url":"https:\/\/yoestudiosalud.es\/en\/","logo":{"@type":"ImageObject","inLanguage":"fr-FR","@id":"https:\/\/yoestudiosalud.es\/en\/#\/schema\/logo\/image\/","url":"https:\/\/yoestudiosalud.es\/wp-content\/uploads\/2020\/04\/logonew-e1698080827687.png","contentUrl":"https:\/\/yoestudiosalud.es\/wp-content\/uploads\/2020\/04\/logonew-e1698080827687.png","width":421,"height":393,"caption":"yoestudiosalud.es"},"image":{"@id":"https:\/\/yoestudiosalud.es\/en\/#\/schema\/logo\/image\/"}}]}},"_links":{"self":[{"href":"https:\/\/yoestudiosalud.es\/fr\/wp-json\/wp\/v2\/product\/32347","targetHints":{"allow":["GET"]}}],"collection":[{"href":"https:\/\/yoestudiosalud.es\/fr\/wp-json\/wp\/v2\/product"}],"about":[{"href":"https:\/\/yoestudiosalud.es\/fr\/wp-json\/wp\/v2\/types\/product"}],"wp:featuredmedia":[{"embeddable":true,"href":"https:\/\/yoestudiosalud.es\/fr\/wp-json\/wp\/v2\/media\/32348"}],"wp:attachment":[{"href":"https:\/\/yoestudiosalud.es\/fr\/wp-json\/wp\/v2\/media?parent=32347"}],"wp:term":[{"taxonomy":"product_brand","embeddable":true,"href":"https:\/\/yoestudiosalud.es\/fr\/wp-json\/wp\/v2\/product_brand?post=32347"},{"taxonomy":"product_cat","embeddable":true,"href":"https:\/\/yoestudiosalud.es\/fr\/wp-json\/wp\/v2\/product_cat?post=32347"},{"taxonomy":"product_tag","embeddable":true,"href":"https:\/\/yoestudiosalud.es\/fr\/wp-json\/wp\/v2\/product_tag?post=32347"}],"curies":[{"name":"wp","href":"https:\/\/api.w.org\/{rel}","templated":true}]}}