{"id":32340,"date":"2021-11-16T17:09:10","date_gmt":"2021-11-16T17:09:10","guid":{"rendered":"https:\/\/yoestudiosalud.es\/producto\/periostotomo-de-prichard\/"},"modified":"2025-07-02T11:59:23","modified_gmt":"2025-07-02T09:59:23","slug":"periostotomo-de-prichard","status":"publish","type":"product","link":"https:\/\/yoestudiosalud.es\/fr\/produit\/periostotomo-de-prichard\/","title":{"rendered":"P\u00c9RIOSTOTOME DE PRICHARD"},"content":{"rendered":"<p>Le p\u00e9riostotome de Prichard est un instrument chirurgical destin\u00e9 \u00e0 la r\u00e9traction de la muqueuse parodontale. Il permet de s\u00e9parer le tissu gingival adh\u00e9rant \u00e0 l&#8217;os, tant du c\u00f4t\u00e9 vestibulaire que du c\u00f4t\u00e9 palatin. Le p\u00e9riostotome de Prichard se compose de deux lames, une grande lame plate et une lame \u00e9troite \u00e0 bout arrondi. Gr\u00e2ce \u00e0 ces deux parties actives, le p\u00e9riostotome de Prichard peut \u00eatre utilis\u00e9 comme s\u00e9parateur \u00e0 une extr\u00e9mit\u00e9 et, \u00e0 l&#8217;autre extr\u00e9mit\u00e9, il peut \u00eatre d\u00e9capit\u00e9 en douceur et de mani\u00e8re atraumatique.<\/p>\n<p>&nbsp;<\/p>\n","protected":false},"excerpt":{"rendered":"<p>Le p\u00e9riostotome de Prichard est un instrument chirurgical destin\u00e9 \u00e0 la r\u00e9traction de la muqueuse parodontale.<\/p>\n","protected":false},"featured_media":32342,"template":"","meta":[],"product_brand":[],"product_cat":[681],"product_tag":[677,755],"class_list":{"0":"post-32340","1":"product","2":"type-product","3":"status-publish","4":"has-post-thumbnail","6":"product_cat-chirurgie-fr","7":"product_tag-uemc_mbc","8":"product_tag-ucam3-fr","9":"pa_formacion-odontologia-fr","11":"first","12":"instock","13":"sale","14":"taxable","15":"shipping-taxable","16":"purchasable","17":"product-type-simple"},"yoast_head":"<!-- This site is optimized with the Yoast SEO Premium plugin v27.0 (Yoast SEO v27.2) - https:\/\/yoast.com\/product\/yoast-seo-premium-wordpress\/ -->\n<title>P\u00c9RIOSTOTOME DE PRICHARD - yoestudiosalud.es<\/title>\n<meta name=\"description\" content=\"Le p\u00e9riostotome de Prichard est un instrument chirurgical destin\u00e9 \u00e0 la r\u00e9traction de la muqueuse parodontale.\" \/>\n<meta name=\"robots\" content=\"index, follow, max-snippet:-1, max-image-preview:large, max-video-preview:-1\" \/>\n<link rel=\"canonical\" href=\"https:\/\/yoestudiosalud.es\/fr\/produit\/periostotomo-de-prichard\/\" \/>\n<meta property=\"og:locale\" content=\"fr_FR\" \/>\n<meta property=\"og:type\" content=\"article\" \/>\n<meta property=\"og:title\" content=\"P\u00c9RIOSTOTOME DE PRICHARD\" \/>\n<meta property=\"og:description\" content=\"Le p\u00e9riostotome de Prichard est un instrument chirurgical destin\u00e9 \u00e0 la r\u00e9traction de la muqueuse parodontale.\" \/>\n<meta property=\"og:url\" content=\"https:\/\/yoestudiosalud.es\/fr\/produit\/periostotomo-de-prichard\/\" \/>\n<meta property=\"og:site_name\" content=\"yoestudiosalud.es\" \/>\n<meta property=\"article:modified_time\" content=\"2025-07-02T09:59:23+00:00\" \/>\n<meta property=\"og:image\" content=\"https:\/\/yoestudiosalud.es\/wp-content\/uploads\/2021\/11\/003309-1.jpg\" \/>\n\t<meta property=\"og:image:width\" content=\"650\" \/>\n\t<meta property=\"og:image:height\" content=\"650\" \/>\n\t<meta property=\"og:image:type\" content=\"image\/jpeg\" \/>\n<meta name=\"twitter:card\" content=\"summary_large_image\" \/>\n<script type=\"application\/ld+json\" class=\"yoast-schema-graph\">{\"@context\":\"https:\/\/schema.org\",\"@graph\":[{\"@type\":\"WebPage\",\"@id\":\"https:\/\/yoestudiosalud.es\/fr\/produit\/periostotomo-de-prichard\/\",\"url\":\"https:\/\/yoestudiosalud.es\/fr\/produit\/periostotomo-de-prichard\/\",\"name\":\"P\u00c9RIOSTOTOME DE PRICHARD - yoestudiosalud.es\",\"isPartOf\":{\"@id\":\"https:\/\/yoestudiosalud.es\/en\/#website\"},\"primaryImageOfPage\":{\"@id\":\"https:\/\/yoestudiosalud.es\/fr\/produit\/periostotomo-de-prichard\/#primaryimage\"},\"image\":{\"@id\":\"https:\/\/yoestudiosalud.es\/fr\/produit\/periostotomo-de-prichard\/#primaryimage\"},\"thumbnailUrl\":\"https:\/\/yoestudiosalud.es\/wp-content\/uploads\/2021\/11\/003309-1.jpg\",\"datePublished\":\"2021-11-16T17:09:10+00:00\",\"dateModified\":\"2025-07-02T09:59:23+00:00\",\"description\":\"Le p\u00e9riostotome de Prichard est un instrument chirurgical destin\u00e9 \u00e0 la r\u00e9traction de la muqueuse parodontale.\",\"breadcrumb\":{\"@id\":\"https:\/\/yoestudiosalud.es\/fr\/produit\/periostotomo-de-prichard\/#breadcrumb\"},\"inLanguage\":\"fr-FR\",\"potentialAction\":[{\"@type\":\"ReadAction\",\"target\":[\"https:\/\/yoestudiosalud.es\/fr\/produit\/periostotomo-de-prichard\/\"]}]},{\"@type\":\"ImageObject\",\"inLanguage\":\"fr-FR\",\"@id\":\"https:\/\/yoestudiosalud.es\/fr\/produit\/periostotomo-de-prichard\/#primaryimage\",\"url\":\"https:\/\/yoestudiosalud.es\/wp-content\/uploads\/2021\/11\/003309-1.jpg\",\"contentUrl\":\"https:\/\/yoestudiosalud.es\/wp-content\/uploads\/2021\/11\/003309-1.jpg\",\"width\":650,\"height\":650,\"caption\":\"P\u00c9RIOSTOTOME DE PRICHARD\"},{\"@type\":\"BreadcrumbList\",\"@id\":\"https:\/\/yoestudiosalud.es\/fr\/produit\/periostotomo-de-prichard\/#breadcrumb\",\"itemListElement\":[{\"@type\":\"ListItem\",\"position\":1,\"name\":\"Portada\",\"item\":\"https:\/\/yoestudiosalud.es\/fr\/\"},{\"@type\":\"ListItem\",\"position\":2,\"name\":\"Boutique\",\"item\":\"https:\/\/yoestudiosalud.es\/fr\/boutique\/\"},{\"@type\":\"ListItem\",\"position\":3,\"name\":\"P\u00c9RIOSTOTOME DE PRICHARD\"}]},{\"@type\":\"WebSite\",\"@id\":\"https:\/\/yoestudiosalud.es\/en\/#website\",\"url\":\"https:\/\/yoestudiosalud.es\/en\/\",\"name\":\"yoestudiosalud.es\",\"description\":\"Material para estudiantes del sector salud\",\"publisher\":{\"@id\":\"https:\/\/yoestudiosalud.es\/en\/#organization\"},\"potentialAction\":[{\"@type\":\"SearchAction\",\"target\":{\"@type\":\"EntryPoint\",\"urlTemplate\":\"https:\/\/yoestudiosalud.es\/en\/?s={search_term_string}\"},\"query-input\":{\"@type\":\"PropertyValueSpecification\",\"valueRequired\":true,\"valueName\":\"search_term_string\"}}],\"inLanguage\":\"fr-FR\"},{\"@type\":\"Organization\",\"@id\":\"https:\/\/yoestudiosalud.es\/en\/#organization\",\"name\":\"yoestudiosalud.es\",\"url\":\"https:\/\/yoestudiosalud.es\/en\/\",\"logo\":{\"@type\":\"ImageObject\",\"inLanguage\":\"fr-FR\",\"@id\":\"https:\/\/yoestudiosalud.es\/en\/#\/schema\/logo\/image\/\",\"url\":\"https:\/\/yoestudiosalud.es\/wp-content\/uploads\/2020\/04\/logonew-e1698080827687.png\",\"contentUrl\":\"https:\/\/yoestudiosalud.es\/wp-content\/uploads\/2020\/04\/logonew-e1698080827687.png\",\"width\":421,\"height\":393,\"caption\":\"yoestudiosalud.es\"},\"image\":{\"@id\":\"https:\/\/yoestudiosalud.es\/en\/#\/schema\/logo\/image\/\"}}]}<\/script>\n<!-- \/ Yoast SEO Premium plugin. -->","yoast_head_json":{"title":"P\u00c9RIOSTOTOME DE PRICHARD - yoestudiosalud.es","description":"Le p\u00e9riostotome de Prichard est un instrument chirurgical destin\u00e9 \u00e0 la r\u00e9traction de la muqueuse parodontale.","robots":{"index":"index","follow":"follow","max-snippet":"max-snippet:-1","max-image-preview":"max-image-preview:large","max-video-preview":"max-video-preview:-1"},"canonical":"https:\/\/yoestudiosalud.es\/fr\/produit\/periostotomo-de-prichard\/","og_locale":"fr_FR","og_type":"article","og_title":"P\u00c9RIOSTOTOME DE PRICHARD","og_description":"Le p\u00e9riostotome de Prichard est un instrument chirurgical destin\u00e9 \u00e0 la r\u00e9traction de la muqueuse parodontale.","og_url":"https:\/\/yoestudiosalud.es\/fr\/produit\/periostotomo-de-prichard\/","og_site_name":"yoestudiosalud.es","article_modified_time":"2025-07-02T09:59:23+00:00","og_image":[{"width":650,"height":650,"url":"https:\/\/yoestudiosalud.es\/wp-content\/uploads\/2021\/11\/003309-1.jpg","type":"image\/jpeg"}],"twitter_card":"summary_large_image","schema":{"@context":"https:\/\/schema.org","@graph":[{"@type":"WebPage","@id":"https:\/\/yoestudiosalud.es\/fr\/produit\/periostotomo-de-prichard\/","url":"https:\/\/yoestudiosalud.es\/fr\/produit\/periostotomo-de-prichard\/","name":"P\u00c9RIOSTOTOME DE PRICHARD - yoestudiosalud.es","isPartOf":{"@id":"https:\/\/yoestudiosalud.es\/en\/#website"},"primaryImageOfPage":{"@id":"https:\/\/yoestudiosalud.es\/fr\/produit\/periostotomo-de-prichard\/#primaryimage"},"image":{"@id":"https:\/\/yoestudiosalud.es\/fr\/produit\/periostotomo-de-prichard\/#primaryimage"},"thumbnailUrl":"https:\/\/yoestudiosalud.es\/wp-content\/uploads\/2021\/11\/003309-1.jpg","datePublished":"2021-11-16T17:09:10+00:00","dateModified":"2025-07-02T09:59:23+00:00","description":"Le p\u00e9riostotome de Prichard est un instrument chirurgical destin\u00e9 \u00e0 la r\u00e9traction de la muqueuse parodontale.","breadcrumb":{"@id":"https:\/\/yoestudiosalud.es\/fr\/produit\/periostotomo-de-prichard\/#breadcrumb"},"inLanguage":"fr-FR","potentialAction":[{"@type":"ReadAction","target":["https:\/\/yoestudiosalud.es\/fr\/produit\/periostotomo-de-prichard\/"]}]},{"@type":"ImageObject","inLanguage":"fr-FR","@id":"https:\/\/yoestudiosalud.es\/fr\/produit\/periostotomo-de-prichard\/#primaryimage","url":"https:\/\/yoestudiosalud.es\/wp-content\/uploads\/2021\/11\/003309-1.jpg","contentUrl":"https:\/\/yoestudiosalud.es\/wp-content\/uploads\/2021\/11\/003309-1.jpg","width":650,"height":650,"caption":"P\u00c9RIOSTOTOME DE PRICHARD"},{"@type":"BreadcrumbList","@id":"https:\/\/yoestudiosalud.es\/fr\/produit\/periostotomo-de-prichard\/#breadcrumb","itemListElement":[{"@type":"ListItem","position":1,"name":"Portada","item":"https:\/\/yoestudiosalud.es\/fr\/"},{"@type":"ListItem","position":2,"name":"Boutique","item":"https:\/\/yoestudiosalud.es\/fr\/boutique\/"},{"@type":"ListItem","position":3,"name":"P\u00c9RIOSTOTOME DE PRICHARD"}]},{"@type":"WebSite","@id":"https:\/\/yoestudiosalud.es\/en\/#website","url":"https:\/\/yoestudiosalud.es\/en\/","name":"yoestudiosalud.es","description":"Material para estudiantes del sector salud","publisher":{"@id":"https:\/\/yoestudiosalud.es\/en\/#organization"},"potentialAction":[{"@type":"SearchAction","target":{"@type":"EntryPoint","urlTemplate":"https:\/\/yoestudiosalud.es\/en\/?s={search_term_string}"},"query-input":{"@type":"PropertyValueSpecification","valueRequired":true,"valueName":"search_term_string"}}],"inLanguage":"fr-FR"},{"@type":"Organization","@id":"https:\/\/yoestudiosalud.es\/en\/#organization","name":"yoestudiosalud.es","url":"https:\/\/yoestudiosalud.es\/en\/","logo":{"@type":"ImageObject","inLanguage":"fr-FR","@id":"https:\/\/yoestudiosalud.es\/en\/#\/schema\/logo\/image\/","url":"https:\/\/yoestudiosalud.es\/wp-content\/uploads\/2020\/04\/logonew-e1698080827687.png","contentUrl":"https:\/\/yoestudiosalud.es\/wp-content\/uploads\/2020\/04\/logonew-e1698080827687.png","width":421,"height":393,"caption":"yoestudiosalud.es"},"image":{"@id":"https:\/\/yoestudiosalud.es\/en\/#\/schema\/logo\/image\/"}}]}},"_links":{"self":[{"href":"https:\/\/yoestudiosalud.es\/fr\/wp-json\/wp\/v2\/product\/32340","targetHints":{"allow":["GET"]}}],"collection":[{"href":"https:\/\/yoestudiosalud.es\/fr\/wp-json\/wp\/v2\/product"}],"about":[{"href":"https:\/\/yoestudiosalud.es\/fr\/wp-json\/wp\/v2\/types\/product"}],"wp:featuredmedia":[{"embeddable":true,"href":"https:\/\/yoestudiosalud.es\/fr\/wp-json\/wp\/v2\/media\/32342"}],"wp:attachment":[{"href":"https:\/\/yoestudiosalud.es\/fr\/wp-json\/wp\/v2\/media?parent=32340"}],"wp:term":[{"taxonomy":"product_brand","embeddable":true,"href":"https:\/\/yoestudiosalud.es\/fr\/wp-json\/wp\/v2\/product_brand?post=32340"},{"taxonomy":"product_cat","embeddable":true,"href":"https:\/\/yoestudiosalud.es\/fr\/wp-json\/wp\/v2\/product_cat?post=32340"},{"taxonomy":"product_tag","embeddable":true,"href":"https:\/\/yoestudiosalud.es\/fr\/wp-json\/wp\/v2\/product_tag?post=32340"}],"curies":[{"name":"wp","href":"https:\/\/api.w.org\/{rel}","templated":true}]}}