{"id":32330,"date":"2021-11-18T11:27:37","date_gmt":"2021-11-18T11:27:37","guid":{"rendered":"https:\/\/yoestudiosalud.es\/producto\/bausch-papel-articular-herradura\/"},"modified":"2025-07-02T12:06:05","modified_gmt":"2025-07-02T10:06:05","slug":"bausch-papel-articular-herradura","status":"publish","type":"product","link":"https:\/\/yoestudiosalud.es\/fr\/produit\/bausch-papel-articular-herradura\/","title":{"rendered":"PAPIER ARTICUL\u00c9 EN FER A CHEVAL BAUSCH"},"content":{"rendered":"<p>Le papier articulaire en fer \u00e0 cheval Bausch de 40 microns, mod\u00e8le BK81, est ultra-fin et r\u00e9sistant \u00e0 la rupture.<\/p>\n<p>Le papier articulaire en fer \u00e0 cheval Bausch offre une pr\u00e9cision de marquage gr\u00e2ce \u00e0 sa faible \u00e9paisseur, ce qui \u00e9vite les contacts erron\u00e9s ou flous. Le rev\u00eatement sp\u00e9cial avec des couleurs liquides permet un marquage clair de tous les contacts occlusaux ou interf\u00e9rences.<\/p>\n<p>Le papier articulaire en fer \u00e0 cheval BK81 est sp\u00e9cialement indiqu\u00e9 pour les patients qui, en raison d\u2019une r\u00e9silience diminu\u00e9e, ne peuvent mordre que d\u2019un c\u00f4t\u00e9 lors du contr\u00f4le de l\u2019occlusion. Le fait qu\u2019il soit bicolore, bleu et rouge, permet de diff\u00e9rencier l\u2019occlusion statique de la dynamique.<\/p>\n","protected":false},"excerpt":{"rendered":"<p>Le papier articulaire en fer \u00e0 cheval Bausch de 40 microns, mod\u00e8le BK81, est ultra-fin mais r\u00e9sistant \u00e0 la rupture.<\/p>\n<p>Le papier articulaire en fer \u00e0 cheval Bausch poss\u00e8de une propri\u00e9t\u00e9 de marquage tr\u00e8s pr\u00e9cise gr\u00e2ce \u00e0 sa faible \u00e9paisseur, ce qui \u00e9vite les contacts erron\u00e9s ou flous. Le rev\u00eatement sp\u00e9cial avec des couleurs liquides permet un marquage clair de tous les contacts occlusaux ou interf\u00e9rences.<\/p>\n<p>Le papier articulaire en fer \u00e0 cheval BK81 est sp\u00e9cialement indiqu\u00e9 pour les patients qui, en raison d\u2019une r\u00e9silience diminu\u00e9e, ne peuvent mordre que d\u2019un seul c\u00f4t\u00e9 lors du contr\u00f4le de l\u2019occlusion. Le fait qu\u2019il soit bicolore, bleu et rouge, permet de diff\u00e9rencier l\u2019occlusion statique de la dynamique.<\/p>\n","protected":false},"featured_media":32331,"template":"","meta":[],"product_brand":[],"product_cat":[716],"product_tag":[678],"class_list":{"0":"post-32330","1":"product","2":"type-product","3":"status-publish","4":"has-post-thumbnail","6":"product_cat-consommables-fr","7":"product_tag-uemc_prt","8":"pa_formacion-odontologia-fr","10":"first","11":"instock","12":"taxable","13":"shipping-taxable","14":"purchasable","15":"product-type-simple"},"yoast_head":"<!-- This site is optimized with the Yoast SEO Premium plugin v27.0 (Yoast SEO v27.4) - https:\/\/yoast.com\/product\/yoast-seo-premium-wordpress\/ -->\n<title>PAPIER ARTICUL\u00c9 EN FER A CHEVAL BAUSCH - yoestudiosalud.es<\/title>\n<meta name=\"description\" content=\"Bausch papel articular en herradura ultradelgado , 40 micras , y con propiedad de marcaci\u00f3n precisa . C\u00f3mpralo online en YoEstudioSalud.es\" \/>\n<meta name=\"robots\" content=\"index, follow, max-snippet:-1, max-image-preview:large, max-video-preview:-1\" \/>\n<link rel=\"canonical\" href=\"https:\/\/yoestudiosalud.es\/produit\/bausch-papel-articular-herradura\/\" \/>\n<meta property=\"og:locale\" content=\"fr_FR\" \/>\n<meta property=\"og:type\" content=\"article\" \/>\n<meta property=\"og:title\" content=\"PAPIER ARTICUL\u00c9 EN FER A CHEVAL BAUSCH\" \/>\n<meta property=\"og:description\" content=\"Bausch papel articular en herradura ultradelgado , 40 micras , y con propiedad de marcaci\u00f3n precisa . C\u00f3mpralo online en YoEstudioSalud.es\" \/>\n<meta property=\"og:url\" content=\"https:\/\/yoestudiosalud.es\/produit\/bausch-papel-articular-herradura\/\" \/>\n<meta property=\"og:site_name\" content=\"yoestudiosalud.es\" \/>\n<meta property=\"article:modified_time\" content=\"2025-07-02T10:06:05+00:00\" \/>\n<meta property=\"og:image\" content=\"https:\/\/yoestudiosalud.es\/wp-content\/uploads\/2021\/11\/003832.jpg\" \/>\n\t<meta property=\"og:image:width\" content=\"650\" \/>\n\t<meta property=\"og:image:height\" content=\"650\" \/>\n\t<meta property=\"og:image:type\" content=\"image\/jpeg\" \/>\n<meta name=\"twitter:card\" content=\"summary_large_image\" \/>\n<meta name=\"twitter:label1\" content=\"Dur\u00e9e de lecture estim\u00e9e\" \/>\n\t<meta name=\"twitter:data1\" content=\"1 minute\" \/>\n<script type=\"application\/ld+json\" class=\"yoast-schema-graph\">{\"@context\":\"https:\\\/\\\/schema.org\",\"@graph\":[{\"@type\":\"WebPage\",\"@id\":\"https:\\\/\\\/yoestudiosalud.es\\\/produit\\\/bausch-papel-articular-herradura\\\/\",\"url\":\"https:\\\/\\\/yoestudiosalud.es\\\/produit\\\/bausch-papel-articular-herradura\\\/\",\"name\":\"PAPIER ARTICUL\u00c9 EN FER A CHEVAL BAUSCH - yoestudiosalud.es\",\"isPartOf\":{\"@id\":\"https:\\\/\\\/yoestudiosalud.es\\\/en\\\/#website\"},\"primaryImageOfPage\":{\"@id\":\"https:\\\/\\\/yoestudiosalud.es\\\/produit\\\/bausch-papel-articular-herradura\\\/#primaryimage\"},\"image\":{\"@id\":\"https:\\\/\\\/yoestudiosalud.es\\\/produit\\\/bausch-papel-articular-herradura\\\/#primaryimage\"},\"thumbnailUrl\":\"https:\\\/\\\/yoestudiosalud.es\\\/wp-content\\\/uploads\\\/2021\\\/11\\\/003832.jpg\",\"datePublished\":\"2021-11-18T11:27:37+00:00\",\"dateModified\":\"2025-07-02T10:06:05+00:00\",\"description\":\"Bausch papel articular en herradura ultradelgado , 40 micras , y con propiedad de marcaci\u00f3n precisa . C\u00f3mpralo online en YoEstudioSalud.es\",\"breadcrumb\":{\"@id\":\"https:\\\/\\\/yoestudiosalud.es\\\/produit\\\/bausch-papel-articular-herradura\\\/#breadcrumb\"},\"inLanguage\":\"fr-FR\",\"potentialAction\":[{\"@type\":\"ReadAction\",\"target\":[\"https:\\\/\\\/yoestudiosalud.es\\\/produit\\\/bausch-papel-articular-herradura\\\/\"]}]},{\"@type\":\"ImageObject\",\"inLanguage\":\"fr-FR\",\"@id\":\"https:\\\/\\\/yoestudiosalud.es\\\/produit\\\/bausch-papel-articular-herradura\\\/#primaryimage\",\"url\":\"https:\\\/\\\/yoestudiosalud.es\\\/wp-content\\\/uploads\\\/2021\\\/11\\\/003832.jpg\",\"contentUrl\":\"https:\\\/\\\/yoestudiosalud.es\\\/wp-content\\\/uploads\\\/2021\\\/11\\\/003832.jpg\",\"width\":650,\"height\":650,\"caption\":\"PAPIER ARTICUL\u00c9 EN FER A CHEVAL BAUSCH\"},{\"@type\":\"BreadcrumbList\",\"@id\":\"https:\\\/\\\/yoestudiosalud.es\\\/produit\\\/bausch-papel-articular-herradura\\\/#breadcrumb\",\"itemListElement\":[{\"@type\":\"ListItem\",\"position\":1,\"name\":\"Portada\",\"item\":\"https:\\\/\\\/yoestudiosalud.es\\\/fr\\\/\"},{\"@type\":\"ListItem\",\"position\":2,\"name\":\"Boutique\",\"item\":\"https:\\\/\\\/yoestudiosalud.es\\\/fr\\\/boutique\\\/\"},{\"@type\":\"ListItem\",\"position\":3,\"name\":\"PAPIER ARTICUL\u00c9 EN FER A CHEVAL BAUSCH\"}]},{\"@type\":\"WebSite\",\"@id\":\"https:\\\/\\\/yoestudiosalud.es\\\/en\\\/#website\",\"url\":\"https:\\\/\\\/yoestudiosalud.es\\\/en\\\/\",\"name\":\"yoestudiosalud.es\",\"description\":\"Material para estudiantes del sector salud\",\"publisher\":{\"@id\":\"https:\\\/\\\/yoestudiosalud.es\\\/en\\\/#organization\"},\"potentialAction\":[{\"@type\":\"SearchAction\",\"target\":{\"@type\":\"EntryPoint\",\"urlTemplate\":\"https:\\\/\\\/yoestudiosalud.es\\\/en\\\/?s={search_term_string}\"},\"query-input\":{\"@type\":\"PropertyValueSpecification\",\"valueRequired\":true,\"valueName\":\"search_term_string\"}}],\"inLanguage\":\"fr-FR\"},{\"@type\":\"Organization\",\"@id\":\"https:\\\/\\\/yoestudiosalud.es\\\/en\\\/#organization\",\"name\":\"yoestudiosalud.es\",\"url\":\"https:\\\/\\\/yoestudiosalud.es\\\/en\\\/\",\"logo\":{\"@type\":\"ImageObject\",\"inLanguage\":\"fr-FR\",\"@id\":\"https:\\\/\\\/yoestudiosalud.es\\\/en\\\/#\\\/schema\\\/logo\\\/image\\\/\",\"url\":\"https:\\\/\\\/yoestudiosalud.es\\\/wp-content\\\/uploads\\\/2020\\\/04\\\/logonew-e1698080827687.png\",\"contentUrl\":\"https:\\\/\\\/yoestudiosalud.es\\\/wp-content\\\/uploads\\\/2020\\\/04\\\/logonew-e1698080827687.png\",\"width\":421,\"height\":393,\"caption\":\"yoestudiosalud.es\"},\"image\":{\"@id\":\"https:\\\/\\\/yoestudiosalud.es\\\/en\\\/#\\\/schema\\\/logo\\\/image\\\/\"}}]}<\/script>\n<!-- \/ Yoast SEO Premium plugin. -->","yoast_head_json":{"title":"PAPIER ARTICUL\u00c9 EN FER A CHEVAL BAUSCH - yoestudiosalud.es","description":"Bausch papel articular en herradura ultradelgado , 40 micras , y con propiedad de marcaci\u00f3n precisa . C\u00f3mpralo online en YoEstudioSalud.es","robots":{"index":"index","follow":"follow","max-snippet":"max-snippet:-1","max-image-preview":"max-image-preview:large","max-video-preview":"max-video-preview:-1"},"canonical":"https:\/\/yoestudiosalud.es\/produit\/bausch-papel-articular-herradura\/","og_locale":"fr_FR","og_type":"article","og_title":"PAPIER ARTICUL\u00c9 EN FER A CHEVAL BAUSCH","og_description":"Bausch papel articular en herradura ultradelgado , 40 micras , y con propiedad de marcaci\u00f3n precisa . C\u00f3mpralo online en YoEstudioSalud.es","og_url":"https:\/\/yoestudiosalud.es\/produit\/bausch-papel-articular-herradura\/","og_site_name":"yoestudiosalud.es","article_modified_time":"2025-07-02T10:06:05+00:00","og_image":[{"width":650,"height":650,"url":"https:\/\/yoestudiosalud.es\/wp-content\/uploads\/2021\/11\/003832.jpg","type":"image\/jpeg"}],"twitter_card":"summary_large_image","twitter_misc":{"Dur\u00e9e de lecture estim\u00e9e":"1 minute"},"schema":{"@context":"https:\/\/schema.org","@graph":[{"@type":"WebPage","@id":"https:\/\/yoestudiosalud.es\/produit\/bausch-papel-articular-herradura\/","url":"https:\/\/yoestudiosalud.es\/produit\/bausch-papel-articular-herradura\/","name":"PAPIER ARTICUL\u00c9 EN FER A CHEVAL BAUSCH - yoestudiosalud.es","isPartOf":{"@id":"https:\/\/yoestudiosalud.es\/en\/#website"},"primaryImageOfPage":{"@id":"https:\/\/yoestudiosalud.es\/produit\/bausch-papel-articular-herradura\/#primaryimage"},"image":{"@id":"https:\/\/yoestudiosalud.es\/produit\/bausch-papel-articular-herradura\/#primaryimage"},"thumbnailUrl":"https:\/\/yoestudiosalud.es\/wp-content\/uploads\/2021\/11\/003832.jpg","datePublished":"2021-11-18T11:27:37+00:00","dateModified":"2025-07-02T10:06:05+00:00","description":"Bausch papel articular en herradura ultradelgado , 40 micras , y con propiedad de marcaci\u00f3n precisa . C\u00f3mpralo online en YoEstudioSalud.es","breadcrumb":{"@id":"https:\/\/yoestudiosalud.es\/produit\/bausch-papel-articular-herradura\/#breadcrumb"},"inLanguage":"fr-FR","potentialAction":[{"@type":"ReadAction","target":["https:\/\/yoestudiosalud.es\/produit\/bausch-papel-articular-herradura\/"]}]},{"@type":"ImageObject","inLanguage":"fr-FR","@id":"https:\/\/yoestudiosalud.es\/produit\/bausch-papel-articular-herradura\/#primaryimage","url":"https:\/\/yoestudiosalud.es\/wp-content\/uploads\/2021\/11\/003832.jpg","contentUrl":"https:\/\/yoestudiosalud.es\/wp-content\/uploads\/2021\/11\/003832.jpg","width":650,"height":650,"caption":"PAPIER ARTICUL\u00c9 EN FER A CHEVAL BAUSCH"},{"@type":"BreadcrumbList","@id":"https:\/\/yoestudiosalud.es\/produit\/bausch-papel-articular-herradura\/#breadcrumb","itemListElement":[{"@type":"ListItem","position":1,"name":"Portada","item":"https:\/\/yoestudiosalud.es\/fr\/"},{"@type":"ListItem","position":2,"name":"Boutique","item":"https:\/\/yoestudiosalud.es\/fr\/boutique\/"},{"@type":"ListItem","position":3,"name":"PAPIER ARTICUL\u00c9 EN FER A CHEVAL BAUSCH"}]},{"@type":"WebSite","@id":"https:\/\/yoestudiosalud.es\/en\/#website","url":"https:\/\/yoestudiosalud.es\/en\/","name":"yoestudiosalud.es","description":"Material para estudiantes del sector salud","publisher":{"@id":"https:\/\/yoestudiosalud.es\/en\/#organization"},"potentialAction":[{"@type":"SearchAction","target":{"@type":"EntryPoint","urlTemplate":"https:\/\/yoestudiosalud.es\/en\/?s={search_term_string}"},"query-input":{"@type":"PropertyValueSpecification","valueRequired":true,"valueName":"search_term_string"}}],"inLanguage":"fr-FR"},{"@type":"Organization","@id":"https:\/\/yoestudiosalud.es\/en\/#organization","name":"yoestudiosalud.es","url":"https:\/\/yoestudiosalud.es\/en\/","logo":{"@type":"ImageObject","inLanguage":"fr-FR","@id":"https:\/\/yoestudiosalud.es\/en\/#\/schema\/logo\/image\/","url":"https:\/\/yoestudiosalud.es\/wp-content\/uploads\/2020\/04\/logonew-e1698080827687.png","contentUrl":"https:\/\/yoestudiosalud.es\/wp-content\/uploads\/2020\/04\/logonew-e1698080827687.png","width":421,"height":393,"caption":"yoestudiosalud.es"},"image":{"@id":"https:\/\/yoestudiosalud.es\/en\/#\/schema\/logo\/image\/"}}]}},"_links":{"self":[{"href":"https:\/\/yoestudiosalud.es\/fr\/wp-json\/wp\/v2\/product\/32330","targetHints":{"allow":["GET"]}}],"collection":[{"href":"https:\/\/yoestudiosalud.es\/fr\/wp-json\/wp\/v2\/product"}],"about":[{"href":"https:\/\/yoestudiosalud.es\/fr\/wp-json\/wp\/v2\/types\/product"}],"wp:featuredmedia":[{"embeddable":true,"href":"https:\/\/yoestudiosalud.es\/fr\/wp-json\/wp\/v2\/media\/32331"}],"wp:attachment":[{"href":"https:\/\/yoestudiosalud.es\/fr\/wp-json\/wp\/v2\/media?parent=32330"}],"wp:term":[{"taxonomy":"product_brand","embeddable":true,"href":"https:\/\/yoestudiosalud.es\/fr\/wp-json\/wp\/v2\/product_brand?post=32330"},{"taxonomy":"product_cat","embeddable":true,"href":"https:\/\/yoestudiosalud.es\/fr\/wp-json\/wp\/v2\/product_cat?post=32330"},{"taxonomy":"product_tag","embeddable":true,"href":"https:\/\/yoestudiosalud.es\/fr\/wp-json\/wp\/v2\/product_tag?post=32330"}],"curies":[{"name":"wp","href":"https:\/\/api.w.org\/{rel}","templated":true}]}}