{"id":32322,"date":"2021-11-22T16:45:02","date_gmt":"2021-11-22T16:45:02","guid":{"rendered":"https:\/\/yoestudiosalud.es\/producto\/cera-articular-rosa-dura\/"},"modified":"2025-07-02T12:13:26","modified_gmt":"2025-07-02T10:13:26","slug":"cera-articular-rosa-dura","status":"publish","type":"product","link":"https:\/\/yoestudiosalud.es\/fr\/produit\/cera-articular-rosa-dura\/","title":{"rendered":"CIRE ROSE DURE POR ARTICULATIONS"},"content":{"rendered":"<p>La cire rose dure pour articulations est particuli\u00e8rement adapt\u00e9e \u00e0 l&#8217;enregistrement de l&#8217;occlusion. Elle est excellente pour l&#8217;enregistrement de l&#8217;occlusion dans les proth\u00e8ses fixes.<\/p>\n<p>La cire rose dure pour articulations pr\u00e9sente une grande duret\u00e9 et une grande r\u00e9sistance \u00e0 la rupture, tout en \u00e9tant tr\u00e8s pr\u00e9cise lors de l&#8217;enregistrement. Lorsqu&#8217;elle refroidit, elle ne pr\u00e9sente pas de probl\u00e8mes de contraction, ce qui facilite le travail ult\u00e9rieur au laboratoire.<\/p>\n<p>Elle est pr\u00e9sent\u00e9e dans un emballage de 450 g contenant 20 feuilles de 1,5 mm d&#8217;\u00e9paisseur.<\/p>\n<p>&nbsp;<\/p>\n","protected":false},"excerpt":{"rendered":"<p>La cire rose dure pour articulations est particuli\u00e8rement adapt\u00e9e \u00e0 l&#8217;enregistrement de l&#8217;occlusion.<\/p>\n<p>&nbsp;<\/p>\n","protected":false},"featured_media":32323,"template":"","meta":[],"product_brand":[],"product_cat":[716],"product_tag":[678,761],"class_list":{"0":"post-32322","1":"product","2":"type-product","3":"status-publish","4":"has-post-thumbnail","6":"product_cat-consommables-fr","7":"product_tag-uemc_prt","8":"product_tag-ufporto2-fr","9":"pa_formacion-odontologia-fr","11":"first","12":"instock","13":"sale","14":"taxable","15":"shipping-taxable","16":"purchasable","17":"product-type-simple"},"yoast_head":"<!-- This site is optimized with the Yoast SEO Premium plugin v27.0 (Yoast SEO v27.2) - https:\/\/yoast.com\/product\/yoast-seo-premium-wordpress\/ -->\n<title>CIRE ROSE DURE POR ARTICULATIONS - yoestudiosalud.es dep\u00f3sito dental<\/title>\n<meta name=\"description\" content=\"La cire rose dure pour articulations est particuli\u00e8rement adapt\u00e9e \u00e0 l&#039;enregistrement de l&#039;occlusion.\" \/>\n<meta name=\"robots\" content=\"index, follow, max-snippet:-1, max-image-preview:large, max-video-preview:-1\" \/>\n<link rel=\"canonical\" href=\"https:\/\/yoestudiosalud.es\/fr\/produit\/cera-articular-rosa-dura\/\" \/>\n<meta property=\"og:locale\" content=\"fr_FR\" \/>\n<meta property=\"og:type\" content=\"article\" \/>\n<meta property=\"og:title\" content=\"CIRE ROSE DURE POR ARTICULATIONS\" \/>\n<meta property=\"og:description\" content=\"La cire rose dure pour articulations est particuli\u00e8rement adapt\u00e9e \u00e0 l&#039;enregistrement de l&#039;occlusion.\" \/>\n<meta property=\"og:url\" content=\"https:\/\/yoestudiosalud.es\/fr\/produit\/cera-articular-rosa-dura\/\" \/>\n<meta property=\"og:site_name\" content=\"yoestudiosalud.es\" \/>\n<meta property=\"article:modified_time\" content=\"2025-07-02T10:13:26+00:00\" \/>\n<meta property=\"og:image\" content=\"https:\/\/yoestudiosalud.es\/wp-content\/uploads\/2021\/11\/003838.jpg\" \/>\n\t<meta property=\"og:image:width\" content=\"650\" \/>\n\t<meta property=\"og:image:height\" content=\"650\" \/>\n\t<meta property=\"og:image:type\" content=\"image\/jpeg\" \/>\n<meta name=\"twitter:card\" content=\"summary_large_image\" \/>\n<script type=\"application\/ld+json\" class=\"yoast-schema-graph\">{\"@context\":\"https:\/\/schema.org\",\"@graph\":[{\"@type\":\"WebPage\",\"@id\":\"https:\/\/yoestudiosalud.es\/fr\/produit\/cera-articular-rosa-dura\/\",\"url\":\"https:\/\/yoestudiosalud.es\/fr\/produit\/cera-articular-rosa-dura\/\",\"name\":\"CIRE ROSE DURE POR ARTICULATIONS - yoestudiosalud.es dep\u00f3sito dental\",\"isPartOf\":{\"@id\":\"https:\/\/yoestudiosalud.es\/en\/#website\"},\"primaryImageOfPage\":{\"@id\":\"https:\/\/yoestudiosalud.es\/fr\/produit\/cera-articular-rosa-dura\/#primaryimage\"},\"image\":{\"@id\":\"https:\/\/yoestudiosalud.es\/fr\/produit\/cera-articular-rosa-dura\/#primaryimage\"},\"thumbnailUrl\":\"https:\/\/yoestudiosalud.es\/wp-content\/uploads\/2021\/11\/003838.jpg\",\"datePublished\":\"2021-11-22T16:45:02+00:00\",\"dateModified\":\"2025-07-02T10:13:26+00:00\",\"description\":\"La cire rose dure pour articulations est particuli\u00e8rement adapt\u00e9e \u00e0 l'enregistrement de l'occlusion.\",\"breadcrumb\":{\"@id\":\"https:\/\/yoestudiosalud.es\/fr\/produit\/cera-articular-rosa-dura\/#breadcrumb\"},\"inLanguage\":\"fr-FR\",\"potentialAction\":[{\"@type\":\"ReadAction\",\"target\":[\"https:\/\/yoestudiosalud.es\/fr\/produit\/cera-articular-rosa-dura\/\"]}]},{\"@type\":\"ImageObject\",\"inLanguage\":\"fr-FR\",\"@id\":\"https:\/\/yoestudiosalud.es\/fr\/produit\/cera-articular-rosa-dura\/#primaryimage\",\"url\":\"https:\/\/yoestudiosalud.es\/wp-content\/uploads\/2021\/11\/003838.jpg\",\"contentUrl\":\"https:\/\/yoestudiosalud.es\/wp-content\/uploads\/2021\/11\/003838.jpg\",\"width\":650,\"height\":650,\"caption\":\"CIRE ROSE DURE POR ARTICULATIONS\"},{\"@type\":\"BreadcrumbList\",\"@id\":\"https:\/\/yoestudiosalud.es\/fr\/produit\/cera-articular-rosa-dura\/#breadcrumb\",\"itemListElement\":[{\"@type\":\"ListItem\",\"position\":1,\"name\":\"Portada\",\"item\":\"https:\/\/yoestudiosalud.es\/fr\/\"},{\"@type\":\"ListItem\",\"position\":2,\"name\":\"Boutique\",\"item\":\"https:\/\/yoestudiosalud.es\/fr\/boutique\/\"},{\"@type\":\"ListItem\",\"position\":3,\"name\":\"CIRE ROSE DURE POR ARTICULATIONS\"}]},{\"@type\":\"WebSite\",\"@id\":\"https:\/\/yoestudiosalud.es\/en\/#website\",\"url\":\"https:\/\/yoestudiosalud.es\/en\/\",\"name\":\"yoestudiosalud.es\",\"description\":\"Material para estudiantes del sector salud\",\"publisher\":{\"@id\":\"https:\/\/yoestudiosalud.es\/en\/#organization\"},\"potentialAction\":[{\"@type\":\"SearchAction\",\"target\":{\"@type\":\"EntryPoint\",\"urlTemplate\":\"https:\/\/yoestudiosalud.es\/en\/?s={search_term_string}\"},\"query-input\":{\"@type\":\"PropertyValueSpecification\",\"valueRequired\":true,\"valueName\":\"search_term_string\"}}],\"inLanguage\":\"fr-FR\"},{\"@type\":\"Organization\",\"@id\":\"https:\/\/yoestudiosalud.es\/en\/#organization\",\"name\":\"yoestudiosalud.es\",\"url\":\"https:\/\/yoestudiosalud.es\/en\/\",\"logo\":{\"@type\":\"ImageObject\",\"inLanguage\":\"fr-FR\",\"@id\":\"https:\/\/yoestudiosalud.es\/en\/#\/schema\/logo\/image\/\",\"url\":\"https:\/\/yoestudiosalud.es\/wp-content\/uploads\/2020\/04\/logonew-e1698080827687.png\",\"contentUrl\":\"https:\/\/yoestudiosalud.es\/wp-content\/uploads\/2020\/04\/logonew-e1698080827687.png\",\"width\":421,\"height\":393,\"caption\":\"yoestudiosalud.es\"},\"image\":{\"@id\":\"https:\/\/yoestudiosalud.es\/en\/#\/schema\/logo\/image\/\"}}]}<\/script>\n<!-- \/ Yoast SEO Premium plugin. -->","yoast_head_json":{"title":"CIRE ROSE DURE POR ARTICULATIONS - yoestudiosalud.es dep\u00f3sito dental","description":"La cire rose dure pour articulations est particuli\u00e8rement adapt\u00e9e \u00e0 l'enregistrement de l'occlusion.","robots":{"index":"index","follow":"follow","max-snippet":"max-snippet:-1","max-image-preview":"max-image-preview:large","max-video-preview":"max-video-preview:-1"},"canonical":"https:\/\/yoestudiosalud.es\/fr\/produit\/cera-articular-rosa-dura\/","og_locale":"fr_FR","og_type":"article","og_title":"CIRE ROSE DURE POR ARTICULATIONS","og_description":"La cire rose dure pour articulations est particuli\u00e8rement adapt\u00e9e \u00e0 l'enregistrement de l'occlusion.","og_url":"https:\/\/yoestudiosalud.es\/fr\/produit\/cera-articular-rosa-dura\/","og_site_name":"yoestudiosalud.es","article_modified_time":"2025-07-02T10:13:26+00:00","og_image":[{"width":650,"height":650,"url":"https:\/\/yoestudiosalud.es\/wp-content\/uploads\/2021\/11\/003838.jpg","type":"image\/jpeg"}],"twitter_card":"summary_large_image","schema":{"@context":"https:\/\/schema.org","@graph":[{"@type":"WebPage","@id":"https:\/\/yoestudiosalud.es\/fr\/produit\/cera-articular-rosa-dura\/","url":"https:\/\/yoestudiosalud.es\/fr\/produit\/cera-articular-rosa-dura\/","name":"CIRE ROSE DURE POR ARTICULATIONS - yoestudiosalud.es dep\u00f3sito dental","isPartOf":{"@id":"https:\/\/yoestudiosalud.es\/en\/#website"},"primaryImageOfPage":{"@id":"https:\/\/yoestudiosalud.es\/fr\/produit\/cera-articular-rosa-dura\/#primaryimage"},"image":{"@id":"https:\/\/yoestudiosalud.es\/fr\/produit\/cera-articular-rosa-dura\/#primaryimage"},"thumbnailUrl":"https:\/\/yoestudiosalud.es\/wp-content\/uploads\/2021\/11\/003838.jpg","datePublished":"2021-11-22T16:45:02+00:00","dateModified":"2025-07-02T10:13:26+00:00","description":"La cire rose dure pour articulations est particuli\u00e8rement adapt\u00e9e \u00e0 l'enregistrement de l'occlusion.","breadcrumb":{"@id":"https:\/\/yoestudiosalud.es\/fr\/produit\/cera-articular-rosa-dura\/#breadcrumb"},"inLanguage":"fr-FR","potentialAction":[{"@type":"ReadAction","target":["https:\/\/yoestudiosalud.es\/fr\/produit\/cera-articular-rosa-dura\/"]}]},{"@type":"ImageObject","inLanguage":"fr-FR","@id":"https:\/\/yoestudiosalud.es\/fr\/produit\/cera-articular-rosa-dura\/#primaryimage","url":"https:\/\/yoestudiosalud.es\/wp-content\/uploads\/2021\/11\/003838.jpg","contentUrl":"https:\/\/yoestudiosalud.es\/wp-content\/uploads\/2021\/11\/003838.jpg","width":650,"height":650,"caption":"CIRE ROSE DURE POR ARTICULATIONS"},{"@type":"BreadcrumbList","@id":"https:\/\/yoestudiosalud.es\/fr\/produit\/cera-articular-rosa-dura\/#breadcrumb","itemListElement":[{"@type":"ListItem","position":1,"name":"Portada","item":"https:\/\/yoestudiosalud.es\/fr\/"},{"@type":"ListItem","position":2,"name":"Boutique","item":"https:\/\/yoestudiosalud.es\/fr\/boutique\/"},{"@type":"ListItem","position":3,"name":"CIRE ROSE DURE POR ARTICULATIONS"}]},{"@type":"WebSite","@id":"https:\/\/yoestudiosalud.es\/en\/#website","url":"https:\/\/yoestudiosalud.es\/en\/","name":"yoestudiosalud.es","description":"Material para estudiantes del sector salud","publisher":{"@id":"https:\/\/yoestudiosalud.es\/en\/#organization"},"potentialAction":[{"@type":"SearchAction","target":{"@type":"EntryPoint","urlTemplate":"https:\/\/yoestudiosalud.es\/en\/?s={search_term_string}"},"query-input":{"@type":"PropertyValueSpecification","valueRequired":true,"valueName":"search_term_string"}}],"inLanguage":"fr-FR"},{"@type":"Organization","@id":"https:\/\/yoestudiosalud.es\/en\/#organization","name":"yoestudiosalud.es","url":"https:\/\/yoestudiosalud.es\/en\/","logo":{"@type":"ImageObject","inLanguage":"fr-FR","@id":"https:\/\/yoestudiosalud.es\/en\/#\/schema\/logo\/image\/","url":"https:\/\/yoestudiosalud.es\/wp-content\/uploads\/2020\/04\/logonew-e1698080827687.png","contentUrl":"https:\/\/yoestudiosalud.es\/wp-content\/uploads\/2020\/04\/logonew-e1698080827687.png","width":421,"height":393,"caption":"yoestudiosalud.es"},"image":{"@id":"https:\/\/yoestudiosalud.es\/en\/#\/schema\/logo\/image\/"}}]}},"_links":{"self":[{"href":"https:\/\/yoestudiosalud.es\/fr\/wp-json\/wp\/v2\/product\/32322","targetHints":{"allow":["GET"]}}],"collection":[{"href":"https:\/\/yoestudiosalud.es\/fr\/wp-json\/wp\/v2\/product"}],"about":[{"href":"https:\/\/yoestudiosalud.es\/fr\/wp-json\/wp\/v2\/types\/product"}],"wp:featuredmedia":[{"embeddable":true,"href":"https:\/\/yoestudiosalud.es\/fr\/wp-json\/wp\/v2\/media\/32323"}],"wp:attachment":[{"href":"https:\/\/yoestudiosalud.es\/fr\/wp-json\/wp\/v2\/media?parent=32322"}],"wp:term":[{"taxonomy":"product_brand","embeddable":true,"href":"https:\/\/yoestudiosalud.es\/fr\/wp-json\/wp\/v2\/product_brand?post=32322"},{"taxonomy":"product_cat","embeddable":true,"href":"https:\/\/yoestudiosalud.es\/fr\/wp-json\/wp\/v2\/product_cat?post=32322"},{"taxonomy":"product_tag","embeddable":true,"href":"https:\/\/yoestudiosalud.es\/fr\/wp-json\/wp\/v2\/product_tag?post=32322"}],"curies":[{"name":"wp","href":"https:\/\/api.w.org\/{rel}","templated":true}]}}