{"id":32318,"date":"2021-11-22T17:50:09","date_gmt":"2021-11-22T17:50:09","guid":{"rendered":"https:\/\/yoestudiosalud.es\/producto\/plancha-base-termoplastica-rosa\/"},"modified":"2025-11-25T17:17:49","modified_gmt":"2025-11-25T16:17:49","slug":"plancha-base-termoplastica-rosa","status":"publish","type":"product","link":"https:\/\/yoestudiosalud.es\/fr\/produit\/plancha-base-termoplastica-rosa\/","title":{"rendered":"PLAQUE DE BASE THERMOPLASTIQUE ROSE"},"content":{"rendered":"<p>La plaque de base thermoplastique rose est utilis\u00e9e pour la fabrication de mod\u00e8les proth\u00e9tiques dentaires, pour le montage de dents en acrylique sur pl\u00e2tre, avant la fabrication de la proth\u00e8se finale et pour pouvoir v\u00e9rifier le r\u00e9sultat final dans la bouche du patient sans r\u00e9p\u00e9titions.<\/p>\n<p>Une fois le montage final assur\u00e9, la cire et la plaque sont remplac\u00e9es par la r\u00e9sine acrylique.<\/p>\n<p>La plaque de base thermoplastique rose est fournie dans un Lot de 10 unit\u00e9s, avec une surface lisse et fine qui ne se d\u00e9forme pas avec la temp\u00e9rature intrabuccale.<\/p>\n<p>Elle est disponible en deux vari\u00e9t\u00e9s au moment de l&#8217;achat : sup\u00e9rieure ou inf\u00e9rieure.<\/p>\n","protected":false},"excerpt":{"rendered":"<p>Lot de 10 unit\u00e9s<\/p>\n","protected":false},"featured_media":35237,"template":"","meta":[],"product_brand":[],"product_cat":[716],"product_tag":[678],"class_list":{"0":"post-32318","1":"product","2":"type-product","3":"status-publish","4":"has-post-thumbnail","6":"product_cat-consommables-fr","7":"product_tag-uemc_prt","8":"pa_formacion-odontologia-fr","10":"first","11":"instock","12":"taxable","13":"shipping-taxable","14":"purchasable","15":"product-type-variable"},"yoast_head":"<!-- This site is optimized with the Yoast SEO Premium plugin v27.0 (Yoast SEO v27.2) - https:\/\/yoast.com\/product\/yoast-seo-premium-wordpress\/ -->\n<title>PLAQUE DE BASE THERMOPLASTIQUE ROSE - yoestudiosalud.es<\/title>\n<meta name=\"description\" content=\"La plaque de base thermoplastique rose est utilis\u00e9e pour la fabrication de mod\u00e8les proth\u00e9tiques dentaires\" \/>\n<meta name=\"robots\" content=\"index, follow, max-snippet:-1, max-image-preview:large, max-video-preview:-1\" \/>\n<link rel=\"canonical\" href=\"https:\/\/yoestudiosalud.es\/fr\/produit\/plancha-base-termoplastica-rosa\/\" \/>\n<meta property=\"og:locale\" content=\"fr_FR\" \/>\n<meta property=\"og:type\" content=\"article\" \/>\n<meta property=\"og:title\" content=\"PLAQUE DE BASE THERMOPLASTIQUE ROSE\" \/>\n<meta property=\"og:description\" content=\"La plaque de base thermoplastique rose est utilis\u00e9e pour la fabrication de mod\u00e8les proth\u00e9tiques dentaires\" \/>\n<meta property=\"og:url\" content=\"https:\/\/yoestudiosalud.es\/fr\/produit\/plancha-base-termoplastica-rosa\/\" \/>\n<meta property=\"og:site_name\" content=\"yoestudiosalud.es\" \/>\n<meta property=\"article:modified_time\" content=\"2025-11-25T16:17:49+00:00\" \/>\n<meta property=\"og:image\" content=\"https:\/\/yoestudiosalud.es\/wp-content\/uploads\/2021\/11\/003839.webp\" \/>\n\t<meta property=\"og:image:width\" content=\"650\" \/>\n\t<meta property=\"og:image:height\" content=\"650\" \/>\n\t<meta property=\"og:image:type\" content=\"image\/webp\" \/>\n<meta name=\"twitter:card\" content=\"summary_large_image\" \/>\n<meta name=\"twitter:label1\" content=\"Dur\u00e9e de lecture estim\u00e9e\" \/>\n\t<meta name=\"twitter:data1\" content=\"1 minute\" \/>\n<script type=\"application\/ld+json\" class=\"yoast-schema-graph\">{\"@context\":\"https:\/\/schema.org\",\"@graph\":[{\"@type\":\"WebPage\",\"@id\":\"https:\/\/yoestudiosalud.es\/fr\/produit\/plancha-base-termoplastica-rosa\/\",\"url\":\"https:\/\/yoestudiosalud.es\/fr\/produit\/plancha-base-termoplastica-rosa\/\",\"name\":\"PLAQUE DE BASE THERMOPLASTIQUE ROSE - yoestudiosalud.es\",\"isPartOf\":{\"@id\":\"https:\/\/yoestudiosalud.es\/en\/#website\"},\"primaryImageOfPage\":{\"@id\":\"https:\/\/yoestudiosalud.es\/fr\/produit\/plancha-base-termoplastica-rosa\/#primaryimage\"},\"image\":{\"@id\":\"https:\/\/yoestudiosalud.es\/fr\/produit\/plancha-base-termoplastica-rosa\/#primaryimage\"},\"thumbnailUrl\":\"https:\/\/yoestudiosalud.es\/wp-content\/uploads\/2021\/11\/003839.webp\",\"datePublished\":\"2021-11-22T17:50:09+00:00\",\"dateModified\":\"2025-11-25T16:17:49+00:00\",\"description\":\"La plaque de base thermoplastique rose est utilis\u00e9e pour la fabrication de mod\u00e8les proth\u00e9tiques dentaires\",\"breadcrumb\":{\"@id\":\"https:\/\/yoestudiosalud.es\/fr\/produit\/plancha-base-termoplastica-rosa\/#breadcrumb\"},\"inLanguage\":\"fr-FR\",\"potentialAction\":[{\"@type\":\"ReadAction\",\"target\":[\"https:\/\/yoestudiosalud.es\/fr\/produit\/plancha-base-termoplastica-rosa\/\"]}]},{\"@type\":\"ImageObject\",\"inLanguage\":\"fr-FR\",\"@id\":\"https:\/\/yoestudiosalud.es\/fr\/produit\/plancha-base-termoplastica-rosa\/#primaryimage\",\"url\":\"https:\/\/yoestudiosalud.es\/wp-content\/uploads\/2021\/11\/003839.webp\",\"contentUrl\":\"https:\/\/yoestudiosalud.es\/wp-content\/uploads\/2021\/11\/003839.webp\",\"width\":650,\"height\":650,\"caption\":\"PLAQUE DE BASE THERMOPLASTIQUE ROSE\"},{\"@type\":\"BreadcrumbList\",\"@id\":\"https:\/\/yoestudiosalud.es\/fr\/produit\/plancha-base-termoplastica-rosa\/#breadcrumb\",\"itemListElement\":[{\"@type\":\"ListItem\",\"position\":1,\"name\":\"Portada\",\"item\":\"https:\/\/yoestudiosalud.es\/fr\/\"},{\"@type\":\"ListItem\",\"position\":2,\"name\":\"Boutique\",\"item\":\"https:\/\/yoestudiosalud.es\/fr\/boutique\/\"},{\"@type\":\"ListItem\",\"position\":3,\"name\":\"PLAQUE DE BASE THERMOPLASTIQUE ROSE\"}]},{\"@type\":\"WebSite\",\"@id\":\"https:\/\/yoestudiosalud.es\/en\/#website\",\"url\":\"https:\/\/yoestudiosalud.es\/en\/\",\"name\":\"yoestudiosalud.es\",\"description\":\"Material para estudiantes del sector salud\",\"publisher\":{\"@id\":\"https:\/\/yoestudiosalud.es\/en\/#organization\"},\"potentialAction\":[{\"@type\":\"SearchAction\",\"target\":{\"@type\":\"EntryPoint\",\"urlTemplate\":\"https:\/\/yoestudiosalud.es\/en\/?s={search_term_string}\"},\"query-input\":{\"@type\":\"PropertyValueSpecification\",\"valueRequired\":true,\"valueName\":\"search_term_string\"}}],\"inLanguage\":\"fr-FR\"},{\"@type\":\"Organization\",\"@id\":\"https:\/\/yoestudiosalud.es\/en\/#organization\",\"name\":\"yoestudiosalud.es\",\"url\":\"https:\/\/yoestudiosalud.es\/en\/\",\"logo\":{\"@type\":\"ImageObject\",\"inLanguage\":\"fr-FR\",\"@id\":\"https:\/\/yoestudiosalud.es\/en\/#\/schema\/logo\/image\/\",\"url\":\"https:\/\/yoestudiosalud.es\/wp-content\/uploads\/2020\/04\/logonew-e1698080827687.png\",\"contentUrl\":\"https:\/\/yoestudiosalud.es\/wp-content\/uploads\/2020\/04\/logonew-e1698080827687.png\",\"width\":421,\"height\":393,\"caption\":\"yoestudiosalud.es\"},\"image\":{\"@id\":\"https:\/\/yoestudiosalud.es\/en\/#\/schema\/logo\/image\/\"}}]}<\/script>\n<!-- \/ Yoast SEO Premium plugin. -->","yoast_head_json":{"title":"PLAQUE DE BASE THERMOPLASTIQUE ROSE - yoestudiosalud.es","description":"La plaque de base thermoplastique rose est utilis\u00e9e pour la fabrication de mod\u00e8les proth\u00e9tiques dentaires","robots":{"index":"index","follow":"follow","max-snippet":"max-snippet:-1","max-image-preview":"max-image-preview:large","max-video-preview":"max-video-preview:-1"},"canonical":"https:\/\/yoestudiosalud.es\/fr\/produit\/plancha-base-termoplastica-rosa\/","og_locale":"fr_FR","og_type":"article","og_title":"PLAQUE DE BASE THERMOPLASTIQUE ROSE","og_description":"La plaque de base thermoplastique rose est utilis\u00e9e pour la fabrication de mod\u00e8les proth\u00e9tiques dentaires","og_url":"https:\/\/yoestudiosalud.es\/fr\/produit\/plancha-base-termoplastica-rosa\/","og_site_name":"yoestudiosalud.es","article_modified_time":"2025-11-25T16:17:49+00:00","og_image":[{"width":650,"height":650,"url":"https:\/\/yoestudiosalud.es\/wp-content\/uploads\/2021\/11\/003839.webp","type":"image\/webp"}],"twitter_card":"summary_large_image","twitter_misc":{"Dur\u00e9e de lecture estim\u00e9e":"1 minute"},"schema":{"@context":"https:\/\/schema.org","@graph":[{"@type":"WebPage","@id":"https:\/\/yoestudiosalud.es\/fr\/produit\/plancha-base-termoplastica-rosa\/","url":"https:\/\/yoestudiosalud.es\/fr\/produit\/plancha-base-termoplastica-rosa\/","name":"PLAQUE DE BASE THERMOPLASTIQUE ROSE - yoestudiosalud.es","isPartOf":{"@id":"https:\/\/yoestudiosalud.es\/en\/#website"},"primaryImageOfPage":{"@id":"https:\/\/yoestudiosalud.es\/fr\/produit\/plancha-base-termoplastica-rosa\/#primaryimage"},"image":{"@id":"https:\/\/yoestudiosalud.es\/fr\/produit\/plancha-base-termoplastica-rosa\/#primaryimage"},"thumbnailUrl":"https:\/\/yoestudiosalud.es\/wp-content\/uploads\/2021\/11\/003839.webp","datePublished":"2021-11-22T17:50:09+00:00","dateModified":"2025-11-25T16:17:49+00:00","description":"La plaque de base thermoplastique rose est utilis\u00e9e pour la fabrication de mod\u00e8les proth\u00e9tiques dentaires","breadcrumb":{"@id":"https:\/\/yoestudiosalud.es\/fr\/produit\/plancha-base-termoplastica-rosa\/#breadcrumb"},"inLanguage":"fr-FR","potentialAction":[{"@type":"ReadAction","target":["https:\/\/yoestudiosalud.es\/fr\/produit\/plancha-base-termoplastica-rosa\/"]}]},{"@type":"ImageObject","inLanguage":"fr-FR","@id":"https:\/\/yoestudiosalud.es\/fr\/produit\/plancha-base-termoplastica-rosa\/#primaryimage","url":"https:\/\/yoestudiosalud.es\/wp-content\/uploads\/2021\/11\/003839.webp","contentUrl":"https:\/\/yoestudiosalud.es\/wp-content\/uploads\/2021\/11\/003839.webp","width":650,"height":650,"caption":"PLAQUE DE BASE THERMOPLASTIQUE ROSE"},{"@type":"BreadcrumbList","@id":"https:\/\/yoestudiosalud.es\/fr\/produit\/plancha-base-termoplastica-rosa\/#breadcrumb","itemListElement":[{"@type":"ListItem","position":1,"name":"Portada","item":"https:\/\/yoestudiosalud.es\/fr\/"},{"@type":"ListItem","position":2,"name":"Boutique","item":"https:\/\/yoestudiosalud.es\/fr\/boutique\/"},{"@type":"ListItem","position":3,"name":"PLAQUE DE BASE THERMOPLASTIQUE ROSE"}]},{"@type":"WebSite","@id":"https:\/\/yoestudiosalud.es\/en\/#website","url":"https:\/\/yoestudiosalud.es\/en\/","name":"yoestudiosalud.es","description":"Material para estudiantes del sector salud","publisher":{"@id":"https:\/\/yoestudiosalud.es\/en\/#organization"},"potentialAction":[{"@type":"SearchAction","target":{"@type":"EntryPoint","urlTemplate":"https:\/\/yoestudiosalud.es\/en\/?s={search_term_string}"},"query-input":{"@type":"PropertyValueSpecification","valueRequired":true,"valueName":"search_term_string"}}],"inLanguage":"fr-FR"},{"@type":"Organization","@id":"https:\/\/yoestudiosalud.es\/en\/#organization","name":"yoestudiosalud.es","url":"https:\/\/yoestudiosalud.es\/en\/","logo":{"@type":"ImageObject","inLanguage":"fr-FR","@id":"https:\/\/yoestudiosalud.es\/en\/#\/schema\/logo\/image\/","url":"https:\/\/yoestudiosalud.es\/wp-content\/uploads\/2020\/04\/logonew-e1698080827687.png","contentUrl":"https:\/\/yoestudiosalud.es\/wp-content\/uploads\/2020\/04\/logonew-e1698080827687.png","width":421,"height":393,"caption":"yoestudiosalud.es"},"image":{"@id":"https:\/\/yoestudiosalud.es\/en\/#\/schema\/logo\/image\/"}}]}},"_links":{"self":[{"href":"https:\/\/yoestudiosalud.es\/fr\/wp-json\/wp\/v2\/product\/32318","targetHints":{"allow":["GET"]}}],"collection":[{"href":"https:\/\/yoestudiosalud.es\/fr\/wp-json\/wp\/v2\/product"}],"about":[{"href":"https:\/\/yoestudiosalud.es\/fr\/wp-json\/wp\/v2\/types\/product"}],"wp:featuredmedia":[{"embeddable":true,"href":"https:\/\/yoestudiosalud.es\/fr\/wp-json\/wp\/v2\/media\/35237"}],"wp:attachment":[{"href":"https:\/\/yoestudiosalud.es\/fr\/wp-json\/wp\/v2\/media?parent=32318"}],"wp:term":[{"taxonomy":"product_brand","embeddable":true,"href":"https:\/\/yoestudiosalud.es\/fr\/wp-json\/wp\/v2\/product_brand?post=32318"},{"taxonomy":"product_cat","embeddable":true,"href":"https:\/\/yoestudiosalud.es\/fr\/wp-json\/wp\/v2\/product_cat?post=32318"},{"taxonomy":"product_tag","embeddable":true,"href":"https:\/\/yoestudiosalud.es\/fr\/wp-json\/wp\/v2\/product_tag?post=32318"}],"curies":[{"name":"wp","href":"https:\/\/api.w.org\/{rel}","templated":true}]}}