{"id":32315,"date":"2021-11-30T14:10:01","date_gmt":"2021-11-30T14:10:01","guid":{"rendered":"https:\/\/yoestudiosalud.es\/producto\/fresero-uemc-conservadora\/"},"modified":"2025-07-02T12:22:11","modified_gmt":"2025-07-02T10:22:11","slug":"fresero-uemc-conservadora","status":"publish","type":"product","link":"https:\/\/yoestudiosalud.es\/fr\/produit\/fresero-uemc-conservadora\/","title":{"rendered":"FORET KIT UEMC CONSERVADORA"},"content":{"rendered":"<p>Le Forets kit UEMC conservadora a \u00e9t\u00e9 con\u00e7ue par le professeur de l&#8217;Universit\u00e9 europ\u00e9enne Miguel de Cervantes de Valladolid pour le cours d&#8217;odontologie conservatrice.\u00a0 Contiene las siguientes fresas :<\/p>\n<ul>\n<li>CAVIDADES :\n<ul>\n<li>H2.008.314<\/li>\n<li>H2.010.314<\/li>\n<li>H2.014.314<\/li>\n<li>H7.008.314<\/li>\n<li>H7.010.314<\/li>\n<li>801.009M.314<\/li>\n<li>801.012M.314<\/li>\n<li>822.009M.314<\/li>\n<li>368.016M.314<\/li>\n<li>368.023M.314<\/li>\n<li>H1.006.204<\/li>\n<li>H1.012.204<\/li>\n<li>H7L.010.204<\/li>\n<li>801.014.204<\/li>\n<li>H41.018.204<\/li>\n<\/ul>\n<\/li>\n<li>\u00a0PULIDO :\n<ul>\n<li>368.023F.314<\/li>\n<li>368.016SF.314<\/li>\n<li>368.023SF.314<\/li>\n<li>852.012F.314<\/li>\n<li>859.010F.314<\/li>\n<li>859.010SF.314<\/li>\n<li>858.014SF.314<\/li>\n<li>H41.018.204<\/li>\n<li>H41.023.204<\/li>\n<\/ul>\n<\/li>\n<li>\u00a0PULIDO COMPOSITE :\n<ul>\n<li>P1932.050.204<\/li>\n<li>P1935.060.204<\/li>\n<li>P19032.050.204<\/li>\n<li>P19035.060.204<\/li>\n<\/ul>\n<\/li>\n<li>\u00a0PULIDO AMALGAMA :\n<ul>\n<li>P0032.050.204<\/li>\n<li>P0035.060.204<\/li>\n<li>P0132.050.204<\/li>\n<li>P0135.060.204<\/li>\n<\/ul>\n<\/li>\n<li>\u00a0ENDODONCIA :\n<ul>\n<li>H152.009.314<\/li>\n<li>PORTE 2, 3 Y 4<\/li>\n<li>PEESO 2,3 Y 4<\/li>\n<\/ul>\n<\/li>\n<\/ul>\n<p>&nbsp;<\/p>\n<p>&nbsp;<\/p>\n","protected":false},"excerpt":{"rendered":"<p>Le Forets kitUEMC conservadora a \u00e9t\u00e9 con\u00e7ue par le professeur de l&#8217;Universit\u00e9 europ\u00e9enne Miguel de Cervantes de Valladolid<\/p>\n","protected":false},"featured_media":32317,"template":"","meta":[],"product_brand":[],"product_cat":[715],"product_tag":[684],"class_list":{"0":"post-32315","1":"product","2":"type-product","3":"status-publish","4":"has-post-thumbnail","6":"product_cat-fraises-fr","7":"product_tag-uemc_cns","8":"pa_formacion-odontologia-fr","10":"first","11":"onbackorder","12":"taxable","13":"shipping-taxable","14":"purchasable","15":"product-type-simple"},"yoast_head":"<!-- This site is optimized with the Yoast SEO Premium plugin v27.0 (Yoast SEO v27.2) - https:\/\/yoast.com\/product\/yoast-seo-premium-wordpress\/ -->\n<title>FORET KIT UEMC CONSERVADORA - yoestudiosalud.es dep\u00f3sito dental<\/title>\n<meta name=\"description\" content=\"Le Forets kitUEMC conservadora a \u00e9t\u00e9 con\u00e7ue par le professeur de l&#039;Universit\u00e9 europ\u00e9enne Miguel de Cervantes de Valladolid\" \/>\n<meta name=\"robots\" content=\"index, follow, max-snippet:-1, max-image-preview:large, max-video-preview:-1\" \/>\n<link rel=\"canonical\" href=\"https:\/\/yoestudiosalud.es\/produit\/fresero-uemc-conservadora\/\" \/>\n<meta property=\"og:locale\" content=\"fr_FR\" \/>\n<meta property=\"og:type\" content=\"article\" \/>\n<meta property=\"og:title\" content=\"FORET KIT UEMC CONSERVADORA\" \/>\n<meta property=\"og:description\" content=\"Le Forets kitUEMC conservadora a \u00e9t\u00e9 con\u00e7ue par le professeur de l&#039;Universit\u00e9 europ\u00e9enne Miguel de Cervantes de Valladolid\" \/>\n<meta property=\"og:url\" content=\"https:\/\/yoestudiosalud.es\/produit\/fresero-uemc-conservadora\/\" \/>\n<meta property=\"og:site_name\" content=\"yoestudiosalud.es\" \/>\n<meta property=\"article:modified_time\" content=\"2025-07-02T10:22:11+00:00\" \/>\n<meta property=\"og:image\" content=\"https:\/\/yoestudiosalud.es\/wp-content\/uploads\/2021\/11\/001214B.jpg\" \/>\n\t<meta property=\"og:image:width\" content=\"650\" \/>\n\t<meta property=\"og:image:height\" content=\"650\" \/>\n\t<meta property=\"og:image:type\" content=\"image\/jpeg\" \/>\n<meta name=\"twitter:card\" content=\"summary_large_image\" \/>\n<script type=\"application\/ld+json\" class=\"yoast-schema-graph\">{\"@context\":\"https:\/\/schema.org\",\"@graph\":[{\"@type\":\"WebPage\",\"@id\":\"https:\/\/yoestudiosalud.es\/produit\/fresero-uemc-conservadora\/\",\"url\":\"https:\/\/yoestudiosalud.es\/produit\/fresero-uemc-conservadora\/\",\"name\":\"FORET KIT UEMC CONSERVADORA - yoestudiosalud.es dep\u00f3sito dental\",\"isPartOf\":{\"@id\":\"https:\/\/yoestudiosalud.es\/en\/#website\"},\"primaryImageOfPage\":{\"@id\":\"https:\/\/yoestudiosalud.es\/produit\/fresero-uemc-conservadora\/#primaryimage\"},\"image\":{\"@id\":\"https:\/\/yoestudiosalud.es\/produit\/fresero-uemc-conservadora\/#primaryimage\"},\"thumbnailUrl\":\"https:\/\/yoestudiosalud.es\/wp-content\/uploads\/2021\/11\/001214B.jpg\",\"datePublished\":\"2021-11-30T14:10:01+00:00\",\"dateModified\":\"2025-07-02T10:22:11+00:00\",\"description\":\"Le Forets kitUEMC conservadora a \u00e9t\u00e9 con\u00e7ue par le professeur de l'Universit\u00e9 europ\u00e9enne Miguel de Cervantes de Valladolid\",\"breadcrumb\":{\"@id\":\"https:\/\/yoestudiosalud.es\/produit\/fresero-uemc-conservadora\/#breadcrumb\"},\"inLanguage\":\"fr-FR\",\"potentialAction\":[{\"@type\":\"ReadAction\",\"target\":[\"https:\/\/yoestudiosalud.es\/produit\/fresero-uemc-conservadora\/\"]}]},{\"@type\":\"ImageObject\",\"inLanguage\":\"fr-FR\",\"@id\":\"https:\/\/yoestudiosalud.es\/produit\/fresero-uemc-conservadora\/#primaryimage\",\"url\":\"https:\/\/yoestudiosalud.es\/wp-content\/uploads\/2021\/11\/001214B.jpg\",\"contentUrl\":\"https:\/\/yoestudiosalud.es\/wp-content\/uploads\/2021\/11\/001214B.jpg\",\"width\":650,\"height\":650,\"caption\":\"FORET KIT UEMC CONSERVADORA\"},{\"@type\":\"BreadcrumbList\",\"@id\":\"https:\/\/yoestudiosalud.es\/produit\/fresero-uemc-conservadora\/#breadcrumb\",\"itemListElement\":[{\"@type\":\"ListItem\",\"position\":1,\"name\":\"Portada\",\"item\":\"https:\/\/yoestudiosalud.es\/fr\/\"},{\"@type\":\"ListItem\",\"position\":2,\"name\":\"Boutique\",\"item\":\"https:\/\/yoestudiosalud.es\/fr\/boutique\/\"},{\"@type\":\"ListItem\",\"position\":3,\"name\":\"FORET KIT UEMC CONSERVADORA\"}]},{\"@type\":\"WebSite\",\"@id\":\"https:\/\/yoestudiosalud.es\/en\/#website\",\"url\":\"https:\/\/yoestudiosalud.es\/en\/\",\"name\":\"yoestudiosalud.es\",\"description\":\"Material para estudiantes del sector salud\",\"publisher\":{\"@id\":\"https:\/\/yoestudiosalud.es\/en\/#organization\"},\"potentialAction\":[{\"@type\":\"SearchAction\",\"target\":{\"@type\":\"EntryPoint\",\"urlTemplate\":\"https:\/\/yoestudiosalud.es\/en\/?s={search_term_string}\"},\"query-input\":{\"@type\":\"PropertyValueSpecification\",\"valueRequired\":true,\"valueName\":\"search_term_string\"}}],\"inLanguage\":\"fr-FR\"},{\"@type\":\"Organization\",\"@id\":\"https:\/\/yoestudiosalud.es\/en\/#organization\",\"name\":\"yoestudiosalud.es\",\"url\":\"https:\/\/yoestudiosalud.es\/en\/\",\"logo\":{\"@type\":\"ImageObject\",\"inLanguage\":\"fr-FR\",\"@id\":\"https:\/\/yoestudiosalud.es\/en\/#\/schema\/logo\/image\/\",\"url\":\"https:\/\/yoestudiosalud.es\/wp-content\/uploads\/2020\/04\/logonew-e1698080827687.png\",\"contentUrl\":\"https:\/\/yoestudiosalud.es\/wp-content\/uploads\/2020\/04\/logonew-e1698080827687.png\",\"width\":421,\"height\":393,\"caption\":\"yoestudiosalud.es\"},\"image\":{\"@id\":\"https:\/\/yoestudiosalud.es\/en\/#\/schema\/logo\/image\/\"}}]}<\/script>\n<!-- \/ Yoast SEO Premium plugin. -->","yoast_head_json":{"title":"FORET KIT UEMC CONSERVADORA - yoestudiosalud.es dep\u00f3sito dental","description":"Le Forets kitUEMC conservadora a \u00e9t\u00e9 con\u00e7ue par le professeur de l'Universit\u00e9 europ\u00e9enne Miguel de Cervantes de Valladolid","robots":{"index":"index","follow":"follow","max-snippet":"max-snippet:-1","max-image-preview":"max-image-preview:large","max-video-preview":"max-video-preview:-1"},"canonical":"https:\/\/yoestudiosalud.es\/produit\/fresero-uemc-conservadora\/","og_locale":"fr_FR","og_type":"article","og_title":"FORET KIT UEMC CONSERVADORA","og_description":"Le Forets kitUEMC conservadora a \u00e9t\u00e9 con\u00e7ue par le professeur de l'Universit\u00e9 europ\u00e9enne Miguel de Cervantes de Valladolid","og_url":"https:\/\/yoestudiosalud.es\/produit\/fresero-uemc-conservadora\/","og_site_name":"yoestudiosalud.es","article_modified_time":"2025-07-02T10:22:11+00:00","og_image":[{"width":650,"height":650,"url":"https:\/\/yoestudiosalud.es\/wp-content\/uploads\/2021\/11\/001214B.jpg","type":"image\/jpeg"}],"twitter_card":"summary_large_image","schema":{"@context":"https:\/\/schema.org","@graph":[{"@type":"WebPage","@id":"https:\/\/yoestudiosalud.es\/produit\/fresero-uemc-conservadora\/","url":"https:\/\/yoestudiosalud.es\/produit\/fresero-uemc-conservadora\/","name":"FORET KIT UEMC CONSERVADORA - yoestudiosalud.es dep\u00f3sito dental","isPartOf":{"@id":"https:\/\/yoestudiosalud.es\/en\/#website"},"primaryImageOfPage":{"@id":"https:\/\/yoestudiosalud.es\/produit\/fresero-uemc-conservadora\/#primaryimage"},"image":{"@id":"https:\/\/yoestudiosalud.es\/produit\/fresero-uemc-conservadora\/#primaryimage"},"thumbnailUrl":"https:\/\/yoestudiosalud.es\/wp-content\/uploads\/2021\/11\/001214B.jpg","datePublished":"2021-11-30T14:10:01+00:00","dateModified":"2025-07-02T10:22:11+00:00","description":"Le Forets kitUEMC conservadora a \u00e9t\u00e9 con\u00e7ue par le professeur de l'Universit\u00e9 europ\u00e9enne Miguel de Cervantes de Valladolid","breadcrumb":{"@id":"https:\/\/yoestudiosalud.es\/produit\/fresero-uemc-conservadora\/#breadcrumb"},"inLanguage":"fr-FR","potentialAction":[{"@type":"ReadAction","target":["https:\/\/yoestudiosalud.es\/produit\/fresero-uemc-conservadora\/"]}]},{"@type":"ImageObject","inLanguage":"fr-FR","@id":"https:\/\/yoestudiosalud.es\/produit\/fresero-uemc-conservadora\/#primaryimage","url":"https:\/\/yoestudiosalud.es\/wp-content\/uploads\/2021\/11\/001214B.jpg","contentUrl":"https:\/\/yoestudiosalud.es\/wp-content\/uploads\/2021\/11\/001214B.jpg","width":650,"height":650,"caption":"FORET KIT UEMC CONSERVADORA"},{"@type":"BreadcrumbList","@id":"https:\/\/yoestudiosalud.es\/produit\/fresero-uemc-conservadora\/#breadcrumb","itemListElement":[{"@type":"ListItem","position":1,"name":"Portada","item":"https:\/\/yoestudiosalud.es\/fr\/"},{"@type":"ListItem","position":2,"name":"Boutique","item":"https:\/\/yoestudiosalud.es\/fr\/boutique\/"},{"@type":"ListItem","position":3,"name":"FORET KIT UEMC CONSERVADORA"}]},{"@type":"WebSite","@id":"https:\/\/yoestudiosalud.es\/en\/#website","url":"https:\/\/yoestudiosalud.es\/en\/","name":"yoestudiosalud.es","description":"Material para estudiantes del sector salud","publisher":{"@id":"https:\/\/yoestudiosalud.es\/en\/#organization"},"potentialAction":[{"@type":"SearchAction","target":{"@type":"EntryPoint","urlTemplate":"https:\/\/yoestudiosalud.es\/en\/?s={search_term_string}"},"query-input":{"@type":"PropertyValueSpecification","valueRequired":true,"valueName":"search_term_string"}}],"inLanguage":"fr-FR"},{"@type":"Organization","@id":"https:\/\/yoestudiosalud.es\/en\/#organization","name":"yoestudiosalud.es","url":"https:\/\/yoestudiosalud.es\/en\/","logo":{"@type":"ImageObject","inLanguage":"fr-FR","@id":"https:\/\/yoestudiosalud.es\/en\/#\/schema\/logo\/image\/","url":"https:\/\/yoestudiosalud.es\/wp-content\/uploads\/2020\/04\/logonew-e1698080827687.png","contentUrl":"https:\/\/yoestudiosalud.es\/wp-content\/uploads\/2020\/04\/logonew-e1698080827687.png","width":421,"height":393,"caption":"yoestudiosalud.es"},"image":{"@id":"https:\/\/yoestudiosalud.es\/en\/#\/schema\/logo\/image\/"}}]}},"_links":{"self":[{"href":"https:\/\/yoestudiosalud.es\/fr\/wp-json\/wp\/v2\/product\/32315","targetHints":{"allow":["GET"]}}],"collection":[{"href":"https:\/\/yoestudiosalud.es\/fr\/wp-json\/wp\/v2\/product"}],"about":[{"href":"https:\/\/yoestudiosalud.es\/fr\/wp-json\/wp\/v2\/types\/product"}],"wp:featuredmedia":[{"embeddable":true,"href":"https:\/\/yoestudiosalud.es\/fr\/wp-json\/wp\/v2\/media\/32317"}],"wp:attachment":[{"href":"https:\/\/yoestudiosalud.es\/fr\/wp-json\/wp\/v2\/media?parent=32315"}],"wp:term":[{"taxonomy":"product_brand","embeddable":true,"href":"https:\/\/yoestudiosalud.es\/fr\/wp-json\/wp\/v2\/product_brand?post=32315"},{"taxonomy":"product_cat","embeddable":true,"href":"https:\/\/yoestudiosalud.es\/fr\/wp-json\/wp\/v2\/product_cat?post=32315"},{"taxonomy":"product_tag","embeddable":true,"href":"https:\/\/yoestudiosalud.es\/fr\/wp-json\/wp\/v2\/product_tag?post=32315"}],"curies":[{"name":"wp","href":"https:\/\/api.w.org\/{rel}","templated":true}]}}