{"id":32310,"date":"2022-03-22T15:22:21","date_gmt":"2022-03-22T15:22:21","guid":{"rendered":"https:\/\/yoestudiosalud.es\/producto\/lima-hedstroem-colorinox-25mm-20\/"},"modified":"2025-07-02T12:33:16","modified_gmt":"2025-07-02T10:33:16","slug":"lima-hedstroem-colorinox-25mm-20","status":"publish","type":"product","link":"https:\/\/yoestudiosalud.es\/fr\/produit\/lima-hedstroem-colorinox-25mm-20\/","title":{"rendered":"LIME HEDSTROEM COLORINOX 25MM #20"},"content":{"rendered":"<p>Lime Hedstroem Colorinox 25mm #20, fabriqu\u00e9e en acier inoxydable de haute qualit\u00e9 par torsion, ce qui leur conf\u00e8re une grande r\u00e9sistance \u00e0 la fracture et permet de conserver les fibres m\u00e9talliques intactes.<\/p>\n<p>Lime ISO 020 (#20) et 25mm de long.<\/p>\n","protected":false},"excerpt":{"rendered":"<p>Lime Hedstroem Colorinox 25mm #20, fabriqu\u00e9e en acier inoxydable de haute qualit\u00e9 par torsion<\/p>\n","protected":false},"featured_media":28614,"template":"","meta":[],"product_brand":[],"product_cat":[716],"product_tag":[],"class_list":{"0":"post-32310","1":"product","2":"type-product","3":"status-publish","4":"has-post-thumbnail","6":"product_cat-consommables-fr","7":"pa_formacion-odontologia-fr","9":"first","10":"onbackorder","11":"sale","12":"taxable","13":"shipping-taxable","14":"purchasable","15":"product-type-simple"},"yoast_head":"<!-- This site is optimized with the Yoast SEO Premium plugin v27.0 (Yoast SEO v27.2) - https:\/\/yoast.com\/product\/yoast-seo-premium-wordpress\/ -->\n<title>LIME HEDSTROEM COLORINOX 25MM #20 - yoestudiosalud.es<\/title>\n<meta name=\"description\" content=\"Lime Hedstroem Colorinox 25mm #20, fabriqu\u00e9e en acier inoxydable de haute qualit\u00e9 par torsion\" \/>\n<meta name=\"robots\" content=\"index, follow, max-snippet:-1, max-image-preview:large, max-video-preview:-1\" \/>\n<link rel=\"canonical\" href=\"https:\/\/yoestudiosalud.es\/produit\/lima-hedstroem-colorinox-25mm-20\/\" \/>\n<meta property=\"og:locale\" content=\"fr_FR\" \/>\n<meta property=\"og:type\" content=\"article\" \/>\n<meta property=\"og:title\" content=\"LIME HEDSTROEM COLORINOX 25MM #20\" \/>\n<meta property=\"og:description\" content=\"Lime Hedstroem Colorinox 25mm #20, fabriqu\u00e9e en acier inoxydable de haute qualit\u00e9 par torsion\" \/>\n<meta property=\"og:url\" content=\"https:\/\/yoestudiosalud.es\/produit\/lima-hedstroem-colorinox-25mm-20\/\" \/>\n<meta property=\"og:site_name\" content=\"yoestudiosalud.es\" \/>\n<meta property=\"article:modified_time\" content=\"2025-07-02T10:33:16+00:00\" \/>\n<meta property=\"og:image\" content=\"https:\/\/yoestudiosalud.es\/wp-content\/uploads\/2022\/03\/000372.jpg\" \/>\n\t<meta property=\"og:image:width\" content=\"650\" \/>\n\t<meta property=\"og:image:height\" content=\"650\" \/>\n\t<meta property=\"og:image:type\" content=\"image\/jpeg\" \/>\n<meta name=\"twitter:card\" content=\"summary_large_image\" \/>\n<script type=\"application\/ld+json\" class=\"yoast-schema-graph\">{\"@context\":\"https:\/\/schema.org\",\"@graph\":[{\"@type\":\"WebPage\",\"@id\":\"https:\/\/yoestudiosalud.es\/produit\/lima-hedstroem-colorinox-25mm-20\/\",\"url\":\"https:\/\/yoestudiosalud.es\/produit\/lima-hedstroem-colorinox-25mm-20\/\",\"name\":\"LIME HEDSTROEM COLORINOX 25MM #20 - yoestudiosalud.es\",\"isPartOf\":{\"@id\":\"https:\/\/yoestudiosalud.es\/en\/#website\"},\"primaryImageOfPage\":{\"@id\":\"https:\/\/yoestudiosalud.es\/produit\/lima-hedstroem-colorinox-25mm-20\/#primaryimage\"},\"image\":{\"@id\":\"https:\/\/yoestudiosalud.es\/produit\/lima-hedstroem-colorinox-25mm-20\/#primaryimage\"},\"thumbnailUrl\":\"https:\/\/yoestudiosalud.es\/wp-content\/uploads\/2022\/03\/000372.jpg\",\"datePublished\":\"2022-03-22T15:22:21+00:00\",\"dateModified\":\"2025-07-02T10:33:16+00:00\",\"description\":\"Lime Hedstroem Colorinox 25mm #20, fabriqu\u00e9e en acier inoxydable de haute qualit\u00e9 par torsion\",\"breadcrumb\":{\"@id\":\"https:\/\/yoestudiosalud.es\/produit\/lima-hedstroem-colorinox-25mm-20\/#breadcrumb\"},\"inLanguage\":\"fr-FR\",\"potentialAction\":[{\"@type\":\"ReadAction\",\"target\":[\"https:\/\/yoestudiosalud.es\/produit\/lima-hedstroem-colorinox-25mm-20\/\"]}]},{\"@type\":\"ImageObject\",\"inLanguage\":\"fr-FR\",\"@id\":\"https:\/\/yoestudiosalud.es\/produit\/lima-hedstroem-colorinox-25mm-20\/#primaryimage\",\"url\":\"https:\/\/yoestudiosalud.es\/wp-content\/uploads\/2022\/03\/000372.jpg\",\"contentUrl\":\"https:\/\/yoestudiosalud.es\/wp-content\/uploads\/2022\/03\/000372.jpg\",\"width\":650,\"height\":650,\"caption\":\"LIME HEDSTROEM COLORINOX 25MM #20\"},{\"@type\":\"BreadcrumbList\",\"@id\":\"https:\/\/yoestudiosalud.es\/produit\/lima-hedstroem-colorinox-25mm-20\/#breadcrumb\",\"itemListElement\":[{\"@type\":\"ListItem\",\"position\":1,\"name\":\"Portada\",\"item\":\"https:\/\/yoestudiosalud.es\/fr\/\"},{\"@type\":\"ListItem\",\"position\":2,\"name\":\"Boutique\",\"item\":\"https:\/\/yoestudiosalud.es\/fr\/boutique\/\"},{\"@type\":\"ListItem\",\"position\":3,\"name\":\"LIME HEDSTROEM COLORINOX 25MM #20\"}]},{\"@type\":\"WebSite\",\"@id\":\"https:\/\/yoestudiosalud.es\/en\/#website\",\"url\":\"https:\/\/yoestudiosalud.es\/en\/\",\"name\":\"yoestudiosalud.es\",\"description\":\"Material para estudiantes del sector salud\",\"publisher\":{\"@id\":\"https:\/\/yoestudiosalud.es\/en\/#organization\"},\"potentialAction\":[{\"@type\":\"SearchAction\",\"target\":{\"@type\":\"EntryPoint\",\"urlTemplate\":\"https:\/\/yoestudiosalud.es\/en\/?s={search_term_string}\"},\"query-input\":{\"@type\":\"PropertyValueSpecification\",\"valueRequired\":true,\"valueName\":\"search_term_string\"}}],\"inLanguage\":\"fr-FR\"},{\"@type\":\"Organization\",\"@id\":\"https:\/\/yoestudiosalud.es\/en\/#organization\",\"name\":\"yoestudiosalud.es\",\"url\":\"https:\/\/yoestudiosalud.es\/en\/\",\"logo\":{\"@type\":\"ImageObject\",\"inLanguage\":\"fr-FR\",\"@id\":\"https:\/\/yoestudiosalud.es\/en\/#\/schema\/logo\/image\/\",\"url\":\"https:\/\/yoestudiosalud.es\/wp-content\/uploads\/2020\/04\/logonew-e1698080827687.png\",\"contentUrl\":\"https:\/\/yoestudiosalud.es\/wp-content\/uploads\/2020\/04\/logonew-e1698080827687.png\",\"width\":421,\"height\":393,\"caption\":\"yoestudiosalud.es\"},\"image\":{\"@id\":\"https:\/\/yoestudiosalud.es\/en\/#\/schema\/logo\/image\/\"}}]}<\/script>\n<!-- \/ Yoast SEO Premium plugin. -->","yoast_head_json":{"title":"LIME HEDSTROEM COLORINOX 25MM #20 - yoestudiosalud.es","description":"Lime Hedstroem Colorinox 25mm #20, fabriqu\u00e9e en acier inoxydable de haute qualit\u00e9 par torsion","robots":{"index":"index","follow":"follow","max-snippet":"max-snippet:-1","max-image-preview":"max-image-preview:large","max-video-preview":"max-video-preview:-1"},"canonical":"https:\/\/yoestudiosalud.es\/produit\/lima-hedstroem-colorinox-25mm-20\/","og_locale":"fr_FR","og_type":"article","og_title":"LIME HEDSTROEM COLORINOX 25MM #20","og_description":"Lime Hedstroem Colorinox 25mm #20, fabriqu\u00e9e en acier inoxydable de haute qualit\u00e9 par torsion","og_url":"https:\/\/yoestudiosalud.es\/produit\/lima-hedstroem-colorinox-25mm-20\/","og_site_name":"yoestudiosalud.es","article_modified_time":"2025-07-02T10:33:16+00:00","og_image":[{"width":650,"height":650,"url":"https:\/\/yoestudiosalud.es\/wp-content\/uploads\/2022\/03\/000372.jpg","type":"image\/jpeg"}],"twitter_card":"summary_large_image","schema":{"@context":"https:\/\/schema.org","@graph":[{"@type":"WebPage","@id":"https:\/\/yoestudiosalud.es\/produit\/lima-hedstroem-colorinox-25mm-20\/","url":"https:\/\/yoestudiosalud.es\/produit\/lima-hedstroem-colorinox-25mm-20\/","name":"LIME HEDSTROEM COLORINOX 25MM #20 - yoestudiosalud.es","isPartOf":{"@id":"https:\/\/yoestudiosalud.es\/en\/#website"},"primaryImageOfPage":{"@id":"https:\/\/yoestudiosalud.es\/produit\/lima-hedstroem-colorinox-25mm-20\/#primaryimage"},"image":{"@id":"https:\/\/yoestudiosalud.es\/produit\/lima-hedstroem-colorinox-25mm-20\/#primaryimage"},"thumbnailUrl":"https:\/\/yoestudiosalud.es\/wp-content\/uploads\/2022\/03\/000372.jpg","datePublished":"2022-03-22T15:22:21+00:00","dateModified":"2025-07-02T10:33:16+00:00","description":"Lime Hedstroem Colorinox 25mm #20, fabriqu\u00e9e en acier inoxydable de haute qualit\u00e9 par torsion","breadcrumb":{"@id":"https:\/\/yoestudiosalud.es\/produit\/lima-hedstroem-colorinox-25mm-20\/#breadcrumb"},"inLanguage":"fr-FR","potentialAction":[{"@type":"ReadAction","target":["https:\/\/yoestudiosalud.es\/produit\/lima-hedstroem-colorinox-25mm-20\/"]}]},{"@type":"ImageObject","inLanguage":"fr-FR","@id":"https:\/\/yoestudiosalud.es\/produit\/lima-hedstroem-colorinox-25mm-20\/#primaryimage","url":"https:\/\/yoestudiosalud.es\/wp-content\/uploads\/2022\/03\/000372.jpg","contentUrl":"https:\/\/yoestudiosalud.es\/wp-content\/uploads\/2022\/03\/000372.jpg","width":650,"height":650,"caption":"LIME HEDSTROEM COLORINOX 25MM #20"},{"@type":"BreadcrumbList","@id":"https:\/\/yoestudiosalud.es\/produit\/lima-hedstroem-colorinox-25mm-20\/#breadcrumb","itemListElement":[{"@type":"ListItem","position":1,"name":"Portada","item":"https:\/\/yoestudiosalud.es\/fr\/"},{"@type":"ListItem","position":2,"name":"Boutique","item":"https:\/\/yoestudiosalud.es\/fr\/boutique\/"},{"@type":"ListItem","position":3,"name":"LIME HEDSTROEM COLORINOX 25MM #20"}]},{"@type":"WebSite","@id":"https:\/\/yoestudiosalud.es\/en\/#website","url":"https:\/\/yoestudiosalud.es\/en\/","name":"yoestudiosalud.es","description":"Material para estudiantes del sector salud","publisher":{"@id":"https:\/\/yoestudiosalud.es\/en\/#organization"},"potentialAction":[{"@type":"SearchAction","target":{"@type":"EntryPoint","urlTemplate":"https:\/\/yoestudiosalud.es\/en\/?s={search_term_string}"},"query-input":{"@type":"PropertyValueSpecification","valueRequired":true,"valueName":"search_term_string"}}],"inLanguage":"fr-FR"},{"@type":"Organization","@id":"https:\/\/yoestudiosalud.es\/en\/#organization","name":"yoestudiosalud.es","url":"https:\/\/yoestudiosalud.es\/en\/","logo":{"@type":"ImageObject","inLanguage":"fr-FR","@id":"https:\/\/yoestudiosalud.es\/en\/#\/schema\/logo\/image\/","url":"https:\/\/yoestudiosalud.es\/wp-content\/uploads\/2020\/04\/logonew-e1698080827687.png","contentUrl":"https:\/\/yoestudiosalud.es\/wp-content\/uploads\/2020\/04\/logonew-e1698080827687.png","width":421,"height":393,"caption":"yoestudiosalud.es"},"image":{"@id":"https:\/\/yoestudiosalud.es\/en\/#\/schema\/logo\/image\/"}}]}},"_links":{"self":[{"href":"https:\/\/yoestudiosalud.es\/fr\/wp-json\/wp\/v2\/product\/32310","targetHints":{"allow":["GET"]}}],"collection":[{"href":"https:\/\/yoestudiosalud.es\/fr\/wp-json\/wp\/v2\/product"}],"about":[{"href":"https:\/\/yoestudiosalud.es\/fr\/wp-json\/wp\/v2\/types\/product"}],"wp:featuredmedia":[{"embeddable":true,"href":"https:\/\/yoestudiosalud.es\/fr\/wp-json\/wp\/v2\/media\/28614"}],"wp:attachment":[{"href":"https:\/\/yoestudiosalud.es\/fr\/wp-json\/wp\/v2\/media?parent=32310"}],"wp:term":[{"taxonomy":"product_brand","embeddable":true,"href":"https:\/\/yoestudiosalud.es\/fr\/wp-json\/wp\/v2\/product_brand?post=32310"},{"taxonomy":"product_cat","embeddable":true,"href":"https:\/\/yoestudiosalud.es\/fr\/wp-json\/wp\/v2\/product_cat?post=32310"},{"taxonomy":"product_tag","embeddable":true,"href":"https:\/\/yoestudiosalud.es\/fr\/wp-json\/wp\/v2\/product_tag?post=32310"}],"curies":[{"name":"wp","href":"https:\/\/api.w.org\/{rel}","templated":true}]}}