{"id":32299,"date":"2022-03-31T10:46:20","date_gmt":"2022-03-31T10:46:20","guid":{"rendered":"https:\/\/yoestudiosalud.es\/producto\/lima-hedstroem-25mm\/"},"modified":"2025-07-02T12:42:42","modified_gmt":"2025-07-02T10:42:42","slug":"lima-hedstroem-25mm","status":"publish","type":"product","link":"https:\/\/yoestudiosalud.es\/fr\/produit\/lima-hedstroem-25mm\/","title":{"rendered":"LIME HEDSTROEM 25MM 15-40"},"content":{"rendered":"<p>La lime Hedstroem 25 mm est un instrument endo fabriqu\u00e9 dans le strict respect des normes ISO. Elles ont une grande capacit\u00e9 de coupe ainsi qu&#8217;une grande r\u00e9sistance \u00e0 la rupture. Elles sont cod\u00e9es par couleur selon les tailles ISO et peuvent \u00eatre st\u00e9rilis\u00e9es jusqu&#8217;\u00e0 200 \u00b0C. La poign\u00e9e antid\u00e9rapante avec surface de pr\u00e9hension ergonomique offre un haut niveau de s\u00e9curit\u00e9 pendant l&#8217;utilisation. Emball\u00e9 dans un blister de 6 instruments avec un bouchon en silicone. Produit \u00e0 usage unique. N\u00e9cessite une st\u00e9rilisation avant utilisation.<\/p>\n","protected":false},"excerpt":{"rendered":"<p>La lime Hedstroem 25 mm est un instrument endo fabriqu\u00e9 dans le strict respect des normes ISO.<\/p>\n","protected":false},"featured_media":28652,"template":"","meta":[],"product_brand":[],"product_cat":[680],"product_tag":[763],"class_list":{"0":"post-32299","1":"product","2":"type-product","3":"status-publish","4":"has-post-thumbnail","6":"product_cat-endodontie-fr","7":"product_tag-uev3","8":"pa_formacion-odontologia-fr","10":"first","11":"onbackorder","12":"sale","13":"taxable","14":"shipping-taxable","15":"purchasable","16":"product-type-simple"},"yoast_head":"<!-- This site is optimized with the Yoast SEO Premium plugin v27.0 (Yoast SEO v27.2) - https:\/\/yoast.com\/product\/yoast-seo-premium-wordpress\/ -->\n<title>LIME HEDSTROEM 25MM 15-40 - yoestudiosalud.es dep\u00f3sito dental estudiantes<\/title>\n<meta name=\"description\" content=\"La lime Hedstroem 25 mm est un instrument endo fabriqu\u00e9 dans le strict respect des normes ISO.\" \/>\n<meta name=\"robots\" content=\"index, follow, max-snippet:-1, max-image-preview:large, max-video-preview:-1\" \/>\n<link rel=\"canonical\" href=\"https:\/\/yoestudiosalud.es\/fr\/produit\/lima-hedstroem-25mm\/\" \/>\n<meta property=\"og:locale\" content=\"fr_FR\" \/>\n<meta property=\"og:type\" content=\"article\" \/>\n<meta property=\"og:title\" content=\"LIME HEDSTROEM 25MM 15-40\" \/>\n<meta property=\"og:description\" content=\"La lime Hedstroem 25 mm est un instrument endo fabriqu\u00e9 dans le strict respect des normes ISO.\" \/>\n<meta property=\"og:url\" content=\"https:\/\/yoestudiosalud.es\/fr\/produit\/lima-hedstroem-25mm\/\" \/>\n<meta property=\"og:site_name\" content=\"yoestudiosalud.es\" \/>\n<meta property=\"article:modified_time\" content=\"2025-07-02T10:42:42+00:00\" \/>\n<meta property=\"og:image\" content=\"https:\/\/yoestudiosalud.es\/wp-content\/uploads\/2022\/03\/005062.S01.jpg\" \/>\n\t<meta property=\"og:image:width\" content=\"650\" \/>\n\t<meta property=\"og:image:height\" content=\"650\" \/>\n\t<meta property=\"og:image:type\" content=\"image\/jpeg\" \/>\n<meta name=\"twitter:card\" content=\"summary_large_image\" \/>\n<script type=\"application\/ld+json\" class=\"yoast-schema-graph\">{\"@context\":\"https:\/\/schema.org\",\"@graph\":[{\"@type\":\"WebPage\",\"@id\":\"https:\/\/yoestudiosalud.es\/fr\/produit\/lima-hedstroem-25mm\/\",\"url\":\"https:\/\/yoestudiosalud.es\/fr\/produit\/lima-hedstroem-25mm\/\",\"name\":\"LIME HEDSTROEM 25MM 15-40 - yoestudiosalud.es dep\u00f3sito dental estudiantes\",\"isPartOf\":{\"@id\":\"https:\/\/yoestudiosalud.es\/en\/#website\"},\"primaryImageOfPage\":{\"@id\":\"https:\/\/yoestudiosalud.es\/fr\/produit\/lima-hedstroem-25mm\/#primaryimage\"},\"image\":{\"@id\":\"https:\/\/yoestudiosalud.es\/fr\/produit\/lima-hedstroem-25mm\/#primaryimage\"},\"thumbnailUrl\":\"https:\/\/yoestudiosalud.es\/wp-content\/uploads\/2022\/03\/005062.S01.jpg\",\"datePublished\":\"2022-03-31T10:46:20+00:00\",\"dateModified\":\"2025-07-02T10:42:42+00:00\",\"description\":\"La lime Hedstroem 25 mm est un instrument endo fabriqu\u00e9 dans le strict respect des normes ISO.\",\"breadcrumb\":{\"@id\":\"https:\/\/yoestudiosalud.es\/fr\/produit\/lima-hedstroem-25mm\/#breadcrumb\"},\"inLanguage\":\"fr-FR\",\"potentialAction\":[{\"@type\":\"ReadAction\",\"target\":[\"https:\/\/yoestudiosalud.es\/fr\/produit\/lima-hedstroem-25mm\/\"]}]},{\"@type\":\"ImageObject\",\"inLanguage\":\"fr-FR\",\"@id\":\"https:\/\/yoestudiosalud.es\/fr\/produit\/lima-hedstroem-25mm\/#primaryimage\",\"url\":\"https:\/\/yoestudiosalud.es\/wp-content\/uploads\/2022\/03\/005062.S01.jpg\",\"contentUrl\":\"https:\/\/yoestudiosalud.es\/wp-content\/uploads\/2022\/03\/005062.S01.jpg\",\"width\":650,\"height\":650,\"caption\":\"LIME HEDSTROEM 25MM 15-40\"},{\"@type\":\"BreadcrumbList\",\"@id\":\"https:\/\/yoestudiosalud.es\/fr\/produit\/lima-hedstroem-25mm\/#breadcrumb\",\"itemListElement\":[{\"@type\":\"ListItem\",\"position\":1,\"name\":\"Portada\",\"item\":\"https:\/\/yoestudiosalud.es\/fr\/\"},{\"@type\":\"ListItem\",\"position\":2,\"name\":\"Boutique\",\"item\":\"https:\/\/yoestudiosalud.es\/fr\/boutique\/\"},{\"@type\":\"ListItem\",\"position\":3,\"name\":\"LIME HEDSTROEM 25MM 15-40\"}]},{\"@type\":\"WebSite\",\"@id\":\"https:\/\/yoestudiosalud.es\/en\/#website\",\"url\":\"https:\/\/yoestudiosalud.es\/en\/\",\"name\":\"yoestudiosalud.es\",\"description\":\"Material para estudiantes del sector salud\",\"publisher\":{\"@id\":\"https:\/\/yoestudiosalud.es\/en\/#organization\"},\"potentialAction\":[{\"@type\":\"SearchAction\",\"target\":{\"@type\":\"EntryPoint\",\"urlTemplate\":\"https:\/\/yoestudiosalud.es\/en\/?s={search_term_string}\"},\"query-input\":{\"@type\":\"PropertyValueSpecification\",\"valueRequired\":true,\"valueName\":\"search_term_string\"}}],\"inLanguage\":\"fr-FR\"},{\"@type\":\"Organization\",\"@id\":\"https:\/\/yoestudiosalud.es\/en\/#organization\",\"name\":\"yoestudiosalud.es\",\"url\":\"https:\/\/yoestudiosalud.es\/en\/\",\"logo\":{\"@type\":\"ImageObject\",\"inLanguage\":\"fr-FR\",\"@id\":\"https:\/\/yoestudiosalud.es\/en\/#\/schema\/logo\/image\/\",\"url\":\"https:\/\/yoestudiosalud.es\/wp-content\/uploads\/2020\/04\/logonew-e1698080827687.png\",\"contentUrl\":\"https:\/\/yoestudiosalud.es\/wp-content\/uploads\/2020\/04\/logonew-e1698080827687.png\",\"width\":421,\"height\":393,\"caption\":\"yoestudiosalud.es\"},\"image\":{\"@id\":\"https:\/\/yoestudiosalud.es\/en\/#\/schema\/logo\/image\/\"}}]}<\/script>\n<!-- \/ Yoast SEO Premium plugin. -->","yoast_head_json":{"title":"LIME HEDSTROEM 25MM 15-40 - yoestudiosalud.es dep\u00f3sito dental estudiantes","description":"La lime Hedstroem 25 mm est un instrument endo fabriqu\u00e9 dans le strict respect des normes ISO.","robots":{"index":"index","follow":"follow","max-snippet":"max-snippet:-1","max-image-preview":"max-image-preview:large","max-video-preview":"max-video-preview:-1"},"canonical":"https:\/\/yoestudiosalud.es\/fr\/produit\/lima-hedstroem-25mm\/","og_locale":"fr_FR","og_type":"article","og_title":"LIME HEDSTROEM 25MM 15-40","og_description":"La lime Hedstroem 25 mm est un instrument endo fabriqu\u00e9 dans le strict respect des normes ISO.","og_url":"https:\/\/yoestudiosalud.es\/fr\/produit\/lima-hedstroem-25mm\/","og_site_name":"yoestudiosalud.es","article_modified_time":"2025-07-02T10:42:42+00:00","og_image":[{"width":650,"height":650,"url":"https:\/\/yoestudiosalud.es\/wp-content\/uploads\/2022\/03\/005062.S01.jpg","type":"image\/jpeg"}],"twitter_card":"summary_large_image","schema":{"@context":"https:\/\/schema.org","@graph":[{"@type":"WebPage","@id":"https:\/\/yoestudiosalud.es\/fr\/produit\/lima-hedstroem-25mm\/","url":"https:\/\/yoestudiosalud.es\/fr\/produit\/lima-hedstroem-25mm\/","name":"LIME HEDSTROEM 25MM 15-40 - yoestudiosalud.es dep\u00f3sito dental estudiantes","isPartOf":{"@id":"https:\/\/yoestudiosalud.es\/en\/#website"},"primaryImageOfPage":{"@id":"https:\/\/yoestudiosalud.es\/fr\/produit\/lima-hedstroem-25mm\/#primaryimage"},"image":{"@id":"https:\/\/yoestudiosalud.es\/fr\/produit\/lima-hedstroem-25mm\/#primaryimage"},"thumbnailUrl":"https:\/\/yoestudiosalud.es\/wp-content\/uploads\/2022\/03\/005062.S01.jpg","datePublished":"2022-03-31T10:46:20+00:00","dateModified":"2025-07-02T10:42:42+00:00","description":"La lime Hedstroem 25 mm est un instrument endo fabriqu\u00e9 dans le strict respect des normes ISO.","breadcrumb":{"@id":"https:\/\/yoestudiosalud.es\/fr\/produit\/lima-hedstroem-25mm\/#breadcrumb"},"inLanguage":"fr-FR","potentialAction":[{"@type":"ReadAction","target":["https:\/\/yoestudiosalud.es\/fr\/produit\/lima-hedstroem-25mm\/"]}]},{"@type":"ImageObject","inLanguage":"fr-FR","@id":"https:\/\/yoestudiosalud.es\/fr\/produit\/lima-hedstroem-25mm\/#primaryimage","url":"https:\/\/yoestudiosalud.es\/wp-content\/uploads\/2022\/03\/005062.S01.jpg","contentUrl":"https:\/\/yoestudiosalud.es\/wp-content\/uploads\/2022\/03\/005062.S01.jpg","width":650,"height":650,"caption":"LIME HEDSTROEM 25MM 15-40"},{"@type":"BreadcrumbList","@id":"https:\/\/yoestudiosalud.es\/fr\/produit\/lima-hedstroem-25mm\/#breadcrumb","itemListElement":[{"@type":"ListItem","position":1,"name":"Portada","item":"https:\/\/yoestudiosalud.es\/fr\/"},{"@type":"ListItem","position":2,"name":"Boutique","item":"https:\/\/yoestudiosalud.es\/fr\/boutique\/"},{"@type":"ListItem","position":3,"name":"LIME HEDSTROEM 25MM 15-40"}]},{"@type":"WebSite","@id":"https:\/\/yoestudiosalud.es\/en\/#website","url":"https:\/\/yoestudiosalud.es\/en\/","name":"yoestudiosalud.es","description":"Material para estudiantes del sector salud","publisher":{"@id":"https:\/\/yoestudiosalud.es\/en\/#organization"},"potentialAction":[{"@type":"SearchAction","target":{"@type":"EntryPoint","urlTemplate":"https:\/\/yoestudiosalud.es\/en\/?s={search_term_string}"},"query-input":{"@type":"PropertyValueSpecification","valueRequired":true,"valueName":"search_term_string"}}],"inLanguage":"fr-FR"},{"@type":"Organization","@id":"https:\/\/yoestudiosalud.es\/en\/#organization","name":"yoestudiosalud.es","url":"https:\/\/yoestudiosalud.es\/en\/","logo":{"@type":"ImageObject","inLanguage":"fr-FR","@id":"https:\/\/yoestudiosalud.es\/en\/#\/schema\/logo\/image\/","url":"https:\/\/yoestudiosalud.es\/wp-content\/uploads\/2020\/04\/logonew-e1698080827687.png","contentUrl":"https:\/\/yoestudiosalud.es\/wp-content\/uploads\/2020\/04\/logonew-e1698080827687.png","width":421,"height":393,"caption":"yoestudiosalud.es"},"image":{"@id":"https:\/\/yoestudiosalud.es\/en\/#\/schema\/logo\/image\/"}}]}},"_links":{"self":[{"href":"https:\/\/yoestudiosalud.es\/fr\/wp-json\/wp\/v2\/product\/32299","targetHints":{"allow":["GET"]}}],"collection":[{"href":"https:\/\/yoestudiosalud.es\/fr\/wp-json\/wp\/v2\/product"}],"about":[{"href":"https:\/\/yoestudiosalud.es\/fr\/wp-json\/wp\/v2\/types\/product"}],"wp:featuredmedia":[{"embeddable":true,"href":"https:\/\/yoestudiosalud.es\/fr\/wp-json\/wp\/v2\/media\/28652"}],"wp:attachment":[{"href":"https:\/\/yoestudiosalud.es\/fr\/wp-json\/wp\/v2\/media?parent=32299"}],"wp:term":[{"taxonomy":"product_brand","embeddable":true,"href":"https:\/\/yoestudiosalud.es\/fr\/wp-json\/wp\/v2\/product_brand?post=32299"},{"taxonomy":"product_cat","embeddable":true,"href":"https:\/\/yoestudiosalud.es\/fr\/wp-json\/wp\/v2\/product_cat?post=32299"},{"taxonomy":"product_tag","embeddable":true,"href":"https:\/\/yoestudiosalud.es\/fr\/wp-json\/wp\/v2\/product_tag?post=32299"}],"curies":[{"name":"wp","href":"https:\/\/api.w.org\/{rel}","templated":true}]}}