{"id":32280,"date":"2022-04-19T12:13:53","date_gmt":"2022-04-19T12:13:53","guid":{"rendered":"https:\/\/yoestudiosalud.es\/producto\/sellador-endodontico-fillapex-4gr\/"},"modified":"2025-06-17T20:13:57","modified_gmt":"2025-06-17T18:13:57","slug":"sellador-endodontico-fillapex-4gr","status":"publish","type":"product","link":"https:\/\/yoestudiosalud.es\/fr\/produit\/sellador-endodontico-fillapex-4gr\/","title":{"rendered":"Scellant endodontique Fillapex 4\u202fg"},"content":{"rendered":"<p>Fillapex est un ciment de scellement endodontique bioc\u00e9ramique \u00e0 base de MTA (trioxyde min\u00e9ral agr\u00e9g\u00e9), indiqu\u00e9 pour l\u2019obturation des canaux radiculaires dans la dentition permanente en combinaison avec un mat\u00e9riau de scellement endodontique. Il se caract\u00e9rise par une grande radiopacit\u00e9, permettant une visualisation parfaite pour un meilleur contr\u00f4le radiographique, ainsi qu\u2019une viscosit\u00e9 id\u00e9ale pour l\u2019obturation des canaux radiculaires et des canaux accessoires.<\/p>\n<p>Le conditionnement du ciment de scellement MTA Fillapex contient : 1 seringue de 4\u202fg + 15 embouts Automix + bloc de m\u00e9lange.<\/p>\n<p>CARACT\u00c9RISTIQUES<\/p>\n<ul>\n<li>Ciment de scellement endodontique.<\/li>\n<li>\u00c0 base de MTA (trioxyde min\u00e9ral agr\u00e9g\u00e9).<\/li>\n<li>Indiqu\u00e9 pour le scellement endodontique des dents permanentes.<\/li>\n<li>Haute radiopacit\u00e9.<\/li>\n<li>Biocompatible.<\/li>\n<li>Excellente viscosit\u00e9.<\/li>\n<li>Ne contient pas d\u2019eug\u00e9nol.<\/li>\n<li>Expansion \u00e0 la prise : scellement parfait.<\/li>\n<li>Aide \u00e0 la r\u00e9g\u00e9n\u00e9ration osseuse et tissulaire.<\/li>\n<li>Formule p\u00e2te\/p\u00e2te, facile \u00e0 utiliser.<\/li>\n<li>Temps de travail optimal pour compl\u00e9ter toutes les \u00e9tapes.<\/li>\n<li>Facile \u00e0 retirer.<\/li>\n<\/ul>\n","protected":false},"excerpt":{"rendered":"<p>Fillapex est un ciment obturateur endodontique bioc\u00e9ramique \u00e0 base de MTA (oxyde min\u00e9ral trioxyd\u00e9), indiqu\u00e9 pour l\u2019obturation des canaux radiculaires dans la dentition permanente, en combinaison avec un mat\u00e9riau de scellement endodontique. Il se caract\u00e9rise par une grande radiopacit\u00e9, permettant une visualisation parfaite pour un meilleur contr\u00f4le radiographique, ainsi qu\u2019une viscosit\u00e9 id\u00e9ale pour l\u2019obturation des canaux radiculaires et des canaux accessoires.<\/p>\n<p>L\u2019emballage du ciment de scellement MTA Fillapex contient : 1 seringue de 4\u202fg + 15 embouts Automix + un bloc de m\u00e9lange.<\/p>\n","protected":false},"featured_media":32281,"template":"","meta":[],"product_brand":[],"product_cat":[680],"product_tag":[],"class_list":{"0":"post-32280","1":"product","2":"type-product","3":"status-publish","4":"has-post-thumbnail","6":"product_cat-endodontie-fr","7":"pa_formacion-odontologia-fr","9":"first","10":"onbackorder","11":"sale","12":"taxable","13":"shipping-taxable","14":"purchasable","15":"product-type-simple"},"yoast_head":"<!-- This site is optimized with the Yoast SEO Premium plugin v27.0 (Yoast SEO v27.2) - https:\/\/yoast.com\/product\/yoast-seo-premium-wordpress\/ -->\n<title>Scellant endodontique Fillapex 4\u202fg - yoestudiosalud.es<\/title>\n<meta name=\"description\" content=\"Fillapex \u00a0es un\u00a0cemento obturador endod\u00f3ntico biocer\u00e1mico a base de MTA indicado para la obturaci\u00f3n de los canales radiculares\" \/>\n<meta name=\"robots\" content=\"index, follow, max-snippet:-1, max-image-preview:large, max-video-preview:-1\" \/>\n<link rel=\"canonical\" href=\"https:\/\/yoestudiosalud.es\/produit\/sellador-endodontico-fillapex-4gr\/\" \/>\n<meta property=\"og:locale\" content=\"fr_FR\" \/>\n<meta property=\"og:type\" content=\"article\" \/>\n<meta property=\"og:title\" content=\"Scellant endodontique Fillapex 4\u202fg\" \/>\n<meta property=\"og:description\" content=\"Fillapex \u00a0es un\u00a0cemento obturador endod\u00f3ntico biocer\u00e1mico a base de MTA indicado para la obturaci\u00f3n de los canales radiculares\" \/>\n<meta property=\"og:url\" content=\"https:\/\/yoestudiosalud.es\/produit\/sellador-endodontico-fillapex-4gr\/\" \/>\n<meta property=\"og:site_name\" content=\"yoestudiosalud.es\" \/>\n<meta property=\"article:modified_time\" content=\"2025-06-17T18:13:57+00:00\" \/>\n<meta property=\"og:image\" content=\"https:\/\/yoestudiosalud.es\/wp-content\/uploads\/2022\/04\/003885.jpg\" \/>\n\t<meta property=\"og:image:width\" content=\"650\" \/>\n\t<meta property=\"og:image:height\" content=\"650\" \/>\n\t<meta property=\"og:image:type\" content=\"image\/jpeg\" \/>\n<meta name=\"twitter:card\" content=\"summary_large_image\" \/>\n<meta name=\"twitter:label1\" content=\"Dur\u00e9e de lecture estim\u00e9e\" \/>\n\t<meta name=\"twitter:data1\" content=\"1 minute\" \/>\n<script type=\"application\/ld+json\" class=\"yoast-schema-graph\">{\"@context\":\"https:\/\/schema.org\",\"@graph\":[{\"@type\":\"WebPage\",\"@id\":\"https:\/\/yoestudiosalud.es\/produit\/sellador-endodontico-fillapex-4gr\/\",\"url\":\"https:\/\/yoestudiosalud.es\/produit\/sellador-endodontico-fillapex-4gr\/\",\"name\":\"Scellant endodontique Fillapex 4\u202fg - yoestudiosalud.es\",\"isPartOf\":{\"@id\":\"https:\/\/yoestudiosalud.es\/en\/#website\"},\"primaryImageOfPage\":{\"@id\":\"https:\/\/yoestudiosalud.es\/produit\/sellador-endodontico-fillapex-4gr\/#primaryimage\"},\"image\":{\"@id\":\"https:\/\/yoestudiosalud.es\/produit\/sellador-endodontico-fillapex-4gr\/#primaryimage\"},\"thumbnailUrl\":\"https:\/\/yoestudiosalud.es\/wp-content\/uploads\/2022\/04\/003885.jpg\",\"datePublished\":\"2022-04-19T12:13:53+00:00\",\"dateModified\":\"2025-06-17T18:13:57+00:00\",\"description\":\"Fillapex \u00a0es un\u00a0cemento obturador endod\u00f3ntico biocer\u00e1mico a base de MTA indicado para la obturaci\u00f3n de los canales radiculares\",\"breadcrumb\":{\"@id\":\"https:\/\/yoestudiosalud.es\/produit\/sellador-endodontico-fillapex-4gr\/#breadcrumb\"},\"inLanguage\":\"fr-FR\",\"potentialAction\":[{\"@type\":\"ReadAction\",\"target\":[\"https:\/\/yoestudiosalud.es\/produit\/sellador-endodontico-fillapex-4gr\/\"]}]},{\"@type\":\"ImageObject\",\"inLanguage\":\"fr-FR\",\"@id\":\"https:\/\/yoestudiosalud.es\/produit\/sellador-endodontico-fillapex-4gr\/#primaryimage\",\"url\":\"https:\/\/yoestudiosalud.es\/wp-content\/uploads\/2022\/04\/003885.jpg\",\"contentUrl\":\"https:\/\/yoestudiosalud.es\/wp-content\/uploads\/2022\/04\/003885.jpg\",\"width\":650,\"height\":650,\"caption\":\"SELLADOR ENDODONTICO FILLAPEX 4GR.\"},{\"@type\":\"BreadcrumbList\",\"@id\":\"https:\/\/yoestudiosalud.es\/produit\/sellador-endodontico-fillapex-4gr\/#breadcrumb\",\"itemListElement\":[{\"@type\":\"ListItem\",\"position\":1,\"name\":\"Portada\",\"item\":\"https:\/\/yoestudiosalud.es\/fr\/\"},{\"@type\":\"ListItem\",\"position\":2,\"name\":\"Boutique\",\"item\":\"https:\/\/yoestudiosalud.es\/fr\/boutique\/\"},{\"@type\":\"ListItem\",\"position\":3,\"name\":\"Scellant endodontique Fillapex 4\u202fg\"}]},{\"@type\":\"WebSite\",\"@id\":\"https:\/\/yoestudiosalud.es\/en\/#website\",\"url\":\"https:\/\/yoestudiosalud.es\/en\/\",\"name\":\"yoestudiosalud.es\",\"description\":\"Material para estudiantes del sector salud\",\"publisher\":{\"@id\":\"https:\/\/yoestudiosalud.es\/en\/#organization\"},\"potentialAction\":[{\"@type\":\"SearchAction\",\"target\":{\"@type\":\"EntryPoint\",\"urlTemplate\":\"https:\/\/yoestudiosalud.es\/en\/?s={search_term_string}\"},\"query-input\":{\"@type\":\"PropertyValueSpecification\",\"valueRequired\":true,\"valueName\":\"search_term_string\"}}],\"inLanguage\":\"fr-FR\"},{\"@type\":\"Organization\",\"@id\":\"https:\/\/yoestudiosalud.es\/en\/#organization\",\"name\":\"yoestudiosalud.es\",\"url\":\"https:\/\/yoestudiosalud.es\/en\/\",\"logo\":{\"@type\":\"ImageObject\",\"inLanguage\":\"fr-FR\",\"@id\":\"https:\/\/yoestudiosalud.es\/en\/#\/schema\/logo\/image\/\",\"url\":\"https:\/\/yoestudiosalud.es\/wp-content\/uploads\/2020\/04\/logonew-e1698080827687.png\",\"contentUrl\":\"https:\/\/yoestudiosalud.es\/wp-content\/uploads\/2020\/04\/logonew-e1698080827687.png\",\"width\":421,\"height\":393,\"caption\":\"yoestudiosalud.es\"},\"image\":{\"@id\":\"https:\/\/yoestudiosalud.es\/en\/#\/schema\/logo\/image\/\"}}]}<\/script>\n<!-- \/ Yoast SEO Premium plugin. -->","yoast_head_json":{"title":"Scellant endodontique Fillapex 4\u202fg - yoestudiosalud.es","description":"Fillapex \u00a0es un\u00a0cemento obturador endod\u00f3ntico biocer\u00e1mico a base de MTA indicado para la obturaci\u00f3n de los canales radiculares","robots":{"index":"index","follow":"follow","max-snippet":"max-snippet:-1","max-image-preview":"max-image-preview:large","max-video-preview":"max-video-preview:-1"},"canonical":"https:\/\/yoestudiosalud.es\/produit\/sellador-endodontico-fillapex-4gr\/","og_locale":"fr_FR","og_type":"article","og_title":"Scellant endodontique Fillapex 4\u202fg","og_description":"Fillapex \u00a0es un\u00a0cemento obturador endod\u00f3ntico biocer\u00e1mico a base de MTA indicado para la obturaci\u00f3n de los canales radiculares","og_url":"https:\/\/yoestudiosalud.es\/produit\/sellador-endodontico-fillapex-4gr\/","og_site_name":"yoestudiosalud.es","article_modified_time":"2025-06-17T18:13:57+00:00","og_image":[{"width":650,"height":650,"url":"https:\/\/yoestudiosalud.es\/wp-content\/uploads\/2022\/04\/003885.jpg","type":"image\/jpeg"}],"twitter_card":"summary_large_image","twitter_misc":{"Dur\u00e9e de lecture estim\u00e9e":"1 minute"},"schema":{"@context":"https:\/\/schema.org","@graph":[{"@type":"WebPage","@id":"https:\/\/yoestudiosalud.es\/produit\/sellador-endodontico-fillapex-4gr\/","url":"https:\/\/yoestudiosalud.es\/produit\/sellador-endodontico-fillapex-4gr\/","name":"Scellant endodontique Fillapex 4\u202fg - yoestudiosalud.es","isPartOf":{"@id":"https:\/\/yoestudiosalud.es\/en\/#website"},"primaryImageOfPage":{"@id":"https:\/\/yoestudiosalud.es\/produit\/sellador-endodontico-fillapex-4gr\/#primaryimage"},"image":{"@id":"https:\/\/yoestudiosalud.es\/produit\/sellador-endodontico-fillapex-4gr\/#primaryimage"},"thumbnailUrl":"https:\/\/yoestudiosalud.es\/wp-content\/uploads\/2022\/04\/003885.jpg","datePublished":"2022-04-19T12:13:53+00:00","dateModified":"2025-06-17T18:13:57+00:00","description":"Fillapex \u00a0es un\u00a0cemento obturador endod\u00f3ntico biocer\u00e1mico a base de MTA indicado para la obturaci\u00f3n de los canales radiculares","breadcrumb":{"@id":"https:\/\/yoestudiosalud.es\/produit\/sellador-endodontico-fillapex-4gr\/#breadcrumb"},"inLanguage":"fr-FR","potentialAction":[{"@type":"ReadAction","target":["https:\/\/yoestudiosalud.es\/produit\/sellador-endodontico-fillapex-4gr\/"]}]},{"@type":"ImageObject","inLanguage":"fr-FR","@id":"https:\/\/yoestudiosalud.es\/produit\/sellador-endodontico-fillapex-4gr\/#primaryimage","url":"https:\/\/yoestudiosalud.es\/wp-content\/uploads\/2022\/04\/003885.jpg","contentUrl":"https:\/\/yoestudiosalud.es\/wp-content\/uploads\/2022\/04\/003885.jpg","width":650,"height":650,"caption":"SELLADOR ENDODONTICO FILLAPEX 4GR."},{"@type":"BreadcrumbList","@id":"https:\/\/yoestudiosalud.es\/produit\/sellador-endodontico-fillapex-4gr\/#breadcrumb","itemListElement":[{"@type":"ListItem","position":1,"name":"Portada","item":"https:\/\/yoestudiosalud.es\/fr\/"},{"@type":"ListItem","position":2,"name":"Boutique","item":"https:\/\/yoestudiosalud.es\/fr\/boutique\/"},{"@type":"ListItem","position":3,"name":"Scellant endodontique Fillapex 4\u202fg"}]},{"@type":"WebSite","@id":"https:\/\/yoestudiosalud.es\/en\/#website","url":"https:\/\/yoestudiosalud.es\/en\/","name":"yoestudiosalud.es","description":"Material para estudiantes del sector salud","publisher":{"@id":"https:\/\/yoestudiosalud.es\/en\/#organization"},"potentialAction":[{"@type":"SearchAction","target":{"@type":"EntryPoint","urlTemplate":"https:\/\/yoestudiosalud.es\/en\/?s={search_term_string}"},"query-input":{"@type":"PropertyValueSpecification","valueRequired":true,"valueName":"search_term_string"}}],"inLanguage":"fr-FR"},{"@type":"Organization","@id":"https:\/\/yoestudiosalud.es\/en\/#organization","name":"yoestudiosalud.es","url":"https:\/\/yoestudiosalud.es\/en\/","logo":{"@type":"ImageObject","inLanguage":"fr-FR","@id":"https:\/\/yoestudiosalud.es\/en\/#\/schema\/logo\/image\/","url":"https:\/\/yoestudiosalud.es\/wp-content\/uploads\/2020\/04\/logonew-e1698080827687.png","contentUrl":"https:\/\/yoestudiosalud.es\/wp-content\/uploads\/2020\/04\/logonew-e1698080827687.png","width":421,"height":393,"caption":"yoestudiosalud.es"},"image":{"@id":"https:\/\/yoestudiosalud.es\/en\/#\/schema\/logo\/image\/"}}]}},"_links":{"self":[{"href":"https:\/\/yoestudiosalud.es\/fr\/wp-json\/wp\/v2\/product\/32280","targetHints":{"allow":["GET"]}}],"collection":[{"href":"https:\/\/yoestudiosalud.es\/fr\/wp-json\/wp\/v2\/product"}],"about":[{"href":"https:\/\/yoestudiosalud.es\/fr\/wp-json\/wp\/v2\/types\/product"}],"wp:featuredmedia":[{"embeddable":true,"href":"https:\/\/yoestudiosalud.es\/fr\/wp-json\/wp\/v2\/media\/32281"}],"wp:attachment":[{"href":"https:\/\/yoestudiosalud.es\/fr\/wp-json\/wp\/v2\/media?parent=32280"}],"wp:term":[{"taxonomy":"product_brand","embeddable":true,"href":"https:\/\/yoestudiosalud.es\/fr\/wp-json\/wp\/v2\/product_brand?post=32280"},{"taxonomy":"product_cat","embeddable":true,"href":"https:\/\/yoestudiosalud.es\/fr\/wp-json\/wp\/v2\/product_cat?post=32280"},{"taxonomy":"product_tag","embeddable":true,"href":"https:\/\/yoestudiosalud.es\/fr\/wp-json\/wp\/v2\/product_tag?post=32280"}],"curies":[{"name":"wp","href":"https:\/\/api.w.org\/{rel}","templated":true}]}}