{"id":32278,"date":"2022-05-13T13:36:38","date_gmt":"2022-05-13T13:36:38","guid":{"rendered":"https:\/\/yoestudiosalud.es\/producto\/tensiometro-aneroide-manual-moretti\/"},"modified":"2025-07-02T13:22:13","modified_gmt":"2025-07-02T11:22:13","slug":"tensiometro-aneroide-manual-moretti","status":"publish","type":"product","link":"https:\/\/yoestudiosalud.es\/fr\/produit\/tensiometro-aneroide-manual-moretti\/","title":{"rendered":"TENSIOM\u00c8TRE AN\u00c9RO\u00cfDEN<br>MANUEL MORETTI"},"content":{"rendered":"<p>Tensiom\u00e8tre an\u00e9ro\u00efde manuel Moretti. Bo\u00eetier en alliage l\u00e9ger noir. Le tensiom\u00e8tre an\u00e9ro\u00efde manuel Moretti a une \u00e9chelle gradu\u00e9e avec des intervalles de 2 mmHg, des marques mineures non num\u00e9rot\u00e9es toutes les 10 unit\u00e9s et des marques majeures num\u00e9rot\u00e9es toutes les 20 unit\u00e9s. Temps de d\u00e9gonflage de 260 mmHg \u00e0 15 mmHg &#8211; 10 secondes. Z\u00e9ro flottant, l&#8217;aiguille ne s&#8217;arr\u00eate pas au z\u00e9ro mais peut osciller librement. Brassard en nylon avec fermeture velcro et anneau m\u00e9tallique et r\u00e9gulation de l&#8217;air par valve.<\/p>\n<p>&nbsp;<\/p>\n<p>CARACT\u00c9RISTIQUES G\u00c9N\u00c9RALES<\/p>\n<p>TENSIOM\u00c8TRE AN\u00c9RO\u00cfDE 260 mmHg et 15 mmHg temps de d\u00e9gonflage maximum : 10 secondes.<br \/>\n\u00c9chelle 0-300 mmHg. R\u00e9glage manuel du d\u00e9gonflage possible jusqu&#8217;\u00e0 3,2 mm Hg \/ s.<br \/>\nA partir de 260 mmHg et 15 mmHg, temps de d\u00e9gonflage maximum : 10 secondes.<br \/>\nIntervalle d&#8217;\u00e9chelle de 2 mmHg avec des encoches num\u00e9rot\u00e9es plus petites toutes les 10 unit\u00e9s et des fentes num\u00e9rot\u00e9es plus nombreuses toutes les 20 unit\u00e9s.<br \/>\nFond du compteur blanc et chiffres bleus, aiguille noire.<br \/>\nZ\u00e9ro flottant (l&#8217;aiguille n&#8217;a pas de but\u00e9e z\u00e9ro, mais peut osciller librement).<br \/>\nManchette en nylon avec velcro et anneau m\u00e9tallique.<br \/>\nGonfleur en PVC avec clapet anti-retour \u00e0 bille en m\u00e9tal enti\u00e8rement chrom\u00e9.<br \/>\nSurface en m\u00e9tal enti\u00e8rement chrom\u00e9 avec sortie d&#8217;air r\u00e9glable par valve \u00e0 vis.<br \/>\nChaque sphygmomanom\u00e8tre est fourni dans un sac \u00e0 fermeture \u00e9clair, emball\u00e9 dans une bo\u00eete en carton imprim\u00e9.<\/p>\n<p>CARACT\u00c9RISTIQUES TECHNIQUES<\/p>\n<p>Manom\u00e8tre \u00d8 50 mm,<br \/>\nCadran \u00d8 45 mm,<br \/>\nBo\u00eetier en alliage peint en bleu clair,<br \/>\nL : 160 mm.<br \/>\nP : 110 mm<br \/>\nH : 50 mm.<br \/>\nPoids : 363 g<\/p>\n<div class=\"video-shortcode\"><iframe title=\"C\u00f3mo medir la Presi\u00f3n Arterial correctamente\" width=\"1468\" height=\"826\" src=\"https:\/\/www.youtube.com\/embed\/ppuWqpUPLy8?feature=oembed\" frameborder=\"0\" allow=\"accelerometer; autoplay; clipboard-write; encrypted-media; gyroscope; picture-in-picture; web-share\" referrerpolicy=\"strict-origin-when-cross-origin\" allowfullscreen><\/iframe><\/div>\n<p>&nbsp;<\/p>\n","protected":false},"excerpt":{"rendered":"<p>Tensiom\u00e8tre an\u00e9ro\u00efde manuel Moretti. Bo\u00eetier en alliage l\u00e9ger noir. Le tensiom\u00e8tre an\u00e9ro\u00efde manuel Moretti a une \u00e9chelle gradu\u00e9e avec des intervalles de 2 mmHg, des marques mineures non num\u00e9rot\u00e9es toutes les 10 unit\u00e9s et des marques majeures num\u00e9rot\u00e9es toutes les 20 unit\u00e9s.<\/p>\n","protected":false},"featured_media":32279,"template":"","meta":[],"product_brand":[],"product_cat":[723],"product_tag":[706],"class_list":{"0":"post-32278","1":"product","2":"type-product","3":"status-publish","4":"has-post-thumbnail","6":"product_cat-equipmentm-fr","7":"product_tag-ucm2-fr","8":"pa_formacion-medicina-fr","10":"first","11":"instock","12":"sale","13":"taxable","14":"shipping-taxable","15":"purchasable","16":"product-type-simple"},"yoast_head":"<!-- This site is optimized with the Yoast SEO Premium plugin v27.0 (Yoast SEO v27.4) - https:\/\/yoast.com\/product\/yoast-seo-premium-wordpress\/ -->\n<title>TENSIOM\u00c8TRE AN\u00c9RO\u00cfDENMANUEL MORETTI - yoestudiosalud.es<\/title>\n<meta name=\"description\" content=\"Tensiom\u00e8tre an\u00e9ro\u00efde manuel Moretti. Bo\u00eetier en alliage l\u00e9ger noir. Le tensiom\u00e8tre an\u00e9ro\u00efde manuel Moretti a une \u00e9chelle gradu\u00e9e avec des intervalles de 2 mmHg,\" \/>\n<meta name=\"robots\" content=\"index, follow, max-snippet:-1, max-image-preview:large, max-video-preview:-1\" \/>\n<link rel=\"canonical\" href=\"https:\/\/yoestudiosalud.es\/produit\/tensiometro-aneroide-manual-moretti\/\" \/>\n<meta property=\"og:locale\" content=\"fr_FR\" \/>\n<meta property=\"og:type\" content=\"article\" \/>\n<meta property=\"og:title\" content=\"TENSIOM\u00c8TRE AN\u00c9RO\u00cfDENMANUEL MORETTI\" \/>\n<meta property=\"og:description\" content=\"Tensiom\u00e8tre an\u00e9ro\u00efde manuel Moretti. Bo\u00eetier en alliage l\u00e9ger noir. Le tensiom\u00e8tre an\u00e9ro\u00efde manuel Moretti a une \u00e9chelle gradu\u00e9e avec des intervalles de 2 mmHg,\" \/>\n<meta property=\"og:url\" content=\"https:\/\/yoestudiosalud.es\/produit\/tensiometro-aneroide-manual-moretti\/\" \/>\n<meta property=\"og:site_name\" content=\"yoestudiosalud.es\" \/>\n<meta property=\"article:modified_time\" content=\"2025-07-02T11:22:13+00:00\" \/>\n<meta property=\"og:image\" content=\"https:\/\/yoestudiosalud.es\/wp-content\/uploads\/2022\/05\/003854.jpg\" \/>\n\t<meta property=\"og:image:width\" content=\"650\" \/>\n\t<meta property=\"og:image:height\" content=\"650\" \/>\n\t<meta property=\"og:image:type\" content=\"image\/jpeg\" \/>\n<meta name=\"twitter:card\" content=\"summary_large_image\" \/>\n<meta name=\"twitter:label1\" content=\"Dur\u00e9e de lecture estim\u00e9e\" \/>\n\t<meta name=\"twitter:data1\" content=\"1 minute\" \/>\n<script type=\"application\/ld+json\" class=\"yoast-schema-graph\">{\"@context\":\"https:\\\/\\\/schema.org\",\"@graph\":[{\"@type\":\"WebPage\",\"@id\":\"https:\\\/\\\/yoestudiosalud.es\\\/produit\\\/tensiometro-aneroide-manual-moretti\\\/\",\"url\":\"https:\\\/\\\/yoestudiosalud.es\\\/produit\\\/tensiometro-aneroide-manual-moretti\\\/\",\"name\":\"TENSIOM\u00c8TRE AN\u00c9RO\u00cfDEN MANUEL MORETTI - yoestudiosalud.es\",\"isPartOf\":{\"@id\":\"https:\\\/\\\/yoestudiosalud.es\\\/en\\\/#website\"},\"primaryImageOfPage\":{\"@id\":\"https:\\\/\\\/yoestudiosalud.es\\\/produit\\\/tensiometro-aneroide-manual-moretti\\\/#primaryimage\"},\"image\":{\"@id\":\"https:\\\/\\\/yoestudiosalud.es\\\/produit\\\/tensiometro-aneroide-manual-moretti\\\/#primaryimage\"},\"thumbnailUrl\":\"https:\\\/\\\/yoestudiosalud.es\\\/wp-content\\\/uploads\\\/2022\\\/05\\\/003854.jpg\",\"datePublished\":\"2022-05-13T13:36:38+00:00\",\"dateModified\":\"2025-07-02T11:22:13+00:00\",\"description\":\"Tensiom\u00e8tre an\u00e9ro\u00efde manuel Moretti. Bo\u00eetier en alliage l\u00e9ger noir. Le tensiom\u00e8tre an\u00e9ro\u00efde manuel Moretti a une \u00e9chelle gradu\u00e9e avec des intervalles de 2 mmHg,\",\"breadcrumb\":{\"@id\":\"https:\\\/\\\/yoestudiosalud.es\\\/produit\\\/tensiometro-aneroide-manual-moretti\\\/#breadcrumb\"},\"inLanguage\":\"fr-FR\",\"potentialAction\":[{\"@type\":\"ReadAction\",\"target\":[\"https:\\\/\\\/yoestudiosalud.es\\\/produit\\\/tensiometro-aneroide-manual-moretti\\\/\"]}]},{\"@type\":\"ImageObject\",\"inLanguage\":\"fr-FR\",\"@id\":\"https:\\\/\\\/yoestudiosalud.es\\\/produit\\\/tensiometro-aneroide-manual-moretti\\\/#primaryimage\",\"url\":\"https:\\\/\\\/yoestudiosalud.es\\\/wp-content\\\/uploads\\\/2022\\\/05\\\/003854.jpg\",\"contentUrl\":\"https:\\\/\\\/yoestudiosalud.es\\\/wp-content\\\/uploads\\\/2022\\\/05\\\/003854.jpg\",\"width\":650,\"height\":650,\"caption\":\"TENSIOM\u00c8TRE AN\u00c9RO\u00cfDEN MANUEL MORETTI\"},{\"@type\":\"BreadcrumbList\",\"@id\":\"https:\\\/\\\/yoestudiosalud.es\\\/produit\\\/tensiometro-aneroide-manual-moretti\\\/#breadcrumb\",\"itemListElement\":[{\"@type\":\"ListItem\",\"position\":1,\"name\":\"Portada\",\"item\":\"https:\\\/\\\/yoestudiosalud.es\\\/fr\\\/\"},{\"@type\":\"ListItem\",\"position\":2,\"name\":\"Boutique\",\"item\":\"https:\\\/\\\/yoestudiosalud.es\\\/fr\\\/boutique\\\/\"},{\"@type\":\"ListItem\",\"position\":3,\"name\":\"TENSIOM\u00c8TRE AN\u00c9RO\u00cfDENMANUEL MORETTI\"}]},{\"@type\":\"WebSite\",\"@id\":\"https:\\\/\\\/yoestudiosalud.es\\\/en\\\/#website\",\"url\":\"https:\\\/\\\/yoestudiosalud.es\\\/en\\\/\",\"name\":\"yoestudiosalud.es\",\"description\":\"Material para estudiantes del sector salud\",\"publisher\":{\"@id\":\"https:\\\/\\\/yoestudiosalud.es\\\/en\\\/#organization\"},\"potentialAction\":[{\"@type\":\"SearchAction\",\"target\":{\"@type\":\"EntryPoint\",\"urlTemplate\":\"https:\\\/\\\/yoestudiosalud.es\\\/en\\\/?s={search_term_string}\"},\"query-input\":{\"@type\":\"PropertyValueSpecification\",\"valueRequired\":true,\"valueName\":\"search_term_string\"}}],\"inLanguage\":\"fr-FR\"},{\"@type\":\"Organization\",\"@id\":\"https:\\\/\\\/yoestudiosalud.es\\\/en\\\/#organization\",\"name\":\"yoestudiosalud.es\",\"url\":\"https:\\\/\\\/yoestudiosalud.es\\\/en\\\/\",\"logo\":{\"@type\":\"ImageObject\",\"inLanguage\":\"fr-FR\",\"@id\":\"https:\\\/\\\/yoestudiosalud.es\\\/en\\\/#\\\/schema\\\/logo\\\/image\\\/\",\"url\":\"https:\\\/\\\/yoestudiosalud.es\\\/wp-content\\\/uploads\\\/2020\\\/04\\\/logonew-e1698080827687.png\",\"contentUrl\":\"https:\\\/\\\/yoestudiosalud.es\\\/wp-content\\\/uploads\\\/2020\\\/04\\\/logonew-e1698080827687.png\",\"width\":421,\"height\":393,\"caption\":\"yoestudiosalud.es\"},\"image\":{\"@id\":\"https:\\\/\\\/yoestudiosalud.es\\\/en\\\/#\\\/schema\\\/logo\\\/image\\\/\"}}]}<\/script>\n<!-- \/ Yoast SEO Premium plugin. -->","yoast_head_json":{"title":"TENSIOM\u00c8TRE AN\u00c9RO\u00cfDENMANUEL MORETTI - yoestudiosalud.es","description":"Tensiom\u00e8tre an\u00e9ro\u00efde manuel Moretti. Bo\u00eetier en alliage l\u00e9ger noir. Le tensiom\u00e8tre an\u00e9ro\u00efde manuel Moretti a une \u00e9chelle gradu\u00e9e avec des intervalles de 2 mmHg,","robots":{"index":"index","follow":"follow","max-snippet":"max-snippet:-1","max-image-preview":"max-image-preview:large","max-video-preview":"max-video-preview:-1"},"canonical":"https:\/\/yoestudiosalud.es\/produit\/tensiometro-aneroide-manual-moretti\/","og_locale":"fr_FR","og_type":"article","og_title":"TENSIOM\u00c8TRE AN\u00c9RO\u00cfDENMANUEL MORETTI","og_description":"Tensiom\u00e8tre an\u00e9ro\u00efde manuel Moretti. Bo\u00eetier en alliage l\u00e9ger noir. Le tensiom\u00e8tre an\u00e9ro\u00efde manuel Moretti a une \u00e9chelle gradu\u00e9e avec des intervalles de 2 mmHg,","og_url":"https:\/\/yoestudiosalud.es\/produit\/tensiometro-aneroide-manual-moretti\/","og_site_name":"yoestudiosalud.es","article_modified_time":"2025-07-02T11:22:13+00:00","og_image":[{"width":650,"height":650,"url":"https:\/\/yoestudiosalud.es\/wp-content\/uploads\/2022\/05\/003854.jpg","type":"image\/jpeg"}],"twitter_card":"summary_large_image","twitter_misc":{"Dur\u00e9e de lecture estim\u00e9e":"1 minute"},"schema":{"@context":"https:\/\/schema.org","@graph":[{"@type":"WebPage","@id":"https:\/\/yoestudiosalud.es\/produit\/tensiometro-aneroide-manual-moretti\/","url":"https:\/\/yoestudiosalud.es\/produit\/tensiometro-aneroide-manual-moretti\/","name":"TENSIOM\u00c8TRE AN\u00c9RO\u00cfDEN MANUEL MORETTI - yoestudiosalud.es","isPartOf":{"@id":"https:\/\/yoestudiosalud.es\/en\/#website"},"primaryImageOfPage":{"@id":"https:\/\/yoestudiosalud.es\/produit\/tensiometro-aneroide-manual-moretti\/#primaryimage"},"image":{"@id":"https:\/\/yoestudiosalud.es\/produit\/tensiometro-aneroide-manual-moretti\/#primaryimage"},"thumbnailUrl":"https:\/\/yoestudiosalud.es\/wp-content\/uploads\/2022\/05\/003854.jpg","datePublished":"2022-05-13T13:36:38+00:00","dateModified":"2025-07-02T11:22:13+00:00","description":"Tensiom\u00e8tre an\u00e9ro\u00efde manuel Moretti. Bo\u00eetier en alliage l\u00e9ger noir. Le tensiom\u00e8tre an\u00e9ro\u00efde manuel Moretti a une \u00e9chelle gradu\u00e9e avec des intervalles de 2 mmHg,","breadcrumb":{"@id":"https:\/\/yoestudiosalud.es\/produit\/tensiometro-aneroide-manual-moretti\/#breadcrumb"},"inLanguage":"fr-FR","potentialAction":[{"@type":"ReadAction","target":["https:\/\/yoestudiosalud.es\/produit\/tensiometro-aneroide-manual-moretti\/"]}]},{"@type":"ImageObject","inLanguage":"fr-FR","@id":"https:\/\/yoestudiosalud.es\/produit\/tensiometro-aneroide-manual-moretti\/#primaryimage","url":"https:\/\/yoestudiosalud.es\/wp-content\/uploads\/2022\/05\/003854.jpg","contentUrl":"https:\/\/yoestudiosalud.es\/wp-content\/uploads\/2022\/05\/003854.jpg","width":650,"height":650,"caption":"TENSIOM\u00c8TRE AN\u00c9RO\u00cfDEN MANUEL MORETTI"},{"@type":"BreadcrumbList","@id":"https:\/\/yoestudiosalud.es\/produit\/tensiometro-aneroide-manual-moretti\/#breadcrumb","itemListElement":[{"@type":"ListItem","position":1,"name":"Portada","item":"https:\/\/yoestudiosalud.es\/fr\/"},{"@type":"ListItem","position":2,"name":"Boutique","item":"https:\/\/yoestudiosalud.es\/fr\/boutique\/"},{"@type":"ListItem","position":3,"name":"TENSIOM\u00c8TRE AN\u00c9RO\u00cfDENMANUEL MORETTI"}]},{"@type":"WebSite","@id":"https:\/\/yoestudiosalud.es\/en\/#website","url":"https:\/\/yoestudiosalud.es\/en\/","name":"yoestudiosalud.es","description":"Material para estudiantes del sector salud","publisher":{"@id":"https:\/\/yoestudiosalud.es\/en\/#organization"},"potentialAction":[{"@type":"SearchAction","target":{"@type":"EntryPoint","urlTemplate":"https:\/\/yoestudiosalud.es\/en\/?s={search_term_string}"},"query-input":{"@type":"PropertyValueSpecification","valueRequired":true,"valueName":"search_term_string"}}],"inLanguage":"fr-FR"},{"@type":"Organization","@id":"https:\/\/yoestudiosalud.es\/en\/#organization","name":"yoestudiosalud.es","url":"https:\/\/yoestudiosalud.es\/en\/","logo":{"@type":"ImageObject","inLanguage":"fr-FR","@id":"https:\/\/yoestudiosalud.es\/en\/#\/schema\/logo\/image\/","url":"https:\/\/yoestudiosalud.es\/wp-content\/uploads\/2020\/04\/logonew-e1698080827687.png","contentUrl":"https:\/\/yoestudiosalud.es\/wp-content\/uploads\/2020\/04\/logonew-e1698080827687.png","width":421,"height":393,"caption":"yoestudiosalud.es"},"image":{"@id":"https:\/\/yoestudiosalud.es\/en\/#\/schema\/logo\/image\/"}}]}},"_links":{"self":[{"href":"https:\/\/yoestudiosalud.es\/fr\/wp-json\/wp\/v2\/product\/32278","targetHints":{"allow":["GET"]}}],"collection":[{"href":"https:\/\/yoestudiosalud.es\/fr\/wp-json\/wp\/v2\/product"}],"about":[{"href":"https:\/\/yoestudiosalud.es\/fr\/wp-json\/wp\/v2\/types\/product"}],"wp:featuredmedia":[{"embeddable":true,"href":"https:\/\/yoestudiosalud.es\/fr\/wp-json\/wp\/v2\/media\/32279"}],"wp:attachment":[{"href":"https:\/\/yoestudiosalud.es\/fr\/wp-json\/wp\/v2\/media?parent=32278"}],"wp:term":[{"taxonomy":"product_brand","embeddable":true,"href":"https:\/\/yoestudiosalud.es\/fr\/wp-json\/wp\/v2\/product_brand?post=32278"},{"taxonomy":"product_cat","embeddable":true,"href":"https:\/\/yoestudiosalud.es\/fr\/wp-json\/wp\/v2\/product_cat?post=32278"},{"taxonomy":"product_tag","embeddable":true,"href":"https:\/\/yoestudiosalud.es\/fr\/wp-json\/wp\/v2\/product_tag?post=32278"}],"curies":[{"name":"wp","href":"https:\/\/api.w.org\/{rel}","templated":true}]}}