{"id":32274,"date":"2022-05-24T15:18:02","date_gmt":"2022-05-24T15:18:02","guid":{"rendered":"https:\/\/yoestudiosalud.es\/producto\/hojas-de-bisturi-15x5u\/"},"modified":"2025-07-02T14:13:34","modified_gmt":"2025-07-02T12:13:34","slug":"hojas-de-bisturi-15x5u","status":"publish","type":"product","link":"https:\/\/yoestudiosalud.es\/fr\/produit\/hojas-de-bisturi-15x5u\/","title":{"rendered":"LAMES DE BISTOURI #15x5U"},"content":{"rendered":"<p>Les lames de bistouri chirurgical #15x5u sont fabriqu\u00e9es en acier au carbone et emball\u00e9es individuellement. La forme et la taille de la lame de bistouri chirurgical d\u00e9pendent de l&#8217;utilisation et du site anatomique o\u00f9 elle doit \u00eatre utilis\u00e9e. Elles ont une rainure sp\u00e9cifique au centre afin de s&#8217;adapter parfaitement au manche. Leur num\u00e9rotation est d\u00e9termin\u00e9e par la forme de la lame.<\/p>\n<p>Les lames de bistouri, \u00e9galement appel\u00e9es scalpel ou couteau de chirurgien, ont un tranchant extraordinaire qui les rend id\u00e9ales pour des incisions pr\u00e9cises, courtes et propres.<\/p>\n<p>Les lames de bistouri #15 sont disponibles en paquet de 5, id\u00e9ales pour la pratique des \u00e9tudiants et s&#8217;adaptent aux manches 3, 3L, 5B, 7, 9, B3 et B3L.<\/p>\n","protected":false},"excerpt":{"rendered":"<p>Les lames de bistouri chirurgical #15x5u sont fabriqu\u00e9es en acier au carbone et emball\u00e9es individuellement.<\/p>\n","protected":false},"featured_media":32275,"template":"","meta":[],"product_brand":[],"product_cat":[719,720,722,681,710,718],"product_tag":[732,759,907],"class_list":{"0":"post-32274","1":"product","2":"type-product","3":"status-publish","4":"has-post-thumbnail","6":"product_cat-veterinaire-fr","7":"product_cat-instrumentalv-fr","8":"product_cat-instrumentalm-fr","9":"product_cat-chirurgie-fr","10":"product_cat-odontologie-fr","11":"product_cat-medicine-fr","12":"product_tag-ucv4","13":"product_tag-egasmoniz1-fr","14":"product_tag-ceusp4-fr","15":"pa_formacion-veterinaria-fr","16":"pa_formacion-medicina-fr","17":"pa_formacion-odontologia-fr","18":"pa_universidades-egas-moniz-fr","20":"first","21":"onbackorder","22":"sale","23":"taxable","24":"shipping-taxable","25":"purchasable","26":"product-type-simple"},"yoast_head":"<!-- This site is optimized with the Yoast SEO Premium plugin v27.0 (Yoast SEO v27.4) - https:\/\/yoast.com\/product\/yoast-seo-premium-wordpress\/ -->\n<title>LAMES DE BISTOURI #15x5U - yoestudiosalud.es Tienda del Estudiante<\/title>\n<meta name=\"description\" content=\"Les lames de bistouri chirurgical #15x5u sont fabriqu\u00e9es en acier au carbone et emball\u00e9es individuellement.\" \/>\n<meta name=\"robots\" content=\"index, follow, max-snippet:-1, max-image-preview:large, max-video-preview:-1\" \/>\n<link rel=\"canonical\" href=\"https:\/\/yoestudiosalud.es\/produit\/hojas-de-bisturi-15x5u\/\" \/>\n<meta property=\"og:locale\" content=\"fr_FR\" \/>\n<meta property=\"og:type\" content=\"article\" \/>\n<meta property=\"og:title\" content=\"LAMES DE BISTOURI #15x5U\" \/>\n<meta property=\"og:description\" content=\"Les lames de bistouri chirurgical #15x5u sont fabriqu\u00e9es en acier au carbone et emball\u00e9es individuellement.\" \/>\n<meta property=\"og:url\" content=\"https:\/\/yoestudiosalud.es\/produit\/hojas-de-bisturi-15x5u\/\" \/>\n<meta property=\"og:site_name\" content=\"yoestudiosalud.es\" \/>\n<meta property=\"article:modified_time\" content=\"2025-07-02T12:13:34+00:00\" \/>\n<meta property=\"og:image\" content=\"https:\/\/yoestudiosalud.es\/wp-content\/uploads\/2022\/05\/001661B.jpg\" \/>\n\t<meta property=\"og:image:width\" content=\"650\" \/>\n\t<meta property=\"og:image:height\" content=\"650\" \/>\n\t<meta property=\"og:image:type\" content=\"image\/jpeg\" \/>\n<meta name=\"twitter:card\" content=\"summary_large_image\" \/>\n<meta name=\"twitter:label1\" content=\"Dur\u00e9e de lecture estim\u00e9e\" \/>\n\t<meta name=\"twitter:data1\" content=\"1 minute\" \/>\n<script type=\"application\/ld+json\" class=\"yoast-schema-graph\">{\"@context\":\"https:\\\/\\\/schema.org\",\"@graph\":[{\"@type\":\"WebPage\",\"@id\":\"https:\\\/\\\/yoestudiosalud.es\\\/produit\\\/hojas-de-bisturi-15x5u\\\/\",\"url\":\"https:\\\/\\\/yoestudiosalud.es\\\/produit\\\/hojas-de-bisturi-15x5u\\\/\",\"name\":\"LAMES DE BISTOURI #15x5U - yoestudiosalud.es Tienda del Estudiante\",\"isPartOf\":{\"@id\":\"https:\\\/\\\/yoestudiosalud.es\\\/en\\\/#website\"},\"primaryImageOfPage\":{\"@id\":\"https:\\\/\\\/yoestudiosalud.es\\\/produit\\\/hojas-de-bisturi-15x5u\\\/#primaryimage\"},\"image\":{\"@id\":\"https:\\\/\\\/yoestudiosalud.es\\\/produit\\\/hojas-de-bisturi-15x5u\\\/#primaryimage\"},\"thumbnailUrl\":\"https:\\\/\\\/yoestudiosalud.es\\\/wp-content\\\/uploads\\\/2022\\\/05\\\/001661B.jpg\",\"datePublished\":\"2022-05-24T15:18:02+00:00\",\"dateModified\":\"2025-07-02T12:13:34+00:00\",\"description\":\"Les lames de bistouri chirurgical #15x5u sont fabriqu\u00e9es en acier au carbone et emball\u00e9es individuellement.\",\"breadcrumb\":{\"@id\":\"https:\\\/\\\/yoestudiosalud.es\\\/produit\\\/hojas-de-bisturi-15x5u\\\/#breadcrumb\"},\"inLanguage\":\"fr-FR\",\"potentialAction\":[{\"@type\":\"ReadAction\",\"target\":[\"https:\\\/\\\/yoestudiosalud.es\\\/produit\\\/hojas-de-bisturi-15x5u\\\/\"]}]},{\"@type\":\"ImageObject\",\"inLanguage\":\"fr-FR\",\"@id\":\"https:\\\/\\\/yoestudiosalud.es\\\/produit\\\/hojas-de-bisturi-15x5u\\\/#primaryimage\",\"url\":\"https:\\\/\\\/yoestudiosalud.es\\\/wp-content\\\/uploads\\\/2022\\\/05\\\/001661B.jpg\",\"contentUrl\":\"https:\\\/\\\/yoestudiosalud.es\\\/wp-content\\\/uploads\\\/2022\\\/05\\\/001661B.jpg\",\"width\":650,\"height\":650,\"caption\":\"LAMES DE BISTOURI #15x5U\"},{\"@type\":\"BreadcrumbList\",\"@id\":\"https:\\\/\\\/yoestudiosalud.es\\\/produit\\\/hojas-de-bisturi-15x5u\\\/#breadcrumb\",\"itemListElement\":[{\"@type\":\"ListItem\",\"position\":1,\"name\":\"Portada\",\"item\":\"https:\\\/\\\/yoestudiosalud.es\\\/fr\\\/\"},{\"@type\":\"ListItem\",\"position\":2,\"name\":\"Boutique\",\"item\":\"https:\\\/\\\/yoestudiosalud.es\\\/fr\\\/boutique\\\/\"},{\"@type\":\"ListItem\",\"position\":3,\"name\":\"LAMES DE BISTOURI #15x5U\"}]},{\"@type\":\"WebSite\",\"@id\":\"https:\\\/\\\/yoestudiosalud.es\\\/en\\\/#website\",\"url\":\"https:\\\/\\\/yoestudiosalud.es\\\/en\\\/\",\"name\":\"yoestudiosalud.es\",\"description\":\"Material para estudiantes del sector salud\",\"publisher\":{\"@id\":\"https:\\\/\\\/yoestudiosalud.es\\\/en\\\/#organization\"},\"potentialAction\":[{\"@type\":\"SearchAction\",\"target\":{\"@type\":\"EntryPoint\",\"urlTemplate\":\"https:\\\/\\\/yoestudiosalud.es\\\/en\\\/?s={search_term_string}\"},\"query-input\":{\"@type\":\"PropertyValueSpecification\",\"valueRequired\":true,\"valueName\":\"search_term_string\"}}],\"inLanguage\":\"fr-FR\"},{\"@type\":\"Organization\",\"@id\":\"https:\\\/\\\/yoestudiosalud.es\\\/en\\\/#organization\",\"name\":\"yoestudiosalud.es\",\"url\":\"https:\\\/\\\/yoestudiosalud.es\\\/en\\\/\",\"logo\":{\"@type\":\"ImageObject\",\"inLanguage\":\"fr-FR\",\"@id\":\"https:\\\/\\\/yoestudiosalud.es\\\/en\\\/#\\\/schema\\\/logo\\\/image\\\/\",\"url\":\"https:\\\/\\\/yoestudiosalud.es\\\/wp-content\\\/uploads\\\/2020\\\/04\\\/logonew-e1698080827687.png\",\"contentUrl\":\"https:\\\/\\\/yoestudiosalud.es\\\/wp-content\\\/uploads\\\/2020\\\/04\\\/logonew-e1698080827687.png\",\"width\":421,\"height\":393,\"caption\":\"yoestudiosalud.es\"},\"image\":{\"@id\":\"https:\\\/\\\/yoestudiosalud.es\\\/en\\\/#\\\/schema\\\/logo\\\/image\\\/\"}}]}<\/script>\n<!-- \/ Yoast SEO Premium plugin. -->","yoast_head_json":{"title":"LAMES DE BISTOURI #15x5U - yoestudiosalud.es Tienda del Estudiante","description":"Les lames de bistouri chirurgical #15x5u sont fabriqu\u00e9es en acier au carbone et emball\u00e9es individuellement.","robots":{"index":"index","follow":"follow","max-snippet":"max-snippet:-1","max-image-preview":"max-image-preview:large","max-video-preview":"max-video-preview:-1"},"canonical":"https:\/\/yoestudiosalud.es\/produit\/hojas-de-bisturi-15x5u\/","og_locale":"fr_FR","og_type":"article","og_title":"LAMES DE BISTOURI #15x5U","og_description":"Les lames de bistouri chirurgical #15x5u sont fabriqu\u00e9es en acier au carbone et emball\u00e9es individuellement.","og_url":"https:\/\/yoestudiosalud.es\/produit\/hojas-de-bisturi-15x5u\/","og_site_name":"yoestudiosalud.es","article_modified_time":"2025-07-02T12:13:34+00:00","og_image":[{"width":650,"height":650,"url":"https:\/\/yoestudiosalud.es\/wp-content\/uploads\/2022\/05\/001661B.jpg","type":"image\/jpeg"}],"twitter_card":"summary_large_image","twitter_misc":{"Dur\u00e9e de lecture estim\u00e9e":"1 minute"},"schema":{"@context":"https:\/\/schema.org","@graph":[{"@type":"WebPage","@id":"https:\/\/yoestudiosalud.es\/produit\/hojas-de-bisturi-15x5u\/","url":"https:\/\/yoestudiosalud.es\/produit\/hojas-de-bisturi-15x5u\/","name":"LAMES DE BISTOURI #15x5U - yoestudiosalud.es Tienda del Estudiante","isPartOf":{"@id":"https:\/\/yoestudiosalud.es\/en\/#website"},"primaryImageOfPage":{"@id":"https:\/\/yoestudiosalud.es\/produit\/hojas-de-bisturi-15x5u\/#primaryimage"},"image":{"@id":"https:\/\/yoestudiosalud.es\/produit\/hojas-de-bisturi-15x5u\/#primaryimage"},"thumbnailUrl":"https:\/\/yoestudiosalud.es\/wp-content\/uploads\/2022\/05\/001661B.jpg","datePublished":"2022-05-24T15:18:02+00:00","dateModified":"2025-07-02T12:13:34+00:00","description":"Les lames de bistouri chirurgical #15x5u sont fabriqu\u00e9es en acier au carbone et emball\u00e9es individuellement.","breadcrumb":{"@id":"https:\/\/yoestudiosalud.es\/produit\/hojas-de-bisturi-15x5u\/#breadcrumb"},"inLanguage":"fr-FR","potentialAction":[{"@type":"ReadAction","target":["https:\/\/yoestudiosalud.es\/produit\/hojas-de-bisturi-15x5u\/"]}]},{"@type":"ImageObject","inLanguage":"fr-FR","@id":"https:\/\/yoestudiosalud.es\/produit\/hojas-de-bisturi-15x5u\/#primaryimage","url":"https:\/\/yoestudiosalud.es\/wp-content\/uploads\/2022\/05\/001661B.jpg","contentUrl":"https:\/\/yoestudiosalud.es\/wp-content\/uploads\/2022\/05\/001661B.jpg","width":650,"height":650,"caption":"LAMES DE BISTOURI #15x5U"},{"@type":"BreadcrumbList","@id":"https:\/\/yoestudiosalud.es\/produit\/hojas-de-bisturi-15x5u\/#breadcrumb","itemListElement":[{"@type":"ListItem","position":1,"name":"Portada","item":"https:\/\/yoestudiosalud.es\/fr\/"},{"@type":"ListItem","position":2,"name":"Boutique","item":"https:\/\/yoestudiosalud.es\/fr\/boutique\/"},{"@type":"ListItem","position":3,"name":"LAMES DE BISTOURI #15x5U"}]},{"@type":"WebSite","@id":"https:\/\/yoestudiosalud.es\/en\/#website","url":"https:\/\/yoestudiosalud.es\/en\/","name":"yoestudiosalud.es","description":"Material para estudiantes del sector salud","publisher":{"@id":"https:\/\/yoestudiosalud.es\/en\/#organization"},"potentialAction":[{"@type":"SearchAction","target":{"@type":"EntryPoint","urlTemplate":"https:\/\/yoestudiosalud.es\/en\/?s={search_term_string}"},"query-input":{"@type":"PropertyValueSpecification","valueRequired":true,"valueName":"search_term_string"}}],"inLanguage":"fr-FR"},{"@type":"Organization","@id":"https:\/\/yoestudiosalud.es\/en\/#organization","name":"yoestudiosalud.es","url":"https:\/\/yoestudiosalud.es\/en\/","logo":{"@type":"ImageObject","inLanguage":"fr-FR","@id":"https:\/\/yoestudiosalud.es\/en\/#\/schema\/logo\/image\/","url":"https:\/\/yoestudiosalud.es\/wp-content\/uploads\/2020\/04\/logonew-e1698080827687.png","contentUrl":"https:\/\/yoestudiosalud.es\/wp-content\/uploads\/2020\/04\/logonew-e1698080827687.png","width":421,"height":393,"caption":"yoestudiosalud.es"},"image":{"@id":"https:\/\/yoestudiosalud.es\/en\/#\/schema\/logo\/image\/"}}]}},"_links":{"self":[{"href":"https:\/\/yoestudiosalud.es\/fr\/wp-json\/wp\/v2\/product\/32274","targetHints":{"allow":["GET"]}}],"collection":[{"href":"https:\/\/yoestudiosalud.es\/fr\/wp-json\/wp\/v2\/product"}],"about":[{"href":"https:\/\/yoestudiosalud.es\/fr\/wp-json\/wp\/v2\/types\/product"}],"wp:featuredmedia":[{"embeddable":true,"href":"https:\/\/yoestudiosalud.es\/fr\/wp-json\/wp\/v2\/media\/32275"}],"wp:attachment":[{"href":"https:\/\/yoestudiosalud.es\/fr\/wp-json\/wp\/v2\/media?parent=32274"}],"wp:term":[{"taxonomy":"product_brand","embeddable":true,"href":"https:\/\/yoestudiosalud.es\/fr\/wp-json\/wp\/v2\/product_brand?post=32274"},{"taxonomy":"product_cat","embeddable":true,"href":"https:\/\/yoestudiosalud.es\/fr\/wp-json\/wp\/v2\/product_cat?post=32274"},{"taxonomy":"product_tag","embeddable":true,"href":"https:\/\/yoestudiosalud.es\/fr\/wp-json\/wp\/v2\/product_tag?post=32274"}],"curies":[{"name":"wp","href":"https:\/\/api.w.org\/{rel}","templated":true}]}}