{"id":32272,"date":"2022-05-24T16:53:04","date_gmt":"2022-05-24T16:53:04","guid":{"rendered":"https:\/\/yoestudiosalud.es\/producto\/estuche-para-fonendo-classic\/"},"modified":"2025-06-17T20:15:59","modified_gmt":"2025-06-17T18:15:59","slug":"estuche-para-fonendo-classic","status":"publish","type":"product","link":"https:\/\/yoestudiosalud.es\/fr\/produit\/estuche-para-fonendo-classic\/","title":{"rendered":"\u00c9TUI POUR ST\u00c9THOSCOPE CLASSIC"},"content":{"rendered":"<p>L\u2019\u00e9tui pour st\u00e9thoscope Classic est un \u00e9tui l\u00e9ger et r\u00e9sistant, con\u00e7u pour prot\u00e9ger le st\u00e9thoscope et le ranger en fin de journ\u00e9e, lors de d\u00e9placements, de voyages, etc.<\/p>\n<p>Il est fabriqu\u00e9 avec une coque ext\u00e9rieure en nylon noir r\u00e9sistant et comporte \u00e0 l\u2019int\u00e9rieur un moule pr\u00e9form\u00e9 qui maintient le st\u00e9thoscope en place et bien prot\u00e9g\u00e9. Il dispose \u00e9galement d\u2019une poche int\u00e9rieure en maille pour ranger d\u2019autres instruments d\u2019examen. Fermeture \u00e9clair avec tirettes en caoutchouc.<\/p>\n<p>&nbsp;<\/p>\n<p>&nbsp;<\/p>\n","protected":false},"excerpt":{"rendered":"<p>L\u2019\u00e9tui pour st\u00e9thoscope Classic est un \u00e9tui l\u00e9ger et r\u00e9sistant, qui permet de prot\u00e9ger le st\u00e9thoscope et de le ranger \u00e0 la fin de la journ\u00e9e, lors des d\u00e9placements, voyages, etc.<\/p>\n<p>Il est fabriqu\u00e9 avec une coque ext\u00e9rieure en nylon noir r\u00e9sistant et dispose \u00e0 l\u2019int\u00e9rieur d\u2019un moule pr\u00e9form\u00e9 qui maintient le st\u00e9thoscope fixe et prot\u00e9g\u00e9. Il comprend \u00e9galement une poche int\u00e9rieure en filet pour ranger d\u2019autres mat\u00e9riels d\u2019exploration. Fermeture \u00e9clair avec tirettes en caoutchouc.<\/p>\n<p>Ses dimensions sont id\u00e9ales pour contenir votre st\u00e9thoscope, mesures : 28 cm x 16 cm x 4,5 cm.<\/p>\n","protected":false},"featured_media":32273,"template":"","meta":[],"product_brand":[],"product_cat":[723,718,719,721],"product_tag":[],"class_list":{"0":"post-32272","1":"product","2":"type-product","3":"status-publish","4":"has-post-thumbnail","6":"product_cat-equipmentm-fr","7":"product_cat-medicine-fr","8":"product_cat-veterinaire-fr","9":"product_cat-diagnosticv-fr","10":"pa_formacion-veterinaria-fr","11":"pa_formacion-medicina-fr","13":"first","14":"instock","15":"taxable","16":"shipping-taxable","17":"purchasable","18":"product-type-simple"},"yoast_head":"<!-- This site is optimized with the Yoast SEO Premium plugin v27.0 (Yoast SEO v27.4) - https:\/\/yoast.com\/product\/yoast-seo-premium-wordpress\/ -->\n<title>\u00c9TUI POUR ST\u00c9THOSCOPE CLASSIC - yoestudiosalud.es<\/title>\n<meta name=\"description\" content=\"El estuche para fonendo classic es de utilidad para proteger tu equipo diagn\u00f3stico m\u00e1s importante, tu fonendo! C\u00f3mpralo online.\" \/>\n<meta name=\"robots\" content=\"index, follow, max-snippet:-1, max-image-preview:large, max-video-preview:-1\" \/>\n<link rel=\"canonical\" href=\"https:\/\/yoestudiosalud.es\/fr\/produit\/estuche-para-fonendo-classic\/\" \/>\n<meta property=\"og:locale\" content=\"fr_FR\" \/>\n<meta property=\"og:type\" content=\"article\" \/>\n<meta property=\"og:title\" content=\"\u00c9TUI POUR ST\u00c9THOSCOPE CLASSIC\" \/>\n<meta property=\"og:description\" content=\"El estuche para fonendo classic es de utilidad para proteger tu equipo diagn\u00f3stico m\u00e1s importante, tu fonendo! C\u00f3mpralo online.\" \/>\n<meta property=\"og:url\" content=\"https:\/\/yoestudiosalud.es\/fr\/produit\/estuche-para-fonendo-classic\/\" \/>\n<meta property=\"og:site_name\" content=\"yoestudiosalud.es\" \/>\n<meta property=\"article:modified_time\" content=\"2025-06-17T18:15:59+00:00\" \/>\n<meta property=\"og:image\" content=\"https:\/\/yoestudiosalud.es\/wp-content\/uploads\/2022\/05\/003215.jpg\" \/>\n\t<meta property=\"og:image:width\" content=\"650\" \/>\n\t<meta property=\"og:image:height\" content=\"650\" \/>\n\t<meta property=\"og:image:type\" content=\"image\/jpeg\" \/>\n<meta name=\"twitter:card\" content=\"summary_large_image\" \/>\n<script type=\"application\/ld+json\" class=\"yoast-schema-graph\">{\"@context\":\"https:\\\/\\\/schema.org\",\"@graph\":[{\"@type\":\"WebPage\",\"@id\":\"https:\\\/\\\/yoestudiosalud.es\\\/fr\\\/produit\\\/estuche-para-fonendo-classic\\\/\",\"url\":\"https:\\\/\\\/yoestudiosalud.es\\\/fr\\\/produit\\\/estuche-para-fonendo-classic\\\/\",\"name\":\"\u00c9TUI POUR ST\u00c9THOSCOPE CLASSIC - yoestudiosalud.es\",\"isPartOf\":{\"@id\":\"https:\\\/\\\/yoestudiosalud.es\\\/en\\\/#website\"},\"primaryImageOfPage\":{\"@id\":\"https:\\\/\\\/yoestudiosalud.es\\\/fr\\\/produit\\\/estuche-para-fonendo-classic\\\/#primaryimage\"},\"image\":{\"@id\":\"https:\\\/\\\/yoestudiosalud.es\\\/fr\\\/produit\\\/estuche-para-fonendo-classic\\\/#primaryimage\"},\"thumbnailUrl\":\"https:\\\/\\\/yoestudiosalud.es\\\/wp-content\\\/uploads\\\/2022\\\/05\\\/003215.jpg\",\"datePublished\":\"2022-05-24T16:53:04+00:00\",\"dateModified\":\"2025-06-17T18:15:59+00:00\",\"description\":\"El estuche para fonendo classic es de utilidad para proteger tu equipo diagn\u00f3stico m\u00e1s importante, tu fonendo! C\u00f3mpralo online.\",\"breadcrumb\":{\"@id\":\"https:\\\/\\\/yoestudiosalud.es\\\/fr\\\/produit\\\/estuche-para-fonendo-classic\\\/#breadcrumb\"},\"inLanguage\":\"fr-FR\",\"potentialAction\":[{\"@type\":\"ReadAction\",\"target\":[\"https:\\\/\\\/yoestudiosalud.es\\\/fr\\\/produit\\\/estuche-para-fonendo-classic\\\/\"]}]},{\"@type\":\"ImageObject\",\"inLanguage\":\"fr-FR\",\"@id\":\"https:\\\/\\\/yoestudiosalud.es\\\/fr\\\/produit\\\/estuche-para-fonendo-classic\\\/#primaryimage\",\"url\":\"https:\\\/\\\/yoestudiosalud.es\\\/wp-content\\\/uploads\\\/2022\\\/05\\\/003215.jpg\",\"contentUrl\":\"https:\\\/\\\/yoestudiosalud.es\\\/wp-content\\\/uploads\\\/2022\\\/05\\\/003215.jpg\",\"width\":650,\"height\":650,\"caption\":\"ESTUCHE PARA FONENDO CLASSIC\"},{\"@type\":\"BreadcrumbList\",\"@id\":\"https:\\\/\\\/yoestudiosalud.es\\\/fr\\\/produit\\\/estuche-para-fonendo-classic\\\/#breadcrumb\",\"itemListElement\":[{\"@type\":\"ListItem\",\"position\":1,\"name\":\"Portada\",\"item\":\"https:\\\/\\\/yoestudiosalud.es\\\/fr\\\/\"},{\"@type\":\"ListItem\",\"position\":2,\"name\":\"Boutique\",\"item\":\"https:\\\/\\\/yoestudiosalud.es\\\/fr\\\/boutique\\\/\"},{\"@type\":\"ListItem\",\"position\":3,\"name\":\"\u00c9TUI POUR ST\u00c9THOSCOPE CLASSIC\"}]},{\"@type\":\"WebSite\",\"@id\":\"https:\\\/\\\/yoestudiosalud.es\\\/en\\\/#website\",\"url\":\"https:\\\/\\\/yoestudiosalud.es\\\/en\\\/\",\"name\":\"yoestudiosalud.es\",\"description\":\"Material para estudiantes del sector salud\",\"publisher\":{\"@id\":\"https:\\\/\\\/yoestudiosalud.es\\\/en\\\/#organization\"},\"potentialAction\":[{\"@type\":\"SearchAction\",\"target\":{\"@type\":\"EntryPoint\",\"urlTemplate\":\"https:\\\/\\\/yoestudiosalud.es\\\/en\\\/?s={search_term_string}\"},\"query-input\":{\"@type\":\"PropertyValueSpecification\",\"valueRequired\":true,\"valueName\":\"search_term_string\"}}],\"inLanguage\":\"fr-FR\"},{\"@type\":\"Organization\",\"@id\":\"https:\\\/\\\/yoestudiosalud.es\\\/en\\\/#organization\",\"name\":\"yoestudiosalud.es\",\"url\":\"https:\\\/\\\/yoestudiosalud.es\\\/en\\\/\",\"logo\":{\"@type\":\"ImageObject\",\"inLanguage\":\"fr-FR\",\"@id\":\"https:\\\/\\\/yoestudiosalud.es\\\/en\\\/#\\\/schema\\\/logo\\\/image\\\/\",\"url\":\"https:\\\/\\\/yoestudiosalud.es\\\/wp-content\\\/uploads\\\/2020\\\/04\\\/logonew-e1698080827687.png\",\"contentUrl\":\"https:\\\/\\\/yoestudiosalud.es\\\/wp-content\\\/uploads\\\/2020\\\/04\\\/logonew-e1698080827687.png\",\"width\":421,\"height\":393,\"caption\":\"yoestudiosalud.es\"},\"image\":{\"@id\":\"https:\\\/\\\/yoestudiosalud.es\\\/en\\\/#\\\/schema\\\/logo\\\/image\\\/\"}}]}<\/script>\n<!-- \/ Yoast SEO Premium plugin. -->","yoast_head_json":{"title":"\u00c9TUI POUR ST\u00c9THOSCOPE CLASSIC - yoestudiosalud.es","description":"El estuche para fonendo classic es de utilidad para proteger tu equipo diagn\u00f3stico m\u00e1s importante, tu fonendo! C\u00f3mpralo online.","robots":{"index":"index","follow":"follow","max-snippet":"max-snippet:-1","max-image-preview":"max-image-preview:large","max-video-preview":"max-video-preview:-1"},"canonical":"https:\/\/yoestudiosalud.es\/fr\/produit\/estuche-para-fonendo-classic\/","og_locale":"fr_FR","og_type":"article","og_title":"\u00c9TUI POUR ST\u00c9THOSCOPE CLASSIC","og_description":"El estuche para fonendo classic es de utilidad para proteger tu equipo diagn\u00f3stico m\u00e1s importante, tu fonendo! C\u00f3mpralo online.","og_url":"https:\/\/yoestudiosalud.es\/fr\/produit\/estuche-para-fonendo-classic\/","og_site_name":"yoestudiosalud.es","article_modified_time":"2025-06-17T18:15:59+00:00","og_image":[{"width":650,"height":650,"url":"https:\/\/yoestudiosalud.es\/wp-content\/uploads\/2022\/05\/003215.jpg","type":"image\/jpeg"}],"twitter_card":"summary_large_image","schema":{"@context":"https:\/\/schema.org","@graph":[{"@type":"WebPage","@id":"https:\/\/yoestudiosalud.es\/fr\/produit\/estuche-para-fonendo-classic\/","url":"https:\/\/yoestudiosalud.es\/fr\/produit\/estuche-para-fonendo-classic\/","name":"\u00c9TUI POUR ST\u00c9THOSCOPE CLASSIC - yoestudiosalud.es","isPartOf":{"@id":"https:\/\/yoestudiosalud.es\/en\/#website"},"primaryImageOfPage":{"@id":"https:\/\/yoestudiosalud.es\/fr\/produit\/estuche-para-fonendo-classic\/#primaryimage"},"image":{"@id":"https:\/\/yoestudiosalud.es\/fr\/produit\/estuche-para-fonendo-classic\/#primaryimage"},"thumbnailUrl":"https:\/\/yoestudiosalud.es\/wp-content\/uploads\/2022\/05\/003215.jpg","datePublished":"2022-05-24T16:53:04+00:00","dateModified":"2025-06-17T18:15:59+00:00","description":"El estuche para fonendo classic es de utilidad para proteger tu equipo diagn\u00f3stico m\u00e1s importante, tu fonendo! C\u00f3mpralo online.","breadcrumb":{"@id":"https:\/\/yoestudiosalud.es\/fr\/produit\/estuche-para-fonendo-classic\/#breadcrumb"},"inLanguage":"fr-FR","potentialAction":[{"@type":"ReadAction","target":["https:\/\/yoestudiosalud.es\/fr\/produit\/estuche-para-fonendo-classic\/"]}]},{"@type":"ImageObject","inLanguage":"fr-FR","@id":"https:\/\/yoestudiosalud.es\/fr\/produit\/estuche-para-fonendo-classic\/#primaryimage","url":"https:\/\/yoestudiosalud.es\/wp-content\/uploads\/2022\/05\/003215.jpg","contentUrl":"https:\/\/yoestudiosalud.es\/wp-content\/uploads\/2022\/05\/003215.jpg","width":650,"height":650,"caption":"ESTUCHE PARA FONENDO CLASSIC"},{"@type":"BreadcrumbList","@id":"https:\/\/yoestudiosalud.es\/fr\/produit\/estuche-para-fonendo-classic\/#breadcrumb","itemListElement":[{"@type":"ListItem","position":1,"name":"Portada","item":"https:\/\/yoestudiosalud.es\/fr\/"},{"@type":"ListItem","position":2,"name":"Boutique","item":"https:\/\/yoestudiosalud.es\/fr\/boutique\/"},{"@type":"ListItem","position":3,"name":"\u00c9TUI POUR ST\u00c9THOSCOPE CLASSIC"}]},{"@type":"WebSite","@id":"https:\/\/yoestudiosalud.es\/en\/#website","url":"https:\/\/yoestudiosalud.es\/en\/","name":"yoestudiosalud.es","description":"Material para estudiantes del sector salud","publisher":{"@id":"https:\/\/yoestudiosalud.es\/en\/#organization"},"potentialAction":[{"@type":"SearchAction","target":{"@type":"EntryPoint","urlTemplate":"https:\/\/yoestudiosalud.es\/en\/?s={search_term_string}"},"query-input":{"@type":"PropertyValueSpecification","valueRequired":true,"valueName":"search_term_string"}}],"inLanguage":"fr-FR"},{"@type":"Organization","@id":"https:\/\/yoestudiosalud.es\/en\/#organization","name":"yoestudiosalud.es","url":"https:\/\/yoestudiosalud.es\/en\/","logo":{"@type":"ImageObject","inLanguage":"fr-FR","@id":"https:\/\/yoestudiosalud.es\/en\/#\/schema\/logo\/image\/","url":"https:\/\/yoestudiosalud.es\/wp-content\/uploads\/2020\/04\/logonew-e1698080827687.png","contentUrl":"https:\/\/yoestudiosalud.es\/wp-content\/uploads\/2020\/04\/logonew-e1698080827687.png","width":421,"height":393,"caption":"yoestudiosalud.es"},"image":{"@id":"https:\/\/yoestudiosalud.es\/en\/#\/schema\/logo\/image\/"}}]}},"_links":{"self":[{"href":"https:\/\/yoestudiosalud.es\/fr\/wp-json\/wp\/v2\/product\/32272","targetHints":{"allow":["GET"]}}],"collection":[{"href":"https:\/\/yoestudiosalud.es\/fr\/wp-json\/wp\/v2\/product"}],"about":[{"href":"https:\/\/yoestudiosalud.es\/fr\/wp-json\/wp\/v2\/types\/product"}],"wp:featuredmedia":[{"embeddable":true,"href":"https:\/\/yoestudiosalud.es\/fr\/wp-json\/wp\/v2\/media\/32273"}],"wp:attachment":[{"href":"https:\/\/yoestudiosalud.es\/fr\/wp-json\/wp\/v2\/media?parent=32272"}],"wp:term":[{"taxonomy":"product_brand","embeddable":true,"href":"https:\/\/yoestudiosalud.es\/fr\/wp-json\/wp\/v2\/product_brand?post=32272"},{"taxonomy":"product_cat","embeddable":true,"href":"https:\/\/yoestudiosalud.es\/fr\/wp-json\/wp\/v2\/product_cat?post=32272"},{"taxonomy":"product_tag","embeddable":true,"href":"https:\/\/yoestudiosalud.es\/fr\/wp-json\/wp\/v2\/product_tag?post=32272"}],"curies":[{"name":"wp","href":"https:\/\/api.w.org\/{rel}","templated":true}]}}