{"id":32266,"date":"2022-06-08T10:35:28","date_gmt":"2022-06-08T10:35:28","guid":{"rendered":"https:\/\/yoestudiosalud.es\/producto\/radiografias-manuales\/"},"modified":"2025-07-02T14:25:18","modified_gmt":"2025-07-02T12:25:18","slug":"radiografias-manuales","status":"publish","type":"product","link":"https:\/\/yoestudiosalud.es\/fr\/produit\/radiografias-manuales\/","title":{"rendered":"FILM DE RADIODIAGNOSTIC MANUEL"},"content":{"rendered":"<p>Film de radiodiagnostic manuel \u00e0 rayons X, recto-verso, sans film, \u00e0 haute sensibilit\u00e9 (classe ISO E), \u00e0 contraste \u00e9lev\u00e9 et \u00e0 faible granularit\u00e9. Le film se caract\u00e9rise par une qualit\u00e9 d&#8217;image \u00e9lev\u00e9e et une excellente discernabilit\u00e9. Ce film est destin\u00e9 au diagnostic dentaire pour les examens intra-oraux. Contient 10 plaques n\u00b0 2 (30,5 x 40,5 mm).<\/p>\n<p>&nbsp;<\/p>\n","protected":false},"excerpt":{"rendered":"<p>Film de radiodiagnostic manuel \u00e0 rayons X, recto-verso, sans film, \u00e0 haute sensibilit\u00e9 (classe ISO E) Contient 10 plaques n\u00b0 2<\/p>\n","protected":false},"featured_media":32267,"template":"","meta":[],"product_brand":[],"product_cat":[691],"product_tag":[682,689],"class_list":{"0":"post-32266","1":"product","2":"type-product","3":"status-publish","4":"has-post-thumbnail","6":"product_cat-radiologie-fr","7":"product_tag-ucv2","8":"product_tag-ucv3","9":"pa_formacion-odontologia-fr","11":"first","12":"onbackorder","13":"taxable","14":"shipping-taxable","15":"purchasable","16":"product-type-simple"},"yoast_head":"<!-- This site is optimized with the Yoast SEO Premium plugin v27.0 (Yoast SEO v27.2) - https:\/\/yoast.com\/product\/yoast-seo-premium-wordpress\/ -->\n<title>FILM DE RADIODIAGNOSTIC MANUEL - yoestudiosalud.es el dep\u00f3sito dental<\/title>\n<meta name=\"description\" content=\"Film de radiodiagnostic manuel \u00e0 rayons X, recto-verso, sans film, \u00e0 haute sensibilit\u00e9 (classe ISO E) Contient 10 plaques n\u00b0 2\" \/>\n<meta name=\"robots\" content=\"index, follow, max-snippet:-1, max-image-preview:large, max-video-preview:-1\" \/>\n<link rel=\"canonical\" href=\"https:\/\/yoestudiosalud.es\/produit\/radiografias-manuales\/\" \/>\n<meta property=\"og:locale\" content=\"fr_FR\" \/>\n<meta property=\"og:type\" content=\"article\" \/>\n<meta property=\"og:title\" content=\"FILM DE RADIODIAGNOSTIC MANUEL\" \/>\n<meta property=\"og:description\" content=\"Film de radiodiagnostic manuel \u00e0 rayons X, recto-verso, sans film, \u00e0 haute sensibilit\u00e9 (classe ISO E) Contient 10 plaques n\u00b0 2\" \/>\n<meta property=\"og:url\" content=\"https:\/\/yoestudiosalud.es\/produit\/radiografias-manuales\/\" \/>\n<meta property=\"og:site_name\" content=\"yoestudiosalud.es\" \/>\n<meta property=\"article:modified_time\" content=\"2025-07-02T12:25:18+00:00\" \/>\n<meta property=\"og:image\" content=\"https:\/\/yoestudiosalud.es\/wp-content\/uploads\/2022\/06\/003894.jpg\" \/>\n\t<meta property=\"og:image:width\" content=\"650\" \/>\n\t<meta property=\"og:image:height\" content=\"650\" \/>\n\t<meta property=\"og:image:type\" content=\"image\/jpeg\" \/>\n<meta name=\"twitter:card\" content=\"summary_large_image\" \/>\n<script type=\"application\/ld+json\" class=\"yoast-schema-graph\">{\"@context\":\"https:\/\/schema.org\",\"@graph\":[{\"@type\":\"WebPage\",\"@id\":\"https:\/\/yoestudiosalud.es\/produit\/radiografias-manuales\/\",\"url\":\"https:\/\/yoestudiosalud.es\/produit\/radiografias-manuales\/\",\"name\":\"FILM DE RADIODIAGNOSTIC MANUEL - yoestudiosalud.es el dep\u00f3sito dental\",\"isPartOf\":{\"@id\":\"https:\/\/yoestudiosalud.es\/en\/#website\"},\"primaryImageOfPage\":{\"@id\":\"https:\/\/yoestudiosalud.es\/produit\/radiografias-manuales\/#primaryimage\"},\"image\":{\"@id\":\"https:\/\/yoestudiosalud.es\/produit\/radiografias-manuales\/#primaryimage\"},\"thumbnailUrl\":\"https:\/\/yoestudiosalud.es\/wp-content\/uploads\/2022\/06\/003894.jpg\",\"datePublished\":\"2022-06-08T10:35:28+00:00\",\"dateModified\":\"2025-07-02T12:25:18+00:00\",\"description\":\"Film de radiodiagnostic manuel \u00e0 rayons X, recto-verso, sans film, \u00e0 haute sensibilit\u00e9 (classe ISO E) Contient 10 plaques n\u00b0 2\",\"breadcrumb\":{\"@id\":\"https:\/\/yoestudiosalud.es\/produit\/radiografias-manuales\/#breadcrumb\"},\"inLanguage\":\"fr-FR\",\"potentialAction\":[{\"@type\":\"ReadAction\",\"target\":[\"https:\/\/yoestudiosalud.es\/produit\/radiografias-manuales\/\"]}]},{\"@type\":\"ImageObject\",\"inLanguage\":\"fr-FR\",\"@id\":\"https:\/\/yoestudiosalud.es\/produit\/radiografias-manuales\/#primaryimage\",\"url\":\"https:\/\/yoestudiosalud.es\/wp-content\/uploads\/2022\/06\/003894.jpg\",\"contentUrl\":\"https:\/\/yoestudiosalud.es\/wp-content\/uploads\/2022\/06\/003894.jpg\",\"width\":650,\"height\":650,\"caption\":\"FILM DE RADIODIAGNOSTIC MANUEL\"},{\"@type\":\"BreadcrumbList\",\"@id\":\"https:\/\/yoestudiosalud.es\/produit\/radiografias-manuales\/#breadcrumb\",\"itemListElement\":[{\"@type\":\"ListItem\",\"position\":1,\"name\":\"Portada\",\"item\":\"https:\/\/yoestudiosalud.es\/fr\/\"},{\"@type\":\"ListItem\",\"position\":2,\"name\":\"Boutique\",\"item\":\"https:\/\/yoestudiosalud.es\/fr\/boutique\/\"},{\"@type\":\"ListItem\",\"position\":3,\"name\":\"FILM DE RADIODIAGNOSTIC MANUEL\"}]},{\"@type\":\"WebSite\",\"@id\":\"https:\/\/yoestudiosalud.es\/en\/#website\",\"url\":\"https:\/\/yoestudiosalud.es\/en\/\",\"name\":\"yoestudiosalud.es\",\"description\":\"Material para estudiantes del sector salud\",\"publisher\":{\"@id\":\"https:\/\/yoestudiosalud.es\/en\/#organization\"},\"potentialAction\":[{\"@type\":\"SearchAction\",\"target\":{\"@type\":\"EntryPoint\",\"urlTemplate\":\"https:\/\/yoestudiosalud.es\/en\/?s={search_term_string}\"},\"query-input\":{\"@type\":\"PropertyValueSpecification\",\"valueRequired\":true,\"valueName\":\"search_term_string\"}}],\"inLanguage\":\"fr-FR\"},{\"@type\":\"Organization\",\"@id\":\"https:\/\/yoestudiosalud.es\/en\/#organization\",\"name\":\"yoestudiosalud.es\",\"url\":\"https:\/\/yoestudiosalud.es\/en\/\",\"logo\":{\"@type\":\"ImageObject\",\"inLanguage\":\"fr-FR\",\"@id\":\"https:\/\/yoestudiosalud.es\/en\/#\/schema\/logo\/image\/\",\"url\":\"https:\/\/yoestudiosalud.es\/wp-content\/uploads\/2020\/04\/logonew-e1698080827687.png\",\"contentUrl\":\"https:\/\/yoestudiosalud.es\/wp-content\/uploads\/2020\/04\/logonew-e1698080827687.png\",\"width\":421,\"height\":393,\"caption\":\"yoestudiosalud.es\"},\"image\":{\"@id\":\"https:\/\/yoestudiosalud.es\/en\/#\/schema\/logo\/image\/\"}}]}<\/script>\n<!-- \/ Yoast SEO Premium plugin. -->","yoast_head_json":{"title":"FILM DE RADIODIAGNOSTIC MANUEL - yoestudiosalud.es el dep\u00f3sito dental","description":"Film de radiodiagnostic manuel \u00e0 rayons X, recto-verso, sans film, \u00e0 haute sensibilit\u00e9 (classe ISO E) Contient 10 plaques n\u00b0 2","robots":{"index":"index","follow":"follow","max-snippet":"max-snippet:-1","max-image-preview":"max-image-preview:large","max-video-preview":"max-video-preview:-1"},"canonical":"https:\/\/yoestudiosalud.es\/produit\/radiografias-manuales\/","og_locale":"fr_FR","og_type":"article","og_title":"FILM DE RADIODIAGNOSTIC MANUEL","og_description":"Film de radiodiagnostic manuel \u00e0 rayons X, recto-verso, sans film, \u00e0 haute sensibilit\u00e9 (classe ISO E) Contient 10 plaques n\u00b0 2","og_url":"https:\/\/yoestudiosalud.es\/produit\/radiografias-manuales\/","og_site_name":"yoestudiosalud.es","article_modified_time":"2025-07-02T12:25:18+00:00","og_image":[{"width":650,"height":650,"url":"https:\/\/yoestudiosalud.es\/wp-content\/uploads\/2022\/06\/003894.jpg","type":"image\/jpeg"}],"twitter_card":"summary_large_image","schema":{"@context":"https:\/\/schema.org","@graph":[{"@type":"WebPage","@id":"https:\/\/yoestudiosalud.es\/produit\/radiografias-manuales\/","url":"https:\/\/yoestudiosalud.es\/produit\/radiografias-manuales\/","name":"FILM DE RADIODIAGNOSTIC MANUEL - yoestudiosalud.es el dep\u00f3sito dental","isPartOf":{"@id":"https:\/\/yoestudiosalud.es\/en\/#website"},"primaryImageOfPage":{"@id":"https:\/\/yoestudiosalud.es\/produit\/radiografias-manuales\/#primaryimage"},"image":{"@id":"https:\/\/yoestudiosalud.es\/produit\/radiografias-manuales\/#primaryimage"},"thumbnailUrl":"https:\/\/yoestudiosalud.es\/wp-content\/uploads\/2022\/06\/003894.jpg","datePublished":"2022-06-08T10:35:28+00:00","dateModified":"2025-07-02T12:25:18+00:00","description":"Film de radiodiagnostic manuel \u00e0 rayons X, recto-verso, sans film, \u00e0 haute sensibilit\u00e9 (classe ISO E) Contient 10 plaques n\u00b0 2","breadcrumb":{"@id":"https:\/\/yoestudiosalud.es\/produit\/radiografias-manuales\/#breadcrumb"},"inLanguage":"fr-FR","potentialAction":[{"@type":"ReadAction","target":["https:\/\/yoestudiosalud.es\/produit\/radiografias-manuales\/"]}]},{"@type":"ImageObject","inLanguage":"fr-FR","@id":"https:\/\/yoestudiosalud.es\/produit\/radiografias-manuales\/#primaryimage","url":"https:\/\/yoestudiosalud.es\/wp-content\/uploads\/2022\/06\/003894.jpg","contentUrl":"https:\/\/yoestudiosalud.es\/wp-content\/uploads\/2022\/06\/003894.jpg","width":650,"height":650,"caption":"FILM DE RADIODIAGNOSTIC MANUEL"},{"@type":"BreadcrumbList","@id":"https:\/\/yoestudiosalud.es\/produit\/radiografias-manuales\/#breadcrumb","itemListElement":[{"@type":"ListItem","position":1,"name":"Portada","item":"https:\/\/yoestudiosalud.es\/fr\/"},{"@type":"ListItem","position":2,"name":"Boutique","item":"https:\/\/yoestudiosalud.es\/fr\/boutique\/"},{"@type":"ListItem","position":3,"name":"FILM DE RADIODIAGNOSTIC MANUEL"}]},{"@type":"WebSite","@id":"https:\/\/yoestudiosalud.es\/en\/#website","url":"https:\/\/yoestudiosalud.es\/en\/","name":"yoestudiosalud.es","description":"Material para estudiantes del sector salud","publisher":{"@id":"https:\/\/yoestudiosalud.es\/en\/#organization"},"potentialAction":[{"@type":"SearchAction","target":{"@type":"EntryPoint","urlTemplate":"https:\/\/yoestudiosalud.es\/en\/?s={search_term_string}"},"query-input":{"@type":"PropertyValueSpecification","valueRequired":true,"valueName":"search_term_string"}}],"inLanguage":"fr-FR"},{"@type":"Organization","@id":"https:\/\/yoestudiosalud.es\/en\/#organization","name":"yoestudiosalud.es","url":"https:\/\/yoestudiosalud.es\/en\/","logo":{"@type":"ImageObject","inLanguage":"fr-FR","@id":"https:\/\/yoestudiosalud.es\/en\/#\/schema\/logo\/image\/","url":"https:\/\/yoestudiosalud.es\/wp-content\/uploads\/2020\/04\/logonew-e1698080827687.png","contentUrl":"https:\/\/yoestudiosalud.es\/wp-content\/uploads\/2020\/04\/logonew-e1698080827687.png","width":421,"height":393,"caption":"yoestudiosalud.es"},"image":{"@id":"https:\/\/yoestudiosalud.es\/en\/#\/schema\/logo\/image\/"}}]}},"_links":{"self":[{"href":"https:\/\/yoestudiosalud.es\/fr\/wp-json\/wp\/v2\/product\/32266","targetHints":{"allow":["GET"]}}],"collection":[{"href":"https:\/\/yoestudiosalud.es\/fr\/wp-json\/wp\/v2\/product"}],"about":[{"href":"https:\/\/yoestudiosalud.es\/fr\/wp-json\/wp\/v2\/types\/product"}],"wp:featuredmedia":[{"embeddable":true,"href":"https:\/\/yoestudiosalud.es\/fr\/wp-json\/wp\/v2\/media\/32267"}],"wp:attachment":[{"href":"https:\/\/yoestudiosalud.es\/fr\/wp-json\/wp\/v2\/media?parent=32266"}],"wp:term":[{"taxonomy":"product_brand","embeddable":true,"href":"https:\/\/yoestudiosalud.es\/fr\/wp-json\/wp\/v2\/product_brand?post=32266"},{"taxonomy":"product_cat","embeddable":true,"href":"https:\/\/yoestudiosalud.es\/fr\/wp-json\/wp\/v2\/product_cat?post=32266"},{"taxonomy":"product_tag","embeddable":true,"href":"https:\/\/yoestudiosalud.es\/fr\/wp-json\/wp\/v2\/product_tag?post=32266"}],"curies":[{"name":"wp","href":"https:\/\/api.w.org\/{rel}","templated":true}]}}